{"id":19614,"date":"2025-04-07T06:57:27","date_gmt":"2025-04-07T06:57:27","guid":{"rendered":"https:\/\/www.hydraulic-cylinders.net\/product\/boom-cylinder-for-volwa-large-excavator-dls330-8b\/"},"modified":"2025-04-07T06:57:29","modified_gmt":"2025-04-07T06:57:29","slug":"boom-cylinder-for-volwa-large-excavator-dls330-8b","status":"publish","type":"product","link":"https:\/\/www.hydraulic-cylinders.net\/tr\/urun\/boom-cylinder-for-volwa-large-excavator-dls330-8b\/","title":{"rendered":"Volwa B\u00fcy\u00fck Ekskavat\u00f6r DLS330-8B i\u00e7in Bom Silindiri"},"content":{"rendered":"<h1>Volwa B\u00fcy\u00fck Ekskavat\u00f6r DLS330-8B i\u00e7in Bom Silindiri<\/h1>\n<h2>\u00dcr\u00fcn Genel Bak\u0131\u015f\u0131<\/h2>\n<p>The <strong>Volwa B\u00fcy\u00fck Ekskavat\u00f6r DLS330-8B i\u00e7in Bom Silindiri<\/strong> Ekskavat\u00f6rlerin hidrolik sisteminde \u00f6nemli bir bile\u015fendir. \u00d6zellikle \u00e7e\u015fitli a\u011f\u0131r makine g\u00f6revleri i\u00e7in hayati \u00f6nem ta\u015f\u0131yan bomun hareketini kontrol etmek \u00fczere tasarlanm\u0131\u015ft\u0131r. Bom silindiri, bomun kalkmas\u0131n\u0131, al\u00e7almas\u0131n\u0131 ve e\u011filmesini sa\u011flamak i\u00e7in hidrolik s\u0131v\u0131y\u0131 y\u00f6nlendirerek \u00e7al\u0131\u015f\u0131r ve verimli malzeme ta\u015f\u0131may\u0131 kolayla\u015ft\u0131r\u0131r. Bu hidrolik silindir tipi, ekskavat\u00f6rler, kaz\u0131c\u0131 y\u00fckleyiciler ve \u00f6n y\u00fckleyiciler gibi ekipmanlarda hayati \u00f6neme sahiptir ve kazma ve malzeme ta\u015f\u0131ma gibi i\u015flemleri ger\u00e7ekle\u015ftirmelerini sa\u011flar.<\/p>\n<p><img decoding=\"async\" src=\"https:\/\/www.hydraulic-cylinders.net\/wp-content\/uploads\/2025\/04\/songte-company-1.webp\" alt=\"Ekskavat\u00f6rler i\u00e7in Bom Silindiri\" \/><\/p>\n<h2>Bom Silindirinin \u00d6zellikleri<\/h2>\n<ul>\n<li><strong>Y\u00fcksek Dayan\u0131kl\u0131l\u0131k ve Dayan\u0131kl\u0131l\u0131k:<\/strong> Y\u00fcksek mukavemetli \u00e7elik veya al\u00fcminyumdan \u00fcretilen bu silindirler, y\u00fcksek bas\u0131nca ve a\u011f\u0131r y\u00fcklere dayanabilir, bu da onlar\u0131 zorlu \u00e7al\u0131\u015fma ortamlar\u0131 i\u00e7in uygun hale getirir.<\/li>\n<li><strong>Verimli Hidrolik \u00c7al\u0131\u015fma:<\/strong> Bom silindiri, hidrolik ya\u011f bas\u0131nc\u0131 kullanarak sorunsuz uzatma ve geri \u00e7ekme imkan\u0131 sa\u011flar, operasyonel komutlara h\u0131zl\u0131 yan\u0131t verir ve g\u00fc\u00e7l\u00fc itme ve \u00e7ekme kuvvetleri sunar.<\/li>\n<li><strong>\u00c7e\u015fitli Se\u00e7enekler:<\/strong> Tek y\u00f6nl\u00fc (tek y\u00f6nde \u00e7al\u0131\u015fan) veya \u00e7ift y\u00f6nl\u00fc (iki y\u00f6nde \u00e7al\u0131\u015fan) konfig\u00fcrasyonlarda mevcuttur; baz\u0131 modellerde d\u0131\u015f boyutlar\u0131 art\u0131rmadan daha uzun eri\u015fim i\u00e7in teleskopik tasar\u0131mlar bulunur.<\/li>\n<li><strong>A\u015f\u0131nma ve Korozyon Direnci:<\/strong> A\u015f\u0131nmaya ve korozyona dayan\u0131kl\u0131 malzemelerle tasarlanan bu \u00fcr\u00fcn, zorlu ko\u015fullarda bile uzun \u00f6m\u00fcrl\u00fc kullan\u0131m sa\u011flar.<\/li>\n<li><strong>\u00d6zelle\u015ftirilebilir \u00c7\u00f6z\u00fcmler:<\/strong> Orijinal ekipman\u0131n yerine m\u00fckemmel \u015fekilde ge\u00e7ecek \u015fekilde bu hidrolik silindirleri \u00fcretebiliyoruz; bu da uyumluluk ve optimum performans sa\u011fl\u0131yor.<\/li>\n<\/ul>\n<p><img decoding=\"async\" src=\"https:\/\/www.hydraulic-cylinders.net\/wp-content\/uploads\/2025\/04\/songte-cylinder-head-with-all-kinds-excavator-models.webp\" alt=\"Ekskavat\u00f6r Modelleri\" \/><\/p>\n<h2>Bom Silindirinin Uygulamalar\u0131<\/h2>\n<h3>\u0130n\u015faat Ekipmanlar\u0131<\/h3>\n<p>Ekskavat\u00f6rlerde, bom silindiri kazma, y\u00fckleme ve toprak veya moloz ta\u015f\u0131ma i\u015flemlerinde kritik \u00f6neme sahiptir. Operat\u00f6rlerin makineyi etkili bir \u015fekilde manevra ettirmesine, hendek a\u00e7ma ve saha haz\u0131rl\u0131\u011f\u0131 gibi g\u00f6revleri yerine getirmesine olanak tan\u0131r. Kaz\u0131c\u0131 y\u00fckleyicilerde ise bom silindiri hem kazma hem de kald\u0131rma i\u015flemlerine yard\u0131mc\u0131 olarak in\u015faat ve kaz\u0131 projeleri i\u00e7in vazge\u00e7ilmez hale gelir.<\/p>\n<h3>Tar\u0131m Makinalar\u0131<\/h3>\n<p>Bom silindiri ayr\u0131ca toprak, saman ve di\u011fer malzemelerin kep\u00e7elenmesi, kald\u0131r\u0131lmas\u0131 ve ta\u015f\u0131nmas\u0131 i\u00e7in \u00f6n y\u00fckleyicilerde de kullan\u0131l\u0131r. Bu makineler, tar\u0131msal i\u015flerde verimlili\u011fi art\u0131rmak ve y\u00fckleme ve bo\u015faltma faaliyetlerinde verimli \u00e7al\u0131\u015fmay\u0131 sa\u011flamak i\u00e7in g\u00fcvenilir hidrolik sistemlere ihtiya\u00e7 duyar.<\/p>\n<h3>Ekskavat\u00f6rler<\/h3>\n<p>Ekskavat\u00f6rlerde, bom silindiri kep\u00e7enin zemine etkili bir \u015fekilde n\u00fcfuz etmesini sa\u011flayarak toprak kaz\u0131s\u0131n\u0131 kolayla\u015ft\u0131r\u0131r. Hidrolik sistemin sundu\u011fu g\u00fc\u00e7 ve kontrol, \u00e7e\u015fitli in\u015faat projeleri i\u00e7in hayati \u00f6nem ta\u015f\u0131yan hassas kaz\u0131 yap\u0131lmas\u0131na olanak tan\u0131r.<\/p>\n<h3>Y\u00fckleyiciler<\/h3>\n<p>\u00d6n y\u00fckleyicilerde, malzemelerin verimli bir \u015fekilde kald\u0131r\u0131lmas\u0131na ve bo\u015falt\u0131lmas\u0131na yard\u0131mc\u0131 olurlar. Hidrolik bom hareketi, operat\u00f6rlerin b\u00fcy\u00fck y\u00fckleri h\u0131zl\u0131 ve g\u00fcvenli bir \u015fekilde ta\u015f\u0131mas\u0131n\u0131 sa\u011flar; bu da in\u015faat ve malzeme ta\u015f\u0131ma i\u015flemleri i\u00e7in hayati \u00f6nem ta\u015f\u0131r.<\/p>\n<h2>Tasar\u0131m Hususlar\u0131 ve Se\u00e7im Kriterleri<\/h2>\n<h3>Y\u00fck Kapasitesi<\/h3>\n<p>When selecting a boom cylinder, understanding its load capacity is crucial. A properly rated cylinder ensures that it can lift and move the required weight without failure. Load capacity is determined by the cylinder&#8217;s size, material, and design. A cylinder that exceeds its load limit risks catastrophic failure, resulting in equipment damage and safety hazards.<\/p>\n<h3>S\u0131zd\u0131rmazl\u0131k<\/h3>\n<p>Hidrolik silindirin b\u00fct\u00fcnl\u00fc\u011f\u00fcn\u00fc korumak i\u00e7in s\u0131zd\u0131rmazl\u0131k \u015fartt\u0131r. Etkili s\u0131zd\u0131rmazl\u0131k, hidrolik s\u0131v\u0131 s\u0131z\u0131nt\u0131lar\u0131n\u0131 \u00f6nleyerek verimli \u00e7al\u0131\u015fmay\u0131 sa\u011flar ve bak\u0131m maliyetlerini d\u00fc\u015f\u00fcr\u00fcr. Y\u00fcksek bas\u0131nca ve a\u015f\u0131nmaya dayanacak \u015fekilde poli\u00fcretan ve nitril kau\u00e7uk gibi y\u00fcksek kaliteli s\u0131zd\u0131rmazl\u0131k malzemeleri kullan\u0131l\u0131r. Do\u011fru s\u0131zd\u0131rmazl\u0131k, silindirin kullan\u0131m \u00f6mr\u00fc boyunca etkili bir \u015fekilde \u00e7al\u0131\u015fmas\u0131n\u0131 garanti eder.<\/p>\n<h3>Dayan\u0131kl\u0131l\u0131k<\/h3>\n<p>The durability of the boom cylinder is paramount, especially in demanding environments. A durable cylinder is constructed from robust materials designed to resist wear and corrosion. Regular assessments of the cylinder&#8217;s condition can prevent premature failure and costly repairs, making durability a key factor in selection.<\/p>\n<h3>Emniyet<\/h3>\n<p>Hidrolik silindirlerde a\u015f\u0131r\u0131 y\u00fck korumas\u0131 ve etkili bas\u0131n\u00e7 tahliye sistemleri gibi g\u00fcvenlik \u00f6zellikleri \u00e7ok \u00f6nemlidir. Bu \u00f6zellikler, \u00e7al\u0131\u015fma s\u0131ras\u0131nda kazalar\u0131 ve ekipman hasar\u0131n\u0131 \u00f6nlemeye yard\u0131mc\u0131 olur. Dahili g\u00fcvenlik \u00f6nlemlerine sahip bir silindir se\u00e7mek, operat\u00f6rlerin g\u00fcvenle ve emniyetle \u00e7al\u0131\u015fabilmelerini sa\u011flar.<\/p>\n<h3>Bak\u0131m kolayl\u0131\u011f\u0131<\/h3>\n<p>Kolay bak\u0131m da bir di\u011fer tasar\u0131m unsurudur. Basit incelemelere ve contalar\u0131n ve bile\u015fenlerin zaman\u0131nda de\u011fi\u015ftirilmesine olanak tan\u0131yan \u00fcr\u00fcnler, \u00e7al\u0131\u015fma \u00f6mr\u00fcn\u00fc uzat\u0131r. \u0130yi tasarlanm\u0131\u015f bir hidrolik silindir, ar\u0131za s\u00fcresini en aza indirerek ekipman\u0131n uzun s\u00fcre \u00e7al\u0131\u015f\u0131r durumda kalmas\u0131n\u0131 sa\u011flar.<\/p>\n<p><img decoding=\"async\" src=\"https:\/\/www.hydraulic-cylinders.net\/wp-content\/uploads\/2025\/04\/songte-oil-pipes-and-spare-parts.webp\" alt=\"Hidrolik Borular ve Yedek Par\u00e7alar\" \/><\/p>\n<h2>Hidrolik Silindirin S\u0131zd\u0131rmazl\u0131\u011f\u0131 ve Ya\u011flanmas\u0131<\/h2>\n<p>Bom silindirinin g\u00fcvenilirli\u011fi b\u00fcy\u00fck \u00f6l\u00e7\u00fcde s\u0131zd\u0131rmazl\u0131k ve ya\u011flama kalitesine ba\u011fl\u0131d\u0131r. Piston contalar\u0131 ve mil contalar\u0131 gibi \u00e7e\u015fitli contalar s\u0131v\u0131 s\u0131z\u0131nt\u0131s\u0131n\u0131 \u00f6nlemek i\u00e7in kullan\u0131l\u0131r. Poli\u00fcretan ve nitril kau\u00e7uk gibi malzemelerden yap\u0131lan contalar dayan\u0131kl\u0131l\u0131klar\u0131 ve a\u015f\u0131nmaya kar\u015f\u0131 diren\u00e7leri nedeniyle tercih edilir. Silindir g\u00f6vdesi ve di\u015fli u\u00e7 y\u00fczeyleri, a\u015f\u0131nma direncini art\u0131rmak i\u00e7in hassas i\u015fleme s\u00fcre\u00e7lerinden ge\u00e7er.<\/p>\n<p>Silindir performans\u0131n\u0131 korumak i\u00e7in hidrolik ya\u011f ile d\u00fczenli ya\u011flama gereklidir. Bu ya\u011flama, hareketli par\u00e7alardaki a\u015f\u0131nmay\u0131 en aza indirmekle kalmaz, ayn\u0131 zamanda korozyona ve a\u015f\u0131r\u0131 \u0131s\u0131nmaya kar\u015f\u0131 da koruma sa\u011flar. Do\u011fru ya\u011flama uygulamalar\u0131, hidrolik sistemin uzun \u00f6m\u00fcrl\u00fc ve verimli \u00e7al\u0131\u015fmas\u0131n\u0131 sa\u011flar.<\/p>\n<h2>\u00d6nleyici Bak\u0131m \u00d6nlemleri<\/h2>\n<ul>\n<li><strong>D\u00fczenli Denetimler:<\/strong> Silindiri d\u00fczenli olarak a\u015f\u0131nma, s\u0131z\u0131nt\u0131 veya hasar belirtileri a\u00e7\u0131s\u0131ndan kontrol edin. Sorunlar\u0131n erken tespiti, felaketle sonu\u00e7lanabilecek ar\u0131zalar\u0131 \u00f6nleyebilir.<\/li>\n<li><strong>Uygun Ya\u011flama:<\/strong> Silindirin \u00f6nerilen hidrolik ya\u011f ile yeterince ya\u011fland\u0131\u011f\u0131ndan emin olun; yetersiz ya\u011flama a\u015f\u0131nma ve y\u0131pranman\u0131n artmas\u0131na yol a\u00e7abilir.<\/li>\n<li><strong>Conta De\u011fi\u015fimleri:<\/strong> Performans\u0131 korumak ve s\u0131z\u0131nt\u0131y\u0131 \u00f6nlemek i\u00e7in contalar\u0131 d\u00fczenli olarak kontrol edin ve gerekti\u011finde de\u011fi\u015ftirin.<\/li>\n<\/ul>\n<h2>Kurulum Talimatlar\u0131<\/h2>\n<p>Bom silindirinin do\u011fru \u015fekilde tak\u0131lmas\u0131, optimum performans i\u00e7in \u00e7ok \u00f6nemlidir. \u00d6ncelikle t\u00fcm bile\u015fenlerin temiz ve kal\u0131nt\u0131lardan ar\u0131nd\u0131r\u0131lm\u0131\u015f oldu\u011fundan emin olun. Yanl\u0131\u015f hizalamay\u0131 \u00f6nlemek ve erken a\u015f\u0131nmay\u0131 engellemek i\u00e7in silindiri montaj noktalar\u0131yla do\u011fru \u015fekilde hizalay\u0131n. \u00c7al\u0131\u015fma s\u0131ras\u0131nda stabilite sa\u011flamak i\u00e7in silindiri yerinde sabitlemek \u00fczere uygun montaj braketleri kullan\u0131n.<\/p>\n<p>Montaj\u0131 tamamlamadan \u00f6nce, t\u00fcm ba\u011flant\u0131lar\u0131n s\u0131k\u0131 ve g\u00fcvenli oldu\u011fundan emin olmak i\u00e7in tekrar kontrol edin. Montajdan sonra, silindirin do\u011fru \u00e7al\u0131\u015ft\u0131\u011f\u0131n\u0131 do\u011frulamak i\u00e7in normal \u00e7al\u0131\u015fma ko\u015fullar\u0131nda test edin. \u00c7al\u0131\u015fma sorunlar\u0131n\u0131 \u00f6nlemek i\u00e7in gerekli ayarlamalar derhal yap\u0131lmal\u0131d\u0131r.<\/p>\n<h2>Yayg\u0131n Bak\u0131m G\u00f6revleri<\/h2>\n<h3>D\u00fczenli Denetimler<\/h3>\n<p>Olas\u0131 sorunlar\u0131 erken tespit etmek i\u00e7in d\u00fczenli kontroller yap\u0131n. A\u015f\u0131nma, korozyon veya s\u0131z\u0131nt\u0131 belirtilerine dikkat edin ve uzun vadeli hasar\u0131 \u00f6nlemek i\u00e7in bunlar\u0131 derhal giderin.<\/p>\n<h3>Uygun Ya\u011flama<\/h3>\n<p>Uygun ya\u011flama seviyelerinin korunmas\u0131 hayati \u00f6nem ta\u015f\u0131r. Sorunsuz \u00e7al\u0131\u015fma sa\u011flamak i\u00e7in \u00fcreticinin \u00f6nerdi\u011fi hidrolik ya\u011f\u0131 kullan\u0131n ve belirtilen aral\u0131klarla uygulay\u0131n.<\/p>\n<h3>Conta De\u011fi\u015fimi ve Kalibrasyon Kontrol\u00fc<\/h3>\n<p>Hidrolik verimlili\u011fin korunmas\u0131 i\u00e7in contalar\u0131n de\u011fi\u015ftirilmesi gereklidir. Do\u011fru \u00e7al\u0131\u015fmay\u0131 sa\u011flamak i\u00e7in conta de\u011fi\u015fimi i\u00e7in bir programa uyun ve silindirin kalibrasyonunu periyodik olarak kontrol edin.<\/p>\n<p><img decoding=\"async\" src=\"https:\/\/www.hydraulic-cylinders.net\/wp-content\/uploads\/2025\/04\/songte-chushion-collar.webp\" alt=\"Hidrolik Sistemler i\u00e7in Yast\u0131k Yakas\u0131\" \/><\/p>\n<h2>G\u00fcvenlik Hususlar\u0131 ve \u00c7evresel Fakt\u00f6rler<\/h2>\n<p>Hidrolik sistemlerle \u00e7al\u0131\u015f\u0131rken g\u00fcvenlik \u00f6nlemlerine uyulmas\u0131 \u00e7ok \u00f6nemlidir. Hidrolik i\u015flemlerine ili\u015fkin do\u011fru e\u011fitim, operat\u00f6rlerin ekipman\u0131 g\u00fcvenli bir \u015fekilde kullanabilmesini sa\u011flar. Ayr\u0131ca, hidrolik silindirlerin sorumlu bir \u015fekilde kullan\u0131lmas\u0131 \u00e7evresel etkileri en aza indirir. \u00c7evreyi korumak i\u00e7in hidrolik s\u0131v\u0131lar\u0131n ve di\u011fer malzemelerin uygun \u015fekilde bertaraf edilmesini sa\u011flay\u0131n.<\/p>\n<h2>Sorun Giderme ve Yayg\u0131n Sorunlar<\/h2>\n<ul>\n<li><strong>S\u0131zd\u0131ran Contalar:<\/strong> S\u0131z\u0131nt\u0131 meydana gelirse, contalar\u0131 a\u015f\u0131nma veya hasar a\u00e7\u0131s\u0131ndan kontrol edin ve gerekirse de\u011fi\u015ftirin.<\/li>\n<li><strong>D\u00fc\u015f\u00fck Performans:<\/strong> Silindir d\u00fczg\u00fcn \u00e7al\u0131\u015fm\u0131yorsa, ya\u011flama seviyelerini ve hidrolik s\u0131v\u0131 kalitesini kontrol edin.<\/li>\n<li><strong>Al\u0131\u015f\u0131lmad\u0131k Sesler:<\/strong> Ola\u011fand\u0131\u015f\u0131 sesler, i\u00e7 hasara veya bak\u0131m ihtiyac\u0131na i\u015faret edebilir; bu nedenle kapsaml\u0131 bir inceleme yap\u0131n.<\/li>\n<\/ul>\n<h2>Te\u015fhis ve \u00c7\u00f6z\u00fcmler<\/h2>\n<p>Sorunlar\u0131 etkili bir \u015fekilde gidermek i\u00e7in \u00f6ncelikle belirtileri belirleyin: a\u015f\u0131nma belirtileri, beklenmedik sesler veya performans d\u00fc\u015f\u00fc\u015fleri. Contalar, ya\u011flama ve hidrolik s\u0131v\u0131 seviyelerine odaklanarak sistematik bir inceleme yap\u0131n. Riskleri azaltmak ve bom silindirinin \u00f6mr\u00fcn\u00fc uzatmak i\u00e7in d\u00fczenli bak\u0131m ve incelemeler gibi \u00f6nleyici tedbirler uygulay\u0131n.<\/p>\n<p><img decoding=\"async\" src=\"https:\/\/www.hydraulic-cylinders.net\/wp-content\/uploads\/2025\/04\/songte-bushings-with-all-kinds-of-excavator-models.webp\" alt=\"Ekskavat\u00f6r Modelleri i\u00e7in Bur\u00e7lar\" \/><\/p>\n<h2>\u015eirketimiz Hakk\u0131nda<\/h2>\n<p>\u00d6nde gelen yedek hidrolik silindir \u00fcreticisi olarak, \u00e7e\u015fitli pazar ihtiya\u00e7lar\u0131n\u0131 kar\u015f\u0131layan kapsaml\u0131 bir \u00fcr\u00fcn yelpazesi sunuyoruz. Ola\u011fan\u00fcst\u00fc kaliteye ve hassas \u00fcretim stratejilerine odaklanmam\u0131z, bizi hem yerel hem de uluslararas\u0131 pazarlarda en iyi rakiplerden biri haline getiriyor. \u00dcretim kapasitemizi art\u0131rmak ve y\u00fcksek standartlar\u0131 sa\u011flamak i\u00e7in geli\u015fmi\u015f teknolojilerden, yetenekli profesyonellerden ve sa\u011flam bir kalite g\u00fcvence sisteminden yararlan\u0131yoruz.<\/p>\n<p>M\u00fc\u015fteri memnuniyetine olan ba\u011fl\u0131l\u0131\u011f\u0131m\u0131z, \u00f6zelle\u015ftirilebilir hizmetlerimizde, uluslararas\u0131 sertifikalar\u0131m\u0131zda ve \u00f6zel sat\u0131\u015f sonras\u0131 deste\u011fimizde kendini g\u00f6stermektedir. Hidrolik silindir \u00fcretiminde sekt\u00f6r lideri standartlar\u0131 korurken, m\u00fc\u015fterilerimizin benzersiz gereksinimlerini kar\u015f\u0131lamaya \u00e7al\u0131\u015f\u0131yoruz.<\/p>\n<p><img decoding=\"async\" src=\"https:\/\/www.hydraulic-cylinders.net\/wp-content\/uploads\/2025\/04\/songte-company-4.webp\" alt=\"\u015eirketimiz\" \/><br \/>\n<img decoding=\"async\" src=\"https:\/\/www.hydraulic-cylinders.net\/wp-content\/uploads\/2025\/04\/songte-company-3.webp\" alt=\"\u00dcretim S\u00fcreci\" \/><\/p>\n<p>Yazar: lyl<\/p>","protected":false},"excerpt":{"rendered":"<p>Boom Cylinder For Volwa Large Excavator DLS330-8B Product Overview The Boom Cylinder For Volwa Large Excavator DLS330-8B is an essential component in the hydraulic system of excavators. It is specifically designed to control the movement of the boom, which is crucial for various heavy machinery tasks. A boom cylinder operates by directing hydraulic fluid to [&hellip;]<\/p>","protected":false},"featured_media":17877,"comment_status":"open","ping_status":"closed","template":"","meta":{"_et_pb_use_builder":"","_et_pb_old_content":"","_et_gb_content_width":""},"product_brand":[],"product_cat":[1546],"product_tag":[1547,1496],"class_list":{"0":"post-19614","1":"product","2":"type-product","3":"status-publish","4":"has-post-thumbnail","6":"product_cat-boom-cylinders","7":"product_tag-boom-cylinders","8":"product_tag-hydraulic-cylinders","10":"first","11":"instock","12":"shipping-taxable","13":"product-type-simple"},"amp_enabled":true,"_links":{"self":[{"href":"https:\/\/www.hydraulic-cylinders.net\/tr\/wp-json\/wp\/v2\/product\/19614","targetHints":{"allow":["GET"]}}],"collection":[{"href":"https:\/\/www.hydraulic-cylinders.net\/tr\/wp-json\/wp\/v2\/product"}],"about":[{"href":"https:\/\/www.hydraulic-cylinders.net\/tr\/wp-json\/wp\/v2\/types\/product"}],"replies":[{"embeddable":true,"href":"https:\/\/www.hydraulic-cylinders.net\/tr\/wp-json\/wp\/v2\/comments?post=19614"}],"wp:featuredmedia":[{"embeddable":true,"href":"https:\/\/www.hydraulic-cylinders.net\/tr\/wp-json\/wp\/v2\/media\/17877"}],"wp:attachment":[{"href":"https:\/\/www.hydraulic-cylinders.net\/tr\/wp-json\/wp\/v2\/media?parent=19614"}],"wp:term":[{"taxonomy":"product_brand","embeddable":true,"href":"https:\/\/www.hydraulic-cylinders.net\/tr\/wp-json\/wp\/v2\/product_brand?post=19614"},{"taxonomy":"product_cat","embeddable":true,"href":"https:\/\/www.hydraulic-cylinders.net\/tr\/wp-json\/wp\/v2\/product_cat?post=19614"},{"taxonomy":"product_tag","embeddable":true,"href":"https:\/\/www.hydraulic-cylinders.net\/tr\/wp-json\/wp\/v2\/product_tag?post=19614"}],"curies":[{"name":"wp","href":"https:\/\/api.w.org\/{rel}","templated":true}]}}