{"id":19617,"date":"2025-04-07T06:57:38","date_gmt":"2025-04-07T06:57:38","guid":{"rendered":"https:\/\/www.hydraulic-cylinders.net\/product\/boom-cylinder-for-volwa-wheel-excavator-dls865-9a\/"},"modified":"2025-04-07T06:57:50","modified_gmt":"2025-04-07T06:57:50","slug":"boom-cylinder-for-volwa-wheel-excavator-dls865-9a","status":"publish","type":"product","link":"https:\/\/www.hydraulic-cylinders.net\/tr\/urun\/boom-cylinder-for-volwa-wheel-excavator-dls865-9a\/","title":{"rendered":"Volwa Tekerlekli Ekskavat\u00f6r DLS865-9A i\u00e7in Bom Silindiri"},"content":{"rendered":"<h1>Volwa Tekerlekli Ekskavat\u00f6r DLS865-9A i\u00e7in Bom Silindiri<\/h1>\n<h2>Bom Silindirini Anlamak<\/h2>\n<p>Bom silindiri, ekskavat\u00f6rler, bekolu y\u00fckleyiciler ve \u00f6n y\u00fckleyicilerdeki kep\u00e7elerin hareketini kontrol etmek i\u00e7in \u00f6zel olarak tasarlanm\u0131\u015f, a\u011f\u0131r makinelerin \u00f6nemli bir bile\u015fenidir. Hidrolik silindir olarak s\u0131n\u0131fland\u0131r\u0131l\u0131r ve kep\u00e7enin kald\u0131r\u0131lmas\u0131n\u0131, indirilmesini ve e\u011filmesini sa\u011flayarak \u00e7e\u015fitli malzeme ta\u015f\u0131ma g\u00f6revlerini kolayla\u015ft\u0131r\u0131r. Bu hidrolik silindir, kuvveti aktarmak ve ak\u0131c\u0131 hareket sa\u011flamak i\u00e7in bas\u0131n\u00e7l\u0131 s\u0131v\u0131 kullanan bir hidrolik sistem i\u00e7inde \u00e7al\u0131\u015f\u0131r. Bom silindirinin temel i\u015flevi, kep\u00e7enin \u00e7al\u0131\u015fmas\u0131 i\u00e7in gerekli g\u00fcc\u00fc ve kontrol\u00fc sa\u011flamakt\u0131r ve bu da onu in\u015faat, kaz\u0131 ve tar\u0131mda vazge\u00e7ilmez k\u0131lar.<\/p>\n<p><img decoding=\"async\" src=\"https:\/\/www.hydraulic-cylinders.net\/wp-content\/uploads\/2025\/04\/songte-company-1.webp\" alt=\"Bom Silindiri\"><\/p>\n<h2>Bom Silindirinin \u00d6zellikleri<\/h2>\n<ul>\n<li><strong>Y\u00fcksek Dayan\u0131kl\u0131l\u0131k ve Dayan\u0131kl\u0131l\u0131k:<\/strong> Genellikle y\u00fcksek mukavemetli \u00e7elik veya al\u00fcminyumdan \u00fcretilen bu silindir, y\u00fcksek bas\u0131nca ve a\u011f\u0131r y\u00fcklere dayanabilir ve zorlu \u00e7al\u0131\u015fma ortamlar\u0131 i\u00e7in idealdir. Tasar\u0131m\u0131, a\u015f\u0131nma direnci ve korozyon \u00f6nlemeyi g\u00f6z \u00f6n\u00fcnde bulundurarak \u00f6mr\u00fcn\u00fc \u00f6nemli \u00f6l\u00e7\u00fcde uzat\u0131r.<\/li>\n<li><strong>Verimli Hidrolik \u00c7al\u0131\u015fma:<\/strong> Hidrolik ya\u011f bas\u0131nc\u0131n\u0131 kullanan bom silindiri, sorunsuz geri \u00e7ekme ve uzatma hareketleri sa\u011flar. Kontrol komutlar\u0131na h\u0131zl\u0131 tepki vererek, a\u011f\u0131r malzemeleri ve karma\u015f\u0131k g\u00f6revleri ta\u015f\u0131mak i\u00e7in g\u00fc\u00e7l\u00fc itme ve \u00e7ekme kuvvetleri sa\u011flar.<\/li>\n<li><strong>\u00c7e\u015fitli Tipler Mevcuttur:<\/strong> Se\u00e7enekler aras\u0131nda, farkl\u0131 operasyonel gereksinimleri kar\u015f\u0131layan tek etkili (tek y\u00f6nde \u00e7al\u0131\u015fan) ve \u00e7ift etkili (her iki y\u00f6nde \u00e7al\u0131\u015fan) silindirler bulunur. Baz\u0131 modeller, d\u0131\u015f boyutlar\u0131 art\u0131rmadan daha fazla geni\u015fleme sa\u011flayan teleskopik tasar\u0131ma sahiptir ve alan k\u0131s\u0131tlamas\u0131 olan uygulamalar i\u00e7in m\u00fckemmeldir.<\/li>\n<li><strong>\u00d6zel \u00dcretim:<\/strong> Firmam\u0131z bu silindirleri \u00fcretme konusunda uzmanla\u015fm\u0131\u015f olup, \u00e7e\u015fitli hidrolik silindir modelleri i\u00e7in m\u00fckemmel uyumluluk ve de\u011fi\u015ftirme imkan\u0131 sa\u011flamaktad\u0131r.<\/li>\n<li><strong>\u0130leri Teknoloji:<\/strong> Her bom silindirinin s\u0131k\u0131 kalite ve performans standartlar\u0131n\u0131 kar\u015f\u0131lamas\u0131n\u0131 sa\u011flamak i\u00e7in en son \u00fcretim tekniklerini ve malzemeleri kullan\u0131yoruz.<\/li>\n<\/ul>\n<p><img decoding=\"async\" src=\"https:\/\/www.hydraulic-cylinders.net\/wp-content\/uploads\/2025\/04\/songte-cylinder-head-with-all-kinds-excavator-models.webp\" alt=\"Bom Silindiriyle Uyumlu Ekskavat\u00f6r Modelleri\"><\/p>\n<h2>Bom Silindirinin Uygulamalar\u0131<\/h2>\n<h3>\u0130n\u015faat Ekipmanlar\u0131<\/h3>\n<p>Ekskavat\u00f6rlerde bom silindirleri, kazma, y\u00fckleme ve toprak veya moloz ta\u015f\u0131ma i\u015flemlerinde \u00f6nemli bir rol oynar. Kovan\u0131n hareketini kolayla\u015ft\u0131rarak \u00e7e\u015fitli malzemelerin verimli bir \u015fekilde kaz\u0131lmas\u0131n\u0131 sa\u011flar. Beko-Loderlerde ise bom silindiri, yaln\u0131zca kazmada de\u011fil, kald\u0131rma i\u015flemlerinde de yard\u0131mc\u0131 olarak makinenin \u00e7ok y\u00f6nl\u00fcl\u00fc\u011f\u00fcn\u00fc art\u0131r\u0131r. Kovan\u0131n konumunu hassas bir \u015fekilde kontrol edebilme \u00f6zelli\u011fi, operat\u00f6rlerin g\u00f6revleri hassasiyetle yerine getirmesini sa\u011flayarak kaza riskini en aza indirir ve verimlili\u011fi art\u0131r\u0131r.<\/p>\n<h3>Tar\u0131m Makinalar\u0131<\/h3>\n<p>\u00d6n y\u00fckleyicilerde bom silindirleri, toprak, saman ve di\u011fer malzemeleri kep\u00e7elemek, kald\u0131rmak ve ta\u015f\u0131mak i\u00e7in olmazsa olmazd\u0131r. Bu i\u015flevsellik, malzeme y\u00fckleme ve bo\u015faltma gibi g\u00f6revler i\u00e7in hayati \u00f6nem ta\u015f\u0131r ve bom silindirlerini tar\u0131msal faaliyetlerde hayati bile\u015fenler haline getirir. De\u011fi\u015fken y\u00fckleri kald\u0131rabilme ve hassas hareket kabiliyeti, \u00e7ift\u00e7ilerin ve tar\u0131m i\u015f\u00e7ilerinin g\u00f6revlerini daha verimli bir \u015fekilde tamamlamalar\u0131na yard\u0131mc\u0131 olur.<\/p>\n<h3>Ekskavat\u00f6rler<\/h3>\n<p>Ekskavat\u00f6rlerde bom silindirleri, kaz\u0131 i\u015flemleri s\u0131ras\u0131nda kep\u00e7enin zemine etkili bir \u015fekilde n\u00fcfuz etmesini sa\u011flamaktan sorumludur. Zorlu toprak katmanlar\u0131n\u0131 delmek i\u00e7in gerekli kuvveti sa\u011flayarak daha derin kaz\u0131lara olanak tan\u0131r. Hidrolik sistemin g\u00fcc\u00fc, geli\u015fmi\u015f kazma kabiliyetine d\u00f6n\u00fc\u015ferek ekskavat\u00f6rleri \u00e7e\u015fitli in\u015faat projelerinde daha etkili hale getirir.<\/p>\n<h3>Y\u00fckleyiciler<\/h3>\n<p>\u00d6n y\u00fckleyicilerde bom silindirleri, y\u00fcklerin verimli bir \u015fekilde kald\u0131r\u0131lmas\u0131na ve bo\u015falt\u0131lmas\u0131na yard\u0131mc\u0131 olur. Tasar\u0131mlar\u0131, operat\u00f6rlerin hidrolik sisteme a\u015f\u0131r\u0131 y\u00fck bindirmeden kep\u00e7eyi e\u011fip kald\u0131rabilmelerini sa\u011flayarak sorunsuz bir \u00e7al\u0131\u015fma sa\u011flar. Bu \u00f6zellik, malzemelerin kamyonlara y\u00fcklenmesi veya \u015fantiyelerde verimli bir \u015fekilde ta\u015f\u0131nmas\u0131 gibi g\u00f6revler i\u00e7in kritik \u00f6neme sahiptir.<\/p>\n<h2>Tasar\u0131m Hususlar\u0131 ve Se\u00e7im Kriterleri<\/h2>\n<h3>Y\u00fck Kapasitesi<\/h3>\n<p>Bom silindiri se\u00e7erken y\u00fck kapasitesi kritik bir fakt\u00f6rd\u00fcr. Silindir, operasyonlar s\u0131ras\u0131nda beklenen maksimum y\u00fck\u00fc kald\u0131rabilecek kapasitede olmal\u0131d\u0131r. \u00dcreticiler y\u00fck de\u011ferlerini belirler ve beklenen y\u00fck\u00fc a\u015fan bir silindir se\u00e7mek, g\u00fcvenli ve etkili bir performans sa\u011flayarak sistem ar\u0131zas\u0131 riskini azalt\u0131r.<\/p>\n<h3>S\u0131zd\u0131rmazl\u0131k Mekanizmalar\u0131<\/h3>\n<p>Silindir i\u00e7indeki hidrolik bas\u0131nc\u0131n korunmas\u0131 i\u00e7in etkili s\u0131zd\u0131rmazl\u0131k hayati \u00f6nem ta\u015f\u0131r. Y\u00fcksek kaliteli contalar s\u0131z\u0131nt\u0131lar\u0131 \u00f6nler ve sorunsuz \u00e7al\u0131\u015fmay\u0131 garanti eder. Dayan\u0131kl\u0131l\u0131k ve a\u015f\u0131nma direnci sa\u011flamak i\u00e7in poli\u00fcretan ve nitril kau\u00e7uk gibi \u00e7e\u015fitli s\u0131zd\u0131rmazl\u0131k malzemeleri kullan\u0131l\u0131r. Uygun s\u0131zd\u0131rmazl\u0131k mekanizmalar\u0131 da hidrolik sistemin genel verimlili\u011fine katk\u0131da bulunur.<\/p>\n<h3>Dayan\u0131kl\u0131l\u0131k<\/h3>\n<p>Zorlu ortamlarda \u00e7al\u0131\u015ft\u0131klar\u0131 i\u00e7in bom silindirlerinin tasar\u0131m\u0131nda dayan\u0131kl\u0131l\u0131k esast\u0131r. \u00dcreticiler, uzun \u00f6m\u00fcrl\u00fcl\u00fc\u011f\u00fc art\u0131rmak i\u00e7in sa\u011flam malzemeler ve yenilik\u00e7i tasar\u0131mlar kullan\u0131r. D\u00fczenli kontroller ve bak\u0131m, a\u015f\u0131nma ve y\u0131pranmay\u0131 tespit etmeye yard\u0131mc\u0131 olarak silindirlerin \u00e7al\u0131\u015fma \u00f6m\u00fcrleri boyunca i\u015flevsel ve g\u00fcvenli kalmas\u0131n\u0131 sa\u011flar.<\/p>\n<h3>G\u00fcvenlik \u00d6zellikleri<\/h3>\n<p>Hidrolik sistemlerde g\u00fcvenlik \u00e7ok \u00f6nemlidir. Bom silindirleri, bas\u0131n\u00e7 tahliye valfleri ve ar\u0131za emniyet mekanizmalar\u0131 gibi g\u00fcvenlik \u00f6zelliklerine sahip olmal\u0131d\u0131r. Bu \u00f6zellikler, a\u015f\u0131r\u0131 y\u00fcklemeyi ve ani ar\u0131zalar\u0131 \u00f6nleyerek operat\u00f6rleri ve ekipman\u0131 korur. G\u00fcvenlik protokollerini anlamak ve bunlara uymak, g\u00fcvenli \u00e7al\u0131\u015fma i\u00e7in \u00e7ok \u00f6nemlidir.<\/p>\n<h3>Bak\u0131m ve Servis Kolayl\u0131\u011f\u0131<\/h3>\n<p>Bom silindirlerinin kolay bak\u0131m i\u00e7in tasarlanmas\u0131, operat\u00f6rlerin uzun s\u00fcreli ar\u0131zalar ya\u015famadan d\u00fczenli kontrol ve onar\u0131mlar yapabilmelerini sa\u011flar. Contalara, ba\u011flant\u0131 noktalar\u0131na ve di\u011fer bile\u015fenlere kolay eri\u015fim, \u00f6nleyici bak\u0131m\u0131 kolayla\u015ft\u0131r\u0131r, beklenmedik ar\u0131za olas\u0131l\u0131\u011f\u0131n\u0131 azalt\u0131r ve silindirin genel \u00f6mr\u00fcn\u00fc uzat\u0131r.<\/p>\n<p><img decoding=\"async\" src=\"https:\/\/www.hydraulic-cylinders.net\/wp-content\/uploads\/2025\/04\/songte-oil-pipes-and-spare-parts.webp\" alt=\"Hidrolik Silindir Par\u00e7alar\u0131\"><\/p>\n<h2>S\u0131zd\u0131rmazl\u0131k ve Ya\u011flama<\/h2>\n<p>Bom silindirlerinin sorunsuz \u00e7al\u0131\u015fmas\u0131 i\u00e7in etkili s\u0131zd\u0131rmazl\u0131k ve ya\u011flama olmazsa olmazd\u0131r. Piston contalar\u0131 ve piston kolu contalar\u0131 gibi \u00e7e\u015fitli s\u0131zd\u0131rmazl\u0131k bile\u015fenleri, hidrolik bas\u0131nc\u0131n korunmas\u0131nda ve s\u0131z\u0131nt\u0131lar\u0131n \u00f6nlenmesinde hayati \u00f6nem ta\u015f\u0131r. Poli\u00fcretan ve nitril kau\u00e7uk gibi s\u0131zd\u0131rmazl\u0131k malzemelerinin se\u00e7imi, a\u015f\u0131nma direncini ve dayan\u0131kl\u0131l\u0131\u011f\u0131 art\u0131r\u0131r. Silindir g\u00f6vdesi ve di\u015fli u\u00e7lar, a\u015f\u0131nma direncini art\u0131rmak i\u00e7in titiz bir i\u015flemden ge\u00e7irilir.<\/p>\n<p>S\u00fcrt\u00fcnme ve a\u015f\u0131nmay\u0131 en aza indirmek i\u00e7in hidrolik ya\u011f ile d\u00fczenli ya\u011flama gereklidir. Operat\u00f6rler, optimum performans\u0131 korumak i\u00e7in ya\u011f\u0131n periyodik olarak yenilenmesini sa\u011flamal\u0131d\u0131r. Ya\u011flama eksikli\u011fi, silindirlerin erken ar\u0131zalanmas\u0131na yol a\u00e7abilir ve bu nedenle \u00e7al\u0131\u015fma saatlerine uygun s\u0131k\u0131 bir ya\u011flama program\u0131na uyulmas\u0131 zorunludur.<\/p>\n<h2>D\u00fczenli Denetimler ve \u00d6nleyici Bak\u0131m<\/h2>\n<ul>\n<li><strong>Rutin Kontroller:<\/strong> Herhangi bir a\u015f\u0131nma, s\u0131z\u0131nt\u0131 veya hasar belirtisini tespit etmek i\u00e7in d\u00fczenli denetimler ger\u00e7ekle\u015ftirin. Bu proaktif yakla\u015f\u0131m, sorunlar\u0131 erken tespit etmeye, maliyetli onar\u0131mlar\u0131 \u00f6nlemeye ve g\u00fcvenli operasyonlar sa\u011flamaya yard\u0131mc\u0131 olur.<\/li>\n<li><strong>Ya\u011flama Program\u0131:<\/strong> \u00dcreticinin \u00f6nerilerine uygun bir ya\u011flama program\u0131 izleyin. Yeterli ya\u011flama s\u00fcrt\u00fcnmeyi azalt\u0131r ve silindirin \u00f6mr\u00fcn\u00fc uzat\u0131r.<\/li>\n<li><strong>Conta De\u011fi\u015fimi:<\/strong> Contalar\u0131 d\u00fczenli olarak a\u015f\u0131nma a\u00e7\u0131s\u0131ndan kontrol edin ve gerekti\u011finde de\u011fi\u015ftirin. S\u0131z\u0131nt\u0131lar\u0131 \u00f6nlemek ve sorunsuz \u00e7al\u0131\u015fmay\u0131 sa\u011flamak i\u00e7in contalar\u0131n etkili bir \u015fekilde korunmas\u0131 \u00e7ok \u00f6nemlidir.<\/li>\n<\/ul>\n<h2>Kurulum Talimatlar\u0131<\/h2>\n<p>Optimum performans i\u00e7in bom silindirinin do\u011fru \u015fekilde tak\u0131lmas\u0131 kritik \u00f6neme sahiptir. \u00d6ncelikle t\u00fcm bile\u015fenlerin temiz ve kal\u0131nt\u0131lardan ar\u0131nd\u0131r\u0131lm\u0131\u015f oldu\u011fundan emin olun. Silindiri yerle\u015ftirirken, a\u015f\u0131r\u0131 gerilimi \u00f6nlemek i\u00e7in ba\u011flant\u0131 noktalar\u0131yla do\u011fru hizalamay\u0131 koruyun.<\/p>\n<p>Silindiri s\u0131k\u0131ca sabitlemek i\u00e7in uygun montaj braketlerini ve ba\u011flant\u0131 elemanlar\u0131n\u0131 kullan\u0131n. Gev\u015fek ba\u011flant\u0131lar sistem ar\u0131zalar\u0131na yol a\u00e7abilece\u011finden, hidrolik ba\u011flant\u0131lar\u0131n s\u0131k\u0131 ve s\u0131zd\u0131rmaz oldu\u011fundan emin olun. Kurulumdan sonra, hidrolik sistemi kapsaml\u0131 bir \u015fekilde kontrol edin ve tam \u00f6l\u00e7ekli kullan\u0131mdan \u00f6nce silindirin \u00e7al\u0131\u015fmas\u0131n\u0131 test edin. Bu talimatlara uymak, komplikasyon riskini en aza indirir ve silindirin \u00e7al\u0131\u015fma verimlili\u011fini art\u0131r\u0131r.<\/p>\n<h2>Yayg\u0131n Bak\u0131m G\u00f6revleri<\/h2>\n<ul>\n<li><strong>D\u00fczenli Denetimler:<\/strong> Silindirin b\u00fct\u00fcnl\u00fc\u011f\u00fcn\u00fc korumak i\u00e7in a\u015f\u0131nma veya s\u0131z\u0131nt\u0131 belirtilerine kar\u015f\u0131 s\u0131k s\u0131k kontrol yap\u0131lmas\u0131 \u00e7ok \u00f6nemlidir. Sorunlar\u0131n erken tespiti, zaman\u0131nda onar\u0131m yap\u0131lmas\u0131n\u0131 sa\u011flayarak olas\u0131 ar\u0131zalar\u0131n \u00f6nlenmesini sa\u011flar.<\/li>\n<li><strong>Uygun Ya\u011flama:<\/strong> Hareketli par\u00e7alardaki s\u00fcrt\u00fcnme ve a\u015f\u0131nmay\u0131 azaltmak i\u00e7in yeterli ya\u011flaman\u0131n sa\u011flanmas\u0131 \u015fartt\u0131r. Bir ya\u011flama program\u0131na uymak, t\u00fcm bile\u015fenlerin sorunsuz \u00e7al\u0131\u015fmas\u0131n\u0131 sa\u011flar.<\/li>\n<li><strong>Conta De\u011fi\u015fimi:<\/strong> Contalar\u0131 d\u00fczenli olarak hasar a\u00e7\u0131s\u0131ndan kontrol edin ve gerekirse de\u011fi\u015ftirin. Etkili contalar, hidrolik bas\u0131nc\u0131n korunmas\u0131na ve s\u0131z\u0131nt\u0131lar\u0131n \u00f6nlenmesine yard\u0131mc\u0131 olarak optimum performans sa\u011flar.<\/li>\n<\/ul>\n<h2>G\u00fcvenlik Hususlar\u0131 ve \u00c7evresel Fakt\u00f6rler<\/h2>\n<p>Hidrolik sistemlerle \u00e7al\u0131\u015f\u0131rken g\u00fcvenlik \u00f6nlemleri son derece \u00f6nemlidir. Operat\u00f6rler, y\u00fcksek bas\u0131n\u00e7 hatlar\u0131 ve ani ar\u0131za riskleri de dahil olmak \u00fczere hidrolik ekipmanlarla ili\u015fkili potansiyel tehlikeler konusunda e\u011fitilmelidir. Riskleri en aza indirmek ve g\u00fcvenli bir \u00e7al\u0131\u015fma ortam\u0131 sa\u011flamak i\u00e7in uygun e\u011fitim ve g\u00fcvenlik protokollerine uyum \u015fartt\u0131r.<\/p>\n<h2>Sorun Giderme ve Yayg\u0131n Sorunlar<\/h2>\n<ul>\n<li><strong>S\u0131z\u0131nt\u0131:<\/strong> Hidrolik s\u0131v\u0131 s\u0131z\u0131nt\u0131s\u0131 fark ederseniz, contalar\u0131 ve ba\u011flant\u0131lar\u0131 hasar a\u00e7\u0131s\u0131ndan inceleyin. A\u015f\u0131nm\u0131\u015f contalar\u0131n de\u011fi\u015ftirilmesi genellikle sorunu \u00e7\u00f6zebilir.<\/li>\n<li><strong>Zay\u0131f Performans:<\/strong> Silindir beklendi\u011fi gibi \u00e7al\u0131\u015fm\u0131yorsa, hidrolik s\u0131v\u0131s\u0131 seviyesinin d\u00fc\u015f\u00fck olup olmad\u0131\u011f\u0131n\u0131 veya sistemde hava olup olmad\u0131\u011f\u0131n\u0131 kontrol edin. Sistemin havas\u0131n\u0131 almak ve s\u0131v\u0131 eklemek, silindirin d\u00fczg\u00fcn \u00e7al\u0131\u015fmas\u0131n\u0131 sa\u011flayabilir.<\/li>\n<li><strong>Al\u0131\u015f\u0131lmad\u0131k Sesler:<\/strong> Ola\u011fand\u0131\u015f\u0131 sesler mekanik sorunlara veya yetersiz ya\u011flamaya i\u015faret ediyor olabilir. Sesin kayna\u011f\u0131n\u0131 ara\u015ft\u0131r\u0131n ve uygun ya\u011flaman\u0131n sa\u011fland\u0131\u011f\u0131ndan emin olun.<\/li>\n<\/ul>\n<p>\u00d6nleyici tedbirlerin uygulanmas\u0131 ve d\u00fczenli bak\u0131m yap\u0131lmas\u0131, olas\u0131 sorunlar\u0131 en aza indirerek silindirin daha uzun \u00f6m\u00fcrl\u00fc olmas\u0131n\u0131 sa\u011flar.<\/p>\n<p><img decoding=\"async\" src=\"https:\/\/www.hydraulic-cylinders.net\/wp-content\/uploads\/2025\/04\/songte-bushings-with-all-kinds-of-excavator-models.webp\" alt=\"Ekskavat\u00f6r Bur\u00e7lar\u0131\"><\/p>\n<h2>\u015eirketimiz Hakk\u0131nda<\/h2>\n<p>\u00c7e\u015fitli end\u00fcstriyel ihtiya\u00e7lar\u0131 kar\u015f\u0131lamak i\u00e7in kapsaml\u0131 bir \u00fcr\u00fcn yelpazesi sunan, lider bir hidrolik silindir \u00fcreticisi ve toptanc\u0131s\u0131y\u0131z. Kalitede m\u00fckemmelli\u011fe olan ba\u011fl\u0131l\u0131\u011f\u0131m\u0131z, hassasiyet ve verimlili\u011fi \u00f6n planda tutan rafine bir \u00fcretim stratejisiyle desteklenmektedir.<\/p>\n<p>\u00dcretim kapasitemizi art\u0131rmak i\u00e7in ileri teknoloji, kalifiye i\u015f g\u00fcc\u00fc ve s\u0131k\u0131 kalite kontrol \u00f6nlemlerinden yararlan\u0131yoruz. \u00dcr\u00fcnlerimiz, g\u00fcvenilirlik ve performans\u0131 garanti alt\u0131na alan uluslararas\u0131 standartlar\u0131 kar\u015f\u0131layacak \u015fekilde tasarlanm\u0131\u015ft\u0131r. M\u00fc\u015fteri ihtiya\u00e7lar\u0131na \u00f6zel \u00f6zelle\u015ftirilmi\u015f hizmetler sunarak k\u00fcresel pazardaki konumumuzu daha da sa\u011flamla\u015ft\u0131r\u0131yoruz.<\/p>\n<p><img decoding=\"async\" src=\"https:\/\/www.hydraulic-cylinders.net\/wp-content\/uploads\/2025\/04\/songte-company-4.webp\" alt=\"\u015eirket Tesisleri\"><br \/>\n<img decoding=\"async\" src=\"https:\/\/www.hydraulic-cylinders.net\/wp-content\/uploads\/2025\/04\/songte-company-3.webp\" alt=\"\u00dcretim Ekipmanlar\u0131\"><\/p>\n<p>Yazar: lyl<\/p>","protected":false},"excerpt":{"rendered":"<p>Boom Cylinder For Volwa Wheel Excavator DLS865-9A Understanding the Boom Cylinder The boom cylinder is a crucial component of heavy machinery, specifically designed to control the movement of buckets in excavators, backhoes, and front loaders. It is classified as a hydraulic cylinder, enabling the lifting, lowering, and tilting of the bucket, thus facilitating various material [&hellip;]<\/p>","protected":false},"featured_media":17880,"comment_status":"open","ping_status":"closed","template":"","meta":{"_et_pb_use_builder":"","_et_pb_old_content":"","_et_gb_content_width":""},"product_brand":[],"product_cat":[1546],"product_tag":[1547,1496],"class_list":{"0":"post-19617","1":"product","2":"type-product","3":"status-publish","4":"has-post-thumbnail","6":"product_cat-boom-cylinders","7":"product_tag-boom-cylinders","8":"product_tag-hydraulic-cylinders","10":"first","11":"instock","12":"shipping-taxable","13":"product-type-simple"},"amp_enabled":true,"_links":{"self":[{"href":"https:\/\/www.hydraulic-cylinders.net\/tr\/wp-json\/wp\/v2\/product\/19617","targetHints":{"allow":["GET"]}}],"collection":[{"href":"https:\/\/www.hydraulic-cylinders.net\/tr\/wp-json\/wp\/v2\/product"}],"about":[{"href":"https:\/\/www.hydraulic-cylinders.net\/tr\/wp-json\/wp\/v2\/types\/product"}],"replies":[{"embeddable":true,"href":"https:\/\/www.hydraulic-cylinders.net\/tr\/wp-json\/wp\/v2\/comments?post=19617"}],"wp:featuredmedia":[{"embeddable":true,"href":"https:\/\/www.hydraulic-cylinders.net\/tr\/wp-json\/wp\/v2\/media\/17880"}],"wp:attachment":[{"href":"https:\/\/www.hydraulic-cylinders.net\/tr\/wp-json\/wp\/v2\/media?parent=19617"}],"wp:term":[{"taxonomy":"product_brand","embeddable":true,"href":"https:\/\/www.hydraulic-cylinders.net\/tr\/wp-json\/wp\/v2\/product_brand?post=19617"},{"taxonomy":"product_cat","embeddable":true,"href":"https:\/\/www.hydraulic-cylinders.net\/tr\/wp-json\/wp\/v2\/product_cat?post=19617"},{"taxonomy":"product_tag","embeddable":true,"href":"https:\/\/www.hydraulic-cylinders.net\/tr\/wp-json\/wp\/v2\/product_tag?post=19617"}],"curies":[{"name":"wp","href":"https:\/\/api.w.org\/{rel}","templated":true}]}}