{"id":19620,"date":"2025-04-07T06:57:55","date_gmt":"2025-04-07T06:57:55","guid":{"rendered":"https:\/\/www.hydraulic-cylinders.net\/product\/boom-cylinder-for-volwa-cane-unloader-dls100-9a\/"},"modified":"2025-04-07T06:57:58","modified_gmt":"2025-04-07T06:57:58","slug":"boom-cylinder-for-volwa-cane-unloader-dls100-9a","status":"publish","type":"product","link":"https:\/\/www.hydraulic-cylinders.net\/tr\/urun\/boom-cylinder-for-volwa-cane-unloader-dls100-9a\/","title":{"rendered":"Volwa Kam\u0131\u015f Bo\u015falt\u0131c\u0131 DLS100-9A i\u00e7in Bom Silindiri"},"content":{"rendered":"<h1>Volwa Kam\u0131\u015f Bo\u015falt\u0131c\u0131 DLS100-9A i\u00e7in Bom Silindiri<\/h1>\n<h2>\u00dcr\u00fcn Genel Bak\u0131\u015f\u0131<\/h2>\n<p>Volwa DLS100-9A \u015feker kam\u0131\u015f\u0131 bo\u015faltma makinesi i\u00e7in bom silindiri, ekskavat\u00f6rler, kaz\u0131c\u0131 y\u00fckleyiciler ve \u00f6n y\u00fckleyiciler gibi a\u011f\u0131r makinelerde bomun hareketini kontrol etmek i\u00e7in \u00f6zel olarak tasarlanm\u0131\u015f \u00f6nemli bir hidrolik bile\u015fendir. Bu hidrolik silindir, bomun kald\u0131r\u0131lmas\u0131n\u0131, indirilmesini ve e\u011filmesini sa\u011flayarak verimli malzeme ta\u015f\u0131ma i\u015flemlerini kolayla\u015ft\u0131r\u0131r. Kova silindirleri de dahil olmak \u00fczere hidrolik silindirler, hidrolik sistemlerde \u00e7ok \u00f6nemli bir rol oynar ve hidrolik enerjiyi mekanik enerjiye d\u00f6n\u00fc\u015ft\u00fcrerek i\u015f yap\u0131lmas\u0131n\u0131 sa\u011flar. Bu durumda, kova silindiri bomun hareketinin hassas bir \u015fekilde kontrol edilmesini sa\u011flayarak operat\u00f6rlerin g\u00f6revleri do\u011fruluk ve verimlilikle ger\u00e7ekle\u015ftirmesini garanti eder.<\/p>\n<p><img decoding=\"async\" src=\"https:\/\/www.hydraulic-cylinders.net\/wp-content\/uploads\/2025\/04\/songte-company-1.webp\" alt=\"Volwa \u015eeker Kam\u0131\u015f\u0131 Bo\u015faltma Makinesi i\u00e7in Bom Silindiri\"\/><\/p>\n<h2>Bom Silindirinin \u00d6zellikleri<\/h2>\n<ul>\n<li><strong>Y\u00fcksek Dayan\u0131kl\u0131l\u0131k ve Dayan\u0131kl\u0131l\u0131k:<\/strong> Y\u00fcksek mukavemetli \u00e7elik veya al\u00fcminyumdan \u00fcretilen bom silindiri, y\u00fcksek bas\u0131nca ve a\u011f\u0131r y\u00fcklere dayanacak \u015fekilde tasarlanm\u0131\u015ft\u0131r ve bu da onu zorlu \u00e7al\u0131\u015fma ortamlar\u0131 i\u00e7in uygun hale getirir. A\u015f\u0131nma direnci ve korozyon korumas\u0131 dikkate al\u0131narak tasarlanan bu silindirin kullan\u0131m \u00f6mr\u00fc uzat\u0131lm\u0131\u015ft\u0131r.<\/li>\n<li><strong>Verimli Hidrolik \u00c7al\u0131\u015fma:<\/strong> Hidrolik ya\u011f bas\u0131nc\u0131n\u0131 kullanan bu silindir, d\u00fczg\u00fcn teleskopik hareketler ger\u00e7ekle\u015ftirir ve kontrol komutlar\u0131na h\u0131zl\u0131 bir \u015fekilde yan\u0131t vererek, a\u011f\u0131r y\u00fcklerin ve karma\u015f\u0131k g\u00f6revlerin \u00fcstesinden gelmek i\u00e7in ideal olan g\u00fc\u00e7l\u00fc itme ve \u00e7ekme kuvvetleri sa\u011flar.<\/li>\n<li><strong>\u00c7e\u015fitli T\u00fcrler:<\/strong> \u00c7e\u015fitli operasyonel ihtiya\u00e7lar\u0131 kar\u015f\u0131lamak \u00fczere tek etkili (hidrolik bas\u0131nc\u0131 tek y\u00f6nde kullanan) veya \u00e7ift etkili (hidrolik bas\u0131nc\u0131 her iki y\u00f6nde kullanan) konfig\u00fcrasyonlarda mevcuttur. Baz\u0131 modeller teleskopiktir ve d\u0131\u015f boyutlar\u0131 art\u0131rmadan daha fazla uzatmaya olanak tan\u0131r; bu da alan k\u0131s\u0131tlamas\u0131 olan uygulamalar i\u00e7in idealdir.<\/li>\n<li><strong>\u00d6zel \u00dcretim:<\/strong> \u00dcr\u00fcnlerimiz, \u00e7e\u015fitli hidrolik silindirlerin yerini m\u00fckemmel bir \u015fekilde alarak uyumluluk ve g\u00fcvenilirlik sa\u011flar.<\/li>\n<li><strong>\u00c7ok Y\u00f6nl\u00fc Uygulamalar:<\/strong> \u00c7e\u015fitli end\u00fcstrilerdeki farkl\u0131 makine t\u00fcrlerinde kullan\u0131lmak \u00fczere tasarlanm\u0131\u015f olup, operasyonel verimliliklerini art\u0131rmaktad\u0131r.<\/li>\n<\/ul>\n<p><img decoding=\"async\" src=\"https:\/\/www.hydraulic-cylinders.net\/wp-content\/uploads\/2025\/04\/songte-cylinder-head-with-all-kinds-excavator-models.webp\" alt=\"Hidrolik Silindir \u00dcretimi\"\/><\/p>\n<h2>Uygulama Senaryolar\u0131<\/h2>\n<h3>\u0130n\u015faat Ekipmanlar\u0131<\/h3>\n<p>\u0130n\u015faat ekipmanlar\u0131nda, ekskavat\u00f6rler i\u00e7in bom silindirleri \u00e7ok \u00f6nemlidir ve toprak veya molozun kaz\u0131lmas\u0131, y\u00fcklenmesi ve ta\u015f\u0131nmas\u0131nda hayati bir rol oynar. Kaz\u0131c\u0131 y\u00fckleyicilerde hem kazma hem de kald\u0131rma i\u015flemlerini kolayla\u015ft\u0131rarak in\u015faat i\u015fleri i\u00e7in gerekli bir bile\u015fen haline gelirler. Bu uygulamalar, genellikle zorlu ko\u015fullar alt\u0131nda \u00e7al\u0131\u015ft\u0131klar\u0131 ve \u00f6nemli miktarda a\u011f\u0131rl\u0131k ta\u015f\u0131d\u0131klar\u0131 i\u00e7in g\u00fcvenilir performans gerektirir.<\/p>\n<h3>Tar\u0131m Makinalar\u0131<\/h3>\n<p>Tar\u0131m makinelerinde, \u00f6zellikle \u00f6n y\u00fckleyicilerde, bom silindirleri toprak, saman ve di\u011fer malzemeleri kep\u00e7elemek, kald\u0131rmak ve ta\u015f\u0131mak i\u00e7in kullan\u0131l\u0131r. Bu makinelerdeki rolleri \u00f6nemlidir; b\u00fcy\u00fck miktarda malzemenin h\u0131zl\u0131 ve verimli bir \u015fekilde ta\u015f\u0131nmas\u0131n\u0131 gerektiren tar\u0131m i\u015flerinde sorunsuz \u00e7al\u0131\u015fma sa\u011flarlar.<\/p>\n<h3>Ekskavat\u00f6rler<\/h3>\n<p>Ekskavat\u00f6rlerde, bom silindiri kep\u00e7enin topra\u011fa n\u00fcfuz etmesini sa\u011flayarak kazma i\u015flemini kolayla\u015ft\u0131r\u0131r. Bu i\u015flem, hassas kazma ve malzeme kald\u0131rma gerektiren \u00e7e\u015fitli in\u015faat ve peyzaj projeleri i\u00e7in hayati \u00f6nem ta\u015f\u0131r.<\/p>\n<h3>Y\u00fckleyiciler<\/h3>\n<p>\u00d6n y\u00fckleyicilerde, bom silindirleri y\u00fcklerin etkili bir \u015fekilde kald\u0131r\u0131lmas\u0131na ve bo\u015falt\u0131lmas\u0131na yard\u0131mc\u0131 olur. A\u011f\u0131r malzemeleri kolayl\u0131kla ta\u015f\u0131yabilme yetenekleri, onlar\u0131 \u00e7e\u015fitli end\u00fcstriyel ve in\u015faat ortamlar\u0131nda vazge\u00e7ilmez k\u0131larak verimlili\u011fin ve etkinli\u011fin artmas\u0131na katk\u0131da bulunur.<\/p>\n<h2>Tasar\u0131m Hususlar\u0131 ve Se\u00e7im Kriterleri<\/h2>\n<h3>Y\u00fck Kapasitesi<\/h3>\n<p>Bir bom silindiri se\u00e7erken, en \u00f6nemli hususlardan biri y\u00fck ta\u015f\u0131ma kapasitesidir. Bu, silindirin ar\u0131za riski olmadan kald\u0131rabilece\u011fi maksimum y\u00fck\u00fc ifade eder. G\u00fcvenlik ve i\u015flevsellik sa\u011flamak i\u00e7in, belirli uygulaman\u0131n gereksinimlerini kar\u015f\u0131layan veya a\u015fan bir y\u00fck ta\u015f\u0131ma kapasitesine sahip bir silindir se\u00e7mek \u00e7ok \u00f6nemlidir. Gerekli y\u00fck ta\u015f\u0131ma kapasitesinin hafife al\u0131nmas\u0131, mekanik ar\u0131zaya, g\u00fcvenlik risklerine ve maliyetli ar\u0131za s\u00fcrelerine yol a\u00e7abilir.<\/p>\n<h3>S\u0131zd\u0131rmazl\u0131k ve Dayan\u0131kl\u0131l\u0131k<\/h3>\n<p>Etkili s\u0131zd\u0131rmazl\u0131k, hidrolik silindirlerin uzun \u00f6m\u00fcrl\u00fcl\u00fc\u011f\u00fc ve performans\u0131 i\u00e7in \u00e7ok \u00f6nemlidir. Y\u00fcksek kaliteli contalar, silindirin verimlili\u011fini tehlikeye atabilecek ve erken a\u015f\u0131nmaya yol a\u00e7abilecek hidrolik s\u0131v\u0131 s\u0131z\u0131nt\u0131s\u0131n\u0131 \u00f6nler. Contalar i\u00e7in poli\u00fcretan veya nitril kau\u00e7uk gibi dayan\u0131kl\u0131 malzemelerin kullan\u0131lmas\u0131, a\u015f\u0131nmaya ve y\u0131pranmaya kar\u015f\u0131 diren\u00e7lerini art\u0131r\u0131r. Ek olarak, silindirin genel dayan\u0131kl\u0131l\u0131\u011f\u0131, malzeme se\u00e7imi, \u00fcretim s\u00fcre\u00e7leri ve korozyona ve a\u015f\u0131nmaya kar\u015f\u0131 diren\u00e7li y\u00fczey i\u015flemleri gibi fakt\u00f6rlerden etkilenir.<\/p>\n<h3>G\u00fcvenlik \u00d6zellikleri<\/h3>\n<p>Hidrolik silindirlerin tasar\u0131m\u0131nda g\u00fcvenlik en \u00f6nemli husustur. A\u015f\u0131r\u0131 uzamay\u0131, a\u015f\u0131r\u0131 y\u00fcklenmeyi ve ani bas\u0131n\u00e7 ar\u0131zalar\u0131n\u0131 \u00f6nleyen \u00f6zelliklerle donat\u0131lmalar\u0131 gerekir. G\u00fcvenlik valfleri ve bas\u0131n\u00e7 tahliye mekanizmalar\u0131 hem operat\u00f6r\u00fc hem de ekipman\u0131 korumak i\u00e7in \u015fartt\u0131r. Bu g\u00fcvenlik \u00f6zelliklerinin yerinde olmas\u0131n\u0131 sa\u011flamak, kaza riskini \u00f6nemli \u00f6l\u00e7\u00fcde azaltabilir ve i\u015fletme g\u00fcvenli\u011fini art\u0131rabilir.<\/p>\n<h3>Bak\u0131m Eri\u015filebilirli\u011fi<\/h3>\n<p>Tasar\u0131m hususlar\u0131 aras\u0131nda bak\u0131m kolayl\u0131\u011f\u0131 da yer almaktad\u0131r. \u0130yi tasarlanm\u0131\u015f bir bom silindiri, inceleme, bak\u0131m ve onar\u0131m i\u00e7in kritik bile\u015fenlere kolay eri\u015fim sa\u011flamal\u0131d\u0131r. Bu \u00f6zellik, ar\u0131za s\u00fcrelerini en aza indirmek ve makinenin \u00e7al\u0131\u015f\u0131r durumda kalmas\u0131n\u0131 sa\u011flamak i\u00e7in \u00e7ok \u00f6nemlidir. Kolay servis i\u015flemlerini sa\u011flayan bir tasar\u0131m, bak\u0131m prosed\u00fcrlerinin verimlili\u011fini \u00f6nemli \u00f6l\u00e7\u00fcde art\u0131racakt\u0131r.<\/p>\n<p><img decoding=\"async\" src=\"https:\/\/www.hydraulic-cylinders.net\/wp-content\/uploads\/2025\/04\/songte-oil-pipes-and-spare-parts.webp\" alt=\"Hidrolik Silindir Par\u00e7alar\u0131\"\/><\/p>\n<h2>S\u0131zd\u0131rmazl\u0131k ve Ya\u011flama<\/h2>\n<p>Hidrolik silindirlerin etkili \u00e7al\u0131\u015fmas\u0131 i\u00e7in uygun s\u0131zd\u0131rmazl\u0131k ve ya\u011flama hayati \u00f6nem ta\u015f\u0131r. Hidrolik sistemin b\u00fct\u00fcnl\u00fc\u011f\u00fcn\u00fc korumak i\u00e7in piston contalar\u0131 ve mil contalar\u0131 gibi \u00e7e\u015fitli contalar kullan\u0131l\u0131r. Poli\u00fcretan ve nitril kau\u00e7uk gibi dayan\u0131kl\u0131 malzemelerden yap\u0131lm\u0131\u015f contalar\u0131n se\u00e7imi, a\u015f\u0131nmaya ve \u00e7evresel fakt\u00f6rlere kar\u015f\u0131 diren\u00e7 sa\u011flar. Ayr\u0131ca, silindir g\u00f6vdesi ve di\u015fli u\u00e7 y\u00fczeyleri, a\u015f\u0131nma direncini art\u0131rmak i\u00e7in titizlikle i\u015flenir. S\u00fcrt\u00fcnmeyi \u00f6nlemek ve d\u00fczg\u00fcn \u00e7al\u0131\u015fmay\u0131 sa\u011flamak, hidrolik silindirin \u00f6mr\u00fcn\u00fc uzatmak i\u00e7in d\u00fczenli olarak uygun miktarda hidrolik ya\u011f eklenmesi \u015fartt\u0131r.<\/p>\n<h2>\u00d6nleyici Bak\u0131m \u00d6nlemleri<\/h2>\n<ul>\n<li><strong>D\u00fczenli Denetimler:<\/strong> Hidrolik silindirin periyodik olarak kontrol edilmesi, a\u015f\u0131nma, s\u0131z\u0131nt\u0131 veya hasar belirtilerini tespit etmek i\u00e7in \u00e7ok \u00f6nemlidir. Potansiyel sorunlar\u0131n erken tespiti, ilerleyen s\u00fcre\u00e7te daha b\u00fcy\u00fck sorunlar\u0131n \u00f6nlenmesine yard\u0131mc\u0131 olabilir.<\/li>\n<li><strong>Uygun Ya\u011flama:<\/strong> Silindirin uygun hidrolik ya\u011f ile yeterince ya\u011flanmas\u0131n\u0131n sa\u011flanmas\u0131, i\u015flevselli\u011fin korunmas\u0131 ve hareketli par\u00e7alarda gereksiz a\u015f\u0131nman\u0131n \u00f6nlenmesi i\u00e7in \u00e7ok \u00f6nemlidir.<\/li>\n<li><strong>Conta De\u011fi\u015fimi:<\/strong> Hidrolik sistemin b\u00fct\u00fcnl\u00fc\u011f\u00fcn\u00fc korumak i\u00e7in contalar\u0131n d\u00fczenli olarak kontrol edilmesi ve gerekti\u011finde de\u011fi\u015ftirilmesi hayati \u00f6nem ta\u015f\u0131r. A\u015f\u0131nm\u0131\u015f contalar s\u0131z\u0131nt\u0131lara ve verimlilik d\u00fc\u015f\u00fc\u015f\u00fcne yol a\u00e7abilir.<\/li>\n<\/ul>\n<h2>Kurulum Talimatlar\u0131<\/h2>\n<p>Bom silindirinin do\u011fru montaj\u0131, performans\u0131 ve uzun \u00f6mr\u00fc i\u00e7in kritik \u00f6neme sahiptir. \u00d6ncelikle t\u00fcm bile\u015fenlerin temiz ve kirleticilerden ar\u0131nd\u0131r\u0131lm\u0131\u015f oldu\u011fundan emin olun. Silindiri takarken, bile\u015fenlere gereksiz gerilim uygulamamak i\u00e7in montaj noktalar\u0131yla do\u011fru \u015fekilde hizalamak \u00e7ok \u00f6nemlidir. Uygun montaj braketleri kullanmak, silindirin yerinde sabitlenmesine yard\u0131mc\u0131 olabilir. Montajdan sonra, hizalamay\u0131 kontrol etmek ve t\u00fcm ba\u011flant\u0131 elemanlar\u0131n\u0131n \u00fcreticinin spesifikasyonlar\u0131na g\u00f6re s\u0131k\u0131ld\u0131\u011f\u0131ndan emin olmak \u00f6nerilir. Ayr\u0131ca, optimum performans sa\u011flamak i\u00e7in hidrolik sisteme do\u011fru tip ve miktarda hidrolik ya\u011f doldurmak ve sistemdeki havay\u0131 bo\u015faltmak \u00e7ok \u00f6nemlidir.<\/p>\n<p><img decoding=\"async\" src=\"https:\/\/www.hydraulic-cylinders.net\/wp-content\/uploads\/2025\/04\/songte-chushion-collar.webp\" alt=\"Hidrolik Silindir Montaj\u0131\"\/><\/p>\n<h2>Bak\u0131m G\u00f6revleri<\/h2>\n<ul>\n<li><strong>D\u00fczenli Denetimler:<\/strong> S\u0131z\u0131nt\u0131lar\u0131, a\u015f\u0131nmay\u0131 veya di\u011fer hasar belirtilerini tespit etmek i\u00e7in d\u00fczenli kontroller yap\u0131n. Bu proaktif yakla\u015f\u0131m, erken te\u015fhise yard\u0131mc\u0131 olarak olas\u0131 ar\u0131zalar\u0131 \u00f6nler.<\/li>\n<li><strong>Uygun Ya\u011flama:<\/strong> Do\u011fru hidrolik ya\u011f\u0131n kullan\u0131lmas\u0131 ve silindirin d\u00fczenli olarak ya\u011flanmas\u0131, sorunsuz \u00e7al\u0131\u015fma ve uzun \u00f6m\u00fcr i\u00e7in hayati \u00f6nem ta\u015f\u0131r.<\/li>\n<li><strong>Conta De\u011fi\u015fimi ve Kalibrasyon Kontrolleri:<\/strong> Hidrolik sistemin belirtilen parametreler dahilinde \u00e7al\u0131\u015fmas\u0131n\u0131 sa\u011flamak i\u00e7in contalar\u0131 d\u00fczenli olarak a\u015f\u0131nma a\u00e7\u0131s\u0131ndan kontrol edin ve kalibrasyon kontrolleri yap\u0131n. A\u015f\u0131nm\u0131\u015f contalar\u0131n de\u011fi\u015ftirilmesi ve sistemin yeniden kalibre edilmesi performans\u0131 ve g\u00fcvenli\u011fi art\u0131r\u0131r.<\/li>\n<\/ul>\n<h2>G\u00fcvenlik Hususlar\u0131 ve \u00c7evresel Fakt\u00f6rler<\/h2>\n<p>Hidrolik silindirler kullan\u0131l\u0131rken, operat\u00f6rleri ve \u00e7evreyi korumak i\u00e7in g\u00fcvenlik \u00f6nlemlerine \u00f6ncelik vermek \u00e7ok \u00f6nemlidir. Hidrolik sistemlerin kullan\u0131m\u0131 konusunda uygun e\u011fitim, kaza riskini \u00f6nemli \u00f6l\u00e7\u00fcde azaltabilir. Ayr\u0131ca, t\u00fcm g\u00fcvenlik \u00f6zelliklerinin i\u015flevsel oldu\u011fundan ve d\u00fczenli olarak bak\u0131m\u0131n\u0131n yap\u0131ld\u0131\u011f\u0131ndan emin olmak, tehlikeli durumlar\u0131 \u00f6nleyebilir. \u00c7evresel etkiyi en aza indirmek i\u00e7in hidrolik s\u0131v\u0131lar\u0131n ve malzemelerin uygun \u015fekilde bertaraf edilmesi gibi \u00e7evresel hususlar da dikkate al\u0131nmal\u0131d\u0131r.<\/p>\n<h2>Sorun Giderme ve Yayg\u0131n Sorunlar<\/h2>\n<ul>\n<li><strong>S\u0131z\u0131nt\u0131:<\/strong> Hidrolik s\u0131v\u0131 s\u0131z\u0131nt\u0131lar\u0131, a\u015f\u0131nm\u0131\u015f contalar veya hasar g\u00f6rm\u00fc\u015f bile\u015fenler nedeniyle meydana gelebilir. D\u00fczenli kontroller, s\u0131z\u0131nt\u0131lar\u0131 erken tespit etmeye ve zaman\u0131nda onar\u0131m yap\u0131lmas\u0131na yard\u0131mc\u0131 olabilir.<\/li>\n<li><strong>Yetersiz Performans:<\/strong> Silindir beklendi\u011fi gibi \u00e7al\u0131\u015fm\u0131yorsa, bunun nedeni yetersiz hidrolik s\u0131v\u0131 seviyesi veya sistemde hava bulunmas\u0131 olabilir. D\u00fczenli kontroller bu sorunlar\u0131n \u00f6nlenmesine yard\u0131mc\u0131 olabilir.<\/li>\n<li><strong>A\u015f\u0131r\u0131 Is\u0131nma:<\/strong> A\u015f\u0131r\u0131 \u0131s\u0131nma, a\u015f\u0131r\u0131 y\u00fcklenmeyi veya yetersiz ya\u011flamay\u0131 g\u00f6sterebilir. \u00c7al\u0131\u015fma s\u0131cakl\u0131klar\u0131n\u0131n izlenmesi ve uygun ya\u011flaman\u0131n sa\u011flanmas\u0131, a\u015f\u0131r\u0131 \u0131s\u0131nmay\u0131 \u00f6nleyebilir.<\/li>\n<\/ul>\n<p>Bu sorunlar\u0131 gidermek i\u00e7in kapsaml\u0131 incelemeler yapmak ve d\u00fczeltici \u00f6nlemleri derhal almak \u015fartt\u0131r. D\u00fczenli bak\u0131m ve i\u015fletme y\u00f6nergelerine uyma gibi \u00f6nleyici tedbirler, potansiyel sorunlar\u0131 en aza indirmeye yard\u0131mc\u0131 olabilir.<\/p>\n<p><img decoding=\"async\" src=\"https:\/\/www.hydraulic-cylinders.net\/wp-content\/uploads\/2025\/04\/songte-bushings-with-all-kinds-of-excavator-models.webp\" alt=\"Hidrolik Silindir Ar\u0131za Giderme\"\/><\/p>\n<h2>\u015eirketimiz Hakk\u0131nda<\/h2>\n<p>\u00d6nde gelen yedek hidrolik silindir \u00fcreticisiyiz ve kapsaml\u0131 \u00fcr\u00fcn yelpazemiz sayesinde hem yurt i\u00e7i hem de uluslararas\u0131 pazarlarda en iyi hidrolik silindir \u00fcreticileri ve toptanc\u0131lar\u0131 aras\u0131nda yer al\u0131yoruz. Kalitede m\u00fckemmellik ilkelerine ba\u011fl\u0131 kal\u0131yoruz ve end\u00fcstriyel \u00fcretim y\u00f6netimi i\u00e7in geli\u015fmi\u015f \u00fcretim stratejilerine g\u00fcveniyoruz. \u015eirketimiz, yetenekli personel, geli\u015fmi\u015f dijital \u00fcretim ekipmanlar\u0131 ve \u00f6zel test sistemleri kullanarak \u00fcretim kapasitesini s\u00fcrekli olarak geli\u015ftiriyor. Bu taahh\u00fct, \u00e7e\u015fitli m\u00fc\u015fteri ihtiya\u00e7lar\u0131n\u0131 y\u00fcksek verimlilik, hassasiyet ve kaliteyle kar\u015f\u0131lamam\u0131z\u0131 sa\u011fl\u0131yor.<\/p>\n<p>\u015eirketimiz, profesyonellik, uluslararas\u0131 sertifikalar, \u00f6zel hizmetler, geli\u015fmi\u015f \u00fcretim ekipmanlar\u0131 ve h\u0131zl\u0131 yan\u0131t veren sat\u0131\u015f sonras\u0131 destek ile gurur duymakta ve m\u00fc\u015fterilerimizin hidrolik silindir ihtiya\u00e7lar\u0131 i\u00e7in en iyi \u00e7\u00f6z\u00fcmleri almalar\u0131n\u0131 sa\u011flamaktad\u0131r.<\/p>\n<p><img decoding=\"async\" src=\"https:\/\/www.hydraulic-cylinders.net\/wp-content\/uploads\/2025\/04\/songte-company-4.webp\" alt=\"\u015eirketimiz\"\/><br \/>\n<img decoding=\"async\" src=\"https:\/\/www.hydraulic-cylinders.net\/wp-content\/uploads\/2025\/04\/songte-company-3.webp\" alt=\"\u015eirketimizin Tesisleri\"\/><\/p>\n<p>Yazar: lyl<\/p>","protected":false},"excerpt":{"rendered":"<p>Boom Cylinder For Volwa Cane Unloader DLS100-9A Product Overview The Boom Cylinder for Volwa Cane Unloader DLS100-9A is an essential hydraulic component specifically designed to control the movement of the boom in heavy machinery, such as excavators, backhoe loaders, and front-end loaders. This hydraulic cylinder enables the boom to lift, lower, and tilt, facilitating efficient [&hellip;]<\/p>","protected":false},"featured_media":17868,"comment_status":"open","ping_status":"closed","template":"","meta":{"_et_pb_use_builder":"","_et_pb_old_content":"","_et_gb_content_width":""},"product_brand":[],"product_cat":[1546],"product_tag":[1547,1496],"class_list":{"0":"post-19620","1":"product","2":"type-product","3":"status-publish","4":"has-post-thumbnail","6":"product_cat-boom-cylinders","7":"product_tag-boom-cylinders","8":"product_tag-hydraulic-cylinders","10":"first","11":"instock","12":"shipping-taxable","13":"product-type-simple"},"amp_enabled":true,"_links":{"self":[{"href":"https:\/\/www.hydraulic-cylinders.net\/tr\/wp-json\/wp\/v2\/product\/19620","targetHints":{"allow":["GET"]}}],"collection":[{"href":"https:\/\/www.hydraulic-cylinders.net\/tr\/wp-json\/wp\/v2\/product"}],"about":[{"href":"https:\/\/www.hydraulic-cylinders.net\/tr\/wp-json\/wp\/v2\/types\/product"}],"replies":[{"embeddable":true,"href":"https:\/\/www.hydraulic-cylinders.net\/tr\/wp-json\/wp\/v2\/comments?post=19620"}],"wp:featuredmedia":[{"embeddable":true,"href":"https:\/\/www.hydraulic-cylinders.net\/tr\/wp-json\/wp\/v2\/media\/17868"}],"wp:attachment":[{"href":"https:\/\/www.hydraulic-cylinders.net\/tr\/wp-json\/wp\/v2\/media?parent=19620"}],"wp:term":[{"taxonomy":"product_brand","embeddable":true,"href":"https:\/\/www.hydraulic-cylinders.net\/tr\/wp-json\/wp\/v2\/product_brand?post=19620"},{"taxonomy":"product_cat","embeddable":true,"href":"https:\/\/www.hydraulic-cylinders.net\/tr\/wp-json\/wp\/v2\/product_cat?post=19620"},{"taxonomy":"product_tag","embeddable":true,"href":"https:\/\/www.hydraulic-cylinders.net\/tr\/wp-json\/wp\/v2\/product_tag?post=19620"}],"curies":[{"name":"wp","href":"https:\/\/api.w.org\/{rel}","templated":true}]}}