{"id":19622,"date":"2025-04-07T06:58:03","date_gmt":"2025-04-07T06:58:03","guid":{"rendered":"https:\/\/www.hydraulic-cylinders.net\/product\/boom-cylinder-for-volwa-cane-unloader-dls210-9a\/"},"modified":"2025-04-07T06:58:05","modified_gmt":"2025-04-07T06:58:05","slug":"boom-cylinder-for-volwa-cane-unloader-dls210-9a","status":"publish","type":"product","link":"https:\/\/www.hydraulic-cylinders.net\/tr\/urun\/boom-cylinder-for-volwa-cane-unloader-dls210-9a\/","title":{"rendered":"Volwa Kam\u0131\u015f Bo\u015falt\u0131c\u0131 DLS210-9A i\u00e7in Bom Silindiri"},"content":{"rendered":"<h1>Volwa Kam\u0131\u015f Bo\u015falt\u0131c\u0131 DLS210-9A i\u00e7in Bom Silindiri<\/h1>\n<h2>\u00dcr\u00fcn Genel Bak\u0131\u015f\u0131<\/h2>\n<p>Volwa DLS210-9A \u015feker kam\u0131\u015f\u0131 bo\u015faltma makinesi i\u00e7in tasarlanm\u0131\u015f bom silindiri, \u015feker kam\u0131\u015f\u0131 bo\u015faltma makineleri gibi a\u011f\u0131r makinelerin i\u015flevselli\u011fini art\u0131rmak i\u00e7in \u00f6zel olarak tasarlanm\u0131\u015f \u00f6nemli bir hidrolik bile\u015fendir. Bu tip hidrolik silindir, ekskavat\u00f6rler, beko kep\u00e7eler ve \u00f6n y\u00fckleyiciler gibi \u00e7e\u015fitli a\u011f\u0131r hizmet uygulamalar\u0131nda kep\u00e7enin hareketini kontrol etmekten sorumludur. Kep\u00e7enin kald\u0131r\u0131lmas\u0131n\u0131, indirilmesini ve e\u011filmesini kolayla\u015ft\u0131rarak malzeme ta\u015f\u0131ma g\u00f6revlerinde verimlili\u011fi art\u0131r\u0131r.<\/p>\n<p><img decoding=\"async\" src=\"https:\/\/www.hydraulic-cylinders.net\/wp-content\/uploads\/2025\/04\/songte-company-1.webp\" alt=\"Volwa \u015eeker Kam\u0131\u015f\u0131 Bo\u015faltma Makinesi i\u00e7in Bom Silindiri\" \/><\/p>\n<h3>Kova Silindiri Nedir?<\/h3>\n<p>A bucket cylinder is a specialized hydraulic cylinder designed to manage the movement of buckets in heavy equipment. These cylinders are engineered to withstand high pressure and heavy loads, making them ideal for environments that demand durability and reliability. The primary role of a bucket cylinder is to enable precise control over the bucket&#8217;s actions, which is essential for tasks such as digging, lifting, and transporting materials. The engineering behind these cylinders includes considerations for strength, durability, and efficiency, making them a fundamental component in hydraulic systems across various industries.<\/p>\n<h2>Bom Silindirinin \u00d6zellikleri<\/h2>\n<ul>\n<li><strong>Y\u00fcksek Dayan\u0131kl\u0131l\u0131k ve Dayan\u0131kl\u0131l\u0131k:<\/strong> Genellikle y\u00fcksek mukavemetli \u00e7elik veya al\u00fcminyumdan \u00fcretilen bom silindiri, y\u00fcksek bas\u0131n\u00e7lara ve a\u011f\u0131r y\u00fcklere dayanabilir, bu da onu zorlu \u00e7al\u0131\u015fma ortamlar\u0131 i\u00e7in uygun hale getirir. Tasar\u0131m, a\u015f\u0131nma direnci ve korozyon korumas\u0131na \u00f6nem vererek kullan\u0131m \u00f6mr\u00fcn\u00fc uzat\u0131r.<\/li>\n<li><strong>Verimli Hidrolik \u00c7al\u0131\u015fma:<\/strong> Hidrolik ya\u011f bas\u0131nc\u0131n\u0131 kullanan silindir, sorunsuz bir \u015fekilde uzama ve geri \u00e7ekilme sa\u011flayarak operasyonel komutlara h\u0131zl\u0131 yan\u0131t verilmesine olanak tan\u0131r. Bu \u00f6zellik, a\u011f\u0131r y\u00fcklerin ve karma\u015f\u0131k g\u00f6revlerin \u00fcstesinden gelmek i\u00e7in ideal olan \u00f6nemli bir itme ve \u00e7ekme g\u00fcc\u00fc sa\u011flar.<\/li>\n<li><strong>\u00c7e\u015fitli Tipler Mevcuttur:<\/strong> Kova silindirleri, farkl\u0131 \u00e7al\u0131\u015fma ihtiya\u00e7lar\u0131n\u0131 kar\u015f\u0131lamak \u00fczere tek etkili (tek y\u00f6nde \u00e7al\u0131\u015fan) veya \u00e7ift etkili (iki y\u00f6nde \u00e7al\u0131\u015fan) konfig\u00fcrasyonlarda se\u00e7ilebilir. Baz\u0131 modeller teleskopiktir ve d\u0131\u015f boyutlar\u0131 art\u0131rmadan daha fazla uzatmaya olanak tan\u0131yarak, alan k\u0131s\u0131tlamal\u0131 uygulamalar i\u00e7in uygundur.<\/li>\n<li><strong>\u00c7e\u015fitli ekipmanlarla uyumluluk:<\/strong> \u00dcr\u00fcnlerimiz, mevcut hidrolik silindirlerin yerini sorunsuz bir \u015fekilde alarak, \u00e7ok \u00e7e\u015fitli makinelerle uyumluluk sa\u011flar ve performanslar\u0131n\u0131 art\u0131r\u0131r.<\/li>\n<li><strong>Bak\u0131m\u0131 Kolay Tasar\u0131m:<\/strong> Bom silindirinin tasar\u0131m\u0131, bak\u0131m ve onar\u0131m\u0131 basitle\u015ftirerek operat\u00f6rlerin optimum performans sa\u011flamak i\u00e7in gerekli bak\u0131m\u0131 yapmas\u0131n\u0131 kolayla\u015ft\u0131r\u0131r.<\/li>\n<\/ul>\n<p><img decoding=\"async\" src=\"https:\/\/www.hydraulic-cylinders.net\/wp-content\/uploads\/2025\/04\/songte-cylinder-head-with-all-kinds-excavator-models.webp\" alt=\"Kova Silindir Ba\u015fl\u0131\u011f\u0131\" \/><\/p>\n<h2>Bom Silindirinin Uygulamalar\u0131<\/h2>\n<h3>\u0130n\u015faat Ekipmanlar\u0131<\/h3>\n<p>Ekskavat\u00f6r gibi in\u015faat ekipmanlar\u0131nda, bom silindiri kazma, y\u00fckleme ve toprak veya moloz ta\u015f\u0131ma i\u015flemlerinde hayati bir rol oynar. Hidrolik \u00f6zellikleri, operat\u00f6r\u00fcn etkili kaz\u0131 i\u015fleri i\u00e7in gerekli olan hassas hareketleri ger\u00e7ekle\u015ftirmesini sa\u011flar. Kaz\u0131c\u0131 y\u00fckleyicilerde ise kova silindiri hem kazma hem de kald\u0131rma i\u015flemlerine yard\u0131mc\u0131 olarak \u00e7e\u015fitli in\u015faat projelerinde \u00f6nemli bir bile\u015fen haline gelir.<\/p>\n<h3>Tar\u0131m Makinalar\u0131<\/h3>\n<p>In agricultural settings, front-end loaders utilize boom cylinders for scooping, lifting, and transporting soil, hay, and other materials. The ability to control the bucket&#8217;s position allows for efficient loading and unloading of materials, significantly enhancing productivity on farms.<\/p>\n<h3>Ekskavat\u00f6rler<\/h3>\n<p>Ekskavat\u00f6rlerde, bom silindiri kep\u00e7enin zemine etkili bir \u015fekilde n\u00fcfuz etmesini sa\u011flayarak kaz\u0131 i\u015flemlerini kolayla\u015ft\u0131r\u0131r. Bu i\u015flevsellik, operat\u00f6rlerin istenen derinliklere ula\u015fmas\u0131n\u0131 ve kaz\u0131 \u00e7al\u0131\u015fmalar\u0131n\u0131 en \u00fcst d\u00fczeye \u00e7\u0131karmas\u0131n\u0131 sa\u011flayarak proje zaman \u00e7izelgelerini ve verimlili\u011fini \u00f6nemli \u00f6l\u00e7\u00fcde etkiledi\u011fi i\u00e7in kritik \u00f6neme sahiptir.<\/p>\n<h3>Y\u00fckleyiciler<\/h3>\n<p>\u00d6n y\u00fckleyicilerde, bom silindirleri malzemelerin etkili bir \u015fekilde kald\u0131r\u0131lmas\u0131 ve bo\u015falt\u0131lmas\u0131 i\u00e7in hayati \u00f6neme sahiptir. Bu silindirlerin sa\u011flad\u0131\u011f\u0131 hidrolik kontrol, operat\u00f6rlerin a\u011f\u0131r y\u00fckleri g\u00fcvenli ve verimli bir \u015fekilde y\u00f6netmelerini sa\u011flayarak makinenin genel performans\u0131n\u0131 art\u0131r\u0131r.<\/p>\n<h2>Tasar\u0131m Hususlar\u0131 ve Se\u00e7im Kriterleri<\/h2>\n<h3>Y\u00fck Kapasitesi<\/h3>\n<p>Bom silindiri se\u00e7erken, y\u00fck ta\u015f\u0131ma kapasitesini anlamak \u00e7ok \u00f6nemlidir. Silindir, g\u00fcvenlik ve performans standartlar\u0131n\u0131 korurken beklenen maksimum y\u00fck\u00fc kald\u0131rabilmelidir. Bu, ta\u015f\u0131nan malzemelerin a\u011f\u0131rl\u0131\u011f\u0131n\u0131, makinenin dinamiklerini ve y\u00fck alt\u0131nda ar\u0131zalar\u0131 \u00f6nlemek i\u00e7in g\u00fcvenlik fakt\u00f6rlerini hesaba katan hesaplamalar\u0131 i\u00e7erir.<\/p>\n<h3>S\u0131zd\u0131rmazl\u0131k Performans\u0131<\/h3>\n<p>S\u0131zd\u0131rmazl\u0131k, hidrolik silindir tasar\u0131m\u0131n\u0131n hayati bir y\u00f6n\u00fcd\u00fcr. Etkili contalar, s\u0131v\u0131 s\u0131z\u0131nt\u0131lar\u0131n\u0131 \u00f6nleyerek hidrolik sistemin verimli \u00e7al\u0131\u015fmas\u0131n\u0131 sa\u011flar. Poli\u00fcretan ve nitril kau\u00e7uk gibi malzemelerden \u00fcretilen y\u00fcksek kaliteli contalar, a\u015f\u0131nmaya ve y\u0131pranmaya dayan\u0131rken bas\u0131n\u00e7 alt\u0131nda b\u00fct\u00fcnl\u00fc\u011f\u00fcn\u00fc korumak i\u00e7in kullan\u0131l\u0131r. Hidrolik s\u0131v\u0131 kayb\u0131n\u0131 \u00f6nlemek ve sistem performans\u0131n\u0131 korumak i\u00e7in contalar\u0131n d\u00fczenli olarak kontrol edilmesi ve de\u011fi\u015ftirilmesi gereklidir.<\/p>\n<h3>Dayan\u0131kl\u0131l\u0131k<\/h3>\n<p>\u00d6zellikle zorlu \u00e7al\u0131\u015fma ortamlar\u0131nda dayan\u0131kl\u0131l\u0131k kritik bir husustur. Silindir a\u015f\u0131nmaya, korozyona ve a\u015f\u0131r\u0131 s\u0131cakl\u0131klara kar\u015f\u0131 dayan\u0131kl\u0131 olmal\u0131d\u0131r. \u00dcreticiler, dayan\u0131kl\u0131l\u0131\u011f\u0131 art\u0131rmak ve \u00fcr\u00fcn\u00fcn performanstan \u00f6d\u00fcn vermeden zorlu ko\u015fullara dayanabilmesini sa\u011flamak i\u00e7in genellikle geli\u015fmi\u015f malzemeler ve kaplamalar kullan\u0131rlar.<\/p>\n<h3>G\u00fcvenlik \u00d6zellikleri<\/h3>\n<p>Hidrolik silindir tasar\u0131m\u0131nda g\u00fcvenlik \u00f6zellikleri son derece \u00f6nemlidir. Bu, silindirin maksimum bas\u0131n\u00e7 ko\u015fullar\u0131nda g\u00fcvenli bir \u015fekilde \u00e7al\u0131\u015fabilmesini ve kazalar\u0131 veya ekipman ar\u0131zalar\u0131n\u0131 \u00f6nlemek i\u00e7in g\u00fcvenlik \u00f6nlemlerinin bulunmas\u0131n\u0131 i\u00e7erir. Bir silindirin g\u00fcvenlik derecelendirmelerini ve sertifikalar\u0131n\u0131 anlamak, end\u00fcstri d\u00fczenlemelerine ve standartlar\u0131na uyumu sa\u011flamak i\u00e7in \u00e7ok \u00f6nemlidir.<\/p>\n<h3>Bak\u0131m Eri\u015filebilirli\u011fi<\/h3>\n<p>\u0130yi tasarlanm\u0131\u015f bir hidrolik silindir, kolay bak\u0131m imkan\u0131 sa\u011flamal\u0131d\u0131r. Bu, ya\u011flama, inceleme ve contalar\u0131n ve di\u011fer bile\u015fenlerin de\u011fi\u015ftirilmesi i\u00e7in eri\u015fim noktalar\u0131n\u0131 i\u00e7erir. D\u00fczenli bak\u0131m, uzun \u00f6m\u00fcr ve optimum performans sa\u011flayarak operat\u00f6rler i\u00e7in ar\u0131za s\u00fcrelerini ve onar\u0131m maliyetlerini azalt\u0131r.<\/p>\n<p><img decoding=\"async\" src=\"https:\/\/www.hydraulic-cylinders.net\/wp-content\/uploads\/2025\/04\/songte-oil-pipes-and-spare-parts.webp\" alt=\"Hidrolik Par\u00e7alar\" \/><\/p>\n<h2>S\u0131zd\u0131rmazl\u0131k ve Ya\u011flama<\/h2>\n<p>Hidrolik silindirlerin sorunsuz \u00e7al\u0131\u015fmas\u0131 i\u00e7in etkili s\u0131zd\u0131rmazl\u0131k ve ya\u011flama uygulamalar\u0131 \u015fartt\u0131r. Piston contalar\u0131 ve mil contalar\u0131 gibi \u00e7e\u015fitli s\u0131zd\u0131rmazl\u0131k bile\u015fenleri, bas\u0131nc\u0131 korumak ve s\u0131z\u0131nt\u0131lar\u0131 \u00f6nlemek i\u00e7in kullan\u0131l\u0131r. Poli\u00fcretan ve nitril kau\u00e7uk gibi dayan\u0131kl\u0131 malzemelerden yap\u0131lm\u0131\u015f contalar\u0131n se\u00e7imi, uzun \u00f6m\u00fcrl\u00fcl\u00fck ve a\u015f\u0131nmaya kar\u015f\u0131 diren\u00e7 sa\u011flamak i\u00e7in kritik \u00f6neme sahiptir.<\/p>\n<p>Ayr\u0131ca, silindir g\u00f6vdesi ve di\u015fli u\u00e7 y\u00fczeyleri a\u015f\u0131nma direncini art\u0131rmak i\u00e7in hassas bir \u015fekilde i\u015flenmi\u015ftir. Hareketli par\u00e7alardaki s\u00fcrt\u00fcnmeyi ve a\u015f\u0131nmay\u0131 azaltmak, verimli \u00e7al\u0131\u015fmay\u0131 sa\u011flamak ve silindirin \u00f6mr\u00fcn\u00fc uzatmak i\u00e7in hidrolik ya\u011f ile d\u00fczenli ya\u011flama gereklidir. Operat\u00f6rler, hasar\u0131 \u00f6nlemek ve optimum performans\u0131 sa\u011flamak i\u00e7in bir ya\u011flama program\u0131 uygulamal\u0131d\u0131r.<\/p>\n<h2>\u00d6nleyici Bak\u0131m \u00d6nlemleri<\/h2>\n<ul>\n<li><strong>D\u00fczenli Denetimler:<\/strong> Hidrolik silindirin ve bile\u015fenlerinin d\u00fczenli olarak kontrol edilmesi, a\u015f\u0131nmay\u0131 ve potansiyel sorunlar\u0131 \u00f6nemli problemler haline gelmeden \u00f6nce tespit etmek i\u00e7in \u00e7ok \u00f6nemlidir. Contalar\u0131, ba\u011flant\u0131lar\u0131 ve silindir g\u00f6vdesini a\u015f\u0131nma veya hasar belirtileri a\u00e7\u0131s\u0131ndan inceleyin.<\/li>\n<li><strong>Uygun Ya\u011flama:<\/strong> Silindirin yeterince ya\u011flanmas\u0131, \u00e7al\u0131\u015fmas\u0131 i\u00e7in hayati \u00f6nem ta\u015f\u0131r. Tavsiye edilen hidrolik ya\u011flar\u0131 kullan\u0131n ve kurumay\u0131 ve hareketli par\u00e7alarda a\u015f\u0131r\u0131 a\u015f\u0131nmay\u0131 \u00f6nlemek i\u00e7in uygun seviyeleri koruyun.<\/li>\n<li><strong>Conta De\u011fi\u015fimi:<\/strong> Contalar\u0131n a\u015f\u0131nma durumunu d\u00fczenli olarak kontrol edin ve gerekti\u011finde de\u011fi\u015ftirin. A\u015f\u0131nm\u0131\u015f contalar s\u0131z\u0131nt\u0131lara ve verimlilik d\u00fc\u015f\u00fc\u015f\u00fcne yol a\u00e7arak hidrolik sistemin genel performans\u0131n\u0131 etkileyebilir.<\/li>\n<\/ul>\n<h2>Kurulum K\u0131lavuzu<\/h2>\n<p>Bom silindirinin do\u011fru montaj\u0131, optimum performans ve g\u00fcvenlik i\u00e7in \u00e7ok \u00f6nemlidir. Do\u011fru montaj i\u00e7in \u015fu ad\u0131mlar\u0131 izleyin:<\/p>\n<ol>\n<li><strong>Haz\u0131rl\u0131k:<\/strong> Kurulumdan \u00f6nce, ekipman\u0131n elektri\u011finin kesildi\u011finden ve t\u00fcm hidrolik bas\u0131nc\u0131n bo\u015falt\u0131ld\u0131\u011f\u0131ndan emin olun. Kurulum i\u00e7in gerekli alet ve bile\u015fenleri haz\u0131rlay\u0131n.<\/li>\n<li><strong>Hizalama:<\/strong> Silindiri makine \u00fczerindeki montaj noktalar\u0131yla do\u011fru \u015fekilde hizalay\u0131n. Uygun montaj braketleri kullanmak, do\u011fru hizalamay\u0131 sa\u011flamaya ve silindiri yerinde sabitlemeye yard\u0131mc\u0131 olabilir.<\/li>\n<li><strong>Ba\u011flant\u0131:<\/strong> Hidrolik hatlar\u0131 dikkatlice ba\u011flay\u0131n ve t\u00fcm ba\u011flant\u0131 noktalar\u0131n\u0131n s\u0131k\u0131 ve s\u0131zd\u0131rmaz oldu\u011fundan emin olun. S\u0131z\u0131nt\u0131lar\u0131 \u00f6nlemek i\u00e7in gerekti\u011finde di\u015fli s\u0131zd\u0131rmazl\u0131k macunu kullanmay\u0131 d\u00fc\u015f\u00fcn\u00fcn.<\/li>\n<li><strong>Test:<\/strong> Kurulumdan sonra, sistemin d\u00fczg\u00fcn \u00e7al\u0131\u015ft\u0131\u011f\u0131ndan emin olmak i\u00e7in test edin. S\u0131z\u0131nt\u0131 olup olmad\u0131\u011f\u0131n\u0131 kontrol edin ve kurulum sorunlar\u0131na i\u015faret edebilecek ola\u011fand\u0131\u015f\u0131 sesler olup olmad\u0131\u011f\u0131n\u0131 dinleyin.<\/li>\n<\/ol>\n<h2>Yayg\u0131n Bak\u0131m G\u00f6revleri<\/h2>\n<ul>\n<li><strong>D\u00fczenli Denetimler:<\/strong> D\u00fczenli kontroller yapmak, potansiyel sorunlar\u0131n erken tespit edilmesini sa\u011flar. A\u015f\u0131nma, s\u0131z\u0131nt\u0131 ve hasar belirtilerine dikkat edin.<\/li>\n<li><strong>Uygun Ya\u011flama:<\/strong> T\u00fcm hareketli par\u00e7alar\u0131n sorunsuz \u00e7al\u0131\u015fmas\u0131n\u0131 sa\u011flamak, s\u00fcrt\u00fcnmeyi ve a\u015f\u0131nmay\u0131 azaltmak i\u00e7in d\u00fczenli ya\u011flama programlar\u0131na uyun.<\/li>\n<li><strong>Conta De\u011fi\u015fimi:<\/strong> Hidrolik verimlili\u011fi korumak ve s\u0131z\u0131nt\u0131lar\u0131 \u00f6nlemek i\u00e7in contalar\u0131n durumunu izleyin ve gerekti\u011finde de\u011fi\u015ftirin.<\/li>\n<\/ul>\n<h2>G\u00fcvenlik Hususlar\u0131 ve \u00c7evresel Fakt\u00f6rler<\/h2>\n<p>Hidrolik silindirler kullan\u0131l\u0131rken, uygun g\u00fcvenlik \u00f6nlemlerinin uygulanmas\u0131 \u00e7ok \u00f6nemlidir. Operat\u00f6rler, y\u00fcksek bas\u0131n\u00e7 tehlikeleri de dahil olmak \u00fczere hidrolik sistemlerle ili\u015fkili potansiyel riskleri ve \u00e7al\u0131\u015fma ve bak\u0131m s\u0131ras\u0131nda g\u00fcvenlik protokollerine uyman\u0131n \u00f6nemini anlamalar\u0131 i\u00e7in e\u011fitilmelidir. Ki\u015fisel koruyucu ekipman (KKD) kullan\u0131m\u0131 ve \u00fcretici y\u00f6nergelerine uyulmas\u0131, g\u00fcvenli kullan\u0131m ve \u00e7al\u0131\u015fmay\u0131 daha da g\u00fcvence alt\u0131na al\u0131r.<\/p>\n<h2>Sorun Giderme ve Yayg\u0131n Sorunlar<\/h2>\n<ul>\n<li><strong>S\u0131z\u0131nt\u0131:<\/strong> S\u0131z\u0131nt\u0131 g\u00f6zlemlenirse, contalar\u0131 ve ba\u011flant\u0131lar\u0131 hasar a\u00e7\u0131s\u0131ndan kontrol edin. A\u015f\u0131nm\u0131\u015f contalar\u0131 de\u011fi\u015ftirin ve s\u0131v\u0131 kayb\u0131n\u0131 \u00f6nlemek i\u00e7in ba\u011flant\u0131lar\u0131n sa\u011flam oldu\u011fundan emin olun.<\/li>\n<li><strong>Yava\u015f Tepki:<\/strong> Yava\u015f tepki, hidrolik s\u0131v\u0131 seviyesinin d\u00fc\u015f\u00fck oldu\u011funu veya sistemde hava bulundu\u011funu g\u00f6sterebilir. S\u0131v\u0131 seviyelerini kontrol edin ve gerekirse sistemi havaland\u0131r\u0131n.<\/li>\n<li><strong>Hareket Yok:<\/strong> Silindir hareket etmiyorsa, t\u0131kan\u0131kl\u0131k olup olmad\u0131\u011f\u0131n\u0131 kontrol edin, hidrolik bas\u0131nc\u0131n yeterli oldu\u011fundan emin olun ve de\u011fi\u015ftirilmesi gerekebilecek hasarl\u0131 par\u00e7alar\u0131 kontrol edin.<\/li>\n<\/ul>\n<h2>Sorun Giderme \u0130pu\u00e7lar\u0131<\/h2>\n<p>Hidrolik silindirlerle ilgili sorunlar\u0131 etkili bir \u015fekilde te\u015fhis etmek ve \u00e7\u00f6zmek i\u00e7in \u015fu sorun giderme ipu\u00e7lar\u0131n\u0131 izleyin:<\/p>\n<ul>\n<li><strong>D\u00fczenli Bak\u0131m:<\/strong> Sistemdeki sorunlar\u0131 erken tespit etmek ve sistemin verimli \u00e7al\u0131\u015fmas\u0131n\u0131 sa\u011flamak i\u00e7in \u00f6nleyici bak\u0131m program\u0131 uygulay\u0131n.<\/li>\n<li><strong>Performans \u0130zleme:<\/strong> Hidrolik silindirin performans\u0131n\u0131 takip edin. Ciddi hasar\u0131 \u00f6nlemek i\u00e7in herhangi bir d\u00fczensizlik derhal incelenmelidir.<\/li>\n<li><strong>Dan\u0131\u015fmanl\u0131k Profesyonelleri:<\/strong> Sorunlar devam ederse, hidrolik sistem uzmanlar\u0131na dan\u0131\u015fmak, onar\u0131mlar i\u00e7in de\u011ferli bilgiler ve \u00f6neriler sa\u011flayabilir.<\/li>\n<\/ul>\n<p><img decoding=\"async\" src=\"https:\/\/www.hydraulic-cylinders.net\/wp-content\/uploads\/2025\/04\/songte-bushings-with-all-kinds-of-excavator-models.webp\" alt=\"Bur\u00e7lar\" \/><\/p>\n<h2>\u015eirket Genel Bak\u0131\u015f\u0131<\/h2>\n<p>\u00d6nde gelen yedek hidrolik silindir \u00fcreticisi olarak, hem yerel hem de uluslararas\u0131 pazarlara hitap eden kapsaml\u0131 bir \u00fcr\u00fcn yelpazesi sunuyoruz. M\u00fckemmelli\u011fe olan ba\u011fl\u0131l\u0131\u011f\u0131m\u0131z, geli\u015fmi\u015f bir \u00fcretim stratejisi ve kaliteye odaklanma ile desteklenmektedir. Hassas \u00fcretime \u00f6nem veren \u00fcretim tesislerimiz, y\u00fcksek kalite kontrol standartlar\u0131n\u0131 sa\u011flamak i\u00e7in geli\u015fmi\u015f teknoloji ve yetenekli teknisyenlerle donat\u0131lm\u0131\u015ft\u0131r.<\/p>\n<p>\u00d6zel \u00e7\u00f6z\u00fcmler konusundaki uzmanl\u0131\u011f\u0131m\u0131z, m\u00fc\u015fterilerimizin \u00e7e\u015fitli ihtiya\u00e7lar\u0131n\u0131 kar\u015f\u0131lamam\u0131z\u0131 sa\u011flarken, uluslararas\u0131 sertifikalar\u0131m\u0131z da k\u00fcresel \u00fcretim standartlar\u0131na ba\u011fl\u0131l\u0131\u011f\u0131m\u0131z\u0131 kan\u0131tlamaktad\u0131r. \u00dcretim ekipmanlar\u0131ndan sat\u0131\u015f sonras\u0131 hizmete kadar, m\u00fc\u015fteri memnuniyetine \u00f6ncelik veriyor ve m\u00fc\u015fterilerimizle uzun s\u00fcreli ili\u015fkiler kurmaya \u00e7al\u0131\u015f\u0131yoruz.<\/p>\n<p><img decoding=\"async\" src=\"https:\/\/www.hydraulic-cylinders.net\/wp-content\/uploads\/2025\/04\/songte-company-4.webp\" alt=\"\u015eirket Genel Bak\u0131\u015f\u0131\" \/><br \/>\n<img decoding=\"async\" src=\"https:\/\/www.hydraulic-cylinders.net\/wp-content\/uploads\/2025\/04\/songte-company-3.webp\" alt=\"\u015eirket Tesisleri\" \/><\/p>\n<p>Yazar: lyl<\/p>","protected":false},"excerpt":{"rendered":"<p>Boom Cylinder For Volwa Cane Unloader DLS210-9A Product Overview The Boom Cylinder For Volwa Cane Unloader DLS210-9A is a crucial hydraulic component designed specifically for enhancing the functionality of heavy machinery like cane unloaders. This type of hydraulic cylinder is responsible for controlling the movement of the bucket in various heavy-duty applications, such as excavators, [&hellip;]<\/p>","protected":false},"featured_media":17870,"comment_status":"open","ping_status":"closed","template":"","meta":{"_et_pb_use_builder":"","_et_pb_old_content":"","_et_gb_content_width":""},"product_brand":[],"product_cat":[1546],"product_tag":[1547,1496],"class_list":{"0":"post-19622","1":"product","2":"type-product","3":"status-publish","4":"has-post-thumbnail","6":"product_cat-boom-cylinders","7":"product_tag-boom-cylinders","8":"product_tag-hydraulic-cylinders","10":"first","11":"instock","12":"shipping-taxable","13":"product-type-simple"},"amp_enabled":true,"_links":{"self":[{"href":"https:\/\/www.hydraulic-cylinders.net\/tr\/wp-json\/wp\/v2\/product\/19622","targetHints":{"allow":["GET"]}}],"collection":[{"href":"https:\/\/www.hydraulic-cylinders.net\/tr\/wp-json\/wp\/v2\/product"}],"about":[{"href":"https:\/\/www.hydraulic-cylinders.net\/tr\/wp-json\/wp\/v2\/types\/product"}],"replies":[{"embeddable":true,"href":"https:\/\/www.hydraulic-cylinders.net\/tr\/wp-json\/wp\/v2\/comments?post=19622"}],"wp:featuredmedia":[{"embeddable":true,"href":"https:\/\/www.hydraulic-cylinders.net\/tr\/wp-json\/wp\/v2\/media\/17870"}],"wp:attachment":[{"href":"https:\/\/www.hydraulic-cylinders.net\/tr\/wp-json\/wp\/v2\/media?parent=19622"}],"wp:term":[{"taxonomy":"product_brand","embeddable":true,"href":"https:\/\/www.hydraulic-cylinders.net\/tr\/wp-json\/wp\/v2\/product_brand?post=19622"},{"taxonomy":"product_cat","embeddable":true,"href":"https:\/\/www.hydraulic-cylinders.net\/tr\/wp-json\/wp\/v2\/product_cat?post=19622"},{"taxonomy":"product_tag","embeddable":true,"href":"https:\/\/www.hydraulic-cylinders.net\/tr\/wp-json\/wp\/v2\/product_tag?post=19622"}],"curies":[{"name":"wp","href":"https:\/\/api.w.org\/{rel}","templated":true}]}}