{"id":19624,"date":"2025-04-07T06:58:08","date_gmt":"2025-04-07T06:58:08","guid":{"rendered":"https:\/\/www.hydraulic-cylinders.net\/product\/boom-cylinder-for-volwa-cane-unloader-dls880-9ag\/"},"modified":"2025-04-07T06:58:11","modified_gmt":"2025-04-07T06:58:11","slug":"boom-cylinder-for-volwa-cane-unloader-dls880-9ag","status":"publish","type":"product","link":"https:\/\/www.hydraulic-cylinders.net\/tr\/urun\/boom-cylinder-for-volwa-cane-unloader-dls880-9ag\/","title":{"rendered":"Volwa Kam\u0131\u015f Bo\u015falt\u0131c\u0131 DLS880-9AG i\u00e7in Bom Silindiri"},"content":{"rendered":"<h1>Volwa Kam\u0131\u015f Bo\u015falt\u0131c\u0131 DLS880-9AG i\u00e7in Bom Silindiri<\/h1>\n<h2>\u00dcr\u00fcn Genel Bak\u0131\u015f\u0131<\/h2>\n<p>Volwa DLS880-9AG \u015feker kam\u0131\u015f\u0131 bo\u015faltma makinesi i\u00e7in bom silindiri, \u00f6zellikle tar\u0131m sekt\u00f6r\u00fcnde a\u011f\u0131r makinelerin hareketini kontrol etmek i\u00e7in tasarlanm\u0131\u015f \u00f6zel bir hidrolik silindirdir. Bu silindirler, malzeme ta\u015f\u0131ma g\u00f6revleri i\u00e7in gerekli olan kep\u00e7e gibi ata\u015fmanlar\u0131 kald\u0131rmak, indirmek ve e\u011fmek i\u00e7in gereken kuvveti sa\u011flayarak hidrolik sistemlerde \u00e7ok \u00f6nemli bir rol oynar. \u00d6zellikle kep\u00e7e silindirleri, ekskavat\u00f6rler, kaz\u0131c\u0131 y\u00fckleyiciler ve \u00f6n y\u00fckleyiciler gibi \u00e7e\u015fitli a\u011f\u0131r hizmet ekipmanlar\u0131nda kep\u00e7enin hareketini y\u00f6neten hidrolik pistonlard\u0131r. Kep\u00e7enin hareketleri \u00fczerinde hassas kontrol sa\u011flayarak, malzemelerin etkili bir \u015fekilde kaz\u0131lmas\u0131n\u0131, y\u00fcklenmesini ve ta\u015f\u0131nmas\u0131n\u0131 m\u00fcmk\u00fcn k\u0131larlar.<\/p>\n<p><img decoding=\"async\" src=\"https:\/\/www.hydraulic-cylinders.net\/wp-content\/uploads\/2025\/04\/songte-company-1.webp\" alt=\"Volwa \u015eeker Kam\u0131\u015f\u0131 Bo\u015faltma Makinesi i\u00e7in Bom Silindiri\" \/><\/p>\n<h2>Bom Silindirinin \u00d6zellikleri<\/h2>\n<ul>\n<li><strong>Y\u00fcksek Dayan\u0131kl\u0131l\u0131k ve Dayan\u0131kl\u0131l\u0131k:<\/strong> Y\u00fcksek mukavemetli \u00e7elik veya al\u00fcminyumdan \u00fcretilen bu silindirler, y\u00fcksek bas\u0131nca ve a\u011f\u0131r y\u00fcklere dayanabilir, bu da onlar\u0131 zorlu \u00e7al\u0131\u015fma ortamlar\u0131 i\u00e7in uygun hale getirir. Tasar\u0131mlar\u0131 a\u015f\u0131nma ve korozyon direncini de i\u00e7ererek kullan\u0131m \u00f6mr\u00fcn\u00fc uzat\u0131r.<\/li>\n<li><strong>Verimli Hidrolik \u00c7al\u0131\u015fma:<\/strong> Hidrolik ya\u011f\u0131n bas\u0131nc\u0131n\u0131 kullanan silindir, d\u00fczg\u00fcn uzama ve geri \u00e7ekilme sa\u011flayarak kontrol komutlar\u0131na h\u0131zl\u0131 yan\u0131t verir ve a\u011f\u0131r ve karma\u015f\u0131k i\u015fler i\u00e7in ideal olan \u00f6nemli bir itme ve \u00e7ekme kuvveti sunar.<\/li>\n<li><strong>\u00c7e\u015fitli T\u00fcrler:<\/strong> \u00c7e\u015fitli \u00e7al\u0131\u015fma ihtiya\u00e7lar\u0131n\u0131 kar\u015f\u0131lamak \u00fczere tek y\u00f6nl\u00fc (tek y\u00f6nde \u00e7al\u0131\u015fan) veya \u00e7ift y\u00f6nl\u00fc (iki y\u00f6nde \u00e7al\u0131\u015fan) konfig\u00fcrasyonlarda mevcuttur. Baz\u0131 modeller teleskopiktir ve d\u0131\u015f boyutlar\u0131 art\u0131rmadan daha fazla uzatmaya olanak tan\u0131yarak, alan k\u0131s\u0131tlamal\u0131 uygulamalar i\u00e7in m\u00fckemmeldir.<\/li>\n<\/ul>\n<h2>\u00dcretim Kapasitesi<\/h2>\n<p>Bu \u00fcr\u00fcn\u00fc \u00fcretebilecek kapasitedeyiz ve silindirlerimiz piyasadaki \u00e7e\u015fitli hidrolik silindirlerin yerini m\u00fckemmel bir \u015fekilde alabilir.<\/p>\n<p><img decoding=\"async\" src=\"https:\/\/www.hydraulic-cylinders.net\/wp-content\/uploads\/2025\/04\/songte-cylinder-head-with-all-kinds-excavator-models.webp\" alt=\"Silindir \u00dcretimi\" \/><\/p>\n<h2>Bom Silindirinin Uygulamalar\u0131<\/h2>\n<h3>\u0130n\u015faat Ekipmanlar\u0131<\/h3>\n<p>Ekskavat\u00f6rlerde, bom silindirleri topra\u011f\u0131 veya molozu verimli bir \u015fekilde kazmak, y\u00fcklemek ve ta\u015f\u0131mak i\u00e7in hayati \u00f6neme sahiptir. Hem kazma hem de kald\u0131rma i\u015flemlerine yard\u0131mc\u0131 olarak in\u015faat operasyonlar\u0131n\u0131n genel verimlili\u011fine katk\u0131da bulunurlar.<\/p>\n<h3>Tar\u0131m Makinalar\u0131<\/h3>\n<p>\u00d6n y\u00fckleyicilerde bu silindirler, toprak, saman ve di\u011fer malzemelerin kep\u00e7elenmesi, kald\u0131r\u0131lmas\u0131 ve ta\u015f\u0131nmas\u0131 i\u00e7in hayati \u00f6neme sahiptir. Hassas kontrol yetenekleri, tar\u0131msal i\u015flerin verimlili\u011fini art\u0131rarak onlar\u0131 tar\u0131m operasyonlar\u0131nda vazge\u00e7ilmez bir unsur haline getirir.<\/p>\n<h3>Ekskavat\u00f6rler<\/h3>\n<p>Ekskavat\u00f6rlerde, bom silindiri kep\u00e7enin topra\u011fa n\u00fcfuz etmesini sa\u011flayarak etkili kazma i\u015flemlerini kolayla\u015ft\u0131r\u0131r. Bu \u00f6zellik, hendek a\u00e7ma ve saha haz\u0131rl\u0131\u011f\u0131 gibi \u00e7e\u015fitli i\u015fler i\u00e7in \u00e7ok \u00f6nemlidir.<\/p>\n<h3>Y\u00fckleyiciler<\/h3>\n<p>\u00d6n y\u00fckleyicilerde, bom silindiri y\u00fcklerin verimli bir \u015fekilde kald\u0131r\u0131lmas\u0131na ve bo\u015falt\u0131lmas\u0131na yard\u0131mc\u0131 olur. A\u011f\u0131r malzemeleri etkili bir \u015fekilde ta\u015f\u0131ma yetene\u011fi, y\u00fckleyicileri in\u015faat ve malzeme ta\u015f\u0131ma i\u015flerinde vazge\u00e7ilmez k\u0131lar.<\/p>\n<h2>Tasar\u0131m Hususlar\u0131 ve Se\u00e7im Kriterleri<\/h2>\n<h3>Y\u00fck Kapasitesi<\/h3>\n<p>Hidrolik silindir se\u00e7erken y\u00fck kapasitesi son derece \u00f6nemlidir. Silindir, ta\u015f\u0131nan malzemelerin a\u011f\u0131rl\u0131\u011f\u0131n\u0131 ar\u0131za riski olmadan ta\u015f\u0131yabilmelidir. M\u00fchendisler, maksimum y\u00fck\u00fc hesaplamal\u0131 ve beklenmedik y\u00fckleri kar\u015f\u0131lamak i\u00e7in bir g\u00fcvenlik pay\u0131 da hesaba katarak en az bu miktarda y\u00fck ta\u015f\u0131yabilen bir silindir se\u00e7melidir.<\/p>\n<h3>S\u0131zd\u0131rmazl\u0131k Performans\u0131<\/h3>\n<p>Etkili s\u0131zd\u0131rmazl\u0131k, performans d\u00fc\u015f\u00fc\u015f\u00fcne ve \u00e7evresel tehlikelere yol a\u00e7abilen hidrolik s\u0131v\u0131 s\u0131z\u0131nt\u0131s\u0131n\u0131 \u00f6nlemek i\u00e7in \u00e7ok \u00f6nemlidir. \u00c7e\u015fitli bas\u0131n\u00e7 ko\u015fullar\u0131 alt\u0131nda uygun s\u0131zd\u0131rmazl\u0131\u011f\u0131 sa\u011flamak i\u00e7in poli\u00fcretan veya nitril kau\u00e7uk gibi dayan\u0131kl\u0131 malzemelerden yap\u0131lm\u0131\u015f y\u00fcksek kaliteli contalar kullan\u0131lmal\u0131d\u0131r. Hidrolik verimlili\u011fi korumak ve maliyetli onar\u0131mlar\u0131 \u00f6nlemek i\u00e7in contalar\u0131n d\u00fczenli bak\u0131m\u0131 ve kontrol\u00fc \u015fartt\u0131r.<\/p>\n<h3>Dayan\u0131kl\u0131l\u0131k<\/h3>\n<p>Hidrolik silindirin dayan\u0131kl\u0131l\u0131\u011f\u0131, malzeme se\u00e7imi ve \u00fcretim s\u00fcre\u00e7lerinden etkilenir. A\u015f\u0131nmaya ve korozyona dayan\u0131kl\u0131 y\u00fcksek kaliteli malzemeler, silindirin \u00f6mr\u00fcn\u00fc uzat\u0131r. Ek olarak, y\u00fczey sertle\u015ftirme ve geli\u015fmi\u015f kaplamalar gibi i\u015flemler, silindirin dayan\u0131kl\u0131l\u0131\u011f\u0131n\u0131 art\u0131rarak zorlu ortamlarda iyi performans g\u00f6stermesini sa\u011flar.<\/p>\n<h3>G\u00fcvenlik \u00d6zellikleri<\/h3>\n<p>Hidrolik silindir tasar\u0131m\u0131nda g\u00fcvenlik kritik bir husustur. Felaketle sonu\u00e7lanabilecek ar\u0131zalar\u0131 \u00f6nlemek i\u00e7in bas\u0131n\u00e7 tahliye vanalar\u0131 ve acil durdurma mekanizmalar\u0131 gibi \u00f6zellikler dahil edilmelidir. Hidrolik makineleri kullanan personelin g\u00fcvenli\u011fini sa\u011flamak i\u00e7in g\u00fcvenli \u00e7al\u0131\u015fma ve bak\u0131m uygulamalar\u0131 konusunda do\u011fru e\u011fitim de hayati \u00f6nem ta\u015f\u0131r.<\/p>\n<h3>Bak\u0131m ve Servis Kolayl\u0131\u011f\u0131<\/h3>\n<p>Hidrolik silindirlerin kullan\u0131m \u00f6mr\u00fcn\u00fc en \u00fcst d\u00fczeye \u00e7\u0131karmak i\u00e7in bak\u0131m kolayl\u0131\u011f\u0131na y\u00f6nelik tasar\u0131m \u015fartt\u0131r. Bu, bile\u015fenlere inceleme veya de\u011fi\u015ftirme i\u00e7in kolayca eri\u015filebilmesini sa\u011flamay\u0131 i\u00e7erir. A\u015f\u0131nma, ya\u011flama ihtiya\u00e7lar\u0131 ve conta b\u00fct\u00fcnl\u00fc\u011f\u00fcn\u00fc kontrol etmek ve beklenmedik ar\u0131zalar\u0131 \u00f6nlemek i\u00e7in d\u00fczenli bak\u0131m programlar\u0131 olu\u015fturulmal\u0131d\u0131r.<\/p>\n<p><img decoding=\"async\" src=\"https:\/\/www.hydraulic-cylinders.net\/wp-content\/uploads\/2025\/04\/songte-oil-pipes-and-spare-parts.webp\" alt=\"Hidrolik Bile\u015fenler\" \/><\/p>\n<h2>S\u0131zd\u0131rmazl\u0131k ve Ya\u011flama<\/h2>\n<p>Hidrolik silindirlerin performans\u0131 i\u00e7in etkili s\u0131zd\u0131rmazl\u0131k ve ya\u011flama hayati \u00f6nem ta\u015f\u0131r. Piston contalar\u0131 ve mil contalar\u0131 gibi \u00e7e\u015fitli contalar, s\u0131v\u0131 s\u0131z\u0131nt\u0131s\u0131n\u0131 ve kirlenmeyi \u00f6nlemek i\u00e7in kullan\u0131l\u0131r. Poli\u00fcretan ve nitril kau\u00e7uk gibi a\u015f\u0131nmaya dayan\u0131kl\u0131 malzemelerden yap\u0131lm\u0131\u015f contalar, uzun \u00f6m\u00fcrl\u00fc performans i\u00e7in gereklidir. Ayr\u0131ca, silindir g\u00f6vdesi ve di\u015fli u\u00e7 y\u00fczeyleri, a\u015f\u0131nma direncini art\u0131rmak i\u00e7in hassas i\u015fleme tabi tutulmal\u0131d\u0131r. Hidrolik ya\u011f ile d\u00fczenli ya\u011flama, s\u00fcrt\u00fcnmeyi ve a\u015f\u0131nmay\u0131 azaltarak sorunsuz \u00e7al\u0131\u015fmay\u0131 sa\u011flad\u0131\u011f\u0131 i\u00e7in \u00e7ok \u00f6nemlidir.<\/p>\n<h2>D\u00fczenli Denetimler ve \u00d6nleyici Bak\u0131m<\/h2>\n<ul>\n<li><strong>Rutin Denetimler:<\/strong> A\u015f\u0131nma, korozyon veya s\u0131z\u0131nt\u0131 belirtilerini kontrol etmek i\u00e7in d\u00fczenli g\u00f6rsel incelemeler yap\u0131n. Sorunlar\u0131n erken tespiti, ilerleyen zamanlarda daha b\u00fcy\u00fck sorunlar\u0131n \u00f6nlenmesine yard\u0131mc\u0131 olabilir.<\/li>\n<li><strong>Uygun Ya\u011flama:<\/strong> Hidrolik ya\u011f\u0131n gerekti\u011fi gibi tamamland\u0131\u011f\u0131ndan emin olun ve performans\u0131 etkileyebilecek kirlenmeyi \u00f6nlemek i\u00e7in sistemi temiz tutun.<\/li>\n<li><strong>Conta De\u011fi\u015fimi:<\/strong> Hidrolik b\u00fct\u00fcnl\u00fc\u011f\u00fc ve performans\u0131 korumak i\u00e7in contalar\u0131 d\u00fczenli olarak a\u015f\u0131nma a\u00e7\u0131s\u0131ndan kontrol edin ve gerekti\u011finde de\u011fi\u015ftirin.<\/li>\n<\/ul>\n<h2>Kurulum Talimatlar\u0131<\/h2>\n<p>Hidrolik silindirlerin do\u011fru montaj\u0131, optimum performans i\u00e7in kritik \u00f6neme sahiptir. Gereksiz gerilimi \u00f6nlemek i\u00e7in silindirin montaj noktalar\u0131yla do\u011fru \u015fekilde hizaland\u0131\u011f\u0131ndan emin olarak i\u015fe ba\u015flay\u0131n. Silindiri sa\u011flam bir \u015fekilde sabitlemek i\u00e7in uygun montaj braketleri kullan\u0131n. S\u0131z\u0131nt\u0131lar\u0131 \u00f6nlemek i\u00e7in t\u00fcm ba\u011flant\u0131lar\u0131n s\u0131k\u0131 oldu\u011fundan emin olarak, hidrolik ba\u011flant\u0131lar i\u00e7in \u00fcreticinin talimatlar\u0131n\u0131 izleyin. Hidrolik hatlar\u0131 ba\u011flarken, do\u011fru hortum uzunluklar\u0131n\u0131 kullan\u0131n ve hasara yol a\u00e7abilecek keskin k\u0131vr\u0131mlardan ka\u00e7\u0131n\u0131n. Kurulumdan sonra, tam \u00f6l\u00e7ekli kullan\u0131mdan \u00f6nce s\u0131z\u0131nt\u0131lar\u0131 ve do\u011fru \u00e7al\u0131\u015fmay\u0131 kontrol etmek i\u00e7in sistemi d\u00fc\u015f\u00fck bas\u0131n\u00e7ta test edin.<\/p>\n<h2>Yayg\u0131n Bak\u0131m G\u00f6revleri<\/h2>\n<ul>\n<li><strong>D\u00fczenli Denetimler:<\/strong> Silindirin ve \u00e7evresindeki bile\u015fenlerin durumunu izlemek i\u00e7in d\u00fczenli kontroller planlay\u0131n; a\u015f\u0131nma, s\u0131z\u0131nt\u0131 veya hasar belirtileri aray\u0131n.<\/li>\n<li><strong>Uygun Ya\u011flama:<\/strong> D\u00fczenli bir ya\u011flama program\u0131 uygulayarak, hidrolik ya\u011f seviyesinin uygun d\u00fczeyde olmas\u0131n\u0131 ve sistemin kirlenmeyi \u00f6nlemek i\u00e7in temiz kalmas\u0131n\u0131 sa\u011flay\u0131n.<\/li>\n<li><strong>Conta De\u011fi\u015fimi ve Kalibrasyonu:<\/strong> S\u0131zd\u0131rmazl\u0131k elemanlar\u0131n\u0131n durumunu izleyin ve gerekti\u011finde de\u011fi\u015ftirin. Hidrolik sistemin d\u00fczenli kalibrasyonu, optimum performans ve g\u00fcvenlik sa\u011flar.<\/li>\n<\/ul>\n<h2>G\u00fcvenlik Hususlar\u0131 ve \u00c7evresel Fakt\u00f6rler<\/h2>\n<p>Hidrolik silindirler kullan\u0131l\u0131rken g\u00fcvenlik \u00f6nlemleri son derece \u00f6nemlidir. Kaza riskini azaltmak i\u00e7in operat\u00f6rler g\u00fcvenli kullan\u0131m uygulamalar\u0131 konusunda e\u011fitilmelidir. Y\u00fcksek bas\u0131n\u00e7 s\u0131z\u0131nt\u0131lar\u0131 gibi hidrolik sistemlerle ili\u015fkili potansiyel tehlikeleri anlamak ve uygun \u00f6nlemleri almak \u00e7ok \u00f6nemlidir. Hidrolik s\u0131v\u0131 d\u00f6k\u00fclmelerinin etkisi de dahil olmak \u00fczere \u00e7evresel fakt\u00f6rler de dikkate al\u0131nmal\u0131d\u0131r. T\u00fcm hidrolik sistemlerin d\u00fczg\u00fcn bir \u015fekilde muhafaza edilmesi ve bak\u0131m\u0131n\u0131n yap\u0131lmas\u0131, \u00e7evresel riskleri azaltabilir.<\/p>\n<h2>Ar\u0131za Te\u015fhisi ve Yayg\u0131n Sorunlar<\/h2>\n<ul>\n<li><strong>Bas\u0131n\u00e7 Kayb\u0131:<\/strong> Bu durum, sistemdeki s\u0131z\u0131nt\u0131lardan, yetersiz s\u0131v\u0131 seviyelerinden veya ar\u0131zal\u0131 contalardan kaynaklanabilir. D\u00fczenli kontroller, bu sorunlar\u0131n erken tespit edilmesine ve giderilmesine yard\u0131mc\u0131 olabilir.<\/li>\n<li><strong>Yava\u015f \u00c7al\u0131\u015fma:<\/strong> Yava\u015f hareket eden bir silindir, hidrolik s\u0131v\u0131 seviyesinin d\u00fc\u015f\u00fck oldu\u011funu veya kirlendi\u011fini g\u00f6sterebilir. Hidrolik s\u0131v\u0131n\u0131n temiz ve do\u011fru seviyede olmas\u0131, performans\u0131 korumak i\u00e7in \u00e7ok \u00f6nemlidir.<\/li>\n<li><strong>Al\u0131\u015f\u0131lmad\u0131k Sesler:<\/strong> G\u0131c\u0131rdama veya t\u0131k\u0131rt\u0131 sesleri genellikle mekanik sorunlar\u0131 veya yetersiz ya\u011flamay\u0131 g\u00f6sterir. Daha fazla hasar\u0131 \u00f6nlemek i\u00e7in derhal kontrol edilmesi gerekir.<\/li>\n<\/ul>\n<h2>Sorun Giderme \u0130pu\u00e7lar\u0131<\/h2>\n<p>Hidrolik silindirlerdeki sorunlar\u0131 te\u015fhis ederken, \u00f6ncelikle g\u00f6r\u00fcn\u00fcr s\u0131z\u0131nt\u0131lar\u0131 kontrol edin ve t\u00fcm ba\u011flant\u0131lar\u0131n sa\u011flam oldu\u011fundan emin olun. Filtrelerin temizlenmesi ve de\u011fi\u015ftirilmesi de dahil olmak \u00fczere d\u00fczenli bak\u0131m, bir\u00e7ok yayg\u0131n sorunu \u00f6nleyebilir. D\u00fc\u015f\u00fck bas\u0131n\u00e7 tespit edilirse, s\u0131v\u0131 seviyelerini do\u011frulay\u0131n ve hidrolik hatlardaki t\u0131kan\u0131kl\u0131klar\u0131 inceleyin. Bu sorunlar\u0131 erken tespit edip gidermek, ar\u0131za s\u00fcresini en aza indirebilir ve silindirin \u00f6mr\u00fcn\u00fc uzatabilir.<\/p>\n<p><img decoding=\"async\" src=\"https:\/\/www.hydraulic-cylinders.net\/wp-content\/uploads\/2025\/04\/songte-bushings-with-all-kinds-of-excavator-models.webp\" alt=\"Hidrolik Bur\u00e7lar\" \/><\/p>\n<h2>\u015eirket Profili<\/h2>\n<p>\u00d6nde gelen hidrolik silindir yedek par\u00e7a \u00fcreticilerinden biriyiz ve kapsaml\u0131 \u00fcr\u00fcn yelpazemiz bizi hem yurt i\u00e7i hem de uluslararas\u0131 pazarlarda en \u00f6nde gelen \u00fcretici ve distrib\u00fct\u00f6rlerden biri konumuna getirmi\u015ftir. Geli\u015fmi\u015f \u00fcretim at\u00f6lyelerimizde end\u00fcstriyel bir \u00fcretim y\u00f6netim stratejisine dayanarak \u00fcst\u00fcn kalite prensiplerine ba\u011fl\u0131 kal\u0131yoruz. \u015eirketimiz, yetenekli teknisyenler, geli\u015fmi\u015f dijital \u00fcretim ekipmanlar\u0131 ve \u00f6zel test sistemleri kullanarak \u00fcretim platformunu s\u00fcrekli olarak geli\u015ftiriyor ve m\u00fc\u015fterilerimizin \u00e7e\u015fitli ihtiya\u00e7lar\u0131n\u0131 y\u00fcksek verimlilik, hassasiyet ve kaliteyle kar\u015f\u0131lamay\u0131 sa\u011fl\u0131yor.<\/p>\n<p><img decoding=\"async\" src=\"https:\/\/www.hydraulic-cylinders.net\/wp-content\/uploads\/2025\/04\/songte-company-4.webp\" alt=\"\u015eirket Genel Bak\u0131\u015f\u0131\" \/><br \/>\n<img decoding=\"async\" src=\"https:\/\/www.hydraulic-cylinders.net\/wp-content\/uploads\/2025\/04\/songte-company-3.webp\" alt=\"\u00dcretim Tesisi\" \/><\/p>\n<p>Sonu\u00e7 olarak, profesyonelli\u011fimiz, uluslararas\u0131 sertifikalar\u0131m\u0131z, \u00f6zel hizmetlerimiz, geli\u015fmi\u015f \u00fcretim ekipmanlar\u0131m\u0131z ve g\u00fcvenilir sat\u0131\u015f sonras\u0131 deste\u011fimizle gurur duyuyoruz; bunlar\u0131n hepsi en y\u00fcksek kalitede hidrolik silindirler sunma taahh\u00fcd\u00fcm\u00fcze katk\u0131da bulunuyor.<\/p>\n<p>Yazar: lyl<\/p>","protected":false},"excerpt":{"rendered":"<p>Boom Cylinder For Volwa Cane Unloader DLS880-9AG Product Overview The Boom Cylinder for Volwa Cane Unloader DLS880-9AG is a specialized hydraulic cylinder designed to control the movement of heavy machinery, particularly in the agricultural sector. These cylinders play a crucial role in hydraulic systems by providing the necessary force to lift, lower, and tilt attachments [&hellip;]<\/p>","protected":false},"featured_media":17872,"comment_status":"open","ping_status":"closed","template":"","meta":{"_et_pb_use_builder":"","_et_pb_old_content":"","_et_gb_content_width":""},"product_brand":[],"product_cat":[1546],"product_tag":[1547,1496],"class_list":{"0":"post-19624","1":"product","2":"type-product","3":"status-publish","4":"has-post-thumbnail","6":"product_cat-boom-cylinders","7":"product_tag-boom-cylinders","8":"product_tag-hydraulic-cylinders","10":"first","11":"instock","12":"shipping-taxable","13":"product-type-simple"},"amp_enabled":true,"_links":{"self":[{"href":"https:\/\/www.hydraulic-cylinders.net\/tr\/wp-json\/wp\/v2\/product\/19624","targetHints":{"allow":["GET"]}}],"collection":[{"href":"https:\/\/www.hydraulic-cylinders.net\/tr\/wp-json\/wp\/v2\/product"}],"about":[{"href":"https:\/\/www.hydraulic-cylinders.net\/tr\/wp-json\/wp\/v2\/types\/product"}],"replies":[{"embeddable":true,"href":"https:\/\/www.hydraulic-cylinders.net\/tr\/wp-json\/wp\/v2\/comments?post=19624"}],"wp:featuredmedia":[{"embeddable":true,"href":"https:\/\/www.hydraulic-cylinders.net\/tr\/wp-json\/wp\/v2\/media\/17872"}],"wp:attachment":[{"href":"https:\/\/www.hydraulic-cylinders.net\/tr\/wp-json\/wp\/v2\/media?parent=19624"}],"wp:term":[{"taxonomy":"product_brand","embeddable":true,"href":"https:\/\/www.hydraulic-cylinders.net\/tr\/wp-json\/wp\/v2\/product_brand?post=19624"},{"taxonomy":"product_cat","embeddable":true,"href":"https:\/\/www.hydraulic-cylinders.net\/tr\/wp-json\/wp\/v2\/product_cat?post=19624"},{"taxonomy":"product_tag","embeddable":true,"href":"https:\/\/www.hydraulic-cylinders.net\/tr\/wp-json\/wp\/v2\/product_tag?post=19624"}],"curies":[{"name":"wp","href":"https:\/\/api.w.org\/{rel}","templated":true}]}}