{"id":19625,"date":"2025-04-07T06:58:11","date_gmt":"2025-04-07T06:58:11","guid":{"rendered":"https:\/\/www.hydraulic-cylinders.net\/product\/boom-cylinder-for-volwa-cane-unloader-dls118-9a\/"},"modified":"2025-04-07T06:58:13","modified_gmt":"2025-04-07T06:58:13","slug":"boom-cylinder-for-volwa-cane-unloader-dls118-9a","status":"publish","type":"product","link":"https:\/\/www.hydraulic-cylinders.net\/tr\/urun\/boom-cylinder-for-volwa-cane-unloader-dls118-9a\/","title":{"rendered":"Volwa Kam\u0131\u015f Bo\u015falt\u0131c\u0131 DLS118-9A i\u00e7in Bom Silindiri"},"content":{"rendered":"<h1>Volwa Kam\u0131\u015f Bo\u015falt\u0131c\u0131 DLS118-9A i\u00e7in Bom Silindiri<\/h1>\n<h2>Bom Silindirine Genel Bak\u0131\u015f<\/h2>\n<p>Bom Silindiri, ekskavat\u00f6rler, beko-y\u00fckleyiciler ve \u00f6n y\u00fckleyiciler gibi a\u011f\u0131r makinelerin kep\u00e7elerinin hareketini kontrol etmek i\u00e7in \u00f6zel olarak tasarlanm\u0131\u015f hidrolik sistemlerde \u00f6nemli bir bile\u015fendir. Bu hidrolik silindir, kep\u00e7enin kald\u0131rma, indirme ve yat\u0131rma i\u015flemlerini ger\u00e7ekle\u015ftirerek verimli malzeme ta\u015f\u0131ma g\u00f6revlerini kolayla\u015ft\u0131r\u0131r. Hidrolik bas\u0131n\u00e7tan yararlanan bu silindirler, b\u00fcy\u00fck y\u00fckleri manevra etmek i\u00e7in gerekli kuvveti sa\u011flayarak \u00e7e\u015fitli end\u00fcstriyel ve tar\u0131msal uygulamalarda vazge\u00e7ilmezdir.<\/p>\n<p><img decoding=\"async\" src=\"https:\/\/www.hydraulic-cylinders.net\/wp-content\/uploads\/2025\/04\/songte-company-1.webp\" alt=\"Bom Silindiri\"><\/p>\n<h2>Bom Silindirinin \u00d6zellikleri<\/h2>\n<ul>\n<li><strong>Y\u00fcksek Dayan\u0131kl\u0131l\u0131k ve Dayan\u0131kl\u0131l\u0131k:<\/strong> Genellikle y\u00fcksek mukavemetli \u00e7elik veya al\u00fcminyumdan \u00fcretilen bu silindirler, y\u00fcksek bas\u0131nca ve a\u011f\u0131r y\u00fcklere dayanabilir ve bu da onlar\u0131 zorlu \u00e7al\u0131\u015fma ortamlar\u0131 i\u00e7in uygun hale getirir. Tasar\u0131mlar\u0131nda a\u015f\u0131nma ve korozyon direnci g\u00f6z \u00f6n\u00fcnde bulundurularak \u00f6m\u00fcrleri uzat\u0131l\u0131r.<\/li>\n<li><strong>Verimli Hidrolik \u00c7al\u0131\u015fma:<\/strong> Bu silindirler, hidrolik ya\u011f bas\u0131nc\u0131n\u0131 kullanarak d\u00fczg\u00fcn uzatma ve geri \u00e7ekme i\u015flemi ger\u00e7ekle\u015ftirir ve kontrol komutlar\u0131na h\u0131zl\u0131 bir \u015fekilde yan\u0131t vererek a\u011f\u0131r ve karma\u015f\u0131k g\u00f6revlerin \u00fcstesinden gelmek i\u00e7in ideal olan g\u00fc\u00e7l\u00fc itme ve \u00e7ekme kuvveti sa\u011flar.<\/li>\n<li><strong>\u00c7e\u015fitli T\u00fcrler:<\/strong> Tek etkili (tek y\u00f6nde hidrolik etki) veya \u00e7ift etkili (her iki y\u00f6nde hidrolik etki) konfig\u00fcrasyonlarda mevcut olan bu \u00fcr\u00fcnler, farkl\u0131 operasyonel ihtiya\u00e7lara cevap verir. Baz\u0131 modeller teleskopiktir ve d\u0131\u015f boyutlar\u0131 art\u0131rmadan daha fazla uzatma sa\u011flar, alan k\u0131s\u0131tlamas\u0131 olan uygulamalar i\u00e7in uygundur.<\/li>\n<\/ul>\n<h2>\u00dcretim Yetenekleri<\/h2>\n<p>Mevcut hidrolik silindirlerin yerini m\u00fckemmel \u015fekilde alabilecek y\u00fcksek kaliteli bom silindirleri \u00fcretme konusunda uzmanla\u015ft\u0131k. \u00dcr\u00fcnlerimiz, sekt\u00f6r standartlar\u0131n\u0131 kar\u015f\u0131layan hassasiyet ve g\u00fcvenilirlikle tasarlanm\u0131\u015ft\u0131r.<\/p>\n<p><img decoding=\"async\" src=\"https:\/\/www.hydraulic-cylinders.net\/wp-content\/uploads\/2025\/04\/songte-cylinder-head-with-all-kinds-excavator-models.webp\" alt=\"Bom Silindir Modelleri\"><\/p>\n<h2>Bom Silindirinin Uygulamalar\u0131<\/h2>\n<h3>\u0130n\u015faat Ekipmanlar\u0131<\/h3>\n<p>\u0130n\u015faat sekt\u00f6r\u00fcnde bom silindirleri, toprak veya moloz kazma, y\u00fckleme ve ta\u015f\u0131mada \u00f6nemli bir rol oynayan ekskavat\u00f6rlerde hayati bir rol oynar. Bom silindiri, kep\u00e7enin zemine etkili bir \u015fekilde kazmas\u0131n\u0131 sa\u011flayarak makinenin \u00e7e\u015fitli g\u00f6revleri kolay ve verimli bir \u015fekilde ger\u00e7ekle\u015ftirmesini sa\u011flar. Beko-loderlerde ise bu silindirler sadece kaz\u0131ya de\u011fil, ayn\u0131 zamanda kald\u0131rma i\u015flemlerine de yard\u0131mc\u0131 olarak, onlar\u0131 \u00e7ok y\u00f6nl\u00fc uygulamalar i\u00e7in \u00e7ok y\u00f6nl\u00fc hale getirir.<\/p>\n<h3>Tar\u0131m Makinalar\u0131<\/h3>\n<p>Tar\u0131msal ortamlarda, bom silindirleriyle donat\u0131lm\u0131\u015f \u00f6n y\u00fckleyiciler, toprak, saman ve di\u011fer malzemeleri kep\u00e7elemek, kald\u0131rmak ve ta\u015f\u0131mak i\u00e7in kullan\u0131l\u0131r. Bu silindirler, y\u00fckleyicinin toplu malzemeleri verimli bir \u015fekilde ta\u015f\u0131ma kabiliyetini art\u0131rarak, tar\u0131m operasyonlar\u0131n\u0131 kolayla\u015ft\u0131r\u0131r ve \u00fcretkenli\u011fi art\u0131r\u0131r.<\/p>\n<h3>Ekskavat\u00f6rler<\/h3>\n<p>Ekskavat\u00f6rlerde bom silindirleri, kep\u00e7enin topra\u011fa zahmetsizce n\u00fcfuz etmesini sa\u011flayarak kazma i\u015flemini kolayla\u015ft\u0131r\u0131r. Bu hidrolik bile\u015fen, kaz\u0131 i\u015flerinde derinlik ve do\u011fruluk elde etmek, etkili saha haz\u0131rl\u0131\u011f\u0131 ve temel \u00e7al\u0131\u015fmalar\u0131na katk\u0131da bulunmak i\u00e7in olmazsa olmazd\u0131r.<\/p>\n<h3>Y\u00fckleyiciler<\/h3>\n<p>\u00d6n y\u00fckleyicilerde bom silindirleri, malzemelerin etkili bir \u015fekilde kald\u0131r\u0131lmas\u0131n\u0131 ve bo\u015falt\u0131lmas\u0131n\u0131 sa\u011flar. Y\u00fckleyicinin a\u011f\u0131r y\u00fckleri minimum eforla kald\u0131rabilmesini sa\u011flayarak, in\u015faat ve malzeme ta\u015f\u0131ma operasyonlar\u0131 i\u00e7in vazge\u00e7ilmez hale getirir.<\/p>\n<h2>Tasar\u0131m Hususlar\u0131 ve Se\u00e7im Kriterleri<\/h2>\n<ul>\n<li><strong>Y\u00fck Kapasitesi:<\/strong> Bom silindirinin y\u00fck kapasitesinin, ama\u00e7lanan g\u00f6revleri ar\u0131zas\u0131z yerine getirebilece\u011finden emin olmak i\u00e7in de\u011ferlendirilmesi \u00e7ok \u00f6nemlidir. Bir silindirin y\u00fck ta\u015f\u0131ma kapasitesi, boyutuna, malzemesine ve tasar\u0131m\u0131na g\u00f6re belirlenir. Do\u011fru de\u011ferlendirme, \u00e7al\u0131\u015fma s\u0131ras\u0131nda optimum performans ve g\u00fcvenli\u011fi garanti eder.<\/li>\n<li><strong>S\u0131zd\u0131rmazl\u0131k:<\/strong> Hidrolik silindirdeki s\u0131zd\u0131rmazl\u0131k sistemi, s\u0131z\u0131nt\u0131lar\u0131 \u00f6nlemede ve bas\u0131nc\u0131 korumada kritik bir rol oynar. Poli\u00fcretan veya nitril kau\u00e7uk gibi dayan\u0131kl\u0131 malzemelerden yap\u0131lm\u0131\u015f y\u00fcksek kaliteli contalar se\u00e7mek, silindirin \u00f6mr\u00fcn\u00fc ve g\u00fcvenilirli\u011fini art\u0131rabilir. Ayr\u0131ca, silindir g\u00f6vdesinin ve di\u015fli u\u00e7 y\u00fczeylerinin hassas i\u015flenmesi, contalardaki a\u015f\u0131nma ve y\u0131pranmay\u0131 en aza indirir.<\/li>\n<li><strong>Dayan\u0131kl\u0131l\u0131k:<\/strong> \u0130yi tasarlanm\u0131\u015f bir bom silindiri, zorlu ko\u015fullara ve tekrarlanan kullan\u0131ma dayan\u0131kl\u0131 olmal\u0131d\u0131r. \u00dcr\u00fcn\u00fcn \u00f6mr\u00fcn\u00fc uzatmak i\u00e7in tasar\u0131mda korozyon direnci ve a\u015f\u0131nma direnci gibi fakt\u00f6rlere \u00f6ncelik verilmelidir. Y\u00fcksek mukavemetli malzemeler ve koruyucu kaplamalar kullanmak, genel dayan\u0131kl\u0131l\u0131\u011fa katk\u0131da bulunur.<\/li>\n<li><strong>Emniyet:<\/strong> Hidrolik sistemin g\u00fcvenlik \u00f6zellikleri son derece \u00f6nemlidir. \u00c7al\u0131\u015fma s\u0131ras\u0131nda kazalar\u0131 \u00f6nlemek i\u00e7in bas\u0131n\u00e7 tahliye valfleri ve uygun \u015fekilde tasarlanm\u0131\u015f montaj sistemleri gibi g\u00fcvenlik \u00f6nlemlerinin uygulanmas\u0131 hayati \u00f6nem ta\u015f\u0131r. D\u00fczenli bak\u0131m kontrolleri de g\u00fcvenlik standartlar\u0131n\u0131 art\u0131rabilir.<\/li>\n<li><strong>Bak\u0131m kolayl\u0131\u011f\u0131:<\/strong> Hidrolik sistemin optimum durumda kalmas\u0131n\u0131 sa\u011flamak i\u00e7in bak\u0131ma kolay eri\u015fim hayati \u00f6nem ta\u015f\u0131r. Tasar\u0131m hususlar\u0131, basit muayene, ya\u011flama ve bile\u015fen de\u011fi\u015fimini kolayla\u015ft\u0131rarak, ar\u0131za s\u00fcresini ve bak\u0131m maliyetlerini en aza indirmelidir.<\/li>\n<\/ul>\n<p><img decoding=\"async\" src=\"https:\/\/www.hydraulic-cylinders.net\/wp-content\/uploads\/2025\/04\/songte-oil-pipes-and-spare-parts.webp\" alt=\"Hidrolik Par\u00e7alar\"><\/p>\n<h2>Hidrolik Silindirin S\u0131zd\u0131rmazl\u0131\u011f\u0131 ve Ya\u011flanmas\u0131<\/h2>\n<p>Bir hidrolik silindirin verimlili\u011fi, s\u0131zd\u0131rmazl\u0131k ve ya\u011flama sistemlerinden \u00f6nemli \u00f6l\u00e7\u00fcde etkilenir. Piston contalar\u0131 ve piston kolu contalar\u0131 gibi \u00e7e\u015fitli s\u0131zd\u0131rmazl\u0131k bile\u015fenleri, sistem b\u00fct\u00fcnl\u00fc\u011f\u00fcn\u00fc korumak i\u00e7in birlikte \u00e7al\u0131\u015f\u0131r. Poli\u00fcretan ve nitril kau\u00e7uk gibi a\u015f\u0131nmaya dayan\u0131kl\u0131 malzemelerden \u00fcretilen contalar, bas\u0131n\u00e7 alt\u0131nda dayan\u0131kl\u0131l\u0131k sa\u011flar.<\/p>\n<p>Ayr\u0131ca, silindir g\u00f6vdesi ve di\u015fli u\u00e7lar, a\u015f\u0131nma direncini art\u0131rmak i\u00e7in titiz bir y\u00fczey i\u015fleminden ge\u00e7irilmelidir. Sorunsuz \u00e7al\u0131\u015fma ve ar\u0131zalar\u0131 \u00f6nlemek i\u00e7in hidrolik ya\u011f ile d\u00fczenli ya\u011flama \u015fartt\u0131r. Uygun ya\u011f seviyelerinin korunmas\u0131 ve ya\u011f\u0131n d\u00fczenli olarak de\u011fi\u015ftirilmesi, hidrolik silindirin \u00f6mr\u00fcn\u00fc \u00f6nemli \u00f6l\u00e7\u00fcde uzatabilir.<\/p>\n<h2>D\u00fczenli Muayene ve \u00d6nleyici Bak\u0131m \u00d6nlemleri<\/h2>\n<ul>\n<li><strong>D\u00fczenli Denetimler:<\/strong> Olas\u0131 sorunlar\u0131 b\u00fcy\u00fcmeden \u00f6nce tespit etmek i\u00e7in rutin kontroller yapmak \u00e7ok \u00f6nemlidir. S\u0131z\u0131nt\u0131lar\u0131, ola\u011fand\u0131\u015f\u0131 a\u015f\u0131nmalar\u0131 ve genel silindir performans\u0131n\u0131 kontrol edin. Sorunlar\u0131n erken tespiti, maliyetli onar\u0131mlar\u0131 ve ar\u0131za s\u00fcrelerini \u00f6nleyebilir.<\/li>\n<li><strong>Uygun Ya\u011flama:<\/strong> Hidrolik silindirin yeterli \u015fekilde ya\u011flanmas\u0131, performans\u0131n\u0131 art\u0131racakt\u0131r. Optimum i\u015flevselli\u011fi korumak ve a\u015f\u0131r\u0131 \u0131s\u0131nmay\u0131 \u00f6nlemek i\u00e7in ya\u011f seviyelerini d\u00fczenli olarak kontrol edin ve gerekti\u011finde uygun hidrolik s\u0131v\u0131s\u0131n\u0131 uygulay\u0131n.<\/li>\n<li><strong>Conta De\u011fi\u015fimi:<\/strong> Hidrolik silindirlerdeki contalar, s\u00fcrekli bas\u0131n\u00e7 ve hareket nedeniyle zamanla a\u015f\u0131n\u0131r. Contalar\u0131n d\u00fczenli olarak de\u011fi\u015ftirilmesi, s\u0131z\u0131nt\u0131lar\u0131 \u00f6nleyebilir ve sistem i\u00e7indeki bas\u0131nc\u0131 koruyarak verimli bir \u00e7al\u0131\u015fma sa\u011flar.<\/li>\n<\/ul>\n<h2>Uygun Kurulum Y\u00f6nergeleri<\/h2>\n<p>Bom silindirinden optimum performans elde etmek i\u00e7in do\u011fru montaj \u015fartt\u0131r. Gereksiz stres ve hizalama hatalar\u0131n\u0131 \u00f6nlemek i\u00e7in \u00f6ncelikle silindiri uygulama ile do\u011fru \u015fekilde hizalay\u0131n. Silindiri yerine sabitlemek i\u00e7in uygun montaj braketleri kullan\u0131n ve s\u0131k\u0131ca sabitlendi\u011finden ve \u00e7al\u0131\u015fma s\u0131ras\u0131nda kaymayaca\u011f\u0131ndan emin olun.<\/p>\n<p>Hasar\u0131 \u00f6nlemek i\u00e7in s\u0131kma s\u0131ras\u0131nda \u00fcreticinin tork spesifikasyonlar\u0131na uyun. Montajdan sonra, t\u00fcm ba\u011flant\u0131lar\u0131n sa\u011flam oldu\u011fundan ve s\u0131z\u0131nt\u0131 olmad\u0131\u011f\u0131ndan emin olmak i\u00e7in kapsaml\u0131 bir inceleme yap\u0131n. \u0130lk \u00e7al\u0131\u015ft\u0131rma s\u0131ras\u0131nda, silindiri herhangi bir d\u00fczensizlik a\u00e7\u0131s\u0131ndan yak\u0131ndan izleyin ve sorunsuz \u00e7al\u0131\u015fmas\u0131n\u0131 sa\u011flamak i\u00e7in gerekli ayarlamalar\u0131 yap\u0131n.<\/p>\n<h2>Yayg\u0131n Bak\u0131m G\u00f6revleri<\/h2>\n<ul>\n<li><strong>D\u00fczenli Denetimler:<\/strong> Hidrolik sistemin d\u00fczg\u00fcn \u00e7al\u0131\u015ft\u0131\u011f\u0131ndan emin olmak i\u00e7in s\u0131k s\u0131k kontroller yap\u0131n. Ar\u0131zaya yol a\u00e7abilecek a\u015f\u0131nma veya hasar belirtilerini kontrol edin. Do\u011fru muayene, silindirin verimlili\u011finin korunmas\u0131na ve \u00f6mr\u00fcn\u00fcn uzamas\u0131na yard\u0131mc\u0131 olur.<\/li>\n<li><strong>Uygun Ya\u011flama:<\/strong> Hidrolik ya\u011f\u0131n optimum seviyede oldu\u011fundan emin olun ve periyodik olarak de\u011fi\u015ftirin. Hareketli par\u00e7alar aras\u0131ndaki s\u00fcrt\u00fcnme ve a\u015f\u0131nmay\u0131 azaltarak hidrolik sistemin genel i\u015fleyi\u015fini iyile\u015ftirmek i\u00e7in yeterli ya\u011flama hayati \u00f6nem ta\u015f\u0131r.<\/li>\n<li><strong>Conta De\u011fi\u015fimi:<\/strong> Contalar\u0131 d\u00fczenli olarak a\u015f\u0131nma a\u00e7\u0131s\u0131ndan kontrol edin ve gerekirse de\u011fi\u015ftirin. Etkili s\u0131zd\u0131rmazl\u0131k, bas\u0131nc\u0131 korumak ve sistem performans\u0131n\u0131 tehlikeye atabilecek s\u0131z\u0131nt\u0131lar\u0131 \u00f6nlemek i\u00e7in \u00e7ok \u00f6nemlidir.<\/li>\n<\/ul>\n<p>Silindirin do\u011fru montaj\u0131 ve hizalanmas\u0131, herhangi bir operasyonel sorunu \u00f6nlemek i\u00e7in hayati \u00f6nem ta\u015f\u0131r. Silindiri sabitlemek i\u00e7in uygun montaj braketlerini kullan\u0131n ve g\u00fcvenilirlik ve verimlilik sa\u011flamak i\u00e7in \u00fcreticinin montaj prosed\u00fcrlerine uyun.<\/p>\n<p><img decoding=\"async\" src=\"https:\/\/www.hydraulic-cylinders.net\/wp-content\/uploads\/2025\/04\/songte-chushion-collar.webp\" alt=\"Yast\u0131k Yaka\"><\/p>\n<h2>G\u00fcvenlik Hususlar\u0131 ve \u00c7evresel Fakt\u00f6rler<\/h2>\n<p>Hidrolik sistemleri \u00e7al\u0131\u015ft\u0131r\u0131rken g\u00fcvenlik \u00f6nlemlerinin uygulanmas\u0131 son derece \u00f6nemlidir. Operat\u00f6rler, hidrolik bas\u0131n\u00e7 ar\u0131zalar\u0131yla ili\u015fkili riskleri en aza indirmek i\u00e7in her zaman uygun koruyucu ekipman giymeli ve g\u00fcvenlik protokollerine uymal\u0131d\u0131r. Bas\u0131n\u00e7 tahliye vanalar\u0131 gibi g\u00fcvenlik sistemlerinin kazalar\u0131 \u00f6nlemek i\u00e7in do\u011fru \u015fekilde \u00e7al\u0131\u015fmas\u0131n\u0131 sa\u011flamak amac\u0131yla d\u00fczenli bak\u0131m ve denetimler hayati \u00f6nem ta\u015f\u0131r.<\/p>\n<h2>Ar\u0131za Te\u015fhisi ve Yayg\u0131n Sorunlar<\/h2>\n<ul>\n<li><strong>Hidrolik S\u0131z\u0131nt\u0131lar:<\/strong> En s\u0131k kar\u015f\u0131la\u015f\u0131lan sorunlardan biri, a\u015f\u0131nm\u0131\u015f contalardan veya hasarl\u0131 hortumlardan kaynaklanabilen hidrolik s\u0131v\u0131 s\u0131z\u0131nt\u0131lar\u0131d\u0131r. Bas\u0131n\u00e7 kayb\u0131n\u0131 \u00f6nlemek ve i\u015flevselli\u011fi korumak i\u00e7in s\u0131z\u0131nt\u0131n\u0131n kayna\u011f\u0131n\u0131 tespit etmek \u00e7ok \u00f6nemlidir.<\/li>\n<li><strong>D\u00fc\u015f\u00fck Performans:<\/strong> Bom silindiri beklendi\u011fi gibi performans g\u00f6stermiyorsa, bu durum d\u00fc\u015f\u00fck hidrolik s\u0131v\u0131s\u0131 seviyelerine veya dahili hasara i\u015faret ediyor olabilir. Bu sorunun zaman\u0131nda te\u015fhis edilmesi, daha fazla komplikasyonun \u00f6nlenmesine yard\u0131mc\u0131 olabilir.<\/li>\n<li><strong>Al\u0131\u015f\u0131lmad\u0131k Sesler:<\/strong> \u00c7al\u0131\u015fma s\u0131ras\u0131nda duyulan s\u00fcrt\u00fcnme veya vuruntu gibi garip sesler, bile\u015fen a\u015f\u0131nmas\u0131 veya hizalama hatas\u0131na i\u015faret edebilir. Bu seslerin h\u0131zl\u0131 bir \u015fekilde giderilmesi, felaketle sonu\u00e7lanabilecek ar\u0131zalar\u0131n \u00f6n\u00fcne ge\u00e7ebilir.<\/li>\n<\/ul>\n<p>Etkili ar\u0131za te\u015fhisine yard\u0131mc\u0131 olmak i\u00e7in, operat\u00f6rler yayg\u0131n sorunlar\u0131n belirtilerini \u00f6\u011frenmeli ve bunlar\u0131 gidermek i\u00e7in proaktif ad\u0131mlar atmal\u0131d\u0131r. D\u00fczenli bak\u0131m ve denetimler, bu sorunlar\u0131n ortaya \u00e7\u0131kma olas\u0131l\u0131\u011f\u0131n\u0131 \u00f6nemli \u00f6l\u00e7\u00fcde azaltabilir.<\/p>\n<p><img decoding=\"async\" src=\"https:\/\/www.hydraulic-cylinders.net\/wp-content\/uploads\/2025\/04\/songte-bushings-with-all-kinds-of-excavator-models.webp\" alt=\"Bur\u00e7 Modelleri\"><\/p>\n<h2>\u015eirketimiz Hakk\u0131nda<\/h2>\n<p>Hem yurt i\u00e7i hem de yurt d\u0131\u015f\u0131 pazarlara hizmet veren kapsaml\u0131 bir \u00fcr\u00fcn yelpazesi sunan lider bir hidrolik silindir \u00fcreticisiyiz. M\u00fckemmellik taahh\u00fcd\u00fcm\u00fcz, \u00fcretim at\u00f6lyelerimizdeki geli\u015fmi\u015f y\u00f6netim stratejileriyle y\u00fcksek \u00fcretim standartlar\u0131n\u0131 korumam\u0131z\u0131 sa\u011flar. \u015eirketimiz, \u00fcretim kapasitemizi s\u00fcrekli olarak geli\u015ftirmek i\u00e7in teknik yeteneklere, geli\u015fmi\u015f dijital \u00fcretim ekipmanlar\u0131na ve profesyonel test sistemlerine yat\u0131r\u0131m yapmaktad\u0131r.<\/p>\n<p>Y\u00fcksek verimlilik, hassasiyet ve kaliteye odaklanarak, m\u00fc\u015fterilerimizin \u00e7e\u015fitli ihtiya\u00e7lar\u0131n\u0131 kar\u015f\u0131lamay\u0131 hedefliyoruz. Uluslararas\u0131 sertifikalar\u0131m\u0131z ve \u00f6zelle\u015ftirilmi\u015f hizmetlerimiz, \u00e7e\u015fitli uygulamalar i\u00e7in \u00f6zel \u00e7\u00f6z\u00fcmler sunmam\u0131z\u0131 sa\u011fl\u0131yor. Son teknoloji \u00fcretim tesislerimiz ve \u00f6zel sat\u0131\u015f sonras\u0131 hizmetimiz, bizi hidrolik silindir sekt\u00f6r\u00fcnde farkl\u0131 k\u0131l\u0131yor.<\/p>\n<p><img decoding=\"async\" src=\"https:\/\/www.hydraulic-cylinders.net\/wp-content\/uploads\/2025\/04\/songte-company-4.webp\" alt=\"\u015eirket G\u00f6rseli 1\"><br \/>\n<img decoding=\"async\" src=\"https:\/\/www.hydraulic-cylinders.net\/wp-content\/uploads\/2025\/04\/songte-company-3.webp\" alt=\"\u015eirket G\u00f6rseli 2\"><\/p>\n<p>Yazar: lyl<\/p>","protected":false},"excerpt":{"rendered":"<p>Boom Cylinder For Volwa Cane Unloader DLS118-9A Overview of Boom Cylinder The Boom Cylinder is a crucial component in hydraulic systems, specifically designed to control the movement of heavy machinery&#8217;s buckets, such as those found in excavators, backhoe loaders, and front-end loaders. This hydraulic cylinder enables the bucket to lift, lower, and tilt, facilitating efficient [&hellip;]<\/p>","protected":false},"featured_media":17873,"comment_status":"open","ping_status":"closed","template":"","meta":{"_et_pb_use_builder":"","_et_pb_old_content":"","_et_gb_content_width":""},"product_brand":[],"product_cat":[1546],"product_tag":[1547,1496],"class_list":{"0":"post-19625","1":"product","2":"type-product","3":"status-publish","4":"has-post-thumbnail","6":"product_cat-boom-cylinders","7":"product_tag-boom-cylinders","8":"product_tag-hydraulic-cylinders","10":"first","11":"instock","12":"shipping-taxable","13":"product-type-simple"},"amp_enabled":true,"_links":{"self":[{"href":"https:\/\/www.hydraulic-cylinders.net\/tr\/wp-json\/wp\/v2\/product\/19625","targetHints":{"allow":["GET"]}}],"collection":[{"href":"https:\/\/www.hydraulic-cylinders.net\/tr\/wp-json\/wp\/v2\/product"}],"about":[{"href":"https:\/\/www.hydraulic-cylinders.net\/tr\/wp-json\/wp\/v2\/types\/product"}],"replies":[{"embeddable":true,"href":"https:\/\/www.hydraulic-cylinders.net\/tr\/wp-json\/wp\/v2\/comments?post=19625"}],"wp:featuredmedia":[{"embeddable":true,"href":"https:\/\/www.hydraulic-cylinders.net\/tr\/wp-json\/wp\/v2\/media\/17873"}],"wp:attachment":[{"href":"https:\/\/www.hydraulic-cylinders.net\/tr\/wp-json\/wp\/v2\/media?parent=19625"}],"wp:term":[{"taxonomy":"product_brand","embeddable":true,"href":"https:\/\/www.hydraulic-cylinders.net\/tr\/wp-json\/wp\/v2\/product_brand?post=19625"},{"taxonomy":"product_cat","embeddable":true,"href":"https:\/\/www.hydraulic-cylinders.net\/tr\/wp-json\/wp\/v2\/product_cat?post=19625"},{"taxonomy":"product_tag","embeddable":true,"href":"https:\/\/www.hydraulic-cylinders.net\/tr\/wp-json\/wp\/v2\/product_tag?post=19625"}],"curies":[{"name":"wp","href":"https:\/\/api.w.org\/{rel}","templated":true}]}}