{"id":1963,"date":"2023-10-23T05:36:34","date_gmt":"2023-10-23T05:36:34","guid":{"rendered":"https:\/\/hydraulic-cylinders.net\/?post_type=product&#038;p=1963"},"modified":"2023-10-23T05:36:45","modified_gmt":"2023-10-23T05:36:45","slug":"v30d-series-axial-piston-variable-displacement-hydraulic-pump","status":"publish","type":"product","link":"https:\/\/www.hydraulic-cylinders.net\/tr\/urun\/v30d-series-axial-piston-variable-displacement-hydraulic-pump\/","title":{"rendered":"V30D Serisi Eksenel Pistonlu De\u011fi\u015fken Deplasmanl\u0131 Hidrolik Pompa"},"content":{"rendered":"<h1 style=\"text-align: center;\"><strong>V30D Serisi Eksenel Pistonlu De\u011fi\u015fken Deplasmanl\u0131 Hidrolik Pompa<\/strong><\/h1>\n<p><img loading=\"lazy\" decoding=\"async\" class=\"aligncenter wp-image-1974\" src=\"https:\/\/hydraulic-cylinders.net\/wp-content\/uploads\/2023\/10\/v30d-series-axial-piston-variable-displacement-pump-1-300x300.webp\" alt=\"\" width=\"400\" height=\"400\" \/><\/p>\n<p>V30D serisi eksenel pistonlu de\u011fi\u015fken deplasmanl\u0131 hidrolik pompa, \u00e7e\u015fitli hidrolik uygulamalarda ola\u011fan\u00fcst\u00fc performans ve verimlilik sa\u011flamak \u00fczere tasarlanm\u0131\u015f, son teknoloji bir \u00e7\u00f6z\u00fcmd\u00fcr. Geli\u015fmi\u015f m\u00fchendisli\u011fi, \u00e7ok y\u00f6nl\u00fc tasar\u0131m\u0131 ve hassas kontrol\u00fcyle bu hidrolik pompa, sekt\u00f6rde \u00e7\u0131\u011f\u0131r a\u00e7maktad\u0131r.<\/p>\n<p>V30D serisi eksenel pistonlu de\u011fi\u015fken deplasmanl\u0131 hidrolik pompa, hidrolik sistemlerde verimlilik ve performans a\u00e7\u0131s\u0131ndan yeni bir standart belirliyor. De\u011fi\u015fken deplasman teknolojisi, y\u00fcksek performans\u0131 ve \u00e7ok y\u00f6nl\u00fc tasar\u0131m\u0131yla bu pompa, \u00fcst\u00fcn kontrol ve optimize edilmi\u015f enerji kullan\u0131m\u0131 sunar. \u00d6nerilen kullan\u0131m y\u00f6ntemlerine uyulmas\u0131 ve d\u00fczenli bak\u0131m uygulamalar\u0131na uyulmas\u0131yla, V30D serisi pompa ola\u011fan\u00fcst\u00fc verimlilik ve g\u00fc\u00e7 sunmaya devam ederek \u00e7e\u015fitli end\u00fcstriyel uygulamalar\u0131n ba\u015far\u0131s\u0131na katk\u0131da bulunacakt\u0131r. Hidrolik sisteminizin performans\u0131n\u0131 art\u0131rmak i\u00e7in V30D serisi eksenel pistonlu de\u011fi\u015fken deplasmanl\u0131 hidrolik pompan\u0131n g\u00fcc\u00fcnden ve verimlili\u011finden yararlan\u0131n.<\/p>\n<p>V30D Serisi Eksenel Pistonlu De\u011fi\u015fken Deplasmanl\u0131 Hidrolik PompaTemel \u00d6zellikler:<\/p>\n<ul>\n<li>De\u011fi\u015fken Deplasman Teknolojisi: V30D serisi pompalar, sistem talebine g\u00f6re pompan\u0131n \u00e7\u0131k\u0131\u015f\u0131n\u0131 ayarlamas\u0131na olanak tan\u0131yan son teknoloji de\u011fi\u015fken deplasman teknolojisini kullan\u0131r. Bu \u00f6zellik, optimum enerji kullan\u0131m\u0131 sa\u011flayarak verimlili\u011fi art\u0131r\u0131r ve g\u00fc\u00e7 t\u00fcketimini azalt\u0131r.<\/li>\n<li>Y\u00fcksek Performans: Bu hidrolik pompa, performans a\u00e7\u0131s\u0131ndan yeni standartlar belirliyor. Geni\u015f \u00e7al\u0131\u015fma bas\u0131nc\u0131 ve h\u0131z aral\u0131\u011f\u0131yla V30D Serisi Pompa, hassas kontrol ve verimli g\u00fc\u00e7 da\u011f\u0131t\u0131m\u0131 sa\u011flayarak \u00fcst\u00fcn sistem performans\u0131 ve \u00fcretkenli\u011fi sa\u011fl\u0131yor.<\/li>\n<li>\u00c7ok Y\u00f6nl\u00fc Tasar\u0131m: V30D serisi pompa, \u00e7e\u015fitli hidrolik sistemlere ve uygulamalara uyum sa\u011flayacak \u015fekilde tasarlanm\u0131\u015ft\u0131r. Montaj se\u00e7enekleri, ak\u0131\u015fkan uyumlulu\u011fu ve kontrol y\u00f6ntemlerindeki esneklik, onu \u00e7ok \u00e7e\u015fitli end\u00fcstriler ve makineler i\u00e7in uygun hale getirir.<\/li>\n<li>Her Y\u00fckte Verimlilik: V30D serisi pompa, de\u011fi\u015fken deplasman \u00f6zelli\u011fi sayesinde geni\u015f bir y\u00fck aral\u0131\u011f\u0131nda verimlilik sa\u011flar. Sistemin gereksinimlerine g\u00f6re \u00e7\u0131k\u0131\u015f\u0131 otomatik olarak ayarlayarak enerji kay\u0131plar\u0131n\u0131 en aza indirir ve \u00fcretkenli\u011fi en \u00fcst d\u00fczeye \u00e7\u0131kar\u0131r.<\/li>\n<\/ul>\n<h2><strong>V30D Serisi Eksenel Pistonlu De\u011fi\u015fken Deplasmanl\u0131 Hidrolik Pompa Parametresi:<\/strong><\/h2>\n<table class=\"table table-bordered table-hover table-colored\">\n<tbody>\n<tr class=\"firstRow\">\n<td colspan=\"1\" rowspan=\"2\" align=\"center\" valign=\"middle\">Boyut<\/td>\n<td rowspan=\"2\" align=\"center\" valign=\"middle\">Deplasman cc\/rev<\/td>\n<td colspan=\"2\" rowspan=\"1\" align=\"center\" valign=\"middle\">Bas\u0131n\u00e7 \u00e7ubu\u011fu<\/td>\n<td colspan=\"2\" rowspan=\"1\" align=\"center\" valign=\"middle\">D\u00f6nme h\u0131z\u0131 r\/dak<\/td>\n<\/tr>\n<tr>\n<td align=\"center\" valign=\"middle\">Derecelendirildi<\/td>\n<td align=\"center\" valign=\"middle\">Doru\u011fa ula\u015fmak<\/td>\n<td align=\"center\" valign=\"middle\">Kendili\u011finden astarlama i\u00e7in maksimum<sup>*1<\/sup><\/td>\n<td align=\"center\" valign=\"middle\">Maksimum<sup>*2<\/sup><\/td>\n<\/tr>\n<tr>\n<td align=\"center\" valign=\"middle\">\u00a0V30D45<\/td>\n<td align=\"center\" valign=\"middle\">45<\/td>\n<td align=\"center\" valign=\"middle\">350<\/td>\n<td align=\"center\" valign=\"middle\">420<\/td>\n<td align=\"center\" valign=\"middle\">2600<\/td>\n<td align=\"center\" valign=\"middle\">3600<\/td>\n<\/tr>\n<tr>\n<td align=\"center\" valign=\"middle\">\u00a0V30D75<\/td>\n<td align=\"center\" valign=\"middle\">75<\/td>\n<td align=\"center\" valign=\"middle\">350<\/td>\n<td align=\"center\" valign=\"middle\">420<\/td>\n<td align=\"center\" valign=\"middle\">2400<\/td>\n<td align=\"center\" valign=\"middle\">3200<\/td>\n<\/tr>\n<tr>\n<td align=\"center\" valign=\"middle\">\u00a0V30D95<\/td>\n<td align=\"center\" valign=\"middle\">96<\/td>\n<td align=\"center\" valign=\"middle\">350<\/td>\n<td align=\"center\" valign=\"middle\">420<\/td>\n<td align=\"center\" valign=\"middle\">2200<\/td>\n<td align=\"center\" valign=\"middle\">2900<\/td>\n<\/tr>\n<tr>\n<td align=\"center\" valign=\"middle\">\u00a0V30D115<\/td>\n<td align=\"center\" valign=\"middle\">115<\/td>\n<td align=\"center\" valign=\"middle\">250<\/td>\n<td align=\"center\" valign=\"middle\">300<\/td>\n<td align=\"center\" valign=\"middle\">2000<\/td>\n<td align=\"center\" valign=\"middle\">2800<\/td>\n<\/tr>\n<tr>\n<td align=\"center\" valign=\"middle\">\u00a0V30D140<\/td>\n<td align=\"center\" valign=\"middle\">142<\/td>\n<td align=\"center\" valign=\"middle\">350<\/td>\n<td align=\"center\" valign=\"middle\">420<\/td>\n<td align=\"center\" valign=\"middle\">2200<\/td>\n<td align=\"center\" valign=\"middle\">2600<\/td>\n<\/tr>\n<tr>\n<td align=\"center\" valign=\"middle\">\u00a0V30D160<\/td>\n<td align=\"center\" valign=\"middle\">164<\/td>\n<td align=\"center\" valign=\"middle\">250<\/td>\n<td align=\"center\" valign=\"middle\">300<\/td>\n<td align=\"center\" valign=\"middle\">1900<\/td>\n<td align=\"center\" valign=\"middle\">2500<\/td>\n<\/tr>\n<tr>\n<td align=\"center\" valign=\"middle\">\u00a0V30D250<\/td>\n<td align=\"center\" valign=\"middle\">250<\/td>\n<td align=\"center\" valign=\"middle\">350<\/td>\n<td align=\"center\" valign=\"middle\">420<\/td>\n<td align=\"center\" valign=\"middle\">1800<\/td>\n<td align=\"center\" valign=\"middle\">2000<\/td>\n<\/tr>\n<tr>\n<td align=\"center\" valign=\"middle\">V30D520<\/td>\n<td align=\"center\" valign=\"middle\">520<\/td>\n<td align=\"center\" valign=\"middle\">400<\/td>\n<td align=\"center\" valign=\"middle\">450<\/td>\n<td align=\"center\" valign=\"middle\">1500<\/td>\n<td align=\"center\" valign=\"middle\">1800<\/td>\n<\/tr>\n<\/tbody>\n<\/table>\n<h2><strong>V30D Serisi Eksenel Pistonlu De\u011fi\u015fken Deplasmanl\u0131 Hidrolik Pompan\u0131n Avantajlar\u0131:<\/strong><\/h2>\n<p>\u2022 A\u00e7\u0131k devre hidrolik sistemlerde uygulan\u0131r<br \/>\n\u2022 D\u00fc\u015f\u00fck g\u00fcr\u00fclt\u00fc<br \/>\n\u2022 \u00c7oklu kontrol mod\u00fclleri<br \/>\n\u2022 Tandem pompa uygulamas\u0131 gerekti\u011finde arka pompa i\u00e7in yeterli tork sa\u011flar<\/p>\n<h2><strong>V30D Serisi Eksenel Pistonlu De\u011fi\u015fken Deplasmanl\u0131 Hidrolik Pompa <\/strong><strong>Ba\u015fvuru:<\/strong><\/h2>\n<p><img loading=\"lazy\" decoding=\"async\" class=\"alignnone wp-image-1976 size-full\" src=\"https:\/\/hydraulic-cylinders.net\/wp-content\/uploads\/2023\/10\/v30d-series-axial-piston-variable-displacement-pump-2.webp\" alt=\"\" width=\"1144\" height=\"394\" srcset=\"https:\/\/hydraulic-cylinders.net\/wp-content\/uploads\/2023\/10\/v30d-series-axial-piston-variable-displacement-pump-2.webp 1144w, https:\/\/hydraulic-cylinders.net\/wp-content\/uploads\/2023\/10\/v30d-series-axial-piston-variable-displacement-pump-2-980x338.webp 980w, https:\/\/hydraulic-cylinders.net\/wp-content\/uploads\/2023\/10\/v30d-series-axial-piston-variable-displacement-pump-2-480x165.webp 480w\" sizes=\"(min-width: 0px) and (max-width: 480px) 480px, (min-width: 481px) and (max-width: 980px) 980px, (min-width: 981px) 1144px, 100vw\" \/><\/p>\n<h2><strong>V30D Serisi Eksenel Pistonlu De\u011fi\u015fken Deplasmanl\u0131 Hidrolik Pompan\u0131n Kullan\u0131m Y\u00f6ntemi<\/strong><strong>:<\/strong><\/h2>\n<ul>\n<li><strong>Kurulum ve Entegrasyon:<\/strong> V30D serisi eksenel pistonlu de\u011fi\u015fken deplasmanl\u0131 hidrolik pompay\u0131 kurmak i\u00e7in hidrolik sistem i\u00e7inde uygun bir yer se\u00e7in. Uygun braketler veya aksesuarlar kullanarak pompay\u0131 do\u011fru hizalama ve g\u00fcvenli bir \u015fekilde monte edin. Pompay\u0131, s\u0131zd\u0131rmaz ba\u011flant\u0131 par\u00e7alar\u0131 ve hortumlar kullanarak hidrolik sisteme ba\u011flay\u0131n.<\/li>\n<li><strong>S\u0131v\u0131 Uyumlulu\u011fu:<\/strong> Sistemde kullan\u0131lan hidrolik s\u0131v\u0131n\u0131n V30D serisi pompayla uyumlu oldu\u011fundan emin olun. \u00dcreticinin \u00f6nerdi\u011fi s\u0131v\u0131 tipine, viskoziteye ve s\u0131cakl\u0131k aral\u0131\u011f\u0131na bak\u0131n. Pompan\u0131n optimum \u00e7al\u0131\u015fmas\u0131n\u0131 ve uzun \u00f6m\u00fcrl\u00fc olmas\u0131n\u0131 sa\u011flamak i\u00e7in hidrolik s\u0131v\u0131y\u0131 d\u00fczenli olarak izleyin ve bak\u0131m\u0131n\u0131 yap\u0131n.<\/li>\n<li><strong>Kontrol ve Ayarlama:<\/strong> V30D serisi pompayla sunulan kontrol se\u00e7eneklerini \u00f6\u011frenin. Modele ba\u011fl\u0131 olarak manuel, orant\u0131l\u0131 veya elektronik kontrol gibi \u00e7e\u015fitli kontrol y\u00f6ntemleri sunabilir. \u00d6nerilen kontrol ayarlar\u0131n\u0131 \u00f6\u011frenin ve pompa performans\u0131n\u0131 optimize etmek i\u00e7in bunlar\u0131 uygun \u015fekilde ayarlay\u0131n.<\/li>\n<li><strong>Sistem Optimizasyonu:<\/strong> V30D serisi pompalar, pompan\u0131n deplasman\u0131n\u0131 y\u00fck gereksinimlerine g\u00f6re ayarlayarak sistem optimizasyonuna olanak tan\u0131r. Enerji verimlili\u011fini ve genel sistem performans\u0131n\u0131 en \u00fcst d\u00fczeye \u00e7\u0131karmak i\u00e7in bu \u00f6zellikten yararlan\u0131n.<\/li>\n<\/ul>\n<h2><strong>Hava Alma Valfi Olmadan Hidrolik Silindir Nas\u0131l Havaland\u0131r\u0131l\u0131r?<\/strong><\/h2>\n<p>Tahliye valfi olmayan bir hidrolik silindirin havas\u0131n\u0131 almak biraz daha zor olabilir, ancak yine de m\u00fcmk\u00fcnd\u00fcr. \u0130\u015fte tahliye valfi olmayan bir hidrolik silindirin nas\u0131l havas\u0131n\u0131 alaca\u011f\u0131n\u0131za dair ad\u0131m ad\u0131m bir k\u0131lavuz:<\/p>\n<ol>\n<li><strong>\u00d6nce G\u00fcvenlik:<\/strong> Hidrolik silindir \u00fczerinde \u00e7al\u0131\u015fmadan \u00f6nce, sistemin bas\u0131nc\u0131n\u0131n bo\u015falt\u0131ld\u0131\u011f\u0131ndan emin olun. L\u00fctfen g\u00fc\u00e7 kayna\u011f\u0131n\u0131 kapat\u0131n ve bas\u0131n\u00e7 tahliye vanas\u0131n\u0131 etkinle\u015ftirerek veya sistemi maksimum a\u00e7\u0131lma veya kapanma noktas\u0131na kadar \u00e7al\u0131\u015ft\u0131rarak kalan bas\u0131nc\u0131 bo\u015falt\u0131n.<\/li>\n<li><strong>Silindiri Konumland\u0131r\u0131n:<\/strong> Hidrolik silindiri, hava kabarc\u0131klar\u0131n\u0131n kolayca en y\u00fcksek noktaya \u00e7\u0131kabilece\u011fi bir konuma yerle\u015ftirin. Bu genellikle silindirin dikey konumda ve \u00e7ubu\u011fun yukar\u0131 bakacak \u015fekilde konumland\u0131r\u0131lmas\u0131 anlam\u0131na gelir.<\/li>\n<li><strong>Ba\u011flant\u0131 Par\u00e7as\u0131n\u0131 \u00c7\u0131kar\u0131n:<\/strong> Hidrolik hatt\u0131n\u0131 silindire ba\u011flayan ba\u011flant\u0131 par\u00e7as\u0131n\u0131 bulun. Ba\u011flant\u0131 par\u00e7as\u0131n\u0131 uygun aletlerle s\u00f6k\u00fcp \u00e7\u0131kar\u0131n. Bu i\u015flem s\u0131ras\u0131nda bir miktar hidrolik s\u0131v\u0131s\u0131n\u0131n s\u0131zmas\u0131na haz\u0131rl\u0131kl\u0131 olun, bu nedenle d\u00f6k\u00fclmeleri toplamak i\u00e7in bir kap veya bez par\u00e7as\u0131 haz\u0131r bulundurun.<\/li>\n<li><strong>Silindiri Kald\u0131r\u0131n:<\/strong> M\u00fcmk\u00fcnse, silindiri maksimum uzatma konumuna getirin. Bu, silindirin i\u00e7inde s\u0131k\u0131\u015fan hava miktar\u0131n\u0131 en aza indirmeye yard\u0131mc\u0131 olur.<\/li>\n<li><strong>Silindire dokunun:<\/strong> Silindirin kenarlar\u0131na lastik tokmak veya yumu\u015fak y\u00fczeyli bir \u00e7eki\u00e7le hafif\u00e7e vurun. Bu, silindirin i\u00e7inde s\u0131k\u0131\u015fm\u0131\u015f olabilecek hava kabarc\u0131klar\u0131n\u0131n \u00e7\u0131kmas\u0131na yard\u0131mc\u0131 olur. Alttan ba\u015flay\u0131p yukar\u0131 do\u011fru ilerleyerek silindirin \u00e7evresine vurun.<\/li>\n<li><strong>Silindiri \u00e7evirin:<\/strong> Hidrolik sistemi \u00e7al\u0131\u015ft\u0131rarak silindiri birka\u00e7 kez \u00e7al\u0131\u015ft\u0131r\u0131n. Silindiri tamamen a\u00e7\u0131p kapat\u0131n, hidrolik s\u0131v\u0131n\u0131n akmas\u0131n\u0131 ve olas\u0131 hava kabarc\u0131klar\u0131n\u0131 d\u0131\u015far\u0131 atmas\u0131n\u0131 sa\u011flay\u0131n. \u0130yice hava tahliyesi sa\u011flamak i\u00e7in bu i\u015flemi birka\u00e7 kez tekrarlay\u0131n.<\/li>\n<li><strong>Ba\u011flant\u0131 Par\u00e7as\u0131n\u0131 Yeniden Ba\u011flay\u0131n:<\/strong> Silindiri \u00e7al\u0131\u015ft\u0131rd\u0131ktan ve havan\u0131n \u00e7o\u011funun bo\u015falt\u0131ld\u0131\u011f\u0131n\u0131 hissettikten sonra, ba\u011flant\u0131 par\u00e7as\u0131n\u0131 hidrolik hatt\u0131na tekrar ba\u011flay\u0131n. Ba\u011flant\u0131 par\u00e7as\u0131n\u0131n iyice s\u0131k\u0131ld\u0131\u011f\u0131ndan emin olun, ancak a\u015f\u0131r\u0131 s\u0131k\u0131lmamal\u0131d\u0131r, aksi takdirde ba\u011flant\u0131 par\u00e7as\u0131 zarar g\u00f6rebilir veya s\u0131z\u0131nt\u0131lar meydana gelebilir.<\/li>\n<li><strong>Silindiri test edin:<\/strong> Silindirin havas\u0131n\u0131 ald\u0131ktan sonra, tamamen a\u00e7\u0131p kapatarak \u00e7al\u0131\u015fmas\u0131n\u0131 test edin. Silindirde hava kabarc\u0131\u011f\u0131 veya anormal davran\u0131\u015f belirtileri olup olmad\u0131\u011f\u0131n\u0131 kontrol edin. Herhangi bir sorun fark ederseniz, hava alma i\u015flemini tekrarlay\u0131n veya bir hidrolik uzman\u0131ndan yard\u0131m al\u0131n.<\/li>\n<\/ol>\n<h2><strong>Fabrikan\u0131n Kapasitesi ve Kapasitesi:<\/strong><\/h2>\n<h3>(1) Meclis<\/h3>\n<p>Birinci s\u0131n\u0131f ba\u011f\u0131ms\u0131z bir ara\u015ft\u0131rma ve geli\u015ftirme montaj platformumuz bulunmaktad\u0131r. Hidrolik silindir \u00fcretim at\u00f6lyemizde, y\u0131ll\u0131k 1 milyon adet \u00fcretim kapasitesine sahip d\u00f6rt adet yar\u0131 otomatik kald\u0131rma silindiri montaj hatt\u0131 ve bir adet otomatik devirme silindiri montaj hatt\u0131 bulunmaktad\u0131r. \u00d6zel silindir at\u00f6lyemiz, y\u0131ll\u0131k 200.000 adet \u00fcretim kapasitesine sahip \u00e7e\u015fitli \u00f6zelliklerde yar\u0131 otomatik temizleme montaj sistemiyle donat\u0131lm\u0131\u015ft\u0131r. Ayr\u0131ca, \u00fcnl\u00fc CNC i\u015fleme ekipmanlar\u0131, bir i\u015fleme merkezi, y\u00fcksek hassasiyetli silindir i\u015fleme \u00f6zel ekipmanlar\u0131, bir robot kaynak makinesi, bir otomatik temizleme makinesi, otomatik silindir montaj makinesi ve otomatik boyama \u00fcretim hatt\u0131 ile donat\u0131lm\u0131\u015ft\u0131r. 300'den fazla setten olu\u015fan kritik ekipmanlar mevcuttur. Ekipman kaynaklar\u0131n\u0131n optimum da\u011f\u0131l\u0131m\u0131 ve verimli kullan\u0131m\u0131, \u00fcr\u00fcnlerin hassasiyet gereksinimlerini kar\u015f\u0131lar ve \u00fcr\u00fcnlerin y\u00fcksek kalite ihtiya\u00e7lar\u0131n\u0131 kar\u015f\u0131lar.<\/p>\n<p><img loading=\"lazy\" decoding=\"async\" class=\"alignnone wp-image-626\" src=\"https:\/\/hydraulic-cylinders.net\/wp-content\/uploads\/2023\/08\/hydraulic-cylinder-product-1-300x158.webp\" alt=\"\" width=\"495\" height=\"260\" srcset=\"https:\/\/hydraulic-cylinders.net\/wp-content\/uploads\/2023\/08\/hydraulic-cylinder-product-1-300x158.webp 495w, https:\/\/hydraulic-cylinders.net\/wp-content\/uploads\/2023\/08\/hydraulic-cylinder-product-1-480x252.webp 480w\" sizes=\"(min-width: 0px) and (max-width: 480px) 480px, (min-width: 481px) 495px, 100vw\" \/> <img loading=\"lazy\" decoding=\"async\" class=\"alignnone wp-image-627\" src=\"https:\/\/hydraulic-cylinders.net\/wp-content\/uploads\/2023\/08\/hydraulic-cylinder-product-2-300x189.webp\" alt=\"\" width=\"413\" height=\"260\" \/><\/p>\n<h3>(2) \u0130\u015fleme<\/h3>\n<p>\u0130\u015fleme at\u00f6lyesi, maksimum 400 mm i\u00e7 \u00e7apa ve maksimum 6 metre uzunlu\u011fa sahip silindir borular\u0131n\u0131n i\u015flenmesini ger\u00e7ekle\u015ftirebilen \u00f6zel e\u011fimli ray torna merkezi, i\u015fleme merkezi, y\u00fcksek h\u0131zl\u0131 honlama makinesi, kaynak robotu ve di\u011fer ilgili ekipmanlarla donat\u0131lm\u0131\u015ft\u0131r.<\/p>\n<p><img loading=\"lazy\" decoding=\"async\" class=\"alignnone wp-image-628 size-large\" src=\"https:\/\/hydraulic-cylinders.net\/wp-content\/uploads\/2023\/08\/hydraulic-cylinder-product-3-1024x391.webp\" alt=\"\" width=\"1024\" height=\"391\" srcset=\"https:\/\/hydraulic-cylinders.net\/wp-content\/uploads\/2023\/08\/hydraulic-cylinder-product-3-980x374.webp 980w, https:\/\/hydraulic-cylinders.net\/wp-content\/uploads\/2023\/08\/hydraulic-cylinder-product-3-480x183.webp 480w\" sizes=\"(min-width: 0px) and (max-width: 480px) 480px, (min-width: 481px) and (max-width: 980px) 980px, (min-width: 981px) 1024px, 100vw\" \/><\/p>\n<h3>(3) Kaynak<\/h3>\n<p><img loading=\"lazy\" decoding=\"async\" class=\"alignnone wp-image-629 size-large\" src=\"https:\/\/hydraulic-cylinders.net\/wp-content\/uploads\/2023\/08\/hydraulic-cylinder-product-4-1024x510.webp\" alt=\"\" width=\"1024\" height=\"510\" srcset=\"https:\/\/hydraulic-cylinders.net\/wp-content\/uploads\/2023\/08\/hydraulic-cylinder-product-4-980x488.webp 980w, https:\/\/hydraulic-cylinders.net\/wp-content\/uploads\/2023\/08\/hydraulic-cylinder-product-4-480x239.webp 480w\" sizes=\"(min-width: 0px) and (max-width: 480px) 480px, (min-width: 481px) and (max-width: 980px) 980px, (min-width: 981px) 1024px, 100vw\" \/><\/p>\n<h3>(4) Boyama ve kaplama<\/h3>\n<p>K\u00fc\u00e7\u00fck ve orta \u00f6l\u00e7ekli silindirli otomatik su bazl\u0131 boya kaplama hatlar\u0131nda, otomatik robot y\u00fckleme-bo\u015faltma ve otomatik p\u00fcsk\u00fcrtmeyi ger\u00e7ekle\u015ftirmek i\u00e7in, vardiya ba\u015f\u0131na 4000 adet tasar\u0131m kapasitesi;<br \/>\nAyr\u0131ca, vardiya ba\u015f\u0131na 60 kasa kapasiteli, g\u00fc\u00e7 zinciriyle \u00e7al\u0131\u015fan b\u00fcy\u00fck silindirler i\u00e7in yar\u0131 otomatik boya \u00fcretim hatt\u0131m\u0131z da bulunmaktad\u0131r.<\/p>\n<p><img loading=\"lazy\" decoding=\"async\" class=\"alignnone wp-image-630\" src=\"https:\/\/hydraulic-cylinders.net\/wp-content\/uploads\/2023\/08\/hydraulic-cylinder-product-5-300x213.webp\" alt=\"\" width=\"366\" height=\"260\" \/> <img loading=\"lazy\" decoding=\"async\" class=\"alignnone wp-image-631\" src=\"https:\/\/hydraulic-cylinders.net\/wp-content\/uploads\/2023\/08\/hydraulic-cylinder-product-6-300x225.webp\" alt=\"\" width=\"347\" height=\"260\" \/><\/p>\n<h3>(5) Test etme<\/h3>\n<p>Silindirin performans\u0131n\u0131n gereklilikleri kar\u015f\u0131lad\u0131\u011f\u0131ndan emin olmak i\u00e7in birinci s\u0131n\u0131f muayene tesislerimiz ve test yataklar\u0131m\u0131z bulunmaktad\u0131r.<\/p>\n<p><img loading=\"lazy\" decoding=\"async\" class=\"alignnone wp-image-632\" src=\"https:\/\/hydraulic-cylinders.net\/wp-content\/uploads\/2023\/08\/hydraulic-cylinder-product-8-300x200.webp\" alt=\"\" width=\"389\" height=\"260\" \/><\/p>\n<p>&nbsp;<\/p>\n<p>&nbsp;<\/p>\n<p>En iyi hidrolik silindir \u00fcreticilerinden biriyiz. Kapsaml\u0131 hidrolik silindirler sunabiliyoruz. Ayr\u0131ca, ilgili hidrolik silindirleri de sa\u011fl\u0131yoruz. <a href=\"https:\/\/hzpt.com\/agricultural-pto-gearbox\/\" target=\"_blank\" rel=\"noopener\">tar\u0131msal di\u015fli kutular\u0131<\/a>\u00dcr\u00fcnlerimizi d\u00fcnya \u00e7ap\u0131ndaki m\u00fc\u015fterilerimize ihra\u00e7 ettik ve \u00fcst\u00fcn \u00fcr\u00fcn kalitemiz ve sat\u0131\u015f sonras\u0131 hizmetlerimiz sayesinde iyi bir itibar kazand\u0131k. Yurt i\u00e7i ve yurt d\u0131\u015f\u0131ndaki m\u00fc\u015fterilerimizi i\u015f g\u00f6r\u00fc\u015fmeleri yapmak, bilgi al\u0131\u015fveri\u015finde bulunmak ve <a href=\"https:\/\/www.hydraulic-cylinders.net\/tr\/contact-us\/\">bizimle i\u015fbirli\u011fi yap\u0131n<\/a>!<\/p>\n<p>&nbsp;<\/p>","protected":false},"excerpt":{"rendered":"<p>V30D Series Axial Piston Variable Displacement Hydraulic Pump The V30D series axial piston variable displacement hydraulic pump is a state-of-the-art solution designed to deliver exceptional performance and efficiency in various hydraulic applications. With its advanced engineering, versatile design, and precise control, this hydraulic pump is a game-changer in the industry. The V30D series axial piston [&hellip;]<\/p>","protected":false},"featured_media":1975,"comment_status":"open","ping_status":"closed","template":"","meta":{"_et_pb_use_builder":"","_et_pb_old_content":"","_et_gb_content_width":""},"product_brand":[],"product_cat":[1425],"product_tag":[1426],"class_list":{"0":"post-1963","1":"product","2":"type-product","3":"status-publish","4":"has-post-thumbnail","6":"product_cat-piston-pump","7":"product_tag-hydraulic-pump","9":"first","10":"instock","11":"shipping-taxable","12":"product-type-simple"},"amp_enabled":true,"_links":{"self":[{"href":"https:\/\/www.hydraulic-cylinders.net\/tr\/wp-json\/wp\/v2\/product\/1963","targetHints":{"allow":["GET"]}}],"collection":[{"href":"https:\/\/www.hydraulic-cylinders.net\/tr\/wp-json\/wp\/v2\/product"}],"about":[{"href":"https:\/\/www.hydraulic-cylinders.net\/tr\/wp-json\/wp\/v2\/types\/product"}],"replies":[{"embeddable":true,"href":"https:\/\/www.hydraulic-cylinders.net\/tr\/wp-json\/wp\/v2\/comments?post=1963"}],"wp:featuredmedia":[{"embeddable":true,"href":"https:\/\/www.hydraulic-cylinders.net\/tr\/wp-json\/wp\/v2\/media\/1975"}],"wp:attachment":[{"href":"https:\/\/www.hydraulic-cylinders.net\/tr\/wp-json\/wp\/v2\/media?parent=1963"}],"wp:term":[{"taxonomy":"product_brand","embeddable":true,"href":"https:\/\/www.hydraulic-cylinders.net\/tr\/wp-json\/wp\/v2\/product_brand?post=1963"},{"taxonomy":"product_cat","embeddable":true,"href":"https:\/\/www.hydraulic-cylinders.net\/tr\/wp-json\/wp\/v2\/product_cat?post=1963"},{"taxonomy":"product_tag","embeddable":true,"href":"https:\/\/www.hydraulic-cylinders.net\/tr\/wp-json\/wp\/v2\/product_tag?post=1963"}],"curies":[{"name":"wp","href":"https:\/\/api.w.org\/{rel}","templated":true}]}}