{"id":19634,"date":"2025-04-07T06:58:37","date_gmt":"2025-04-07T06:58:37","guid":{"rendered":"https:\/\/www.hydraulic-cylinders.net\/product\/boom-cylinder-for-aotai-at60e-9\/"},"modified":"2025-04-07T06:58:39","modified_gmt":"2025-04-07T06:58:39","slug":"boom-cylinder-for-aotai-at60e-9","status":"publish","type":"product","link":"https:\/\/www.hydraulic-cylinders.net\/tr\/urun\/boom-cylinder-for-aotai-at60e-9\/","title":{"rendered":"Aotai AT60E-9 i\u00e7in Bom Silindiri"},"content":{"rendered":"<h1>Aotai AT60E-9 i\u00e7in Bom Silindiri<\/h1>\n<h2>\u00dcr\u00fcn Genel Bak\u0131\u015f\u0131<\/h2>\n<p>Aotai AT60E-9 Bom Silindiri, ekskavat\u00f6rler ve \u00f6n y\u00fckleyiciler gibi \u00e7e\u015fitli a\u011f\u0131r makinelerdeki bomun hareketini kontrol etmek i\u00e7in tasarlanm\u0131\u015f temel bir hidrolik bile\u015fendir. Bu hidrolik silindir, bomun kald\u0131rma, indirme ve yat\u0131rma i\u015flemlerini ger\u00e7ekle\u015ftirerek verimli malzeme ta\u015f\u0131ma g\u00f6revlerini kolayla\u015ft\u0131rmak i\u00e7in \u00f6zel olarak tasarlanm\u0131\u015ft\u0131r. Hidrolik s\u0131v\u0131n\u0131n g\u00fcc\u00fcnden yararlanan bu silindir, in\u015faat ve madencilik operasyonlar\u0131nda hayati \u00f6nem ta\u015f\u0131yan p\u00fcr\u00fczs\u00fcz ve hassas hareket sa\u011flar.<\/p>\n<p><img decoding=\"async\" src=\"https:\/\/www.hydraulic-cylinders.net\/wp-content\/uploads\/2025\/04\/songte-company-1.webp\" alt=\"Bom Silindiri Genel Bak\u0131\u015f\"><\/p>\n<h3>Tan\u0131m ve \u0130\u015flev<\/h3>\n<p>Bazen bom silindiri olarak da adland\u0131r\u0131lan kova silindiri, a\u011f\u0131r makinelerde kullan\u0131lan bir hidrolik silindir t\u00fcr\u00fcd\u00fcr. Temel i\u015flevi bomun eklemlenmesini kontrol etmektir. \u00d6rne\u011fin, ekskavat\u00f6rlerde kova silindiri, kazma ve kald\u0131rma i\u015flemlerinde hayati bir rol oynar. Hidrolik bas\u0131n\u00e7, silindirin a\u00e7\u0131l\u0131p kapanmas\u0131n\u0131 kolayla\u015ft\u0131rarak bomun konumu \u00fczerinde etkili bir kontrol sa\u011flar. Bu i\u015flevsellik, toprak kazma, a\u011f\u0131r y\u00fck kald\u0131rma ve malzeme transferi i\u00e7in kovan\u0131n hassas bir \u015fekilde konumland\u0131r\u0131lmas\u0131 gibi g\u00f6revler i\u00e7in hayati \u00f6nem ta\u015f\u0131r.<\/p>\n<h2>Bom Silindirinin \u00d6zellikleri<\/h2>\n<ul>\n<li><strong>Y\u00fcksek Dayan\u0131kl\u0131l\u0131k ve Dayan\u0131kl\u0131l\u0131k:<\/strong> Y\u00fcksek mukavemetli \u00e7elik veya al\u00fcminyumdan \u00fcretilen bu silindir, zorlu \u00e7al\u0131\u015fma ortamlar\u0131na uyum sa\u011flarken y\u00fcksek bas\u0131n\u00e7 ve a\u011f\u0131r y\u00fcklere dayanacak \u015fekilde tasarlanm\u0131\u015ft\u0131r.<\/li>\n<li><strong>Verimli Hidrolik \u00c7al\u0131\u015fma:<\/strong> Hidrolik ya\u011f bas\u0131nc\u0131n\u0131 kullanan silindir, yumu\u015fak uzatma ve geri \u00e7ekme \u00f6zelli\u011fi sunarak kontrol komutlar\u0131na h\u0131zl\u0131 tepki verir ve g\u00fc\u00e7l\u00fc itme ve \u00e7ekme kuvvetleri sa\u011flar.<\/li>\n<li><strong>\u00c7e\u015fitli T\u00fcrler:<\/strong> \u00c7e\u015fitli uygulamalar i\u00e7in \u00f6zelle\u015ftirilmi\u015f hidrolik \u00e7\u00f6z\u00fcmlere olanak tan\u0131yan tek etkili (tek y\u00f6nde \u00e7al\u0131\u015fan) veya \u00e7ift etkili (iki y\u00f6nde \u00e7al\u0131\u015fan) konfig\u00fcrasyonlarda mevcuttur.<\/li>\n<li><strong>Yerden Tasarruflu Tasar\u0131m:<\/strong> Baz\u0131 modeller, d\u0131\u015f boyutlar\u0131 artt\u0131rmadan daha geni\u015f eri\u015fim sa\u011flayan teleskopik tasar\u0131ma sahiptir; bu da dar alanlar i\u00e7in idealdir.<\/li>\n<li><strong>Korozyon Direnci:<\/strong> A\u015f\u0131nma ve korozyona kar\u015f\u0131 direnci art\u0131rmak, uzun \u00f6m\u00fcrl\u00fc ve g\u00fcvenilir olmas\u0131n\u0131 sa\u011flamak i\u00e7in \u00f6zel kaplamalar ve malzemeler kullan\u0131lmaktad\u0131r.<\/li>\n<\/ul>\n<p>Bu \u00fcr\u00fcn\u00fc hassasiyetle \u00fcretiyoruz ve versiyonlar\u0131m\u0131z \u00e7e\u015fitli makinelerdeki mevcut hidrolik silindirlerin m\u00fckemmel yedek par\u00e7alar\u0131 olarak hizmet veriyor.<\/p>\n<p><img decoding=\"async\" src=\"https:\/\/www.hydraulic-cylinders.net\/wp-content\/uploads\/2025\/04\/songte-cylinder-head-with-all-kinds-excavator-models.webp\" alt=\"Silindir De\u011fi\u015ftirme Se\u00e7enekleri\"><\/p>\n<h2>Bom Silindirinin Uygulamalar\u0131<\/h2>\n<h3>\u0130n\u015faat Ekipmanlar\u0131<\/h3>\n<p>Ekskavat\u00f6rlerde bom silindiri, kazma, y\u00fckleme ve toprak veya moloz ta\u015f\u0131ma i\u00e7in hayati \u00f6nem ta\u015f\u0131r. Kep\u00e7enin \u00e7e\u015fitli g\u00f6revleri verimli bir \u015fekilde yerine getirmesi i\u00e7in manevra yapmas\u0131na yard\u0131mc\u0131 olur. Bom silindiri taraf\u0131ndan \u00fcretilen hidrolik kuvvet, hassas kontrol sa\u011flayarak operat\u00f6rlerin minimum \u00e7abayla zemini derinlemesine kazmalar\u0131na veya a\u011f\u0131r y\u00fckleri kald\u0131rmalar\u0131na olanak tan\u0131r. Beko-loderlerde ise kova silindiri sadece kaz\u0131ya yard\u0131mc\u0131 olmakla kalmaz, ayn\u0131 zamanda malzemelerin farkl\u0131 yerlere kald\u0131r\u0131lmas\u0131na ve ta\u015f\u0131nmas\u0131na da yard\u0131mc\u0131 olur.<\/p>\n<h3>Tar\u0131m Makinalar\u0131<\/h3>\n<p>\u00d6n y\u00fckleyicilerde kullan\u0131lan bom silindiri, toprak, saman ve di\u011fer malzemelerin kep\u00e7elenmesi, kald\u0131r\u0131lmas\u0131 ve ta\u015f\u0131nmas\u0131 s\u00fcrecini kolayla\u015ft\u0131r\u0131r. Bu \u00e7ok y\u00f6nl\u00fcl\u00fck, verimli malzeme elle\u00e7lemenin \u00fcretkenli\u011fi \u00f6nemli \u00f6l\u00e7\u00fcde art\u0131rabilece\u011fi tar\u0131msal i\u015fler i\u00e7in olmazsa olmazd\u0131r. Hidrolik silindirin kep\u00e7eyi kald\u0131rma ve e\u011fme kabiliyeti, \u00e7ift\u00e7ilerin operasyonlar\u0131n\u0131 daha etkili bir \u015fekilde y\u00f6netmelerini sa\u011flayarak zaman ve i\u015f\u00e7ilik maliyetlerini azalt\u0131r.<\/p>\n<h3>Kaz\u0131 \u00c7al\u0131\u015fmalar\u0131<\/h3>\n<p>Bom silindiri, ekskavat\u00f6rlerin zemine n\u00fcfuz etmesini sa\u011flayarak etkili kaz\u0131 i\u015flemlerine olanak tan\u0131r. Kaz\u0131 s\u00fcrecini optimize ederek, malzemelerin kaz\u0131lma h\u0131z\u0131n\u0131 ve verimlili\u011fini art\u0131r\u0131r. Kovan\u0131n topra\u011fa derinlemesine girmesine olanak tan\u0131yarak, kapsaml\u0131 kaz\u0131lar sa\u011flar ve bu da onu in\u015faat ve hafriyat projeleri i\u00e7in hayati bir bile\u015fen haline getirir.<\/p>\n<h3>Y\u00fckleyiciler<\/h3>\n<p>\u00d6n y\u00fckleyicilerde bom silindiri, malzemelerin kald\u0131r\u0131lmas\u0131 ve bo\u015falt\u0131lmas\u0131nda \u00f6nemli bir rol oynar. Operat\u00f6rlerin etkili bo\u015faltma i\u00e7in kep\u00e7eyi istenen y\u00fcksekli\u011fe kald\u0131rmas\u0131n\u0131 sa\u011flayarak malzeme transfer s\u00fcre\u00e7lerini optimize eder. Bom silindirinin sa\u011flad\u0131\u011f\u0131 hidrolik destek, daha h\u0131zl\u0131 ve daha verimli y\u00fckleme ve bo\u015faltma g\u00f6revleri sa\u011flayarak \u00e7e\u015fitli end\u00fcstriyel uygulamalarda \u00fcretkenli\u011fi \u00f6nemli \u00f6l\u00e7\u00fcde art\u0131r\u0131r.<\/p>\n<h2>Tasar\u0131m Hususlar\u0131 ve Se\u00e7im Kriterleri<\/h2>\n<h3>Y\u00fck Kapasitesi<\/h3>\n<p>Bom silindirinin y\u00fck kapasitesi kritik bir tasar\u0131m unsurudur. Kald\u0131raca\u011f\u0131 y\u00fcklerin a\u011f\u0131rl\u0131\u011f\u0131na ve \u00e7al\u0131\u015fma s\u0131ras\u0131nda uygulanan kuvvetlere dayan\u0131kl\u0131 olmas\u0131 gerekir. \u00dcreticiler, kullan\u0131lan malzemelerin ve yap\u0131m y\u00f6ntemlerinin g\u00fcvenlik veya performanstan \u00f6d\u00fcn vermeden belirtilen y\u00fck\u00fc kald\u0131rabilece\u011finden emin olurlar.<\/p>\n<h3>S\u0131zd\u0131rmazl\u0131k Mekanizmalar\u0131<\/h3>\n<p>Hidrolik i\u015flemleri kolayla\u015ft\u0131r\u0131rken s\u0131z\u0131nt\u0131lar\u0131 \u00f6nlemek i\u00e7in etkili s\u0131zd\u0131rmazl\u0131k esast\u0131r. Hidrolik sistemin b\u00fct\u00fcnl\u00fc\u011f\u00fcn\u00fc sa\u011flamak i\u00e7in piston ve piston kolu contalar\u0131 gibi y\u00fcksek kaliteli contalar kullan\u0131lmal\u0131d\u0131r. Poli\u00fcretan ve nitril kau\u00e7uk gibi dayan\u0131kl\u0131 malzemelerin se\u00e7imi, s\u0131zd\u0131rmazl\u0131k \u00f6zelliklerini ve genel verimlili\u011fi art\u0131r\u0131r.<\/p>\n<h3>Dayan\u0131kl\u0131l\u0131k<\/h3>\n<p>Hidrolik silindir tasar\u0131m\u0131nda dayan\u0131kl\u0131l\u0131k en \u00f6nemli unsurdur. Silindir, zorlu ortamlarda s\u00fcrekli \u00e7al\u0131\u015fmadan kaynaklanan a\u015f\u0131nma ve y\u0131pranmaya dayan\u0131kl\u0131 olmal\u0131d\u0131r. \u00dcreticiler, korozyon direncini art\u0131rmak ve silindirin \u00f6mr\u00fcn\u00fc uzatmak i\u00e7in genellikle geli\u015fmi\u015f malzemeler ve kaplamalar kullanarak uzun vadede g\u00fcvenilir performans sa\u011flar.<\/p>\n<h3>G\u00fcvenlik \u00d6zellikleri<\/h3>\n<p>Hidrolik silindirler tasarlan\u0131rken g\u00fcvenlik en \u00f6nemli \u00f6nceliktir. Bas\u0131n\u00e7 tahliye valfleri ve a\u015f\u0131r\u0131 y\u00fck koruma mekanizmalar\u0131 gibi \u00f6zelliklerin dahil edilmesi, kazalar\u0131 ve ekipman ar\u0131zalar\u0131n\u0131 \u00f6nlemeye yard\u0131mc\u0131 olabilir. Bu g\u00fcvenlik \u00f6nlemleri, \u00e7al\u0131\u015fma s\u0131ras\u0131nda hem ekipman\u0131 hem de operat\u00f6rleri korumak i\u00e7in olmazsa olmazd\u0131r.<\/p>\n<h3>Bak\u0131m ve Onar\u0131m Hususlar\u0131<\/h3>\n<p>Silindirin bak\u0131m kolayl\u0131\u011f\u0131 g\u00f6z \u00f6n\u00fcnde bulundurularak tasarlanmas\u0131 \u00e7ok \u00f6nemlidir. Eri\u015filebilir bile\u015fenler ve standartla\u015ft\u0131r\u0131lm\u0131\u015f par\u00e7alar, zaman\u0131nda onar\u0131mlar\u0131 kolayla\u015ft\u0131r\u0131r ve ar\u0131za s\u00fcresini azalt\u0131r. Optimum performans sa\u011flamak i\u00e7in, muayeneler ve par\u00e7a de\u011fi\u015fimleri de dahil olmak \u00fczere d\u00fczenli bak\u0131m prosed\u00fcrleri kolayca ger\u00e7ekle\u015ftirilmelidir.<\/p>\n<p><img decoding=\"async\" src=\"https:\/\/www.hydraulic-cylinders.net\/wp-content\/uploads\/2025\/04\/songte-oil-pipes-and-spare-parts.webp\" alt=\"Hidrolik Silindir Bak\u0131m\u0131\"><\/p>\n<h2>S\u0131zd\u0131rmazl\u0131k ve Ya\u011flama<\/h2>\n<p>S\u0131zd\u0131rmazl\u0131k ve ya\u011flama, hidrolik silindirlerin performans\u0131n\u0131n korunmas\u0131nda kritik \u00f6neme sahiptir. Hidrolik s\u0131v\u0131 s\u0131z\u0131nt\u0131s\u0131n\u0131 ve kirlenmesini \u00f6nlemek i\u00e7in piston ke\u00e7eleri ve piston kolu ke\u00e7eleri gibi \u00e7e\u015fitli ke\u00e7eler kullan\u0131lmal\u0131d\u0131r. Poli\u00fcretan ve nitril kau\u00e7uk gibi a\u015f\u0131nmaya dayan\u0131kl\u0131 malzemelerin kullan\u0131lmas\u0131, bu ke\u00e7elerin uzun \u00f6m\u00fcrl\u00fc olmas\u0131n\u0131 sa\u011flar. Silindir g\u00f6vdesi ve di\u015fli u\u00e7 y\u00fczeyleri, a\u015f\u0131nma direncini art\u0131rmak i\u00e7in hassas bir \u015fekilde i\u015flenmi\u015ftir. Ayr\u0131ca, d\u00fczg\u00fcn \u00e7al\u0131\u015fmay\u0131 sa\u011flamak ve erken a\u015f\u0131nma ve ar\u0131zaya yol a\u00e7abilecek a\u015f\u0131r\u0131 s\u00fcrt\u00fcnmeyi \u00f6nlemek i\u00e7in hidrolik ya\u011f ile d\u00fczenli ya\u011flama gereklidir.<\/p>\n<h2>\u00d6nleyici Bak\u0131m \u00d6nlemleri<\/h2>\n<ul>\n<li><strong>D\u00fczenli Denetimler:<\/strong> Olas\u0131 sorunlar\u0131n b\u00fcy\u00fcmeden \u00f6nce tespit edilmesinde, a\u015f\u0131nma, s\u0131z\u0131nt\u0131 ve hasar belirtilerine y\u00f6nelik rutin kontrollerin yap\u0131lmas\u0131 \u00e7ok \u00f6nemlidir.<\/li>\n<li><strong>Uygun Ya\u011flama:<\/strong> Hidrolik s\u0131v\u0131s\u0131n\u0131n do\u011fru seviyede ve iyi durumda olmas\u0131n\u0131 sa\u011flamak, silindirin \u00f6mr\u00fcn\u00fc uzatacak ve performans\u0131n\u0131 art\u0131racakt\u0131r.<\/li>\n<li><strong>Conta De\u011fi\u015fimi:<\/strong> Contalar\u0131n d\u00fczenli olarak de\u011fi\u015ftirilmesi s\u0131z\u0131nt\u0131lar\u0131 \u00f6nleyebilir ve hidrolik sistemin verimlili\u011fini koruyabilir.<\/li>\n<\/ul>\n<h2>Kurulum Talimatlar\u0131<\/h2>\n<p>Optimum performans i\u00e7in bom silindirinin do\u011fru montaj\u0131 \u015fartt\u0131r. Montaj braketlerinin silindire s\u0131k\u0131ca tak\u0131ld\u0131\u011f\u0131ndan ve hizaland\u0131\u011f\u0131ndan emin olarak ba\u015flay\u0131n. Silindire zarar verebilecek a\u015f\u0131r\u0131 kuvvetten ka\u00e7\u0131narak t\u00fcm ba\u011flant\u0131lar\u0131 uygun aletlerle s\u0131k\u0131n. Hidrolik hatlar\u0131n do\u011fru \u015fekilde ba\u011fland\u0131\u011f\u0131ndan ve s\u0131z\u0131nt\u0131 olmad\u0131\u011f\u0131ndan emin olun. Kurulacak modele \u00f6zel talimatlar i\u00e7in \u00fcreticinin montaj k\u0131lavuzuna ba\u015fvurman\u0131z \u00f6nerilir. Montajdan sonra, silindirin \u00e7al\u0131\u015fmas\u0131n\u0131 d\u00fc\u015f\u00fck bas\u0131n\u00e7ta test edin ve ard\u0131ndan her \u015feyin sorunsuz \u00e7al\u0131\u015ft\u0131\u011f\u0131ndan emin olmak i\u00e7in kademeli olarak \u00e7al\u0131\u015fma seviyesine y\u00fckseltin.<\/p>\n<h2>Yayg\u0131n Bak\u0131m G\u00f6revleri<\/h2>\n<ul>\n<li><strong>D\u00fczenli Denetimler:<\/strong> S\u0131k s\u0131k yap\u0131lan kontroller, a\u015f\u0131nma ve y\u0131pranmalar\u0131n tespit edilmesine yard\u0131mc\u0131 olarak beklenmedik ar\u0131zalar\u0131n \u00f6n\u00fcne ge\u00e7ilmesini sa\u011flar.<\/li>\n<li><strong>Uygun Ya\u011flama:<\/strong> Silindirin yeterli \u015fekilde ya\u011flanmas\u0131, i\u015fletme verimlili\u011finin korunmas\u0131n\u0131 ve hizmet \u00f6mr\u00fcn\u00fcn uzat\u0131lmas\u0131n\u0131 sa\u011flar.<\/li>\n<li><strong>Conta De\u011fi\u015fimi:<\/strong> S\u0131z\u0131nt\u0131lar\u0131 \u00f6nlemek ve performans\u0131 korumak i\u00e7in contalar\u0131 d\u00fczenli olarak izlemek ve gerekti\u011finde de\u011fi\u015ftirmek kritik \u00f6neme sahiptir.<\/li>\n<\/ul>\n<p>Do\u011fru montaj, silindirin do\u011fru \u015fekilde hizalanmas\u0131n\u0131 sa\u011flarken, yeterli ya\u011flama sorunsuz \u00e7al\u0131\u015fmas\u0131n\u0131 sa\u011flar. Hidrolik silindirin \u00f6mr\u00fcn\u00fc en \u00fcst d\u00fczeye \u00e7\u0131karmak i\u00e7in, ayarlamalar i\u00e7in do\u011fru aletlere sahip olmak ve par\u00e7alar\u0131n incelenmesi, onar\u0131lmas\u0131 ve de\u011fi\u015ftirilmesi i\u00e7in \u00f6nerilen prosed\u00fcrleri izlemek \u00e7ok \u00f6nemlidir.<\/p>\n<p><img decoding=\"async\" src=\"https:\/\/www.hydraulic-cylinders.net\/wp-content\/uploads\/2025\/04\/songte-chushion-collar.webp\" alt=\"Silindir Montaj\u0131\"><\/p>\n<h2>G\u00fcvenlik Hususlar\u0131 ve \u00c7evresel Fakt\u00f6rler<\/h2>\n<p>Hidrolik silindirleri kullan\u0131rken, operat\u00f6rleri ve ekipman\u0131 korumak i\u00e7in g\u00fcvenlik \u00f6nlemlerinin uygulanmas\u0131 hayati \u00f6nem ta\u015f\u0131r. Her zaman a\u011f\u0131rl\u0131k s\u0131n\u0131rlar\u0131na uyun ve operasyonlar s\u0131ras\u0131nda a\u015f\u0131r\u0131 g\u00fc\u00e7 kullanmaktan ka\u00e7\u0131n\u0131n. Makinelerin do\u011fru kullan\u0131m\u0131 konusunda d\u00fczenli e\u011fitimler g\u00fcvenli\u011fi art\u0131rabilir. Ayr\u0131ca, uygun s\u0131v\u0131 bertaraf\u0131 ve s\u0131z\u0131nt\u0131lar\u0131n en aza indirilmesi gibi \u00e7evresel hususlar, y\u00f6netmeliklere uyumun sa\u011flanmas\u0131 ve \u00e7evresel etkinin azalt\u0131lmas\u0131 i\u00e7in \u00f6nemlidir.<\/p>\n<h2>Yayg\u0131n Sorunlar\u0131n Giderilmesi<\/h2>\n<ul>\n<li><strong>S\u0131z\u0131nt\u0131:<\/strong> Hidrolik s\u0131v\u0131s\u0131 s\u0131z\u0131yorsa, contalar\u0131 ve ba\u011flant\u0131 par\u00e7alar\u0131n\u0131 hasar veya a\u015f\u0131nma a\u00e7\u0131s\u0131ndan inceleyin.<\/li>\n<li><strong>Azalt\u0131lm\u0131\u015f G\u00fc\u00e7:<\/strong> Silindir yeterli tepki vermiyorsa, s\u0131v\u0131 seviyelerinin yeterli oldu\u011fundan emin olun ve hidrolik hatlar\u0131nda t\u0131kan\u0131kl\u0131k olup olmad\u0131\u011f\u0131n\u0131 kontrol edin.<\/li>\n<li><strong>Al\u0131\u015f\u0131lmad\u0131k Sesler:<\/strong> S\u00fcrt\u00fcnme veya tak\u0131rt\u0131 sesleri i\u00e7 hasara i\u015faret ediyor olabilir; derhal kontrol ve onar\u0131m yap\u0131lmas\u0131 gerekir.<\/li>\n<\/ul>\n<h2>Problem \u00c7\u00f6zme \u0130pu\u00e7lar\u0131<\/h2>\n<p>Sorunlar\u0131 etkili bir \u015fekilde te\u015fhis edip \u00e7\u00f6zmek i\u00e7in, d\u00fczenli bir kontrol listesi tutun. D\u00fczenli bak\u0131m ve do\u011fru ya\u011flama, sorun olas\u0131l\u0131\u011f\u0131n\u0131 azaltmaya yard\u0131mc\u0131 olabilir. Operat\u00f6rlere makinelerin do\u011fru kullan\u0131m\u0131 konusunda e\u011fitim vermek gibi \u00f6nleyici tedbirlerin uygulanmas\u0131 da olas\u0131 sorunlar\u0131 en aza indirebilir.<\/p>\n<p><img decoding=\"async\" src=\"https:\/\/www.hydraulic-cylinders.net\/wp-content\/uploads\/2025\/04\/songte-bushings-with-all-kinds-of-excavator-models.webp\" alt=\"Sorun Giderme ve Bak\u0131m\"><\/p>\n<h2>\u015eirketimiz Hakk\u0131nda<\/h2>\n<p>\u00c7e\u015fitli pazar ihtiya\u00e7lar\u0131n\u0131 kar\u015f\u0131layan kapsaml\u0131 bir \u00fcr\u00fcn yelpazesi sunan lider bir yedek hidrolik silindir \u00fcreticisiyiz. M\u00fckemmellik taahh\u00fcd\u00fcm\u00fcz, yetenekli teknisyenler, ileri teknoloji dijital ekipmanlar ve profesyonel test sistemleri kullanarak geli\u015ftirdi\u011fimiz geli\u015fmi\u015f \u00fcretim stratejileriyle desteklenmektedir. Y\u00fcksek verimlilik, hassasiyet ve kaliteyi garanti alt\u0131na almak ve farkl\u0131 m\u00fc\u015fteri taleplerini kar\u015f\u0131lamak i\u00e7in \u00fcretim platformumuzu s\u00fcrekli olarak geli\u015ftiriyoruz. Hizmetlerimiz aras\u0131nda \u00f6zel \u00e7\u00f6z\u00fcmler, uluslararas\u0131 sertifikalar ve kapsaml\u0131 sat\u0131\u015f sonras\u0131 destek yer almaktad\u0131r.<\/p>\n<p><img decoding=\"async\" src=\"https:\/\/www.hydraulic-cylinders.net\/wp-content\/uploads\/2025\/04\/songte-company-4.webp\" alt=\"\u015eirket Genel Bak\u0131\u015f\u0131\"><br \/>\n<img decoding=\"async\" src=\"https:\/\/www.hydraulic-cylinders.net\/wp-content\/uploads\/2025\/04\/songte-company-3.webp\" alt=\"\u00dcretim Tesisi\"><\/p>\n<p>Yazar: lyl<\/p>","protected":false},"excerpt":{"rendered":"<p>Boom Cylinder For Aotai AT60E-9 Product Overview The Boom Cylinder for Aotai AT60E-9 is an essential hydraulic component designed to control the movement of the boom in various heavy machinery, such as excavators and front loaders. This hydraulic cylinder is specifically engineered to enable the boom to lift, lower, and tilt, facilitating efficient material handling [&hellip;]<\/p>","protected":false},"featured_media":17867,"comment_status":"open","ping_status":"closed","template":"","meta":{"_et_pb_use_builder":"","_et_pb_old_content":"","_et_gb_content_width":""},"product_brand":[],"product_cat":[1546],"product_tag":[1547,1496],"class_list":{"0":"post-19634","1":"product","2":"type-product","3":"status-publish","4":"has-post-thumbnail","6":"product_cat-boom-cylinders","7":"product_tag-boom-cylinders","8":"product_tag-hydraulic-cylinders","10":"first","11":"instock","12":"shipping-taxable","13":"product-type-simple"},"amp_enabled":true,"_links":{"self":[{"href":"https:\/\/www.hydraulic-cylinders.net\/tr\/wp-json\/wp\/v2\/product\/19634","targetHints":{"allow":["GET"]}}],"collection":[{"href":"https:\/\/www.hydraulic-cylinders.net\/tr\/wp-json\/wp\/v2\/product"}],"about":[{"href":"https:\/\/www.hydraulic-cylinders.net\/tr\/wp-json\/wp\/v2\/types\/product"}],"replies":[{"embeddable":true,"href":"https:\/\/www.hydraulic-cylinders.net\/tr\/wp-json\/wp\/v2\/comments?post=19634"}],"wp:featuredmedia":[{"embeddable":true,"href":"https:\/\/www.hydraulic-cylinders.net\/tr\/wp-json\/wp\/v2\/media\/17867"}],"wp:attachment":[{"href":"https:\/\/www.hydraulic-cylinders.net\/tr\/wp-json\/wp\/v2\/media?parent=19634"}],"wp:term":[{"taxonomy":"product_brand","embeddable":true,"href":"https:\/\/www.hydraulic-cylinders.net\/tr\/wp-json\/wp\/v2\/product_brand?post=19634"},{"taxonomy":"product_cat","embeddable":true,"href":"https:\/\/www.hydraulic-cylinders.net\/tr\/wp-json\/wp\/v2\/product_cat?post=19634"},{"taxonomy":"product_tag","embeddable":true,"href":"https:\/\/www.hydraulic-cylinders.net\/tr\/wp-json\/wp\/v2\/product_tag?post=19634"}],"curies":[{"name":"wp","href":"https:\/\/api.w.org\/{rel}","templated":true}]}}