{"id":19635,"date":"2025-04-07T06:58:40","date_gmt":"2025-04-07T06:58:40","guid":{"rendered":"https:\/\/www.hydraulic-cylinders.net\/product\/boom-cylinder-for-aotai-at150e-9\/"},"modified":"2025-04-07T06:58:51","modified_gmt":"2025-04-07T06:58:51","slug":"boom-cylinder-for-aotai-at150e-9","status":"publish","type":"product","link":"https:\/\/www.hydraulic-cylinders.net\/tr\/urun\/boom-cylinder-for-aotai-at150e-9\/","title":{"rendered":"Aotai AT150E-9 i\u00e7in Bom Silindiri"},"content":{"rendered":"<h1>Aotai AT150E-9 i\u00e7in Bom Silindiri<\/h1>\n<h2>\u00dcr\u00fcn Genel Bak\u0131\u015f\u0131<\/h2>\n<p>Aotai AT150E-9 i\u00e7in tasarlanm\u0131\u015f bu hidrolik silindir, \u00e7e\u015fitli a\u011f\u0131r i\u015f makinelerinde kep\u00e7elerin hareketini kontrol etmek i\u00e7in \u00f6zel olarak \u00fcretilmi\u015ftir. Bu silindir, hidrolik sistemlerde \u00e7ok \u00f6nemli bir rol oynayarak kep\u00e7elerin kald\u0131r\u0131lmas\u0131n\u0131, indirilmesini ve e\u011filmesini sa\u011flar ve b\u00f6ylece malzeme ta\u015f\u0131ma i\u015flemlerini kolayla\u015ft\u0131r\u0131r. Kep\u00e7e silindirleri, ekskavat\u00f6rlerde, kaz\u0131c\u0131 y\u00fckleyicilerde ve \u00f6n y\u00fckleyicilerde temel bile\u015fenlerdir ve bu makinelerin in\u015faat, tar\u0131m ve end\u00fcstriyel i\u015flerde verimli bir \u015fekilde \u00e7al\u0131\u015fmas\u0131n\u0131 sa\u011flar.<\/p>\n<p><img decoding=\"async\" src=\"https:\/\/www.hydraulic-cylinders.net\/wp-content\/uploads\/2025\/04\/songte-company-1.webp\" alt=\"Aotai AT150E-9 i\u00e7in Bom Silindiri\" \/><\/p>\n<h3>Tan\u0131m ve Genel Bak\u0131\u015f<\/h3>\n<p>Kep\u00e7e silindirleri, \u00f6zellikle kep\u00e7elerin hareketini kontrol etmek i\u00e7in tasarlanm\u0131\u015f olup, \u00e7e\u015fitli i\u015flemler i\u00e7in gerekli kuvveti sa\u011flamak \u00fczere hidrolik bas\u0131nc\u0131 kullan\u0131r. Bu silindirler, ekipman\u0131n i\u015flevselli\u011finin ayr\u0131lmaz bir par\u00e7as\u0131d\u0131r ve a\u011f\u0131r i\u015flerde gereken hassas hareketlere olanak tan\u0131r. Hidrolik enerjiyi mekanik enerjiye d\u00f6n\u00fc\u015ft\u00fcrerek, kep\u00e7e silindirleri operat\u00f6rlerin kep\u00e7enin konumunu kolayl\u0131kla ve hassasiyetle kontrol etmelerini sa\u011flar.<\/p>\n<h2>Bom Silindirinin \u00d6zellikleri<\/h2>\n<ul>\n<li><strong>Y\u00fcksek Dayan\u0131kl\u0131l\u0131k ve Dayan\u0131kl\u0131l\u0131k:<\/strong> Y\u00fcksek mukavemetli \u00e7elik veya al\u00fcminyumdan \u00fcretilmi\u015f, y\u00fcksek bas\u0131n\u00e7lara ve a\u011f\u0131r y\u00fcklere dayanabilen, zorlu \u00e7al\u0131\u015fma ortamlar\u0131na dayanacak \u015fekilde tasarlanm\u0131\u015f, a\u015f\u0131nma direnci ve korozyon korumas\u0131 y\u00fcksek \u00fcr\u00fcnlerdir.<\/li>\n<li><strong>Verimli Hidrolik \u00c7al\u0131\u015fma:<\/strong> Hidrolik bas\u0131n\u00e7 kullanarak sorunsuz uzatma ve geri \u00e7ekme hareketi sa\u011flar, operat\u00f6r komutlar\u0131na h\u0131zl\u0131 yan\u0131t verir ve a\u011f\u0131r ve karma\u015f\u0131k i\u015fler i\u00e7in uygun g\u00fc\u00e7l\u00fc itme ve \u00e7ekme kuvvetleri sunar.<\/li>\n<li><strong>\u00c7e\u015fitli T\u00fcrler:<\/strong> Tek y\u00f6nl\u00fc (hidroli\u011fi tek y\u00f6nde kullanan) veya \u00e7ift y\u00f6nl\u00fc (hidroli\u011fi her iki y\u00f6nde kullanan) konfig\u00fcrasyonlarda mevcut olup, \u00e7e\u015fitli operasyonel ihtiya\u00e7lar\u0131 kar\u015f\u0131lamaktad\u0131r. Baz\u0131 modellerde, d\u0131\u015f boyutlar\u0131 art\u0131rmadan daha uzun eri\u015fim sa\u011flayan teleskopik bir tasar\u0131m bulunur; bu da dar alanlar i\u00e7in idealdir.<\/li>\n<li><strong>\u00d6zelle\u015ftirilebilir Se\u00e7enekler:<\/strong> Belirli makine gereksinimlerine g\u00f6re uyarlanabilir, b\u00f6ylece farkl\u0131 uygulamalarda uyumluluk ve optimum performans sa\u011flan\u0131r.<\/li>\n<li><strong>Geli\u015ftirilmi\u015f G\u00fcvenlik \u00d6zellikleri:<\/strong> Ar\u0131zalar\u0131 \u00f6nlemek ve g\u00fcvenilir \u00e7al\u0131\u015fma sa\u011flamak i\u00e7in dahili g\u00fcvenlik mekanizmalar\u0131 i\u00e7erir; hem ekipman\u0131 hem de operat\u00f6r\u00fc korur.<\/li>\n<\/ul>\n<p>Bu \u00fcr\u00fcn\u00fc \u00fcretebiliyoruz ve silindirlerimiz mevcut hidrolik silindirlerin yerini m\u00fckemmel bir \u015fekilde alacak \u015fekilde tasarlanm\u0131\u015ft\u0131r.<\/p>\n<p><img decoding=\"async\" src=\"https:\/\/www.hydraulic-cylinders.net\/wp-content\/uploads\/2025\/04\/songte-cylinder-head-with-all-kinds-excavator-models.webp\" alt=\"Hidrolik Silindir De\u011fi\u015fimi\" \/><\/p>\n<h2>Bom Silindirinin Uygulamalar\u0131<\/h2>\n<h3>\u0130n\u015faat Ekipmanlar\u0131<\/h3>\n<p>\u0130n\u015faat ekipmanlar\u0131 alan\u0131nda, bom silindirleri ekskavat\u00f6rlerde bulunur ve toprak veya moloz kazma, y\u00fckleme ve ta\u015f\u0131ma i\u015flemlerinde \u00f6nemli bir rol oynar. Bom silindirinin hidrolik hareketi, kep\u00e7enin konumunun hassas bir \u015fekilde kontrol edilmesini sa\u011flayarak operat\u00f6rlerin kaz\u0131 i\u015fleri i\u00e7in gerekli karma\u015f\u0131k manevralar\u0131 ger\u00e7ekle\u015ftirmesine olanak tan\u0131r. Bu i\u015flevsellik, verimlili\u011fin ve do\u011frulu\u011fun do\u011frudan \u00fcretkenli\u011fi ve g\u00fcvenli\u011fi etkiledi\u011fi in\u015faat projelerinde \u00e7ok \u00f6nemlidir.<\/p>\n<h3>Tar\u0131m Makinalar\u0131<\/h3>\n<p>\u00d6n y\u00fckleyici gibi tar\u0131m makinelerinde, bom silindirleri toprak, saman ve di\u011fer malzemeleri kep\u00e7elemek, kald\u0131rmak ve ta\u015f\u0131mak i\u00e7in kullan\u0131l\u0131r. A\u011f\u0131r y\u00fckleri kolayl\u0131kla ta\u015f\u0131yabilme yetenekleri, onlar\u0131 tar\u0131m faaliyetleri i\u00e7in vazge\u00e7ilmez k\u0131lar. Bom silindirinin hidrolik sistemi, i\u015f ak\u0131\u015f\u0131n\u0131 optimize etmeye, manuel i\u015f g\u00fcc\u00fcn\u00fc azaltmaya ve tar\u0131msal i\u015flerin genel verimlili\u011fini art\u0131rmaya yard\u0131mc\u0131 olur; bu da modern tar\u0131m uygulamalar\u0131 i\u00e7in \u00e7ok \u00f6nemlidir.<\/p>\n<h3>Ekskavat\u00f6rler<\/h3>\n<p>Ekskavat\u00f6rlerdeki bom silindiri, kep\u00e7enin topra\u011fa etkili bir \u015fekilde n\u00fcfuz etmesini sa\u011flayarak kazma i\u015flemini kolayla\u015ft\u0131r\u0131r. Bu \u00f6zellik, operat\u00f6rlerin topra\u011f\u0131n daha derin katmanlar\u0131na hassas bir \u015fekilde ula\u015fmas\u0131n\u0131 sa\u011flad\u0131\u011f\u0131 i\u00e7in kaz\u0131 \u00e7al\u0131\u015fmalar\u0131 i\u00e7in hayati \u00f6nem ta\u015f\u0131r. Bom silindiri taraf\u0131ndan \u00fcretilen hidrolik kuvvet, ekskavat\u00f6r\u00fcn \u00e7e\u015fitli toprak tipleri ve arazi ko\u015fullar\u0131yla ba\u015fa \u00e7\u0131kabilmesini sa\u011flayarak, \u00e7e\u015fitli \u015fantiyelerdeki \u00e7ok y\u00f6nl\u00fcl\u00fc\u011f\u00fcn\u00fc art\u0131r\u0131r.<\/p>\n<h3>Y\u00fckleyiciler<\/h3>\n<p>\u00d6n y\u00fckleyicilerde, bom silindirleri y\u00fcklerin verimli bir \u015fekilde kald\u0131r\u0131lmas\u0131na ve bo\u015falt\u0131lmas\u0131na yard\u0131mc\u0131 olur. Hidrolik sistem, sorunsuz \u00e7al\u0131\u015fma sa\u011flayarak y\u00fckleyicinin g\u00fcvenli\u011fi veya performans\u0131 tehlikeye atmadan a\u011f\u0131r malzemeleri y\u00f6netebilmesini garanti eder. Bu uygulama, zaman\u0131nda malzeme ta\u015f\u0131mas\u0131n\u0131n proje ba\u015far\u0131s\u0131 i\u00e7in kritik \u00f6nem ta\u015f\u0131d\u0131\u011f\u0131 in\u015faat ve peyzaj i\u015flerinde \u00f6zellikle \u00f6nemlidir.<\/p>\n<h2>Tasar\u0131m Hususlar\u0131 ve Se\u00e7im Kriterleri<\/h2>\n<h3>Y\u00fck Kapasitesi<\/h3>\n<p>Bir bom silindiri se\u00e7erken, en \u00f6nemli hususlardan biri y\u00fck ta\u015f\u0131ma kapasitesidir. \u00c7al\u0131\u015fma s\u0131ras\u0131nda ekipman\u0131n kar\u015f\u0131la\u015faca\u011f\u0131 maksimum y\u00fck\u00fc kald\u0131rabilecek kapasitede olmal\u0131d\u0131r. Silindirin tasar\u0131m\u0131, kullan\u0131m amac\u0131n\u0131 yans\u0131tmal\u0131 ve ar\u0131za riski olmadan a\u011f\u0131rl\u0131\u011f\u0131 g\u00fcvenli bir \u015fekilde ta\u015f\u0131yabilmesini sa\u011flamal\u0131d\u0131r. Y\u00fck gereksinimlerinin hesaplanmas\u0131, ta\u015f\u0131nan malzeme t\u00fcrlerini ve makineye binen operasyonel talepleri de\u011ferlendirmeyi i\u00e7erir. Do\u011fru \u015fekilde derecelendirilmi\u015f bir silindir, yaln\u0131zca verimli performans sa\u011flamakla kalmaz, ayn\u0131 zamanda ekipman\u0131n ve operat\u00f6r\u00fcn g\u00fcvenli\u011fini de sa\u011flar.<\/p>\n<h3>S\u0131zd\u0131rmazl\u0131k Performans\u0131<\/h3>\n<p>S\u0131zd\u0131rmazl\u0131k, hidrolik silindir tasar\u0131m\u0131n\u0131n bir di\u011fer \u00f6nemli y\u00f6n\u00fcd\u00fcr. Etkili s\u0131zd\u0131rmazl\u0131k, hidrolik s\u0131v\u0131n\u0131n s\u0131zmas\u0131n\u0131 \u00f6nler ve sorunsuz \u00e7al\u0131\u015fma i\u00e7in gerekli bas\u0131nc\u0131 korur. Tasar\u0131m, s\u0131cakl\u0131k de\u011fi\u015fimleri ve kirleticilere maruz kalma dahil olmak \u00fczere \u00e7al\u0131\u015fma ko\u015fullar\u0131na dayanabilen y\u00fcksek kaliteli contalar\u0131 i\u00e7ermelidir. Poli\u00fcretan veya nitril kau\u00e7uk gibi dayan\u0131kl\u0131 malzemelerden yap\u0131lm\u0131\u015f contalar\u0131n se\u00e7ilmesi, silindirin \u00f6mr\u00fcn\u00fc uzat\u0131r ve bak\u0131m ihtiya\u00e7lar\u0131n\u0131 en aza indirerek hidrolik sistemin zaman i\u00e7inde optimum \u015fekilde \u00e7al\u0131\u015fmas\u0131n\u0131 sa\u011flar.<\/p>\n<h3>Dayan\u0131kl\u0131l\u0131k<\/h3>\n<p>Zorlu ortamlarda \u00e7al\u0131\u015fan hidrolik silindirler i\u00e7in dayan\u0131kl\u0131l\u0131k son derece \u00f6nemlidir. Yap\u0131m\u0131nda kullan\u0131lan malzemeler a\u015f\u0131nmaya ve korozyona kar\u015f\u0131 diren\u00e7li olmal\u0131, b\u00f6ylece silindirin kullan\u0131m \u00f6mr\u00fc uzamal\u0131d\u0131r. \u00dcreticiler, silindir g\u00f6vdesinin ve bile\u015fenlerinin dayan\u0131kl\u0131l\u0131\u011f\u0131n\u0131 art\u0131rmak i\u00e7in genellikle geli\u015fmi\u015f kaplamalar ve i\u015flemler kullan\u0131rlar. Beklenen kullan\u0131m \u00f6mr\u00fcn\u00fc ve bak\u0131m s\u0131kl\u0131\u011f\u0131n\u0131 de\u011ferlendirmek, zorlu kullan\u0131ma dayanabilen ve g\u00fcvenilir performans sunabilen bir silindir se\u00e7mek i\u00e7in \u00e7ok \u00f6nemlidir.<\/p>\n<h3>G\u00fcvenlik \u00d6zellikleri<\/h3>\n<p>Bom silindirinin tasar\u0131m\u0131na g\u00fcvenlik \u00f6zelliklerinin entegre edilmesi, kazalar\u0131 ve ekipman hasar\u0131n\u0131 \u00f6nlemek i\u00e7in kritik \u00f6neme sahiptir. Bu, bas\u0131n\u00e7 tahliye vanalar\u0131 ve a\u015f\u0131r\u0131 y\u00fck koruma sistemleri gibi mekanizmalar\u0131n uygulanmas\u0131n\u0131 i\u00e7erir. Bu \u00f6zellikler, hidrolik bas\u0131n\u00e7taki beklenmedik art\u0131\u015flar\u0131 y\u00f6netmeye yard\u0131mc\u0131 olarak, felaketle sonu\u00e7lanabilecek ar\u0131zalar\u0131n olas\u0131l\u0131\u011f\u0131n\u0131 azalt\u0131r. Ayr\u0131ca, operat\u00f6rler, \u00e7al\u0131\u015fma s\u0131ras\u0131nda do\u011fru protokollerin izlenmesini sa\u011flamak i\u00e7in silindirle ilgili g\u00fcvenlik y\u00f6nergelerine a\u015fina olmal\u0131d\u0131r.<\/p>\n<h3>Bak\u0131m kolayl\u0131\u011f\u0131<\/h3>\n<p>Bom silindiri se\u00e7erken bak\u0131m kolayl\u0131\u011f\u0131 \u00f6nemli bir husus olmal\u0131d\u0131r. Bile\u015fenlere kolay eri\u015fim sa\u011flayan bir tasar\u0131m, rutin incelemeleri ve onar\u0131mlar\u0131 kolayla\u015ft\u0131r\u0131r. Bu, \u00e7\u0131kar\u0131labilir u\u00e7 kapaklar\u0131, eri\u015filebilir contalar ve basit ya\u011flama noktalar\u0131 gibi \u00f6zellikleri i\u00e7erir. D\u00fczenli bak\u0131m, optimum performans ve uzun \u00f6m\u00fcr i\u00e7in hayati \u00f6nem ta\u015f\u0131rken, bak\u0131m i\u015flemlerini basitle\u015ftiren bir tasar\u0131m maliyet tasarrufu ve ar\u0131za s\u00fcresinin azalmas\u0131na yol a\u00e7abilir.<\/p>\n<p><img decoding=\"async\" src=\"https:\/\/www.hydraulic-cylinders.net\/wp-content\/uploads\/2025\/04\/songte-oil-pipes-and-spare-parts.webp\" alt=\"Hidrolik Par\u00e7alar\" \/><\/p>\n<h2>Silindirin S\u0131zd\u0131rmazl\u0131\u011f\u0131 ve Ya\u011flanmas\u0131<\/h2>\n<p>S\u0131zd\u0131rmazl\u0131k ve ya\u011flama, hidrolik silindirlerin i\u015flevselli\u011fi ve uzun \u00f6mr\u00fc i\u00e7in kritik \u00f6neme sahiptir. Piston contalar\u0131 ve mil contalar\u0131 gibi \u00e7e\u015fitli s\u0131zd\u0131rmazl\u0131k elemanlar\u0131, hidrolik bas\u0131nc\u0131 korumak ve s\u0131z\u0131nt\u0131y\u0131 \u00f6nlemek i\u00e7in kullan\u0131l\u0131r. Poli\u00fcretan veya nitril kau\u00e7uk gibi a\u015f\u0131nmaya dayan\u0131kl\u0131 malzemelerden yap\u0131lm\u0131\u015f contalar\u0131n se\u00e7ilmesi, dayan\u0131kl\u0131l\u0131k ve performans sa\u011flar. Ek olarak, silindir g\u00f6vdesi ve di\u015fli u\u00e7 y\u00fczeyleri, a\u015f\u0131nma direncini art\u0131rmak i\u00e7in hassas bir \u015fekilde i\u015flenir.<\/p>\n<p>Hidrolik sistemin verimlili\u011fini korumak i\u00e7in d\u00fczenli ya\u011flama \u015fartt\u0131r. Silindirin d\u00fczg\u00fcn hareket etmesini sa\u011flamak ve i\u00e7 a\u015f\u0131nmay\u0131 \u00f6nlemek i\u00e7in periyodik olarak uygun miktarda hidrolik ya\u011f ile doldurulmas\u0131 gerekir. Ya\u011flama i\u00e7in d\u00fczenli bir bak\u0131m program\u0131 olu\u015fturmak, silindirin etkili bir \u015fekilde \u00e7al\u0131\u015fmas\u0131n\u0131 sa\u011flayarak zaman i\u00e7inde hasar veya ar\u0131za riskini azaltmaya yard\u0131mc\u0131 olur.<\/p>\n<h2>D\u00fczenli Muayene ve \u00d6nleyici Bak\u0131m \u00d6nlemleri<\/h2>\n<ul>\n<li><strong>D\u00fczenli Denetimler:<\/strong> Hidrolik silindirin d\u00fczenli olarak kontrol edilmesi, a\u015f\u0131nma veya hasar belirtilerini erken tespit etmek i\u00e7in \u00e7ok \u00f6nemlidir. Operat\u00f6rler, s\u0131v\u0131 s\u0131z\u0131nt\u0131lar\u0131n\u0131, ola\u011fand\u0131\u015f\u0131 sesleri veya performans de\u011fi\u015fikliklerini kontrol etmeli ve daha fazla komplikasyonu \u00f6nlemek i\u00e7in sorunlar\u0131 derhal gidermelidir.<\/li>\n<li><strong>Uygun Ya\u011flama:<\/strong> Silindirin yeterince ya\u011flanmas\u0131, i\u00e7 bile\u015fenlerdeki s\u00fcrt\u00fcnmeyi ve a\u015f\u0131nmay\u0131 azalt\u0131r. Operat\u00f6rler, optimum \u00e7al\u0131\u015fma ko\u015fullar\u0131n\u0131 korumak i\u00e7in ya\u011flay\u0131c\u0131 t\u00fcr\u00fc ve aral\u0131klar\u0131 konusunda \u00fcretici tavsiyelerine uymal\u0131d\u0131r.<\/li>\n<li><strong>Conta De\u011fi\u015fimi:<\/strong> Zamanla, contalar bozulabilir ve etkilerini kaybedebilir. Contalar\u0131n d\u00fczenli olarak kontrol edilmesi ve gerekti\u011finde de\u011fi\u015ftirilmesi, hidrolik s\u0131v\u0131 s\u0131z\u0131nt\u0131lar\u0131n\u0131 \u00f6nleyebilir ve performans\u0131 koruyarak silindirin \u00f6mr\u00fcn\u00fc uzatabilir.<\/li>\n<\/ul>\n<h2>Kurulum Talimatlar\u0131<\/h2>\n<p>Bom silindirinin do\u011fru montaj\u0131, optimum performans ve g\u00fcvenlik i\u00e7in \u00e7ok \u00f6nemlidir. \u00d6ncelikle montaj y\u00fczeylerinin temiz ve hizalamay\u0131 engelleyebilecek kal\u0131nt\u0131lardan ar\u0131nd\u0131r\u0131lm\u0131\u015f oldu\u011fundan emin olun. Silindiri sabitlemek i\u00e7in uygun aletler kullan\u0131n ve ilgili mekanik bile\u015fenlerle do\u011fru \u015fekilde hizaland\u0131\u011f\u0131ndan emin olun. Silindiri g\u00fcvenli bir \u015fekilde yerine sabitlemek i\u00e7in uygun montaj braketleri kullan\u0131lmas\u0131 \u00f6nerilir.<\/p>\n<p>Montaj s\u0131ras\u0131nda, t\u00fcm hidrolik ba\u011flant\u0131lar\u0131n s\u0131k\u0131 ve s\u0131z\u0131nt\u0131s\u0131z oldu\u011fundan emin olun. A\u015f\u0131r\u0131 s\u0131kmaktan ka\u00e7\u0131n\u0131n, \u00e7\u00fcnk\u00fc bu hasara yol a\u00e7abilir. \u0130lk kurulumdan sonra, tam \u00e7al\u0131\u015fma y\u00fcklerine maruz b\u0131rakmadan \u00f6nce silindiri d\u00fc\u015f\u00fck bas\u0131n\u00e7 alt\u0131nda \u00e7al\u0131\u015ft\u0131rarak do\u011fru \u015fekilde \u00e7al\u0131\u015ft\u0131\u011f\u0131n\u0131 do\u011frulay\u0131n. Bu y\u00f6nergeleri izlemek, bom silindirinin do\u011fru \u015fekilde kurulmas\u0131n\u0131 ve ama\u00e7land\u0131\u011f\u0131 gibi \u00e7al\u0131\u015fmas\u0131n\u0131 sa\u011flayacakt\u0131r.<\/p>\n<h2>Yayg\u0131n Bak\u0131m G\u00f6revleri<\/h2>\n<ul>\n<li><strong>D\u00fczenli Denetimler:<\/strong> Olas\u0131 sorunlar\u0131 erken tespit etmek i\u00e7in rutin kontroller hayati \u00f6nem ta\u015f\u0131r. Operat\u00f6rler silindiri s\u0131z\u0131nt\u0131, hasar veya a\u015f\u0131nma a\u00e7\u0131s\u0131ndan de\u011ferlendirmelidir. Do\u011fru bak\u0131m, sorunlar\u0131n b\u00fcy\u00fcmeden \u00f6nce giderilmesini sa\u011flayarak uzun s\u00fcreli \u00e7al\u0131\u015fmay\u0131 destekler.<\/li>\n<li><strong>Uygun Ya\u011flama:<\/strong> Hidrolik sistemin verimlili\u011fini korumak i\u00e7in d\u00fczenli ya\u011flama \u015fartt\u0131r. Operat\u00f6rler, ya\u011flama t\u00fcr\u00fc ve s\u0131kl\u0131\u011f\u0131na ili\u015fkin y\u00f6nergeleri takip etmelidir, \u00e7\u00fcnk\u00fc do\u011fru ya\u011flama a\u015f\u0131nmay\u0131 azalt\u0131r ve performans\u0131 art\u0131r\u0131r.<\/li>\n<li><strong>Conta De\u011fi\u015fimi ve Kalibrasyon Kontrolleri:<\/strong> S\u0131v\u0131 s\u0131z\u0131nt\u0131lar\u0131n\u0131 \u00f6nlemek i\u00e7in contalar\u0131n d\u00fczenli olarak kontrol edilmesi ve de\u011fi\u015ftirilmesi \u00e7ok \u00f6nemlidir. Kalibrasyon kontrolleri, silindirin belirtilen s\u0131n\u0131rlar i\u00e7inde \u00e7al\u0131\u015fmas\u0131n\u0131 sa\u011flayarak i\u015flevlerinde do\u011frulu\u011fu korur.<\/li>\n<\/ul>\n<p>Bom silindirinin uzun \u00f6m\u00fcrl\u00fc olmas\u0131 i\u00e7in do\u011fru montaj, ya\u011flama ve ayarlamalar \u00e7ok \u00f6nemlidir. Operat\u00f6rler, montaj s\u0131ras\u0131nda silindiri do\u011fru \u015fekilde hizalamaya ve uygun montaj braketlerini kullanmaya \u00f6zen g\u00f6stermelidir. \u00d6nerilen inceleme, onar\u0131m ve de\u011fi\u015ftirme prosed\u00fcrlerinin izlenmesi, silindirin \u00f6mr\u00fcn\u00fc daha da uzatacak ve performans\u0131n\u0131 art\u0131racakt\u0131r.<\/p>\n<p><img decoding=\"async\" src=\"https:\/\/www.hydraulic-cylinders.net\/wp-content\/uploads\/2025\/04\/songte-chushion-collar.webp\" alt=\"Yast\u0131k Yaka\" \/><\/p>\n<h2>G\u00fcvenlik Hususlar\u0131 ve \u00c7evresel Fakt\u00f6rler<\/h2>\n<p>Hidrolik silindirlerle \u00e7al\u0131\u015f\u0131rken g\u00fcvenlik \u00f6nlemleri son derece \u00f6nemlidir. Operat\u00f6rler, hidrolik bas\u0131n\u00e7 ar\u0131zalar\u0131yla ili\u015fkili riskleri en aza indirmek i\u00e7in belirlenmi\u015f g\u00fcvenlik protokollerine uymal\u0131d\u0131r. Potansiyel tehlikelerin fark\u0131nda olmak ve t\u00fcm g\u00fcvenlik \u00f6zelliklerinin do\u011fru \u015fekilde \u00e7al\u0131\u015ft\u0131\u011f\u0131ndan emin olmak \u00e7ok \u00f6nemlidir. Operat\u00f6rler i\u00e7in d\u00fczenli g\u00fcvenlik e\u011fitimi, kazalar\u0131n olas\u0131l\u0131\u011f\u0131n\u0131 \u00f6nemli \u00f6l\u00e7\u00fcde azaltarak g\u00fcvenli bir \u00e7al\u0131\u015fma ortam\u0131 sa\u011flar.<\/p>\n<h2>Ar\u0131za Te\u015fhisi ve Yayg\u0131n Sorunlar<\/h2>\n<ul>\n<li><strong>S\u0131z\u0131nt\u0131 Sorunlar\u0131:<\/strong> S\u0131v\u0131 s\u0131z\u0131nt\u0131lar\u0131, a\u015f\u0131nm\u0131\u015f contalar\u0131 veya hasar g\u00f6rm\u00fc\u015f par\u00e7alar\u0131 g\u00f6sterebilir. Operat\u00f6rler, uygun hidrolik bas\u0131nc\u0131 korumak i\u00e7in d\u00fczenli olarak s\u0131z\u0131nt\u0131 kontrol\u00fc yapmal\u0131d\u0131r.<\/li>\n<li><strong>Silindir S\u0131k\u0131\u015fmas\u0131:<\/strong> Silindir d\u00fczg\u00fcn bir \u015fekilde uzam\u0131yor veya geri \u00e7ekilmiyorsa, bunun nedeni t\u0131kan\u0131kl\u0131klar veya i\u00e7 hasar olabilir. Bu sorunlar\u0131n belirlenmesi ve giderilmesi g\u00fcvenli \u00e7al\u0131\u015fma i\u00e7in \u00e7ok \u00f6nemlidir.<\/li>\n<li><strong>Bas\u0131n\u00e7 Kayb\u0131:<\/strong> Ani bas\u0131n\u00e7 kayb\u0131, hidrolik sistemde i\u00e7 s\u0131z\u0131nt\u0131lar veya t\u0131kan\u0131kl\u0131klar oldu\u011funu g\u00f6sterebilir. Bas\u0131n\u00e7 sorunlar\u0131n\u0131n h\u0131zl\u0131 bir \u015fekilde te\u015fhis edilmesi ve giderilmesi, sistemin verimli \u00e7al\u0131\u015fmas\u0131n\u0131 sa\u011flar.<\/li>\n<\/ul>\n<h2>Sorun Giderme \u0130pu\u00e7lar\u0131 ve \u00c7\u00f6z\u00fcmleri<\/h2>\n<p>Bom silindirindeki sorunlar\u0131 etkili bir \u015fekilde te\u015fhis etmek ve \u00e7\u00f6zmek i\u00e7in operat\u00f6rler \u00f6ncelikle herhangi bir s\u0131z\u0131nt\u0131 veya hasar\u0131 tespit etmek amac\u0131yla g\u00f6rsel bir inceleme yapmal\u0131d\u0131r. S\u0131z\u0131nt\u0131 durumunda, a\u015f\u0131nm\u0131\u015f contalar\u0131n de\u011fi\u015ftirilmesi ve ba\u011flant\u0131lar\u0131n s\u0131k\u0131la\u015ft\u0131r\u0131lmas\u0131 genellikle sorunu \u00e7\u00f6zebilir. Silindir s\u0131k\u0131\u015fm\u0131\u015fsa, i\u00e7 mekanizmalar\u0131n dikkatlice incelenmesi ve t\u0131kan\u0131kl\u0131klar\u0131n giderilmesi i\u015flevselli\u011fin geri kazan\u0131lmas\u0131na yard\u0131mc\u0131 olacakt\u0131r.<\/p>\n<p>Bas\u0131n\u00e7 kayb\u0131 durumunda, hidrolik hatlardaki s\u0131z\u0131nt\u0131lar\u0131 kontrol etmek ve contalar\u0131n a\u015f\u0131nmas\u0131n\u0131 incelemek hayati \u00f6nem ta\u015f\u0131r. D\u00fczenli bak\u0131m uygulamalar\u0131, \u00f6rne\u011fin planl\u0131 kontroller ve uygun ya\u011flama, bu sorunlarla kar\u015f\u0131la\u015fma olas\u0131l\u0131\u011f\u0131n\u0131 \u00f6nemli \u00f6l\u00e7\u00fcde azaltarak s\u00fcrekli ve verimli bir \u00e7al\u0131\u015fma sa\u011flar.<\/p>\n<p><img decoding=\"async\" src=\"https:\/\/www.hydraulic-cylinders.net\/wp-content\/uploads\/2025\/04\/songte-bushings-with-all-kinds-of-excavator-models.webp\" alt=\"Ekskavat\u00f6rler i\u00e7in Bur\u00e7lar\" \/><\/p>\n<h2>\u015eirket Genel Bak\u0131\u015f\u0131<\/h2>\n<p>\u00d6nde gelen yedek hidrolik silindir \u00fcreticisi olarak, hem yerel hem de uluslararas\u0131 pazarlarda \u00f6nemli bir oyuncu olmam\u0131z\u0131 sa\u011flayan kapsaml\u0131 bir \u00fcr\u00fcn yelpazesi sunuyoruz. M\u00fckemmelli\u011fe olan ba\u011fl\u0131l\u0131\u011f\u0131m\u0131z ve geli\u015fmi\u015f \u00fcretim stratejilerimiz, \u00e7e\u015fitli m\u00fc\u015fteri ihtiya\u00e7lar\u0131n\u0131 kar\u015f\u0131layan y\u00fcksek kaliteli hidrolik silindirler \u00fcretmemizi sa\u011fl\u0131yor.<\/p>\n<p>\u00dcretim kapasitemiz, geli\u015fmi\u015f teknolojileri, yetenekli personeli ve sa\u011flam bir kalite kontrol sistemini kullanarak her \u00fcr\u00fcn\u00fcn en y\u00fcksek standartlar\u0131 kar\u015f\u0131lamas\u0131n\u0131 sa\u011flamaktad\u0131r. Verimlilik, hassasiyet ve kaliteye odaklanarak, m\u00fc\u015fterilerimizin \u00e7e\u015fitli gereksinimlerini kar\u015f\u0131lamaya \u00e7al\u0131\u015f\u0131yoruz.<\/p>\n<p><img decoding=\"async\" src=\"https:\/\/www.hydraulic-cylinders.net\/wp-content\/uploads\/2025\/04\/songte-company-4.webp\" alt=\"\u015eirket Genel Bak\u0131\u015f\u0131\" \/><br \/>\n<img decoding=\"async\" src=\"https:\/\/www.hydraulic-cylinders.net\/wp-content\/uploads\/2025\/04\/songte-company-3.webp\" alt=\"\u00dcretim Tesisi\" \/><\/p>\n<h3>Profesyonellik ve Ki\u015fiselle\u015ftirme<\/h3>\n<p>Profesyonelli\u011fimiz, ekibimizin uzmanl\u0131\u011f\u0131nda ve m\u00fc\u015fteri memnuniyetine olan ba\u011fl\u0131l\u0131\u011f\u0131m\u0131zda kendini g\u00f6stermektedir. Her m\u00fc\u015fterinin \u00f6zel ihtiya\u00e7lar\u0131na uygun, \u00f6zelle\u015ftirilmi\u015f hizmetler sunarak \u00fcr\u00fcnlerimizin her m\u00fc\u015fterinin benzersiz ihtiya\u00e7lar\u0131na uygun olmas\u0131n\u0131 sa\u011fl\u0131yoruz.<\/p>\n<h3>Uluslararas\u0131 Sertifikalar<\/h3>\n<p>\u00c7e\u015fitli uluslararas\u0131 sertifikalara sahibiz ve bu da kaliteye olan ba\u011fl\u0131l\u0131\u011f\u0131m\u0131z\u0131 ve s\u0131k\u0131 \u00fcretim standartlar\u0131na ba\u011fl\u0131l\u0131\u011f\u0131m\u0131z\u0131 vurgulamaktad\u0131r. Sertifikalar\u0131m\u0131z, m\u00fc\u015fterilerimize \u00fcr\u00fcnlerimizin g\u00fcvenilirli\u011fi ve g\u00fcvenli\u011fi konusunda g\u00fcven vermektedir.<\/p>\n<h3>\u00dcretim Ekipmanlar\u0131<\/h3>\n<p>Son teknoloji \u00fcr\u00fcn\u00fc \u00fcretim ekipmanlar\u0131m\u0131z, y\u00fcksek hassasiyet ve verimlilikle hidrolik silindirler \u00fcretmemizi sa\u011fl\u0131yor. \u00dcretim kapasitemizi art\u0131rmak ve sekt\u00f6r\u00fcn taleplerini kar\u015f\u0131lamak i\u00e7in s\u00fcrekli olarak modern teknolojiye yat\u0131r\u0131m yap\u0131yoruz.<\/p>\n<h3>Sat\u0131\u015f Sonras\u0131 Hizmet<\/h3>\n<p>M\u00fc\u015fterilerimizle ola\u011fan\u00fcst\u00fc sat\u0131\u015f sonras\u0131 hizmet arac\u0131l\u0131\u011f\u0131yla kal\u0131c\u0131 ili\u015fkiler kurmaya inan\u0131yoruz. Destek ekibimiz, m\u00fc\u015fterilerimizin her t\u00fcrl\u00fc sorusuna yard\u0131mc\u0131 olmak i\u00e7in her zaman haz\u0131rd\u0131r ve sat\u0131n almadan devam eden bak\u0131ma kadar sorunsuz bir deneyim sa\u011flar.<\/p>\n<p>Yazar lyl<\/p>","protected":false},"excerpt":{"rendered":"<p>Boom Cylinder For Aotai AT150E-9 Product Overview The Boom Cylinder for Aotai AT150E-9 is a specialized hydraulic cylinder designed to control the movement of buckets in various heavy machinery applications. This cylinder plays a crucial role in hydraulic systems, enabling the lifting, lowering, and tilting of buckets, which facilitates material handling tasks. Bucket cylinders are [&hellip;]<\/p>","protected":false},"featured_media":17868,"comment_status":"open","ping_status":"closed","template":"","meta":{"_et_pb_use_builder":"","_et_pb_old_content":"","_et_gb_content_width":""},"product_brand":[],"product_cat":[1546],"product_tag":[1547,1496],"class_list":{"0":"post-19635","1":"product","2":"type-product","3":"status-publish","4":"has-post-thumbnail","6":"product_cat-boom-cylinders","7":"product_tag-boom-cylinders","8":"product_tag-hydraulic-cylinders","10":"first","11":"instock","12":"shipping-taxable","13":"product-type-simple"},"amp_enabled":true,"_links":{"self":[{"href":"https:\/\/www.hydraulic-cylinders.net\/tr\/wp-json\/wp\/v2\/product\/19635","targetHints":{"allow":["GET"]}}],"collection":[{"href":"https:\/\/www.hydraulic-cylinders.net\/tr\/wp-json\/wp\/v2\/product"}],"about":[{"href":"https:\/\/www.hydraulic-cylinders.net\/tr\/wp-json\/wp\/v2\/types\/product"}],"replies":[{"embeddable":true,"href":"https:\/\/www.hydraulic-cylinders.net\/tr\/wp-json\/wp\/v2\/comments?post=19635"}],"wp:featuredmedia":[{"embeddable":true,"href":"https:\/\/www.hydraulic-cylinders.net\/tr\/wp-json\/wp\/v2\/media\/17868"}],"wp:attachment":[{"href":"https:\/\/www.hydraulic-cylinders.net\/tr\/wp-json\/wp\/v2\/media?parent=19635"}],"wp:term":[{"taxonomy":"product_brand","embeddable":true,"href":"https:\/\/www.hydraulic-cylinders.net\/tr\/wp-json\/wp\/v2\/product_brand?post=19635"},{"taxonomy":"product_cat","embeddable":true,"href":"https:\/\/www.hydraulic-cylinders.net\/tr\/wp-json\/wp\/v2\/product_cat?post=19635"},{"taxonomy":"product_tag","embeddable":true,"href":"https:\/\/www.hydraulic-cylinders.net\/tr\/wp-json\/wp\/v2\/product_tag?post=19635"}],"curies":[{"name":"wp","href":"https:\/\/api.w.org\/{rel}","templated":true}]}}