{"id":19636,"date":"2025-04-07T06:58:53","date_gmt":"2025-04-07T06:58:53","guid":{"rendered":"https:\/\/www.hydraulic-cylinders.net\/product\/boom-cylinder-for-aotai-at90e-9\/"},"modified":"2025-04-07T06:58:56","modified_gmt":"2025-04-07T06:58:56","slug":"boom-cylinder-for-aotai-at90e-9","status":"publish","type":"product","link":"https:\/\/www.hydraulic-cylinders.net\/tr\/urun\/boom-cylinder-for-aotai-at90e-9\/","title":{"rendered":"Aotai AT90E-9 i\u00e7in Bom Silindiri"},"content":{"rendered":"<h1>Aotai AT90E-9 i\u00e7in Bom Silindiri<\/h1>\n<h2>Bom Silindirlerine Giri\u015f<\/h2>\n<p>Bom silindiri, \u00f6zellikle ekskavat\u00f6rler, beko y\u00fckleyiciler ve \u00f6n y\u00fckleyiciler gibi \u00e7e\u015fitli a\u011f\u0131r i\u015f makinelerinin ata\u015fmanlar\u0131n\u0131n hareketini kontrol etmek i\u00e7in tasarlanm\u0131\u015f, hidrolik sistemlerde \u00f6nemli bir bile\u015fendir. Bu hidrolik silindir, kep\u00e7enin kald\u0131r\u0131lmas\u0131n\u0131, indirilmesini ve e\u011filmesini sa\u011flayarak verimli malzeme ta\u015f\u0131ma i\u015flemlerini kolayla\u015ft\u0131r\u0131r. \u00d6z\u00fcnde, bom silindirleri a\u011f\u0131r hizmet uygulamalar\u0131 i\u00e7in \u00f6zel olarak tasarlanm\u0131\u015f hidrolik silindirlerdir ve makinelerin zorlu ko\u015fullar alt\u0131nda etkili bir \u015fekilde \u00e7al\u0131\u015fmas\u0131n\u0131 sa\u011flar.<\/p>\n<p><img decoding=\"async\" src=\"https:\/\/www.hydraulic-cylinders.net\/wp-content\/uploads\/2025\/04\/songte-company-1.webp\" alt=\"Bom Silindiri\" \/><\/p>\n<h2>Bom Silindirinin \u00d6zellikleri<\/h2>\n<ul>\n<li>\n<h3>Y\u00fcksek G\u00fc\u00e7 ve Dayan\u0131kl\u0131l\u0131k<\/h3>\n<p>Y\u00fcksek mukavemetli \u00e7elik veya al\u00fcminyumdan \u00fcretilen bom silindiri, y\u00fcksek bas\u0131nca ve a\u011f\u0131r y\u00fcklere dayanacak \u015fekilde tasarlanm\u0131\u015ft\u0131r ve bu da onu zorlu \u00e7al\u0131\u015fma ortamlar\u0131 i\u00e7in uygun hale getirir. \u00dcr\u00fcn\u00fcn kullan\u0131m \u00f6mr\u00fcn\u00fc uzatmak i\u00e7in a\u015f\u0131nma direnci ve korozyon direnci de tasar\u0131ma dahil edilmi\u015ftir.<\/p>\n<\/li>\n<li>\n<h3>Verimli Hidrolik \u00c7al\u0131\u015fma<\/h3>\n<p>Silindir, d\u00fczg\u00fcn ve h\u0131zl\u0131 uzatma ve geri \u00e7ekme hareketleri sa\u011flamak i\u00e7in hidrolik ya\u011f bas\u0131nc\u0131n\u0131 kullan\u0131r. Bu, kontrol komutlar\u0131na h\u0131zl\u0131 yan\u0131t verilmesini sa\u011flayarak, a\u011f\u0131r malzemelerin ve karma\u015f\u0131k i\u015flerin ta\u015f\u0131nmas\u0131 i\u00e7in ideal olan g\u00fc\u00e7l\u00fc itme ve \u00e7ekme kuvveti sunar.<\/p>\n<\/li>\n<li>\n<h3>\u00c7e\u015fitli T\u00fcrler Mevcuttur<\/h3>\n<p>M\u00fc\u015fteriler, \u00e7e\u015fitli operasyonel ihtiya\u00e7lar\u0131n\u0131 kar\u015f\u0131lamak i\u00e7in tek etkili silindirler (hidrolik bas\u0131nc\u0131 tek y\u00f6nde kullanan) veya \u00e7ift etkili silindirler (hidrolik bas\u0131nc\u0131 her iki y\u00f6nde de kullanan) aras\u0131nda se\u00e7im yapabilirler. Baz\u0131 modellerde teleskopik tasar\u0131m bulunur; bu da d\u0131\u015f boyutlar\u0131 art\u0131rmadan daha fazla uzamaya olanak tan\u0131r ve alan k\u0131s\u0131tlamal\u0131 uygulamalar i\u00e7in idealdir.<\/p>\n<\/li>\n<li>\n<h3>\u00d6zel \u00dcretim Yetenekleri<\/h3>\n<p>Mevcut hidrolik silindirlerin yerini m\u00fckemmel \u015fekilde alabilen, sorunsuz entegrasyon ve performans sa\u011flayan bom silindirleri \u00fcretme konusunda uzmanla\u015ft\u0131k.<\/p>\n<\/li>\n<li>\n<h3>Kapsaml\u0131 Kalite Kontrol\u00fc<\/h3>\n<p>Her bir bom silindiri, uluslararas\u0131 kalite standartlar\u0131n\u0131 kar\u015f\u0131lamak \u00fczere titiz testlerden ge\u00e7irilerek, \u00e7al\u0131\u015fma s\u0131ras\u0131nda g\u00fcvenilirlik ve g\u00fcvenlik sa\u011flanmaktad\u0131r.<\/p>\n<\/li>\n<\/ul>\n<p><img decoding=\"async\" src=\"https:\/\/www.hydraulic-cylinders.net\/wp-content\/uploads\/2025\/04\/songte-cylinder-head-with-all-kinds-excavator-models.webp\" alt=\"Ekskavat\u00f6r Modelleri\" \/><\/p>\n<h2>Bom Silindirlerinin Uygulamalar\u0131<\/h2>\n<ul>\n<li>\n<h3>\u0130n\u015faat Ekipmanlar\u0131<\/h3>\n<p>Ekskavat\u00f6rlerde, bom silindirleri topra\u011f\u0131 veya molozu kazma, y\u00fckleme ve ta\u015f\u0131ma i\u015flemlerinde hayati \u00f6neme sahiptir. Kep\u00e7enin topra\u011fa etkili bir \u015fekilde n\u00fcfuz etmesini sa\u011flayarak in\u015faat i\u015flerinde vazge\u00e7ilmez hale gelirler.<\/p>\n<\/li>\n<li>\n<h3>Tar\u0131m Makinalar\u0131<\/h3>\n<p>\u00d6n y\u00fckleyiciler, toprak, saman ve di\u011fer malzemeleri verimli bir \u015fekilde kep\u00e7elemek, kald\u0131rmak ve ta\u015f\u0131mak i\u00e7in bom silindirlerini kullan\u0131r. Bu i\u015flevsellik, zaman\u0131nda malzeme ta\u015f\u0131man\u0131n hayati \u00f6nem ta\u015f\u0131d\u0131\u011f\u0131 tar\u0131msal faaliyetler i\u00e7in \u00e7ok \u00f6nemlidir.<\/p>\n<\/li>\n<li>\n<h3>Ekskavat\u00f6rler<\/h3>\n<p>Ekskavat\u00f6rlerde, bom silindiri kep\u00e7enin topra\u011fa n\u00fcfuz etmesini sa\u011flayarak etkili kaz\u0131 i\u015flemlerine olanak tan\u0131r. Bu \u00f6zellik in\u015faat, peyzaj ve madencilik faaliyetleri i\u00e7in hayati \u00f6nem ta\u015f\u0131r.<\/p>\n<\/li>\n<li>\n<h3>Y\u00fckleyiciler<\/h3>\n<p>\u00d6n y\u00fckleyicilerde, bom silindirleri y\u00fcklerin etkili bir \u015fekilde kald\u0131r\u0131lmas\u0131na ve bo\u015falt\u0131lmas\u0131na yard\u0131mc\u0131 olarak operat\u00f6rlerin malzemeleri hassas ve verimli bir \u015fekilde y\u00f6netmelerini sa\u011flar.<\/p>\n<\/li>\n<\/ul>\n<h2>Tasar\u0131m Hususlar\u0131 ve Se\u00e7im Kriterleri<\/h2>\n<ul>\n<li>\n<h3>Y\u00fck Kapasitesi<\/h3>\n<p>Bom silindirinin y\u00fck ta\u015f\u0131ma kapasitesi \u00e7ok \u00f6nemlidir \u00e7\u00fcnk\u00fc g\u00fcvenli bir \u015fekilde kald\u0131rabilece\u011fi ve manip\u00fcle edebilece\u011fi a\u011f\u0131rl\u0131\u011f\u0131 belirler. Do\u011fru y\u00fck ta\u015f\u0131ma kapasitesini se\u00e7mek, mekanik ar\u0131zay\u0131 \u00f6nlemek ve \u00e7al\u0131\u015fma s\u0131ras\u0131nda g\u00fcvenli\u011fi sa\u011flamak i\u00e7in \u015fartt\u0131r.<\/p>\n<\/li>\n<li>\n<h3>S\u0131zd\u0131rmazl\u0131k Mekanizmalar\u0131<\/h3>\n<p>Etkin s\u0131zd\u0131rmazl\u0131k, hidrolik s\u0131v\u0131 s\u0131z\u0131nt\u0131lar\u0131n\u0131 \u00f6nleyerek optimum performans ve uzun \u00f6m\u00fcr sa\u011flar. Poli\u00fcretan ve nitril kau\u00e7uk gibi dayan\u0131kl\u0131 malzemelerden \u00fcretilen piston contalar\u0131 ve mil contalar\u0131 gibi y\u00fcksek kaliteli contalar, silindirin verimlili\u011fini art\u0131r\u0131r.<\/p>\n<\/li>\n<li>\n<h3>Dayan\u0131kl\u0131l\u0131k<\/h3>\n<p>Bom silindirlerinin tasar\u0131m\u0131nda dayan\u0131kl\u0131l\u0131k \u00f6nemli bir fakt\u00f6rd\u00fcr. Zamanla performanslar\u0131n\u0131 etkileyebilecek s\u0131cakl\u0131k de\u011fi\u015fimleri ve a\u015f\u0131nd\u0131r\u0131c\u0131 maddelere maruz kalma gibi zorlu ko\u015fullara dayanmalar\u0131 gerekir.<\/p>\n<\/li>\n<li>\n<h3>G\u00fcvenlik \u00d6zellikleri<\/h3>\n<p>Bas\u0131n\u00e7 tahliye vanalar\u0131 ve a\u015f\u0131r\u0131 y\u00fck korumas\u0131 gibi g\u00fcvenlik \u00f6zelliklerinin entegre edilmesi, \u00e7al\u0131\u015fma s\u0131ras\u0131nda riskleri azaltmaya yard\u0131mc\u0131 olur ve hem operat\u00f6r\u00fcn hem de ekipman\u0131n g\u00fcvenli\u011fini sa\u011flar.<\/p>\n<\/li>\n<li>\n<h3>Bak\u0131m ve Onar\u0131m Kolayl\u0131\u011f\u0131<\/h3>\n<p>Kolay bak\u0131m ve onar\u0131m, ar\u0131za s\u00fcrelerini en aza indirmek i\u00e7in \u00e7ok \u00f6nemlidir. Basit incelemeleri ve onar\u0131mlar\u0131 kolayla\u015ft\u0131ran tasar\u0131m unsurlar\u0131, silindirin \u00e7al\u0131\u015fma \u00f6mr\u00fcn\u00fc uzat\u0131r ve maliyetleri d\u00fc\u015f\u00fcr\u00fcr.<\/p>\n<\/li>\n<\/ul>\n<p><img decoding=\"async\" src=\"https:\/\/www.hydraulic-cylinders.net\/wp-content\/uploads\/2025\/04\/songte-oil-pipes-and-spare-parts.webp\" alt=\"Petrol Borular\u0131 ve Yedek Par\u00e7alar\u0131\" \/><\/p>\n<h2>Hidrolik Silindirin S\u0131zd\u0131rmazl\u0131\u011f\u0131 ve Ya\u011flanmas\u0131<\/h2>\n<p>Hidrolik silindirler i\u00e7in etkili s\u0131zd\u0131rmazl\u0131k \u00e7ok \u00f6nemlidir. Piston contalar\u0131 ve mil contalar\u0131 gibi \u00e7e\u015fitli s\u0131zd\u0131rmazl\u0131k bile\u015fenleri hayati bir rol oynar. Poli\u00fcretan ve nitril kau\u00e7uk gibi a\u015f\u0131nmaya dayan\u0131kl\u0131 malzemelerden yap\u0131lan contalar dayan\u0131kl\u0131l\u0131k ve uzun \u00f6m\u00fcr sa\u011flar. Silindir g\u00f6vdesi ve di\u015fli u\u00e7lar, a\u015f\u0131nma direncini art\u0131rmak i\u00e7in hassas bir \u015fekilde i\u015flenir. Sorunsuz \u00e7al\u0131\u015fmay\u0131 s\u00fcrd\u00fcrmek ve a\u015f\u0131nmay\u0131 \u00f6nlemek i\u00e7in hidrolik ya\u011f ile d\u00fczenli ya\u011flama gereklidir.<\/p>\n<h2>\u00d6nleyici Bak\u0131m \u00d6nlemleri<\/h2>\n<ul>\n<li>\n<h3>D\u00fczenli Denetimler<\/h3>\n<p>Bom silindirini d\u00fczenli olarak a\u015f\u0131nma, s\u0131z\u0131nt\u0131 veya hasar belirtileri a\u00e7\u0131s\u0131ndan kontrol edin. Potansiyel sorunlar\u0131n erken tespiti, kapsaml\u0131 onar\u0131mlar\u0131 \u00f6nleyebilir ve operasyonel verimlili\u011fi koruyabilir.<\/p>\n<\/li>\n<li>\n<h3>Uygun Ya\u011flama<\/h3>\n<p>Silindirin optimum performans\u0131n\u0131 korumak ve \u00e7al\u0131\u015fma ar\u0131zalar\u0131n\u0131 \u00f6nlemek i\u00e7in d\u00fczenli aral\u0131klarla uygun hidrolik ya\u011f ile ya\u011fland\u0131\u011f\u0131ndan emin olun.<\/p>\n<\/li>\n<li>\n<h3>Conta De\u011fi\u015fimi<\/h3>\n<p>S\u0131z\u0131nt\u0131lar\u0131 \u00f6nlemek ve hidrolik bas\u0131nc\u0131 korumak i\u00e7in contalar\u0131 \u00f6nerilen aral\u0131klarla veya a\u015f\u0131nma belirtileri g\u00f6r\u00fcld\u00fc\u011f\u00fcnde de\u011fi\u015ftirin.<\/p>\n<\/li>\n<\/ul>\n<h2>Kurulum K\u0131lavuzu<\/h2>\n<p>Bom silindirinin do\u011fru montaj\u0131, performans\u0131 ve uzun \u00f6mr\u00fc i\u00e7in \u00e7ok \u00f6nemlidir. \u00d6ncelikle \u00e7al\u0131\u015fma alan\u0131n\u0131n temiz ve kal\u0131nt\u0131lardan ar\u0131nd\u0131r\u0131lm\u0131\u015f oldu\u011fundan emin olun. Silindiri, uygun montaj braketlerini kullanarak montaj noktalar\u0131yla do\u011fru \u015fekilde hizalay\u0131n ve yerine sabitleyin. Silindirin d\u00fcz ve hidrolik sistemle hizal\u0131 oldu\u011fundan emin olmak i\u00e7in konumunu ayarlay\u0131n. Hava kabarc\u0131\u011f\u0131 olmad\u0131\u011f\u0131ndan emin olarak hidrolik hatlar\u0131 ba\u011flay\u0131n. Son olarak, her \u015feyin do\u011fru \u00e7al\u0131\u015ft\u0131\u011f\u0131n\u0131 do\u011frulamak i\u00e7in tam \u00f6l\u00e7ekli kullan\u0131mdan \u00f6nce silindirin \u00e7al\u0131\u015fmas\u0131n\u0131 test edin.<\/p>\n<h2>Yayg\u0131n Bak\u0131m G\u00f6revleri<\/h2>\n<ul>\n<li>\n<h3>D\u00fczenli Denetimler<\/h3>\n<p>D\u00fczenli kontroller yapmak, a\u015f\u0131nma veya hasar\u0131 erken tespit etmeye yard\u0131mc\u0131 olur ve bu da maliyetli ar\u0131zalar\u0131 \u00f6nleyen zaman\u0131nda onar\u0131mlara olanak tan\u0131r.<\/p>\n<\/li>\n<li>\n<h3>Uygun Ya\u011flama<\/h3>\n<p>Yeterli ya\u011flaman\u0131n sa\u011flanmas\u0131, s\u00fcrt\u00fcnmeyi ve a\u015f\u0131nmay\u0131 azaltmak ve silindirin genel \u00f6mr\u00fcn\u00fc \u00f6nemli \u00f6l\u00e7\u00fcde uzatmak i\u00e7in \u015fartt\u0131r.<\/p>\n<\/li>\n<li>\n<h3>Conta De\u011fi\u015fimi ve Kalibrasyon Kontrolleri<\/h3>\n<p>D\u00fczenli kontroller ve conta de\u011fi\u015fimleri hidrolik sistemin b\u00fct\u00fcnl\u00fc\u011f\u00fcn\u00fc korurken, kalibrasyon silindirin belirtilen parametreler dahilinde \u00e7al\u0131\u015fmas\u0131n\u0131 sa\u011flar.<\/p>\n<\/li>\n<\/ul>\n<p><img decoding=\"async\" src=\"https:\/\/www.hydraulic-cylinders.net\/wp-content\/uploads\/2025\/04\/songte-chushion-collar.webp\" alt=\"Yast\u0131k Yaka\" \/><\/p>\n<h2>G\u00fcvenlik Hususlar\u0131 ve \u00c7evresel Fakt\u00f6rler<\/h2>\n<p>Bom silindirlerinin \u00e7al\u0131\u015ft\u0131r\u0131lmas\u0131nda g\u00fcvenlik \u00f6nlemleri son derece \u00f6nemlidir. Operat\u00f6rler g\u00fcvenli kullan\u0131m uygulamalar\u0131 konusunda e\u011fitilmeli ve potansiyel tehlikelerin fark\u0131nda olmal\u0131d\u0131r. Ayr\u0131ca, \u00e7evre dostu hidrolik s\u0131v\u0131lar kullanmak, s\u0131z\u0131nt\u0131 veya d\u00f6k\u00fclmeler s\u0131ras\u0131nda \u00e7evresel etkiyi en aza indirebilir.<\/p>\n<h2>Ar\u0131za Te\u015fhisi ve Yayg\u0131n Sorunlar<\/h2>\n<ul>\n<li>\n<h3>S\u0131zd\u0131ran Contalar<\/h3>\n<p>S\u0131zd\u0131ran contalar performans d\u00fc\u015f\u00fc\u015f\u00fcne ve hidrolik s\u0131v\u0131 kayb\u0131na yol a\u00e7abilir. Bu sorunu \u00f6nlemek i\u00e7in d\u00fczenli kontroller ve zaman\u0131nda conta de\u011fi\u015fimi \u015fartt\u0131r.<\/p>\n<\/li>\n<li>\n<h3>Bas\u0131n\u00e7 D\u00fc\u015f\u00fc\u015fleri<\/h3>\n<p>Sistemdeki bas\u0131n\u00e7 d\u00fc\u015f\u00fc\u015fleri t\u0131kan\u0131kl\u0131k veya s\u0131z\u0131nt\u0131lara i\u015faret edebilir. Bu sorunlar\u0131 tespit etmek ve gidermek i\u00e7in hidrolik hatlar\u0131n ve ba\u011flant\u0131lar\u0131n kapsaml\u0131 bir \u015fekilde kontrol edilmesi gereklidir.<\/p>\n<\/li>\n<li>\n<h3>Yava\u015f \u00c7al\u0131\u015fma<\/h3>\n<p>Silindirin yava\u015f \u00e7al\u0131\u015fmas\u0131, yetersiz hidrolik s\u0131v\u0131s\u0131 veya sistemde hava bulunmas\u0131n\u0131n bir g\u00f6stergesi olabilir. D\u00fczenli bak\u0131m ve do\u011fru s\u0131v\u0131 seviyeleri, optimum performans\u0131 korumak i\u00e7in \u00e7ok \u00f6nemlidir.<\/p>\n<\/li>\n<\/ul>\n<h2>Sorun Giderme \u0130pu\u00e7lar\u0131<\/h2>\n<p>Bom silindirlerindeki sorunlar\u0131 etkili bir \u015fekilde te\u015fhis etmek ve \u00e7\u00f6zmek i\u00e7in d\u00fczenli olarak s\u0131z\u0131nt\u0131 kontrol\u00fc yap\u0131n ve s\u0131v\u0131 seviyesi de\u011ferlendirmeleri ger\u00e7ekle\u015ftirin. Herhangi bir sorunu daha da b\u00fcy\u00fcmeden \u00f6nlemek i\u00e7in tespit edilen sorunlar\u0131 derhal giderin. Rutin bak\u0131m ve denetimler gibi \u00f6nleyici tedbirler, potansiyel sorunlar\u0131 en aza indirmek ve sorunsuz \u00e7al\u0131\u015fmay\u0131 sa\u011flamak i\u00e7in \u00e7ok \u00f6nemlidir.<\/p>\n<p><img decoding=\"async\" src=\"https:\/\/www.hydraulic-cylinders.net\/wp-content\/uploads\/2025\/04\/songte-bushings-with-all-kinds-of-excavator-models.webp\" alt=\"Ekskavat\u00f6r Modellerinde Bur\u00e7lar\" \/><\/p>\n<h2>\u015eirketimiz Hakk\u0131nda<\/h2>\n<p>Hidrolik silindirlerin \u00f6nde gelen \u00fcreticilerinden biriyiz ve y\u00fcksek kaliteli yedek par\u00e7alar sa\u011flama konusunda uzmanla\u015fm\u0131\u015f durumday\u0131z. Geni\u015f \u00fcr\u00fcn yelpazemiz, bizi hem yurt i\u00e7i hem de uluslararas\u0131 pazarlarda en iyi \u00fcretici ve toptanc\u0131lardan biri konumuna getirmi\u015ftir. Geli\u015fmi\u015f \u00fcretim y\u00f6netim stratejilerine dayanarak kalite m\u00fckemmelli\u011fine ba\u011fl\u0131 kal\u0131yoruz. Yetenekli profesyonellerden, y\u00fcksek teknoloji \u00fcr\u00fcn\u00fc \u00fcretim ekipmanlar\u0131ndan ve geli\u015fmi\u015f test sistemlerinden yararlanarak, \u00fcretim platformlar\u0131m\u0131z\u0131 s\u00fcrekli olarak geli\u015ftiriyor ve \u00fcr\u00fcnlerimizin kalitesini garanti ediyoruz. Y\u00fcksek verimlilik, hassasiyet ve kaliteye olan ba\u011fl\u0131l\u0131\u011f\u0131m\u0131z, \u00e7e\u015fitli m\u00fc\u015fteri ihtiya\u00e7lar\u0131n\u0131 kar\u015f\u0131lamam\u0131z\u0131 sa\u011fl\u0131yor.<\/p>\n<p><img decoding=\"async\" src=\"https:\/\/www.hydraulic-cylinders.net\/wp-content\/uploads\/2025\/04\/songte-company-4.webp\" alt=\"\u015eirket Genel Bak\u0131\u015f\u0131\" \/><br \/>\n<img decoding=\"async\" src=\"https:\/\/www.hydraulic-cylinders.net\/wp-content\/uploads\/2025\/04\/songte-company-3.webp\" alt=\"\u00dcretim Tesisi\" \/><\/p>\n<p>\u00d6zetle, \u015firketimiz uzmanla\u015fm\u0131\u015f hizmetler, uluslararas\u0131 sertifikalar ve \u00f6zelle\u015ftirilmi\u015f \u00e7\u00f6z\u00fcmler sunmaya kendini adam\u0131\u015ft\u0131r. Son teknoloji \u00fcretim ekipmanlar\u0131m\u0131z ve kapsaml\u0131 sat\u0131\u015f sonras\u0131 hizmetlerimiz, m\u00fc\u015fteri beklentilerini etkin bir \u015fekilde kar\u015f\u0131lamam\u0131z\u0131 sa\u011flamaktad\u0131r.<\/p>\n<p>Yazar: lyl<\/p>","protected":false},"excerpt":{"rendered":"<p>Boom Cylinder For Aotai AT90E-9 Introduction to Boom Cylinders The Boom Cylinder is an essential component in hydraulic systems, specifically designed to control the movement of various heavy machinery attachments, such as those found in excavators, backhoe loaders, and front-end loaders. This hydraulic cylinder allows for the lifting, lowering, and tilting of the bucket, facilitating [&hellip;]<\/p>","protected":false},"featured_media":17869,"comment_status":"open","ping_status":"closed","template":"","meta":{"_et_pb_use_builder":"","_et_pb_old_content":"","_et_gb_content_width":""},"product_brand":[],"product_cat":[1546],"product_tag":[1547,1496],"class_list":{"0":"post-19636","1":"product","2":"type-product","3":"status-publish","4":"has-post-thumbnail","6":"product_cat-boom-cylinders","7":"product_tag-boom-cylinders","8":"product_tag-hydraulic-cylinders","10":"first","11":"instock","12":"shipping-taxable","13":"product-type-simple"},"amp_enabled":true,"_links":{"self":[{"href":"https:\/\/www.hydraulic-cylinders.net\/tr\/wp-json\/wp\/v2\/product\/19636","targetHints":{"allow":["GET"]}}],"collection":[{"href":"https:\/\/www.hydraulic-cylinders.net\/tr\/wp-json\/wp\/v2\/product"}],"about":[{"href":"https:\/\/www.hydraulic-cylinders.net\/tr\/wp-json\/wp\/v2\/types\/product"}],"replies":[{"embeddable":true,"href":"https:\/\/www.hydraulic-cylinders.net\/tr\/wp-json\/wp\/v2\/comments?post=19636"}],"wp:featuredmedia":[{"embeddable":true,"href":"https:\/\/www.hydraulic-cylinders.net\/tr\/wp-json\/wp\/v2\/media\/17869"}],"wp:attachment":[{"href":"https:\/\/www.hydraulic-cylinders.net\/tr\/wp-json\/wp\/v2\/media?parent=19636"}],"wp:term":[{"taxonomy":"product_brand","embeddable":true,"href":"https:\/\/www.hydraulic-cylinders.net\/tr\/wp-json\/wp\/v2\/product_brand?post=19636"},{"taxonomy":"product_cat","embeddable":true,"href":"https:\/\/www.hydraulic-cylinders.net\/tr\/wp-json\/wp\/v2\/product_cat?post=19636"},{"taxonomy":"product_tag","embeddable":true,"href":"https:\/\/www.hydraulic-cylinders.net\/tr\/wp-json\/wp\/v2\/product_tag?post=19636"}],"curies":[{"name":"wp","href":"https:\/\/api.w.org\/{rel}","templated":true}]}}