{"id":19638,"date":"2025-04-07T06:58:59","date_gmt":"2025-04-07T06:58:59","guid":{"rendered":"https:\/\/www.hydraulic-cylinders.net\/product\/boom-cylinder-for-atlas-3306lc\/"},"modified":"2025-04-07T06:59:01","modified_gmt":"2025-04-07T06:59:01","slug":"boom-cylinder-for-atlas-3306lc","status":"publish","type":"product","link":"https:\/\/www.hydraulic-cylinders.net\/tr\/urun\/boom-cylinder-for-atlas-3306lc\/","title":{"rendered":"Atlas 3306LC i\u00e7in Bom Silindiri"},"content":{"rendered":"<h1>Atlas 3306LC i\u00e7in Bom Silindiri<\/h1>\n<h2>\u00dcr\u00fcn Genel Bak\u0131\u015f\u0131<\/h2>\n<p>The <strong>Atlas 3306LC i\u00e7in Bom Silindiri<\/strong> \u00c7e\u015fitli a\u011f\u0131r makine uygulamalar\u0131nda, \u00f6zellikle ekskavat\u00f6rler, kaz\u0131c\u0131 y\u00fckleyiciler ve \u00f6n y\u00fckleyicilerde bomun hareketini kontrol etmek i\u00e7in tasarlanm\u0131\u015f \u00f6zel bir hidrolik silindirdir. Bu silindirler, hidrolik sistemlerin ayr\u0131lmaz bir par\u00e7as\u0131d\u0131r ve malzeme ta\u015f\u0131ma g\u00f6revlerini kolayla\u015ft\u0131rmak i\u00e7in kovalar\u0131n hassas bir \u015fekilde kald\u0131r\u0131lmas\u0131n\u0131, indirilmesini ve e\u011filmesini sa\u011flar. \u00d6z\u00fcnde, kova silindiri, hidrolik bas\u0131nc\u0131 mekanik harekete d\u00f6n\u00fc\u015ft\u00fcren bir t\u00fcr hidrolik akt\u00fcat\u00f6rd\u00fcr.<\/p>\n<p>Hidrolik s\u0131v\u0131n\u0131n bas\u0131nc\u0131n\u0131 kullanarak, bu silindirler a\u011f\u0131r kald\u0131rma g\u00f6revlerini verimli bir \u015fekilde ger\u00e7ekle\u015ftirmek i\u00e7in gereken kuvveti sa\u011flar. Bom silindirinin tasar\u0131m\u0131 ve i\u015flevselli\u011fi, zorlu \u00e7al\u0131\u015fma ortamlar\u0131nda optimum performans i\u00e7in kritik \u00f6neme sahiptir. Genellikle y\u00fcksek mukavemetli \u00e7elik veya al\u00fcminyumdan \u00fcretilen bom silindiri, zorlu ko\u015fullarda bile dayan\u0131kl\u0131l\u0131k ve g\u00fcvenilirlik sa\u011flayacak \u015fekilde tasarlanm\u0131\u015ft\u0131r. Ayr\u0131ca, tasar\u0131m\u0131 a\u015f\u0131nma ve korozyona kar\u015f\u0131 diren\u00e7 sa\u011flayan \u00f6zellikler i\u00e7erdi\u011finden \u00e7al\u0131\u015fma \u00f6mr\u00fcn\u00fc uzat\u0131r.<\/p>\n<p><img decoding=\"async\" src=\"https:\/\/www.hydraulic-cylinders.net\/wp-content\/uploads\/2025\/04\/songte-company-1.webp\" alt=\"Bom Silindiri G\u00f6r\u00fcnt\u00fcs\u00fc\"><\/p>\n<h2>Bom Silindirinin \u00d6zellikleri<\/h2>\n<ul>\n<li><strong>Y\u00fcksek Dayan\u0131kl\u0131l\u0131k ve Dayan\u0131kl\u0131l\u0131k:<\/strong> Y\u00fcksek mukavemetli malzemelerden \u00fcretilen bom silindiri, zorlu \u00e7al\u0131\u015fma ko\u015fullar\u0131na uygun olmas\u0131n\u0131n yan\u0131 s\u0131ra y\u00fcksek bas\u0131n\u00e7lara ve a\u011f\u0131r y\u00fcklere dayanacak \u015fekilde tasarlanm\u0131\u015ft\u0131r.<\/li>\n<li><strong>Verimli Hidrolik \u00c7al\u0131\u015fma:<\/strong> Silindir, p\u00fcr\u00fczs\u00fcz ve h\u0131zl\u0131 uzatma ve geri \u00e7ekme i\u00e7in hidrolik ya\u011f bas\u0131nc\u0131n\u0131 kullanarak \u00f6nemli bir itme ve \u00e7ekme g\u00fcc\u00fc sa\u011flar.<\/li>\n<li><strong>\u00c7e\u015fitli T\u00fcrler:<\/strong> Tek etkili ve \u00e7ift etkili \u00e7e\u015fitleri mevcuttur, s\u0131n\u0131rl\u0131 alan uygulamalar\u0131 i\u00e7in teleskopik modeller de dahil olmak \u00fczere farkl\u0131 operasyonel gereksinimlere olanak tan\u0131r.<\/li>\n<li><strong>Geli\u015fmi\u015f Performans:<\/strong> Tasar\u0131mda a\u015f\u0131nma direnci ve korozyon korumas\u0131 g\u00f6z \u00f6n\u00fcnde bulundurularak silindirin verimlili\u011fi ve \u00f6mr\u00fc en \u00fcst d\u00fczeye \u00e7\u0131kar\u0131lm\u0131\u015ft\u0131r.<\/li>\n<li><strong>Kolay Bak\u0131m:<\/strong> D\u00fczenli bak\u0131m i\u00e7in bile\u015fenlere kolay eri\u015fim sa\u011flayacak \u015fekilde tasarlanm\u0131\u015ft\u0131r ve zamanla optimum performans\u0131n korunmas\u0131n\u0131 sa\u011flar.<\/li>\n<\/ul>\n<p>Bu \u00fcr\u00fcn\u00fc biz \u00fcretiyoruz ve silindirlerimiz bu hidrolik akt\u00fcat\u00f6rler i\u00e7in m\u00fckemmel yedek par\u00e7alard\u0131r.<\/p>\n<p><img decoding=\"async\" src=\"https:\/\/www.hydraulic-cylinders.net\/wp-content\/uploads\/2025\/04\/songte-cylinder-head-with-all-kinds-excavator-models.webp\" alt=\"Silindir Kapa\u011f\u0131 G\u00f6r\u00fcnt\u00fcs\u00fc\"><\/p>\n<h2>Bom Silindirinin Uygulamalar\u0131<\/h2>\n<h3>\u0130n\u015faat Ekipmanlar\u0131<\/h3>\n<p>Ekskavat\u00f6rlerde bom silindiri, kazma, y\u00fckleme ve toprak veya moloz ta\u015f\u0131ma i\u015flemlerinde hayati bir rol oynar. Bomun eklemlenmesi i\u00e7in gerekli kuvveti sa\u011flayarak operat\u00f6rlerin \u00e7e\u015fitli g\u00f6revleri verimli bir \u015fekilde ger\u00e7ekle\u015ftirmesini sa\u011flar. Beko-y\u00fckleyicilerde ise bom silindiri, hem kazma hem de kald\u0131rma i\u015flemlerini kolayla\u015ft\u0131rarak makinenin \u015fantiyedeki \u00e7ok y\u00f6nl\u00fcl\u00fc\u011f\u00fcn\u00fc art\u0131r\u0131r.<\/p>\n<h3>Tar\u0131m Makinalar\u0131<\/h3>\n<p>\u00d6n y\u00fckleyicilerde bom silindiri, toprak, saman ve di\u011fer malzemeleri kep\u00e7elemek, kald\u0131rmak ve ta\u015f\u0131mak i\u00e7in olmazsa olmazd\u0131r. G\u00fcvenilir \u00e7al\u0131\u015fmas\u0131, \u00e7ift\u00e7ilerin ve tar\u0131m i\u015f\u00e7ilerinin malzemeleri etkili bir \u015fekilde ta\u015f\u0131mas\u0131n\u0131 sa\u011flayarak verimlili\u011fi art\u0131r\u0131r ve el i\u015f\u00e7ili\u011fini azalt\u0131r.<\/p>\n<h3>Ekskavat\u00f6rler<\/h3>\n<p>Bom silindiri, kaz\u0131 \u00e7al\u0131\u015fmalar\u0131 s\u0131ras\u0131nda kep\u00e7enin topra\u011fa n\u00fcfuz etmesini sa\u011flar. Kep\u00e7enin a\u00e7\u0131s\u0131n\u0131 ve derinli\u011fini kontrol edebilme \u00f6zelli\u011fi, etkili kaz\u0131 \u00e7al\u0131\u015fmalar\u0131 i\u00e7in hayati \u00f6nem ta\u015f\u0131r ve bu da onu in\u015faat ve peyzaj projeleri i\u00e7in vazge\u00e7ilmez k\u0131lar.<\/p>\n<h3>Y\u00fckleyiciler<\/h3>\n<p>\u00d6n y\u00fckleyicilerde bom silindirleri, y\u00fcklerin kald\u0131r\u0131lmas\u0131na ve bo\u015falt\u0131lmas\u0131na yard\u0131mc\u0131 olur. Bu i\u015flev, malzemelerin kamyonlara veya di\u011fer ara\u00e7lara y\u00fcklenmesi i\u00e7in kritik \u00f6neme sahiptir ve \u015fantiyelerde i\u015flerin verimli bir \u015fekilde tamamlanmas\u0131n\u0131 sa\u011flar.<\/p>\n<h2>Tasar\u0131m Hususlar\u0131 ve Se\u00e7im Kriterleri<\/h2>\n<h3>Y\u00fck Kapasitesi<\/h3>\n<p>Bom silindirinin gerekli y\u00fck kapasitesini kald\u0131rabilmesini sa\u011flamak son derece \u00f6nemlidir. Tasar\u0131m, g\u00fcvenlikten \u00f6d\u00fcn vermeden kald\u0131raca\u011f\u0131 ve destekleyece\u011fi maksimum a\u011f\u0131rl\u0131\u011f\u0131 hesaba katmal\u0131d\u0131r. Bu, istenen kuvvet \u00e7\u0131k\u0131\u015f\u0131n\u0131 elde etmek i\u00e7in silindirin strok uzunlu\u011funun ve \u00e7ap\u0131n\u0131n hesaplanmas\u0131n\u0131 i\u00e7erir. Do\u011fru boyutta bir silindir, performans\u0131 art\u0131rman\u0131n yan\u0131 s\u0131ra makinenin uzun \u00f6m\u00fcrl\u00fc olmas\u0131na da katk\u0131da bulunur.<\/p>\n<h3>S\u0131zd\u0131rmazl\u0131k Teknolojisi<\/h3>\n<p>Hidrolik silindirlerde s\u0131z\u0131nt\u0131lar\u0131 \u00f6nlemek ve bas\u0131nc\u0131 korumak i\u00e7in etkili s\u0131zd\u0131rmazl\u0131k \u00e7ok \u00f6nemlidir. Poli\u00fcretan ve nitril kau\u00e7uk gibi y\u00fcksek kaliteli s\u0131zd\u0131rmazl\u0131k malzemelerinin kullan\u0131m\u0131, dayan\u0131kl\u0131l\u0131k ve a\u015f\u0131nma direnci sa\u011flar. Contalar, s\u00fcrt\u00fcnmeyi en aza indirerek hidrolik s\u0131v\u0131y\u0131 etkili bir \u015fekilde hapsetmeli ve sorunsuz bir \u00e7al\u0131\u015fma sa\u011flamal\u0131d\u0131r. A\u015f\u0131nmay\u0131 erken tespit etmek ve hidrolik ar\u0131zalar\u0131 \u00f6nlemek i\u00e7in contalar\u0131n d\u00fczenli olarak kontrol edilmesi gerekir.<\/p>\n<h3>Dayan\u0131kl\u0131l\u0131k<\/h3>\n<p>Bom silindirlerinin zorlu ortamlara ve zorlu kullan\u0131m ko\u015fullar\u0131na dayanabilmesi i\u00e7in dayan\u0131kl\u0131 bir tasar\u0131m \u015fartt\u0131r. Bu, malzeme se\u00e7imi, y\u00fczey i\u015flemleri ve korozyona ve a\u015f\u0131nmaya dayan\u0131kl\u0131 koruyucu kaplamalar\u0131n dikkate al\u0131nmas\u0131n\u0131 i\u00e7erir. Dayan\u0131kl\u0131 bir silindir, bak\u0131m ve onar\u0131mlardan kaynaklanan ar\u0131za s\u00fcrelerini azaltarak tutarl\u0131 bir \u00e7al\u0131\u015fma sa\u011flar.<\/p>\n<h3>G\u00fcvenlik \u00d6zellikleri<\/h3>\n<p>Operat\u00f6rleri ve makineleri korumak i\u00e7in bom silindirlerinin tasar\u0131m\u0131na g\u00fcvenlik \u00f6zelliklerinin dahil edilmesi \u00e7ok \u00f6nemlidir. \u00d6rne\u011fin, emniyet valfleri tehlikeli durumlara yol a\u00e7abilecek a\u015f\u0131r\u0131 bas\u0131nc\u0131 \u00f6nler. Ayr\u0131ca, sahada g\u00fcvenli kullan\u0131m sa\u011flamak i\u00e7in net kurulum ve kullan\u0131m talimatlar\u0131 sa\u011flanmal\u0131d\u0131r.<\/p>\n<h3>Bak\u0131m Eri\u015filebilirli\u011fi<\/h3>\n<p>Silindirlerin kolay bak\u0131m i\u00e7in tasarlanmas\u0131, uzun vadeli g\u00fcvenilirlik a\u00e7\u0131s\u0131ndan hayati \u00f6nem ta\u015f\u0131r. Bu, gres nipelleri ve contalar gibi bile\u015fenlerin rutin kontrol ve onar\u0131mlar\u0131 kolayla\u015ft\u0131rmak i\u00e7in eri\u015filebilir alanlara yerle\u015ftirilmesi anlam\u0131na gelir. Bak\u0131m\u0131 kolay bir tasar\u0131m, i\u015fletme maliyetlerini azalt\u0131r ve makinenin \u00e7al\u0131\u015fma s\u00fcresini art\u0131r\u0131r.<\/p>\n<p><img decoding=\"async\" src=\"https:\/\/www.hydraulic-cylinders.net\/wp-content\/uploads\/2025\/04\/songte-oil-pipes-and-spare-parts.webp\" alt=\"Petrol Borular\u0131 ve Yedek Par\u00e7a G\u00f6rseli\"><\/p>\n<h2>S\u0131zd\u0131rmazl\u0131k ve Ya\u011flama<\/h2>\n<p>Piston contalar\u0131 ve piston kolu contalar\u0131 gibi \u00e7e\u015fitli s\u0131zd\u0131rmazl\u0131k bile\u015fenlerinin kullan\u0131lmas\u0131, bom silindirinin verimlili\u011fini sa\u011flamak i\u00e7in olmazsa olmazd\u0131r. Poli\u00fcretan ve nitril kau\u00e7uk gibi a\u015f\u0131nmaya dayan\u0131kl\u0131 malzemelerden \u00fcretilen contalar\u0131n se\u00e7imi, silindirin genel g\u00fcvenilirli\u011fine katk\u0131da bulunur. Ayr\u0131ca, silindir g\u00f6vdesi ve di\u015fli u\u00e7lar\u0131, a\u015f\u0131nma direncini art\u0131rmak ve daha uzun bir \u00e7al\u0131\u015fma \u00f6mr\u00fc sa\u011flamak i\u00e7in hassas bir \u015fekilde i\u015flenmi\u015ftir. Optimum i\u015flevselli\u011fi korumak ve hareketli par\u00e7alar aras\u0131ndaki s\u00fcrt\u00fcnmeyi azaltarak erken a\u015f\u0131nmay\u0131 \u00f6nlemek i\u00e7in hidrolik ya\u011f ile d\u00fczenli ya\u011flama gereklidir.<\/p>\n<h2>D\u00fczenli Muayene ve \u00d6nleyici Bak\u0131m \u00d6nlemleri<\/h2>\n<ul>\n<li><strong>G\u00f6rsel Muayeneler:<\/strong> Silindirde a\u015f\u0131nma, s\u0131z\u0131nt\u0131 veya hasar belirtileri olup olmad\u0131\u011f\u0131n\u0131 kontrol etmek i\u00e7in d\u00fczenli olarak g\u00f6rsel kontroller yap\u0131n. Sorunlar\u0131n erken tespiti, felaketle sonu\u00e7lanabilecek ar\u0131zalar\u0131 \u00f6nleyebilir.<\/li>\n<li><strong>Ya\u011flama Kontrolleri:<\/strong> Hidrolik ya\u011f seviyelerinin yeterli oldu\u011fundan ve ya\u011flama sisteminin d\u00fczg\u00fcn \u00e7al\u0131\u015ft\u0131\u011f\u0131ndan emin olun. Yeterli ya\u011flama, s\u00fcrt\u00fcnmeyi azalt\u0131r ve silindirin \u00f6mr\u00fcn\u00fc uzat\u0131r.<\/li>\n<li><strong>Conta De\u011fi\u015fimi:<\/strong> Hidrolik s\u0131v\u0131 s\u0131z\u0131nt\u0131lar\u0131n\u0131 \u00f6nlemek ve bas\u0131nc\u0131 korumak i\u00e7in contalar\u0131 d\u00fczenli olarak a\u015f\u0131nma a\u00e7\u0131s\u0131ndan kontrol edin ve gerekti\u011finde de\u011fi\u015ftirin.<\/li>\n<\/ul>\n<h2>Kurulum Talimatlar\u0131<\/h2>\n<p>Bom silindirinin do\u011fru \u015fekilde tak\u0131lmas\u0131n\u0131 sa\u011flamak i\u00e7in a\u015fa\u011f\u0131daki y\u00f6nergelere uyun:<\/p>\n<ol>\n<li><strong>Hizalama:<\/strong> Silindirin montaj noktalar\u0131na do\u011fru \u015fekilde hizaland\u0131\u011f\u0131ndan emin olun. Yanl\u0131\u015f hizalama, d\u00fczensiz a\u015f\u0131nmaya ve potansiyel ar\u0131zaya neden olabilir.<\/li>\n<li><strong>Uygun Montaj Braketlerinin Kullan\u0131m\u0131:<\/strong> Silindiri sabitlemek i\u00e7in uygun montaj braketlerini kullan\u0131n. Bu, \u00e7al\u0131\u015fma s\u0131ras\u0131nda hasara yol a\u00e7abilecek hareketi \u00f6nler.<\/li>\n<li><strong>Tork \u00d6zellikleri:<\/strong> T\u00fcm ba\u011flant\u0131 elemanlar\u0131 i\u00e7in \u00fcreticinin tork spesifikasyonlar\u0131na uyun. A\u015f\u0131r\u0131 s\u0131kma deformasyona, yetersiz s\u0131kma ise \u00e7al\u0131\u015fma s\u0131ras\u0131nda par\u00e7alar\u0131n gev\u015femesine neden olabilir.<\/li>\n<li><strong>Hidrolik Ba\u011flant\u0131lar:<\/strong> \u00c7al\u0131\u015ft\u0131rmadan \u00f6nce t\u00fcm hidrolik ba\u011flant\u0131lar\u0131n g\u00fcvenli ve s\u0131zd\u0131rmaz oldu\u011fundan emin olun. S\u0131z\u0131nt\u0131lar\u0131 \u00f6nlemek i\u00e7in gerekti\u011finde di\u015f s\u0131zd\u0131rmazl\u0131k maddesi kullan\u0131n.<\/li>\n<li><strong>Test:<\/strong> Kurulum tamamland\u0131ktan sonra, t\u00fcm fonksiyonlar\u0131n d\u00fczg\u00fcn ve g\u00fcvenli bir \u015fekilde \u00e7al\u0131\u015ft\u0131\u011f\u0131ndan emin olmak i\u00e7in silindirin kapsaml\u0131 bir \u00e7al\u0131\u015fma testi yap\u0131n. Herhangi bir d\u00fczensizli\u011fi derhal giderin.<\/li>\n<\/ol>\n<p><img decoding=\"async\" src=\"https:\/\/www.hydraulic-cylinders.net\/wp-content\/uploads\/2025\/04\/songte-chushion-collar.webp\" alt=\"Yast\u0131k Yaka G\u00f6rseli\"><\/p>\n<h2>G\u00fcvenlik Hususlar\u0131 ve \u00c7evresel Fakt\u00f6rler<\/h2>\n<p>Hidrolik silindirleri \u00e7al\u0131\u015ft\u0131r\u0131rken g\u00fcvenlik \u00f6nlemleri son derece \u00f6nemlidir. Operat\u00f6rler, kazalar\u0131 \u00f6nlemek i\u00e7in g\u00fcvenli \u00e7al\u0131\u015fma prosed\u00fcrleri konusunda e\u011fitilmelidir. Ayr\u0131ca, silindirin \u00e7al\u0131\u015ft\u0131\u011f\u0131 ortam da g\u00f6z \u00f6n\u00fcnde bulundurulmal\u0131d\u0131r. Zorlu hava ko\u015fullar\u0131na veya kirleticilere maruz kalma gibi fakt\u00f6rler performans\u0131 ve g\u00fcvenli\u011fi etkileyebilir. Uygun bak\u0131m programlar\u0131 ve koruyucu ekipman gibi g\u00fcvenlik \u00f6nlemlerinin uygulanmas\u0131, hidrolik sistemlerle ili\u015fkili risklerin azalt\u0131lmas\u0131na yard\u0131mc\u0131 olur.<\/p>\n<h2>Ar\u0131za Te\u015fhisi ve Yayg\u0131n Sorunlar<\/h2>\n<ul>\n<li><strong>S\u0131z\u0131nt\u0131:<\/strong> Hidrolik s\u0131v\u0131 s\u0131z\u0131nt\u0131lar\u0131n\u0131 kontrol edin; bu, conta ar\u0131zas\u0131n\u0131 veya uygunsuz ba\u011flant\u0131lar\u0131 g\u00f6sterebilir.<\/li>\n<li><strong>Tutarl\u0131 Olmayan Hareket:<\/strong> Silindir d\u00fczg\u00fcn bir \u015fekilde uzam\u0131yor veya geri \u00e7ekilemiyorsa, t\u0131kan\u0131kl\u0131k, yetersiz hidrolik s\u0131v\u0131s\u0131 veya hasarl\u0131 contalar olup olmad\u0131\u011f\u0131n\u0131 kontrol edin.<\/li>\n<li><strong>A\u015f\u0131r\u0131 Is\u0131nma:<\/strong> Hidrolik s\u0131v\u0131n\u0131n s\u0131cakl\u0131\u011f\u0131n\u0131 kontrol edin. A\u015f\u0131r\u0131 \u0131s\u0131nma, a\u015f\u0131r\u0131 y\u00fck veya yetersiz so\u011futmadan kaynaklanabilir.<\/li>\n<\/ul>\n<h2>Sorun Giderme \u0130pu\u00e7lar\u0131<\/h2>\n<p>Etkili bir sorun giderme i\u00e7in, \u00f6ncelikle sorunun belirtilerini tespit edin. S\u0131z\u0131nt\u0131 tespit edilirse, contalar\u0131 ve ba\u011flant\u0131lar\u0131 a\u015f\u0131nma a\u00e7\u0131s\u0131ndan inceleyin. Tutars\u0131z hareket varsa, hidrolik s\u0131v\u0131 seviyelerini ve sistemdeki t\u0131kan\u0131kl\u0131klar\u0131 kontrol edin. A\u015f\u0131r\u0131 \u0131s\u0131nmay\u0131 \u00f6nlemek i\u00e7in, hidrolik sistemin a\u015f\u0131r\u0131 y\u00fcklenmedi\u011finden ve so\u011futma mekanizmalar\u0131n\u0131n \u00e7al\u0131\u015f\u0131r durumda oldu\u011fundan emin olun. Sorun riskini en aza indirmek i\u00e7in d\u00fczenli bak\u0131m ve i\u015fletme prosed\u00fcrlerine uyulmal\u0131d\u0131r.<\/p>\n<p><img decoding=\"async\" src=\"https:\/\/www.hydraulic-cylinders.net\/wp-content\/uploads\/2025\/04\/songte-bushings-with-all-kinds-of-excavator-models.webp\" alt=\"Bur\u00e7lar G\u00f6r\u00fcnt\u00fcs\u00fc\"><\/p>\n<h2>\u015eirketimiz Hakk\u0131nda<\/h2>\n<p>Hem yurt i\u00e7i hem de yurt d\u0131\u015f\u0131 pazarlara hitap eden geni\u015f bir \u00fcr\u00fcn yelpazesi sunan lider bir yedek hidrolik silindir \u00fcreticisiyiz. M\u00fckemmelli\u011fe olan ba\u011fl\u0131l\u0131\u011f\u0131m\u0131z, hassas \u00fcretim s\u00fcre\u00e7lerimizde ve ileri teknoloji kullan\u0131m\u0131m\u0131zda a\u00e7\u0131k\u00e7a g\u00f6r\u00fclmektedir. \u00dcretim kapasitemizi ve \u00fcr\u00fcn kalitemizi s\u00fcrekli geli\u015ftirerek, farkl\u0131 m\u00fc\u015fteri taleplerini kar\u015f\u0131l\u0131yoruz. Sundu\u011fumuz hizmetler, uzman teknik destekle desteklenerek, m\u00fc\u015fterilerimizin bizimle ge\u00e7irdikleri t\u00fcm deneyim boyunca en iyi hizmeti almalar\u0131n\u0131 sa\u011fl\u0131yoruz.<\/p>\n<p>\u00dcr\u00fcnlerimiz, profesyonel standartlar, uluslararas\u0131 sertifikalar ve \u00f6zel ihtiya\u00e7lara g\u00f6re uyarlanm\u0131\u015f \u00f6zelle\u015ftirilmi\u015f \u00e7\u00f6z\u00fcmlerle \u00f6ne \u00e7\u0131kmaktad\u0131r. Son teknoloji \u00fcretim ekipmanlar\u0131 ve \u00f6zel sat\u0131\u015f sonras\u0131 hizmet ekibimizle, m\u00fc\u015fterilerimizin y\u00fcksek kaliteli \u00fcr\u00fcnler ve destek almas\u0131n\u0131 sa\u011fl\u0131yoruz.<\/p>\n<p><img decoding=\"async\" src=\"https:\/\/www.hydraulic-cylinders.net\/wp-content\/uploads\/2025\/04\/songte-company-4.webp\" alt=\"\u015eirket Genel Bak\u0131\u015f G\u00f6rseli\"><br \/>\n<img decoding=\"async\" src=\"https:\/\/www.hydraulic-cylinders.net\/wp-content\/uploads\/2025\/04\/songte-company-3.webp\" alt=\"\u00dcretim Tesisi G\u00f6r\u00fcnt\u00fcs\u00fc\"><\/p>\n<p>Yazar: lyl<\/p>","protected":false},"excerpt":{"rendered":"<p>Boom Cylinder For Atlas 3306LC Product Overview The Boom Cylinder for Atlas 3306LC is a specialized hydraulic cylinder designed to control the movement of the boom in various heavy machinery applications, particularly excavators, backhoe loaders, and front loaders. These cylinders are integral to hydraulic systems, enabling the precise lifting, lowering, and tilting of buckets to [&hellip;]<\/p>","protected":false},"featured_media":17871,"comment_status":"open","ping_status":"closed","template":"","meta":{"_et_pb_use_builder":"","_et_pb_old_content":"","_et_gb_content_width":""},"product_brand":[],"product_cat":[1546],"product_tag":[1547,1496],"class_list":{"0":"post-19638","1":"product","2":"type-product","3":"status-publish","4":"has-post-thumbnail","6":"product_cat-boom-cylinders","7":"product_tag-boom-cylinders","8":"product_tag-hydraulic-cylinders","10":"first","11":"instock","12":"shipping-taxable","13":"product-type-simple"},"amp_enabled":true,"_links":{"self":[{"href":"https:\/\/www.hydraulic-cylinders.net\/tr\/wp-json\/wp\/v2\/product\/19638","targetHints":{"allow":["GET"]}}],"collection":[{"href":"https:\/\/www.hydraulic-cylinders.net\/tr\/wp-json\/wp\/v2\/product"}],"about":[{"href":"https:\/\/www.hydraulic-cylinders.net\/tr\/wp-json\/wp\/v2\/types\/product"}],"replies":[{"embeddable":true,"href":"https:\/\/www.hydraulic-cylinders.net\/tr\/wp-json\/wp\/v2\/comments?post=19638"}],"wp:featuredmedia":[{"embeddable":true,"href":"https:\/\/www.hydraulic-cylinders.net\/tr\/wp-json\/wp\/v2\/media\/17871"}],"wp:attachment":[{"href":"https:\/\/www.hydraulic-cylinders.net\/tr\/wp-json\/wp\/v2\/media?parent=19638"}],"wp:term":[{"taxonomy":"product_brand","embeddable":true,"href":"https:\/\/www.hydraulic-cylinders.net\/tr\/wp-json\/wp\/v2\/product_brand?post=19638"},{"taxonomy":"product_cat","embeddable":true,"href":"https:\/\/www.hydraulic-cylinders.net\/tr\/wp-json\/wp\/v2\/product_cat?post=19638"},{"taxonomy":"product_tag","embeddable":true,"href":"https:\/\/www.hydraulic-cylinders.net\/tr\/wp-json\/wp\/v2\/product_tag?post=19638"}],"curies":[{"name":"wp","href":"https:\/\/api.w.org\/{rel}","templated":true}]}}