{"id":19641,"date":"2025-04-07T06:59:07","date_gmt":"2025-04-07T06:59:07","guid":{"rendered":"https:\/\/www.hydraulic-cylinders.net\/product\/boom-cylinder-for-atlas-3608lc\/"},"modified":"2025-04-07T06:59:10","modified_gmt":"2025-04-07T06:59:10","slug":"boom-cylinder-for-atlas-3608lc","status":"publish","type":"product","link":"https:\/\/www.hydraulic-cylinders.net\/tr\/urun\/boom-cylinder-for-atlas-3608lc\/","title":{"rendered":"Atlas 3608LC i\u00e7in Bom Silindiri"},"content":{"rendered":"<h1>Atlas 3608LC i\u00e7in Bom Silindiri<\/h1>\n<h2>\u00dcr\u00fcn Genel Bak\u0131\u015f\u0131<\/h2>\n<p>Atlas 3608LC i\u00e7in tasarlanm\u0131\u015f buji silindiri, \u00f6zellikle ekskavat\u00f6rler, beko y\u00fckleyiciler ve \u00f6n y\u00fckleyiciler gibi a\u011f\u0131r makinelerin hareketini kontrol etmek i\u00e7in tasarlanm\u0131\u015f hidrolik sistemlerde \u00e7ok \u00f6nemli bir bile\u015fendir. Bu hidrolik silindir, bomun kalkmas\u0131n\u0131, al\u00e7almas\u0131n\u0131 ve e\u011filmesini sa\u011flayarak verimli malzeme ta\u015f\u0131ma i\u015flemlerini kolayla\u015ft\u0131r\u0131r. Kep\u00e7e silindiri, y\u00fcksek bas\u0131n\u00e7lara ve a\u011f\u0131r y\u00fcklere dayanacak \u015fekilde tasarlanm\u0131\u015ft\u0131r ve bu da onu \u00e7e\u015fitli in\u015faat ve end\u00fcstriyel uygulamalar i\u00e7in vazge\u00e7ilmez k\u0131lar.<\/p>\n<p><img decoding=\"async\" src=\"https:\/\/www.hydraulic-cylinders.net\/wp-content\/uploads\/2025\/04\/songte-company-1.webp\" alt=\"Bom Silindiri G\u00f6r\u00fcnt\u00fcs\u00fc\" \/><\/p>\n<h2>Temel \u00d6zellikler<\/h2>\n<ul>\n<li><strong>Y\u00fcksek Dayan\u0131kl\u0131l\u0131k ve Dayan\u0131kl\u0131l\u0131k:<\/strong> Y\u00fcksek mukavemetli \u00e7elik veya al\u00fcminyumdan \u00fcretilen bu \u00fcr\u00fcn, y\u00fcksek bas\u0131nca ve a\u011f\u0131r y\u00fcklere dayanabilir, bu da onu zorlu \u00e7al\u0131\u015fma ortamlar\u0131 i\u00e7in uygun hale getirir. A\u015f\u0131nma ve korozyon direnci g\u00f6z \u00f6n\u00fcnde bulundurularak tasarlanan \u00fcr\u00fcn\u00fcn kullan\u0131m \u00f6mr\u00fc uzat\u0131lm\u0131\u015ft\u0131r.<\/li>\n<li><strong>Verimli Hidrolik \u00c7al\u0131\u015fma:<\/strong> Hidrolik ya\u011f\u0131n bas\u0131nc\u0131n\u0131 kullanarak sorunsuz teleskopik hareket sa\u011flar, kontrol komutlar\u0131na h\u0131zl\u0131 yan\u0131t verir ve g\u00fc\u00e7l\u00fc itme ve \u00e7ekme kuvvetleri sunar; a\u011f\u0131r e\u015fyalar\u0131n ve karma\u015f\u0131k i\u015flerin ta\u015f\u0131nmas\u0131 i\u00e7in idealdir.<\/li>\n<li><strong>T\u00fcr \u00c7e\u015fitlili\u011fi:<\/strong> Farkl\u0131 \u00e7al\u0131\u015fma ihtiya\u00e7lar\u0131n\u0131 kar\u015f\u0131lamak \u00fczere tek etkili (hidrolik yaln\u0131zca tek y\u00f6nde kullan\u0131l\u0131r) veya \u00e7ift etkili (hidrolik her iki y\u00f6nde kullan\u0131l\u0131r) silindirler halinde mevcuttur. Baz\u0131 modeller teleskopiktir ve d\u0131\u015f boyutlar\u0131 art\u0131rmadan daha fazla uzatmaya olanak tan\u0131yarak, alan k\u0131s\u0131tlamal\u0131 uygulamalar i\u00e7in uygundur.<\/li>\n<li><strong>\u00d6zel \u00dcretim:<\/strong> Bu \u00fcr\u00fcn\u00fc, \u00e7e\u015fitli hidrolik silindirler i\u00e7in m\u00fckemmel bir yedek par\u00e7a olacak \u015fekilde, sizin spesifikasyonlar\u0131n\u0131za g\u00f6re \u00fcretebiliriz.<\/li>\n<\/ul>\n<p><img decoding=\"async\" src=\"https:\/\/www.hydraulic-cylinders.net\/wp-content\/uploads\/2025\/04\/songte-cylinder-head-with-all-kinds-excavator-models.webp\" alt=\"Ekskavat\u00f6rler i\u00e7in Silindir Kafas\u0131\" \/><\/p>\n<h2>Uygulamalar<\/h2>\n<h3>\u0130n\u015faat Ekipmanlar\u0131<\/h3>\n<p>Ekskavat\u00f6rlerde, bom silindirleri kazma, y\u00fckleme ve toprak veya moloz ta\u015f\u0131ma i\u015flemlerinde hayati \u00f6neme sahiptir. Bu g\u00f6revleri verimli bir \u015fekilde ger\u00e7ekle\u015ftirmek i\u00e7in gerekli g\u00fcc\u00fc sa\u011flarlar. Kaz\u0131c\u0131 y\u00fckleyicilerde ise bom silindiri hem kazma hem de kald\u0131rma i\u015flemlerine yard\u0131mc\u0131 olarak operat\u00f6rlerin g\u00f6revler aras\u0131nda sorunsuz bir \u015fekilde ge\u00e7i\u015f yapmas\u0131n\u0131 sa\u011flar.<\/p>\n<h3>Tar\u0131m Makinalar\u0131<\/h3>\n<p>\u00d6n y\u00fckleyicilerde kullan\u0131lan bom silindirleri, toprak, saman ve di\u011fer malzemelerin kep\u00e7elenmesi, kald\u0131r\u0131lmas\u0131 ve ta\u015f\u0131nmas\u0131 i\u00e7in hayati \u00f6neme sahiptir. A\u011f\u0131r y\u00fcklerin etkili bir \u015fekilde manevra yapabilmesi i\u00e7in gereken g\u00fcc\u00fc sa\u011flayarak tar\u0131msal i\u015flerin verimlili\u011fini art\u0131r\u0131rlar.<\/p>\n<h3>Ekskavat\u00f6rler<\/h3>\n<p>Ekskavat\u00f6rlerde, bom silindiri kep\u00e7enin topra\u011fa n\u00fcfuz etmesini sa\u011flayarak kazma i\u015flemini kolayla\u015ft\u0131r\u0131r. Tasar\u0131m\u0131, operat\u00f6rlerin istenen derinli\u011fe ve a\u00e7\u0131ya ula\u015fmas\u0131n\u0131 sa\u011flayarak \u015fantiyedeki verimlili\u011fi art\u0131r\u0131r.<\/p>\n<h3>Y\u00fckleyiciler<\/h3>\n<p>\u00d6n y\u00fckleyicilerde bu silindirler, malzemelerin etkili bir \u015fekilde kald\u0131r\u0131lmas\u0131na ve bo\u015falt\u0131lmas\u0131na yard\u0131mc\u0131 olur. G\u00fcvenilir performanslar\u0131, ta\u015f\u0131ma ve bo\u015faltma gibi i\u015flemlerin sorunsuz ve verimli bir \u015fekilde ger\u00e7ekle\u015ftirilmesini sa\u011flar.<\/p>\n<h2>Tasar\u0131m Hususlar\u0131<\/h2>\n<h3>Y\u00fck Kapasitesi<\/h3>\n<p>Bom silindirinin y\u00fck ta\u015f\u0131ma kapasitesi, g\u00fcvenli bir \u015fekilde ne kadar a\u011f\u0131rl\u0131k kald\u0131rabilece\u011fini belirleyen kritik bir tasar\u0131m unsurudur. Y\u00fck s\u0131n\u0131rlar\u0131n\u0131 anlamak, silindirin tasar\u0131m parametreleri dahilinde kullan\u0131lmas\u0131n\u0131 sa\u011flayarak ar\u0131zay\u0131 \u00f6nlemeye ve kullan\u0131m \u00f6mr\u00fcn\u00fc uzatmaya yard\u0131mc\u0131 olur.<\/p>\n<h3>S\u0131zd\u0131rmazl\u0131k Sistemi<\/h3>\n<p>Sa\u011flam bir s\u0131zd\u0131rmazl\u0131k sistemi, hidrolik bas\u0131nc\u0131n korunmas\u0131 ve s\u0131z\u0131nt\u0131lar\u0131n \u00f6nlenmesi i\u00e7in hayati \u00f6neme sahiptir. Y\u00fcksek kaliteli contalar, kirlenmeyi \u00f6nler ve optimum performans sa\u011flar; bu da hidrolik sistemlerin g\u00fcvenilirli\u011fi i\u00e7in \u00e7ok \u00f6nemlidir.<\/p>\n<h3>Dayan\u0131kl\u0131l\u0131k<\/h3>\n<p>Bom silindirinin dayan\u0131kl\u0131l\u0131\u011f\u0131, zorlu ortamlardaki performans\u0131 i\u00e7in \u00e7ok \u00f6nemlidir. A\u015f\u0131nmaya dayan\u0131kl\u0131 malzemeler ve koruyucu kaplamalar gibi tasar\u0131m \u00f6zellikleri, silindirin uzun \u00f6m\u00fcrl\u00fcl\u00fc\u011f\u00fcne ve g\u00fcvenilirli\u011fine katk\u0131da bulunarak bak\u0131m ihtiya\u00e7lar\u0131n\u0131 azalt\u0131r.<\/p>\n<h3>G\u00fcvenlik \u00d6zellikleri<\/h3>\n<p>Hidrolik silindir tasar\u0131m\u0131nda g\u00fcvenlik her \u015feyden \u00f6nemlidir. Bas\u0131n\u00e7 tahliye vanalar\u0131 ve ar\u0131za emniyet sistemleri gibi \u00f6zellikler, kazalar\u0131 \u00f6nlemek ve a\u011f\u0131r kald\u0131rma i\u015fleri s\u0131ras\u0131nda g\u00fcvenli \u00e7al\u0131\u015fmay\u0131 sa\u011flamak i\u00e7in gereklidir.<\/p>\n<h3>Kullan\u0131labilirlik<\/h3>\n<p>Bak\u0131m kolayl\u0131\u011f\u0131 da bir di\u011fer \u00f6nemli tasar\u0131m unsurudur. Hidrolik silindirler, bile\u015fenlere kolay eri\u015fim sa\u011flayacak \u015fekilde tasarlanmal\u0131, b\u00f6ylece gerekti\u011finde h\u0131zl\u0131 onar\u0131m ve de\u011fi\u015ftirme i\u015flemleri yap\u0131labilmeli ve makinelerin ar\u0131za s\u00fcresi en aza indirilmelidir.<\/p>\n<p><img decoding=\"async\" src=\"https:\/\/www.hydraulic-cylinders.net\/wp-content\/uploads\/2025\/04\/songte-oil-pipes-and-spare-parts.webp\" alt=\"Petrol Borular\u0131 ve Yedek Par\u00e7alar\u0131\" \/><\/p>\n<h2>S\u0131zd\u0131rmazl\u0131k ve Ya\u011flama<\/h2>\n<p>Bom silindirindeki s\u0131zd\u0131rmazl\u0131k sistemi, poli\u00fcretan ve nitril kau\u00e7uk gibi a\u015f\u0131nmaya dayan\u0131kl\u0131 malzemelerden yap\u0131lm\u0131\u015f piston contalar\u0131 ve mil contalar\u0131 da dahil olmak \u00fczere \u00e7e\u015fitli contalar kullan\u0131r. Silindir g\u00f6vdesi ve di\u015fli u\u00e7 y\u00fczeyleri, a\u015f\u0131nma direncini art\u0131rmak i\u00e7in ince bir \u015fekilde i\u015flenmi\u015ftir. Sorunsuz \u00e7al\u0131\u015fma sa\u011flamak ve a\u015f\u0131nmay\u0131 \u00f6nlemek i\u00e7in hidrolik ya\u011f ile d\u00fczenli ya\u011flama \u015fartt\u0131r.<\/p>\n<h2>\u00d6nleyici Bak\u0131m \u00d6nlemleri<\/h2>\n<ul>\n<li><strong>D\u00fczenli Denetimler:<\/strong> A\u015f\u0131nma veya hasar belirtilerini tespit etmek i\u00e7in d\u00fczenli kontroller yap\u0131n. Sorunlar\u0131n erken tespiti, b\u00fcy\u00fck ar\u0131zalar\u0131n \u00f6nlenmesine yard\u0131mc\u0131 olabilir.<\/li>\n<li><strong>Uygun Ya\u011flama:<\/strong> Optimum performans\u0131 korumak i\u00e7in hidrolik ya\u011f seviyesinin do\u011fru oldu\u011fundan ve d\u00fczenli olarak tamamland\u0131\u011f\u0131ndan emin olun.<\/li>\n<li><strong>Conta De\u011fi\u015fimi:<\/strong> S\u0131z\u0131nt\u0131lar\u0131 \u00f6nlemek ve hidrolik bas\u0131nc\u0131 korumak i\u00e7in contalar a\u015f\u0131nma belirtilerinin ilk g\u00f6r\u00fcld\u00fc\u011f\u00fc anda de\u011fi\u015ftirilmelidir.<\/li>\n<\/ul>\n<h2>Kurulum Talimatlar\u0131<\/h2>\n<p>Bom silindirinin performans\u0131 ve uzun \u00f6mr\u00fc i\u00e7in do\u011fru montaj \u00e7ok \u00f6nemlidir. \u00d6ncelikle t\u00fcm bile\u015fenlerin temiz ve kal\u0131nt\u0131lardan ar\u0131nd\u0131r\u0131lm\u0131\u015f oldu\u011fundan emin olun. Silindiri do\u011fru konumland\u0131rmak i\u00e7in uygun hizalama aletleri kullan\u0131n ve uygun montaj braketleriyle sabitleyin. Hidrolik ba\u011flant\u0131lar ve tork ayarlar\u0131 i\u00e7in \u00fcreticinin spesifikasyonlar\u0131na uyun. Montajdan sonra, her \u015feyin sorunsuz \u00e7al\u0131\u015ft\u0131\u011f\u0131ndan emin olmak i\u00e7in fonksiyonel testler yap\u0131n.<\/p>\n<h2>Yayg\u0131n Bak\u0131m G\u00f6revleri<\/h2>\n<ul>\n<li><strong>D\u00fczenli Kontroller:<\/strong> Hidrolik sistemde herhangi bir s\u0131z\u0131nt\u0131 veya performans bozuklu\u011fu olup olmad\u0131\u011f\u0131n\u0131 tespit etmek i\u00e7in d\u00fczenli kontroller yap\u0131n. Sorunlar\u0131 zaman\u0131nda gidermek, daha b\u00fcy\u00fck problemlerin \u00f6n\u00fcne ge\u00e7ebilir.<\/li>\n<li><strong>Uygun Ya\u011flama:<\/strong> Bom silindirinin \u00fcreticinin tavsiyelerine uygun \u015fekilde ya\u011fland\u0131\u011f\u0131ndan emin olun. Yeterli ya\u011flama, s\u00fcrt\u00fcnmeyi ve a\u015f\u0131nmay\u0131 en aza indirir.<\/li>\n<li><strong>Conta De\u011fi\u015fimi:<\/strong> S\u0131zd\u0131rmazl\u0131k elemanlar\u0131n\u0131n durumunu d\u00fczenli olarak kontrol edin. A\u015f\u0131nm\u0131\u015f s\u0131zd\u0131rmazl\u0131k elemanlar\u0131n\u0131n de\u011fi\u015ftirilmesi, hidrolik bas\u0131nc\u0131 korumak ve s\u0131z\u0131nt\u0131lar\u0131 \u00f6nlemek i\u00e7in \u00e7ok \u00f6nemlidir.<\/li>\n<\/ul>\n<h2>G\u00fcvenlik Hususlar\u0131 ve \u00c7evresel Fakt\u00f6rler<\/h2>\n<p>Hidrolik silindirlerin kullan\u0131m\u0131nda g\u00fcvenlik \u00f6nlemlerine \u00f6ncelik verilmelidir. Operat\u00f6rler, ekipman\u0131n do\u011fru kullan\u0131m\u0131 ve olas\u0131 tehlikeleri konusunda e\u011fitilmelidir. G\u00fcvenlik ekipmanlar\u0131 giyilmeli ve riskleri en aza indirmek i\u00e7in \u00e7al\u0131\u015fma alan\u0131 gereksiz personel ve engellerden ar\u0131nd\u0131r\u0131lmal\u0131d\u0131r. \u00c7evresel hususlar aras\u0131nda hidrolik s\u0131v\u0131lar\u0131n uygun \u015fekilde bertaraf edilmesi ve t\u00fcm bile\u015fenlerin s\u00fcrd\u00fcr\u00fclebilir kaynaklardan temin edilmesi yer almaktad\u0131r.<\/p>\n<h2>Ar\u0131za Te\u015fhisi ve Yayg\u0131n Sorunlar<\/h2>\n<ul>\n<li><strong>S\u0131z\u0131nt\u0131 Sorunlar\u0131:<\/strong> Hidrolik s\u0131v\u0131 s\u0131z\u0131nt\u0131lar\u0131, conta ar\u0131zas\u0131n\u0131 veya gev\u015fek ba\u011flant\u0131lar\u0131 g\u00f6sterebilir. Contalar\u0131 ve ba\u011flant\u0131lar\u0131 a\u015f\u0131nma veya hasar belirtileri a\u00e7\u0131s\u0131ndan inceleyin ve gerekirse de\u011fi\u015ftirin.<\/li>\n<li><strong>Yava\u015f \u00c7al\u0131\u015fma:<\/strong> Bom silindiri yava\u015f \u00e7al\u0131\u015f\u0131yorsa, bu hidrolik s\u0131v\u0131 seviyesinin d\u00fc\u015f\u00fck oldu\u011funu veya sistemde hava bulundu\u011funu g\u00f6sterebilir. S\u0131v\u0131 seviyelerini kontrol edin ve gerekirse sistemi havaland\u0131r\u0131n.<\/li>\n<li><strong>Kontrols\u00fcz Hareketler:<\/strong> Bu durum, bas\u0131n\u00e7 tahliye vanas\u0131 ar\u0131zalar\u0131ndan veya kontrol vanas\u0131 sorunlar\u0131ndan kaynaklanabilir. Bu bile\u015fenleri inceleyin ve gerekirse de\u011fi\u015ftirin veya onar\u0131n.<\/li>\n<\/ul>\n<h2>Sorun Giderme \u0130pu\u00e7lar\u0131<\/h2>\n<p>Etkili sorun giderme i\u00e7in her zaman \u00fcreticinin y\u00f6nergelerine ba\u015fvurun. D\u00fczenli bak\u0131m \u00e7o\u011fu sorunu \u00f6nleyebilir. Sorunlar ortaya \u00e7\u0131karsa, \u00f6ncelikle hidrolik s\u0131v\u0131 seviyelerini kontrol edin, contalar\u0131 a\u015f\u0131nma a\u00e7\u0131s\u0131ndan inceleyin ve g\u00f6r\u00fcn\u00fcr s\u0131z\u0131nt\u0131lar\u0131 kontrol edin. Bak\u0131m kay\u0131t defteri tutmak, tekrarlayan sorunlar\u0131 belirlemeye ve potansiyel sorunlar\u0131 \u00f6nlemeye yard\u0131mc\u0131 olabilir.<\/p>\n<p><img decoding=\"async\" src=\"https:\/\/www.hydraulic-cylinders.net\/wp-content\/uploads\/2025\/04\/songte-bushings-with-all-kinds-of-excavator-models.webp\" alt=\"Ekskavat\u00f6rler i\u00e7in Bur\u00e7lar\" \/><\/p>\n<h2>\u015eirketimiz Hakk\u0131nda<\/h2>\n<p>\u00d6nde gelen hidrolik silindir yedek par\u00e7a \u00fcreticisi olarak, hem yurt i\u00e7i hem de uluslararas\u0131 pazarlarda en \u00f6nde gelen tedarik\u00e7ilerden biri olmam\u0131z\u0131 sa\u011flayan kapsaml\u0131 bir \u00fcr\u00fcn yelpazesi sunuyoruz. Geli\u015fmi\u015f bir end\u00fcstriyel \u00fcretim y\u00f6netim stratejisiyle desteklenen s\u0131k\u0131 kalite standartlar\u0131na ba\u011fl\u0131 kal\u0131yoruz. Teknolojiye, geli\u015fmi\u015f \u00fcretim ekipmanlar\u0131na ve profesyonel test sistemlerine odaklanmam\u0131z, \u00fcretim kapasitemizi art\u0131rarak, \u00e7e\u015fitli m\u00fc\u015fteri ihtiya\u00e7lar\u0131n\u0131 y\u00fcksek verimlilik, hassasiyet ve kaliteyle kar\u015f\u0131lamam\u0131z\u0131 sa\u011fl\u0131yor.<\/p>\n<p><img decoding=\"async\" src=\"https:\/\/www.hydraulic-cylinders.net\/wp-content\/uploads\/2025\/04\/songte-company-4.webp\" alt=\"\u015eirket G\u00f6rseli 1\" \/><br \/>\n<img decoding=\"async\" src=\"https:\/\/www.hydraulic-cylinders.net\/wp-content\/uploads\/2025\/04\/songte-company-3.webp\" alt=\"\u015eirket G\u00f6rseli 2\" \/><\/p>\n<p>Profesyonelli\u011fe olan ba\u011fl\u0131l\u0131\u011f\u0131m\u0131z, uluslararas\u0131 sertifikalar\u0131m\u0131z, \u00f6zelle\u015ftirilmi\u015f hizmetlerimiz, geli\u015fmi\u015f \u00fcretim ekipmanlar\u0131m\u0131z ve ola\u011fan\u00fcst\u00fc sat\u0131\u015f sonras\u0131 deste\u011fimiz bizi piyasada farkl\u0131 k\u0131l\u0131yor.<\/p>\n<p>Yazar: lyl<\/p>","protected":false},"excerpt":{"rendered":"<p>Boom Cylinder For Atlas 3608LC Product Overview The Boom Cylinder for Atlas 3608LC is a pivotal component in hydraulic systems, specifically designed for controlling the movement of heavy machinery such as excavators, backhoe loaders, and front loaders. This hydraulic cylinder enables the boom to lift, lower, and tilt, facilitating efficient material handling tasks. The bucket [&hellip;]<\/p>","protected":false},"featured_media":17874,"comment_status":"open","ping_status":"closed","template":"","meta":{"_et_pb_use_builder":"","_et_pb_old_content":"","_et_gb_content_width":""},"product_brand":[],"product_cat":[1546],"product_tag":[1547,1496],"class_list":{"0":"post-19641","1":"product","2":"type-product","3":"status-publish","4":"has-post-thumbnail","6":"product_cat-boom-cylinders","7":"product_tag-boom-cylinders","8":"product_tag-hydraulic-cylinders","10":"first","11":"instock","12":"shipping-taxable","13":"product-type-simple"},"amp_enabled":true,"_links":{"self":[{"href":"https:\/\/www.hydraulic-cylinders.net\/tr\/wp-json\/wp\/v2\/product\/19641","targetHints":{"allow":["GET"]}}],"collection":[{"href":"https:\/\/www.hydraulic-cylinders.net\/tr\/wp-json\/wp\/v2\/product"}],"about":[{"href":"https:\/\/www.hydraulic-cylinders.net\/tr\/wp-json\/wp\/v2\/types\/product"}],"replies":[{"embeddable":true,"href":"https:\/\/www.hydraulic-cylinders.net\/tr\/wp-json\/wp\/v2\/comments?post=19641"}],"wp:featuredmedia":[{"embeddable":true,"href":"https:\/\/www.hydraulic-cylinders.net\/tr\/wp-json\/wp\/v2\/media\/17874"}],"wp:attachment":[{"href":"https:\/\/www.hydraulic-cylinders.net\/tr\/wp-json\/wp\/v2\/media?parent=19641"}],"wp:term":[{"taxonomy":"product_brand","embeddable":true,"href":"https:\/\/www.hydraulic-cylinders.net\/tr\/wp-json\/wp\/v2\/product_brand?post=19641"},{"taxonomy":"product_cat","embeddable":true,"href":"https:\/\/www.hydraulic-cylinders.net\/tr\/wp-json\/wp\/v2\/product_cat?post=19641"},{"taxonomy":"product_tag","embeddable":true,"href":"https:\/\/www.hydraulic-cylinders.net\/tr\/wp-json\/wp\/v2\/product_tag?post=19641"}],"curies":[{"name":"wp","href":"https:\/\/api.w.org\/{rel}","templated":true}]}}