{"id":19643,"date":"2025-04-07T06:59:12","date_gmt":"2025-04-07T06:59:12","guid":{"rendered":"https:\/\/www.hydraulic-cylinders.net\/product\/boom-cylinder-for-atlas-7808lc\/"},"modified":"2025-04-07T06:59:15","modified_gmt":"2025-04-07T06:59:15","slug":"boom-cylinder-for-atlas-7808lc","status":"publish","type":"product","link":"https:\/\/www.hydraulic-cylinders.net\/tr\/urun\/boom-cylinder-for-atlas-7808lc\/","title":{"rendered":"Atlas 7808LC i\u00e7in Bom Silindiri"},"content":{"rendered":"<h1>Atlas 7808LC i\u00e7in Bom Silindiri<\/h1>\n<h2>Bom Silindirine Giri\u015f<\/h2>\n<p>Kep\u00e7e silindiri, ekskavat\u00f6rler, kaz\u0131c\u0131 y\u00fckleyiciler ve \u00f6n y\u00fckleyiciler gibi \u00e7e\u015fitli a\u011f\u0131r makinelerde kep\u00e7enin hareketini kontrol etmek i\u00e7in \u00f6zel olarak tasarlanm\u0131\u015f, hidrolik sistemlerde hayati bir bile\u015fendir. Bu hidrolik silindir, kep\u00e7enin y\u00fckselmesini, al\u00e7almas\u0131n\u0131 ve e\u011filmesini sa\u011flayarak verimli malzeme ta\u015f\u0131ma i\u015flemlerini kolayla\u015ft\u0131r\u0131r. \u00d6z\u00fcnde, kep\u00e7e silindiri, kep\u00e7enin konumland\u0131r\u0131lmas\u0131n\u0131 sa\u011flayan g\u00fc\u00e7 merkezi g\u00f6revi g\u00f6r\u00fcr ve operat\u00f6rlerin i\u015flerini hassasiyet ve kolayl\u0131kla yapabilmelerini sa\u011flar.<\/p>\n<p><img decoding=\"async\" src=\"https:\/\/www.hydraulic-cylinders.net\/wp-content\/uploads\/2025\/04\/songte-company-1.webp\" alt=\"Hidrolik Silindir G\u00f6r\u00fcnt\u00fcs\u00fc\"><\/p>\n<h3>Bom Silindirinin \u00d6zellikleri<\/h3>\n<ul>\n<li><strong>Y\u00fcksek Dayan\u0131kl\u0131l\u0131k ve Dayan\u0131kl\u0131l\u0131k:<\/strong> Y\u00fcksek mukavemetli \u00e7elik veya al\u00fcminyumdan \u00fcretilmi\u015f, y\u00fcksek bas\u0131nca ve a\u011f\u0131r y\u00fcklere dayanacak \u015fekilde tasarlanm\u0131\u015f ve zorlu \u00e7al\u0131\u015fma ortamlar\u0131na uygun.<\/li>\n<li><strong>Verimli Hidrolik \u00c7al\u0131\u015fma:<\/strong> Hidrolik ya\u011f bas\u0131nc\u0131n\u0131 kullanarak sorunsuz uzatma ve geri \u00e7ekme hareketi sa\u011flar, kontrol komutlar\u0131na h\u0131zl\u0131 yan\u0131t verir ve g\u00fc\u00e7l\u00fc itme ve \u00e7ekme kuvveti sunar.<\/li>\n<li><strong>\u00c7e\u015fitli T\u00fcrler:<\/strong> \u00c7e\u015fitli \u00e7al\u0131\u015fma ihtiya\u00e7lar\u0131n\u0131 kar\u015f\u0131lamak \u00fczere tek y\u00f6nl\u00fc (tek y\u00f6nde \u00e7al\u0131\u015fan) veya \u00e7ift y\u00f6nl\u00fc (iki y\u00f6nde \u00e7al\u0131\u015fan) silindirler mevcuttur; baz\u0131 modeller teleskopiktir ve d\u0131\u015f boyutlar\u0131 art\u0131rmadan daha fazla uzatmaya olanak tan\u0131r.<\/li>\n<li><strong>\u00d6zelle\u015ftirilebilir Se\u00e7enekler:<\/strong> M\u00fc\u015fteriler, ekipmanlar\u0131na ve g\u00f6revlerine en uygun \u00f6zellikleri se\u00e7ebilir ve b\u00f6ylece silindirin sistemlerine sorunsuz bir \u015fekilde entegre olmas\u0131n\u0131 sa\u011flayabilirler.<\/li>\n<li><strong>\u00c7ok Y\u00f6nl\u00fc Uygulamalar:<\/strong> \u0130n\u015faat, tar\u0131m ve daha bir\u00e7ok sekt\u00f6r dahil olmak \u00fczere \u00e7e\u015fitli sekt\u00f6rler i\u00e7in idealdir ve operasyonel yetenekleri art\u0131r\u0131r.<\/li>\n<\/ul>\n<h2>\u00dcretim Yetenekleri<\/h2>\n<p>Mevcut modellerin yerini m\u00fckemmel \u015fekilde alan hidrolik silindirler sunmaktan gurur duyuyoruz. \u00dcr\u00fcnlerimiz, makinelerinizde g\u00fcvenilirlik ve verimlilik sa\u011flamak \u00fczere y\u00fcksek performans standartlar\u0131n\u0131 kar\u015f\u0131layacak \u015fekilde tasarlanm\u0131\u015ft\u0131r.<\/p>\n<p><img decoding=\"async\" src=\"https:\/\/www.hydraulic-cylinders.net\/wp-content\/uploads\/2025\/04\/songte-cylinder-head-with-all-kinds-excavator-models.webp\" alt=\"Ekskavat\u00f6r Modelleri G\u00f6rseli\"><\/p>\n<h2>Bom Silindirinin Uygulamalar\u0131<\/h2>\n<h3>\u0130n\u015faat Ekipmanlar\u0131<\/h3>\n<p>Ekskavat\u00f6rlerde, bom silindiri topra\u011f\u0131 veya molozu kazma, y\u00fckleme ve ta\u015f\u0131ma i\u015flemlerinde hayati \u00f6neme sahiptir. Kep\u00e7enin topra\u011fa verimli bir \u015fekilde n\u00fcfuz etmesini sa\u011flayarak operasyonel verimlili\u011fi \u00f6nemli \u00f6l\u00e7\u00fcde art\u0131r\u0131r. Kaz\u0131c\u0131 y\u00fckleyicilerde ise kep\u00e7e silindiri hem kazma hem de kald\u0131rma i\u015flemlerine yard\u0131mc\u0131 olarak g\u00f6revler aras\u0131nda sorunsuz ge\u00e7i\u015fler sa\u011flar.<\/p>\n<h3>Tar\u0131m Makinalar\u0131<\/h3>\n<p>\u00d6n y\u00fckleyicilerde kullan\u0131lan bu silindirler, toprak, saman ve \u00e7e\u015fitli malzemelerin kep\u00e7eyle al\u0131nmas\u0131, kald\u0131r\u0131lmas\u0131 ve ta\u015f\u0131nmas\u0131 i\u00e7in kritik \u00f6neme sahiptir. \u00c7ift\u00e7ilerin operasyonlar\u0131n\u0131 etkin bir \u015fekilde y\u00f6netmelerini, verimlili\u011fi en \u00fcst d\u00fczeye \u00e7\u0131karmalar\u0131n\u0131 ve i\u015f\u00e7ilik maliyetlerini en aza indirmelerini sa\u011flarlar.<\/p>\n<h3>Ekskavat\u00f6rler<\/h3>\n<p>Kep\u00e7e silindiri, kep\u00e7enin topra\u011fa derinlemesine n\u00fcfuz etmesini sa\u011flayarak ekskavat\u00f6r\u00fcn kazma i\u015flemini m\u00fcmk\u00fcn k\u0131lar ve in\u015faat ve peyzaj projelerinde verimli kaz\u0131 yap\u0131lmas\u0131n\u0131 kolayla\u015ft\u0131r\u0131r. Bu i\u015flevsellik, ba\u015far\u0131 i\u00e7in hassasiyet ve derinli\u011fin gerekli oldu\u011fu ortamlarda \u00e7ok \u00f6nemlidir.<\/p>\n<h3>Y\u00fckleyiciler<\/h3>\n<p>\u00d6n y\u00fckleyicilerde, bom silindirleri y\u00fcklerin etkili bir \u015fekilde kald\u0131r\u0131lmas\u0131na ve bo\u015falt\u0131lmas\u0131na yard\u0131mc\u0131 olarak malzemelerin bir yerden di\u011ferine kolayl\u0131kla ta\u015f\u0131nmas\u0131n\u0131 sa\u011flar. Sa\u011flam tasar\u0131mlar\u0131, performanstan \u00f6d\u00fcn vermeden \u00f6nemli a\u011f\u0131rl\u0131klar\u0131 kald\u0131rabilmelerine olanak tan\u0131r.<\/p>\n<h2>Tasar\u0131m Hususlar\u0131 ve Se\u00e7im Kriterleri<\/h2>\n<h3>Y\u00fck Kapasitesi<\/h3>\n<p>Bom silindirlerinin tasar\u0131m\u0131nda y\u00fck ta\u015f\u0131ma kapasitesi kritik \u00f6neme sahiptir. Silindirin \u00e7al\u0131\u015fma s\u0131ras\u0131nda ta\u015f\u0131mas\u0131 gereken a\u011f\u0131rl\u0131\u011f\u0131 de\u011ferlendirmek \u015fartt\u0131r. Daha y\u00fcksek y\u00fck ta\u015f\u0131ma kapasitesi, daha fazla g\u00fcvenlik ve verimlilik sa\u011flayarak a\u011f\u0131r i\u015fler s\u0131ras\u0131nda silindir ar\u0131zas\u0131 riskini azalt\u0131r. Maksimum y\u00fck\u00fcn hesaplanmas\u0131, uygun silindir boyutunu ve \u00f6zelliklerini se\u00e7meye yard\u0131mc\u0131 olur ve beklenen ko\u015fullar alt\u0131nda en iyi performans\u0131 g\u00f6stermesini sa\u011flar.<\/p>\n<h3>S\u0131zd\u0131rmazl\u0131k Mekanizmalar\u0131<\/h3>\n<p>Etkili s\u0131zd\u0131rmazl\u0131k mekanizmalar\u0131, hidrolik s\u0131v\u0131 s\u0131z\u0131nt\u0131s\u0131n\u0131 \u00f6nlemek ve silindir i\u00e7indeki bas\u0131nc\u0131 korumak i\u00e7in hayati \u00f6neme sahiptir. Poli\u00fcretan ve nitril kau\u00e7uk gibi dayan\u0131kl\u0131 malzemelerden yap\u0131lm\u0131\u015f piston contalar\u0131 ve mil contalar\u0131 gibi y\u00fcksek kaliteli contalar\u0131n se\u00e7imi, silindirin \u00f6mr\u00fcn\u00fc uzat\u0131r. Do\u011fru s\u0131zd\u0131rmazl\u0131k, tutarl\u0131 performans sa\u011flar ve zaman i\u00e7inde bak\u0131m maliyetlerini azalt\u0131r.<\/p>\n<h3>Dayan\u0131kl\u0131l\u0131k<\/h3>\n<p>\u00d6zellikle zorlu ortamlarda kullan\u0131ld\u0131\u011f\u0131nda, bom silindirlerinin tasar\u0131m\u0131nda dayan\u0131kl\u0131l\u0131k \u00f6nemli bir fakt\u00f6rd\u00fcr. \u00dcretimde kullan\u0131lan malzemelerin a\u015f\u0131nmaya ve korozyona kar\u015f\u0131 dayan\u0131kl\u0131 olmas\u0131, silindirin uzun s\u00fcre i\u015flevsel kalmas\u0131n\u0131 sa\u011flar. Y\u00fczey i\u015flemleri ve kaplamalar, dayan\u0131kl\u0131l\u0131\u011f\u0131 daha da art\u0131rarak silindiri in\u015faat ve madencilik de dahil olmak \u00fczere \u00e7e\u015fitli uygulamalar i\u00e7in uygun hale getirebilir.<\/p>\n<h3>G\u00fcvenlik \u00d6zellikleri<\/h3>\n<p>Bom silindirlerinin tasar\u0131m\u0131na g\u00fcvenlik \u00f6zelliklerinin dahil edilmesi, hem makineyi hem de operat\u00f6rleri korumaya yard\u0131mc\u0131 olur. Bas\u0131n\u00e7 tahliye vanalar\u0131 ve a\u015f\u0131r\u0131 y\u00fck koruma mekanizmalar\u0131 gibi \u00f6zellikler, kazalar\u0131 ve ekipman hasar\u0131n\u0131 \u00f6nleyebilir. Bu g\u00fcvenlik \u00f6nlemlerinin yerinde olmas\u0131, sekt\u00f6r d\u00fczenlemelerine ve standartlar\u0131na uyum i\u00e7in son derece \u00f6nemlidir.<\/p>\n<h3>Bak\u0131m ve Onar\u0131m Kolayl\u0131\u011f\u0131<\/h3>\n<p>Tasar\u0131mda bak\u0131m ve onar\u0131m kolayl\u0131\u011f\u0131 da g\u00f6z \u00f6n\u00fcnde bulundurulmal\u0131d\u0131r. Hidrolik silindirler, contalar ve rulmanlar gibi d\u00fczenli bak\u0131m veya de\u011fi\u015ftirme gerektirebilecek bile\u015fenlere kolay eri\u015fim sa\u011flayacak \u015fekilde tasarlanmal\u0131d\u0131r. H\u0131zl\u0131 s\u00f6kme imkan\u0131 sa\u011flayan bir tasar\u0131m, bak\u0131m s\u0131ras\u0131nda ar\u0131za s\u00fcresini \u00f6nemli \u00f6l\u00e7\u00fcde azaltarak verimlili\u011fi art\u0131rabilir.<\/p>\n<p><img decoding=\"async\" src=\"https:\/\/www.hydraulic-cylinders.net\/wp-content\/uploads\/2025\/04\/songte-oil-pipes-and-spare-parts.webp\" alt=\"Petrol Borular\u0131 ve Yedek Par\u00e7a G\u00f6rseli\"><\/p>\n<h2>S\u0131zd\u0131rmazl\u0131k ve Ya\u011flama<\/h2>\n<p>Bom silindirlerinin uzun \u00f6m\u00fcrl\u00fcl\u00fc\u011f\u00fc ve i\u015flevselli\u011fi i\u00e7in etkili s\u0131zd\u0131rmazl\u0131k ve ya\u011flama \u00e7ok \u00f6nemlidir. Piston ve mil contalar\u0131 gibi \u00e7e\u015fitli contalar\u0131n kullan\u0131lmas\u0131, hidrolik bas\u0131nc\u0131 korumak ve s\u0131z\u0131nt\u0131lar\u0131 \u00f6nlemek i\u00e7in gereklidir. Poli\u00fcretan ve nitril kau\u00e7uk gibi malzemelerden yap\u0131lan contalar, a\u015f\u0131nma diren\u00e7leri ve dayan\u0131kl\u0131l\u0131klar\u0131 nedeniyle tercih edilir.<\/p>\n<p>Silindir g\u00f6vdesi ve di\u015fli u\u00e7 y\u00fczeyleri, a\u015f\u0131nma direncini art\u0131rmak ve silindirin zorlu \u00e7al\u0131\u015fma ko\u015fullar\u0131na dayanabilmesini sa\u011flamak i\u00e7in hassas bir \u015fekilde i\u015flenmi\u015ftir. S\u00fcrt\u00fcnmeyi ve a\u015f\u0131nmay\u0131 en aza indirmek ve silindirin \u00f6mr\u00fcn\u00fc daha da uzatmak i\u00e7in d\u00fczenli olarak uygun miktarda hidrolik ya\u011f uygulanmas\u0131 \u00e7ok \u00f6nemlidir.<\/p>\n<h2>\u00d6nleyici Bak\u0131m \u00d6nlemleri<\/h2>\n<ul>\n<li><strong>D\u00fczenli Denetimler:<\/strong> A\u015f\u0131nma ve y\u0131pranmay\u0131 tespit etmek ve t\u00fcm bile\u015fenlerin do\u011fru \u015fekilde \u00e7al\u0131\u015ft\u0131\u011f\u0131ndan emin olmak i\u00e7in d\u00fczenli kontroller yap\u0131n.<\/li>\n<li><strong>Uygun Ya\u011flama:<\/strong> S\u00fcrt\u00fcnmeyi azaltmak ve contalara ve hareketli par\u00e7alara zarar gelmesini \u00f6nlemek i\u00e7in silindirin yeterince ya\u011fland\u0131\u011f\u0131ndan emin olun.<\/li>\n<li><strong>Conta De\u011fi\u015fimi:<\/strong> Hidrolik bas\u0131nc\u0131 ve performans\u0131 korumak i\u00e7in contalar\u0131 d\u00fczenli olarak a\u015f\u0131nma belirtileri a\u00e7\u0131s\u0131ndan kontrol edin ve gerekti\u011finde de\u011fi\u015ftirin.<\/li>\n<\/ul>\n<h2>Kurulum Talimatlar\u0131<\/h2>\n<p>Bom silindirlerinin do\u011fru montaj\u0131, optimum performans i\u00e7in \u00e7ok \u00f6nemlidir. \u00d6ncelikle t\u00fcm bile\u015fenlerin temiz ve kal\u0131nt\u0131lardan ar\u0131nd\u0131r\u0131lm\u0131\u015f oldu\u011fundan emin olun. Yanl\u0131\u015f hizalamay\u0131 \u00f6nlemek ve erken a\u015f\u0131nmay\u0131 engellemek i\u00e7in silindiri makinenin montaj noktalar\u0131yla do\u011fru \u015fekilde hizalay\u0131n.<\/p>\n<p>Silindiri sa\u011flam bir \u015fekilde yerine sabitlemek i\u00e7in uygun montaj braketlerini kullan\u0131n. Kurulumdan sonra, hizalamay\u0131 kontrol edin ve silindirin herhangi bir diren\u00e7 olmadan sorunsuz \u00e7al\u0131\u015ft\u0131\u011f\u0131ndan emin olun. Hidrolik ba\u011flant\u0131lar ve tork \u00f6zellikleri i\u00e7in \u00fcreticinin y\u00f6nergelerini takip etmek, performans\u0131 ve g\u00fcvenilirli\u011fi en \u00fcst d\u00fczeye \u00e7\u0131karacakt\u0131r.<\/p>\n<h2>Yayg\u0131n Bak\u0131m G\u00f6revleri<\/h2>\n<h3>D\u00fczenli Kontroller<\/h3>\n<p>Silindirin i\u015flevselli\u011finin d\u00fczenli olarak kontrol edilmesi \u00e7ok \u00f6nemlidir. Bu kontroller, hidrolik s\u0131v\u0131 seviyelerinin de\u011ferlendirilmesini, s\u0131z\u0131nt\u0131 olup olmad\u0131\u011f\u0131n\u0131n incelenmesini ve t\u00fcm ba\u011flant\u0131lar\u0131n sa\u011flam oldu\u011fundan emin olunmas\u0131n\u0131 i\u00e7ermelidir. Sorunlar\u0131n erken tespiti, maliyetli onar\u0131mlar\u0131 ve ar\u0131za s\u00fcrelerini \u00f6nleyebilir.<\/p>\n<h3>Uygun Ya\u011flama<\/h3>\n<p>Bom silindirlerinin sorunsuz \u00e7al\u0131\u015fmas\u0131 i\u00e7in ya\u011flama hayati \u00f6nem ta\u015f\u0131r. Do\u011fru tip hidrolik ya\u011f kullanmak ve \u00fcreticinin tavsiyelerine g\u00f6re d\u00fczenli olarak uygulamak, s\u00fcrt\u00fcnmeyi ve a\u015f\u0131nmay\u0131 azaltmaya yard\u0131mc\u0131 olur. D\u00fczenli bir ya\u011flama program\u0131 uygulamak, silindirin performans\u0131n\u0131 ve \u00f6mr\u00fcn\u00fc uzatabilir.<\/p>\n<h3>Conta De\u011fi\u015fimi ve Kalibrasyonu<\/h3>\n<p>A\u015f\u0131nd\u0131k\u00e7a contalar\u0131n de\u011fi\u015ftirilmesi hidrolik bas\u0131nc\u0131n korunmas\u0131 i\u00e7in \u00e7ok \u00f6nemlidir. Silindirin belirtilen parametreler dahilinde \u00e7al\u0131\u015fmas\u0131n\u0131 sa\u011flamak i\u00e7in d\u00fczenli olarak kalibre edin. Bu i\u015flem, hizalamay\u0131 kontrol etmeyi ve verimli \u00e7al\u0131\u015fmay\u0131 garanti etmek i\u00e7in gerekli bile\u015fenleri ayarlamay\u0131 i\u00e7erir.<\/p>\n<p><img decoding=\"async\" src=\"https:\/\/www.hydraulic-cylinders.net\/wp-content\/uploads\/2025\/04\/songte-chushion-collar.webp\" alt=\"Yast\u0131k Yaka G\u00f6rseli\"><\/p>\n<h2>G\u00fcvenlik Hususlar\u0131 ve \u00c7evresel Fakt\u00f6rler<\/h2>\n<p>Hidrolik sistemlerle \u00e7al\u0131\u015f\u0131rken g\u00fcvenlik \u00f6nlemlerinin uygulanmas\u0131 \u00e7ok \u00f6nemlidir. Operat\u00f6rler, kaza riskini \u00f6nlemek i\u00e7in uygun ki\u015fisel koruyucu ekipman (KKD) giymek ve \u00e7al\u0131\u015fma y\u00f6nergelerini takip etmek de dahil olmak \u00fczere g\u00fcvenlik protokollerine uymal\u0131d\u0131r. Hidrolik sistemin iyi bak\u0131ml\u0131 olmas\u0131, tehlikeli durumlara yol a\u00e7abilecek ar\u0131za riskini azalt\u0131r.<\/p>\n<h2>Ar\u0131za Te\u015fhisi ve Yayg\u0131n Sorunlar<\/h2>\n<ul>\n<li><strong>S\u0131z\u0131nt\u0131:<\/strong> En s\u0131k kar\u015f\u0131la\u015f\u0131lan sorunlardan biri hidrolik s\u0131v\u0131 s\u0131z\u0131nt\u0131s\u0131d\u0131r. Contalar\u0131 ve ba\u011flant\u0131lar\u0131 a\u015f\u0131nma veya hasar a\u00e7\u0131s\u0131ndan kontrol edin.<\/li>\n<li><strong>Bas\u0131n\u00e7 Kayb\u0131:<\/strong> Silindir komutlara yan\u0131t vermiyorsa, bu bas\u0131n\u00e7 kayb\u0131na i\u015faret edebilir. Sistemde s\u0131z\u0131nt\u0131 veya t\u0131kan\u0131kl\u0131k olup olmad\u0131\u011f\u0131n\u0131 kontrol edin.<\/li>\n<li><strong>G\u00fcr\u00fclt\u00fc ve Titre\u015fim:<\/strong> \u00c7al\u0131\u015fma s\u0131ras\u0131nda ola\u011fand\u0131\u015f\u0131 sesler veya titre\u015fimler, hizalama hatas\u0131 veya par\u00e7a a\u015f\u0131nmas\u0131na i\u015faret edebilir. D\u00fczenli bak\u0131m kontrolleri bu sorunlar\u0131n belirlenmesine yard\u0131mc\u0131 olabilir.<\/li>\n<\/ul>\n<h2>Sorun Giderme \u0130pu\u00e7lar\u0131<\/h2>\n<p>Sorunlar\u0131 etkili bir \u015fekilde te\u015fhis etmek ve \u00e7\u00f6zmek i\u00e7in operat\u00f6rler makinenin \u00e7al\u0131\u015fma \u00f6zelliklerine a\u015fina olmal\u0131d\u0131r. D\u00fczenli izleme, sorunlar\u0131 g\u00f6steren kal\u0131plar\u0131 ve de\u011fi\u015fiklikleri belirlemeye yard\u0131mc\u0131 olabilir. Ar\u0131za riskini en aza indirmek ve bom silindirinin \u00f6mr\u00fcn\u00fc uzatmak i\u00e7in rutin bak\u0131m ve denetimler gibi \u00f6nleyici tedbirler uygulay\u0131n.<\/p>\n<p><img decoding=\"async\" src=\"https:\/\/www.hydraulic-cylinders.net\/wp-content\/uploads\/2025\/04\/songte-bushings-with-all-kinds-of-excavator-models.webp\" alt=\"Ekskavat\u00f6r Modelleri ile Bur\u00e7lar G\u00f6rseli\"><\/p>\n<h2>\u015eirket Genel Bak\u0131\u015f\u0131<\/h2>\n<p>\u00d6nde gelen yedek hidrolik silindir \u00fcreticisi olarak, hem yerel hem de uluslararas\u0131 pazarlar i\u00e7in geni\u015f bir \u00fcr\u00fcn yelpazesi sunuyoruz. M\u00fckemmelli\u011fe olan ba\u011fl\u0131l\u0131\u011f\u0131m\u0131z, rafine \u00fcretim stratejimiz ve en son teknolojimizle vurgulanmaktad\u0131r. \u00dcretim kapasitemizi art\u0131rmak i\u00e7in s\u00fcrekli olarak yetenekli personele, hassas \u00fcretim ekipmanlar\u0131na ve \u00f6zel test sistemlerine yat\u0131r\u0131m yap\u0131yoruz.<\/p>\n<p>Y\u00fcksek verimlilik, do\u011fruluk ve kaliteye odaklanmam\u0131z, \u00e7e\u015fitli m\u00fc\u015fteri ihtiya\u00e7lar\u0131n\u0131 etkili bir \u015fekilde kar\u015f\u0131lamam\u0131z\u0131 sa\u011fl\u0131yor. Ki\u015fiye \u00f6zel hizmetler sunmaya ve uluslararas\u0131 sertifikalar\u0131 korumaya olan ba\u011fl\u0131l\u0131\u011f\u0131m\u0131zla, \u00fcr\u00fcnlerimizin zorlu end\u00fcstri standartlar\u0131na dayanabilmesini sa\u011fl\u0131yoruz.<\/p>\n<p><img decoding=\"async\" src=\"https:\/\/www.hydraulic-cylinders.net\/wp-content\/uploads\/2025\/04\/songte-company-4.webp\" alt=\"\u015eirket G\u00f6rseli 1\"><br \/>\n<img decoding=\"async\" src=\"https:\/\/www.hydraulic-cylinders.net\/wp-content\/uploads\/2025\/04\/songte-company-3.webp\" alt=\"\u015eirket G\u00f6rseli 2\"><\/p>\n<p>Yazar: lyl<\/p>","protected":false},"excerpt":{"rendered":"<p>Boom Cylinder For Atlas 7808LC Introduction to Boom Cylinder The Boom Cylinder is a vital component in hydraulic systems, specifically designed for controlling the movement of the bucket in various heavy machinery such as excavators, backhoe loaders, and front loaders. This hydraulic cylinder allows the bucket to raise, lower, and tilt, facilitating efficient material handling [&hellip;]<\/p>","protected":false},"featured_media":17876,"comment_status":"open","ping_status":"closed","template":"","meta":{"_et_pb_use_builder":"","_et_pb_old_content":"","_et_gb_content_width":""},"product_brand":[],"product_cat":[1546],"product_tag":[1547,1496],"class_list":{"0":"post-19643","1":"product","2":"type-product","3":"status-publish","4":"has-post-thumbnail","6":"product_cat-boom-cylinders","7":"product_tag-boom-cylinders","8":"product_tag-hydraulic-cylinders","10":"first","11":"instock","12":"shipping-taxable","13":"product-type-simple"},"amp_enabled":true,"_links":{"self":[{"href":"https:\/\/www.hydraulic-cylinders.net\/tr\/wp-json\/wp\/v2\/product\/19643","targetHints":{"allow":["GET"]}}],"collection":[{"href":"https:\/\/www.hydraulic-cylinders.net\/tr\/wp-json\/wp\/v2\/product"}],"about":[{"href":"https:\/\/www.hydraulic-cylinders.net\/tr\/wp-json\/wp\/v2\/types\/product"}],"replies":[{"embeddable":true,"href":"https:\/\/www.hydraulic-cylinders.net\/tr\/wp-json\/wp\/v2\/comments?post=19643"}],"wp:featuredmedia":[{"embeddable":true,"href":"https:\/\/www.hydraulic-cylinders.net\/tr\/wp-json\/wp\/v2\/media\/17876"}],"wp:attachment":[{"href":"https:\/\/www.hydraulic-cylinders.net\/tr\/wp-json\/wp\/v2\/media?parent=19643"}],"wp:term":[{"taxonomy":"product_brand","embeddable":true,"href":"https:\/\/www.hydraulic-cylinders.net\/tr\/wp-json\/wp\/v2\/product_brand?post=19643"},{"taxonomy":"product_cat","embeddable":true,"href":"https:\/\/www.hydraulic-cylinders.net\/tr\/wp-json\/wp\/v2\/product_cat?post=19643"},{"taxonomy":"product_tag","embeddable":true,"href":"https:\/\/www.hydraulic-cylinders.net\/tr\/wp-json\/wp\/v2\/product_tag?post=19643"}],"curies":[{"name":"wp","href":"https:\/\/api.w.org\/{rel}","templated":true}]}}