{"id":19645,"date":"2025-04-07T06:59:19","date_gmt":"2025-04-07T06:59:19","guid":{"rendered":"https:\/\/www.hydraulic-cylinders.net\/product\/boom-cylinder-for-bonny-ced1000-7\/"},"modified":"2025-04-07T06:59:22","modified_gmt":"2025-04-07T06:59:22","slug":"boom-cylinder-for-bonny-ced1000-7","status":"publish","type":"product","link":"https:\/\/www.hydraulic-cylinders.net\/tr\/urun\/boom-cylinder-for-bonny-ced1000-7\/","title":{"rendered":"Bonny CED1000-7 i\u00e7in Bom Silindiri"},"content":{"rendered":"<h1>Bonny CED1000-7 i\u00e7in Bom Silindiri<\/h1>\n<h2>Bom Silindirine Giri\u015f<\/h2>\n<p>Bonny CED1000-7 i\u00e7in \u00f6zel olarak tasarlanan Bom Silindiri, a\u011f\u0131r i\u015f makinelerinde kullan\u0131lan hidrolik sistemlerde \u00f6nemli bir bile\u015fendir. Bu hidrolik silindir, \u00f6ncelikle bomun hareketini kontrol ederek gerekti\u011finde uzamas\u0131n\u0131, geri \u00e7ekilmesini ve e\u011filmesini sa\u011flar. Bu i\u015flevsellik, ekskavat\u00f6rler, beko-y\u00fckleyiciler ve \u00f6n y\u00fckleyiciler gibi ekipmanlar\u0131n verimlili\u011fini ve \u00e7ok y\u00f6nl\u00fcl\u00fc\u011f\u00fcn\u00fc art\u0131rarak \u00e7e\u015fitli malzeme ta\u015f\u0131ma g\u00f6revleri i\u00e7in hayati \u00f6nem ta\u015f\u0131r.<\/p>\n<p>\u00d6zel bir hidrolik silindir olan kova silindiri, a\u011f\u0131r makinelerin \u00e7al\u0131\u015fmas\u0131nda \u00f6nemli bir rol oynar. Kovan\u0131n hassas hareket etmesini sa\u011flayarak operat\u00f6rlerin kazma, kald\u0131rma ve e\u011fme gibi g\u00f6revleri kolayl\u0131kla ger\u00e7ekle\u015ftirmesini sa\u011flar. Hidrolik sistemin bas\u0131nc\u0131, sorunsuz \u00e7al\u0131\u015fmay\u0131 kolayla\u015ft\u0131rarak bomun in\u015faat, tar\u0131m ve di\u011fer a\u011f\u0131r hizmet uygulamalar\u0131n\u0131n taleplerini verimli bir \u015fekilde kar\u015f\u0131lamas\u0131n\u0131 sa\u011flar.<\/p>\n<p><img decoding=\"async\" src=\"https:\/\/www.hydraulic-cylinders.net\/wp-content\/uploads\/2025\/04\/songte-company-1.webp\" alt=\"Bom Silindiri\"><\/p>\n<h2>Bom Silindirinin \u00d6zellikleri<\/h2>\n<ul>\n<li>\n<h3>Y\u00fcksek G\u00fc\u00e7 ve Dayan\u0131kl\u0131l\u0131k<\/h3>\n<p>Y\u00fcksek mukavemetli \u00e7elik veya al\u00fcminyumdan \u00fcretilen Boom Silindir, y\u00fcksek bas\u0131n\u00e7 ve a\u011f\u0131r y\u00fcklere dayanacak \u015fekilde tasarlanm\u0131\u015ft\u0131r ve bu sayede zorlu \u00e7al\u0131\u015fma ortamlar\u0131na uygundur. Kullan\u0131lan malzemeler a\u015f\u0131nma direnci ve korozyon korumas\u0131 sa\u011flayarak silindirin \u00f6mr\u00fcn\u00fc uzat\u0131r.<\/p>\n<\/li>\n<li>\n<h3>Verimli Hidrolik \u00c7al\u0131\u015fma<\/h3>\n<p>Silindir, p\u00fcr\u00fczs\u00fcz uzatma ve geri \u00e7ekme hareketleri i\u00e7in hidrolik ya\u011f bas\u0131nc\u0131n\u0131 kullan\u0131r. Bu tasar\u0131m, operasyonel komutlara h\u0131zl\u0131 yan\u0131t vererek, a\u011f\u0131r y\u00fcklerin ve karma\u015f\u0131k g\u00f6revlerin \u00fcstesinden gelmek i\u00e7in gerekli olan \u00f6nemli bir itme ve \u00e7ekme kuvveti sa\u011flar.<\/p>\n<\/li>\n<li>\n<h3>\u00c7e\u015fitli T\u00fcrler<\/h3>\n<p>Hem tek etkili (tek y\u00f6nde hidrolik bas\u0131n\u00e7 kullanan) hem de \u00e7ift etkili (her iki y\u00f6nde hidrolik bas\u0131n\u00e7 kullanan) konfig\u00fcrasyonlarda mevcut olan Bom Silindiri, \u00e7e\u015fitli operasyonel gereksinimleri kar\u015f\u0131layabilir. Baz\u0131 modeller teleskopiktir ve d\u0131\u015f boyutlar\u0131 art\u0131rmadan daha fazla uzatma olana\u011f\u0131 sa\u011flayarak, alan k\u0131s\u0131tlamas\u0131 olan uygulamalar i\u00e7in idealdir.<\/p>\n<\/li>\n<\/ul>\n<h2>\u00dcretim Yetenekleri<\/h2>\n<p>Mevcut hidrolik silindirlerin m\u00fckemmel bir alternatifi olan Bom Silindiri \u00fcretme yetene\u011fimizle gurur duyuyoruz. \u00dcr\u00fcnlerimiz, \u00e7e\u015fitli hidrolik sistemlerle uyumluluk ve performans sa\u011flayarak en y\u00fcksek standartlarda \u00fcretilmektedir.<\/p>\n<p><img decoding=\"async\" src=\"https:\/\/www.hydraulic-cylinders.net\/wp-content\/uploads\/2025\/04\/songte-cylinder-head-with-all-kinds-excavator-models.webp\" alt=\"Ekskavat\u00f6r Modelleri\"><\/p>\n<h2>Bom Silindirinin Uygulamalar\u0131<\/h2>\n<ul>\n<li>\n<h3>\u0130n\u015faat Ekipmanlar\u0131<\/h3>\n<p>Ekskavat\u00f6rlerde Bom Silindiri, toprak veya molozun kaz\u0131lmas\u0131, y\u00fcklenmesi ve ta\u015f\u0131nmas\u0131nda kritik bir rol oynar. Kovan\u0131n zemine etkili bir \u015fekilde n\u00fcfuz etmesini sa\u011flayarak verimli kaz\u0131 ve malzeme ta\u015f\u0131ma olana\u011f\u0131 sa\u011flar. Ayr\u0131ca, beko-loderlerde silindir hem kazma hem de kald\u0131rma i\u015flevlerine yard\u0131mc\u0131 olarak \u015fantiyelerdeki performans\u0131 optimize eder.<\/p>\n<\/li>\n<li>\n<h3>Tar\u0131m Makinalar\u0131<\/h3>\n<p>\u00d6n y\u00fckleyiciler, toprak, saman ve di\u011fer malzemeleri kep\u00e7elemek, kald\u0131rmak ve ta\u015f\u0131mak i\u00e7in Bom Silindirlerini kullan\u0131r. Bu silindirlerin verimlili\u011fi, tar\u0131msal faaliyetlerde \u00fcretkenli\u011fi art\u0131rarak \u00e7ift\u00e7ilerin i\u015flerini daha etkili bir \u015fekilde y\u00f6netmelerine olanak tan\u0131r.<\/p>\n<\/li>\n<li>\n<h3>Ekskavat\u00f6rler<\/h3>\n<p>Bom Silindiri, ekskavat\u00f6rlerdeki kaz\u0131 i\u015flemlerini kolayla\u015ft\u0131rarak kep\u00e7enin topra\u011f\u0131 hassas bir \u015fekilde delmesini sa\u011flar. Bu \u00f6zellik, hassas kaz\u0131 gerektiren \u00e7e\u015fitli in\u015faat ve y\u0131k\u0131m projeleri i\u00e7in olmazsa olmazd\u0131r.<\/p>\n<\/li>\n<li>\n<h3>Y\u00fckleyiciler<\/h3>\n<p>\u00d6n y\u00fckleyicilerde, Bom Silindiri y\u00fcklerin verimli bir \u015fekilde kald\u0131r\u0131lmas\u0131na ve bo\u015falt\u0131lmas\u0131na yard\u0131mc\u0131 olur. Bu i\u015flevsellik, moloz temizleme veya malzeme ta\u015f\u0131ma gibi g\u00f6revler i\u00e7in hayati \u00f6nem ta\u015f\u0131r ve onu in\u015faat ve peyzaj \u00e7al\u0131\u015fmalar\u0131nda vazge\u00e7ilmez bir bile\u015fen haline getirir.<\/p>\n<\/li>\n<\/ul>\n<h2>Tasar\u0131m Hususlar\u0131 ve Se\u00e7im Kriterleri<\/h2>\n<ul>\n<li>\n<h3>Y\u00fck Kapasitesi<\/h3>\n<p>Hidrolik silindir se\u00e7erken y\u00fck kapasitesini anlamak \u00e7ok \u00f6nemlidir. Bom Silindiri, \u00e7al\u0131\u015fma s\u0131ras\u0131nda beklenen a\u011f\u0131rl\u0131k y\u00fcklerini kald\u0131rabilecek kapasitede olmal\u0131d\u0131r. Do\u011fru boyutland\u0131rma, g\u00fcvenlik ve verimlili\u011fi sa\u011flayarak maliyetli duru\u015flara yol a\u00e7abilecek ar\u0131zalar\u0131 \u00f6nler.<\/p>\n<\/li>\n<li>\n<h3>S\u0131zd\u0131rmazl\u0131k<\/h3>\n<p>Hidrolik bas\u0131nc\u0131 korumak ve s\u0131z\u0131nt\u0131lar\u0131 \u00f6nlemek i\u00e7in etkili s\u0131zd\u0131rmazl\u0131k esast\u0131r. Bom Silindiri, genellikle zorlu ko\u015fullara dayan\u0131kl\u0131 ve uzun \u00f6m\u00fcrl\u00fc performans sa\u011flayan y\u00fcksek kaliteli contalar kullan\u0131r. Do\u011fru s\u0131zd\u0131rmazl\u0131k, bak\u0131m ihtiya\u00e7lar\u0131n\u0131 da en aza indirir.<\/p>\n<\/li>\n<li>\n<h3>Dayan\u0131kl\u0131l\u0131k<\/h3>\n<p>Boom Silindirinin malzemeleri ve tasar\u0131m\u0131, dayan\u0131kl\u0131l\u0131\u011f\u0131na \u00f6nemli \u00f6l\u00e7\u00fcde katk\u0131da bulunur. Silindirin uzun s\u00fcreli yo\u011fun kullan\u0131ma dayanabilmesi i\u00e7in malzeme dayan\u0131kl\u0131l\u0131\u011f\u0131, kaplama ve genel yap\u0131 gibi fakt\u00f6rler dikkate al\u0131nmal\u0131d\u0131r.<\/p>\n<\/li>\n<li>\n<h3>Emniyet<\/h3>\n<p>Hidrolik sistemlerde g\u00fcvenlik \u00f6zellikleri \u00e7ok \u00f6nemlidir. Bom Silindiri, bas\u0131nc\u0131n kazara serbest kalmas\u0131n\u0131 \u00f6nleyen mekanizmalara ve a\u015f\u0131r\u0131 y\u00fck durumlar\u0131n\u0131 y\u00f6netmek i\u00e7in emniyet valflerine sahip olmal\u0131 ve kullan\u0131m s\u0131ras\u0131nda operat\u00f6r g\u00fcvenli\u011fini sa\u011flamal\u0131d\u0131r.<\/p>\n<\/li>\n<li>\n<h3>Bak\u0131m<\/h3>\n<p>Son olarak, bak\u0131m kolayl\u0131\u011f\u0131 silindir tasar\u0131m\u0131nda \u00f6nemli bir fakt\u00f6rd\u00fcr. H\u0131zl\u0131 inceleme, kolay ya\u011flama eri\u015fimi ve basit de\u011fi\u015ftirme s\u00fcre\u00e7lerine olanak tan\u0131yan \u00f6zellikler, operasyonel \u00e7al\u0131\u015fma s\u00fcresini \u00f6nemli \u00f6l\u00e7\u00fcde art\u0131rabilir ve maliyetleri azaltabilir.<\/p>\n<\/li>\n<\/ul>\n<p><img decoding=\"async\" src=\"https:\/\/www.hydraulic-cylinders.net\/wp-content\/uploads\/2025\/04\/songte-oil-pipes-and-spare-parts.webp\" alt=\"Petrol Borular\u0131 ve Yedek Par\u00e7alar\u0131\"><\/p>\n<h2>Bom Silindirinin S\u0131zd\u0131rmazl\u0131\u011f\u0131 ve Ya\u011flanmas\u0131<\/h2>\n<p>Bom Silindirinin optimum performans\u0131n\u0131 sa\u011flamak i\u00e7in piston contalar\u0131 ve piston kolu contalar\u0131 gibi \u00e7e\u015fitli s\u0131zd\u0131rmazl\u0131k bile\u015fenlerinin kullan\u0131lmas\u0131 hayati \u00f6nem ta\u015f\u0131r. Poli\u00fcretan ve nitril kau\u00e7uk gibi dayan\u0131kl\u0131 malzemelerden \u00fcretilen contalar\u0131n se\u00e7imi, a\u015f\u0131nma direncini ve uzun \u00f6m\u00fcrl\u00fcl\u00fc\u011f\u00fc art\u0131r\u0131r. Ayr\u0131ca, silindir g\u00f6vdesi ve di\u015fli u\u00e7lar, a\u015f\u0131nma direncini art\u0131rmak i\u00e7in hassas i\u015fleme s\u00fcre\u00e7lerinden ge\u00e7irilmelidir. Sorunsuz \u00e7al\u0131\u015fmay\u0131 s\u00fcrd\u00fcrmek ve a\u015f\u0131r\u0131 a\u015f\u0131nma ve y\u0131pranmay\u0131 \u00f6nlemek i\u00e7in d\u00fczenli kontroller ve hidrolik ya\u011f\u0131n yeniden doldurulmas\u0131 da \u00f6nemlidir.<\/p>\n<h2>\u00d6nleyici Bak\u0131m \u00d6nlemleri<\/h2>\n<ul>\n<li>\n<h3>D\u00fczenli Denetimler<\/h3>\n<p>D\u00fczenli kontroller yapmak, olas\u0131 sorunlar\u0131n erken tespit edilmesini sa\u011flar. Silindir \u00e7al\u0131\u015fmas\u0131nda a\u015f\u0131nma, s\u0131z\u0131nt\u0131 veya d\u00fczensizlik belirtileri aray\u0131n. Erken te\u015fhis, operasyonlar\u0131 aksatan b\u00fcy\u00fck ar\u0131zalar\u0131 \u00f6nleyebilir.<\/p>\n<\/li>\n<li>\n<h3>Uygun Ya\u011flama<\/h3>\n<p>Bom Silindirinin yeterli ya\u011flanmas\u0131n\u0131n sa\u011flanmas\u0131, sorunsuz \u00e7al\u0131\u015fmas\u0131 i\u00e7in \u00e7ok \u00f6nemlidir. S\u00fcrt\u00fcnme ve a\u015f\u0131r\u0131 \u0131s\u0131nmay\u0131 \u00f6nlemek i\u00e7in hidrolik ya\u011f seviyelerini d\u00fczenli olarak kontrol edin ve yenileyin; bu, bile\u015fen ar\u0131zalar\u0131na yol a\u00e7abilir.<\/p>\n<\/li>\n<li>\n<h3>Conta De\u011fi\u015fimi<\/h3>\n<p>Bas\u0131nc\u0131 korumak ve s\u0131z\u0131nt\u0131lar\u0131 \u00f6nlemek i\u00e7in contalar d\u00fczenli olarak de\u011fi\u015ftirilmelidir. Conta durumunun izlenmesi, ne zaman de\u011fi\u015ftirilmesi gerekti\u011fini belirlemeye yard\u0131mc\u0131 olabilir ve b\u00f6ylece verim d\u00fc\u015f\u00fckl\u00fc\u011f\u00fcn\u00fc ve olas\u0131 sistem ar\u0131zalar\u0131n\u0131 \u00f6nleyebilir.<\/p>\n<\/li>\n<\/ul>\n<h2>Kurulum Talimatlar\u0131<\/h2>\n<p>Bom Silindirinin do\u011fru montaj\u0131, optimum performans i\u00e7in hayati \u00f6nem ta\u015f\u0131r. \u0130lk olarak, silindirin makine \u00fczerindeki montaj noktalar\u0131yla do\u011fru \u015fekilde hizaland\u0131\u011f\u0131ndan emin olun. Uygun montaj braketleri kullanmak, silindirin yerinde sabitlenmesine yard\u0131mc\u0131 olacakt\u0131r. Operasyonel verimsizliklere veya erken a\u015f\u0131nmaya yol a\u00e7abilecek hizalama hatalar\u0131ndan ka\u00e7\u0131nmaya dikkat edin. Uygun hidrolik ba\u011flant\u0131 elemanlar\u0131 kullan\u0131n ve \u00fcreticinin talimatlar\u0131na uygun \u015fekilde s\u0131k\u0131ld\u0131\u011f\u0131ndan emin olun. Ayr\u0131ca, montaj sonras\u0131 hidrolik s\u0131z\u0131nt\u0131 olup olmad\u0131\u011f\u0131n\u0131 kontrol edin ve \u00e7al\u0131\u015fmaya ba\u015flamadan \u00f6nce s\u0131v\u0131 seviyelerinin uygun oldu\u011fundan emin olun.<\/p>\n<h2>Yayg\u0131n Bak\u0131m G\u00f6revleri<\/h2>\n<ul>\n<li>\n<h3>D\u00fczenli Denetimler<\/h3>\n<p>Bom Silindirinin verimli \u00e7al\u0131\u015fmas\u0131n\u0131 sa\u011flamak i\u00e7in d\u00fczenli kontroller \u015fartt\u0131r. A\u015f\u0131nma, s\u0131z\u0131nt\u0131 ve contalar\u0131n d\u00fczg\u00fcn \u00e7al\u0131\u015f\u0131p \u00e7al\u0131\u015fmad\u0131\u011f\u0131n\u0131 kontrol edin. Bu proaktif yakla\u015f\u0131m, olas\u0131 sorunlar\u0131n b\u00fcy\u00fcmeden \u00f6nce tespit edilmesine yard\u0131mc\u0131 olur.<\/p>\n<\/li>\n<li>\n<h3>Uygun Ya\u011flama<\/h3>\n<p>Silindirin uzun \u00f6m\u00fcrl\u00fc olmas\u0131 i\u00e7in do\u011fru hidrolik ya\u011f\u0131 kullanmak ve yeterli ya\u011flamay\u0131 sa\u011flamak \u00e7ok \u00f6nemlidir. Ya\u011f seviyelerini ve kalitesini d\u00fczenli olarak kontrol ederek, silindirin gereksiz s\u00fcrt\u00fcnme olmadan sorunsuz \u00e7al\u0131\u015fmas\u0131n\u0131 sa\u011flay\u0131n.<\/p>\n<\/li>\n<li>\n<h3>Conta De\u011fi\u015fimi ve Kalibrasyon Kontrolleri<\/h3>\n<p>Do\u011fru \u00e7al\u0131\u015fmas\u0131n\u0131 sa\u011flamak i\u00e7in a\u015f\u0131nm\u0131\u015f contalar\u0131 d\u00fczenli olarak de\u011fi\u015ftirin ve kalibrasyon kontrolleri yap\u0131n. Zamanla contalar a\u015f\u0131narak s\u0131z\u0131nt\u0131lara neden olabilir, bu nedenle zaman\u0131nda de\u011fi\u015ftirilmesi gerekir. Kalibrasyon, silindirin gerekli \u00f6zelliklerde \u00e7al\u0131\u015fmas\u0131n\u0131 sa\u011flayarak g\u00fcvenli\u011fi ve verimlili\u011fi art\u0131r\u0131r.<\/p>\n<\/li>\n<\/ul>\n<p><img decoding=\"async\" src=\"https:\/\/www.hydraulic-cylinders.net\/wp-content\/uploads\/2025\/04\/songte-chushion-collar.webp\" alt=\"Yast\u0131k Yaka\"><\/p>\n<h2>G\u00fcvenlik Hususlar\u0131 ve \u00c7evresel Fakt\u00f6rler<\/h2>\n<p>Hidrolik silindirler kullan\u0131l\u0131rken g\u00fcvenlik \u00f6nlemleri kritik \u00f6neme sahiptir. Operat\u00f6rler, Bom Silindiri ile ilgili belirli i\u015flevler ve potansiyel tehlikeler konusunda e\u011fitilmelidir. D\u00fczenli g\u00fcvenlik denetimleri ve operasyonel y\u00f6nergelere uyulmas\u0131, kazalar\u0131 en aza indirebilir ve g\u00fcvenli bir \u00e7al\u0131\u015fma ortam\u0131 sa\u011flayabilir. Ayr\u0131ca, operasyonlar s\u0131ras\u0131nda hidrolik s\u0131v\u0131 performans\u0131n\u0131 ve silindir b\u00fct\u00fcnl\u00fc\u011f\u00fcn\u00fc etkileyebilecek a\u015f\u0131r\u0131 s\u0131cakl\u0131klara maruz kalmaktan ka\u00e7\u0131nmak gibi \u00e7evresel fakt\u00f6rler de dikkate al\u0131nmal\u0131d\u0131r.<\/p>\n<h2>Sorun Giderme ve Yayg\u0131n Sorunlar<\/h2>\n<ul>\n<li>\n<h3>Hidrolik S\u0131z\u0131nt\u0131lar<\/h3>\n<p>Hidrolik s\u0131z\u0131nt\u0131lar, conta ar\u0131zas\u0131 veya uygunsuz ba\u011flant\u0131 elemanlar\u0131ndan kaynaklanabilir. Conta ve ba\u011flant\u0131 elemanlar\u0131n\u0131n sa\u011flaml\u0131\u011f\u0131n\u0131 d\u00fczenli olarak kontrol edin. S\u0131z\u0131nt\u0131 tespit edilirse, s\u0131v\u0131 kayb\u0131n\u0131 \u00f6nlemek ve bas\u0131nc\u0131 korumak i\u00e7in contalar\u0131 derhal de\u011fi\u015ftirin.<\/p>\n<\/li>\n<li>\n<h3>Zay\u0131f Performans<\/h3>\n<p>Bom Silindiri verimli \u00e7al\u0131\u015fm\u0131yorsa, hidrolik s\u0131v\u0131 seviyelerini kontrol edin ve silindirde herhangi bir t\u0131kan\u0131kl\u0131k olmad\u0131\u011f\u0131ndan emin olun. D\u00fc\u015f\u00fck s\u0131v\u0131 seviyeleri, yava\u015f \u00e7al\u0131\u015fmaya ve kald\u0131rma kapasitesinin azalmas\u0131na neden olabilir.<\/p>\n<\/li>\n<li>\n<h3>Al\u0131\u015f\u0131lmad\u0131k Sesler<\/h3>\n<p>\u00c7al\u0131\u015fma s\u0131ras\u0131nda al\u0131\u015f\u0131lmad\u0131k sesler duyulmas\u0131, hidrolik sistemde i\u00e7 a\u015f\u0131nma veya hava oldu\u011funu g\u00f6sterebilir. Sesin kayna\u011f\u0131n\u0131 ara\u015ft\u0131r\u0131n ve sorunu derhal \u00e7\u00f6zmek i\u00e7in gerekli bak\u0131m\u0131 yap\u0131n.<\/p>\n<\/li>\n<\/ul>\n<p><img decoding=\"async\" src=\"https:\/\/www.hydraulic-cylinders.net\/wp-content\/uploads\/2025\/04\/songte-bushings-with-all-kinds-of-excavator-models.webp\" alt=\"Ekskavat\u00f6r Modellerinde Bur\u00e7lar\"><\/p>\n<h2>Sorun Giderme \u0130pu\u00e7lar\u0131<\/h2>\n<p>Sorunlar\u0131 etkili bir \u015fekilde te\u015fhis edip \u00e7\u00f6zmek i\u00e7in, d\u00fczenli denetimler ve bak\u0131m programlar\u0131 gibi \u00f6nleyici tedbirler uygulamay\u0131 d\u00fc\u015f\u00fcn\u00fcn. Ayr\u0131nt\u0131l\u0131 operasyon ve bak\u0131m kay\u0131tlar\u0131 tutmak, sorunlara yol a\u00e7an kal\u0131plar\u0131 belirlemeye yard\u0131mc\u0131 olabilir. Ayr\u0131ca, operat\u00f6rlerin olas\u0131 ar\u0131za belirtilerini erken fark edebilecek \u015fekilde e\u011fitilmelerini sa\u011flayarak h\u0131zl\u0131 m\u00fcdahale ve minimum kesinti s\u00fcresi sa\u011flay\u0131n.<\/p>\n<h2>\u015eirketimiz Hakk\u0131nda<\/h2>\n<p>Hem yurt i\u00e7i hem de yurt d\u0131\u015f\u0131 pazarlara hizmet veren lider bir hidrolik silindir \u00fcreticisi ve toptanc\u0131s\u0131y\u0131z. Geni\u015f \u00fcr\u00fcn yelpazemiz, bizi sekt\u00f6rde kilit bir oyuncu konumuna getiriyor. Hassasiyet ve verimlili\u011fi \u00f6n planda tutan rafine bir \u00fcretim stratejisiyle, kalite konusunda m\u00fckemmelli\u011fe ba\u011fl\u0131 kal\u0131yoruz. Nitelikli i\u015f g\u00fcc\u00fcm\u00fcz, geli\u015fmi\u015f dijital \u00fcretim teknolojileri ve titiz test sistemlerimizle bir araya gelerek \u00fcretim kapasitemizi art\u0131r\u0131yor. Y\u00fcksek kaliteli \u00fcr\u00fcnler ve ola\u011fan\u00fcst\u00fc hizmet anlay\u0131\u015f\u0131m\u0131zla farkl\u0131 m\u00fc\u015fteri ihtiya\u00e7lar\u0131n\u0131 kar\u015f\u0131lamaya kararl\u0131y\u0131z.<\/p>\n<p>Profesyonelli\u011fimiz, k\u00fcresel standartlar\u0131 kar\u015f\u0131lad\u0131\u011f\u0131m\u0131z\u0131 garanti eden uluslararas\u0131 sertifikalarla desteklenmektedir. Ayr\u0131ca, \u00f6zel m\u00fc\u015fteri ihtiya\u00e7lar\u0131na g\u00f6re \u00f6zelle\u015ftirilmi\u015f hizmetler de sunuyoruz. Son teknoloji \u00fcretim ekipmanlar\u0131m\u0131z, y\u00fcksek verimlilik ve hassasiyeti korumam\u0131z\u0131 sa\u011flarken, sat\u0131\u015f sonras\u0131 hizmetimiz m\u00fc\u015fterilerimize s\u00fcrekli destek sa\u011flar.<\/p>\n<p><img decoding=\"async\" src=\"https:\/\/www.hydraulic-cylinders.net\/wp-content\/uploads\/2025\/04\/songte-company-4.webp\" alt=\"\u015eirket G\u00f6rseli 1\"><br \/>\n<img decoding=\"async\" src=\"https:\/\/www.hydraulic-cylinders.net\/wp-content\/uploads\/2025\/04\/songte-company-3.webp\" alt=\"\u015eirket G\u00f6rseli 2\"><\/p>\n<p>Yazar: lyl<\/p>","protected":false},"excerpt":{"rendered":"<p>Boom Cylinder For Bonny CED1000-7 Introduction to Boom Cylinder The Boom Cylinder, specifically designed for the Bonny CED1000-7, is a crucial component in hydraulic systems used in heavy machinery. This hydraulic cylinder is primarily responsible for controlling the movement of the boom, allowing it to extend, retract, and tilt as needed. This functionality is vital [&hellip;]<\/p>","protected":false},"featured_media":17878,"comment_status":"open","ping_status":"closed","template":"","meta":{"_et_pb_use_builder":"","_et_pb_old_content":"","_et_gb_content_width":""},"product_brand":[],"product_cat":[1546],"product_tag":[1547,1496],"class_list":{"0":"post-19645","1":"product","2":"type-product","3":"status-publish","4":"has-post-thumbnail","6":"product_cat-boom-cylinders","7":"product_tag-boom-cylinders","8":"product_tag-hydraulic-cylinders","10":"first","11":"instock","12":"shipping-taxable","13":"product-type-simple"},"amp_enabled":true,"_links":{"self":[{"href":"https:\/\/www.hydraulic-cylinders.net\/tr\/wp-json\/wp\/v2\/product\/19645","targetHints":{"allow":["GET"]}}],"collection":[{"href":"https:\/\/www.hydraulic-cylinders.net\/tr\/wp-json\/wp\/v2\/product"}],"about":[{"href":"https:\/\/www.hydraulic-cylinders.net\/tr\/wp-json\/wp\/v2\/types\/product"}],"replies":[{"embeddable":true,"href":"https:\/\/www.hydraulic-cylinders.net\/tr\/wp-json\/wp\/v2\/comments?post=19645"}],"wp:featuredmedia":[{"embeddable":true,"href":"https:\/\/www.hydraulic-cylinders.net\/tr\/wp-json\/wp\/v2\/media\/17878"}],"wp:attachment":[{"href":"https:\/\/www.hydraulic-cylinders.net\/tr\/wp-json\/wp\/v2\/media?parent=19645"}],"wp:term":[{"taxonomy":"product_brand","embeddable":true,"href":"https:\/\/www.hydraulic-cylinders.net\/tr\/wp-json\/wp\/v2\/product_brand?post=19645"},{"taxonomy":"product_cat","embeddable":true,"href":"https:\/\/www.hydraulic-cylinders.net\/tr\/wp-json\/wp\/v2\/product_cat?post=19645"},{"taxonomy":"product_tag","embeddable":true,"href":"https:\/\/www.hydraulic-cylinders.net\/tr\/wp-json\/wp\/v2\/product_tag?post=19645"}],"curies":[{"name":"wp","href":"https:\/\/api.w.org\/{rel}","templated":true}]}}