{"id":19648,"date":"2025-04-07T06:59:28","date_gmt":"2025-04-07T06:59:28","guid":{"rendered":"https:\/\/www.hydraulic-cylinders.net\/product\/boom-cylinder-for-bonny-wzyq42-6\/"},"modified":"2025-04-07T06:59:31","modified_gmt":"2025-04-07T06:59:31","slug":"boom-cylinder-for-bonny-wzyq42-6","status":"publish","type":"product","link":"https:\/\/www.hydraulic-cylinders.net\/tr\/urun\/boom-cylinder-for-bonny-wzyq42-6\/","title":{"rendered":"Bonny WZYQ42-6 i\u00e7in Bom Silindiri"},"content":{"rendered":"<h1>Bonny WZYQ42-6 i\u00e7in Bom Silindiri<\/h1>\n<h2>Bom Silindirine Giri\u015f<\/h2>\n<p>Bonny WZYQ42-6 i\u00e7in tasarlanm\u0131\u015f bom silindiri, ekskavat\u00f6rler, beko y\u00fckleyiciler ve \u00f6n y\u00fckleyiciler gibi a\u011f\u0131r makinelerde kep\u00e7elerin hareketini kontrol etmek i\u00e7in \u00f6zel olarak tasarlanm\u0131\u015f, hidrolik sistemlerde hayati bir bile\u015fendir. Bu \u00f6zel hidrolik silindir, kep\u00e7enin kald\u0131r\u0131lmas\u0131n\u0131, indirilmesini ve e\u011filmesini sa\u011flayarak verimli malzeme ta\u015f\u0131ma i\u015flemlerini kolayla\u015ft\u0131r\u0131r. Bom silindiri y\u00fcksek bas\u0131n\u00e7 alt\u0131nda \u00e7al\u0131\u015farak, kaz\u0131 ve y\u00fckleme uygulamalar\u0131 i\u00e7in gerekli olan d\u00fczg\u00fcn ve hassas hareketleri sa\u011flar.<\/p>\n<p><img decoding=\"async\" src=\"https:\/\/www.hydraulic-cylinders.net\/wp-content\/uploads\/2025\/04\/songte-company-1.webp\" alt=\"Bom Silindiri\" \/><\/p>\n<h2>Bom Silindirinin \u00d6zellikleri<\/h2>\n<h3>Y\u00fcksek G\u00fc\u00e7 ve Dayan\u0131kl\u0131l\u0131k<\/h3>\n<ul>\n<li>Y\u00fcksek mukavemetli \u00e7elik veya al\u00fcminyumdan \u00fcretilmi\u015f olup, y\u00fcksek bas\u0131nca ve a\u011f\u0131r y\u00fcklere dayanabilir.<\/li>\n<li>Zorlu \u00e7al\u0131\u015fma ko\u015fullar\u0131na dayanacak \u015fekilde tasarlanm\u0131\u015f olup, kullan\u0131m \u00f6mr\u00fcn\u00fc uzatmak i\u00e7in a\u015f\u0131nma ve korozyon direncine odaklan\u0131lm\u0131\u015ft\u0131r.<\/li>\n<\/ul>\n<h3>Verimli Hidrolik \u00c7al\u0131\u015fma<\/h3>\n<ul>\n<li>Hidrolik ya\u011f bas\u0131nc\u0131n\u0131 kullanarak d\u00fczg\u00fcn uzatma ve geri \u00e7ekme hareketleri sa\u011flar ve kontrol komutlar\u0131na h\u0131zl\u0131 yan\u0131t verilmesini garanti eder.<\/li>\n<li>A\u011f\u0131r nesnelerin ta\u015f\u0131nmas\u0131 ve karma\u015f\u0131k operasyonel g\u00f6revler i\u00e7in ideal olan g\u00fc\u00e7l\u00fc itme ve \u00e7ekme kuvveti sa\u011flar.<\/li>\n<\/ul>\n<h3>\u00c7e\u015fitli T\u00fcrler<\/h3>\n<ul>\n<li>\u00c7e\u015fitli operasyonel ihtiya\u00e7lar\u0131 kar\u015f\u0131lamak \u00fczere tek etkili (hidrolik tek y\u00f6nde kullan\u0131l\u0131r) veya \u00e7ift etkili (hidrolik her iki y\u00f6nde kullan\u0131l\u0131r) konfig\u00fcrasyonlarda mevcuttur.<\/li>\n<li>Baz\u0131 modellerde teleskopik tasar\u0131m bulunur; bu sayede d\u0131\u015f boyutlar\u0131 art\u0131rmadan daha fazla uzatma sa\u011flanabilir ve bu da alan k\u0131s\u0131tlamas\u0131 olan uygulamalar i\u00e7in uygundur.<\/li>\n<\/ul>\n<p>\u00dcr\u00fcnlerimiz bu hidrolik silindirlerin yerini m\u00fckemmel \u015fekilde alabilecek kapasitededir.<\/p>\n<p><img decoding=\"async\" src=\"https:\/\/www.hydraulic-cylinders.net\/wp-content\/uploads\/2025\/04\/songte-cylinder-head-with-all-kinds-excavator-models.webp\" alt=\"Hidrolik Silindir Modelleri\" \/><\/p>\n<h2>Bom Silindirinin Uygulamalar\u0131<\/h2>\n<h3>\u0130n\u015faat Ekipmanlar\u0131<\/h3>\n<p>Ekskavat\u00f6rlerde, bom silindirleri toprak veya moloz kazma, y\u00fckleme ve ta\u015f\u0131ma i\u015flemlerinde hayati \u00f6neme sahiptir. Kep\u00e7enin zemine etkili bir \u015fekilde n\u00fcfuz etmesini sa\u011flayarak kaz\u0131 s\u00fcrecini kolayla\u015ft\u0131r\u0131rlar. Kaz\u0131c\u0131 y\u00fckleyicilerde ise bom silindiri hem kazma hem de kald\u0131rma i\u015flemlerine yard\u0131mc\u0131 olarak \u015fantiyelerde \u00e7ok y\u00f6nl\u00fc i\u015flevsellik sa\u011flar.<\/p>\n<h3>Tar\u0131m Makinalar\u0131<\/h3>\n<p>\u00d6n y\u00fckleyicilerde, bom silindirleri toprak, saman ve di\u011fer malzemelerin kep\u00e7elenmesi, kald\u0131r\u0131lmas\u0131 ve ta\u015f\u0131nmas\u0131 i\u00e7in hayati \u00f6neme sahiptir. Bu silindirler, y\u00fckleyicinin verimli bir \u015fekilde \u00e7al\u0131\u015fmas\u0131n\u0131 sa\u011flayarak, \u00e7e\u015fitli g\u00f6revler i\u00e7in gerekli hidrolik kuvveti sa\u011flayarak tar\u0131msal uygulamalarda verimlili\u011fi en \u00fcst d\u00fczeye \u00e7\u0131kar\u0131r.<\/p>\n<h3>Ekskavat\u00f6rler<\/h3>\n<p>Ekskavat\u00f6rlerdeki bom silindiri, kep\u00e7enin topra\u011fa n\u00fcfuz etmesini ve etkili bir \u015fekilde kazma i\u015flemlerini ger\u00e7ekle\u015ftirmesini sa\u011flar. Bu \u00f6zellik, hem in\u015faat hem de y\u0131k\u0131m projelerinde vazge\u00e7ilmez bir ara\u00e7 haline gelmesini sa\u011flayarak ekskavat\u00f6r\u00fcn \u00e7ok \u00e7e\u015fitli malzemeleri kolayl\u0131kla i\u015fleyebilmesini garanti eder.<\/p>\n<h3>Y\u00fckleyiciler<\/h3>\n<p>\u00d6n y\u00fckleyicilerde, bom silindirleri y\u00fcklerin verimli bir \u015fekilde kald\u0131r\u0131lmas\u0131na ve bo\u015falt\u0131lmas\u0131na yard\u0131mc\u0131 olur. Tasar\u0131mlar\u0131, a\u011f\u0131r y\u00fckler alt\u0131nda optimum performans sa\u011flayarak, malzemelerin h\u0131zl\u0131 ve etkili bir \u015fekilde y\u00f6netilmesini garanti eder; bu da h\u0131zl\u0131 tempolu in\u015faat ortamlar\u0131nda kritik \u00f6neme sahiptir.<\/p>\n<h2>Tasar\u0131m Hususlar\u0131 ve Se\u00e7im Kriterleri<\/h2>\n<h3>Y\u00fck Kapasitesi<\/h3>\n<p>Vin\u00e7 silindiri se\u00e7erken, y\u00fck ta\u015f\u0131ma kapasitesini anlamak son derece \u00f6nemlidir. Silindir, ar\u0131za riski olmadan beklenen maksimum y\u00fck\u00fc kald\u0131rabilmelidir. Bu, ta\u015f\u0131nacak malzemelerin a\u011f\u0131rl\u0131\u011f\u0131n\u0131n ve bunlar\u0131 kald\u0131rmak i\u00e7in gereken kuvvetin de\u011ferlendirilmesini i\u00e7erir. Daha y\u00fcksek y\u00fck ta\u015f\u0131ma kapasitesi, \u00f6zellikle a\u011f\u0131r hizmet uygulamalar\u0131nda, operasyonlarda artan g\u00fcvenlik ve g\u00fcvenilirlik anlam\u0131na gelir.<\/p>\n<h3>S\u0131zd\u0131rmazl\u0131k Mekanizmalar\u0131<\/h3>\n<p>Hidrolik silindirin etkinli\u011fi, s\u0131zd\u0131rmazl\u0131k sistemlerinden \u00f6nemli \u00f6l\u00e7\u00fcde etkilenir. Uygun contalar, bas\u0131nc\u0131n ve i\u015flevselli\u011fin korunmas\u0131 i\u00e7in hayati \u00f6nem ta\u015f\u0131yan hidrolik s\u0131v\u0131 s\u0131z\u0131nt\u0131s\u0131n\u0131 \u00f6nler. Contalar i\u00e7in malzeme se\u00e7imi, uzun \u00f6m\u00fcrl\u00fcl\u00fc\u011f\u00fc ve farkl\u0131 \u00e7al\u0131\u015fma ortamlar\u0131na uyarlanabilirli\u011fi de etkiler; \u00e7\u00fcnk\u00fc y\u00fcksek kaliteli contalar a\u015f\u0131nmaya ve \u00e7evresel fakt\u00f6rlere kar\u015f\u0131 dayan\u0131kl\u0131d\u0131r ve zaman i\u00e7inde tutarl\u0131 performans sa\u011flar.<\/p>\n<h3>Dayan\u0131kl\u0131l\u0131k<\/h3>\n<p>Bom silindirlerinin tasar\u0131m\u0131nda dayan\u0131kl\u0131l\u0131k kritik bir fakt\u00f6rd\u00fcr. Silindirler, zorlu \u00e7al\u0131\u015fma ko\u015fullar\u0131na dayanacak ve bozulmadan kalacak kadar sa\u011flam olmal\u0131d\u0131r. Bu, bas\u0131n\u00e7 alt\u0131nda tekrarlanan kullan\u0131mdan kaynaklanabilecek a\u015f\u0131nma, korozyon ve yorulmaya kar\u015f\u0131 direnci i\u00e7erir. \u00dcretim s\u00fcrecinde, silindirin kullan\u0131m \u00f6mr\u00fc boyunca en iyi performans\u0131 g\u00f6stermesini sa\u011flayacak \u015fekilde dayan\u0131kl\u0131l\u0131\u011f\u0131 art\u0131ran malzeme ve teknikler kullan\u0131lmal\u0131d\u0131r.<\/p>\n<h3>G\u00fcvenlik \u00d6zellikleri<\/h3>\n<p>Hidrolik silindirlerin tasar\u0131m\u0131na g\u00fcvenlik \u00f6zelliklerinin dahil edilmesi \u00e7ok \u00f6nemlidir. Bu, silindirin kapasitesinin \u00f6tesinde kuvvetlere maruz kalmas\u0131n\u0131 \u00f6nleyen ve felaketle sonu\u00e7lanabilecek ar\u0131zalar\u0131 engelleyen a\u015f\u0131r\u0131 y\u00fck koruma mekanizmalar\u0131n\u0131 i\u00e7erir. G\u00fcvenlik \u00f6nlemleri ayr\u0131ca, a\u015f\u0131r\u0131 bas\u0131n\u00e7 ko\u015fullar\u0131n\u0131 y\u00f6netmek ve operat\u00f6rlerin gereksiz risk almadan g\u00fcvenle \u00e7al\u0131\u015fabilmelerini sa\u011flamak i\u00e7in bas\u0131n\u00e7 tahliye vanalar\u0131n\u0131 da i\u00e7ermelidir.<\/p>\n<h3>Bak\u0131m ve Servis Kolayl\u0131\u011f\u0131<\/h3>\n<p>Bom silindiri se\u00e7erken kolay bak\u0131m ve servis kolayl\u0131\u011f\u0131 hayati \u00f6nem ta\u015f\u0131r. Tasar\u0131m, contalar ve di\u011fer i\u00e7 bile\u015fenler de dahil olmak \u00fczere par\u00e7alar\u0131n kolayca incelenmesine ve de\u011fi\u015ftirilmesine olanak sa\u011flamal\u0131d\u0131r. D\u00fczenli bak\u0131m protokollerinin takip edilmesi kolay olmal\u0131, operat\u00f6rlerin uzun s\u00fcreli ar\u0131za s\u00fcrelerine gerek kalmadan kontrolleri ve onar\u0131mlar\u0131 ger\u00e7ekle\u015ftirmelerini sa\u011flayarak genel operasyonel verimlili\u011fi art\u0131rmal\u0131d\u0131r.<\/p>\n<p><img decoding=\"async\" src=\"https:\/\/www.hydraulic-cylinders.net\/wp-content\/uploads\/2025\/04\/songte-oil-pipes-and-spare-parts.webp\" alt=\"Petrol Borular\u0131 ve Yedek Par\u00e7alar\u0131\" \/><\/p>\n<h2>S\u0131zd\u0131rmazl\u0131k ve Ya\u011flama<\/h2>\n<p>Hidrolik silindirlerin uzun \u00f6m\u00fcrl\u00fcl\u00fc\u011f\u00fc ve performans\u0131 i\u00e7in etkili s\u0131zd\u0131rmazl\u0131k ve ya\u011flama \u00e7ok \u00f6nemlidir. Piston contalar\u0131 ve mil contalar\u0131 gibi \u00e7e\u015fitli s\u0131zd\u0131rmazl\u0131k elemanlar\u0131, s\u0131v\u0131 s\u0131z\u0131nt\u0131lar\u0131n\u0131 \u00f6nlemek ve bas\u0131nc\u0131 korumak i\u00e7in kullan\u0131l\u0131r. Contalar genellikle m\u00fckemmel a\u015f\u0131nma direnci sa\u011flayan poli\u00fcretan ve nitril kau\u00e7uk gibi dayan\u0131kl\u0131 malzemelerden yap\u0131l\u0131r. Ayr\u0131ca, silindir g\u00f6vdesi ve di\u015fli u\u00e7 y\u00fczeyleri, dayan\u0131kl\u0131l\u0131\u011f\u0131 art\u0131rmak i\u00e7in hassas i\u015fleme tabi tutulur.<\/p>\n<p>Hareketli par\u00e7alardaki s\u00fcrt\u00fcnmeyi ve a\u015f\u0131nmay\u0131 azaltmak i\u00e7in hidrolik ya\u011f ile d\u00fczenli ya\u011flama \u015fartt\u0131r. Optimum performans sa\u011flamak i\u00e7in bu ya\u011flama d\u00fczenli olarak izlenmeli ve yenilenmelidir. Yeterli ya\u011flama yap\u0131lmamas\u0131, a\u015f\u0131nman\u0131n artmas\u0131na ve silindirin potansiyel olarak felaketle sonu\u00e7lanabilecek ar\u0131zas\u0131na yol a\u00e7abilir.<\/p>\n<h2>\u00d6nleyici Bak\u0131m \u00d6nlemleri<\/h2>\n<ul>\n<li><strong>D\u00fczenli Denetimler:<\/strong> S\u0131z\u0131nt\u0131, a\u015f\u0131nma ve hasar a\u00e7\u0131s\u0131ndan d\u00fczenli kontroller, k\u00fc\u00e7\u00fck sorunlar\u0131n b\u00fcy\u00fck problemlere d\u00f6n\u00fc\u015fmesini \u00f6nleyebilir. Contalar\u0131 inceleyin ve hidrolik hatlar\u0131n iyi durumda oldu\u011fundan emin olun.<\/li>\n<li><strong>Ya\u011flama:<\/strong> Silindirin d\u00fczenli olarak ya\u011flanmas\u0131, sorunsuz \u00e7al\u0131\u015fmay\u0131 sa\u011flayacak ve i\u00e7 bile\u015fenlerdeki a\u015f\u0131nmay\u0131 azaltacakt\u0131r. Bu i\u015flem, \u00fcreticinin tavsiyelerine g\u00f6re yap\u0131lmal\u0131d\u0131r.<\/li>\n<li><strong>Conta De\u011fi\u015fimi:<\/strong> Zamanla, contalar bozulabilir ve hidrolik sistemin b\u00fct\u00fcnl\u00fc\u011f\u00fcn\u00fc korumak i\u00e7in de\u011fi\u015ftirilmeleri gerekebilir. S\u0131z\u0131nt\u0131lar\u0131 \u00f6nlemek i\u00e7in contalar\u0131 d\u00fczenli olarak kontrol edin ve gerekti\u011finde de\u011fi\u015ftirin.<\/li>\n<\/ul>\n<h2>Kurulum Talimatlar\u0131<\/h2>\n<p>Bom silindirinin do\u011fru montaj\u0131, optimum performans i\u00e7in kritik \u00f6neme sahiptir. \u00d6ncelikle t\u00fcm montaj y\u00fczeylerinin temiz ve kal\u0131nt\u0131lardan ar\u0131nd\u0131r\u0131lm\u0131\u015f oldu\u011fundan emin olun. Silindirin montaj noktalar\u0131yla do\u011fru \u015fekilde hizalanmas\u0131n\u0131 sa\u011flamak i\u00e7in uygun hizalama ara\u00e7lar\u0131 kullan\u0131n. Silindiri yerinde sabitlemek ve \u00e7al\u0131\u015fma s\u0131ras\u0131nda herhangi bir yanl\u0131\u015f hizalamay\u0131 \u00f6nlemek i\u00e7in \u00f6nerilen montaj braketleri kullan\u0131lmal\u0131d\u0131r.<\/p>\n<p>Hidrolik ba\u011flant\u0131lar\u0131 ayarlay\u0131n ve t\u00fcm ba\u011flant\u0131 noktalar\u0131n\u0131n s\u0131k\u0131 ve s\u0131z\u0131nt\u0131s\u0131z oldu\u011fundan emin olun. Kurulumdan sonra, her \u015feyin do\u011fru konumland\u0131r\u0131ld\u0131\u011f\u0131n\u0131 ve ba\u011fland\u0131\u011f\u0131n\u0131 do\u011frulamak i\u00e7in kapsaml\u0131 bir inceleme yap\u0131n. Tam \u00e7al\u0131\u015fma y\u00fcklerine ge\u00e7meden \u00f6nce s\u0131z\u0131nt\u0131lar\u0131 ve \u00e7al\u0131\u015fma sorunlar\u0131n\u0131 kontrol etmek i\u00e7in d\u00fc\u015f\u00fck bas\u0131n\u00e7 alt\u0131nda bir test \u00e7al\u0131\u015ft\u0131rmas\u0131 yap\u0131lmas\u0131 \u00f6nerilir.<\/p>\n<h2>Yayg\u0131n Bak\u0131m G\u00f6revleri<\/h2>\n<h3>D\u00fczenli Denetimler<\/h3>\n<p>Hidrolik silindirin do\u011fru \u015fekilde \u00e7al\u0131\u015fmas\u0131n\u0131 sa\u011flamak i\u00e7in d\u00fczenli kontroller yapmak \u00e7ok \u00f6nemlidir. \u00c7atlak veya korozyon gibi a\u015f\u0131nma belirtilerine bak\u0131n ve contalar\u0131n s\u0131z\u0131nt\u0131 belirtileri a\u00e7\u0131s\u0131ndan durumunu de\u011ferlendirin. Sorunlar\u0131n erken tespiti, maliyetli onar\u0131mlar\u0131 ve ar\u0131za s\u00fcrelerini \u00f6nleyebilir.<\/p>\n<h3>Uygun Ya\u011flama<\/h3>\n<p>Sorunsuz \u00e7al\u0131\u015fma i\u00e7in hidrolik silindirin yeterince ya\u011fland\u0131\u011f\u0131ndan emin olun. Do\u011fru tip ve miktarda hidrolik s\u0131v\u0131 kullanmak, silindirin \u00f6mr\u00fcn\u00fc uzat\u0131r ve a\u015f\u0131r\u0131 a\u015f\u0131nmay\u0131 \u00f6nler. Optimum performans\u0131 korumak i\u00e7in s\u0131v\u0131 seviyelerini d\u00fczenli olarak kontrol edin ve gerekti\u011finde tamamlay\u0131n.<\/p>\n<h3>Conta De\u011fi\u015fimi ve Kalibrasyon Kontrolleri<\/h3>\n<p>Contalar, periyodik olarak de\u011fi\u015ftirilmesi gereken kritik bile\u015fenlerdir. S\u0131z\u0131nt\u0131lar\u0131 \u00f6nlemek i\u00e7in contalar\u0131 d\u00fczenli olarak a\u015f\u0131nma a\u00e7\u0131s\u0131ndan kontrol edin ve derhal de\u011fi\u015ftirin. Kalibrasyon kontrolleri, silindirin belirtilen parametreler dahilinde \u00e7al\u0131\u015fmas\u0131n\u0131 sa\u011flayarak g\u00fcvenli ve verimli \u00e7al\u0131\u015fmaya katk\u0131da bulunur.<\/p>\n<p><img decoding=\"async\" src=\"https:\/\/www.hydraulic-cylinders.net\/wp-content\/uploads\/2025\/04\/songte-chushion-collar.webp\" alt=\"Yast\u0131k Yaka\" \/><\/p>\n<h2>G\u00fcvenlik Hususlar\u0131 ve \u00c7evresel Fakt\u00f6rler<\/h2>\n<p>Hidrolik silindirlerle \u00e7al\u0131\u015f\u0131rken g\u00fcvenlik \u00f6nlemlerine \u00f6ncelik vermek \u00e7ok \u00f6nemlidir. Operat\u00f6rler, y\u00fcksek bas\u0131n\u00e7l\u0131 s\u0131v\u0131 s\u0131z\u0131nt\u0131s\u0131 riskleri de dahil olmak \u00fczere hidrolik sistemlerle ili\u015fkili potansiyel tehlikeleri anlamak \u00fczere e\u011fitilmelidir. Yaralanma risklerini en aza indirmek i\u00e7in her zaman uygun ki\u015fisel koruyucu ekipman (KKD) giyilmelidir. Ayr\u0131ca, hidrolik s\u0131v\u0131lar\u0131n uygun \u015fekilde bertaraf edilmesi ve d\u00f6k\u00fclmeleri \u00f6nlemek i\u00e7in temiz \u00e7al\u0131\u015fma alanlar\u0131n\u0131n korunmas\u0131 gibi \u00e7evresel hususlar da dikkate al\u0131nmal\u0131d\u0131r.<\/p>\n<h2>Sorun Giderme ve Yayg\u0131n Sorunlar<\/h2>\n<ul>\n<li><strong>S\u0131z\u0131nt\u0131:<\/strong> En s\u0131k kar\u015f\u0131la\u015f\u0131lan sorunlardan biri, genellikle a\u015f\u0131nm\u0131\u015f contalar veya hasarl\u0131 ba\u011flant\u0131 par\u00e7alar\u0131ndan kaynaklanan s\u0131z\u0131nt\u0131d\u0131r. S\u0131z\u0131nt\u0131 tespit edilirse, contalar\u0131 kontrol edin ve gerekirse de\u011fi\u015ftirin.<\/li>\n<li><strong>D\u00fc\u015f\u00fck Performans:<\/strong> Hidrolik silindir d\u00fczg\u00fcn \u00e7al\u0131\u015fm\u0131yorsa, bunun nedeni yetersiz ya\u011flama veya hidrolik sistemde s\u0131k\u0131\u015fm\u0131\u015f hava olabilir. S\u0131v\u0131 seviyelerinin do\u011fru oldu\u011fundan emin olun ve sistemdeki havay\u0131 bo\u015falt\u0131n.<\/li>\n<li><strong>Al\u0131\u015f\u0131lmad\u0131k Sesler:<\/strong> V\u0131z\u0131lt\u0131 veya s\u00fcrt\u00fcnme gibi sesler, i\u00e7 hasar\u0131 veya ya\u011flama eksikli\u011fini g\u00f6sterebilir. Silindiri a\u015f\u0131nma a\u00e7\u0131s\u0131ndan inceleyin ve yeterli ya\u011flaman\u0131n sa\u011fland\u0131\u011f\u0131ndan emin olun.<\/li>\n<\/ul>\n<h2>Sorun Giderme \u0130pu\u00e7lar\u0131<\/h2>\n<p>Sorunlar\u0131 etkili bir \u015fekilde te\u015fhis etmek ve \u00e7\u00f6zmek i\u00e7in \u00f6ncelikle s\u0131v\u0131 seviyelerini kontrol edin ve hidrolik sistemde s\u0131z\u0131nt\u0131 olmad\u0131\u011f\u0131ndan emin olun. Sorunlar\u0131n olu\u015fmas\u0131n\u0131 \u00f6nlemek i\u00e7in d\u00fczenli bak\u0131m uygulamalar\u0131 takip edilmelidir. Operat\u00f6rler ayr\u0131ca potansiyel sorunlar\u0131n belirtilerini bilmeli ve bunlara h\u0131zl\u0131 bir \u015fekilde m\u00fcdahale etmelidir.<\/p>\n<p>D\u00fczenli kontroller ve zaman\u0131nda bak\u0131m gibi \u00f6nleyici tedbirlerin uygulanmas\u0131, sorunlarla kar\u015f\u0131la\u015fma olas\u0131l\u0131\u011f\u0131n\u0131 \u00f6nemli \u00f6l\u00e7\u00fcde azaltabilir ve hidrolik silindirin genel \u00f6mr\u00fcn\u00fc uzatabilir.<\/p>\n<p><img decoding=\"async\" src=\"https:\/\/www.hydraulic-cylinders.net\/wp-content\/uploads\/2025\/04\/songte-bushings-with-all-kinds-of-excavator-models.webp\" alt=\"Ekskavat\u00f6r Modelleri i\u00e7in Bur\u00e7lar\" \/><\/p>\n<h2>\u015eirketimiz Hakk\u0131nda<\/h2>\n<p>Yedek hidrolik silindir \u00fcreticisi olarak, kapsaml\u0131 bir \u00fcr\u00fcn yelpazesi sunuyoruz ve hem yurt i\u00e7i hem de uluslararas\u0131 pazarlarda \u00f6nde gelen \u00fcretici ve toptanc\u0131lardan biri haline geldik. Sekt\u00f6r lideri teknolojiyi, yetenekli personeli ve sa\u011flam bir denetim sistemini birle\u015ftiren geli\u015fmi\u015f bir \u00fcretim stratejisinden yararlanarak ola\u011fan\u00fcst\u00fc kaliteye \u00f6ncelik veriyoruz.<\/p>\n<p>Tesislerimiz, \u00fcretim verimlili\u011fini ve do\u011frulu\u011funu art\u0131ran geli\u015fmi\u015f dijital \u00fcretim ekipmanlar\u0131yla donat\u0131lm\u0131\u015ft\u0131r. Y\u00fcksek kaliteli \u00fcretim s\u00fcre\u00e7leri sa\u011flamak ve b\u00f6ylece \u00e7e\u015fitli m\u00fc\u015fteri ihtiya\u00e7lar\u0131n\u0131 kar\u015f\u0131lamak i\u00e7in \u00fcretim platformumuzu s\u00fcrekli olarak geli\u015ftiriyoruz.<\/p>\n<p>Uluslararas\u0131 sertifikalar\u0131m\u0131z, m\u00fc\u015fteri spesifikasyonlar\u0131na g\u00f6re uyarlanm\u0131\u015f \u00f6zel hizmetlerimiz ve en son teknolojiye sahip \u00fcretim ekipmanlar\u0131na yapt\u0131\u011f\u0131m\u0131z s\u00fcrekli yat\u0131r\u0131mlar, profesyonelli\u011fe olan ba\u011fl\u0131l\u0131\u011f\u0131m\u0131z\u0131 vurgulamaktad\u0131r. \u00d6zel sat\u0131\u015f sonras\u0131 hizmetimiz, m\u00fc\u015fterilerimizin sat\u0131n alma i\u015fleminden sonra bile s\u00fcrekli destek almas\u0131n\u0131 sa\u011flar.<\/p>\n<p><img decoding=\"async\" src=\"https:\/\/www.hydraulic-cylinders.net\/wp-content\/uploads\/2025\/04\/songte-company-4.webp\" alt=\"\u015eirket G\u00f6rseli 1\" \/><br \/>\n<img decoding=\"async\" src=\"https:\/\/www.hydraulic-cylinders.net\/wp-content\/uploads\/2025\/04\/songte-company-3.webp\" alt=\"\u015eirket G\u00f6rseli 2\" \/><\/p>\n<p>Yazar lyl.<\/p>","protected":false},"excerpt":{"rendered":"<p>Boom Cylinder For Bonny WZYQ42-6 Introduction to Boom Cylinder The Boom Cylinder for Bonny WZYQ42-6 is a vital component in hydraulic systems, specifically designed for controlling the movement of buckets in heavy machinery such as excavators, backhoe loaders, and front loaders. This specialized hydraulic cylinder allows for the lifting, lowering, and tilting of the bucket, [&hellip;]<\/p>","protected":false},"featured_media":17881,"comment_status":"open","ping_status":"closed","template":"","meta":{"_et_pb_use_builder":"","_et_pb_old_content":"","_et_gb_content_width":""},"product_brand":[],"product_cat":[1546],"product_tag":[1547,1496],"class_list":{"0":"post-19648","1":"product","2":"type-product","3":"status-publish","4":"has-post-thumbnail","6":"product_cat-boom-cylinders","7":"product_tag-boom-cylinders","8":"product_tag-hydraulic-cylinders","10":"first","11":"instock","12":"shipping-taxable","13":"product-type-simple"},"amp_enabled":true,"_links":{"self":[{"href":"https:\/\/www.hydraulic-cylinders.net\/tr\/wp-json\/wp\/v2\/product\/19648","targetHints":{"allow":["GET"]}}],"collection":[{"href":"https:\/\/www.hydraulic-cylinders.net\/tr\/wp-json\/wp\/v2\/product"}],"about":[{"href":"https:\/\/www.hydraulic-cylinders.net\/tr\/wp-json\/wp\/v2\/types\/product"}],"replies":[{"embeddable":true,"href":"https:\/\/www.hydraulic-cylinders.net\/tr\/wp-json\/wp\/v2\/comments?post=19648"}],"wp:featuredmedia":[{"embeddable":true,"href":"https:\/\/www.hydraulic-cylinders.net\/tr\/wp-json\/wp\/v2\/media\/17881"}],"wp:attachment":[{"href":"https:\/\/www.hydraulic-cylinders.net\/tr\/wp-json\/wp\/v2\/media?parent=19648"}],"wp:term":[{"taxonomy":"product_brand","embeddable":true,"href":"https:\/\/www.hydraulic-cylinders.net\/tr\/wp-json\/wp\/v2\/product_brand?post=19648"},{"taxonomy":"product_cat","embeddable":true,"href":"https:\/\/www.hydraulic-cylinders.net\/tr\/wp-json\/wp\/v2\/product_cat?post=19648"},{"taxonomy":"product_tag","embeddable":true,"href":"https:\/\/www.hydraulic-cylinders.net\/tr\/wp-json\/wp\/v2\/product_tag?post=19648"}],"curies":[{"name":"wp","href":"https:\/\/api.w.org\/{rel}","templated":true}]}}