{"id":19650,"date":"2025-04-07T06:59:33","date_gmt":"2025-04-07T06:59:33","guid":{"rendered":"https:\/\/www.hydraulic-cylinders.net\/product\/boom-cylinder-for-bonny-ce400-5-400-7\/"},"modified":"2025-04-07T06:59:36","modified_gmt":"2025-04-07T06:59:36","slug":"boom-cylinder-for-bonny-ce400-5-400-7","status":"publish","type":"product","link":"https:\/\/www.hydraulic-cylinders.net\/tr\/urun\/boom-cylinder-for-bonny-ce400-5-400-7\/","title":{"rendered":"Bonny CE400-5\/400-7 i\u00e7in Bom Silindiri"},"content":{"rendered":"<h1>Bonny CE400-5\/400-7 i\u00e7in Bom Silindiri<\/h1>\n<h2>Bom Silindirine Giri\u015f<\/h2>\n<p>Bonny CE400-5 ve CE400-7 modelleri i\u00e7in \u00f6zel olarak tasarlanm\u0131\u015f olan Bom Silindiri, a\u011f\u0131r makinelerde kullan\u0131lan hidrolik sistemlerde \u00e7ok \u00f6nemli bir rol oynar. Bu hidrolik silindir, ekskavat\u00f6rler, beko y\u00fckleyiciler ve \u00f6n y\u00fckleyiciler gibi \u00e7e\u015fitli ekipmanlarda kep\u00e7enin hareketini kontrol etmek i\u00e7in gereklidir. Kep\u00e7enin kald\u0131r\u0131lmas\u0131n\u0131, indirilmesini ve e\u011filmesini sa\u011flayarak verimli malzeme ta\u015f\u0131ma i\u015flemlerini kolayla\u015ft\u0131r\u0131r.<\/p>\n<p><img decoding=\"async\" src=\"https:\/\/www.hydraulic-cylinders.net\/wp-content\/uploads\/2025\/04\/songte-company-1.webp\" alt=\"Bom Silindiri\" \/><\/p>\n<h3>Tan\u0131m ve Genel Bak\u0131\u015f<\/h3>\n<p>Kova silindiri, a\u011f\u0131r makinelerde kovay\u0131 \u00e7al\u0131\u015ft\u0131rmak i\u00e7in \u00f6zel olarak tasarlanm\u0131\u015f bir hidrolik silindir t\u00fcr\u00fcd\u00fcr. Kazma, kald\u0131rma ve malzeme ta\u015f\u0131ma gibi i\u015fler i\u00e7in hayati \u00f6neme sahiptir. Hidrolik mekanizma, d\u00fczg\u00fcn ve g\u00fc\u00e7l\u00fc hareketlere olanak tan\u0131yarak in\u015faat sahalar\u0131nda ve di\u011fer uygulamalarda verimlili\u011fi ve etkinli\u011fi art\u0131r\u0131r. Bu silindirlerin tasar\u0131m\u0131, y\u00fcksek bas\u0131n\u00e7lara ve a\u011f\u0131r y\u00fcklere dayanabilmelerini sa\u011flayarak in\u015faat ve tar\u0131m sekt\u00f6rlerinde vazge\u00e7ilmez hale getirir.<\/p>\n<h2>Bom Silindirinin \u00d6zellikleri<\/h2>\n<ul>\n<li><strong>Y\u00fcksek Dayan\u0131kl\u0131l\u0131k ve Dayan\u0131kl\u0131l\u0131k:<\/strong> Y\u00fcksek mukavemetli \u00e7elik veya al\u00fcminyumdan \u00fcretilen bu silindirler, y\u00fcksek bas\u0131nca ve a\u011f\u0131r y\u00fcklere dayanabilir, zorlu \u00e7al\u0131\u015fma ortamlar\u0131 i\u00e7in uygundur ve kullan\u0131m \u00f6mr\u00fcn\u00fc uzatmak i\u00e7in a\u015f\u0131nma direnci ve korozyon korumas\u0131 g\u00f6z \u00f6n\u00fcnde bulundurularak tasarlanm\u0131\u015ft\u0131r.<\/li>\n<li><strong>Verimli Hidrolik \u00c7al\u0131\u015fma:<\/strong> Hidrolik ya\u011f bas\u0131nc\u0131n\u0131 kullanarak d\u00fczg\u00fcn uzatma ve geri \u00e7ekme hareketi sa\u011flar, kontrol komutlar\u0131na h\u0131zl\u0131 yan\u0131t verir ve g\u00fc\u00e7l\u00fc itme ve \u00e7ekme kuvvetleri uygular; a\u011f\u0131r malzemelerin ve karma\u015f\u0131k i\u015flerin ta\u015f\u0131nmas\u0131 i\u00e7in idealdir.<\/li>\n<li><strong>\u00c7e\u015fitli T\u00fcrler:<\/strong> \u00c7e\u015fitli operasyonel ihtiya\u00e7lar\u0131 kar\u015f\u0131lamak \u00fczere tek etkili (hidrolik tek y\u00f6nde kullan\u0131l\u0131r) veya \u00e7ift etkili (hidrolik her iki y\u00f6nde kullan\u0131l\u0131r) konfig\u00fcrasyonlarda mevcuttur. Baz\u0131 modeller teleskopiktir ve d\u0131\u015f boyutlar\u0131 art\u0131rmadan daha fazla uzatmaya olanak tan\u0131r; bu da alan k\u0131s\u0131tlamalar\u0131 olan uygulamalar i\u00e7in idealdir.<\/li>\n<li><strong>\u00d6zelle\u015ftirilebilir Se\u00e7enekler:<\/strong> \u00dcretim kapasitemiz, belirli makine ve operasyonel gereksinimlere g\u00f6re uyarlanm\u0131\u015f \u00f6zel \u00e7\u00f6z\u00fcmler sunmam\u0131za olanak tan\u0131yarak, optimum performans ve mevcut sistemlerle entegrasyonu sa\u011flar.<\/li>\n<li><strong>Kapsaml\u0131 Yedek Par\u00e7a \u00c7\u00f6z\u00fcmleri:<\/strong> \u00dcr\u00fcnlerimiz, mevcut hidrolik silindirlerin yerine m\u00fckemmel birer alternatif olarak hizmet ederek uyumluluk ve g\u00fcvenilirlik sa\u011flar.<\/li>\n<\/ul>\n<p><img decoding=\"async\" src=\"https:\/\/www.hydraulic-cylinders.net\/wp-content\/uploads\/2025\/04\/songte-cylinder-head-with-all-kinds-excavator-models.webp\" alt=\"Hidrolik Silindir Modelleri\" \/><\/p>\n<h2>Bom Silindirinin Uygulamalar\u0131<\/h2>\n<h3>\u0130n\u015faat Ekipmanlar\u0131<\/h3>\n<p>Ekskavat\u00f6rlerde, bom silindirleri toprak veya moloz kazma, y\u00fckleme ve ta\u015f\u0131ma i\u015flemlerinde hayati \u00f6neme sahiptir. Hassas kontrol sa\u011flama yetenekleri, operat\u00f6rlerin g\u00f6revleri verimli bir \u015fekilde ger\u00e7ekle\u015ftirmesine, \u00fcretkenli\u011fi en \u00fcst d\u00fczeye \u00e7\u0131karmas\u0131na ve ar\u0131za s\u00fcrelerini en aza indirmesine olanak tan\u0131r. Bu silindirlerin g\u00fcc\u00fc, \u00e7e\u015fitli malzemeleri i\u015fleyebilmelerini sa\u011flayarak in\u015faat projeleri i\u00e7in vazge\u00e7ilmez hale getirir.<\/p>\n<h3>Tar\u0131m Makinalar\u0131<\/h3>\n<p>\u00d6n y\u00fckleyicilerde, bom silindirleri toprak, saman ve di\u011fer malzemeleri kep\u00e7elemek, kald\u0131rmak ve ta\u015f\u0131mak i\u00e7in kullan\u0131l\u0131r. Sa\u011flam tasar\u0131mlar\u0131, tar\u0131msal i\u015flerin taleplerini kar\u015f\u0131layabilmelerini ve g\u00fcnl\u00fck operasyonlar\u0131 i\u00e7in bu makinelere g\u00fcvenen \u00e7ift\u00e7iler i\u00e7in g\u00fcvenilir performans sa\u011flamalar\u0131n\u0131 garanti eder.<\/p>\n<h3>Ekskavat\u00f6rler<\/h3>\n<p>Kaz\u0131c\u0131lar, topra\u011f\u0131 kazmak i\u00e7in bom silindirlerine g\u00fcvenirler. Bu silindirler, derin kaz\u0131 yap\u0131lmas\u0131na olanak tan\u0131yarak operat\u00f6rlerin gerekli derinliklere etkili bir \u015fekilde ula\u015fmas\u0131n\u0131 sa\u011flar. Bu hidrolik bile\u015fenlerin sa\u011flad\u0131\u011f\u0131 hassasiyet ve g\u00fc\u00e7, ba\u015far\u0131l\u0131 kaz\u0131 i\u015fleri i\u00e7in kritik \u00f6neme sahiptir.<\/p>\n<h3>Y\u00fckleyiciler<\/h3>\n<p>\u00d6n y\u00fckleyicilerde, bom silindirleri y\u00fcklerin verimli bir \u015fekilde kald\u0131r\u0131lmas\u0131na ve bo\u015falt\u0131lmas\u0131na yard\u0131mc\u0131 olur. \u00d6nemli kald\u0131rma kuvveti sa\u011flama kapasiteleri, operat\u00f6rlerin i\u015flerini kolayl\u0131kla yapabilmelerini sa\u011flayarak genel operasyonel verimlili\u011fi art\u0131r\u0131r.<\/p>\n<h2>Tasar\u0131m Hususlar\u0131 ve Se\u00e7im Kriterleri<\/h2>\n<h3>Y\u00fck Kapasitesi<\/h3>\n<p>Bom silindiri se\u00e7erken, y\u00fck ta\u015f\u0131ma kapasitesini anlamak \u00e7ok \u00f6nemlidir. Silindir, g\u00fcvenlik veya performanstan \u00f6d\u00fcn vermeden \u00e7al\u0131\u015fma s\u0131ras\u0131nda beklenen maksimum y\u00fckleri kald\u0131rabilmelidir. A\u015f\u0131r\u0131 y\u00fckleme, silindir ar\u0131zas\u0131na yol a\u00e7arak hem ekipmana hem de operat\u00f6re zarar verebilir.<\/p>\n<h3>S\u0131zd\u0131rmazl\u0131k<\/h3>\n<p>Etkili s\u0131zd\u0131rmazl\u0131k, hidrolik bas\u0131nc\u0131n korunmas\u0131 ve s\u0131z\u0131nt\u0131lar\u0131n \u00f6nlenmesi i\u00e7in \u00e7ok \u00f6nemlidir. Y\u00fcksek kaliteli contalar, hidrolik ya\u011f\u0131n silindir i\u00e7inde kalmas\u0131n\u0131 sa\u011flayarak verimlili\u011fi en \u00fcst d\u00fczeye \u00e7\u0131kar\u0131r ve s\u0131k bak\u0131m ihtiyac\u0131n\u0131 en aza indirir. Contalar, hidrolik s\u0131v\u0131larla uyumluluklar\u0131na ve a\u015f\u0131nmaya dayan\u0131kl\u0131l\u0131klar\u0131na g\u00f6re se\u00e7ilmelidir.<\/p>\n<h3>Dayan\u0131kl\u0131l\u0131k<\/h3>\n<p>Bom silindirlerinin tasar\u0131m\u0131nda dayan\u0131kl\u0131l\u0131k \u00f6nemli bir fakt\u00f6rd\u00fcr. Zorlu ortamlarda s\u00fcrekli \u00e7al\u0131\u015fmadan kaynaklanan a\u015f\u0131nmaya kar\u015f\u0131 diren\u00e7li olmalar\u0131 gerekir. Yap\u0131m\u0131nda kullan\u0131lan malzemeler y\u00fcksek kaliteli olmal\u0131 ve korozyona ve di\u011fer zarar verici fakt\u00f6rlere kar\u015f\u0131 kullan\u0131m \u00f6mr\u00fcn\u00fc uzatmak i\u00e7in i\u015flem g\u00f6rmelidir.<\/p>\n<h3>Emniyet<\/h3>\n<p>Hidrolik silindirlerin tasar\u0131m\u0131nda g\u00fcvenlik en \u00f6nemli unsurdur. A\u015f\u0131r\u0131 y\u00fck korumas\u0131 ve acil durdurma mekanizmalar\u0131 gibi \u00f6zellikler, \u00e7al\u0131\u015fma s\u0131ras\u0131nda kazalar\u0131 \u00f6nlemek i\u00e7in gereklidir. D\u00fczenli g\u00fcvenlik denetimleri ve end\u00fcstri standartlar\u0131na uyum, operat\u00f6rlerin g\u00fcvenli\u011finin sa\u011flanmas\u0131nda \u00f6nemli bir rol oynar.<\/p>\n<h3>Bak\u0131m<\/h3>\n<p>Bom silindirlerinin uzun \u00f6m\u00fcrl\u00fcl\u00fc\u011f\u00fc i\u00e7in bak\u0131m hususlar\u0131 hayati \u00f6nem ta\u015f\u0131r. D\u00fczenli kontroller ve bak\u0131m i\u00e7in bile\u015fenlere kolay eri\u015fim sa\u011flayan bir tasar\u0131m, ar\u0131za s\u00fcrelerini \u00f6nemli \u00f6l\u00e7\u00fcde azaltabilir. Bak\u0131m programlar\u0131n\u0131n dikkatli planlanmas\u0131, ani ar\u0131zalar\u0131n \u00f6nlenmesine yard\u0131mc\u0131 olur.<\/p>\n<p><img decoding=\"async\" src=\"https:\/\/www.hydraulic-cylinders.net\/wp-content\/uploads\/2025\/04\/songte-oil-pipes-and-spare-parts.webp\" alt=\"Hidrolik Bile\u015fenler\" \/><\/p>\n<h2>S\u0131zd\u0131rmazl\u0131k ve Ya\u011flama<\/h2>\n<p>Bom silindirlerinin performans\u0131 i\u00e7in uygun s\u0131zd\u0131rmazl\u0131k ve ya\u011flama \u00e7ok \u00f6nemlidir. Piston contalar\u0131 ve mil contalar\u0131 gibi \u00e7e\u015fitli contalar, s\u0131z\u0131nt\u0131y\u0131 \u00f6nlemek ve bas\u0131nc\u0131 korumak i\u00e7in tasarlanm\u0131\u015ft\u0131r. Poli\u00fcretan ve nitril kau\u00e7uk gibi malzemelerin se\u00e7imi, a\u015f\u0131nmaya kar\u015f\u0131 dayan\u0131kl\u0131l\u0131\u011f\u0131 art\u0131r\u0131r. Silindir g\u00f6vdesinin ve di\u015fli u\u00e7lar\u0131n\u0131n hassas i\u015flenmesi, a\u015f\u0131nma direncini art\u0131rarak daha uzun bir kullan\u0131m \u00f6mr\u00fc sa\u011flar. Hareketli par\u00e7alardaki s\u00fcrt\u00fcnmeyi ve a\u015f\u0131nmay\u0131 azaltmak, silindirin verimlili\u011fini ve i\u015flevselli\u011fini art\u0131rmak i\u00e7in hidrolik ya\u011f ile d\u00fczenli ya\u011flama \u015fartt\u0131r.<\/p>\n<h2>\u00d6nleyici Bak\u0131m \u00d6nlemleri<\/h2>\n<ul>\n<li><strong>D\u00fczenli Denetimler:<\/strong> S\u0131k s\u0131k kontrol yapmak, potansiyel sorunlar\u0131 erken tespit etmeye, maliyetli onar\u0131mlar\u0131 ve ar\u0131za s\u00fcrelerini \u00f6nlemeye yard\u0131mc\u0131 olur. A\u015f\u0131nma, s\u0131z\u0131nt\u0131 veya di\u011fer anormallik belirtilerine dikkat edin.<\/li>\n<li><strong>Uygun Ya\u011flama:<\/strong> Hidrolik ya\u011f seviyelerinin yeterli oldu\u011fundan ve ya\u011f\u0131n do\u011fru kalitede oldu\u011fundan emin olun. Bu, s\u00fcrt\u00fcnmeyi ve a\u015f\u0131nmay\u0131 azaltarak silindirin \u00f6mr\u00fcn\u00fc uzat\u0131r.<\/li>\n<li><strong>Conta De\u011fi\u015fimi:<\/strong> Hidrolik bas\u0131nc\u0131 korumak ve s\u0131z\u0131nt\u0131lar\u0131 \u00f6nlemek i\u00e7in contalar\u0131 d\u00fczenli olarak a\u015f\u0131nma a\u00e7\u0131s\u0131ndan kontrol edin ve gerekti\u011finde de\u011fi\u015ftirin.<\/li>\n<\/ul>\n<h2>Kurulum Talimatlar\u0131<\/h2>\n<p>Bom silindirlerinin do\u011fru montaj\u0131, optimum performans i\u00e7in \u00e7ok \u00f6nemlidir. \u00d6ncelikle hem silindir hem de makine \u00fczerindeki montaj noktalar\u0131n\u0131n temiz ve kal\u0131nt\u0131lardan ar\u0131nd\u0131r\u0131lm\u0131\u015f oldu\u011fundan emin olun. Silindirin montaj braketleriyle m\u00fckemmel \u015fekilde hizalanmas\u0131n\u0131 sa\u011flamak i\u00e7in uygun hizalama ara\u00e7lar\u0131 kullan\u0131n. Silindiri g\u00fcvenli bir \u015fekilde yerine sabitlemek ve \u00e7al\u0131\u015fma s\u0131ras\u0131nda iyi desteklendi\u011finden emin olmak i\u00e7in gerekli donan\u0131m\u0131 kullan\u0131n. Montajdan sonra, hidrolik ba\u011flant\u0131lar\u0131n do\u011fru olup olmad\u0131\u011f\u0131n\u0131 kontrol edin ve sistemi \u00fcreticinin spesifikasyonlar\u0131na g\u00f6re hidrolik ya\u011f ile doldurun. Son olarak, silindirin s\u0131z\u0131nt\u0131 olmadan sorunsuz \u00e7al\u0131\u015ft\u0131\u011f\u0131n\u0131 do\u011frulamak i\u00e7in bir test \u00e7al\u0131\u015fmas\u0131 yap\u0131n.<\/p>\n<p><img decoding=\"async\" src=\"https:\/\/www.hydraulic-cylinders.net\/wp-content\/uploads\/2025\/04\/songte-chushion-collar.webp\" alt=\"Yast\u0131k Yaka\" \/><\/p>\n<h2>Bak\u0131m G\u00f6revleri<\/h2>\n<ul>\n<li><strong>D\u00fczenli Denetimler:<\/strong> D\u00fczenli kontroller, a\u015f\u0131nmay\u0131 ve olas\u0131 ar\u0131zalar\u0131 belirlemeye yard\u0131mc\u0131 olur. S\u0131z\u0131nt\u0131 veya korozyon belirtilerini kontrol etmek, beklenmedik ar\u0131za s\u00fcrelerini \u00f6nleyebilir. Yeterli izleme sa\u011flamak i\u00e7in kontrolleri kullan\u0131ma g\u00f6re planlay\u0131n.<\/li>\n<li><strong>Uygun Ya\u011flama:<\/strong> Hareketli par\u00e7alar\u0131n ya\u011flanmas\u0131 s\u00fcrt\u00fcnmeyi ve a\u015f\u0131nmay\u0131 azaltarak bom silindirinin \u00f6mr\u00fcn\u00fc uzat\u0131r. \u00d6nerilen hidrolik ya\u011f\u0131 kullan\u0131n ve ya\u011flama aral\u0131klar\u0131 i\u00e7in \u00fcreticinin y\u00f6nergelerine uyun.<\/li>\n<li><strong>Conta De\u011fi\u015fimi:<\/strong> Contalar\u0131n a\u015f\u0131nma durumunu d\u00fczenli olarak kontrol edin. A\u015f\u0131nm\u0131\u015f contalar\u0131n derhal de\u011fi\u015ftirilmesi, hidrolik bas\u0131nc\u0131 korur ve s\u0131z\u0131nt\u0131lar\u0131 \u00f6nleyerek sorunsuz \u00e7al\u0131\u015fmay\u0131 sa\u011flar.<\/li>\n<\/ul>\n<h2>G\u00fcvenlik Hususlar\u0131 ve \u00c7evresel Fakt\u00f6rler<\/h2>\n<p>Bom silindirlerinin kullan\u0131m\u0131 s\u0131ras\u0131nda g\u00fcvenlik \u00f6nlemlerinin uygulanmas\u0131 hayati \u00f6nem ta\u015f\u0131r. Operat\u00f6rler, ekipman\u0131n s\u0131n\u0131rlamalar\u0131n\u0131 anlamalar\u0131 ve y\u00fck kapasitelerine uymalar\u0131 konusunda e\u011fitilmelidir. Kazalar\u0131 \u00f6nlemek i\u00e7in g\u00fcvenlik ekipmanlar\u0131na ve y\u00f6nergelerine kesinlikle uyulmal\u0131d\u0131r. \u00c7evresel a\u00e7\u0131dan, etkiyi en aza indirmek i\u00e7in hidrolik ya\u011f d\u00f6k\u00fclmelerini ve s\u0131z\u0131nt\u0131lar\u0131n\u0131 y\u00f6netmek \u00e7ok \u00f6nemlidir. \u00c7evre dostu hidrolik s\u0131v\u0131lar kullanmak, hidrolik makinelerle ili\u015fkili \u00e7evresel riskleri de azaltabilir.<\/p>\n<h2>Sorun Giderme ve Yayg\u0131n Sorunlar<\/h2>\n<ul>\n<li><strong>S\u0131z\u0131nt\u0131lar:<\/strong> A\u015f\u0131nm\u0131\u015f contalar veya hasarl\u0131 hortumlar nedeniyle s\u0131z\u0131nt\u0131lar meydana gelebilir. Ekipman\u0131n alt\u0131nda ya\u011f lekeleri olup olmad\u0131\u011f\u0131n\u0131 kontrol edin ve contalarda a\u015f\u0131nma belirtileri olup olmad\u0131\u011f\u0131n\u0131 inceleyin.<\/li>\n<li><strong>Tepkisiz Silindir:<\/strong> Silindir tepki vermiyorsa, hidrolik s\u0131v\u0131 seviyelerini kontrol edin ve hidrolik hatlarda herhangi bir t\u0131kan\u0131kl\u0131k olmad\u0131\u011f\u0131ndan emin olun.<\/li>\n<li><strong>A\u015f\u0131r\u0131 G\u00fcr\u00fclt\u00fc:<\/strong> Ola\u011fand\u0131\u015f\u0131 sesler, hidrolik sistemde hava s\u0131k\u0131\u015fm\u0131\u015f olabilece\u011fini g\u00f6sterir. S\u0131k\u0131\u015fm\u0131\u015f havay\u0131 bo\u015faltmak ve sorunsuz \u00e7al\u0131\u015fmay\u0131 sa\u011flamak i\u00e7in sistemi havaland\u0131r\u0131n.<\/li>\n<\/ul>\n<h2>Sorun Giderme \u0130pu\u00e7lar\u0131<\/h2>\n<p>Bom silindirindeki sorunlar\u0131 etkili bir \u015fekilde te\u015fhis etmek ve \u00e7\u00f6zmek i\u00e7in \u00f6ncelikle hidrolik s\u0131v\u0131 seviyelerini kontrol edin ve s\u0131z\u0131nt\u0131 olup olmad\u0131\u011f\u0131n\u0131 inceleyin. Ba\u011flant\u0131lar\u0131n s\u0131k\u0131 ve a\u015f\u0131nmam\u0131\u015f oldu\u011fundan emin olun. D\u00fczenli \u00f6nleyici bak\u0131m, yayg\u0131n sorunlar\u0131 azaltabilir. Sorunlar devam ederse, kapsaml\u0131 bir inceleme ve onar\u0131m i\u00e7in bir uzmana dan\u0131\u015f\u0131n. Bak\u0131m faaliyetlerinin ve g\u00f6zlemlerin kayd\u0131n\u0131 tutmak, kal\u0131plar\u0131 belirlemeye ve gelecekteki sorunlar\u0131 \u00f6nlemeye yard\u0131mc\u0131 olabilir.<\/p>\n<p><img decoding=\"async\" src=\"https:\/\/www.hydraulic-cylinders.net\/wp-content\/uploads\/2025\/04\/songte-bushings-with-all-kinds-of-excavator-models.webp\" alt=\"Bur\u00e7 Modelleri\" \/><\/p>\n<h2>\u015eirketimiz Hakk\u0131nda<\/h2>\n<p>\u00d6nde gelen yedek hidrolik silindir \u00fcreticisi ve da\u011f\u0131t\u0131c\u0131s\u0131 olarak, yerel ve uluslararas\u0131 pazarlara kapsaml\u0131 bir \u00fcr\u00fcn yelpazesi sunuyoruz. M\u00fckemmelli\u011fe olan ba\u011fl\u0131l\u0131\u011f\u0131m\u0131z, rafine \u00fcretim stratejilerimiz ve ileri teknolojinin entegrasyonuyla vurgulanmaktad\u0131r. Yetenekli profesyoneller, dijital y\u00fcksek teknoloji \u00fcretim ekipmanlar\u0131 ve \u00f6zel test sistemleri kullanarak, \u00fcretim kapasitemizi s\u00fcrekli olarak geli\u015ftiriyor ve \u00fcr\u00fcn kalitesini iyile\u015ftiriyoruz. Verimlili\u011fe, hassasiyete ve y\u00fcksek kaliteye odaklanmam\u0131z, \u00e7e\u015fitli m\u00fc\u015fteri ihtiya\u00e7lar\u0131n\u0131 kar\u015f\u0131lamam\u0131z\u0131 sa\u011fl\u0131yor.<\/p>\n<p><img decoding=\"async\" src=\"https:\/\/www.hydraulic-cylinders.net\/wp-content\/uploads\/2025\/04\/songte-company-4.webp\" alt=\"\u015eirket Genel Bak\u0131\u015f\u0131\" \/><br \/>\n<img decoding=\"async\" src=\"https:\/\/www.hydraulic-cylinders.net\/wp-content\/uploads\/2025\/04\/songte-company-3.webp\" alt=\"\u00dcretim S\u00fcreci\" \/><\/p>\n<p>Profesyonel yakla\u015f\u0131m\u0131m\u0131z, uluslararas\u0131 sertifikalar\u0131m\u0131z ve \u00f6zelle\u015ftirme hizmetlerimizle gurur duyuyoruz. \u00dcretim tesislerimiz, y\u00fcksek kaliteli \u00e7\u0131kt\u0131 sa\u011flamak i\u00e7in geli\u015fmi\u015f makinelerle donat\u0131lm\u0131\u015ft\u0131r; sat\u0131\u015f sonras\u0131 hizmetlerimiz ise m\u00fc\u015fteri memnuniyetini ve deste\u011fini garanti eder.<\/p>\n<p>Yazar: lyl<\/p>","protected":false},"excerpt":{"rendered":"<p>Boom Cylinder For Bonny CE400-5\/400-7 Introduction to Boom Cylinder The Boom Cylinder, specifically designed for the Bonny CE400-5 and CE400-7 models, plays a crucial role in hydraulic systems used in heavy machinery. This hydraulic cylinder is essential for controlling the movement of a bucket in various equipment such as excavators, backhoe loaders, and front loaders. [&hellip;]<\/p>","protected":false},"featured_media":17868,"comment_status":"open","ping_status":"closed","template":"","meta":{"_et_pb_use_builder":"","_et_pb_old_content":"","_et_gb_content_width":""},"product_brand":[],"product_cat":[1546],"product_tag":[1547,1496],"class_list":{"0":"post-19650","1":"product","2":"type-product","3":"status-publish","4":"has-post-thumbnail","6":"product_cat-boom-cylinders","7":"product_tag-boom-cylinders","8":"product_tag-hydraulic-cylinders","10":"first","11":"instock","12":"shipping-taxable","13":"product-type-simple"},"amp_enabled":true,"_links":{"self":[{"href":"https:\/\/www.hydraulic-cylinders.net\/tr\/wp-json\/wp\/v2\/product\/19650","targetHints":{"allow":["GET"]}}],"collection":[{"href":"https:\/\/www.hydraulic-cylinders.net\/tr\/wp-json\/wp\/v2\/product"}],"about":[{"href":"https:\/\/www.hydraulic-cylinders.net\/tr\/wp-json\/wp\/v2\/types\/product"}],"replies":[{"embeddable":true,"href":"https:\/\/www.hydraulic-cylinders.net\/tr\/wp-json\/wp\/v2\/comments?post=19650"}],"wp:featuredmedia":[{"embeddable":true,"href":"https:\/\/www.hydraulic-cylinders.net\/tr\/wp-json\/wp\/v2\/media\/17868"}],"wp:attachment":[{"href":"https:\/\/www.hydraulic-cylinders.net\/tr\/wp-json\/wp\/v2\/media?parent=19650"}],"wp:term":[{"taxonomy":"product_brand","embeddable":true,"href":"https:\/\/www.hydraulic-cylinders.net\/tr\/wp-json\/wp\/v2\/product_brand?post=19650"},{"taxonomy":"product_cat","embeddable":true,"href":"https:\/\/www.hydraulic-cylinders.net\/tr\/wp-json\/wp\/v2\/product_cat?post=19650"},{"taxonomy":"product_tag","embeddable":true,"href":"https:\/\/www.hydraulic-cylinders.net\/tr\/wp-json\/wp\/v2\/product_tag?post=19650"}],"curies":[{"name":"wp","href":"https:\/\/api.w.org\/{rel}","templated":true}]}}