{"id":19651,"date":"2025-04-07T06:59:37","date_gmt":"2025-04-07T06:59:37","guid":{"rendered":"https:\/\/www.hydraulic-cylinders.net\/product\/boom-cylinder-for-bonny-wy160ahd\/"},"modified":"2025-04-07T06:59:40","modified_gmt":"2025-04-07T06:59:40","slug":"boom-cylinder-for-bonny-wy160ahd","status":"publish","type":"product","link":"https:\/\/www.hydraulic-cylinders.net\/tr\/urun\/boom-cylinder-for-bonny-wy160ahd\/","title":{"rendered":"Bonny WY160AHD i\u00e7in Bom Silindiri"},"content":{"rendered":"<h1>Bonny WY160AHD i\u00e7in Bom Silindiri<\/h1>\n<h2>\u00dcr\u00fcn Genel Bak\u0131\u015f\u0131<\/h2>\n<p>Bonny WY160AHD i\u00e7in Bom Silindiri, ekskavat\u00f6rler, kaz\u0131c\u0131 y\u00fckleyiciler ve \u00f6n y\u00fckleyiciler gibi \u00e7e\u015fitli a\u011f\u0131r i\u015f makinelerindeki bomun hareketini kontrol etmek i\u00e7in tasarlanm\u0131\u015f \u00f6zel bir hidrolik silindirdir. Bu silindirler, bomun kald\u0131rma, indirme ve yat\u0131rma i\u015flemlerini ger\u00e7ekle\u015ftirerek malzeme ta\u015f\u0131ma g\u00f6revlerini kolay ve hassas bir \u015fekilde ger\u00e7ekle\u015ftirir. Kova silindiri, zorlu ortamlarda etkili \u00e7al\u0131\u015fma i\u00e7in gerekli kuvveti ve kontrol\u00fc sa\u011flayarak hidrolik sistemlerde kritik bir rol oynar.<\/p>\n<p><img decoding=\"async\" src=\"https:\/\/www.hydraulic-cylinders.net\/wp-content\/uploads\/2025\/04\/songte-company-1.webp\" alt=\"Bonny WY160AHD i\u00e7in Bom Silindiri\"><\/p>\n<h3>Tan\u0131m ve \u0130\u015flevsellik<\/h3>\n<p>Kova silindiri, a\u011f\u0131r makinelerdeki kova hareketlerini y\u00f6netmek i\u00e7in \u00f6zel olarak tasarlanm\u0131\u015f bir hidrolik silindir t\u00fcr\u00fcd\u00fcr. Ekskavat\u00f6rlerde, kovan\u0131n hassas bir \u015fekilde kaz\u0131lmas\u0131n\u0131, kald\u0131r\u0131lmas\u0131n\u0131 ve e\u011filmesini sa\u011flayarak verimli malzeme kaz\u0131s\u0131 ve ta\u015f\u0131nmas\u0131n\u0131 sa\u011flar. Bu silindirlerin tasar\u0131m\u0131 genellikle y\u00fcksek dayan\u0131kl\u0131l\u0131k ve g\u00fcvenilirlik sa\u011flayarak y\u00fcksek bas\u0131n\u00e7 ko\u015fullar\u0131nda optimum performans sa\u011flar.<\/p>\n<h2>Bom Silindirinin \u00d6zellikleri<\/h2>\n<ul>\n<li><strong>Y\u00fcksek Dayan\u0131kl\u0131l\u0131k ve Dayan\u0131kl\u0131l\u0131k:<\/strong> Y\u00fcksek mukavemetli \u00e7elik veya al\u00fcminyumdan \u00fcretilen bu silindirler, y\u00fcksek bas\u0131n\u00e7lara ve a\u011f\u0131r y\u00fcklere dayanabilir ve bu sayede zorlu \u00e7al\u0131\u015fma ortamlar\u0131 i\u00e7in uygundur. Tasar\u0131mlar\u0131nda, kullan\u0131m \u00f6m\u00fcrlerini uzatmak i\u00e7in a\u015f\u0131nma direnci ve korozyon korumas\u0131 g\u00f6z \u00f6n\u00fcnde bulundurulmu\u015ftur.<\/li>\n<li><strong>Verimli Hidrolik \u00c7al\u0131\u015fma:<\/strong> Bu silindirler, hidrolik ya\u011f bas\u0131nc\u0131n\u0131 kullanarak d\u00fczg\u00fcn uzatma ve geri \u00e7ekme i\u015flemi ger\u00e7ekle\u015ftirir ve kontrol komutlar\u0131na h\u0131zl\u0131 bir \u015fekilde yan\u0131t vererek a\u011f\u0131r ve karma\u015f\u0131k g\u00f6revlerin \u00fcstesinden gelmek i\u00e7in ideal olan \u00f6nemli bir itme ve \u00e7ekme kuvveti sa\u011flar.<\/li>\n<li><strong>\u00c7e\u015fitli T\u00fcrler:<\/strong> Se\u00e7enekler aras\u0131nda, \u00e7e\u015fitli operasyonel gereksinimleri kar\u015f\u0131layan tek etkili (tek y\u00f6nde \u00e7al\u0131\u015fan) ve \u00e7ift etkili (her iki y\u00f6nde \u00e7al\u0131\u015fan) silindirler yer al\u0131r. Baz\u0131 modeller teleskopiktir ve d\u0131\u015f boyutlar\u0131 art\u0131rmadan daha fazla uzatma olana\u011f\u0131 sa\u011flayarak, alan k\u0131s\u0131tlamas\u0131 olan uygulamalar i\u00e7in uygundur.<\/li>\n<li><strong>\u00d6zelle\u015ftirilebilir \u00c7\u00f6z\u00fcmler:<\/strong> \u00dcretim kapasitemiz, mevcut hidrolik silindirlerin yerini m\u00fckemmel \u015fekilde alacak silindirler \u00fcretmemize olanak tan\u0131r ve ekipman\u0131n\u0131za kusursuz entegrasyonu garanti eder.<\/li>\n<li><strong>Sa\u011flam Tasar\u0131m:<\/strong> Bu silindirlerin m\u00fchendisli\u011finde y\u00fck kapasitesi, s\u0131zd\u0131rmazl\u0131k, dayan\u0131kl\u0131l\u0131k, g\u00fcvenlik ve bak\u0131m kolayl\u0131\u011f\u0131 gibi fakt\u00f6rler g\u00f6z \u00f6n\u00fcnde bulundurularak, uygulamalar genelinde g\u00fcvenilir performans garanti alt\u0131na al\u0131n\u0131r.<\/li>\n<\/ul>\n<p><img decoding=\"async\" src=\"https:\/\/www.hydraulic-cylinders.net\/wp-content\/uploads\/2025\/04\/songte-cylinder-head-with-all-kinds-excavator-models.webp\" alt=\"Ekskavat\u00f6rler i\u00e7in Silindir Kafas\u0131\"><\/p>\n<h2>Bom Silindirinin Uygulamalar\u0131<\/h2>\n<h3>\u0130n\u015faat Ekipmanlar\u0131<\/h3>\n<p>Ekskavat\u00f6rlerde bom silindirleri, kazma, y\u00fckleme ve toprak veya moloz ta\u015f\u0131ma i\u00e7in olmazsa olmazd\u0131r. Bomu etkili bir \u015fekilde hareket ettirmek i\u00e7in gereken kuvveti sa\u011flayarak operat\u00f6rlerin \u00e7e\u015fitli g\u00f6revleri hassasiyetle ger\u00e7ekle\u015ftirmesini sa\u011flarlar. Bomun a\u011f\u0131r y\u00fckleri kald\u0131rma kabiliyeti, in\u015faat projelerinde verimlilik ve \u00fcretkenli\u011fi garanti alt\u0131na alarak hayati \u00f6nem ta\u015f\u0131r.<\/p>\n<h3>Tar\u0131m Makinalar\u0131<\/h3>\n<p>\u00d6n y\u00fckleyicilerde kullan\u0131lan bom silindirleri, toprak ve saman gibi malzemelerin kep\u00e7elenmesini, kald\u0131r\u0131lmas\u0131n\u0131 ve ta\u015f\u0131nmas\u0131n\u0131 kolayla\u015ft\u0131r\u0131r. Sa\u011flam yap\u0131lar\u0131, \u00e7e\u015fitli tar\u0131msal i\u015flerde g\u00fcvenilir \u00e7al\u0131\u015fma sa\u011flayarak \u00e7iftliklerdeki verimlili\u011fi \u00f6nemli \u00f6l\u00e7\u00fcde art\u0131r\u0131r.<\/p>\n<h3>Ekskavat\u00f6rler<\/h3>\n<p>Ekskavat\u00f6rlerde bom silindirleri, kep\u00e7enin topra\u011fa n\u00fcfuz etmesini sa\u011flayarak kazma i\u015flemlerini m\u00fcmk\u00fcn k\u0131lar. Tasar\u0131mlar\u0131, hidrolik verimlili\u011fi en \u00fcst d\u00fczeye \u00e7\u0131kararak malzemeleri etkili bir \u015fekilde kazmak i\u00e7in gereken g\u00fcc\u00fc sa\u011flar ve b\u00f6ylece makinenin genel performans\u0131n\u0131 art\u0131r\u0131r.<\/p>\n<h3>Y\u00fckleyiciler<\/h3>\n<p>\u00d6n y\u00fckleyicilerde bom silindirleri, y\u00fcklerin verimli bir \u015fekilde kald\u0131r\u0131lmas\u0131na ve bo\u015falt\u0131lmas\u0131na yard\u0131mc\u0131 olur. A\u011f\u0131r malzemeleri ta\u015f\u0131ma kabiliyetleri, in\u015faat ve malzeme elle\u00e7leme i\u015flerinde onlar\u0131 hayati \u00f6neme sahip k\u0131lar ve g\u00f6revlerin h\u0131zl\u0131 ve etkili bir \u015fekilde tamamlanmas\u0131n\u0131 sa\u011flar.<\/p>\n<h2>Tasar\u0131m Hususlar\u0131 ve Se\u00e7im Kriterleri<\/h2>\n<h3>Y\u00fck Kapasitesi<\/h3>\n<p>Bom silindiri se\u00e7erken y\u00fck kapasitesi kritik bir unsurdur. Silindir, makinenin kar\u015f\u0131la\u015faca\u011f\u0131 maksimum y\u00fck\u00fc kald\u0131rabilmelidir. Bu, kullan\u0131lan malzemelerin \u00e7al\u0131\u015fma s\u0131ras\u0131nda uygulanan kuvvetlere deformasyon veya ar\u0131za olmadan dayanabilmesini sa\u011flamak i\u00e7in dikkatli bir m\u00fchendislik gerektirir.<\/p>\n<h3>S\u0131zd\u0131rmazl\u0131k<\/h3>\n<p>S\u0131zd\u0131rmazl\u0131k bir di\u011fer \u00f6nemli fakt\u00f6rd\u00fcr. Etkili contalar, performans ve g\u00fcvenli\u011fi tehlikeye atabilecek hidrolik s\u0131v\u0131 s\u0131z\u0131nt\u0131s\u0131n\u0131 ve kirlenmesini \u00f6nler. Poli\u00fcretan veya nitril kau\u00e7uk gibi malzemelerden yap\u0131lm\u0131\u015f y\u00fcksek kaliteli contalar, hidrolik sistemin b\u00fct\u00fcnl\u00fc\u011f\u00fcn\u00fc korumak i\u00e7in \u00e7ok \u00f6nemlidir.<\/p>\n<h3>Dayan\u0131kl\u0131l\u0131k<\/h3>\n<p>Bom silindirinin dayan\u0131kl\u0131l\u0131\u011f\u0131, \u00f6zellikle zorlu ortamlarda hayati \u00f6nem ta\u015f\u0131r. S\u00fcrekli kullan\u0131m ve zorlu ko\u015fullara maruz kalma sonucu olu\u015fan a\u015f\u0131nma ve y\u0131pranmaya dayan\u0131kl\u0131 olmal\u0131d\u0131r. Bu, kir ve d\u00f6k\u00fcnt\u00fclerden kaynaklanan a\u015f\u0131nman\u0131n yan\u0131 s\u0131ra nem ve kimyasallardan kaynaklanan korozyonu da i\u00e7erir.<\/p>\n<h3>Emniyet<\/h3>\n<p>Kazalar\u0131 \u00f6nlemek i\u00e7in bom silindirlerinin tasar\u0131m\u0131na g\u00fcvenlik \u00f6zellikleri entegre edilmelidir. Bunlar aras\u0131nda, sistemin g\u00fcvenli \u00e7al\u0131\u015fma s\u0131n\u0131rlar\u0131n\u0131 a\u015fmas\u0131n\u0131 \u00f6nleyerek hem operat\u00f6r g\u00fcvenli\u011fini hem de ekipman\u0131n uzun \u00f6m\u00fcrl\u00fc olmas\u0131n\u0131 sa\u011flayan a\u015f\u0131r\u0131 y\u00fck koruma mekanizmalar\u0131 ve emniyet valfleri yer al\u0131r.<\/p>\n<h3>Bak\u0131m kolayl\u0131\u011f\u0131<\/h3>\n<p>Son olarak, bak\u0131m kolayl\u0131\u011f\u0131 \u00f6nemli bir husustur. Muayeneleri, ya\u011flamay\u0131 ve conta de\u011fi\u015fimlerini basitle\u015ftiren bir tasar\u0131m, daha d\u00fc\u015f\u00fck ar\u0131za s\u00fcresi ve bak\u0131m maliyetleri sa\u011flayacakt\u0131r. \u00dcreticiler, kritik bile\u015fenlere kolay eri\u015fim sa\u011flayan tasar\u0131mlara \u00f6ncelik vermelidir.<\/p>\n<p><img decoding=\"async\" src=\"https:\/\/www.hydraulic-cylinders.net\/wp-content\/uploads\/2025\/04\/songte-oil-pipes-and-spare-parts.webp\" alt=\"Hidrolik Bile\u015fenler\"><\/p>\n<h2>S\u0131zd\u0131rmazl\u0131k ve Ya\u011flama<\/h2>\n<p>Bom silindirlerinin verimlili\u011fi b\u00fcy\u00fck \u00f6l\u00e7\u00fcde do\u011fru s\u0131zd\u0131rmazl\u0131k ve ya\u011flamaya ba\u011fl\u0131d\u0131r. Piston contalar\u0131 ve piston kolu contalar\u0131 gibi \u00e7e\u015fitli s\u0131zd\u0131rmazl\u0131k bile\u015fenleri, hidrolik bas\u0131nc\u0131 korumak ve s\u0131z\u0131nt\u0131lar\u0131 \u00f6nlemek i\u00e7in hayati \u00f6nem ta\u015f\u0131r. Contalar genellikle, hidrolik silindirlerin s\u0131kl\u0131kla kar\u015f\u0131la\u015ft\u0131\u011f\u0131 zorlu \u00e7al\u0131\u015fma ko\u015fullar\u0131na kar\u015f\u0131 m\u00fckemmel dayan\u0131kl\u0131l\u0131k sunan poli\u00fcretan veya nitril kau\u00e7uk gibi a\u015f\u0131nmaya dayan\u0131kl\u0131 malzemelerden \u00fcretilir. Ayr\u0131ca, silindir g\u00f6vdesinin y\u00fczeyleri ve di\u015fli u\u00e7lar\u0131 a\u015f\u0131nma direncini art\u0131rmak i\u00e7in hassas bir \u015fekilde i\u015flenerek silindirin genel g\u00fcvenilirli\u011fine katk\u0131da bulunur.<\/p>\n<p>D\u00fczenli ya\u011flama da \u00f6nemlidir. Operat\u00f6rlerin, t\u00fcm hareketli par\u00e7alar\u0131n sorunsuz \u00e7al\u0131\u015fmas\u0131n\u0131 ve s\u00fcrt\u00fcnmeyi en aza indirmesini sa\u011flamak i\u00e7in hidrolik sistemi periyodik olarak uygun hidrolik ya\u011fla doldurmalar\u0131 \u00f6nerilir. Bu uygulama, silindirin \u00f6mr\u00fcn\u00fc uzat\u0131r ve optimum performans\u0131 korur.<\/p>\n<h2>\u00d6nleyici Bak\u0131m \u00d6nlemleri<\/h2>\n<ul>\n<li><strong>D\u00fczenli Denetimler:<\/strong> Herhangi bir a\u015f\u0131nma, s\u0131z\u0131nt\u0131 veya hasar belirtisini tespit etmek i\u00e7in s\u0131k s\u0131k kontroller planlay\u0131n. Sorunlar\u0131n erken tespiti, daha ciddi sorunlar\u0131n ortaya \u00e7\u0131kmas\u0131n\u0131 \u00f6nleyebilir.<\/li>\n<li><strong>Uygun Ya\u011flama:<\/strong> Hareketli par\u00e7alardaki s\u00fcrt\u00fcnmeyi ve a\u015f\u0131nmay\u0131 azaltmak i\u00e7in hidrolik s\u0131v\u0131 seviyelerinin korundu\u011fundan ve sistemin d\u00fczenli olarak ya\u011fland\u0131\u011f\u0131ndan emin olun.<\/li>\n<li><strong>Conta De\u011fi\u015fimi:<\/strong> S\u0131z\u0131nt\u0131lar\u0131 \u00f6nlemek ve hidrolik verimlili\u011fi korumak i\u00e7in contalar\u0131n durumunu izleyin ve gerekti\u011finde de\u011fi\u015ftirin.<\/li>\n<\/ul>\n<h2>Kurulum Talimatlar\u0131<\/h2>\n<p>Bom silindirinin do\u011fru montaj\u0131, optimum \u00e7al\u0131\u015fma ve uzun \u00f6m\u00fcr i\u00e7in \u00e7ok \u00f6nemlidir. \u00d6ncelikle, makine \u00fczerindeki montaj noktalar\u0131n\u0131n temiz ve kal\u0131nt\u0131lardan ar\u0131nd\u0131r\u0131lm\u0131\u015f oldu\u011fundan emin olun. Silindiri dikkatlice hizalay\u0131n ve erken a\u015f\u0131nma veya ar\u0131zaya yol a\u00e7abilecek herhangi bir hizalama hatas\u0131n\u0131 \u00f6nlemek i\u00e7in d\u00fcz oldu\u011fundan emin olun. Silindiri yerinde sabitlemek ve sa\u011flam bir ba\u011flant\u0131 sa\u011flamak i\u00e7in uygun montaj braketlerini kullan\u0131n.<\/p>\n<p>Tork ayarlar\u0131 ve \u00f6zel montaj gereksinimleri i\u00e7in daima \u00fcreticinin teknik \u00f6zelliklerine bak\u0131n. Montajdan sonra, silindirin sorunsuz ve s\u0131z\u0131nt\u0131s\u0131z \u00e7al\u0131\u015ft\u0131\u011f\u0131n\u0131 do\u011frulamak i\u00e7in testler yap\u0131n. Son olarak, montaj s\u00fcrecini ve yap\u0131lan de\u011fi\u015fiklikleri ileride ba\u015fvurmak \u00fczere belgelendirin.<\/p>\n<h2>Yayg\u0131n Bak\u0131m G\u00f6revleri<\/h2>\n<h3>D\u00fczenli Denetimler<\/h3>\n<p>Potansiyel sorunlar\u0131n ciddi sorunlara d\u00f6n\u00fc\u015fmeden \u00f6nce tespit edilmesi i\u00e7in d\u00fczenli kontroller yapmak hayati \u00f6nem ta\u015f\u0131r. Silindirde \u00e7atlak veya deformasyon gibi a\u015f\u0131nma belirtileri aray\u0131n ve hidrolik s\u0131v\u0131 seviyelerinin \u00f6nerilen aral\u0131kta oldu\u011fundan emin olmak i\u00e7in kontrol edin. Bom silindirinin b\u00fct\u00fcnl\u00fc\u011f\u00fcn\u00fc ve performans\u0131n\u0131 korumak i\u00e7in kontroller d\u00fczenli aral\u0131klarla planlanmal\u0131d\u0131r.<\/p>\n<h3>Uygun Ya\u011flama<\/h3>\n<p>Bom silindirinin \u00f6mr\u00fcn\u00fc uzatmak i\u00e7in do\u011fru ya\u011flama \u015fartt\u0131r. Hidrolik ya\u011f seviyelerinin yeterli oldu\u011fundan ve ya\u011flama noktalar\u0131n\u0131n d\u00fczenli olarak bak\u0131mdan ge\u00e7irildi\u011finden emin olun. Do\u011fru tipte hidrolik ya\u011f kullan\u0131lmal\u0131 ve operat\u00f6rler, hasar\u0131 \u00f6nlemek ve sorunsuz \u00e7al\u0131\u015fma sa\u011flamak i\u00e7in \u00fcreticinin \u00f6nerilerine uymal\u0131d\u0131r.<\/p>\n<h3>Conta De\u011fi\u015fimi<\/h3>\n<p>Contalar, hidrolik bas\u0131nc\u0131 korumak ve s\u0131z\u0131nt\u0131lar\u0131 \u00f6nlemek i\u00e7in kritik \u00f6neme sahiptir. Contalar\u0131 a\u015f\u0131nma veya hasar belirtileri a\u00e7\u0131s\u0131ndan d\u00fczenli olarak kontrol edin ve gerekti\u011finde de\u011fi\u015ftirin. Bu, hidrolik sistemin verimlili\u011finin korunmas\u0131na ve s\u0131v\u0131 s\u0131z\u0131nt\u0131lar\u0131ndan kaynaklanan maliyetli onar\u0131mlar\u0131n \u00f6nlenmesine yard\u0131mc\u0131 olacakt\u0131r. Conta de\u011fi\u015fimlerinin kayd\u0131n\u0131 tutmak, bak\u0131m \u00e7al\u0131\u015fmalar\u0131n\u0131n takibine yard\u0131mc\u0131 olacakt\u0131r.<\/p>\n<p><img decoding=\"async\" src=\"https:\/\/www.hydraulic-cylinders.net\/wp-content\/uploads\/2025\/04\/songte-chushion-collar.webp\" alt=\"Yast\u0131k Yaka\"><\/p>\n<h2>G\u00fcvenlik Hususlar\u0131 ve \u00c7evresel Fakt\u00f6rler<\/h2>\n<p>Hidrolik sistemleri \u00e7al\u0131\u015ft\u0131r\u0131rken g\u00fcvenlik \u00f6nlemleri son derece \u00f6nemlidir. Operat\u00f6rler, uygun ki\u015fisel koruyucu ekipman (KKD) giymek ve t\u00fcm personelin \u00e7al\u0131\u015fma prosed\u00fcrlerinden haberdar olmas\u0131n\u0131 sa\u011flamak da dahil olmak \u00fczere g\u00fcvenlik protokollerine her zaman uymal\u0131d\u0131r. Kazalar\u0131 \u00f6nlemek ve bom silindirleriyle donat\u0131lm\u0131\u015f makinelerin g\u00fcvenli bir \u015fekilde \u00e7al\u0131\u015fmas\u0131n\u0131 sa\u011flamak i\u00e7in uygun e\u011fitim \u015fartt\u0131r.<\/p>\n<p>\u00c7evresel fakt\u00f6rler de hidrolik silindirlerin \u00e7al\u0131\u015fmas\u0131 ve \u00f6mr\u00fc \u00fczerinde \u00f6nemli bir rol oynar. Operat\u00f6rler, a\u015f\u0131r\u0131 s\u0131cakl\u0131klar\u0131, neme maruz kalmay\u0131 ve \u00e7al\u0131\u015fma ortam\u0131ndaki olas\u0131 kirleticileri g\u00f6z \u00f6n\u00fcnde bulundurmal\u0131d\u0131r. Kapak kullan\u0131m\u0131 veya uygun malzeme se\u00e7imi gibi koruyucu \u00f6nlemlerin uygulanmas\u0131 bu riskleri azaltabilir.<\/p>\n<h2>Ar\u0131za Te\u015fhisi ve Yayg\u0131n Sorunlar<\/h2>\n<ul>\n<li><strong>S\u0131z\u0131nt\u0131:<\/strong> Hidrolik s\u0131v\u0131 s\u0131z\u0131nt\u0131s\u0131 varsa, contalar\u0131 ve ba\u011flant\u0131lar\u0131 hasar a\u00e7\u0131s\u0131ndan inceleyin. Sistem b\u00fct\u00fcnl\u00fc\u011f\u00fcn\u00fc sa\u011flamak i\u00e7in ar\u0131zal\u0131 bile\u015fenleri de\u011fi\u015ftirin.<\/li>\n<li><strong>Tutarl\u0131 Olmayan \u0130\u015flem:<\/strong> Silindir d\u00fczg\u00fcn bir \u015fekilde uzam\u0131yor veya geri \u00e7ekilemiyorsa, hidrolik hatlar\u0131nda t\u0131kan\u0131kl\u0131k olup olmad\u0131\u011f\u0131n\u0131 kontrol edin ve sistemde yeterli hidrolik s\u0131v\u0131s\u0131 oldu\u011fundan emin olun.<\/li>\n<li><strong>Al\u0131\u015f\u0131lmad\u0131k Sesler:<\/strong> S\u00fcrt\u00fcnme veya tak\u0131rt\u0131 gibi sesler, i\u00e7 hasar veya a\u015f\u0131nma belirtisi olabilir. Silindiri mekanik ar\u0131za veya a\u015f\u0131nma belirtileri a\u00e7\u0131s\u0131ndan inceleyin.<\/li>\n<\/ul>\n<h2>Sorun Giderme \u0130pu\u00e7lar\u0131<\/h2>\n<p>Sorunlar\u0131 etkili bir \u015fekilde te\u015fhis edip \u00e7\u00f6zmek i\u00e7in operat\u00f6rler sistematik bir yakla\u015f\u0131m benimsemelidir. Hidrolik sistemin g\u00f6rsel bir incelemesiyle ba\u015flayarak s\u0131z\u0131nt\u0131 veya belirgin hasar olup olmad\u0131\u011f\u0131na bak\u0131n. Bir sorun tespit edilirse, sorun giderme ve onar\u0131m prosed\u00fcrleri i\u00e7in \u00fcreticinin y\u00f6nergelerine ba\u015fvurun. Yayg\u0131n sorunlar ve \u00e7\u00f6z\u00fcmleri hakk\u0131nda d\u00fczenli e\u011fitimler, operat\u00f6rlerin k\u00fc\u00e7\u00fck sorunlar\u0131 b\u00fcy\u00fck onar\u0131mlara d\u00f6n\u00fc\u015fmeden \u00f6nce y\u00f6netmelerini sa\u011flayabilir.<\/p>\n<p>Planl\u0131 bak\u0131m ve d\u00fczenli denetimler gibi \u00f6nleyici tedbirlerin uygulanmas\u0131, olas\u0131 sorunlar\u0131 en aza indirmeye ve bom silindirinin d\u00fczg\u00fcn \u00e7al\u0131\u015fmas\u0131n\u0131 sa\u011flamaya yard\u0131mc\u0131 olabilir.<\/p>\n<p><img decoding=\"async\" src=\"https:\/\/www.hydraulic-cylinders.net\/wp-content\/uploads\/2025\/04\/songte-bushings-with-all-kinds-of-excavator-models.webp\" alt=\"Ekskavat\u00f6rler i\u00e7in Bur\u00e7lar\"><\/p>\n<h2>\u015eirketimiz Hakk\u0131nda<\/h2>\n<p>Kapsaml\u0131 bir \u00fcr\u00fcn yelpazesine sahip, lider bir yedek hidrolik silindir \u00fcreticisi ve toptan da\u011f\u0131t\u0131c\u0131s\u0131y\u0131z. Ola\u011fan\u00fcst\u00fc kaliteye olan ba\u011fl\u0131l\u0131\u011f\u0131m\u0131z, bizi hem yurt i\u00e7i hem de yurt d\u0131\u015f\u0131 pazarlarda \u00f6nemli bir oyuncu haline getirmi\u015ftir. M\u00fckemmellik ve verimlili\u011fe odaklanan, rafine ve end\u00fcstriyel bir \u00fcretim y\u00f6netimi stratejisine ba\u011fl\u0131 kal\u0131yoruz.<\/p>\n<p>Ekibimiz, geli\u015fmi\u015f dijital \u00fcretim teknolojileri ve profesyonel test sistemleriyle donat\u0131lm\u0131\u015f yetenekli profesyonellerden olu\u015fmaktad\u0131r. Bu sayede, \u00fcretim platformumuzu s\u00fcrekli geli\u015ftirerek \u00fcr\u00fcn kalitesi \u00fcretim rotalar\u0131m\u0131z\u0131 m\u00fckemmelle\u015ftiriyoruz. G\u00fc\u00e7l\u00fc yarat\u0131c\u0131 yeteneklerimiz, \u00e7e\u015fitli m\u00fc\u015fteri taleplerini y\u00fcksek verimlilik, hassasiyet ve kaliteyle kar\u015f\u0131lamam\u0131z\u0131 sa\u011fl\u0131yor.<\/p>\n<p><img decoding=\"async\" src=\"https:\/\/www.hydraulic-cylinders.net\/wp-content\/uploads\/2025\/04\/songte-company-4.webp\" alt=\"\u015eirket Genel Bak\u0131\u015f\u0131\"><br \/>\n<img decoding=\"async\" src=\"https:\/\/www.hydraulic-cylinders.net\/wp-content\/uploads\/2025\/04\/songte-company-3.webp\" alt=\"\u00dcretim Tesisi\"><\/p>\n<p>Kalite ve g\u00fcvenli\u011fe olan ba\u011fl\u0131l\u0131\u011f\u0131m\u0131z\u0131 teyit eden uluslararas\u0131 sertifikalarla desteklenen, \u00f6zel \u00e7\u00f6z\u00fcmler de dahil olmak \u00fczere uzmanla\u015fm\u0131\u015f hizmetler sunuyoruz. Son teknoloji \u00fcretim ekipmanlar\u0131m\u0131z, her \u00fcr\u00fcn\u00fcn s\u0131k\u0131 sekt\u00f6r standartlar\u0131n\u0131 kar\u015f\u0131lamas\u0131n\u0131 sa\u011flarken, \u00f6zel sat\u0131\u015f sonras\u0131 hizmetimiz m\u00fc\u015fteri memnuniyeti ve deste\u011fini garanti eder.<\/p>\n<p>Yazar: lyl<\/p>","protected":false},"excerpt":{"rendered":"<p>Boom Cylinder For Bonny WY160AHD Product Overview The Boom Cylinder for Bonny WY160AHD is a specialized hydraulic cylinder designed to control the movement of the boom in various heavy machinery such as excavators, backhoe loaders, and front loaders. These cylinders enable the boom to lift, lower, and tilt, facilitating material handling tasks with ease and [&hellip;]<\/p>","protected":false},"featured_media":17869,"comment_status":"open","ping_status":"closed","template":"","meta":{"_et_pb_use_builder":"","_et_pb_old_content":"","_et_gb_content_width":""},"product_brand":[],"product_cat":[1546],"product_tag":[1547,1496],"class_list":{"0":"post-19651","1":"product","2":"type-product","3":"status-publish","4":"has-post-thumbnail","6":"product_cat-boom-cylinders","7":"product_tag-boom-cylinders","8":"product_tag-hydraulic-cylinders","10":"first","11":"instock","12":"shipping-taxable","13":"product-type-simple"},"amp_enabled":true,"_links":{"self":[{"href":"https:\/\/www.hydraulic-cylinders.net\/tr\/wp-json\/wp\/v2\/product\/19651","targetHints":{"allow":["GET"]}}],"collection":[{"href":"https:\/\/www.hydraulic-cylinders.net\/tr\/wp-json\/wp\/v2\/product"}],"about":[{"href":"https:\/\/www.hydraulic-cylinders.net\/tr\/wp-json\/wp\/v2\/types\/product"}],"replies":[{"embeddable":true,"href":"https:\/\/www.hydraulic-cylinders.net\/tr\/wp-json\/wp\/v2\/comments?post=19651"}],"wp:featuredmedia":[{"embeddable":true,"href":"https:\/\/www.hydraulic-cylinders.net\/tr\/wp-json\/wp\/v2\/media\/17869"}],"wp:attachment":[{"href":"https:\/\/www.hydraulic-cylinders.net\/tr\/wp-json\/wp\/v2\/media?parent=19651"}],"wp:term":[{"taxonomy":"product_brand","embeddable":true,"href":"https:\/\/www.hydraulic-cylinders.net\/tr\/wp-json\/wp\/v2\/product_brand?post=19651"},{"taxonomy":"product_cat","embeddable":true,"href":"https:\/\/www.hydraulic-cylinders.net\/tr\/wp-json\/wp\/v2\/product_cat?post=19651"},{"taxonomy":"product_tag","embeddable":true,"href":"https:\/\/www.hydraulic-cylinders.net\/tr\/wp-json\/wp\/v2\/product_tag?post=19651"}],"curies":[{"name":"wp","href":"https:\/\/api.w.org\/{rel}","templated":true}]}}