{"id":1966,"date":"2023-10-23T08:02:25","date_gmt":"2023-10-23T08:02:25","guid":{"rendered":"https:\/\/hydraulic-cylinders.net\/?post_type=product&#038;p=1966"},"modified":"2023-10-23T08:02:35","modified_gmt":"2023-10-23T08:02:35","slug":"v60n-series-axial-piston-variable-displacement-hydraulic-pump","status":"publish","type":"product","link":"https:\/\/www.hydraulic-cylinders.net\/tr\/urun\/v60n-series-axial-piston-variable-displacement-hydraulic-pump\/","title":{"rendered":"V60N Serisi Eksenel Pistonlu De\u011fi\u015fken Deplasmanl\u0131 Hidrolik Pompa"},"content":{"rendered":"<h1 style=\"text-align: center;\"><strong>V60N Serisi Eksenel Pistonlu De\u011fi\u015fken Deplasmanl\u0131 Hidrolik Pompa<\/strong><\/h1>\n<p><img loading=\"lazy\" decoding=\"async\" class=\"aligncenter wp-image-1981\" src=\"https:\/\/hydraulic-cylinders.net\/wp-content\/uploads\/2023\/10\/v60n-series-axial-piston-variable-displacement-pump-1-300x300.webp\" alt=\"\" width=\"400\" height=\"400\" \/><\/p>\n<p>V60N serisi eksenel pistonlu de\u011fi\u015fken deplasmanl\u0131 hidrolik pompa, hidrolik sistemlerin performans\u0131n\u0131 ve verimlili\u011fini art\u0131rmak i\u00e7in tasarlanm\u0131\u015f dikkat \u00e7ekici bir yeniliktir. Son teknoloji \u00f6zellikleri, hassas kontrol\u00fc ve sa\u011flam yap\u0131s\u0131yla bu hidrolik pompa, sekt\u00f6rde yeni standartlar belirlemektedir.<\/p>\n<p>V60N serisi eksenel pistonlu de\u011fi\u015fken deplasmanl\u0131 hidrolik pompa, hidrolik sistemlerde \u00e7\u0131\u011f\u0131r a\u00e7\u0131yor. De\u011fi\u015fken deplasman kapasitesi, y\u00fcksek performans\u0131 ve \u00e7ok y\u00f6nl\u00fc tasar\u0131m\u0131, hassas kontrol, geli\u015fmi\u015f verimlilik ve ola\u011fan\u00fcst\u00fc g\u00fc\u00e7 da\u011f\u0131t\u0131m\u0131 sunuyor. \u00d6nerilen kullan\u0131m y\u00f6ntemlerine uyulup d\u00fczenli bak\u0131m uygulamalar\u0131na uyuldu\u011fu takdirde, v60n serisi pompa ola\u011fan\u00fcst\u00fc performans, verimlilik ve g\u00fcvenilirlik sunmaya devam edecektir. Hidrolik sisteminizin t\u00fcm potansiyelini ortaya \u00e7\u0131karmak i\u00e7in V60N serisi eksenel pistonlu de\u011fi\u015fken deplasmanl\u0131 hidrolik pompan\u0131n g\u00fcc\u00fcn\u00fc ve verimlili\u011fini ke\u015ffedin.<\/p>\n<p>V60N Serisi Eksenel Pistonlu De\u011fi\u015fken Deplasmanl\u0131 Hidrolik Pompan\u0131n Temel \u00d6zellikleri:<\/p>\n<ol>\n<li>De\u011fi\u015fken Deplasman Kabiliyeti: V60N serisi pompa, geli\u015fmi\u015f de\u011fi\u015fken deplasman teknolojisiyle sistemin ihtiyac\u0131na g\u00f6re \u00e7\u0131k\u0131\u015f\u0131n\u0131 ayarlamas\u0131na olanak tan\u0131r. Bu \u00f6zellik, optimum enerji kullan\u0131m\u0131 sa\u011flayarak verimlili\u011fi art\u0131r\u0131r ve g\u00fc\u00e7 t\u00fcketimini azalt\u0131r.<\/li>\n<li>Y\u00fcksek Performans ve G\u00fc\u00e7: Ola\u011fan\u00fcst\u00fc tasar\u0131m\u0131 ve m\u00fchendisli\u011fiyle V60N serisi pompa, ola\u011fan\u00fcst\u00fc performans ve g\u00fc\u00e7 sunar. \u00c7e\u015fitli bas\u0131n\u00e7 ve h\u0131zlarda sorunsuz \u00e7al\u0131\u015farak, \u00fcst\u00fcn sistem performans\u0131 i\u00e7in hassas kontrol ve verimli g\u00fc\u00e7 da\u011f\u0131t\u0131m\u0131 sa\u011flar.<\/li>\n<li>\u00c7e\u015fitli Uygulamalar \u0130\u00e7in \u00c7ok Y\u00f6nl\u00fc Tasar\u0131m: V60N serisi pompa, \u00e7e\u015fitli hidrolik sistemlere ve uygulamalara uyum sa\u011flayacak \u015fekilde tasarlanm\u0131\u015ft\u0131r. Montaj se\u00e7enekleri, ak\u0131\u015fkan uyumlulu\u011fu ve kontrol y\u00f6ntemlerindeki \u00e7ok y\u00f6nl\u00fcl\u00fc\u011f\u00fc sayesinde bir\u00e7ok end\u00fcstri ve makine i\u00e7in uygundur.<\/li>\n<li>Her Y\u00fckte Geli\u015fmi\u015f Verimlilik: V60N serisi pompan\u0131n de\u011fi\u015fken deplasman \u00f6zelli\u011fi, geni\u015f bir y\u00fck aral\u0131\u011f\u0131nda verimlilik sa\u011flar. De\u011fi\u015fen \u00e7al\u0131\u015fma ko\u015fullar\u0131nda bile, \u00e7\u0131k\u0131\u015f g\u00fcc\u00fcn\u00fc sistem gereksinimlerine g\u00f6re otomatik olarak ayarlayarak enerji kay\u0131plar\u0131n\u0131 ve \u00fcretkenli\u011fi en aza indirir.<\/li>\n<\/ol>\n<h2><strong>V60N Serisi Eksenel Pistonlu De\u011fi\u015fken Deplasmanl\u0131 Hidrolik Pompa Parametresi:<\/strong><\/h2>\n<table class=\"table table-bordered table-hover table-colored\">\n<tbody>\n<tr class=\"firstRow\">\n<td colspan=\"1\" rowspan=\"2\" align=\"center\" valign=\"middle\">Boyut<\/td>\n<td rowspan=\"2\" align=\"center\" valign=\"middle\">Deplasman cc\/rev<\/td>\n<td colspan=\"2\" rowspan=\"1\" align=\"center\" valign=\"middle\">Bas\u0131n\u00e7 \u00e7ubu\u011fu<\/td>\n<td colspan=\"2\" rowspan=\"1\" align=\"center\" valign=\"middle\">D\u00f6nme h\u0131z\u0131 r\/dak<\/td>\n<\/tr>\n<tr>\n<td align=\"center\" valign=\"middle\">Derecelendirildi<\/td>\n<td align=\"center\" valign=\"middle\">Doru\u011fa ula\u015fmak<\/td>\n<td align=\"center\" valign=\"middle\">Kendili\u011finden astarlama i\u00e7in maksimum<sup>*1<\/sup><\/td>\n<td align=\"center\" valign=\"middle\">Maksimum<sup>*2<\/sup><\/td>\n<\/tr>\n<tr>\n<td align=\"center\" valign=\"middle\">\u00a0V60N60<\/td>\n<td align=\"center\" valign=\"middle\">60<\/td>\n<td align=\"center\" valign=\"middle\">350<\/td>\n<td align=\"center\" valign=\"middle\">400<\/td>\n<td align=\"center\" valign=\"middle\">2500<\/td>\n<td align=\"center\" valign=\"middle\">2500<\/td>\n<\/tr>\n<tr>\n<td align=\"center\" valign=\"middle\">\u00a0V60N90<\/td>\n<td align=\"center\" valign=\"middle\">90<\/td>\n<td align=\"center\" valign=\"middle\">350<\/td>\n<td align=\"center\" valign=\"middle\">400<\/td>\n<td align=\"center\" valign=\"middle\">2300<\/td>\n<td align=\"center\" valign=\"middle\">2300<\/td>\n<\/tr>\n<tr>\n<td align=\"center\" valign=\"middle\">\u00a0V60N110<\/td>\n<td align=\"center\" valign=\"middle\">110<\/td>\n<td align=\"center\" valign=\"middle\">350<\/td>\n<td align=\"center\" valign=\"middle\">400<\/td>\n<td align=\"center\" valign=\"middle\">2200<\/td>\n<td align=\"center\" valign=\"middle\">2200<\/td>\n<\/tr>\n<tr>\n<td align=\"center\" valign=\"middle\">\u00a0V60N130<\/td>\n<td align=\"center\" valign=\"middle\">130<\/td>\n<td align=\"center\" valign=\"middle\">400<\/td>\n<td align=\"center\" valign=\"middle\">450<\/td>\n<td align=\"center\" valign=\"middle\">2100<\/td>\n<td align=\"center\" valign=\"middle\">2100<\/td>\n<\/tr>\n<\/tbody>\n<\/table>\n<h2><strong>V60N Serisi Eksenel Pistonlu De\u011fi\u015fken Deplasmanl\u0131 Hidrolik Pompan\u0131n Avantajlar\u0131:<\/strong><\/h2>\n<p>\u2022 A\u00e7\u0131k devre hidrolik sistemlerde uygulan\u0131r<br \/>\n\u2022 Ya\u011f emme, takviye moduyla mevcuttur<br \/>\n\u2022 Y\u00fcksek d\u00f6n\u00fc\u015f h\u0131z\u0131<br \/>\n\u2022 Y\u00fcksek nominal bas\u0131n\u00e7<br \/>\n\u2022 Kompakt yap\u0131, kolay kurulum<br \/>\n\u2022 Tandem pompa uygulamas\u0131 gerekti\u011finde arka pompa i\u00e7in yeterli tork sa\u011flay\u0131n<\/p>\n<h2><strong>V60N Serisi Eksenel Pistonlu De\u011fi\u015fken Deplasmanl\u0131 Hidrolik Pompa <\/strong><strong>Ba\u015fvuru:<\/strong><\/h2>\n<p><img loading=\"lazy\" decoding=\"async\" class=\"alignnone wp-image-1983 size-full\" src=\"https:\/\/hydraulic-cylinders.net\/wp-content\/uploads\/2023\/10\/v60n-series-axial-piston-variable-displacement-pump-2.jpg\" alt=\"\" width=\"1146\" height=\"216\" srcset=\"https:\/\/hydraulic-cylinders.net\/wp-content\/uploads\/2023\/10\/v60n-series-axial-piston-variable-displacement-pump-2.jpg 1146w, https:\/\/hydraulic-cylinders.net\/wp-content\/uploads\/2023\/10\/v60n-series-axial-piston-variable-displacement-pump-2-980x185.jpg 980w, https:\/\/hydraulic-cylinders.net\/wp-content\/uploads\/2023\/10\/v60n-series-axial-piston-variable-displacement-pump-2-480x90.jpg 480w\" sizes=\"(min-width: 0px) and (max-width: 480px) 480px, (min-width: 481px) and (max-width: 980px) 980px, (min-width: 981px) 1146px, 100vw\" \/><\/p>\n<h2><strong>V60N Serisi Eksenel Pistonlu De\u011fi\u015fken Deplasmanl\u0131 Hidrolik Pompan\u0131n Kullan\u0131m Y\u00f6ntemi<\/strong><strong>:<\/strong><\/h2>\n<ul>\n<li><strong>Kurulum ve Entegrasyon:<\/strong> V60N serisi eksenel pistonlu de\u011fi\u015fken deplasmanl\u0131 hidrolik pompay\u0131 kurmak i\u00e7in hidrolik sistem i\u00e7inde uygun bir yer se\u00e7in. Uygun braketler veya aksesuarlar kullanarak pompay\u0131 do\u011fru hizalama ve g\u00fcvenli bir \u015fekilde monte edin. Pompay\u0131, s\u0131zd\u0131rmaz ba\u011flant\u0131 par\u00e7alar\u0131 ve hortumlar kullanarak hidrolik sisteme ba\u011flay\u0131n.<\/li>\n<li><strong>S\u0131v\u0131 Uyumlulu\u011fu:<\/strong> Sistemde kullan\u0131lan hidrolik s\u0131v\u0131n\u0131n V60N serisi pompayla uyumlu oldu\u011fundan emin olun. \u00d6nerilen s\u0131v\u0131 t\u00fcr\u00fc, viskozite ve s\u0131cakl\u0131k aral\u0131\u011f\u0131 i\u00e7in \u00fcreticinin \u00f6nerilerine bak\u0131n. Pompan\u0131n optimum \u00e7al\u0131\u015fmas\u0131n\u0131 ve uzun \u00f6m\u00fcrl\u00fc olmas\u0131n\u0131 sa\u011flamak i\u00e7in hidrolik s\u0131v\u0131y\u0131 d\u00fczenli olarak izleyin ve bak\u0131m\u0131n\u0131 yap\u0131n.<\/li>\n<li><strong>Kontrol ve Ayarlama:<\/strong> V60N serisi pompayla sunulan kontrol se\u00e7eneklerini \u00f6\u011frenin. Modele ba\u011fl\u0131 olarak, manuel, orant\u0131l\u0131 veya elektronik kontrol gibi \u00e7e\u015fitli kontrol y\u00f6ntemleri sunabilir. \u00d6nerilen kontrol ayarlar\u0131n\u0131 \u00f6\u011frenin ve pompa performans\u0131n\u0131 optimize etmek i\u00e7in bunlar\u0131 uygun \u015fekilde ayarlay\u0131n.<\/li>\n<li><strong>Sistem Optimizasyonu:<\/strong> V60N serisi pompalar, pompan\u0131n deplasman\u0131n\u0131 y\u00fck gereksinimlerine g\u00f6re ayarlayarak sistem optimizasyonuna olanak tan\u0131r. Enerji verimlili\u011fini ve genel sistem performans\u0131n\u0131 en \u00fcst d\u00fczeye \u00e7\u0131karmak i\u00e7in bu \u00f6zellikten yararlan\u0131n.<\/li>\n<\/ul>\n<h2><strong>Hidrolik Silindir Contalar\u0131 Nas\u0131l De\u011fi\u015ftirilir?<\/strong><\/h2>\n<p>Hidrolik silindir contalar\u0131n\u0131n de\u011fi\u015ftirilmesi, hidrolik sistemlerin d\u00fczg\u00fcn \u00e7al\u0131\u015fmas\u0131n\u0131 sa\u011flayan \u00f6nemli bir bak\u0131m i\u015flemidir. Hidrolik silindir contalar\u0131n\u0131n nas\u0131l de\u011fi\u015ftirilece\u011fine dair ad\u0131m ad\u0131m bir k\u0131lavuz a\u015fa\u011f\u0131dad\u0131r:<\/p>\n<ol>\n<li><strong>Haz\u0131rl\u0131k:<\/strong>\n<ul>\n<li>Conta tak\u0131m\u0131, hidrolik ya\u011f, g\u00fcvenlik g\u00f6zl\u00fc\u011f\u00fc, eldiven ve temiz bir \u00e7al\u0131\u015fma alan\u0131 dahil olmak \u00fczere gerekli ara\u00e7 ve gere\u00e7leri toplay\u0131n.<\/li>\n<li>Hidrolik sistemin bas\u0131nc\u0131n\u0131n bo\u015falt\u0131ld\u0131\u011f\u0131ndan emin olun. Do\u011fru bas\u0131n\u00e7 bo\u015faltma ve kilitleme\/etiketleme prosed\u00fcrleri i\u00e7in \u00fcreticinin talimatlar\u0131n\u0131 izleyin.<\/li>\n<\/ul>\n<\/li>\n<li><strong>Silindiri \u00e7\u0131kar\u0131n:<\/strong>\n<ul>\n<li>Silindire ba\u011fl\u0131 t\u00fcm hidrolik hortumlar\u0131 veya ba\u011flant\u0131 par\u00e7alar\u0131n\u0131 ay\u0131r\u0131n.<\/li>\n<li>Silindiri yerinde tutan montaj c\u0131vatalar\u0131n\u0131 veya pimlerini \u00e7\u0131kar\u0131n.<\/li>\n<li>Silindiri yuvas\u0131ndan veya montaj yerinden dikkatlice \u00e7\u0131kar\u0131n.<\/li>\n<\/ul>\n<\/li>\n<li><strong>Silindiri S\u00f6k\u00fcn:<\/strong>\n<ul>\n<li>Silindiri temiz bir \u00e7al\u0131\u015fma y\u00fczeyine yerle\u015ftirin ve \u00e7ubuk koruyucular\u0131 veya silecekler gibi harici bile\u015fenleri \u00e7\u0131kar\u0131n.<\/li>\n<li>Silindir g\u00f6vdesinden veya borusundan u\u00e7 kapa\u011f\u0131 veya contay\u0131 \u00e7\u0131kararak silindiri dikkatlice s\u00f6k\u00fcn. Sabitleme c\u0131vatalar\u0131n\u0131 veya somunlar\u0131n\u0131 gev\u015fetmek ve \u00e7\u0131karmak i\u00e7in anahtar veya somun anahtar\u0131 gibi uygun aletler kullan\u0131n.<\/li>\n<li>U\u00e7 kapa\u011f\u0131 veya rakor \u00e7\u0131kar\u0131ld\u0131\u011f\u0131nda piston, \u00e7ubuk ve contalara eri\u015filebilir.<\/li>\n<\/ul>\n<\/li>\n<li><strong>Eski M\u00fch\u00fcrleri \u00c7\u0131kar\u0131n:<\/strong>\n<ul>\n<li>Piston, biyel kolu ve silindir g\u00f6vdesinde herhangi bir hasar veya a\u015f\u0131nma belirtisi olup olmad\u0131\u011f\u0131n\u0131 kontrol edin.<\/li>\n<li>Eski contalar\u0131 conta \u00e7\u0131karma aletleri veya pense kullanarak dikkatlice \u00e7\u0131kar\u0131n. Yeni contalar\u0131n do\u011fru \u015fekilde tak\u0131lmas\u0131 i\u00e7in conta d\u00fczenine ve y\u00f6n\u00fcne dikkat edin.<\/li>\n<\/ul>\n<\/li>\n<li><strong>Temizleyin ve Haz\u0131rlay\u0131n:<\/strong>\n<ul>\n<li>Silindir bile\u015fenlerini kir, kal\u0131nt\u0131 ve eski conta kal\u0131nt\u0131lar\u0131n\u0131 gidermek i\u00e7in uygun bir \u00e7\u00f6z\u00fcc\u00fc kullanarak iyice temizleyin. \u0130\u015fleme ba\u015flamadan \u00f6nce t\u00fcm y\u00fczeylerin temiz ve kuru oldu\u011fundan emin olun.<\/li>\n<\/ul>\n<\/li>\n<li><strong>Yeni Contalar\u0131 Tak\u0131n:<\/strong>\n<ul>\n<li>Do\u011fru conta montaj\u0131 i\u00e7in \u00fcreticinin talimatlar\u0131na ve conta kitine bak\u0131n. Yeni contalar\u0131 hidrolik ya\u011f veya \u00f6nerilen bir conta ya\u011f\u0131yla ya\u011flay\u0131n.<\/li>\n<li>Yeni contalar\u0131 piston, \u00e7ubuk ve silindir g\u00f6vdesine dikkatlice tak\u0131n, conta d\u00fczenine ve y\u00f6n\u00fcne g\u00f6re do\u011fru \u015fekilde yerle\u015ftirildi\u011finden ve hizaland\u0131\u011f\u0131ndan emin olun.<\/li>\n<\/ul>\n<\/li>\n<li><strong>Silindiri yeniden monte edin:<\/strong>\n<ul>\n<li>Silindiri s\u00f6kme i\u015fleminin tersi s\u0131rayla yeniden monte edin. U\u00e7 kapa\u011f\u0131 veya contay\u0131 silindir g\u00f6vdesine veya borusuna takarak ba\u015flay\u0131n ve tespit c\u0131vatalar\u0131n\u0131 veya somunlar\u0131n\u0131 belirtilen torkta s\u0131k\u0131n.<\/li>\n<li>Contalar dahil t\u00fcm bile\u015fenlerin do\u011fru \u015fekilde hizaland\u0131\u011f\u0131ndan ve m\u00fckemmel \u015fekilde konumland\u0131r\u0131ld\u0131\u011f\u0131ndan emin olun.<\/li>\n<li>\u00c7ubuk koruyucular\u0131 veya silecekler gibi harici bile\u015fenleri yeniden tak\u0131n.<\/li>\n<\/ul>\n<\/li>\n<li><strong>Silindiri Tak\u0131n:<\/strong>\n<ul>\n<li>Yeniden monte edilen silindiri dikkatlice yuvas\u0131na veya montaj yerine yerle\u015ftirin.<\/li>\n<li>Silindiri, montaj c\u0131vatalar\u0131n\u0131 veya pimlerini yeniden takarak ve belirtilen torka s\u0131karak sabitleyin.<\/li>\n<li>Silindire t\u00fcm hidrolik hortumlar\u0131 veya ba\u011flant\u0131 par\u00e7alar\u0131n\u0131 yeniden ba\u011flay\u0131n, uygun \u015fekilde s\u0131k\u0131ld\u0131\u011f\u0131ndan ve hizaland\u0131\u011f\u0131ndan emin olun.<\/li>\n<\/ul>\n<\/li>\n<li><strong>S\u0131z\u0131nt\u0131lar\u0131 Test Edin ve Kontrol Edin:<\/strong>\n<ul>\n<li>Hidrolik sistemi \u00f6nerilen hidrolik ya\u011f ile uygun seviyeye kadar doldurun.<\/li>\n<li>Sisteme yava\u015f\u00e7a bas\u0131n\u00e7 verin ve yeni de\u011fi\u015ftirilen contalar\u0131n etraf\u0131nda s\u0131z\u0131nt\u0131 olup olmad\u0131\u011f\u0131n\u0131 kontrol edin.<\/li>\n<li>Uygun conta i\u015flevini ve sistem performans\u0131n\u0131 sa\u011flamak i\u00e7in hidrolik sistemi t\u00fcm hareket aral\u0131\u011f\u0131nda \u00e7al\u0131\u015ft\u0131r\u0131n.<\/li>\n<\/ul>\n<\/li>\n<\/ol>\n<h2><strong>Fabrikan\u0131n Kapasitesi ve Kapasitesi:<\/strong><\/h2>\n<h3>(1) Meclis<\/h3>\n<p>Birinci s\u0131n\u0131f ba\u011f\u0131ms\u0131z bir ara\u015ft\u0131rma ve geli\u015ftirme montaj platformumuz bulunmaktad\u0131r. Hidrolik silindir \u00fcretim at\u00f6lyemizde, y\u0131ll\u0131k 1 milyon adet \u00fcretim kapasitesine sahip d\u00f6rt adet yar\u0131 otomatik kald\u0131rma silindiri montaj hatt\u0131 ve bir adet otomatik devirme silindiri montaj hatt\u0131 bulunmaktad\u0131r. \u00d6zel silindir at\u00f6lyemiz, y\u0131ll\u0131k 200.000 adet \u00fcretim kapasitesine sahip \u00e7e\u015fitli \u00f6zelliklerde yar\u0131 otomatik temizleme montaj sistemiyle donat\u0131lm\u0131\u015ft\u0131r. Ayr\u0131ca, \u00fcnl\u00fc CNC i\u015fleme ekipmanlar\u0131, bir i\u015fleme merkezi, y\u00fcksek hassasiyetli silindir i\u015fleme \u00f6zel ekipmanlar\u0131, bir robot kaynak makinesi, bir otomatik temizleme makinesi, otomatik silindir montaj makinesi ve otomatik boyama \u00fcretim hatt\u0131 ile donat\u0131lm\u0131\u015ft\u0131r. 300'den fazla setten olu\u015fan kritik ekipmanlar mevcuttur. Ekipman kaynaklar\u0131n\u0131n optimum da\u011f\u0131l\u0131m\u0131 ve verimli kullan\u0131m\u0131, \u00fcr\u00fcnlerin hassasiyet gereksinimlerini kar\u015f\u0131lar ve \u00fcr\u00fcnlerin y\u00fcksek kalite ihtiya\u00e7lar\u0131n\u0131 kar\u015f\u0131lar.<\/p>\n<p><img loading=\"lazy\" decoding=\"async\" class=\"alignnone wp-image-626\" src=\"https:\/\/hydraulic-cylinders.net\/wp-content\/uploads\/2023\/08\/hydraulic-cylinder-product-1-300x158.webp\" alt=\"\" width=\"495\" height=\"260\" srcset=\"https:\/\/hydraulic-cylinders.net\/wp-content\/uploads\/2023\/08\/hydraulic-cylinder-product-1-300x158.webp 495w, https:\/\/hydraulic-cylinders.net\/wp-content\/uploads\/2023\/08\/hydraulic-cylinder-product-1-480x252.webp 480w\" sizes=\"(min-width: 0px) and (max-width: 480px) 480px, (min-width: 481px) 495px, 100vw\" \/> <img loading=\"lazy\" decoding=\"async\" class=\"alignnone wp-image-627\" src=\"https:\/\/hydraulic-cylinders.net\/wp-content\/uploads\/2023\/08\/hydraulic-cylinder-product-2-300x189.webp\" alt=\"\" width=\"413\" height=\"260\" \/><\/p>\n<h3>(2) \u0130\u015fleme<\/h3>\n<p>\u0130\u015fleme at\u00f6lyesi, maksimum 400 mm i\u00e7 \u00e7apa ve maksimum 6 metre uzunlu\u011fa sahip silindir borular\u0131n\u0131n i\u015flenmesini ger\u00e7ekle\u015ftirebilen \u00f6zel e\u011fimli ray torna merkezi, i\u015fleme merkezi, y\u00fcksek h\u0131zl\u0131 honlama makinesi, kaynak robotu ve di\u011fer ilgili ekipmanlarla donat\u0131lm\u0131\u015ft\u0131r.<\/p>\n<p><img loading=\"lazy\" decoding=\"async\" class=\"alignnone wp-image-628 size-large\" src=\"https:\/\/hydraulic-cylinders.net\/wp-content\/uploads\/2023\/08\/hydraulic-cylinder-product-3-1024x391.webp\" alt=\"\" width=\"1024\" height=\"391\" srcset=\"https:\/\/hydraulic-cylinders.net\/wp-content\/uploads\/2023\/08\/hydraulic-cylinder-product-3-980x374.webp 980w, https:\/\/hydraulic-cylinders.net\/wp-content\/uploads\/2023\/08\/hydraulic-cylinder-product-3-480x183.webp 480w\" sizes=\"(min-width: 0px) and (max-width: 480px) 480px, (min-width: 481px) and (max-width: 980px) 980px, (min-width: 981px) 1024px, 100vw\" \/><\/p>\n<h3>(3) Kaynak<\/h3>\n<p><img loading=\"lazy\" decoding=\"async\" class=\"alignnone wp-image-629 size-large\" src=\"https:\/\/hydraulic-cylinders.net\/wp-content\/uploads\/2023\/08\/hydraulic-cylinder-product-4-1024x510.webp\" alt=\"\" width=\"1024\" height=\"510\" srcset=\"https:\/\/hydraulic-cylinders.net\/wp-content\/uploads\/2023\/08\/hydraulic-cylinder-product-4-980x488.webp 980w, https:\/\/hydraulic-cylinders.net\/wp-content\/uploads\/2023\/08\/hydraulic-cylinder-product-4-480x239.webp 480w\" sizes=\"(min-width: 0px) and (max-width: 480px) 480px, (min-width: 481px) and (max-width: 980px) 980px, (min-width: 981px) 1024px, 100vw\" \/><\/p>\n<h3>(4) Boyama ve kaplama<\/h3>\n<p>K\u00fc\u00e7\u00fck ve orta \u00f6l\u00e7ekli silindirli otomatik su bazl\u0131 boya kaplama hatlar\u0131nda, otomatik robot y\u00fckleme-bo\u015faltma ve otomatik p\u00fcsk\u00fcrtmeyi ger\u00e7ekle\u015ftirmek i\u00e7in, vardiya ba\u015f\u0131na 4000 adet tasar\u0131m kapasitesi;<br \/>\nAyr\u0131ca, vardiya ba\u015f\u0131na 60 kasa kapasiteli, g\u00fc\u00e7 zinciriyle \u00e7al\u0131\u015fan b\u00fcy\u00fck silindirler i\u00e7in yar\u0131 otomatik boya \u00fcretim hatt\u0131m\u0131z da bulunmaktad\u0131r.<\/p>\n<p><img loading=\"lazy\" decoding=\"async\" class=\"alignnone wp-image-630\" src=\"https:\/\/hydraulic-cylinders.net\/wp-content\/uploads\/2023\/08\/hydraulic-cylinder-product-5-300x213.webp\" alt=\"\" width=\"366\" height=\"260\" \/> <img loading=\"lazy\" decoding=\"async\" class=\"alignnone wp-image-631\" src=\"https:\/\/hydraulic-cylinders.net\/wp-content\/uploads\/2023\/08\/hydraulic-cylinder-product-6-300x225.webp\" alt=\"\" width=\"347\" height=\"260\" \/><\/p>\n<h3>(5) Test etme<\/h3>\n<p>Silindirin performans\u0131n\u0131n gereklilikleri kar\u015f\u0131lad\u0131\u011f\u0131ndan emin olmak i\u00e7in birinci s\u0131n\u0131f muayene tesislerimiz ve test yataklar\u0131m\u0131z bulunmaktad\u0131r.<\/p>\n<p><img loading=\"lazy\" decoding=\"async\" class=\"alignnone wp-image-632\" src=\"https:\/\/hydraulic-cylinders.net\/wp-content\/uploads\/2023\/08\/hydraulic-cylinder-product-8-300x200.webp\" alt=\"\" width=\"389\" height=\"260\" \/><\/p>\n<p>&nbsp;<\/p>\n<p>&nbsp;<\/p>\n<p>En iyi hidrolik silindir \u00fcreticilerinden biriyiz. Kapsaml\u0131 hidrolik silindirler sunabiliyoruz. Ayr\u0131ca, ilgili hidrolik silindirleri de sa\u011fl\u0131yoruz. <a href=\"https:\/\/hzpt.com\/agricultural-pto-gearbox\/\" target=\"_blank\" rel=\"noopener\">tar\u0131msal di\u015fli kutular\u0131<\/a>\u00dcr\u00fcnlerimizi d\u00fcnya \u00e7ap\u0131ndaki m\u00fc\u015fterilerimize ihra\u00e7 ettik ve \u00fcst\u00fcn \u00fcr\u00fcn kalitemiz ve sat\u0131\u015f sonras\u0131 hizmetlerimiz sayesinde iyi bir itibar kazand\u0131k. Yurt i\u00e7i ve yurt d\u0131\u015f\u0131ndaki m\u00fc\u015fterilerimizi i\u015f g\u00f6r\u00fc\u015fmeleri yapmak, bilgi al\u0131\u015fveri\u015finde bulunmak ve <a href=\"https:\/\/www.hydraulic-cylinders.net\/tr\/contact-us\/\">bizimle i\u015fbirli\u011fi yap\u0131n<\/a>!<\/p>\n<p>&nbsp;<\/p>","protected":false},"excerpt":{"rendered":"<p>V60N Series Axial Piston Variable Displacement Hydraulic Pump The V60N series axial piston variable displacement hydraulic pump is a remarkable innovation designed to elevate the performance and efficiency of hydraulic systems. With its cutting-edge features, precise control, and robust construction, this hydraulic pump sets new benchmarks in the industry. The V60N series axial piston variable [&hellip;]<\/p>","protected":false},"featured_media":1982,"comment_status":"open","ping_status":"closed","template":"","meta":{"_et_pb_use_builder":"","_et_pb_old_content":"","_et_gb_content_width":""},"product_brand":[],"product_cat":[1425],"product_tag":[1426],"class_list":{"0":"post-1966","1":"product","2":"type-product","3":"status-publish","4":"has-post-thumbnail","6":"product_cat-piston-pump","7":"product_tag-hydraulic-pump","9":"first","10":"instock","11":"shipping-taxable","12":"product-type-simple"},"amp_enabled":true,"_links":{"self":[{"href":"https:\/\/www.hydraulic-cylinders.net\/tr\/wp-json\/wp\/v2\/product\/1966","targetHints":{"allow":["GET"]}}],"collection":[{"href":"https:\/\/www.hydraulic-cylinders.net\/tr\/wp-json\/wp\/v2\/product"}],"about":[{"href":"https:\/\/www.hydraulic-cylinders.net\/tr\/wp-json\/wp\/v2\/types\/product"}],"replies":[{"embeddable":true,"href":"https:\/\/www.hydraulic-cylinders.net\/tr\/wp-json\/wp\/v2\/comments?post=1966"}],"wp:featuredmedia":[{"embeddable":true,"href":"https:\/\/www.hydraulic-cylinders.net\/tr\/wp-json\/wp\/v2\/media\/1982"}],"wp:attachment":[{"href":"https:\/\/www.hydraulic-cylinders.net\/tr\/wp-json\/wp\/v2\/media?parent=1966"}],"wp:term":[{"taxonomy":"product_brand","embeddable":true,"href":"https:\/\/www.hydraulic-cylinders.net\/tr\/wp-json\/wp\/v2\/product_brand?post=1966"},{"taxonomy":"product_cat","embeddable":true,"href":"https:\/\/www.hydraulic-cylinders.net\/tr\/wp-json\/wp\/v2\/product_cat?post=1966"},{"taxonomy":"product_tag","embeddable":true,"href":"https:\/\/www.hydraulic-cylinders.net\/tr\/wp-json\/wp\/v2\/product_tag?post=1966"}],"curies":[{"name":"wp","href":"https:\/\/api.w.org\/{rel}","templated":true}]}}