{"id":19662,"date":"2025-04-07T07:00:22","date_gmt":"2025-04-07T07:00:22","guid":{"rendered":"https:\/\/www.hydraulic-cylinders.net\/product\/boom-cylinder-for-bonny-waydq50-5\/"},"modified":"2025-04-07T07:00:25","modified_gmt":"2025-04-07T07:00:25","slug":"boom-cylinder-for-bonny-waydq50-5","status":"publish","type":"product","link":"https:\/\/www.hydraulic-cylinders.net\/tr\/urun\/boom-cylinder-for-bonny-waydq50-5\/","title":{"rendered":"Bonny WAYDQ50-5 i\u00e7in Bom Silindiri"},"content":{"rendered":"<h1>Bonny WAYDQ50-5 i\u00e7in Bom Silindiri<\/h1>\n<h2>Bom Silindirine Giri\u015f<\/h2>\n<p>Bonny WAYDQ50-5 i\u00e7in \u00f6zel olarak tasarlanan Bom Silindiri, a\u011f\u0131r makine kovalar\u0131n\u0131n hareketini kontrol eden hidrolik sistemlerde hayati bir bile\u015fendir. Bu hidrolik silindir, \u00f6ncelikle ekskavat\u00f6rler, kep\u00e7eler ve \u00f6n y\u00fckleyicilerdeki kovalar\u0131n \u00e7al\u0131\u015fmas\u0131n\u0131 y\u00f6netmek i\u00e7in kullan\u0131l\u0131r ve kovan\u0131n kald\u0131rma, indirme ve yat\u0131rma i\u015flemlerini ger\u00e7ekle\u015ftirerek verimli malzeme ta\u015f\u0131ma g\u00f6revlerini kolayla\u015ft\u0131r\u0131r.<\/p>\n<p>Kova silindiri, y\u00fcksek bas\u0131n\u00e7lara ve a\u011f\u0131r y\u00fcklere dayanacak \u015fekilde tasarlanm\u0131\u015ft\u0131r ve zorlu ortamlarda g\u00fcvenilir performans sa\u011flar. Kaz\u0131, kald\u0131rma ve malzeme ta\u015f\u0131ma i\u00e7in olmazsa olmaz olan kova hareketleri \u00fczerinde hassas kontrol sa\u011flamada \u00f6nemli bir rol oynar. Sa\u011flam tasar\u0131m\u0131yla bom silindiri, \u00e7e\u015fitli uygulamalarda \u00fcretkenli\u011fi ve verimlili\u011fi art\u0131r\u0131r.<\/p>\n<p><img decoding=\"async\" src=\"https:\/\/www.hydraulic-cylinders.net\/wp-content\/uploads\/2025\/04\/songte-company-1.webp\" alt=\"Hidrolik Silindir G\u00f6r\u00fcnt\u00fcs\u00fc\"><\/p>\n<h2>Bom Silindirinin \u00d6zellikleri<\/h2>\n<ul>\n<li>\n<h3>Y\u00fcksek G\u00fc\u00e7 ve Dayan\u0131kl\u0131l\u0131k<\/h3>\n<p>Genellikle y\u00fcksek mukavemetli \u00e7elik veya al\u00fcminyumdan \u00fcretilen bu silindirler, y\u00fcksek bas\u0131n\u00e7 ve a\u011f\u0131r y\u00fcklere dayanabilir ve zorlu \u00e7al\u0131\u015fma ko\u015fullar\u0131na uygundur. Tasar\u0131mlar\u0131 ayr\u0131ca a\u015f\u0131nma direnci ve korozyon korumas\u0131na da \u00f6nem vererek kullan\u0131m \u00f6m\u00fcrlerini uzat\u0131r.<\/li>\n<li>\n<h3>Verimli Hidrolik \u00c7al\u0131\u015fma<\/h3>\n<p>Hidrolik ya\u011f bas\u0131nc\u0131n\u0131 kullanan bu silindirler, yumu\u015fak uzatma ve geri \u00e7ekme hareketleri sunarak kontrol komutlar\u0131na h\u0131zl\u0131 tepki vermeyi ve \u00f6nemli itme ve \u00e7ekme kuvveti sa\u011flamay\u0131 m\u00fcmk\u00fcn k\u0131lar; a\u011f\u0131r nesneleri ta\u015f\u0131mak ve karma\u015f\u0131k g\u00f6revleri ger\u00e7ekle\u015ftirmek i\u00e7in idealdir.<\/li>\n<li>\n<h3>\u00c7e\u015fitli T\u00fcrler<\/h3>\n<p>Hem tek etkili (tek y\u00f6nde \u00e7al\u0131\u015fan) hem de \u00e7ift etkili (her iki y\u00f6nde \u00e7al\u0131\u015fan) versiyonlar\u0131 bulunan bu silindirler, farkl\u0131 operasyonel ihtiya\u00e7lara cevap verebilir. Baz\u0131 modeller teleskopiktir ve d\u0131\u015f boyutlar\u0131 art\u0131rmadan daha fazla geni\u015flemeye olanak tan\u0131r, bu da onlar\u0131 alan k\u0131s\u0131tlamas\u0131 olan uygulamalar i\u00e7in uygun hale getirir.<\/li>\n<li>\n<h3>Uyumluluk<\/h3>\n<p>\u00dcr\u00fcnlerimiz mevcut hidrolik silindirlerin yerini m\u00fckemmel bir \u015fekilde alabilir, \u00e7e\u015fitli makine modellerinde kusursuz entegrasyon ve i\u015flevsellik sa\u011flar.<\/li>\n<\/ul>\n<p><img decoding=\"async\" src=\"https:\/\/www.hydraulic-cylinders.net\/wp-content\/uploads\/2025\/04\/songte-cylinder-head-with-all-kinds-excavator-models.webp\" alt=\"Silindir Kapa\u011f\u0131 G\u00f6r\u00fcnt\u00fcs\u00fc\"><\/p>\n<h2>Bom Silindirinin Uygulamalar\u0131<\/h2>\n<ul>\n<li>\n<h3>\u0130n\u015faat Ekipmanlar\u0131<\/h3>\n<p>Ekskavat\u00f6rlerde bom silindirleri, kazma, y\u00fckleme ve toprak veya moloz ta\u015f\u0131ma i\u00e7in hayati \u00f6nem ta\u015f\u0131r. Sadece kaz\u0131 de\u011fil, ayn\u0131 zamanda malzeme kald\u0131rma i\u015flemlerini de m\u00fcmk\u00fcn k\u0131larak, makinenin \u015fantiyelerdeki \u00e7ok y\u00f6nl\u00fcl\u00fc\u011f\u00fcn\u00fc ve etkinli\u011fini art\u0131r\u0131r.<\/h3>\n<\/li>\n<li>\n<h3>Tar\u0131m Makinalar\u0131<\/h3>\n<p>\u00d6n y\u00fckleyicilerde bu silindirler, toprak, saman ve di\u011fer malzemelerin kep\u00e7elenmesini, kald\u0131r\u0131lmas\u0131n\u0131 ve ta\u015f\u0131nmas\u0131n\u0131 kolayla\u015ft\u0131r\u0131r. Tasar\u0131mlar\u0131, operat\u00f6rlerin tar\u0131msal g\u00f6revleri verimli bir \u015fekilde ger\u00e7ekle\u015ftirmelerini sa\u011flayarak \u00e7ift\u00e7ilik faaliyetlerinde verimlili\u011fi art\u0131r\u0131r.<\/h3>\n<\/li>\n<li>\n<h3>Ekskavat\u00f6rler<\/h3>\n<p>Kova silindirleri, ekskavat\u00f6rlerin topra\u011f\u0131 etkili bir \u015fekilde delmesini sa\u011flayarak kazma i\u015flemini kolayla\u015ft\u0131r\u0131r. \u0130\u015flevsellikleri, \u00e7e\u015fitli toprak i\u015fleme g\u00f6revlerinde optimum performans elde etmek i\u00e7in olmazsa olmazd\u0131r.<\/h3>\n<\/li>\n<li>\n<h3>Y\u00fckleyiciler<\/h3>\n<p>\u00d6n y\u00fckleyicilerde bom silindirleri, y\u00fcklerin etkili bir \u015fekilde kald\u0131r\u0131lmas\u0131na ve bo\u015falt\u0131lmas\u0131na yard\u0131mc\u0131 olur ve bu da onlar\u0131 in\u015faat ve peyzaj uygulamalar\u0131nda malzeme ta\u015f\u0131ma i\u00e7in vazge\u00e7ilmez k\u0131lar.<\/h3>\n<\/li>\n<\/ul>\n<h2>Tasar\u0131m Hususlar\u0131 ve Se\u00e7im Kriterleri<\/h2>\n<ul>\n<li>\n<h3>Y\u00fck Kapasitesi<\/h3>\n<p>Bir bom silindiri se\u00e7erken, y\u00fck kapasitesini g\u00f6z \u00f6n\u00fcnde bulundurmak \u00e7ok \u00f6nemlidir. Silindir, operasyonlar s\u0131ras\u0131nda kar\u015f\u0131la\u015faca\u011f\u0131 maksimum a\u011f\u0131rl\u0131\u011f\u0131 kald\u0131rabilmelidir. Bu, a\u011f\u0131r kald\u0131rma senaryolar\u0131nda g\u00fcvenlik ve g\u00fcvenilirlik sa\u011flar. Yeterli y\u00fck kapasitesi, ar\u0131zalar\u0131 \u00f6nler ve ekipman\u0131n \u00f6mr\u00fcn\u00fc uzat\u0131r.<\/h3>\n<\/li>\n<li>\n<h3>S\u0131zd\u0131rmazl\u0131k<\/h3>\n<p>Hidrolik s\u0131v\u0131 s\u0131z\u0131nt\u0131lar\u0131n\u0131 \u00f6nlemek i\u00e7in etkili s\u0131zd\u0131rmazl\u0131k hayati \u00f6nem ta\u015f\u0131r. Poli\u00fcretan ve nitril kau\u00e7uk gibi dayan\u0131kl\u0131 malzemelerden \u00fcretilen y\u00fcksek kaliteli contalar, silindirin g\u00fcvenilirli\u011fini art\u0131r\u0131r. Do\u011fru s\u0131zd\u0131rmazl\u0131k, optimum performans sa\u011flar ve s\u0131v\u0131 kayb\u0131n\u0131 \u00f6nleyerek bak\u0131m maliyetlerini azalt\u0131r.<\/h3>\n<\/li>\n<li>\n<h3>Dayan\u0131kl\u0131l\u0131k<\/h3>\n<p>Dayan\u0131kl\u0131l\u0131k, bom silindiri se\u00e7iminde \u00f6nemli bir fakt\u00f6rd\u00fcr. Yap\u0131s\u0131nda ve genel tasar\u0131m\u0131nda kullan\u0131lan malzemeler, a\u015f\u0131r\u0131 s\u0131cakl\u0131klar, nem ve a\u015f\u0131nd\u0131r\u0131c\u0131 malzemeler gibi zorlu \u00e7al\u0131\u015fma ko\u015fullar\u0131na dayan\u0131kl\u0131 olmal\u0131d\u0131r. Dayan\u0131kl\u0131 bir silindir, ar\u0131za s\u00fcresini ve bak\u0131m ihtiyac\u0131n\u0131 azalt\u0131r.<\/h3>\n<\/li>\n<li>\n<h3>Emniyet<\/h3>\n<p>\u00c7al\u0131\u015fma s\u0131ras\u0131nda g\u00fcvenlik \u00f6zellikleri olmazsa olmazd\u0131r. Silindir, kazara devreye girmeyi \u00f6nlemek ve a\u011f\u0131r y\u00fcklerin g\u00fcvenli bir \u015fekilde ta\u015f\u0131nmas\u0131n\u0131 sa\u011flamak i\u00e7in dahili g\u00fcvenlik mekanizmalar\u0131na sahip olmal\u0131d\u0131r. Tasar\u0131m ve kullan\u0131mda g\u00fcvenlik standartlar\u0131na uyulmas\u0131, hem operat\u00f6rlerin hem de makinelerin korunmas\u0131na yard\u0131mc\u0131 olur.<\/h3>\n<\/li>\n<li>\n<h3>Bak\u0131m kolayl\u0131\u011f\u0131<\/h3>\n<p>Bak\u0131m kolayl\u0131\u011f\u0131 kritik bir husustur. Basit bak\u0131m prosed\u00fcrleri i\u00e7in tasarlanm\u0131\u015f silindirler, h\u0131zl\u0131 kontrol, ya\u011flama ve conta de\u011fi\u015fimlerine olanak tan\u0131r. Bu, operasyonel kesintileri en aza indirir ve makinelerin verimlili\u011fini art\u0131r\u0131r.<\/h3>\n<\/li>\n<\/ul>\n<p><img decoding=\"async\" src=\"https:\/\/www.hydraulic-cylinders.net\/wp-content\/uploads\/2025\/04\/songte-oil-pipes-and-spare-parts.webp\" alt=\"Petrol Borular\u0131 ve Yedek Par\u00e7a G\u00f6rseli\"><\/p>\n<h2>Silindirin S\u0131zd\u0131rmazl\u0131\u011f\u0131 ve Ya\u011flanmas\u0131<\/h2>\n<p>Hidrolik silindirlerin uzun \u00f6m\u00fcrl\u00fc ve verimli olmas\u0131 i\u00e7in etkili s\u0131zd\u0131rmazl\u0131k ve ya\u011flama olmazsa olmazd\u0131r. Piston contalar\u0131 ve piston kolu contalar\u0131 gibi \u00e7e\u015fitli contalar, s\u0131z\u0131nt\u0131lar\u0131 \u00f6nlemek ve sistem i\u00e7indeki bas\u0131nc\u0131 korumak i\u00e7in kullan\u0131l\u0131r. A\u015f\u0131nma direnci nedeniyle poli\u00fcretan ve nitril kau\u00e7uk gibi malzemeler tercih edildi\u011finden, conta se\u00e7imi kritik \u00f6neme sahiptir.<\/p>\n<p>Silindir g\u00f6vdesi ve di\u015fli u\u00e7 y\u00fczeyleri, a\u015f\u0131nma direncini art\u0131rmak ve zaman i\u00e7inde optimum performans sa\u011flamak i\u00e7in titizlikle i\u015flenmi\u015ftir. Hareketli par\u00e7alar aras\u0131ndaki s\u00fcrt\u00fcnme ve a\u015f\u0131nmay\u0131 en aza indirmek ve hidrolik sistemin genel verimlili\u011fine katk\u0131da bulunmak i\u00e7in uygun hidrolik ya\u011f ile d\u00fczenli ya\u011flama da gereklidir. Operasyonel ar\u0131zalar\u0131 \u00f6nlemek i\u00e7in, conta b\u00fct\u00fcnl\u00fc\u011f\u00fc ve ya\u011flama seviyeleri i\u00e7in rutin kontroller her bak\u0131m program\u0131n\u0131n bir par\u00e7as\u0131 olmal\u0131d\u0131r.<\/p>\n<h2>D\u00fczenli Muayene ve \u00d6nleyici Bak\u0131m \u00d6nlemleri<\/h2>\n<ul>\n<li>\n<h3>D\u00fczenli Denetimler<\/h3>\n<p>Olas\u0131 sorunlar\u0131 b\u00fcy\u00fcmeden \u00f6nce tespit etmek i\u00e7in d\u00fczenli denetimler yapmak \u00e7ok \u00f6nemlidir. Operat\u00f6rler, g\u00f6zle g\u00f6r\u00fcl\u00fcr s\u0131z\u0131nt\u0131lar\u0131, ola\u011fand\u0131\u015f\u0131 sesleri ve a\u015f\u0131nma belirtilerini kontrol etmelidir. Erken tespit, zaman\u0131nda m\u00fcdahaleyi sa\u011flayarak maliyetli onar\u0131mlar\u0131 \u00f6nler.<\/h3>\n<\/li>\n<li>\n<h3>Uygun Ya\u011flama<\/h3>\n<p>Silindirin yeterli \u015fekilde ya\u011flanmas\u0131, hareketli par\u00e7alardaki a\u015f\u0131nmay\u0131 azaltmaya yard\u0131mc\u0131 olur. Operat\u00f6rler, ya\u011flama aral\u0131klar\u0131 ve ya\u011f t\u00fcrleri konusunda \u00fcreticinin \u00f6nerilerine uymal\u0131d\u0131r. Do\u011fru ya\u011flama, hidrolik sistemin verimlili\u011fini ve \u00f6mr\u00fcn\u00fc art\u0131r\u0131r.<\/h3>\n<\/li>\n<li>\n<h3>Conta De\u011fi\u015fimi<\/h3>\n<p>Contalar, \u00f6nerilen aral\u0131klarla veya a\u015f\u0131nma belirtileri g\u00f6r\u00fcld\u00fc\u011f\u00fcnde de\u011fi\u015ftirilmelidir. Conta b\u00fct\u00fcnl\u00fc\u011f\u00fcn\u00fcn korunmas\u0131, performans sorunlar\u0131na ve g\u00fcvenlik tehlikelerine yol a\u00e7abilen hidrolik s\u0131v\u0131 s\u0131z\u0131nt\u0131lar\u0131n\u0131 \u00f6nler. Contalar\u0131n d\u00fczenli olarak de\u011fi\u015ftirilmesi, hidrolik silindirlerin \u00f6mr\u00fcn\u00fc \u00f6nemli \u00f6l\u00e7\u00fcde uzatabilir.<\/h3>\n<\/li>\n<\/ul>\n<h2>Kurulum Talimatlar\u0131<\/h2>\n<p>Bir bom silindirinin montaj\u0131, d\u00fczg\u00fcn \u00e7al\u0131\u015fmas\u0131n\u0131 ve g\u00fcvenli\u011fini sa\u011flamak i\u00e7in dikkatli bir \u00e7al\u0131\u015fma gerektirir. \u00c7al\u0131\u015fma alan\u0131n\u0131n a\u00e7\u0131k ve g\u00fcvenli oldu\u011fundan emin olarak i\u015fe ba\u015flay\u0131n. Silindirin do\u011fru hizalanmas\u0131 kritik \u00f6neme sahiptir; a\u015f\u0131r\u0131 stresi ve olas\u0131 ar\u0131zalar\u0131 \u00f6nlemek i\u00e7in hidrolik sistemle hizalanmal\u0131d\u0131r.<\/p>\n<p>Silindiri yerinde sabitlemek i\u00e7in uygun montaj braketlerini kullan\u0131n. Hidrolik bas\u0131nc\u0131 korumak i\u00e7in ba\u011flant\u0131lar\u0131n s\u0131k\u0131 ve s\u0131zd\u0131rmaz oldu\u011fundan emin olun. Kurulumdan sonra, t\u00fcm bile\u015fenlerin do\u011fru \u015fekilde tak\u0131ld\u0131\u011f\u0131ndan ve ama\u00e7land\u0131\u011f\u0131 gibi \u00e7al\u0131\u015ft\u0131\u011f\u0131ndan emin olmak i\u00e7in kapsaml\u0131 bir inceleme yap\u0131n. Tam \u00e7al\u0131\u015fma bas\u0131nc\u0131na ge\u00e7meden \u00f6nce, s\u0131z\u0131nt\u0131lar\u0131 kontrol etmek i\u00e7in sistemi d\u00fc\u015f\u00fck bas\u0131n\u00e7 alt\u0131nda test edin.<\/p>\n<h2>Bak\u0131m G\u00f6revleri<\/h2>\n<ul>\n<li>\n<h3>D\u00fczenli Kontroller<\/h3>\n<p>Hidrolik sistemde rutin kontrollerin yap\u0131lmas\u0131, olas\u0131 sorunlar\u0131n erken tespit edilmesini sa\u011flayarak g\u00fcvenli bir \u00e7al\u0131\u015fma sa\u011flar. Operat\u00f6rler performans\u0131 izlemeli ve ola\u011fand\u0131\u015f\u0131 davran\u0131\u015flar\u0131 denetlemelidir.<\/h3>\n<\/li>\n<li>\n<h3>Uygun Ya\u011flama<\/h3>\n<p>Silindir performans\u0131n\u0131n korunmas\u0131 i\u00e7in do\u011fru ya\u011flama esast\u0131r. \u00dcreticinin ya\u011flama s\u0131kl\u0131\u011f\u0131 ve ya\u011f t\u00fcr\u00fc talimatlar\u0131na uymak \u00e7ok \u00f6nemlidir. D\u00fczenli ya\u011flama, a\u015f\u0131nmay\u0131 azaltmaya ve silindirin \u00f6mr\u00fcn\u00fc uzatmaya yard\u0131mc\u0131 olur.<\/h3>\n<\/li>\n<li>\n<h3>Conta De\u011fi\u015fimi ve Kalibrasyonu<\/h3>\n<p>Gerekti\u011finde contalar\u0131n de\u011fi\u015ftirilmesi ve kalibrasyon kontrollerinin yap\u0131lmas\u0131 optimum performans sa\u011flar. Do\u011fru \u015fekilde kalibre edilmi\u015f sistemler daha verimli ve g\u00fcvenli \u00e7al\u0131\u015f\u0131r. Bu bile\u015fenlerin d\u00fczenli bak\u0131m\u0131, s\u0131z\u0131nt\u0131lar\u0131 \u00f6nler ve hidrolik silindirin kullan\u0131m \u00f6mr\u00fcn\u00fc uzat\u0131r.<\/h3>\n<\/li>\n<\/ul>\n<p><img decoding=\"async\" src=\"https:\/\/www.hydraulic-cylinders.net\/wp-content\/uploads\/2025\/04\/songte-chushion-collar.webp\" alt=\"Yast\u0131k Yaka G\u00f6rseli\"><\/p>\n<h2>G\u00fcvenlik Hususlar\u0131 ve \u00c7evresel Fakt\u00f6rler<\/h2>\n<p>Hidrolik silindirleri kullan\u0131rken g\u00fcvenlik \u00f6nlemlerini anlamak son derece \u00f6nemlidir. Operat\u00f6rler, y\u00fcksek bas\u0131n\u00e7 riskleri ve ki\u015fisel koruyucu ekipman\u0131n \u00f6nemi de dahil olmak \u00fczere hidrolik sistemlerle ili\u015fkili tehlikeleri anlayacak \u015fekilde e\u011fitilmelidir. G\u00fcvenlik protokollerinin uygulanmas\u0131, kaza ve yaralanmalar\u0131 \u00f6nleyebilir.<\/p>\n<p>\u00c7evresel a\u00e7\u0131dan, ekosisteme zarar verebilecek s\u0131z\u0131nt\u0131 ve d\u00f6k\u00fclmeleri \u00f6nlemek i\u00e7in hidrolik s\u0131v\u0131lar\u0131n do\u011fru \u015fekilde y\u00f6netilmesi hayati \u00f6nem ta\u015f\u0131r. D\u00fczenli bak\u0131m ve denetimler, hidrolik sistemlerin verimli ve g\u00fcvenli bir \u015fekilde \u00e7al\u0131\u015fmas\u0131n\u0131 sa\u011flayarak \u00e7evresel etkiyi en aza indirir.<\/p>\n<h2>Sorun Giderme ve Yayg\u0131n Sorunlar<\/h2>\n<ul>\n<li>\n<h3>S\u0131z\u0131nt\u0131<\/h3>\n<p>Hidrolik s\u0131v\u0131 s\u0131z\u0131nt\u0131lar\u0131, a\u015f\u0131nm\u0131\u015f contalar veya gev\u015fek ba\u011flant\u0131lar nedeniyle meydana gelebilir. Contalar\u0131 a\u015f\u0131nma a\u00e7\u0131s\u0131ndan inceleyin ve t\u00fcm ba\u011flant\u0131 par\u00e7alar\u0131n\u0131n s\u0131k\u0131 oldu\u011fundan emin olun. A\u015f\u0131nm\u0131\u015f contalar\u0131 de\u011fi\u015ftirmek ve ba\u011flant\u0131lar\u0131 d\u00fczg\u00fcn bir \u015fekilde sabitlemek bu sorunu \u00e7\u00f6zebilir.<\/h3>\n<\/li>\n<li>\n<h3>Zay\u0131f Performans<\/h3>\n<p>Silindir iyi tepki vermiyorsa, yetersiz hidrolik s\u0131v\u0131s\u0131 seviyesi veya sistemde hava olup olmad\u0131\u011f\u0131n\u0131 kontrol edin. Sistemin havas\u0131n\u0131 almak ve uygun s\u0131v\u0131 seviyelerini sa\u011flamak performans\u0131 art\u0131rabilir.<\/h3>\n<\/li>\n<li>\n<h3>Al\u0131\u015f\u0131lmad\u0131k Sesler<\/h3>\n<p>Ola\u011fand\u0131\u015f\u0131 sesler, i\u00e7 hasar veya ya\u011flama eksikli\u011finin g\u00f6stergesi olabilir. Silindiri hasar a\u00e7\u0131s\u0131ndan inceleyin ve daha fazla sorun ya\u015famamak i\u00e7in d\u00fczg\u00fcn ya\u011fland\u0131\u011f\u0131ndan emin olun.<\/h3>\n<\/li>\n<\/ul>\n<h2>Sorun Giderme \u0130pu\u00e7lar\u0131<\/h2>\n<p>Sorunlar\u0131 etkili bir \u015fekilde te\u015fhis edip \u00e7\u00f6zmek i\u00e7in operat\u00f6rler sistematik bir yakla\u015f\u0131m izlemelidir. \u0130lk olarak, g\u00f6zle g\u00f6r\u00fcl\u00fcr s\u0131z\u0131nt\u0131lar\u0131 ve anormal sesleri kontrol edin. Hidrolik s\u0131v\u0131 seviyesinin yeterli oldu\u011fundan ve sistemde hava cepleri olmad\u0131\u011f\u0131ndan emin olun. Rutin bak\u0131m ve muayeneler gibi d\u00fczenli \u00f6nleyici tedbirler, bu sorunlarla kar\u015f\u0131la\u015fma olas\u0131l\u0131\u011f\u0131n\u0131 \u00f6nemli \u00f6l\u00e7\u00fcde azaltabilir.<\/p>\n<p>Uygun bak\u0131m y\u00f6nergelerine uyulmas\u0131 ve sorunlar\u0131n proaktif bir \u015fekilde ele al\u0131nmas\u0131yla operat\u00f6rler, hidrolik silindirlerin kullan\u0131m \u00f6mr\u00fcn\u00fc uzatabilir ve operasyonel verimlili\u011fi koruyabilirler.<\/p>\n<p><img decoding=\"async\" src=\"https:\/\/www.hydraulic-cylinders.net\/wp-content\/uploads\/2025\/04\/songte-bushings-with-all-kinds-of-excavator-models.webp\" alt=\"Bur\u00e7lar G\u00f6r\u00fcnt\u00fcs\u00fc\"><\/p>\n<h2>\u015eirketimiz Hakk\u0131nda<\/h2>\n<p>\u00c7e\u015fitli uygulamalar i\u00e7in y\u00fcksek kaliteli yedek silindirler sa\u011flama konusunda uzmanla\u015fm\u0131\u015f, lider bir hidrolik silindir \u00fcreticisiyiz. Geni\u015f \u00fcr\u00fcn yelpazemiz, bizi hem yurt i\u00e7i hem de yurt d\u0131\u015f\u0131 pazarlarda \u00f6nemli bir oyuncu konumuna getirmi\u015ftir. M\u00fckemmelli\u011fe olan ba\u011fl\u0131l\u0131\u011f\u0131m\u0131z ve geli\u015fmi\u015f \u00fcretim teknolojileri ile profesyonel test sistemlerinden yararlanan rafine \u00fcretim y\u00f6netimi stratejilerimizle gurur duyuyoruz.<\/p>\n<p>Kaliteye olan g\u00fc\u00e7l\u00fc odaklanmam\u0131zla, \u00fcretim s\u00fcre\u00e7lerimizi s\u00fcrekli geli\u015ftirerek y\u00fcksek verimlilik, do\u011fruluk ve \u00fcr\u00fcn kalitesi sa\u011fl\u0131yoruz. Uzmanl\u0131\u011f\u0131m\u0131z, uluslararas\u0131 standartlara uygun \u00f6zelle\u015ftirilmi\u015f \u00e7\u00f6z\u00fcmler sunarak farkl\u0131 m\u00fc\u015fteri ihtiya\u00e7lar\u0131n\u0131 kar\u015f\u0131lamam\u0131z\u0131 sa\u011fl\u0131yor.<\/p>\n<p><img decoding=\"async\" src=\"https:\/\/www.hydraulic-cylinders.net\/wp-content\/uploads\/2025\/04\/songte-company-4.webp\" alt=\"\u015eirket \u0130maj\u0131\"><br \/>\n<img decoding=\"async\" src=\"https:\/\/www.hydraulic-cylinders.net\/wp-content\/uploads\/2025\/04\/songte-company-3.webp\" alt=\"\u015eirket \u0130maj\u0131\"><\/p>\n<p>Yazar: lyl<\/p>","protected":false},"excerpt":{"rendered":"<p>Boom Cylinder For Bonny WAYDQ50-5 Introduction to Boom Cylinder The Boom Cylinder, specifically designed for the Bonny WAYDQ50-5, is a vital component in hydraulic systems that control the movement of heavy machinery buckets. This hydraulic cylinder is primarily used to manage the operation of buckets in excavators, backhoes, and front loaders, allowing the bucket to [&hellip;]<\/p>","protected":false},"featured_media":17880,"comment_status":"open","ping_status":"closed","template":"","meta":{"_et_pb_use_builder":"","_et_pb_old_content":"","_et_gb_content_width":""},"product_brand":[],"product_cat":[1546],"product_tag":[1547,1496],"class_list":{"0":"post-19662","1":"product","2":"type-product","3":"status-publish","4":"has-post-thumbnail","6":"product_cat-boom-cylinders","7":"product_tag-boom-cylinders","8":"product_tag-hydraulic-cylinders","10":"first","11":"instock","12":"shipping-taxable","13":"product-type-simple"},"amp_enabled":true,"_links":{"self":[{"href":"https:\/\/www.hydraulic-cylinders.net\/tr\/wp-json\/wp\/v2\/product\/19662","targetHints":{"allow":["GET"]}}],"collection":[{"href":"https:\/\/www.hydraulic-cylinders.net\/tr\/wp-json\/wp\/v2\/product"}],"about":[{"href":"https:\/\/www.hydraulic-cylinders.net\/tr\/wp-json\/wp\/v2\/types\/product"}],"replies":[{"embeddable":true,"href":"https:\/\/www.hydraulic-cylinders.net\/tr\/wp-json\/wp\/v2\/comments?post=19662"}],"wp:featuredmedia":[{"embeddable":true,"href":"https:\/\/www.hydraulic-cylinders.net\/tr\/wp-json\/wp\/v2\/media\/17880"}],"wp:attachment":[{"href":"https:\/\/www.hydraulic-cylinders.net\/tr\/wp-json\/wp\/v2\/media?parent=19662"}],"wp:term":[{"taxonomy":"product_brand","embeddable":true,"href":"https:\/\/www.hydraulic-cylinders.net\/tr\/wp-json\/wp\/v2\/product_brand?post=19662"},{"taxonomy":"product_cat","embeddable":true,"href":"https:\/\/www.hydraulic-cylinders.net\/tr\/wp-json\/wp\/v2\/product_cat?post=19662"},{"taxonomy":"product_tag","embeddable":true,"href":"https:\/\/www.hydraulic-cylinders.net\/tr\/wp-json\/wp\/v2\/product_tag?post=19662"}],"curies":[{"name":"wp","href":"https:\/\/api.w.org\/{rel}","templated":true}]}}