{"id":19663,"date":"2025-04-07T07:00:25","date_gmt":"2025-04-07T07:00:25","guid":{"rendered":"https:\/\/www.hydraulic-cylinders.net\/product\/boom-cylinder-for-bonny-ced460-8-ced480-9\/"},"modified":"2025-04-07T07:00:28","modified_gmt":"2025-04-07T07:00:28","slug":"boom-cylinder-for-bonny-ced460-8-ced480-9","status":"publish","type":"product","link":"https:\/\/www.hydraulic-cylinders.net\/tr\/urun\/boom-cylinder-for-bonny-ced460-8-ced480-9\/","title":{"rendered":"Bonny CED460-8\/CED480-9 i\u00e7in Bom Silindiri"},"content":{"rendered":"<h1>Bonny CED460-8\/CED480-9 i\u00e7in Bom Silindiri<\/h1>\n<h2>\u00dcr\u00fcn Genel Bak\u0131\u015f\u0131<\/h2>\n<p>Kep\u00e7e silindiri, \u00f6zellikle ekskavat\u00f6rlerde, kaz\u0131c\u0131 y\u00fckleyicilerde ve \u00f6n y\u00fckleyicilerde kep\u00e7elerin hareketini kontrol etmek i\u00e7in tasarlanm\u0131\u015f, a\u011f\u0131r makinelerde kullan\u0131lan \u00f6nemli bir bile\u015fendir. Bu hidrolik silindir, operat\u00f6rlerin kep\u00e7eyi etkili bir \u015fekilde kald\u0131rmas\u0131na, indirmesine ve e\u011fmesine olanak tan\u0131yarak \u00e7e\u015fitli malzeme ta\u015f\u0131ma g\u00f6revlerini kolayla\u015ft\u0131r\u0131r. Bir t\u00fcr hidrolik silindir olan kep\u00e7e silindiri, hidrolik enerjiyi mekanik enerjiye d\u00f6n\u00fc\u015ft\u00fcrerek kep\u00e7eyi hassas bir \u015fekilde hareket ettirir.<\/p>\n<p><img decoding=\"async\" src=\"https:\/\/www.hydraulic-cylinders.net\/wp-content\/uploads\/2025\/04\/songte-company-1.webp\" alt=\"Bom Silindiri\" \/><\/p>\n<h3>Kova Silindirlerini Anlamak<\/h3>\n<p>Kova silindirleri, in\u015faat ve tar\u0131m makinelerinde verimli \u00e7al\u0131\u015fmay\u0131 sa\u011flayan hidrolik sistemlerde kritik bir rol oynar. Hidrolik ya\u011f bas\u0131nc\u0131n\u0131 kullanarak \u00e7al\u0131\u015f\u0131rlar ve d\u00fczg\u00fcn uzatma ve geri \u00e7ekme hareketlerine olanak tan\u0131rlar. Bu i\u015flevsellik, kazma, kald\u0131rma ve malzeme ta\u015f\u0131ma gibi i\u015fler i\u00e7in \u00e7ok \u00f6nemlidir ve a\u011f\u0131r hizmet uygulamalar\u0131nda vazge\u00e7ilmezdir.<\/p>\n<h2>Bom Silindirinin \u00d6zellikleri<\/h2>\n<ul>\n<li><strong>Y\u00fcksek Dayan\u0131kl\u0131l\u0131k ve Dayan\u0131kl\u0131l\u0131k:<\/strong> Y\u00fcksek mukavemetli \u00e7elik veya al\u00fcminyumdan \u00fcretilen bu silindirler, y\u00fcksek bas\u0131n\u00e7lara ve a\u011f\u0131r y\u00fcklere dayanabilirken zorlu \u00e7al\u0131\u015fma ortamlar\u0131na da uyum sa\u011flarlar. A\u015f\u0131nma ve korozyon direnci g\u00f6z \u00f6n\u00fcnde bulundurularak tasarlanm\u0131\u015f olup, kullan\u0131m \u00f6m\u00fcrleri uzat\u0131lm\u0131\u015ft\u0131r.<\/li>\n<li><strong>Verimli Hidrolik \u00c7al\u0131\u015fma:<\/strong> Silindir, d\u00fczg\u00fcn uzatma ve geri \u00e7ekme i\u00e7in hidrolik ya\u011f bas\u0131nc\u0131n\u0131 kullan\u0131r, operat\u00f6r komutlar\u0131na h\u0131zl\u0131 yan\u0131t verir ve a\u011f\u0131r ve karma\u015f\u0131k i\u015flerin \u00fcstesinden gelmek i\u00e7in ideal olan g\u00fc\u00e7l\u00fc itme-\u00e7ekme kuvvetleri sa\u011flar.<\/li>\n<li><strong>\u00c7e\u015fitli T\u00fcrler:<\/strong> Tek y\u00f6nl\u00fc (hidrolik kuvveti tek y\u00f6nde kullanan) veya \u00e7ift y\u00f6nl\u00fc (hidrolik kuvveti her iki y\u00f6nde kullanan) konfig\u00fcrasyonlarda mevcuttur ve \u00e7e\u015fitli \u00e7al\u0131\u015fma ihtiya\u00e7lar\u0131na olanak tan\u0131r. Baz\u0131 modeller teleskopiktir, bu da d\u0131\u015f boyutlar\u0131 art\u0131rmadan daha fazla uzatmaya olanak tan\u0131r; bu da alan k\u0131s\u0131tlamal\u0131 uygulamalar i\u00e7in faydal\u0131d\u0131r.<\/li>\n<\/ul>\n<p>Bu \u00fcr\u00fcn\u00fc \u00fcretebiliriz ve sundu\u011fumuz \u00fcr\u00fcnler bu hidrolik silindirlerin yerini m\u00fckemmel \u015fekilde almaktad\u0131r.<\/p>\n<p><img decoding=\"async\" src=\"https:\/\/www.hydraulic-cylinders.net\/wp-content\/uploads\/2025\/04\/songte-cylinder-head-with-all-kinds-excavator-models.webp\" alt=\"Silindir Kapa\u011f\u0131\" \/><\/p>\n<h2>Bom Silindirinin Uygulamalar\u0131<\/h2>\n<h3>\u0130n\u015faat Ekipmanlar\u0131<\/h3>\n<p>Ekskavat\u00f6rlerde, bom silindirleri topra\u011f\u0131 veya molozu kazmak, y\u00fcklemek ve ta\u015f\u0131mak i\u00e7in \u00e7ok \u00f6nemlidir. Topra\u011f\u0131 delmek ve malzemeleri verimli bir \u015fekilde kald\u0131rmak i\u00e7in gerekli g\u00fcc\u00fc sa\u011flarlar. Benzer \u015fekilde, kaz\u0131c\u0131 y\u00fckleyicilerde, kep\u00e7e silindiri hem kazma hem de kald\u0131rma i\u015flemlerine yard\u0131mc\u0131 olarak \u015fantiyelerde verimlili\u011fi en \u00fcst d\u00fczeye \u00e7\u0131kar\u0131r.<\/p>\n<h3>Tar\u0131m Makinalar\u0131<\/h3>\n<p>\u00d6n y\u00fckleyicilerde bu silindirler, toprak, saman ve di\u011fer malzemelerin kep\u00e7elenmesi, kald\u0131r\u0131lmas\u0131 ve ta\u015f\u0131nmas\u0131 i\u00e7in \u00e7ok \u00f6nemlidir. G\u00fcvenilir performanslar\u0131, zaman\u0131nda malzeme ta\u015f\u0131mas\u0131n\u0131n \u00e7iftlik faaliyetleri i\u00e7in kritik \u00f6nem ta\u015f\u0131d\u0131\u011f\u0131 tar\u0131msal uygulamalarda onlar\u0131 vazge\u00e7ilmez k\u0131lmaktad\u0131r.<\/p>\n<h3>Ekskavat\u00f6rler<\/h3>\n<p>Kep\u00e7e silindiri, kep\u00e7enin topra\u011fa n\u00fcfuz etmesini sa\u011flayarak verimli kazma i\u015flemlerine olanak tan\u0131r. Bu \u00f6zellik, kaz\u0131 s\u00fcrecini \u00f6nemli \u00f6l\u00e7\u00fcde geli\u015ftirerek i\u015flerin etkili bir \u015fekilde ve istenen zaman dilimleri i\u00e7inde tamamlanmas\u0131n\u0131 sa\u011flar.<\/p>\n<h3>Y\u00fckleyiciler<\/h3>\n<p>\u00d6n y\u00fckleyicilerde, bom silindirleri y\u00fcklerin etkili bir \u015fekilde kald\u0131r\u0131lmas\u0131na ve bo\u015falt\u0131lmas\u0131na yard\u0131mc\u0131 olarak malzemelerin h\u0131zl\u0131 ve do\u011fru bir \u015fekilde ta\u015f\u0131nmas\u0131n\u0131 sa\u011flar. Sa\u011flam tasar\u0131mlar\u0131, \u00f6nemli miktarda kald\u0131rma kuvveti gerektiren g\u00f6revlerin yerine getirilmesine yard\u0131mc\u0131 olur.<\/p>\n<h2>Tasar\u0131m Hususlar\u0131 ve Se\u00e7im Kriterleri<\/h2>\n<h3>Y\u00fck Kapasitesi<\/h3>\n<p>Bom silindiri se\u00e7erken, y\u00fck kapasitesini anlamak son derece \u00f6nemlidir. Hidrolik silindir, \u00e7al\u0131\u015fma s\u0131ras\u0131nda kar\u015f\u0131la\u015faca\u011f\u0131 maksimum y\u00fcke dayanabilecek kapasitede olmal\u0131d\u0131r. Bu, yaln\u0131zca verimlili\u011fi de\u011fil, kullan\u0131m s\u0131ras\u0131nda g\u00fcvenli\u011fi de sa\u011flar. \u00dcreticiler genellikle optimum performans i\u00e7in uyulmas\u0131 gereken y\u00fck s\u0131n\u0131rlar\u0131n\u0131 detayland\u0131ran \u00f6zellikler sunarlar.<\/p>\n<h3>S\u0131zd\u0131rmazl\u0131k<\/h3>\n<p>Hidrolik silindirlerde s\u0131v\u0131 s\u0131z\u0131nt\u0131s\u0131n\u0131 \u00f6nlemek i\u00e7in etkili s\u0131zd\u0131rmazl\u0131k \u00e7ok \u00f6nemlidir. Conta se\u00e7imi, silindirin \u00f6mr\u00fcn\u00fc ve verimlili\u011fini b\u00fcy\u00fck \u00f6l\u00e7\u00fcde etkileyebilir. Poli\u00fcretan veya nitril kau\u00e7uk gibi malzemelerden yap\u0131lm\u0131\u015f y\u00fcksek kaliteli contalar, m\u00fckemmel a\u015f\u0131nma direnci g\u00f6sterdikleri i\u00e7in tavsiye edilir.<\/p>\n<h3>Dayan\u0131kl\u0131l\u0131k<\/h3>\n<p>\u00d6zellikle zorlu ortamlarda, bom silindiri de\u011ferlendirilirken dayan\u0131kl\u0131l\u0131k \u00f6nemli bir husustur. Silindirler, a\u015f\u0131r\u0131 s\u0131cakl\u0131klar ve d\u0131\u015f etkenlere maruz kalma da dahil olmak \u00fczere zorlu ko\u015fullara dayanacak \u015fekilde tasarlanmal\u0131d\u0131r. D\u00fczenli de\u011ferlendirmeler ve y\u00fcksek kaliteli malzemelerin se\u00e7imi, \u00fcr\u00fcn\u00fcn dayan\u0131kl\u0131l\u0131\u011f\u0131n\u0131 art\u0131rabilir.<\/p>\n<h3>Emniyet<\/h3>\n<p>Hidrolik silindir tasar\u0131m\u0131nda g\u00fcvenlik \u00f6zellikleri ayr\u0131lmaz bir par\u00e7ad\u0131r. Bu, a\u015f\u0131r\u0131 y\u00fcklenmeyi ve olas\u0131 ar\u0131zalar\u0131 \u00f6nlemek i\u00e7in emniyet valfleri ve bas\u0131n\u00e7 tahliye mekanizmalar\u0131n\u0131n dahil edilmesini i\u00e7erir. D\u00fczenli bak\u0131m kontrolleri, hidrolik ar\u0131zalarla ili\u015fkili riskleri daha da azaltabilir.<\/p>\n<h3>Bak\u0131m ve Servis Kolayl\u0131\u011f\u0131<\/h3>\n<p>Bom silindiri se\u00e7ilirken bak\u0131m kolayl\u0131\u011f\u0131 ve servis edilebilirlik g\u00f6z \u00f6n\u00fcnde bulundurulmal\u0131d\u0131r. Muayene ve modifikasyonlar i\u00e7in kolay eri\u015filebilir bile\u015fenler gibi \u00f6zellikler, ar\u0131za s\u00fcresini ve onar\u0131m maliyetlerini \u00f6nemli \u00f6l\u00e7\u00fcde azaltabilir. Kullan\u0131c\u0131lar ayr\u0131ca silindirin optimum \u00e7al\u0131\u015fma ko\u015fullar\u0131nda kalmas\u0131n\u0131 sa\u011flamak i\u00e7in rutin bak\u0131m k\u0131lavuzlar\u0131na da sahip olmal\u0131d\u0131r.<\/p>\n<p><img decoding=\"async\" src=\"https:\/\/www.hydraulic-cylinders.net\/wp-content\/uploads\/2025\/04\/songte-oil-pipes-and-spare-parts.webp\" alt=\"Petrol Borular\u0131 ve Yedek Par\u00e7alar\u0131\" \/><\/p>\n<h2>S\u0131zd\u0131rmazl\u0131k ve Ya\u011flama<\/h2>\n<p>Hidrolik silindirlerin etkili \u00e7al\u0131\u015fmas\u0131 i\u00e7in uygun s\u0131zd\u0131rmazl\u0131k ve ya\u011flama \u00e7ok \u00f6nemlidir. Piston contalar\u0131 ve mil contalar\u0131 gibi \u00e7e\u015fitli s\u0131zd\u0131rmazl\u0131k bile\u015fenleri, hidrolik s\u0131v\u0131n\u0131n silindir i\u00e7inde kalmas\u0131n\u0131 sa\u011flamak i\u00e7in kullan\u0131l\u0131r. Silindir b\u00fct\u00fcnl\u00fc\u011f\u00fcn\u00fc korumak i\u00e7in poli\u00fcretan ve nitril kau\u00e7uk gibi a\u015f\u0131nmaya dayan\u0131kl\u0131 malzemelerin se\u00e7imi \u015fartt\u0131r. Ayr\u0131ca, a\u015f\u0131nma direncini art\u0131rmak i\u00e7in silindir g\u00f6vdesi ve di\u015fli u\u00e7 y\u00fczeyleri ince bir \u015fekilde i\u015flenmelidir. S\u00fcrt\u00fcnmeyi ve a\u015f\u0131nmay\u0131 en aza indirmek, silindirin sorunsuz \u00e7al\u0131\u015fmas\u0131n\u0131 ve uzun \u00f6m\u00fcrl\u00fc olmas\u0131n\u0131 sa\u011flamak i\u00e7in hidrolik ya\u011f ile d\u00fczenli ya\u011flama gereklidir.<\/p>\n<h2>\u00d6nleyici Bak\u0131m \u00d6nlemleri<\/h2>\n<ul>\n<li><strong>D\u00fczenli Denetimler:<\/strong> S\u0131z\u0131nt\u0131 veya a\u015f\u0131nma belirtilerini tespit etmek i\u00e7in d\u00fczenli g\u00f6rsel ve fonksiyonel incelemeler yap\u0131n. Bu proaktif yakla\u015f\u0131m, potansiyel sorunlar\u0131 erken yakalamaya ve ar\u0131za riskini azaltmaya yard\u0131mc\u0131 olur.<\/li>\n<li><strong>Uygun Ya\u011flama:<\/strong> Hidrolik ya\u011f seviyelerinin yeterli oldu\u011fundan ve ya\u011flaman\u0131n \u00fcreticinin y\u00f6nergelerine g\u00f6re yap\u0131ld\u0131\u011f\u0131ndan emin olun. Bu, silindirin performans\u0131n\u0131 ve \u00f6mr\u00fcn\u00fc korumaya yard\u0131mc\u0131 olacakt\u0131r.<\/li>\n<li><strong>Conta De\u011fi\u015fimi:<\/strong> S\u0131z\u0131nt\u0131lar\u0131 \u00f6nlemek ve hidrolik sistemin verimlili\u011fini korumak i\u00e7in contalar\u0131 d\u00fczenli olarak kontrol edin ve gerekti\u011finde de\u011fi\u015ftirin.<\/li>\n<\/ul>\n<h2>Kurulum Talimatlar\u0131<\/h2>\n<p>Bom silindirinin do\u011fru montaj\u0131, verimli \u00e7al\u0131\u015fmas\u0131 i\u00e7in \u00e7ok \u00f6nemlidir. Montaj i\u015flemine ba\u015flamadan \u00f6nce hidrolik sistemin bas\u0131nc\u0131n\u0131n bo\u015falt\u0131ld\u0131\u011f\u0131ndan emin olun. Silindiri montaj braketleriyle do\u011fru \u015fekilde hizalay\u0131n ve g\u00fcvenli bir \u015fekilde sabitlendi\u011finden emin olun. \u00c7al\u0131\u015fma s\u0131ras\u0131nda herhangi bir hareketi \u00f6nlemek i\u00e7in uygun montaj donan\u0131m\u0131 kullan\u0131n. Hidrolik ba\u011flant\u0131lar\u0131 kontrol etmek ve s\u0131z\u0131nt\u0131 olmad\u0131\u011f\u0131ndan emin olmak da \u00e7ok \u00f6nemlidir. Optimum performans ve g\u00fcvenlik sa\u011flamak i\u00e7in montaj s\u0131ras\u0131nda t\u00fcm \u00fcretici spesifikasyonlar\u0131na ve y\u00f6nergelerine uyun. Son olarak, montajdan sonra silindirin sorunsuz ve etkili bir \u015fekilde \u00e7al\u0131\u015ft\u0131\u011f\u0131n\u0131 do\u011frulamak i\u00e7in bir test \u00e7al\u0131\u015fmas\u0131 yap\u0131n.<\/p>\n<p><img decoding=\"async\" src=\"https:\/\/www.hydraulic-cylinders.net\/wp-content\/uploads\/2025\/04\/songte-chushion-collar.webp\" alt=\"Yast\u0131k Yaka\" \/><\/p>\n<h2>Yayg\u0131n Bak\u0131m G\u00f6revleri<\/h2>\n<h3>D\u00fczenli Kontroller<\/h3>\n<p>Olas\u0131 sorunlar\u0131 b\u00fcy\u00fcmeden \u00f6nce tespit etmek i\u00e7in bom silindirini d\u00fczenli olarak kontrol edin. Bu, s\u0131z\u0131nt\u0131lar\u0131 kontrol etmeyi, contalar\u0131n sa\u011flaml\u0131\u011f\u0131n\u0131 kontrol etmeyi ve hidrolik s\u0131v\u0131 seviyelerinin yeterli oldu\u011fundan emin olmay\u0131 i\u00e7erir. D\u00fczenli kontroller, en y\u00fcksek performans\u0131 korumaya ve maliyetli onar\u0131mlar\u0131 \u00f6nlemeye yard\u0131mc\u0131 olacakt\u0131r.<\/p>\n<h3>Uygun Ya\u011flama<\/h3>\n<p>Hidrolik silindirin do\u011fru \u015fekilde ya\u011flanmas\u0131, s\u00fcrt\u00fcnmeyi ve a\u015f\u0131nmay\u0131 azaltmak i\u00e7in hayati \u00f6nem ta\u015f\u0131r. \u00dcretici taraf\u0131ndan \u00f6nerilen hidrolik ya\u011f\u0131 uygulay\u0131n ve ya\u011flaman\u0131n silindir boyunca e\u015fit oldu\u011fundan emin olun. Bu uygulama, silindirin \u00e7al\u0131\u015fma \u00f6mr\u00fcn\u00fc ve verimlili\u011fini \u00f6nemli \u00f6l\u00e7\u00fcde art\u0131r\u0131r.<\/p>\n<h3>Conta De\u011fi\u015fimi ve Kalibrasyonu<\/h3>\n<p>Zamanla, contalar a\u015f\u0131nabilir ve hidrolik verimlili\u011fi korumak i\u00e7in de\u011fi\u015ftirilmesi gerekebilir. Contalar\u0131n durumunu d\u00fczenli olarak de\u011ferlendirin ve gerekti\u011finde de\u011fi\u015ftirin. Hidrolik sistemin kalibrasyonu, silindirin gerekli \u00f6zellikler dahilinde \u00e7al\u0131\u015fmas\u0131n\u0131 sa\u011flayarak performans\u0131 ve g\u00fcvenli\u011fi art\u0131r\u0131r. Silindirin do\u011fru montaj\u0131, ya\u011flanmas\u0131 ve ayarlanmas\u0131, uzun \u00f6m\u00fcrl\u00fcl\u00fc\u011f\u00fc i\u00e7in \u00e7ok \u00f6nemlidir.<\/p>\n<h2>G\u00fcvenlik Hususlar\u0131 ve \u00c7evresel Fakt\u00f6rler<\/h2>\n<p>Hidrolik silindirlerle \u00e7al\u0131\u015f\u0131rken g\u00fcvenlik \u00f6nlemleri g\u00f6z ard\u0131 edilemez. T\u00fcm operat\u00f6rlerin hidrolik ekipmanlar\u0131n g\u00fcvenli kullan\u0131m\u0131 konusunda e\u011fitildi\u011finden ve y\u00fcksek bas\u0131n\u00e7 sistemleriyle ili\u015fkili potansiyel tehlikeleri anlad\u0131\u011f\u0131ndan emin olun. Uygun ki\u015fisel koruyucu ekipman (KKD) kullan\u0131n ve \u00fcretici taraf\u0131ndan sa\u011flanan t\u00fcm g\u00fcvenlik y\u00f6nergelerine uyun. Ayr\u0131ca, \u00e7al\u0131\u015fma s\u0131ras\u0131nda \u00e7evresel fakt\u00f6rleri de g\u00f6z \u00f6n\u00fcnde bulundurun; performanslar\u0131n\u0131 veya g\u00fcvenliklerini tehlikeye atabilecek a\u015f\u0131r\u0131 ko\u015fullarda hidrolik silindirleri kullanmaktan ka\u00e7\u0131n\u0131n. D\u00fczenli bak\u0131m ve g\u00fcvenlik protokollerine uyulmas\u0131, riskleri \u00f6nemli \u00f6l\u00e7\u00fcde azaltacak ve operasyonel g\u00fcvenli\u011fi art\u0131racakt\u0131r.<\/p>\n<h2>Sorun Giderme ve Yayg\u0131n Sorunlar<\/h2>\n<ul>\n<li><strong>S\u0131z\u0131nt\u0131:<\/strong> Silindirden hidrolik s\u0131v\u0131s\u0131 s\u0131z\u0131nt\u0131s\u0131 fark ederseniz, contalar\u0131 ve ba\u011flant\u0131lar\u0131 kontrol edin. A\u015f\u0131nm\u0131\u015f contalar\u0131 de\u011fi\u015ftirin ve t\u00fcm ba\u011flant\u0131lar\u0131n s\u0131k\u0131 oldu\u011fundan emin olun.<\/li>\n<li><strong>Yava\u015f \u00c7al\u0131\u015fma:<\/strong> Bu, hidrolik s\u0131v\u0131 seviyesinin d\u00fc\u015f\u00fck oldu\u011funun veya kirlenmenin bir i\u015fareti olabilir. S\u0131v\u0131 seviyesini ve kalitesini kontrol edin; gerekirse de\u011fi\u015ftirin.<\/li>\n<li><strong>Al\u0131\u015f\u0131lmad\u0131k Sesler:<\/strong> G\u0131c\u0131rdama veya t\u0131k\u0131rt\u0131 sesleri, silindir i\u00e7inde mekanik sorunlar oldu\u011funu g\u00f6sterebilir. Bu gibi durumlarda, \u00e7al\u0131\u015fmay\u0131 derhal durdurun ve hasar olup olmad\u0131\u011f\u0131n\u0131 kontrol edin.<\/li>\n<\/ul>\n<h2>Problem \u00c7\u00f6zme \u0130pu\u00e7lar\u0131<\/h2>\n<p>Hidrolik silindirlerle ilgili sorunlar\u0131 etkili bir \u015fekilde \u00e7\u00f6zmek i\u00e7in, \u00f6ncelikle belirtilere dayanarak sorunu iyice te\u015fhis edin. Varsa, \u00fcreticinin sorun giderme k\u0131lavuzunu kullan\u0131n ve karma\u015f\u0131k sorunlarla kar\u015f\u0131la\u015f\u0131rsan\u0131z bir uzmana dan\u0131\u015fmaktan \u00e7ekinmeyin. D\u00fczenli bak\u0131m ve zaman\u0131nda kontroller gibi \u00f6nleyici tedbirler, potansiyel sorunlar\u0131 en aza indirmek i\u00e7in \u00e7ok \u00f6nemlidir. Dikkatli ve proaktif davranarak, hidrolik sistemlerinizin sorunsuz ve verimli bir \u015fekilde \u00e7al\u0131\u015fmaya devam etmesini sa\u011flayabilirsiniz.<\/p>\n<p><img decoding=\"async\" src=\"https:\/\/www.hydraulic-cylinders.net\/wp-content\/uploads\/2025\/04\/songte-bushings-with-all-kinds-of-excavator-models.webp\" alt=\"Bur\u00e7lar\" \/><\/p>\n<h2>\u015eirketimiz Hakk\u0131nda<\/h2>\n<p>\u00d6nde gelen bir hidrolik silindir \u00fcreticisi ve toptanc\u0131s\u0131 olarak, hem yerel hem de uluslararas\u0131 pazarlara hizmet veren kapsaml\u0131 bir \u00fcr\u00fcn yelpazesi sunuyoruz. At\u00f6lyelerimizde uygulad\u0131\u011f\u0131m\u0131z geli\u015fmi\u015f \u00fcretim y\u00f6netim stratejisiyle kalite m\u00fckemmelli\u011fine olan ba\u011fl\u0131l\u0131\u011f\u0131m\u0131z\u0131 destekliyoruz. Geli\u015fmi\u015f teknoloji, yetenekli personel ve titiz test sistemleri arac\u0131l\u0131\u011f\u0131yla \u00fcretim kapasitemizi s\u00fcrekli olarak geli\u015ftiriyoruz. Amac\u0131m\u0131z, y\u00fcksek verimlilik, hassasiyet ve kalite ilkelerini korurken, \u00e7e\u015fitli m\u00fc\u015fteri ihtiya\u00e7lar\u0131n\u0131 kar\u015f\u0131lamakt\u0131r.<\/p>\n<h3>Profesyonellik<\/h3>\n<p>Ekibimiz, en \u00fcst d\u00fczey hidrolik silindirler sunmaya kendini adam\u0131\u015f sekt\u00f6r uzmanlar\u0131ndan olu\u015fmaktad\u0131r. M\u00fc\u015fteri ihtiya\u00e7lar\u0131na \u00f6ncelik veriyor ve \u00fcr\u00fcnlerimizi geli\u015ftirmek i\u00e7in s\u00fcrekli olarak yenilik yap\u0131yoruz.<\/p>\n<h3>Uluslararas\u0131 Sertifikasyon<\/h3>\n<p>Uluslararas\u0131 standartlara uyuyor ve ilgili sertifikalara sahibiz; bu sayede \u00fcr\u00fcnlerimizin en y\u00fcksek kalite ve g\u00fcvenlik gereksinimlerini kar\u015f\u0131lamas\u0131n\u0131 sa\u011fl\u0131yoruz.<\/p>\n<h3>\u00d6zelle\u015ftirilmi\u015f Hizmetler<\/h3>\n<p>\u00d6zel gereksinimleri kar\u015f\u0131lamak \u00fczere uyarlanm\u0131\u015f \u00e7\u00f6z\u00fcmler sunarak, \u00e7ok \u00e7e\u015fitli uygulamalara ve m\u00fc\u015fteri tercihlerine hitap edebiliyoruz.<\/p>\n<h3>\u00dcretim Ekipmanlar\u0131<\/h3>\n<p>Son teknoloji \u00fcr\u00fcn\u00fc \u00fcretim ekipmanlar\u0131m\u0131z, \u00fcretimde hassasiyet sa\u011flayarak hidrolik silindirlerimizin genel kalitesine ve g\u00fcvenilirli\u011fine katk\u0131da bulunur.<\/p>\n<h3>Sat\u0131\u015f Sonras\u0131 Hizmet<\/h3>\n<p>M\u00fc\u015fterilerimizin ihtiya\u00e7 duyduklar\u0131 her an yard\u0131m alabilmelerini sa\u011flayan kapsaml\u0131 sat\u0131\u015f sonras\u0131 destek sunuyoruz. Hizmete olan ba\u011fl\u0131l\u0131\u011f\u0131m\u0131z sat\u0131\u015f\u0131n \u00f6tesine uzanarak m\u00fc\u015fterilerimizin ekipmanlar\u0131n\u0131 etkili bir \u015fekilde bak\u0131m\u0131n\u0131 yapmalar\u0131na yard\u0131mc\u0131 olmay\u0131 da kaps\u0131yor.<\/p>\n<p><img decoding=\"async\" src=\"https:\/\/www.hydraulic-cylinders.net\/wp-content\/uploads\/2025\/04\/songte-company-4.webp\" alt=\"\u015eirket Genel Bak\u0131\u015f\u0131\" \/><br \/>\n<img decoding=\"async\" src=\"https:\/\/www.hydraulic-cylinders.net\/wp-content\/uploads\/2025\/04\/songte-company-3.webp\" alt=\"\u015eirket Tesisleri\" \/><\/p>\n<p>Yazar: lyl<\/p>","protected":false},"excerpt":{"rendered":"<p>Boom Cylinder For Bonny CED460-8\/CED480-9 Product Overview The Boom Cylinder is an essential component used in heavy machinery, specifically designed for controlling the motion of buckets in excavators, backhoe loaders, and front-end loaders. This hydraulic cylinder allows operators to lift, lower, and tilt the bucket effectively, facilitating various material handling tasks. The bucket cylinder, a [&hellip;]<\/p>","protected":false},"featured_media":17881,"comment_status":"open","ping_status":"closed","template":"","meta":{"_et_pb_use_builder":"","_et_pb_old_content":"","_et_gb_content_width":""},"product_brand":[],"product_cat":[1546],"product_tag":[1547,1496],"class_list":{"0":"post-19663","1":"product","2":"type-product","3":"status-publish","4":"has-post-thumbnail","6":"product_cat-boom-cylinders","7":"product_tag-boom-cylinders","8":"product_tag-hydraulic-cylinders","10":"first","11":"instock","12":"shipping-taxable","13":"product-type-simple"},"amp_enabled":true,"_links":{"self":[{"href":"https:\/\/www.hydraulic-cylinders.net\/tr\/wp-json\/wp\/v2\/product\/19663","targetHints":{"allow":["GET"]}}],"collection":[{"href":"https:\/\/www.hydraulic-cylinders.net\/tr\/wp-json\/wp\/v2\/product"}],"about":[{"href":"https:\/\/www.hydraulic-cylinders.net\/tr\/wp-json\/wp\/v2\/types\/product"}],"replies":[{"embeddable":true,"href":"https:\/\/www.hydraulic-cylinders.net\/tr\/wp-json\/wp\/v2\/comments?post=19663"}],"wp:featuredmedia":[{"embeddable":true,"href":"https:\/\/www.hydraulic-cylinders.net\/tr\/wp-json\/wp\/v2\/media\/17881"}],"wp:attachment":[{"href":"https:\/\/www.hydraulic-cylinders.net\/tr\/wp-json\/wp\/v2\/media?parent=19663"}],"wp:term":[{"taxonomy":"product_brand","embeddable":true,"href":"https:\/\/www.hydraulic-cylinders.net\/tr\/wp-json\/wp\/v2\/product_brand?post=19663"},{"taxonomy":"product_cat","embeddable":true,"href":"https:\/\/www.hydraulic-cylinders.net\/tr\/wp-json\/wp\/v2\/product_cat?post=19663"},{"taxonomy":"product_tag","embeddable":true,"href":"https:\/\/www.hydraulic-cylinders.net\/tr\/wp-json\/wp\/v2\/product_tag?post=19663"}],"curies":[{"name":"wp","href":"https:\/\/api.w.org\/{rel}","templated":true}]}}