{"id":19665,"date":"2025-04-07T07:00:30","date_gmt":"2025-04-07T07:00:30","guid":{"rendered":"https:\/\/www.hydraulic-cylinders.net\/product\/boom-cylinder-for-nhig-atlas2606lc\/"},"modified":"2025-04-07T07:00:33","modified_gmt":"2025-04-07T07:00:33","slug":"boom-cylinder-for-nhig-atlas2606lc","status":"publish","type":"product","link":"https:\/\/www.hydraulic-cylinders.net\/tr\/urun\/boom-cylinder-for-nhig-atlas2606lc\/","title":{"rendered":"NHIG ATLAS2606LC i\u00e7in Bom Silindiri"},"content":{"rendered":"<h1>NHIG ATLAS2606LC i\u00e7in Bom Silindiri<\/h1>\n<h2>\u00dcr\u00fcn Genel Bak\u0131\u015f\u0131<\/h2>\n<p>NHIG ATLAS2606LC Bom Silindiri, a\u011f\u0131r i\u015f makinelerinde kullan\u0131lan hidrolik sistemlerde \u00f6nemli bir bile\u015fendir. Bu hidrolik silindir, ekskavat\u00f6rler, beko-loderler ve \u00f6n y\u00fckleyiciler gibi \u00e7e\u015fitli a\u011f\u0131r i\u015f makinelerinde kep\u00e7enin hareketini kontrol etmek i\u00e7in \u00f6zel olarak tasarlanm\u0131\u015ft\u0131r. Kep\u00e7enin kald\u0131r\u0131lmas\u0131n\u0131, indirilmesini ve e\u011filmesini sa\u011flayarak verimli malzeme ta\u015f\u0131ma g\u00f6revlerini kolayla\u015ft\u0131r\u0131r.<\/p>\n<p><img decoding=\"async\" src=\"https:\/\/www.hydraulic-cylinders.net\/wp-content\/uploads\/2025\/04\/songte-company-1.webp\" alt=\"Hidrolik Silindir\" \/><\/p>\n<h3>Tan\u0131m ve \u0130\u015flev<\/h3>\n<p>Kova silindiri, in\u015faat ekipmanlar\u0131n\u0131n \u00e7al\u0131\u015fmas\u0131nda kritik bir rol oynayan bir hidrolik silindir t\u00fcr\u00fcd\u00fcr. Temel i\u015flevi, makineye ba\u011fl\u0131 kovan\u0131n konumunu y\u00f6netmektir. Bu silindirler, hidrolik s\u0131v\u0131 bas\u0131nc\u0131n\u0131 kullanarak kuvvet olu\u015fturur ve a\u011f\u0131r y\u00fcklerin kontroll\u00fc hareketini sa\u011flar. \u00d6z\u00fcnde, ekskavat\u00f6rler ve y\u00fckleyiciler taraf\u0131ndan ger\u00e7ekle\u015ftirilen kazma, kald\u0131rma ve bo\u015faltma i\u015flemlerinin ayr\u0131lmaz bir par\u00e7as\u0131d\u0131r ve \u00e7al\u0131\u015fma s\u0131ras\u0131nda sorunsuz ve hassas hareketler sa\u011flar.<\/p>\n<h2>Temel \u00d6zellikler<\/h2>\n<ul>\n<li><strong>Y\u00fcksek Dayan\u0131kl\u0131l\u0131k ve Dayan\u0131kl\u0131l\u0131k:<\/strong> Y\u00fcksek mukavemetli \u00e7elik veya al\u00fcminyumdan \u00fcretilen bu silindirler, y\u00fcksek bas\u0131n\u00e7lara ve a\u011f\u0131r y\u00fcklere dayan\u0131kl\u0131d\u0131r ve zorlu \u00e7al\u0131\u015fma ortamlar\u0131 i\u00e7in idealdir.<\/li>\n<li><strong>Verimli Hidrolik \u00c7al\u0131\u015fma:<\/strong> Silindirler, operat\u00f6r komutlar\u0131na h\u0131zl\u0131 yan\u0131t verilmesini sa\u011flayan, d\u00fczg\u00fcn uzatma ve geri \u00e7ekme i\u00e7in hidrolik s\u0131v\u0131 bas\u0131nc\u0131n\u0131 kullan\u0131r.<\/li>\n<li><strong>\u00c7e\u015fitli T\u00fcrler:<\/strong> Tek etkili veya \u00e7ift etkili konfig\u00fcrasyonlarda mevcuttur, bu sayede \u00e7e\u015fitli operasyonel ihtiya\u00e7lara uyum sa\u011flanabilir.<\/li>\n<li><strong>Yerden Tasarruflu Tasar\u0131m:<\/strong> Baz\u0131 modeller, d\u0131\u015f boyutlar\u0131 art\u0131rmadan daha fazla geni\u015flemeye olanak tan\u0131yan teleskopik tasar\u0131mlara sahiptir ve bu da onlar\u0131 s\u0131n\u0131rl\u0131 alan uygulamalar\u0131 i\u00e7in uygun hale getirir.<\/li>\n<li><strong>Korozyon Direnci:<\/strong> A\u015f\u0131nmaya ve korozyona dayan\u0131kl\u0131 \u00f6zelliklerle tasarlanarak silindirin kullan\u0131m \u00f6mr\u00fc uzat\u0131lm\u0131\u015ft\u0131r.<\/li>\n<\/ul>\n<p>Firmam\u0131z bu \u00fcr\u00fcn\u00fcn \u00fcretiminde uzmanla\u015fm\u0131\u015f olup, hidrolik silindirler i\u00e7in m\u00fckemmel yedek par\u00e7alar sa\u011flamaktad\u0131r.<\/p>\n<p><img decoding=\"async\" src=\"https:\/\/www.hydraulic-cylinders.net\/wp-content\/uploads\/2025\/04\/songte-cylinder-head-with-all-kinds-excavator-models.webp\" alt=\"Ekskavat\u00f6r Modelleri\" \/><\/p>\n<h2>Uygulamalar<\/h2>\n<h3>\u0130n\u015faat Ekipmanlar\u0131<\/h3>\n<p>Ekskavat\u00f6rlerde bom silindirleri, kazma, y\u00fckleme ve toprak veya moloz ta\u015f\u0131ma i\u015flemleri i\u00e7in hayati \u00f6nem ta\u015f\u0131r. Kovan\u0131n zemine verimli bir \u015fekilde n\u00fcfuz etmesini sa\u011flayarak kazma hareketini kolayla\u015ft\u0131r\u0131rlar. Sa\u011flad\u0131klar\u0131 hidrolik g\u00fc\u00e7, operat\u00f6r\u00fcn a\u011f\u0131r y\u00fckleri hassas bir \u015fekilde kald\u0131r\u0131p konumland\u0131rmas\u0131n\u0131 sa\u011flayarak \u015fantiyedeki verimlili\u011fi art\u0131r\u0131r.<\/p>\n<h3>Tar\u0131m Makinalar\u0131<\/h3>\n<p>\u00d6n y\u00fckleyicilerde bom silindirleri, toprak, saman ve di\u011fer malzemeleri toplamak, kald\u0131rmak ve ta\u015f\u0131mak i\u00e7in kullan\u0131l\u0131r. Kovan\u0131n a\u00e7\u0131s\u0131n\u0131 ayarlama yetene\u011fi, etkili y\u00fckleme ve bo\u015faltma sa\u011flayarak bu silindirleri tar\u0131msal faaliyetler i\u00e7in hayati \u00f6nem ta\u015f\u0131r.<\/p>\n<h3>Ekskavat\u00f6rler<\/h3>\n<p>Kova silindirleri, ekskavat\u00f6rlerin temel i\u015flevi olan kazma i\u015flemini ger\u00e7ekle\u015ftirmelerini sa\u011flar. Topra\u011fa n\u00fcfuz etmek ve kovay\u0131 \u00e7e\u015fitli arazilerde manevra ettirmek i\u00e7in gerekli kuvveti sa\u011flarlar ve bu da onlar\u0131 in\u015faat ve kaz\u0131 projelerinde vazge\u00e7ilmez k\u0131lar.<\/p>\n<h3>Y\u00fckleyiciler<\/h3>\n<p>\u00d6n y\u00fckleyicilerde bu silindirler, y\u00fcklerin verimli bir \u015fekilde kald\u0131r\u0131lmas\u0131na ve bo\u015falt\u0131lmas\u0131na yard\u0131mc\u0131 olur. Hidrolik \u00e7al\u0131\u015fma, kald\u0131rma ve yat\u0131rma aras\u0131nda sorunsuz ge\u00e7i\u015fler sa\u011flayarak malzeme ta\u015f\u0131ma g\u00f6revlerinde operasyonel verimlili\u011fi art\u0131r\u0131r.<\/p>\n<h2>Tasar\u0131m Hususlar\u0131 ve Se\u00e7im Kriterleri<\/h2>\n<h3>Y\u00fck Kapasitesi<\/h3>\n<p>Bir bom silindiri se\u00e7erken y\u00fck kapasitesi \u00e7ok \u00f6nemlidir. Silindir, operasyon s\u0131ras\u0131nda kar\u015f\u0131la\u015faca\u011f\u0131 maksimum a\u011f\u0131rl\u0131\u011f\u0131 kald\u0131rabilecek kapasitede olmal\u0131d\u0131r. Bu, performansta g\u00fcvenlik ve g\u00fcvenilirlik sa\u011flar. Y\u00fck kapasitesinin fazla tahmin edilmesi ekipman ar\u0131zas\u0131na, az tahmin edilmesi ise operasyonel verimsizliklere yol a\u00e7abilir.<\/p>\n<h3>S\u0131zd\u0131rmazl\u0131k B\u00fct\u00fcnl\u00fc\u011f\u00fc<\/h3>\n<p>S\u0131zd\u0131rmazl\u0131k, hidrolik silindirlerin performans\u0131nda \u00f6nemli bir rol oynar. Etkili contalar, sistem i\u00e7indeki bas\u0131nc\u0131n korunmas\u0131 i\u00e7in gerekli olan s\u0131v\u0131 s\u0131z\u0131nt\u0131s\u0131n\u0131 \u00f6nler. Poli\u00fcretan ve nitril kau\u00e7uk gibi y\u00fcksek kaliteli conta malzemelerinin kullan\u0131m\u0131, uzun \u00f6m\u00fcr ve g\u00fcvenilirlik a\u00e7\u0131s\u0131ndan hayati \u00f6nem ta\u015f\u0131r.<\/p>\n<h3>Dayan\u0131kl\u0131l\u0131k<\/h3>\n<p>Bir bom silindirinin dayan\u0131kl\u0131l\u0131\u011f\u0131, malzemelerine ve yap\u0131s\u0131na ba\u011fl\u0131d\u0131r. Y\u00fcksek mukavemetli \u00e7elik veya al\u00fcminyum, \u00f6zellikle zorlu \u00e7al\u0131\u015fma ko\u015fullar\u0131nda a\u015f\u0131nma ve y\u0131pranmaya kar\u015f\u0131 gerekli direnci sa\u011flar. Ayr\u0131ca, silindirler, bozulmadan tekrarlayan strese dayanacak \u015fekilde tasarlanmal\u0131d\u0131r.<\/p>\n<h3>G\u00fcvenlik \u00d6zellikleri<\/h3>\n<p>Hidrolik silindirlerin tasar\u0131m\u0131nda g\u00fcvenlik kritik bir husustur. Bas\u0131n\u00e7 tahliye valfleri gibi \u00f6zellikler, a\u015f\u0131r\u0131 bas\u0131nc\u0131 \u00f6nleyerek felaketle sonu\u00e7lanabilecek ar\u0131za riskini azalt\u0131r. Do\u011fru tasar\u0131m, silindirin g\u00fcvenlikten \u00f6d\u00fcn vermeden beklenmedik y\u00fcklere dayanabilmesini sa\u011flar.<\/p>\n<h3>Bak\u0131m ve Onar\u0131m Kolayl\u0131\u011f\u0131<\/h3>\n<p>Hidrolik silindirlerin \u00f6mr\u00fcn\u00fc uzatmak i\u00e7in bak\u0131ma uygun tasar\u0131m \u015fartt\u0131r. Muayene, ya\u011flama ve par\u00e7a de\u011fi\u015fimini kolayla\u015ft\u0131ran \u00f6zellikler, bak\u0131m rutinlerini kolayla\u015ft\u0131rarak operasyonel verimlili\u011fi art\u0131r\u0131r ve ar\u0131za s\u00fcrelerini azalt\u0131r.<\/p>\n<p><img decoding=\"async\" src=\"https:\/\/www.hydraulic-cylinders.net\/wp-content\/uploads\/2025\/04\/songte-oil-pipes-and-spare-parts.webp\" alt=\"Petrol Borular\u0131 ve Yedek Par\u00e7alar\u0131\" \/><\/p>\n<h2>S\u0131zd\u0131rmazl\u0131k ve Ya\u011flama<\/h2>\n<p>Hidrolik silindirlerin optimum performans\u0131 i\u00e7in etkili s\u0131zd\u0131rmazl\u0131k olmazsa olmazd\u0131r. Hidrolik s\u0131v\u0131 s\u0131z\u0131nt\u0131lar\u0131n\u0131n \u00f6nlenmesi i\u00e7in piston contalar\u0131 ve piston kolu contalar\u0131 gibi \u00e7e\u015fitli s\u0131zd\u0131rmazl\u0131k elemanlar\u0131 kullan\u0131l\u0131r. Bu contalar genellikle hidrolik i\u015flemlerin zorluklar\u0131na dayanacak \u015fekilde poli\u00fcretan ve nitril kau\u00e7uk gibi dayan\u0131kl\u0131 malzemelerden \u00fcretilir.<\/p>\n<p>Silindir g\u00f6vdesi ve di\u015fli u\u00e7 y\u00fczeyleri, a\u015f\u0131nma direncini art\u0131rmak ve uzun \u00f6m\u00fcr sa\u011flamak i\u00e7in titiz bir i\u015flemden ge\u00e7irilir. Sorunsuz \u00e7al\u0131\u015fmay\u0131 s\u00fcrd\u00fcrmek ve i\u00e7 a\u015f\u0131nmay\u0131 \u00f6nlemek i\u00e7in hidrolik ya\u011f ile d\u00fczenli ya\u011flama gereklidir. Do\u011fru ya\u011flama uygulamalar\u0131, s\u00fcrt\u00fcnmeyi azaltmaya, verimlili\u011fi art\u0131rmaya ve silindirin \u00f6mr\u00fcn\u00fc uzatmaya yard\u0131mc\u0131 olur.<\/p>\n<h2>D\u00fczenli Bak\u0131m ve \u00d6nleyici Tedbirler<\/h2>\n<ul>\n<li><strong>Rutin Kontroller:<\/strong> Olas\u0131 sorunlar\u0131n b\u00fcy\u00fcmeden \u00f6nce tespit edilmesi i\u00e7in d\u00fczenli kontroller hayati \u00f6nem ta\u015f\u0131r. Bu, s\u0131z\u0131nt\u0131lar\u0131n, a\u015f\u0131nmalar\u0131n ve d\u00fczg\u00fcn \u00e7al\u0131\u015fman\u0131n kontrol edilmesini i\u00e7erir.<\/li>\n<li><strong>Uygun Ya\u011flama:<\/strong> Yeterli ya\u011flaman\u0131n sa\u011flanmas\u0131, i\u00e7 a\u015f\u0131nma ve y\u0131pranmay\u0131 \u00f6nler. D\u00fczenli olarak planlanan ya\u011flama seanslar\u0131, sorunsuz \u00e7al\u0131\u015fman\u0131n s\u00fcrd\u00fcr\u00fclmesine yard\u0131mc\u0131 olur.<\/li>\n<li><strong>Conta De\u011fi\u015fimi:<\/strong> Contalar zamanla bozulabilir ve de\u011fi\u015ftirilmeleri gerekebilir. D\u00fczenli kontroller, s\u0131z\u0131nt\u0131lar\u0131 \u00f6nlemek ve verimlili\u011fi korumak i\u00e7in contalar\u0131n ne zaman de\u011fi\u015ftirilmesi gerekti\u011fini belirleyebilir.<\/li>\n<\/ul>\n<h2>Kurulum Talimatlar\u0131<\/h2>\n<p>Bir bom silindiri takarken, optimum performans i\u00e7in do\u011fru y\u00f6nergeleri izlemek \u00e7ok \u00f6nemlidir. \u00d6ncelikle, silindirin makinenin montaj noktalar\u0131yla do\u011fru \u015fekilde hizaland\u0131\u011f\u0131ndan emin olun. Uygun montaj braketlerinin kullan\u0131lmas\u0131, silindirin s\u0131k\u0131ca sabitlenmesine ve \u00e7al\u0131\u015fma s\u0131ras\u0131nda hizalama hatalar\u0131n\u0131n \u00f6nlenmesine yard\u0131mc\u0131 olabilir.<\/p>\n<p>Hidrolik hatlar\u0131n do\u011fru \u015fekilde ba\u011flanmas\u0131 ve ak\u0131\u015fkan ak\u0131\u015f\u0131n\u0131n silindirin i\u015flevine uygun \u015fekilde y\u00f6nlendirilmesi de \u00e7ok \u00f6nemlidir. Montajdan sonra, silindirin sorunsuz ve etkili bir \u015fekilde \u00e7al\u0131\u015ft\u0131\u011f\u0131ndan emin olmak i\u00e7in y\u00fck alt\u0131nda iyice test edin. Silindirin tasar\u0131m parametreleri dahilinde \u00e7al\u0131\u015ft\u0131\u011f\u0131ndan emin olmak i\u00e7in ayarlamalar gerekebilir.<\/p>\n<h2>Yayg\u0131n Bak\u0131m G\u00f6revleri<\/h2>\n<h3>Rutin Denetimler<\/h3>\n<p>Hidrolik silindirlerin d\u00fczenli olarak kontrol edilmesi, s\u0131z\u0131nt\u0131lar veya anormal a\u015f\u0131nma kal\u0131plar\u0131 gibi sorunlar\u0131n erken tespit edilmesi a\u00e7\u0131s\u0131ndan hayati \u00f6nem ta\u015f\u0131r. Bu proaktif yakla\u015f\u0131m, operasyonel verimlili\u011fin ve g\u00fcvenli\u011fin korunmas\u0131na yard\u0131mc\u0131 olur.<\/p>\n<h3>Uygun Ya\u011flama<\/h3>\n<p>Hidrolik silindirlerin etkili bir \u015fekilde \u00e7al\u0131\u015fmas\u0131 i\u00e7in do\u011fru ya\u011flama kritik \u00f6neme sahiptir. D\u00fczenli olarak yap\u0131lan ya\u011flama, i\u00e7 bile\u015fenlerin a\u015f\u0131nmaya kar\u015f\u0131 korunmas\u0131n\u0131 ve sorunsuz \u00e7al\u0131\u015fmas\u0131n\u0131 sa\u011flar.<\/p>\n<h3>Conta De\u011fi\u015fimi ve Kalibrasyon Kontrolleri<\/h3>\n<p>Contalar d\u00fczenli olarak kontrol edilmeli ve gerekti\u011finde de\u011fi\u015ftirilmelidir. Do\u011fru kalibrasyon, silindirin ama\u00e7land\u0131\u011f\u0131 gibi \u00e7al\u0131\u015fmas\u0131n\u0131 sa\u011flayarak operasyonlar s\u0131ras\u0131nda verimlili\u011fi ve g\u00fcvenli\u011fi korur.<\/p>\n<h2>G\u00fcvenlik Hususlar\u0131 ve \u00c7evresel Fakt\u00f6rler<\/h2>\n<p>Hidrolik silindirler kullan\u0131l\u0131rken g\u00fcvenlik \u00f6nlemleri son derece \u00f6nemlidir. Operat\u00f6rler, ekipman\u0131n \u00e7al\u0131\u015fma s\u0131n\u0131rlar\u0131n\u0131 her zaman anlamal\u0131 ve hidrolik bas\u0131n\u00e7la ili\u015fkili riskleri en aza indirmek i\u00e7in g\u00fcvenlik protokollerine uymal\u0131d\u0131r. Uygun e\u011fitim ve potansiyel tehlikeler konusunda fark\u0131ndal\u0131k, \u015fantiyedeki kaza ve yaralanmalar\u0131 \u00f6nemli \u00f6l\u00e7\u00fcde azaltabilir.<\/p>\n<h2>Sorun Giderme ve Yayg\u0131n Sorunlar<\/h2>\n<ul>\n<li><strong>S\u0131zd\u0131ran Contalar:<\/strong> Yayg\u0131n bir sorun, s\u0131v\u0131 kayb\u0131na ve bas\u0131n\u00e7 d\u00fc\u015fmesine yol a\u00e7abilen conta s\u0131z\u0131nt\u0131lar\u0131d\u0131r. Performans\u0131 korumak i\u00e7in contalar\u0131 d\u00fczenli olarak kontrol edin ve zaman\u0131nda de\u011fi\u015ftirin.<\/li>\n<li><strong>Tutarl\u0131 Olmayan Hareket:<\/strong> Silindir d\u00fczg\u00fcn bir \u015fekilde a\u00e7\u0131l\u0131p kapanm\u0131yorsa, bu durum i\u00e7 a\u015f\u0131nma veya hidrolik s\u0131v\u0131s\u0131nda kirlenme oldu\u011funu g\u00f6sterebilir. D\u00fczenli bak\u0131m ve s\u0131v\u0131 de\u011fi\u015fimleri bu sorunun \u00f6nlenmesine yard\u0131mc\u0131 olabilir.<\/li>\n<li><strong>A\u015f\u0131r\u0131 Is\u0131nma:<\/strong> Y\u00fcksek s\u0131cakl\u0131klar hidrolik bile\u015fenlere zarar vererek ar\u0131zaya yol a\u00e7abilir. \u00c7al\u0131\u015fma s\u0131cakl\u0131klar\u0131n\u0131 izleyin ve hidrolik s\u0131v\u0131s\u0131n\u0131n iyi durumda oldu\u011fundan emin olun.<\/li>\n<\/ul>\n<h2>\u00c7\u00f6z\u00fcmler ve \u00d6nleyici Tedbirler<\/h2>\n<p>Etkili sorun giderme, belirtilerin erken tespit edilmesiyle ba\u015flar. S\u0131zd\u0131ran contalarda, s\u0131z\u0131nt\u0131 tespit edilir edilmez contalar\u0131 de\u011fi\u015ftirin. Muayeneler ve s\u0131v\u0131 de\u011fi\u015fimleri de dahil olmak \u00fczere d\u00fczenli bak\u0131m rutinleri, bir\u00e7ok yayg\u0131n sorunu ciddi sorunlara d\u00f6n\u00fc\u015fmeden \u00f6nce \u00f6nleyebilir. Operat\u00f6rlerin do\u011fru kullan\u0131m ve bak\u0131m uygulamalar\u0131 konusunda e\u011fitilmesi de olas\u0131 ar\u0131zalar\u0131 en aza indirmede \u00f6nemli bir rol oynar.<\/p>\n<p><img decoding=\"async\" src=\"https:\/\/www.hydraulic-cylinders.net\/wp-content\/uploads\/2025\/04\/songte-bushings-with-all-kinds-of-excavator-models.webp\" alt=\"Ekskavat\u00f6r Modelleri i\u00e7in Bur\u00e7lar\" \/><\/p>\n<h2>\u015eirket Genel Bak\u0131\u015f\u0131<\/h2>\n<p>Hem yurt i\u00e7i hem de yurt d\u0131\u015f\u0131 pazarlarda tan\u0131nan, lider bir yedek hidrolik silindir \u00fcreticisiyiz. Geni\u015f \u00fcr\u00fcn yelpazemiz, bizi hidrolik silindirlerin \u00f6nde gelen \u00fcreticileri ve toptan da\u011f\u0131t\u0131c\u0131lar\u0131 aras\u0131nda konumland\u0131r\u0131yor. Geli\u015fmi\u015f \u00fcretim stratejilerimizle kalite m\u00fckemmelli\u011fine ba\u011fl\u0131 kal\u0131yor ve geli\u015fmi\u015f \u00fcretim ekipmanlar\u0131m\u0131za ve profesyonel test sistemlerimize g\u00fcveniyoruz.<\/p>\n<p>\u00dcretim platformlar\u0131nda s\u00fcrekli iyile\u015ftirmeye olan ba\u011fl\u0131l\u0131\u011f\u0131m\u0131z, farkl\u0131 m\u00fc\u015fteri ihtiya\u00e7lar\u0131n\u0131 verimli bir \u015fekilde kar\u015f\u0131lamam\u0131z\u0131 sa\u011flar. Y\u00fcksek verimlilik, hassasiyet ve kalite ilkelerimiz, m\u00fc\u015fterilerimize \u00f6zel \u00e7\u00f6z\u00fcmler sunmam\u0131z\u0131 sa\u011flar.<\/p>\n<p><img decoding=\"async\" src=\"https:\/\/www.hydraulic-cylinders.net\/wp-content\/uploads\/2025\/04\/songte-company-4.webp\" alt=\"\u015eirket \u00dcretimi\" \/><br \/>\n<img decoding=\"async\" src=\"https:\/\/www.hydraulic-cylinders.net\/wp-content\/uploads\/2025\/04\/songte-company-3.webp\" alt=\"\u015eirket Tesisleri\" \/><\/p>\n<p>Yazar: lyl<\/p>","protected":false},"excerpt":{"rendered":"<p>Boom Cylinder For NHIG ATLAS2606LC Product Overview The Boom Cylinder for NHIG ATLAS2606LC is an essential component in the hydraulic systems used in heavy machinery. This hydraulic cylinder is specifically designed to control the movement of the bucket in various heavy-duty machines such as excavators, backhoe loaders, and front loaders. It allows the bucket to [&hellip;]<\/p>","protected":false},"featured_media":17868,"comment_status":"open","ping_status":"closed","template":"","meta":{"_et_pb_use_builder":"","_et_pb_old_content":"","_et_gb_content_width":""},"product_brand":[],"product_cat":[1546],"product_tag":[1547,1496],"class_list":{"0":"post-19665","1":"product","2":"type-product","3":"status-publish","4":"has-post-thumbnail","6":"product_cat-boom-cylinders","7":"product_tag-boom-cylinders","8":"product_tag-hydraulic-cylinders","10":"first","11":"instock","12":"shipping-taxable","13":"product-type-simple"},"amp_enabled":true,"_links":{"self":[{"href":"https:\/\/www.hydraulic-cylinders.net\/tr\/wp-json\/wp\/v2\/product\/19665","targetHints":{"allow":["GET"]}}],"collection":[{"href":"https:\/\/www.hydraulic-cylinders.net\/tr\/wp-json\/wp\/v2\/product"}],"about":[{"href":"https:\/\/www.hydraulic-cylinders.net\/tr\/wp-json\/wp\/v2\/types\/product"}],"replies":[{"embeddable":true,"href":"https:\/\/www.hydraulic-cylinders.net\/tr\/wp-json\/wp\/v2\/comments?post=19665"}],"wp:featuredmedia":[{"embeddable":true,"href":"https:\/\/www.hydraulic-cylinders.net\/tr\/wp-json\/wp\/v2\/media\/17868"}],"wp:attachment":[{"href":"https:\/\/www.hydraulic-cylinders.net\/tr\/wp-json\/wp\/v2\/media?parent=19665"}],"wp:term":[{"taxonomy":"product_brand","embeddable":true,"href":"https:\/\/www.hydraulic-cylinders.net\/tr\/wp-json\/wp\/v2\/product_brand?post=19665"},{"taxonomy":"product_cat","embeddable":true,"href":"https:\/\/www.hydraulic-cylinders.net\/tr\/wp-json\/wp\/v2\/product_cat?post=19665"},{"taxonomy":"product_tag","embeddable":true,"href":"https:\/\/www.hydraulic-cylinders.net\/tr\/wp-json\/wp\/v2\/product_tag?post=19665"}],"curies":[{"name":"wp","href":"https:\/\/api.w.org\/{rel}","templated":true}]}}