{"id":19666,"date":"2025-04-07T07:00:33","date_gmt":"2025-04-07T07:00:33","guid":{"rendered":"https:\/\/www.hydraulic-cylinders.net\/product\/boom-cylinder-for-nhig-bf6m2012c\/"},"modified":"2025-04-07T07:00:36","modified_gmt":"2025-04-07T07:00:36","slug":"boom-cylinder-for-nhig-bf6m2012c","status":"publish","type":"product","link":"https:\/\/www.hydraulic-cylinders.net\/tr\/urun\/boom-cylinder-for-nhig-bf6m2012c\/","title":{"rendered":"NHIG BF6m2012C i\u00e7in Bom Silindiri"},"content":{"rendered":"<h1>NHIG BF6m2012C i\u00e7in Bom Silindiri<\/h1>\n<h2>Bom Silindirinin Genel G\u00f6r\u00fcn\u00fcm\u00fc<\/h2>\n<p>Bom silindiri, ekskavat\u00f6rler, beko y\u00fckleyiciler ve \u00f6n y\u00fckleyiciler gibi \u00e7e\u015fitli a\u011f\u0131r makinelerde kep\u00e7elerin hareketini kontrol etmek i\u00e7in \u00f6zel olarak tasarlanm\u0131\u015f, hidrolik sistemlerde kritik bir bile\u015fendir. Bu hidrolik silindir, kep\u00e7enin kalkmas\u0131n\u0131, inmesini ve e\u011filmesini sa\u011flayarak verimli malzeme ta\u015f\u0131ma i\u015flemlerini kolayla\u015ft\u0131r\u0131r. Hidrolik bas\u0131n\u00e7 kullanarak, bu silindirler karma\u015f\u0131k i\u015flemleri hassasiyet ve kolayl\u0131kla ger\u00e7ekle\u015ftirmek i\u00e7in gerekli kuvveti sa\u011flar.<\/p>\n<p><img decoding=\"async\" src=\"https:\/\/www.hydraulic-cylinders.net\/wp-content\/uploads\/2025\/04\/songte-company-1.webp\" alt=\"Bom Silindiri G\u00f6r\u00fcnt\u00fcs\u00fc\" \/><\/p>\n<h3>Tan\u0131m ve \u0130\u015flev<\/h3>\n<p>Bom silindiri, in\u015faat makinelerinde kep\u00e7enin hareketini kontrol etmek i\u00e7in kullan\u0131lan \u00f6zel bir hidrolik silindirdir. Operat\u00f6rlerin kazma, kald\u0131rma ve malzeme ta\u015f\u0131ma gibi g\u00f6revleri etkili bir \u015fekilde yerine getirmelerini sa\u011flayarak operasyonel verimlilikte \u00f6nemli bir rol oynar. Kep\u00e7e silindirinin tasar\u0131m\u0131, zorlu \u00e7al\u0131\u015fma ortamlar\u0131nda g\u00fcvenilirli\u011fi korurken y\u00fcksek bas\u0131n\u00e7lara ve a\u011f\u0131r y\u00fcklere dayanabilmesini sa\u011flar.<\/p>\n<h2>Bom Silindirinin \u00d6zellikleri<\/h2>\n<ul>\n<li><strong>Y\u00fcksek Dayan\u0131kl\u0131l\u0131k ve Dayan\u0131kl\u0131l\u0131k:<\/strong> Genellikle y\u00fcksek mukavemetli \u00e7elik veya al\u00fcminyumdan \u00fcretilen bu silindirler, y\u00fcksek bas\u0131nca ve a\u011f\u0131r y\u00fcklere dayanabilir; zorlu \u00e7al\u0131\u015fma ko\u015fullar\u0131na dayanacak \u015fekilde tasarlanm\u0131\u015f olup a\u015f\u0131nmaya ve korozyona kar\u015f\u0131 diren\u00e7 g\u00f6stererek kullan\u0131m \u00f6mr\u00fcn\u00fc uzat\u0131r.<\/li>\n<li><strong>Verimli Hidrolik \u00c7al\u0131\u015fma:<\/strong> Bom silindiri, sorunsuz uzatma ve geri \u00e7ekme i\u00e7in hidrolik ya\u011f bas\u0131nc\u0131n\u0131 kullan\u0131r. Kontrol komutlar\u0131na h\u0131zl\u0131 yan\u0131t vererek, a\u011f\u0131r malzemelerin ve karma\u015f\u0131k i\u015flerin ta\u015f\u0131nmas\u0131 i\u00e7in uygun g\u00fc\u00e7l\u00fc itme ve \u00e7ekme kuvvetleri sa\u011flar.<\/li>\n<li><strong>T\u00fcr \u00c7e\u015fitlili\u011fi:<\/strong> Kullan\u0131m gereksinimlerine ba\u011fl\u0131 olarak, kullan\u0131c\u0131lar tek etkili (tek y\u00f6nde hidrolik etki) veya \u00e7ift etkili (iki y\u00f6nde hidrolik etki) silindirler aras\u0131nda se\u00e7im yapabilirler. Baz\u0131 modeller teleskopiktir ve d\u0131\u015f boyutlar\u0131 art\u0131rmadan daha fazla uzatmaya olanak tan\u0131r; bu da alan k\u0131s\u0131tlamal\u0131 uygulamalar i\u00e7in idealdir.<\/li>\n<li><strong>\u00d6zel \u00dcretim:<\/strong> Firmam\u0131z, mevcut hidrolik silindirlerin yerini m\u00fckemmel \u015fekilde alan ve makinelerinizle uyumluluk ve sorunsuz entegrasyon sa\u011flayan bom silindirleri \u00fcretme konusunda uzmanla\u015fm\u0131\u015ft\u0131r.<\/li>\n<li><strong>\u0130leri Teknoloji:<\/strong> En son teknoloji ve \u00fcretim s\u00fcre\u00e7leriyle tasarlanan bom silindirlerimiz, \u00e7e\u015fitli uygulamalar\u0131n zorlu taleplerini kar\u015f\u0131layacak \u015fekilde optimum performans ve uzun \u00f6m\u00fcrl\u00fcl\u00fck sunar.<\/li>\n<\/ul>\n<p><img decoding=\"async\" src=\"https:\/\/www.hydraulic-cylinders.net\/wp-content\/uploads\/2025\/04\/songte-cylinder-head-with-all-kinds-excavator-models.webp\" alt=\"Silindir Kapa\u011f\u0131 G\u00f6r\u00fcnt\u00fcs\u00fc\" \/><\/p>\n<h2>Bom Silindirinin Uygulamalar\u0131<\/h2>\n<h3>\u0130n\u015faat Ekipmanlar\u0131<\/h3>\n<p>Ekskavat\u00f6rlerde, bom silindirleri toprak veya moloz kazma, y\u00fckleme ve ta\u015f\u0131ma i\u015flemlerinde hayati \u00f6neme sahiptir. Tasar\u0131mlar\u0131, geli\u015fmi\u015f kazma kapasitesi ve kald\u0131rma g\u00fcc\u00fc sa\u011flayarak \u00e7e\u015fitli in\u015faat i\u015flerini kolayla\u015ft\u0131r\u0131r.<\/p>\n<h3>Tar\u0131m Makinalar\u0131<\/h3>\n<p>\u00d6n y\u00fckleyicilerde bu silindirler toprak, saman ve di\u011fer malzemeleri kep\u00e7elemek, kald\u0131rmak ve ta\u015f\u0131mak i\u00e7in kullan\u0131l\u0131r. Tar\u0131msal faaliyetlerde verimlili\u011fi ve etkinli\u011fi art\u0131rmada hayati bir rol oynarlar.<\/p>\n<h3>Ekskavat\u00f6rler<\/h3>\n<p>Bom silindiri, kep\u00e7enin zemine n\u00fcfuz etmesini sa\u011flayarak kaz\u0131 i\u015flerini daha y\u00f6netilebilir ve etkili hale getirir. Makinenin derin kaz\u0131 ve malzeme ta\u015f\u0131ma kabiliyetini art\u0131r\u0131r.<\/p>\n<h3>Y\u00fckleyiciler<\/h3>\n<p>\u00d6n y\u00fckleyicilerde, bom silindirleri y\u00fcklerin verimli bir \u015fekilde kald\u0131r\u0131lmas\u0131na ve bo\u015falt\u0131lmas\u0131na yard\u0131mc\u0131 olur. G\u00fcvenilir \u00e7al\u0131\u015fmalar\u0131, malzemelerin h\u0131zl\u0131 ve g\u00fcvenli bir \u015fekilde ta\u015f\u0131nmas\u0131n\u0131 sa\u011flayarak genel verimlili\u011fe katk\u0131da bulunur.<\/p>\n<h2>Tasar\u0131m Hususlar\u0131 ve Se\u00e7im Kriterleri<\/h2>\n<h3>Y\u00fck Kapasitesi<\/h3>\n<p>Bom silindiri se\u00e7erken, y\u00fck ta\u015f\u0131ma kapasitesini anlamak \u00e7ok \u00f6nemlidir. Silindir, performanstan \u00f6d\u00fcn vermeden maksimum y\u00fck\u00fc kald\u0131rabilmelidir. Bu, yaln\u0131zca \u00fcretici taraf\u0131ndan sa\u011flanan \u00f6zelliklerle s\u0131n\u0131rl\u0131 kalmay\u0131p, \u00e7al\u0131\u015fma ko\u015fullar\u0131n\u0131n da de\u011ferlendirilmesini gerektirir.<\/p>\n<h3>S\u0131zd\u0131rmazl\u0131k B\u00fct\u00fcnl\u00fc\u011f\u00fc<\/h3>\n<p>S\u0131zd\u0131rmazl\u0131k, hidrolik silindir tasar\u0131m\u0131n\u0131n hayati bir y\u00f6n\u00fcd\u00fcr. Do\u011fru contalar, sistem i\u00e7indeki bas\u0131nc\u0131n korunmas\u0131 i\u00e7in gerekli olan s\u0131v\u0131 s\u0131z\u0131nt\u0131s\u0131n\u0131 \u00f6nler. Poli\u00fcretan ve nitril kau\u00e7uk gibi malzemelerden \u00fcretilen y\u00fcksek kaliteli contalar, dayan\u0131kl\u0131l\u0131k ve uzun \u00f6m\u00fcr sa\u011flar.<\/p>\n<h3>Dayan\u0131kl\u0131l\u0131k<\/h3>\n<p>Bom silindirinin dayan\u0131kl\u0131l\u0131\u011f\u0131, kullan\u0131m \u00f6mr\u00fcn\u00fc ve verimlili\u011fini do\u011frudan etkiler. Silindirler, a\u015f\u0131nmaya ve \u00e7evresel fakt\u00f6rlere dayanacak \u015fekilde tasarlanmal\u0131 ve s\u0131k s\u0131k de\u011fi\u015ftirilmeden uzun s\u00fcre \u00e7al\u0131\u015f\u0131r durumda kalmalar\u0131 sa\u011flanmal\u0131d\u0131r.<\/p>\n<h3>G\u00fcvenlik \u00d6zellikleri<\/h3>\n<p>Bom silindirlerinin tasar\u0131m\u0131na g\u00fcvenlik \u00f6zelliklerinin entegre edilmesi son derece \u00f6nemlidir. Bu, \u00e7al\u0131\u015fma s\u0131ras\u0131nda kazalar\u0131 ve ekipman ar\u0131zalar\u0131n\u0131 \u00f6nleyebilecek a\u015f\u0131r\u0131 y\u00fck korumas\u0131 ve acil durdurma mekanizmalar\u0131n\u0131 i\u00e7erir.<\/p>\n<h3>Bak\u0131m Eri\u015filebilirli\u011fi<\/h3>\n<p>Bak\u0131m kolayl\u0131\u011f\u0131na y\u00f6nelik tasar\u0131m \u00e7ok \u00f6nemlidir. Silindirler, contalara ve di\u011fer bile\u015fenlere kolay eri\u015fim sa\u011flamal\u0131, b\u00f6ylece maliyetli ar\u0131za s\u00fcrelerini ve onar\u0131mlar\u0131 \u00f6nleyebilecek d\u00fczenli bak\u0131m i\u015flemlerini kolayla\u015ft\u0131rmal\u0131d\u0131r.<\/p>\n<p><img decoding=\"async\" src=\"https:\/\/www.hydraulic-cylinders.net\/wp-content\/uploads\/2025\/04\/songte-oil-pipes-and-spare-parts.webp\" alt=\"Petrol Borular\u0131 ve Yedek Par\u00e7a G\u00f6rseli\" \/><\/p>\n<h2>S\u0131zd\u0131rmazl\u0131k ve Ya\u011flama<\/h2>\n<p>Bom silindirinin do\u011fru \u015fekilde s\u0131zd\u0131rmazl\u0131\u011f\u0131 ve ya\u011flanmas\u0131, optimum performans i\u00e7in \u015fartt\u0131r. Piston contalar\u0131 ve mil contalar\u0131 da dahil olmak \u00fczere \u00e7e\u015fitli contalar, silindir i\u00e7indeki hidrolik s\u0131v\u0131n\u0131n korunmas\u0131 i\u00e7in kullan\u0131l\u0131r. A\u015f\u0131nmaya dayan\u0131kl\u0131l\u0131klar\u0131 nedeniyle poli\u00fcretan ve nitril kau\u00e7uk gibi dayan\u0131kl\u0131 malzemelerden yap\u0131lm\u0131\u015f contalar tercih edilir.<\/p>\n<p>Silindir g\u00f6vdesi ve di\u015fli u\u00e7 y\u00fczeyleri, a\u015f\u0131nma direncini art\u0131rmak i\u00e7in hassas i\u015fleme tabi tutulur. S\u00fcrt\u00fcnmeyi ve a\u015f\u0131nmay\u0131 en aza indirmek ve sorunsuz \u00e7al\u0131\u015fmay\u0131 sa\u011flamak i\u00e7in hidrolik ya\u011f ile d\u00fczenli ya\u011flama gereklidir.<\/p>\n<h2>\u00d6nleyici Bak\u0131m \u00d6nlemleri<\/h2>\n<ul>\n<li><strong>D\u00fczenli Denetimler:<\/strong> A\u015f\u0131nma veya hasar\u0131 erken tespit etmek ve ekipman ar\u0131zalar\u0131n\u0131 \u00f6nlemek i\u00e7in zaman\u0131nda onar\u0131mlar yap\u0131lmas\u0131n\u0131 sa\u011flamak amac\u0131yla d\u00fczenli kontroller ger\u00e7ekle\u015ftirin.<\/li>\n<li><strong>Uygun Ya\u011flama:<\/strong> Hidrolik ya\u011f seviyesinin \u00f6nerilen seviyelerde oldu\u011fundan ve silindir i\u00e7indeki t\u00fcm hareketli par\u00e7alara yeterli ya\u011flama sa\u011flad\u0131\u011f\u0131ndan emin olun.<\/li>\n<li><strong>Conta De\u011fi\u015fimi:<\/strong> Hidrolik sistemin b\u00fct\u00fcnl\u00fc\u011f\u00fcn\u00fc korumak i\u00e7in contalar\u0131 d\u00fczenli olarak a\u015f\u0131nma a\u00e7\u0131s\u0131ndan kontrol edin ve gerekti\u011finde de\u011fi\u015ftirin.<\/li>\n<\/ul>\n<h2>Kurulum Talimatlar\u0131<\/h2>\n<p>Bom silindirinin do\u011fru \u015fekilde tak\u0131lmas\u0131n\u0131 sa\u011flamak i\u00e7in \u015fu ad\u0131mlar\u0131 izleyin:<\/p>\n<ul>\n<li>Montaja ba\u015flamadan \u00f6nce t\u00fcm par\u00e7alar\u0131n temiz ve kal\u0131nt\u0131lardan ar\u0131nd\u0131r\u0131lm\u0131\u015f oldu\u011fundan emin olun.<\/li>\n<li>Silindiri, bile\u015fenler \u00fczerinde gereksiz gerilim olu\u015fmas\u0131n\u0131 \u00f6nlemek i\u00e7in makinenin montaj noktalar\u0131yla do\u011fru \u015fekilde hizalay\u0131n.<\/li>\n<li>Silindiri yerinde sabitlemek ve \u00e7al\u0131\u015fma s\u0131ras\u0131nda stabilite sa\u011flamak i\u00e7in uygun montaj braketleri kullan\u0131n.<\/li>\n<li>Hidrolik ba\u011flant\u0131lar\u0131 s\u0131z\u0131nt\u0131 a\u00e7\u0131s\u0131ndan tekrar kontrol edin ve t\u00fcm ba\u011flant\u0131 elemanlar\u0131n\u0131n belirtilen \u00f6zelliklere g\u00f6re s\u0131k\u0131ld\u0131\u011f\u0131ndan emin olun.<\/li>\n<li>Kurulumdan sonra silindirin \u00e7al\u0131\u015fmas\u0131n\u0131 test ederek i\u015flevselli\u011fini do\u011frulay\u0131n ve gerekirse ayarlamalar yap\u0131n.<\/li>\n<\/ul>\n<h2>Yayg\u0131n Bak\u0131m G\u00f6revleri<\/h2>\n<h3>D\u00fczenli Denetimler<\/h3>\n<p>Bom silindirinin uzun \u00f6m\u00fcrl\u00fc olmas\u0131 i\u00e7in d\u00fczenli kontroller \u00e7ok \u00f6nemlidir. Operat\u00f6rler, a\u015f\u0131nma, s\u0131z\u0131nt\u0131 veya bile\u015fenlerde hasar belirtileri olup olmad\u0131\u011f\u0131n\u0131 kontrol etmelidir. Bu proaktif yakla\u015f\u0131m, potansiyel sorunlar\u0131n b\u00fcy\u00fcmeden \u00f6nce belirlenmesine yard\u0131mc\u0131 olarak sorunsuz \u00e7al\u0131\u015fmay\u0131 sa\u011flar.<\/p>\n<h3>Uygun Ya\u011flama<\/h3>\n<p>Bom silindirinin sorunsuz \u00e7al\u0131\u015fmas\u0131 i\u00e7in uygun ya\u011flama hayati \u00f6nem ta\u015f\u0131r. Operat\u00f6rler, hidrolik ya\u011f seviyelerinin yeterli oldu\u011fundan ve s\u00fcrt\u00fcnmeyi ve a\u015f\u0131nmay\u0131 azaltmak i\u00e7in t\u00fcm hareketli par\u00e7alar\u0131n gerekli ya\u011flamay\u0131 ald\u0131\u011f\u0131ndan emin olmal\u0131d\u0131r.<\/p>\n<h3>Conta De\u011fi\u015fimi ve Kalibrasyon Kontrolleri<\/h3>\n<p>Hidrolik b\u00fct\u00fcnl\u00fc\u011f\u00fcn korunmas\u0131 i\u00e7in contalar\u0131n periyodik olarak de\u011fi\u015ftirilmesi gerekir. Operat\u00f6rler, silindirin belirlenen parametreler dahilinde \u00e7al\u0131\u015fmas\u0131n\u0131 sa\u011flamak i\u00e7in d\u00fczenli kalibrasyon kontrolleriyle birlikte conta inceleme ve de\u011fi\u015ftirme program\u0131 olu\u015fturmal\u0131d\u0131r.<\/p>\n<p><img decoding=\"async\" src=\"https:\/\/www.hydraulic-cylinders.net\/wp-content\/uploads\/2025\/04\/songte-chushion-collar.webp\" alt=\"Yast\u0131k Yaka G\u00f6rseli\" \/><\/p>\n<h2>G\u00fcvenlik Hususlar\u0131 ve \u00c7evresel Fakt\u00f6rler<\/h2>\n<p>Bom silindirlerinin \u00e7al\u0131\u015ft\u0131r\u0131lmas\u0131 s\u0131ras\u0131nda g\u00fcvenlik \u00f6nlemlerinin uygulanmas\u0131 \u00e7ok \u00f6nemlidir. Operat\u00f6rler, \u00e7evrelerinin fark\u0131nda olmak ve makinenin \u00e7al\u0131\u015fma s\u0131n\u0131rlar\u0131n\u0131 anlamak gibi g\u00fcvenli uygulamalar konusunda e\u011fitilmelidir. T\u00fcm g\u00fcvenlik cihazlar\u0131n\u0131n i\u015flevsel oldu\u011fundan emin olmak, hidrolik ekipmanla ili\u015fkili riskleri en aza indirecektir.<\/p>\n<h2>Ar\u0131za Te\u015fhisi ve Yayg\u0131n Sorunlar<\/h2>\n<ul>\n<li><strong>Hidrolik S\u0131z\u0131nt\u0131lar:<\/strong> En s\u0131k kar\u015f\u0131la\u015f\u0131lan sorunlardan biri, bas\u0131n\u00e7 ve performans kayb\u0131na yol a\u00e7abilen hidrolik s\u0131v\u0131 s\u0131z\u0131nt\u0131lar\u0131d\u0131r. Bu riski en aza indirmek i\u00e7in contalar\u0131 ve ba\u011flant\u0131lar\u0131 d\u00fczenli olarak kontrol edin.<\/li>\n<li><strong>Yava\u015f \u00c7al\u0131\u015fma:<\/strong> Silindir yava\u015f \u00e7al\u0131\u015f\u0131yorsa, hidrolik s\u0131v\u0131 seviyesinin d\u00fc\u015f\u00fck oldu\u011funu veya kirlenme oldu\u011funu g\u00f6sterebilir. Do\u011fru ak\u0131\u015f h\u0131zlar\u0131n\u0131 sa\u011flamak i\u00e7in s\u0131v\u0131 seviyelerini ve filtreleri kontrol edin.<\/li>\n<li><strong>Al\u0131\u015f\u0131lmad\u0131k Sesler:<\/strong> \u00c7al\u0131\u015fma s\u0131ras\u0131nda duyulan ola\u011fand\u0131\u015f\u0131 sesler, hidrolik sistemde i\u00e7 hasar veya hava bulunmas\u0131n\u0131n bir i\u015fareti olabilir. Bu seslere derhal m\u00fcdahale etmek, daha fazla hasar\u0131 \u00f6nleyebilir.<\/li>\n<\/ul>\n<h2>Sorun Giderme \u0130pu\u00e7lar\u0131<\/h2>\n<p>Bom silindirindeki sorunlar\u0131 etkili bir \u015fekilde te\u015fhis etmek ve gidermek i\u00e7in operat\u00f6rler a\u015fa\u011f\u0131daki sorun giderme ad\u0131mlar\u0131n\u0131 izlemelidir:<\/p>\n<ul>\n<li>Hidrolik sistemde s\u0131z\u0131nt\u0131 olup olmad\u0131\u011f\u0131n\u0131 kontrol edin ve varsa derhal onar\u0131n.<\/li>\n<li>S\u0131v\u0131 seviyelerini kontrol edin ve uygun hidrolik ya\u011f ile tamamlay\u0131n.<\/li>\n<li>S\u0131z\u0131nt\u0131lar\u0131 \u00f6nlemek i\u00e7in contalar\u0131 a\u015f\u0131nma a\u00e7\u0131s\u0131ndan inceleyin ve gerekti\u011finde de\u011fi\u015ftirin.<\/li>\n<\/ul>\n<p><img decoding=\"async\" src=\"https:\/\/www.hydraulic-cylinders.net\/wp-content\/uploads\/2025\/04\/songte-bushings-with-all-kinds-of-excavator-models.webp\" alt=\"Bur\u00e7lar G\u00f6r\u00fcnt\u00fcs\u00fc\" \/><\/p>\n<h2>\u015eirket Genel Bak\u0131\u015f\u0131<\/h2>\n<p>\u00d6nde gelen yedek hidrolik silindir \u00fcreticisi olarak, hem yerel hem de uluslararas\u0131 pazarlara hitap eden kapsaml\u0131 bir \u00fcr\u00fcn yelpazesi sunuyoruz. Kalite m\u00fckemmelli\u011fine olan ba\u011fl\u0131l\u0131\u011f\u0131m\u0131z, en son teknolojiye sahip \u00fcretim s\u00fcre\u00e7lerimizi ve titiz \u00fcretim y\u00f6netim stratejilerimizi y\u00f6nlendirmektedir. Y\u00fcksek verimlilik, hassasiyet ve kaliteye odaklanarak, \u00fcretim yeteneklerimizi s\u00fcrekli olarak geli\u015ftiriyor ve \u00fcr\u00fcnlerimizin m\u00fc\u015fterilerimizin \u00e7e\u015fitli ihtiya\u00e7lar\u0131n\u0131 kar\u015f\u0131lamas\u0131n\u0131 sa\u011fl\u0131yoruz.<\/p>\n<p>\u015eirketimiz, profesyonel uzmanl\u0131\u011f\u0131, uluslararas\u0131 sertifikalar\u0131 ve \u00f6zelle\u015ftirilmi\u015f hizmetleriyle \u00f6ne \u00e7\u0131kmaktad\u0131r. M\u00fc\u015fterilerimizi etkin bir \u015fekilde desteklemek i\u00e7in geli\u015fmi\u015f \u00fcretim ekipmanlar\u0131 ve g\u00fc\u00e7l\u00fc bir sat\u0131\u015f sonras\u0131 hizmet sistemi kullan\u0131yoruz.<\/p>\n<p><img decoding=\"async\" src=\"https:\/\/www.hydraulic-cylinders.net\/wp-content\/uploads\/2025\/04\/songte-company-4.webp\" alt=\"\u015eirket G\u00f6rseli 1\" \/><br \/>\n<img decoding=\"async\" src=\"https:\/\/www.hydraulic-cylinders.net\/wp-content\/uploads\/2025\/04\/songte-company-3.webp\" alt=\"\u015eirket G\u00f6rseli 2\" \/><\/p>\n<p>Yazar: lyl<\/p>","protected":false},"excerpt":{"rendered":"<p>Boom Cylinder For NHIG BF6m2012C Overview of the Boom Cylinder The Boom Cylinder is a critical component in hydraulic systems, specifically designed for controlling the movement of buckets in various heavy machinery such as excavators, backhoe loaders, and front loaders. This hydraulic cylinder enables the bucket to lift, lower, and tilt, facilitating efficient material handling [&hellip;]<\/p>","protected":false},"featured_media":17869,"comment_status":"open","ping_status":"closed","template":"","meta":{"_et_pb_use_builder":"","_et_pb_old_content":"","_et_gb_content_width":""},"product_brand":[],"product_cat":[1546],"product_tag":[1547,1496],"class_list":{"0":"post-19666","1":"product","2":"type-product","3":"status-publish","4":"has-post-thumbnail","6":"product_cat-boom-cylinders","7":"product_tag-boom-cylinders","8":"product_tag-hydraulic-cylinders","10":"first","11":"instock","12":"shipping-taxable","13":"product-type-simple"},"amp_enabled":true,"_links":{"self":[{"href":"https:\/\/www.hydraulic-cylinders.net\/tr\/wp-json\/wp\/v2\/product\/19666","targetHints":{"allow":["GET"]}}],"collection":[{"href":"https:\/\/www.hydraulic-cylinders.net\/tr\/wp-json\/wp\/v2\/product"}],"about":[{"href":"https:\/\/www.hydraulic-cylinders.net\/tr\/wp-json\/wp\/v2\/types\/product"}],"replies":[{"embeddable":true,"href":"https:\/\/www.hydraulic-cylinders.net\/tr\/wp-json\/wp\/v2\/comments?post=19666"}],"wp:featuredmedia":[{"embeddable":true,"href":"https:\/\/www.hydraulic-cylinders.net\/tr\/wp-json\/wp\/v2\/media\/17869"}],"wp:attachment":[{"href":"https:\/\/www.hydraulic-cylinders.net\/tr\/wp-json\/wp\/v2\/media?parent=19666"}],"wp:term":[{"taxonomy":"product_brand","embeddable":true,"href":"https:\/\/www.hydraulic-cylinders.net\/tr\/wp-json\/wp\/v2\/product_brand?post=19666"},{"taxonomy":"product_cat","embeddable":true,"href":"https:\/\/www.hydraulic-cylinders.net\/tr\/wp-json\/wp\/v2\/product_cat?post=19666"},{"taxonomy":"product_tag","embeddable":true,"href":"https:\/\/www.hydraulic-cylinders.net\/tr\/wp-json\/wp\/v2\/product_tag?post=19666"}],"curies":[{"name":"wp","href":"https:\/\/api.w.org\/{rel}","templated":true}]}}