{"id":19667,"date":"2025-04-07T07:00:36","date_gmt":"2025-04-07T07:00:36","guid":{"rendered":"https:\/\/www.hydraulic-cylinders.net\/product\/boom-cylinder-for-nhig-2306lc\/"},"modified":"2025-04-07T07:00:38","modified_gmt":"2025-04-07T07:00:38","slug":"boom-cylinder-for-nhig-2306lc","status":"publish","type":"product","link":"https:\/\/www.hydraulic-cylinders.net\/tr\/urun\/boom-cylinder-for-nhig-2306lc\/","title":{"rendered":"NHIG 2306LC i\u00e7in Bom Silindiri"},"content":{"rendered":"<h1>NHIG 2306LC i\u00e7in Bom Silindiri<\/h1>\n<h2>\u00dcr\u00fcn Genel Bak\u0131\u015f\u0131<\/h2>\n<p>NHIG 2306LC i\u00e7in tasarlanm\u0131\u015f bom silindiri, \u00f6zellikle ekskavat\u00f6rler, kaz\u0131c\u0131 y\u00fckleyiciler ve \u00f6n y\u00fckleyiciler gibi a\u011f\u0131r makineler i\u00e7in \u00f6zel olarak \u00fcretilmi\u015f bir hidrolik silindirdir. Bu tip hidrolik silindir, kep\u00e7enin hareketini kontrol ederek verimli bir \u015fekilde kald\u0131rma, indirme ve e\u011fme i\u015flemlerini sa\u011flar. Bom silindiri, \u00e7e\u015fitli malzeme ta\u015f\u0131ma g\u00f6revlerini yerine getirmek i\u00e7in gerekli kuvveti sa\u011flayarak hidrolik sistemlerde \u00e7ok \u00f6nemli bir rol oynar. Hidrolik s\u0131v\u0131 bas\u0131nc\u0131n\u0131 kullanarak, bu silindirler kazma, kald\u0131rma ve a\u011f\u0131r y\u00fckleri ta\u015f\u0131ma i\u00e7in gereken hassas hareketleri ger\u00e7ekle\u015ftirebilir. Bu hidrolik silindir, in\u015faat ve tar\u0131m makinelerinde performans\u0131 optimize etmek i\u00e7in vazge\u00e7ilmezdir.<\/p>\n<p><img decoding=\"async\" src=\"https:\/\/www.hydraulic-cylinders.net\/wp-content\/uploads\/2025\/04\/songte-company-1.webp\" alt=\"Bom Silindiri G\u00f6r\u00fcnt\u00fcs\u00fc\"><\/p>\n<h2>Bom Silindirinin \u00d6zellikleri<\/h2>\n<ul>\n<li><strong>Y\u00fcksek Dayan\u0131kl\u0131l\u0131k ve Dayan\u0131kl\u0131l\u0131k:<\/strong> Y\u00fcksek mukavemetli \u00e7elik veya al\u00fcminyumdan \u00fcretilen bu silindir, y\u00fcksek bas\u0131nca ve a\u011f\u0131r y\u00fcklere dayanacak \u015fekilde tasarlanm\u0131\u015ft\u0131r ve bu sayede zorlu \u00e7al\u0131\u015fma ortamlar\u0131 i\u00e7in uygundur.<\/li>\n<li><strong>Verimli Hidrolik \u00c7al\u0131\u015fma:<\/strong> Hidrolik ya\u011f bas\u0131nc\u0131n\u0131 kullanarak sorunsuz ve hassas uzatma ve geri \u00e7ekme hareketi sa\u011flar, g\u00fc\u00e7l\u00fc itme ve \u00e7ekme kuvveti sunarak a\u011f\u0131r ve karma\u015f\u0131k i\u015flerin \u00fcstesinden gelmek i\u00e7in idealdir.<\/li>\n<li><strong>\u00c7e\u015fitli T\u00fcrler:<\/strong> \u00c7e\u015fitli \u00e7al\u0131\u015fma ihtiya\u00e7lar\u0131n\u0131 kar\u015f\u0131lamak \u00fczere tek y\u00f6nl\u00fc (tek y\u00f6nde \u00e7al\u0131\u015fan) veya \u00e7ift y\u00f6nl\u00fc (iki y\u00f6nde \u00e7al\u0131\u015fan) konfig\u00fcrasyonlarda mevcuttur. Baz\u0131 modellerde, d\u0131\u015f boyutlar\u0131 art\u0131rmadan daha fazla uzama sa\u011flayan teleskopik bir tasar\u0131m bulunur; bu da s\u0131n\u0131rl\u0131 alana sahip uygulamalar i\u00e7in uygundur.<\/li>\n<\/ul>\n<h2>\u00dcretim Kapasitemiz<\/h2>\n<p>Bu \u00fcr\u00fcn\u00fc gururla \u00fcretiyoruz ve silindirlerimizin piyasadaki mevcut hidrolik silindirlerin yerini m\u00fckemmel bir \u015fekilde alabilece\u011fini garanti ediyoruz.<\/p>\n<p><img decoding=\"async\" src=\"https:\/\/www.hydraulic-cylinders.net\/wp-content\/uploads\/2025\/04\/songte-cylinder-head-with-all-kinds-excavator-models.webp\" alt=\"Silindir \u00dcretim G\u00f6r\u00fcnt\u00fcs\u00fc\"><\/p>\n<h2>Uygulama Senaryolar\u0131<\/h2>\n<h3>\u0130n\u015faat Ekipmanlar\u0131<\/h3>\n<p>Ekskavat\u00f6rlerde, bom silindiri kazma, y\u00fckleme ve toprak veya moloz ta\u015f\u0131ma i\u015flemlerinde hayati \u00f6neme sahiptir. Bu silindirler, zemine n\u00fcfuz etmek i\u00e7in gerekli kuvveti sa\u011flayarak verimli kaz\u0131 i\u015flemlerini kolayla\u015ft\u0131r\u0131r. Kaz\u0131c\u0131 y\u00fckleyicilerde ise kova silindiri hem kazma hem de kald\u0131rma i\u015flemlerine yard\u0131mc\u0131 olarak makinenin \u00e7e\u015fitli in\u015faat i\u015flerindeki \u00e7ok y\u00f6nl\u00fcl\u00fc\u011f\u00fcn\u00fc art\u0131r\u0131r.<\/p>\n<h3>Tar\u0131m Makinalar\u0131<\/h3>\n<p>\u00d6n y\u00fckleyicilerde, bom silindiri toprak, saman ve di\u011fer malzemelerin kep\u00e7elenmesi, kald\u0131r\u0131lmas\u0131 ve ta\u015f\u0131nmas\u0131 i\u00e7in \u00e7ok \u00f6nemlidir. G\u00fcvenilirli\u011fi ve sa\u011flaml\u0131\u011f\u0131, verimli malzeme ta\u015f\u0131man\u0131n gerekli oldu\u011fu tar\u0131msal operasyonlarda onu vazge\u00e7ilmez bir bile\u015fen haline getirir.<\/p>\n<h3>Ekskavat\u00f6rler<\/h3>\n<p>Ekskavat\u00f6rler, kep\u00e7enin zemine etkili bir \u015fekilde n\u00fcfuz etmesini ve derin kaz\u0131 i\u015flemlerine olanak sa\u011flamas\u0131n\u0131 sa\u011flayan hidrolik silindirler kullan\u0131r. Bu hidrolik silindirlerin sa\u011flad\u0131\u011f\u0131 hassasiyet ve kontrol, ba\u015far\u0131l\u0131 kaz\u0131 i\u015flerinin anahtar\u0131d\u0131r.<\/p>\n<h3>Y\u00fckleyiciler<\/h3>\n<p>\u00d6n y\u00fckleyicilerde, bom silindirleri y\u00fcklerin verimli bir \u015fekilde kald\u0131r\u0131lmas\u0131na ve bo\u015falt\u0131lmas\u0131na yard\u0131mc\u0131 olur. G\u00fc\u00e7l\u00fc kald\u0131rma g\u00fcc\u00fc sa\u011flama yetenekleri, malzemelerin etkili bir \u015fekilde ta\u015f\u0131nmas\u0131n\u0131 ve ihtiya\u00e7 duyulan yere b\u0131rak\u0131lmas\u0131n\u0131 sa\u011flar.<\/p>\n<h2>Tasar\u0131m Hususlar\u0131 ve Se\u00e7im Kriterleri<\/h2>\n<h3>Y\u00fck Kapasitesi<\/h3>\n<p>Bom silindiri se\u00e7ilirken y\u00fck ta\u015f\u0131ma kapasitesi \u00e7ok \u00f6nemlidir. Bu, silindirin ar\u0131za yapmadan g\u00fcvenli bir \u015fekilde ta\u015f\u0131yabilece\u011fi maksimum a\u011f\u0131rl\u0131\u011f\u0131 belirler. Bu durum, yap\u0131m\u0131nda kullan\u0131lan malzeme, silindirin \u00e7ap\u0131 ve \u00e7al\u0131\u015ft\u0131\u011f\u0131 hidrolik bas\u0131n\u00e7tan etkilenir. \u0130yi tasarlanm\u0131\u015f bir silindir, g\u00fcvenlik ve g\u00fcvenilirli\u011fi sa\u011flamak i\u00e7in \u00e7al\u0131\u015fma s\u0131ras\u0131nda beklenen maksimum y\u00fck\u00fc a\u015fan bir y\u00fck ta\u015f\u0131ma kapasitesine sahip olmal\u0131d\u0131r.<\/p>\n<h3>S\u0131zd\u0131rmazl\u0131k Performans\u0131<\/h3>\n<p>Etkili s\u0131zd\u0131rmazl\u0131k, hidrolik s\u0131v\u0131 s\u0131z\u0131nt\u0131lar\u0131n\u0131 \u00f6nlemek ve silindirin verimli \u00e7al\u0131\u015fmas\u0131n\u0131 sa\u011flamak i\u00e7in \u015fartt\u0131r. Poli\u00fcretan veya nitril kau\u00e7uk gibi dayan\u0131kl\u0131 malzemelerden yap\u0131lm\u0131\u015f piston contalar\u0131 ve mil contalar\u0131 gibi y\u00fcksek kaliteli contalar\u0131n se\u00e7imi \u00e7ok \u00f6nemlidir. Do\u011fru s\u0131zd\u0131rmazl\u0131k, silindirin \u00f6mr\u00fcn\u00fc uzat\u0131r ve s\u0131v\u0131 kayb\u0131n\u0131 en aza indirerek \u00e7al\u0131\u015fma verimlili\u011fini korur.<\/p>\n<h3>Dayan\u0131kl\u0131l\u0131k<\/h3>\n<p>Bom silindirinin dayan\u0131kl\u0131l\u0131\u011f\u0131, yap\u0131m\u0131nda kullan\u0131lan malzemelere ve \u00fcretim kalitesine ba\u011fl\u0131d\u0131r. A\u015f\u0131nmaya ve y\u0131pranmaya dayan\u0131kl\u0131 y\u00fcksek mukavemetli malzemeler, uzun vadeli performans i\u00e7in \u015fartt\u0131r. Ayr\u0131ca, y\u00fczey i\u015flemleri ve kaplamalar korozyona ve a\u015f\u0131nmaya kar\u015f\u0131 direnci art\u0131rarak silindirin \u00f6mr\u00fcn\u00fc daha da uzatabilir.<\/p>\n<h3>G\u00fcvenlik \u00d6zellikleri<\/h3>\n<p>Hidrolik silindirlerin tasar\u0131m\u0131nda g\u00fcvenlik her \u015feyden \u00f6nemlidir. Bas\u0131n\u00e7 tahliye vanalar\u0131 ve emniyet durdurma mekanizmalar\u0131 gibi \u00f6zellikler, a\u015f\u0131r\u0131 y\u00fcklenme durumlar\u0131n\u0131 \u00f6nleyerek ekipman\u0131n g\u00fcvenli s\u0131n\u0131rlar i\u00e7inde \u00e7al\u0131\u015fmas\u0131n\u0131 sa\u011flar. Bu g\u00fcvenlik \u00f6nlemleri, hem makineyi hem de operat\u00f6r\u00fc hidrolik ar\u0131zalarla ili\u015fkili potansiyel tehlikelerden korur.<\/p>\n<h3>Bak\u0131m Eri\u015filebilirli\u011fi<\/h3>\n<p>Bom silindirinin bak\u0131m kolayl\u0131\u011f\u0131 g\u00f6z \u00f6n\u00fcnde bulundurularak tasarlanmas\u0131, uzun \u00f6m\u00fcr ve performans i\u00e7in hayati \u00f6nem ta\u015f\u0131r. Contalara ve di\u011fer bile\u015fenlere kolay eri\u015fim sa\u011flayan \u00f6zellikler, rutin bak\u0131m\u0131 basitle\u015ftirerek ar\u0131za s\u00fcresini ve onar\u0131m maliyetlerini azalt\u0131r. D\u00fczenli kontroller ve bak\u0131m yapabilme yetene\u011fi, silindirin performans\u0131n\u0131 ve g\u00fcvenilirli\u011fini zaman i\u00e7inde \u00f6nemli \u00f6l\u00e7\u00fcde art\u0131racakt\u0131r.<\/p>\n<p><img decoding=\"async\" src=\"https:\/\/www.hydraulic-cylinders.net\/wp-content\/uploads\/2025\/04\/songte-oil-pipes-and-spare-parts.webp\" alt=\"Hidrolik Par\u00e7alar G\u00f6rseli\"><\/p>\n<h2>S\u0131zd\u0131rmazl\u0131k ve Ya\u011flama<\/h2>\n<p>Hidrolik silindirlerin etkinli\u011fi b\u00fcy\u00fck \u00f6l\u00e7\u00fcde s\u0131zd\u0131rmazl\u0131k ve ya\u011flama sistemlerine ba\u011fl\u0131d\u0131r. Piston contalar\u0131 ve mil contalar\u0131 gibi \u00e7e\u015fitli s\u0131zd\u0131rmazl\u0131k bile\u015fenleri, hidrolik bas\u0131nc\u0131 korumak ve s\u0131z\u0131nt\u0131lar\u0131 \u00f6nlemek i\u00e7in kullan\u0131l\u0131r. Poli\u00fcretan ve nitril kau\u00e7uk gibi a\u015f\u0131nmaya dayan\u0131kl\u0131 malzemelerden yap\u0131lm\u0131\u015f contalar\u0131n se\u00e7imi, optimum performans i\u00e7in \u00e7ok \u00f6nemlidir. Ayr\u0131ca, silindir g\u00f6vdesi ve di\u015fli u\u00e7lar, a\u015f\u0131nma direncini art\u0131rmak i\u00e7in hassas i\u015fleme tabi tutulur.<\/p>\n<p>Silindirin performans\u0131n\u0131 korumak i\u00e7in d\u00fczenli ya\u011flama da \u00e7ok \u00f6nemlidir. Bu, d\u00fczg\u00fcn \u00e7al\u0131\u015fmay\u0131 sa\u011flamak ve hareketli par\u00e7alar aras\u0131ndaki s\u00fcrt\u00fcnmeyi azaltmak i\u00e7in periyodik olarak uygun tipte hidrolik ya\u011f eklemeyi i\u00e7erir. Do\u011fru ya\u011flama, contalar\u0131n \u00f6mr\u00fcn\u00fc uzat\u0131r ve erken a\u015f\u0131nmay\u0131 \u00f6nleyerek hidrolik sistemin genel g\u00fcvenilirli\u011fine katk\u0131da bulunur.<\/p>\n<h2>D\u00fczenli Muayene ve \u00d6nleyici Bak\u0131m<\/h2>\n<ul>\n<li><strong>G\u00f6rsel Muayeneler:<\/strong> D\u00fczenli g\u00f6rsel kontroller, a\u015f\u0131nma, s\u0131z\u0131nt\u0131 veya hasar belirtilerini tespit etmeye yard\u0131mc\u0131 olur. Operat\u00f6rler, y\u0131pranm\u0131\u015f contalar veya s\u0131v\u0131 s\u0131z\u0131nt\u0131lar\u0131 gibi potansiyel sorunlar\u0131 erken a\u015famada tan\u0131mak ve bunlara derhal m\u00fcdahale etmek \u00fczere e\u011fitilmelidir.<\/li>\n<li><strong>Ya\u011flama Program\u0131:<\/strong> Silindirin performans\u0131n\u0131 korumak i\u00e7in d\u00fczenli bir ya\u011flama program\u0131 olu\u015fturmak \u015fartt\u0131r. Operat\u00f6rler, s\u00fcrt\u00fcnmeyi ve a\u015f\u0131nmay\u0131 azaltmak i\u00e7in t\u00fcm hareketli par\u00e7alar\u0131n yeterince ya\u011fland\u0131\u011f\u0131ndan emin olarak, \u00fcreticinin ya\u011flama aral\u0131klar\u0131 ve miktarlar\u0131 hakk\u0131ndaki \u00f6nerilerine uymal\u0131d\u0131r.<\/li>\n<li><strong>Conta De\u011fi\u015fimi:<\/strong> Hidrolik bas\u0131nc\u0131 korumak ve s\u0131z\u0131nt\u0131lar\u0131 \u00f6nlemek i\u00e7in contalar\u0131n d\u00fczenli olarak kontrol edilmesi ve gerekti\u011finde de\u011fi\u015ftirilmesi \u00e7ok \u00f6nemlidir. Operat\u00f6rler, silindirin etkili bir \u015fekilde \u00e7al\u0131\u015fmas\u0131n\u0131 sa\u011flamak i\u00e7in contalar\u0131n ne zaman de\u011fi\u015ftirilmesi gerekti\u011fini g\u00f6steren i\u015faretleri bilmelidir.<\/li>\n<\/ul>\n<h2>Kurulum Talimatlar\u0131<\/h2>\n<p>Bom silindirlerinin do\u011fru montaj\u0131, g\u00fcvenli ve etkili \u00e7al\u0131\u015fma i\u00e7in \u00e7ok \u00f6nemlidir. A\u015f\u0131r\u0131 gerilimi ve olas\u0131 ar\u0131zay\u0131 \u00f6nlemek i\u00e7in silindirin montaj noktalar\u0131yla do\u011fru \u015fekilde hizaland\u0131\u011f\u0131ndan emin olun. Silindiri sa\u011flam bir \u015fekilde yerine sabitlemek i\u00e7in uygun montaj braketleri kullan\u0131n. Montaj s\u0131ras\u0131nda, t\u00fcm hidrolik hatlar\u0131n, s\u0131v\u0131 ak\u0131\u015f\u0131n\u0131 engelleyebilecek b\u00fck\u00fclme veya t\u0131kan\u0131kl\u0131k olmadan d\u00fczg\u00fcn bir \u015fekilde ba\u011fland\u0131\u011f\u0131ndan emin olun.<\/p>\n<p>Montaj s\u0131ras\u0131nda olu\u015fabilecek hava ceplerinin hidrolik sistemden tamamen bo\u015falt\u0131lmas\u0131 da \u00e7ok \u00f6nemlidir, \u00e7\u00fcnk\u00fc s\u0131k\u0131\u015fm\u0131\u015f hava silindirin performans\u0131n\u0131 etkileyebilir. Montajdan sonra, silindirin sorunsuz \u00e7al\u0131\u015ft\u0131\u011f\u0131ndan ve kontrol komutlar\u0131na do\u011fru \u015fekilde yan\u0131t verdi\u011finden emin olmak i\u00e7in bir test \u00e7al\u0131\u015fmas\u0131 yap\u0131n. Hidrolik sistemin b\u00fct\u00fcnl\u00fc\u011f\u00fcn\u00fc sa\u011flamak i\u00e7in montajdan sonra ba\u011flant\u0131 noktalar\u0131 ve contalar \u00e7evresinde s\u0131z\u0131nt\u0131 olup olmad\u0131\u011f\u0131n\u0131 d\u00fczenli olarak kontrol edin.<\/p>\n<h2>Yayg\u0131n Bak\u0131m G\u00f6revleri<\/h2>\n<ul>\n<li><strong>D\u00fczenli Denetimler:<\/strong> Bom silindirinin d\u00fczenli olarak kontrol edilmesi, sorunlar\u0131n b\u00fcy\u00fcmeden \u00f6nce tespit edilmesine yard\u0131mc\u0131 olur. \u00c7al\u0131\u015fma verimlili\u011fini korumak i\u00e7in s\u0131z\u0131nt\u0131lar\u0131, a\u015f\u0131nmay\u0131 veya hasar belirtilerini kontrol edin.<\/li>\n<li><strong>Uygun Ya\u011flama:<\/strong> Silindirin iyi ya\u011flanmas\u0131, sorunsuz \u00e7al\u0131\u015fma i\u00e7in \u00e7ok \u00f6nemlidir. S\u00fcrt\u00fcnmeyi ve a\u015f\u0131nmay\u0131 \u00f6nlemek i\u00e7in ya\u011flama t\u00fcr\u00fc ve s\u0131kl\u0131\u011f\u0131 konusunda \u00fcreticinin y\u00f6nergelerini izleyin.<\/li>\n<li><strong>Conta De\u011fi\u015fimi:<\/strong> Contalar\u0131n durumunu d\u00fczenli olarak kontrol edin. A\u015f\u0131nma veya bozulma belirtileri g\u00f6r\u00fcl\u00fcrse, hidrolik s\u0131v\u0131 s\u0131z\u0131nt\u0131s\u0131n\u0131 \u00f6nlemek ve performans\u0131 korumak i\u00e7in contalar\u0131 derhal de\u011fi\u015ftirin.<\/li>\n<\/ul>\n<h2>G\u00fcvenlik Hususlar\u0131 ve \u00c7evresel Fakt\u00f6rler<\/h2>\n<p>Hidrolik ekipman \u00e7al\u0131\u015ft\u0131r\u0131l\u0131rken g\u00fcvenlik \u00f6nlemleri son derece \u00f6nemlidir. Operat\u00f6rler uygun ki\u015fisel koruyucu ekipman (KKD) giymeli ve makinedeki g\u00fcvenlik \u00f6zelliklerinin do\u011fru \u00e7al\u0131\u015ft\u0131\u011f\u0131ndan emin olmal\u0131d\u0131r. Kaza riskini en aza indirmek i\u00e7in hidrolik silindirlerin \u00e7al\u0131\u015ft\u0131r\u0131lmas\u0131 ve bak\u0131m\u0131yla ilgili \u00fcretici y\u00f6nergelerine uymak da \u00e7ok \u00f6nemlidir.<\/p>\n<p>\u00c7evresel fakt\u00f6rler de dikkate al\u0131nmal\u0131d\u0131r. Ekolojik zarar\u0131 \u00f6nlemek i\u00e7in hidrolik s\u0131v\u0131lar\u0131n ve bak\u0131m malzemelerinin uygun \u015fekilde bertaraf edilmesi \u015fartt\u0131r. \u00c7evre dostu hidrolik ya\u011flar\u0131n kullan\u0131lmas\u0131, hidrolik i\u015flemlerin \u00e7evresel etkisini daha da azaltabilir.<\/p>\n<h2>Ar\u0131za Te\u015fhisi ve Yayg\u0131n Sorunlar<\/h2>\n<ul>\n<li><strong>S\u0131zd\u0131ran Contalar:<\/strong> En s\u0131k kar\u015f\u0131la\u015f\u0131lan sorunlardan biri, hidrolik bas\u0131n\u00e7ta d\u00fc\u015f\u00fc\u015fe yol a\u00e7abilen s\u0131zd\u0131ran contalard\u0131r. Bu sorun, acil inceleme ve conta de\u011fi\u015fimi gerektirebilir.<\/li>\n<li><strong>Yava\u015f \u00c7al\u0131\u015fma:<\/strong> Bom silindirinin yava\u015f \u00e7al\u0131\u015fmas\u0131, hidrolik s\u0131v\u0131 seviyesinin d\u00fc\u015f\u00fck oldu\u011funu veya sistemde hava s\u0131k\u0131\u015ft\u0131\u011f\u0131n\u0131 g\u00f6sterebilir. Sorun gidermede ilk ad\u0131mlar, s\u0131v\u0131 seviyelerini kontrol etmek ve sistemi havas\u0131n\u0131 almak olmal\u0131d\u0131r.<\/li>\n<li><strong>Yan\u0131t vermeyen kontroller:<\/strong> Bom silindirinin tepkisiz kalmas\u0131, hidrolik t\u0131kan\u0131kl\u0131klar\u0131n veya kontrol sisteminde ar\u0131zalar\u0131n g\u00f6stergesi olabilir. Hidrolik hatlar\u0131n ve kontrol vanalar\u0131n\u0131n t\u0131kan\u0131kl\u0131k a\u00e7\u0131s\u0131ndan incelenmesi gereklidir.<\/li>\n<\/ul>\n<h2>Sorun Giderme \u0130pu\u00e7lar\u0131<\/h2>\n<p>Bom silindirindeki sorunlar\u0131 etkili bir \u015fekilde te\u015fhis etmek ve \u00e7\u00f6zmek i\u00e7in operat\u00f6rler \u00f6ncelikle \u00e7al\u0131\u015fma s\u0131ras\u0131nda herhangi bir anormal belirtiyi tespit etmelidir. D\u00fczenli bak\u0131m kay\u0131tlar\u0131, zaman i\u00e7inde performans de\u011fi\u015fikliklerini izlemeye yard\u0131mc\u0131 olabilir. S\u0131zd\u0131ran contalar i\u00e7in, hidrolik s\u0131v\u0131 kayb\u0131n\u0131 \u00f6nlemek i\u00e7in derhal kontrol ve de\u011fi\u015ftirme \u015fartt\u0131r. Yava\u015f \u00e7al\u0131\u015fma durumunda, s\u0131v\u0131 seviyelerini kontrol etmek ve sistemde hava s\u0131k\u0131\u015fmad\u0131\u011f\u0131ndan emin olmak performans\u0131 geri kazand\u0131rabilir. Kontrollerin tepkisiz kalmas\u0131 durumunda, hortum ve vanalar\u0131n t\u0131kan\u0131kl\u0131k a\u00e7\u0131s\u0131ndan incelenmesi sorunu ortaya \u00e7\u0131karabilir.<\/p>\n<p>Rutin kontroller ve zaman\u0131nda bak\u0131m gibi \u00f6nleyici tedbirlerin uygulanmas\u0131, bu yayg\u0131n sorunlarla kar\u015f\u0131la\u015fma riskini en aza indirebilir. Operat\u00f6rler, h\u0131zl\u0131 d\u00fczeltici eylemleri kolayla\u015ft\u0131rmak ve hidrolik sistemin i\u015flevsel ve verimli kalmas\u0131n\u0131 sa\u011flamak i\u00e7in erken uyar\u0131 i\u015faretlerini tan\u0131ma konusunda e\u011fitilmelidir.<\/p>\n<p><img decoding=\"async\" src=\"https:\/\/www.hydraulic-cylinders.net\/wp-content\/uploads\/2025\/04\/songte-bushings-with-all-kinds-of-excavator-models.webp\" alt=\"Bur\u00e7lar G\u00f6r\u00fcnt\u00fcs\u00fc\"><\/p>\n<h2>\u015eirket Genel Bak\u0131\u015f\u0131<\/h2>\n<p>Yedek hidrolik silindir \u00fcreticisi olarak, kapsaml\u0131 bir \u00fcr\u00fcn yelpazesi sunuyoruz. Hem yurt i\u00e7i hem de uluslararas\u0131 pazarlarda \u00f6nde gelen hidrolik silindir \u00fcreticilerinden ve toptanc\u0131lar\u0131ndan biri olarak, kalite m\u00fckemmelli\u011fine ve verimli \u00fcretim y\u00f6netimi stratejilerine ba\u011fl\u0131 kal\u0131yoruz. \u015eirketimiz, yetenekli profesyoneller, geli\u015fmi\u015f dijital \u00fcretim ekipmanlar\u0131 ve kapsaml\u0131 test sistemleri kullanarak \u00fcretim kapasitesini s\u00fcrekli olarak geli\u015ftiriyor.<\/p>\n<p>M\u00fc\u015fterilerimizin \u00e7e\u015fitli ihtiya\u00e7lar\u0131n\u0131 y\u00fcksek verimlilik, hassasiyet ve kaliteyle kar\u015f\u0131lamaya kararl\u0131y\u0131z. \u00dcr\u00fcnlerimiz, uluslararas\u0131 sertifikalar\u0131 korurken belirli m\u00fc\u015fteri gereksinimlerini kar\u015f\u0131lamam\u0131z\u0131 sa\u011flayacak \u015fekilde \u00f6zelle\u015ftirmeye odaklan\u0131larak tasarlanm\u0131\u015ft\u0131r. G\u00fc\u00e7l\u00fc sat\u0131\u015f sonras\u0131 hizmetimiz, bizi hidrolik silindir sekt\u00f6r\u00fcnde g\u00fcvenilir bir ortak olarak daha da \u00f6ne \u00e7\u0131kar\u0131yor.<\/p>\n<p><img decoding=\"async\" src=\"https:\/\/www.hydraulic-cylinders.net\/wp-content\/uploads\/2025\/04\/songte-company-4.webp\" alt=\"\u015eirket \u0130maj\u0131\"><br \/>\n<img decoding=\"async\" src=\"https:\/\/www.hydraulic-cylinders.net\/wp-content\/uploads\/2025\/04\/songte-company-3.webp\" alt=\"\u015eirket \u0130maj\u0131\"><\/p>\n<p>Yazar: lyl<\/p>","protected":false},"excerpt":{"rendered":"<p>Boom Cylinder For NHIG 2306LC Product Overview The Boom Cylinder for NHIG 2306LC is a specialized hydraulic cylinder designed for heavy machinery, particularly excavators, backhoe loaders, and front loaders. This type of hydraulic cylinder controls the movement of the bucket, enabling it to lift, lower, and tilt efficiently. The boom cylinder plays a crucial role [&hellip;]<\/p>","protected":false},"featured_media":17870,"comment_status":"open","ping_status":"closed","template":"","meta":{"_et_pb_use_builder":"","_et_pb_old_content":"","_et_gb_content_width":""},"product_brand":[],"product_cat":[1546],"product_tag":[1547,1496],"class_list":{"0":"post-19667","1":"product","2":"type-product","3":"status-publish","4":"has-post-thumbnail","6":"product_cat-boom-cylinders","7":"product_tag-boom-cylinders","8":"product_tag-hydraulic-cylinders","10":"first","11":"instock","12":"shipping-taxable","13":"product-type-simple"},"amp_enabled":true,"_links":{"self":[{"href":"https:\/\/www.hydraulic-cylinders.net\/tr\/wp-json\/wp\/v2\/product\/19667","targetHints":{"allow":["GET"]}}],"collection":[{"href":"https:\/\/www.hydraulic-cylinders.net\/tr\/wp-json\/wp\/v2\/product"}],"about":[{"href":"https:\/\/www.hydraulic-cylinders.net\/tr\/wp-json\/wp\/v2\/types\/product"}],"replies":[{"embeddable":true,"href":"https:\/\/www.hydraulic-cylinders.net\/tr\/wp-json\/wp\/v2\/comments?post=19667"}],"wp:featuredmedia":[{"embeddable":true,"href":"https:\/\/www.hydraulic-cylinders.net\/tr\/wp-json\/wp\/v2\/media\/17870"}],"wp:attachment":[{"href":"https:\/\/www.hydraulic-cylinders.net\/tr\/wp-json\/wp\/v2\/media?parent=19667"}],"wp:term":[{"taxonomy":"product_brand","embeddable":true,"href":"https:\/\/www.hydraulic-cylinders.net\/tr\/wp-json\/wp\/v2\/product_brand?post=19667"},{"taxonomy":"product_cat","embeddable":true,"href":"https:\/\/www.hydraulic-cylinders.net\/tr\/wp-json\/wp\/v2\/product_cat?post=19667"},{"taxonomy":"product_tag","embeddable":true,"href":"https:\/\/www.hydraulic-cylinders.net\/tr\/wp-json\/wp\/v2\/product_tag?post=19667"}],"curies":[{"name":"wp","href":"https:\/\/api.w.org\/{rel}","templated":true}]}}