{"id":19669,"date":"2025-04-07T07:00:42","date_gmt":"2025-04-07T07:00:42","guid":{"rendered":"https:\/\/www.hydraulic-cylinders.net\/product\/boom-cylinder-for-bada-wys60\/"},"modified":"2025-04-07T07:00:52","modified_gmt":"2025-04-07T07:00:52","slug":"boom-cylinder-for-bada-wys60","status":"publish","type":"product","link":"https:\/\/www.hydraulic-cylinders.net\/tr\/urun\/boom-cylinder-for-bada-wys60\/","title":{"rendered":"Bada WYS60 i\u00e7in Bom Silindiri"},"content":{"rendered":"<h1>Bada WYS60 i\u00e7in Bom Silindiri<\/h1>\n<h2>Bom Silindirine Giri\u015f<\/h2>\n<p>Bada WYS60 Bom Silindiri, \u00f6zellikle hidrolik sistemlerde olmak \u00fczere a\u011f\u0131r makineler i\u00e7in tasarlanm\u0131\u015f temel bir bile\u015fendir. Bu hidrolik silindir, ekskavat\u00f6rlerde, kaz\u0131c\u0131 y\u00fckleyicilerde ve \u00f6n y\u00fckleyicilerde kep\u00e7enin hareketini kontrol etmede \u00f6nemli bir rol oynar. Kep\u00e7enin kald\u0131rma, indirme ve yat\u0131rma i\u015flemlerini ger\u00e7ekle\u015ftirerek, \u00e7e\u015fitli sekt\u00f6rlerde verimli malzeme ta\u015f\u0131ma g\u00f6revlerini kolayla\u015ft\u0131r\u0131r.<\/p>\n<p>Bom silindiri, \u00f6z\u00fcnde hidrolik enerjiyi mekanik g\u00fcce d\u00f6n\u00fc\u015ft\u00fcren ve operat\u00f6rlerin a\u011f\u0131r ekipmanlarla karma\u015f\u0131k hareketler ger\u00e7ekle\u015ftirmesini sa\u011flayan bir hidrolik akt\u00fcat\u00f6rd\u00fcr. Bu silindirler, zorlu \u00e7al\u0131\u015fma ortamlar\u0131n\u0131n zorluklar\u0131na dayanacak \u015fekilde tasarlanm\u0131\u015ft\u0131r ve bu da onlar\u0131 in\u015faat, tar\u0131m ve madencilik uygulamalar\u0131 i\u00e7in hayati \u00f6nem ta\u015f\u0131r.<\/p>\n<p><img decoding=\"async\" src=\"https:\/\/www.hydraulic-cylinders.net\/wp-content\/uploads\/2025\/04\/songte-company-1.webp\" alt=\"Bom Silindiri G\u00f6r\u00fcnt\u00fcs\u00fc\" \/><\/p>\n<h2>Bom Silindirinin \u00d6zellikleri<\/h2>\n<ul>\n<li>\n<h3>Y\u00fcksek G\u00fc\u00e7 ve Dayan\u0131kl\u0131l\u0131k<\/h3>\n<p>Genellikle y\u00fcksek mukavemetli \u00e7elik veya al\u00fcminyumdan \u00fcretilen Boom Silindiri, y\u00fcksek bas\u0131n\u00e7lara ve a\u011f\u0131r y\u00fcklere dayanabilir. Tasar\u0131m\u0131, a\u015f\u0131nma direnci ve korozyon korumas\u0131 g\u00f6z \u00f6n\u00fcnde bulundurularak zorlu \u00e7al\u0131\u015fma ko\u015fullar\u0131nda uzun \u00f6m\u00fcrl\u00fc olmas\u0131n\u0131 sa\u011flar.<\/p>\n<\/li>\n<li>\n<h3>Verimli Hidrolik \u00c7al\u0131\u015fma<\/h3>\n<p>Hidrolik ya\u011f bas\u0131nc\u0131n\u0131 kullanan silindir, yumu\u015fak uzatma ve geri \u00e7ekme hareketleri sa\u011flar. Operat\u00f6r komutlar\u0131na h\u0131zl\u0131 tepki vererek, a\u011f\u0131r ve karma\u015f\u0131k g\u00f6revlerin \u00fcstesinden gelmeye uygun g\u00fc\u00e7l\u00fc itme ve \u00e7ekme kuvvetleri sa\u011flar.<\/p>\n<\/li>\n<li>\n<h3>\u00c7e\u015fitli T\u00fcrler Mevcuttur<\/h3>\n<p>Bom silindiri, \u00e7e\u015fitli operasyonel gereksinimleri kar\u015f\u0131lamak \u00fczere tek etkili (tek y\u00f6nde hidrolik g\u00fc\u00e7 uygulan\u0131r) veya \u00e7ift etkili (her iki y\u00f6nde hidrolik g\u00fc\u00e7 uygulan\u0131r) olarak \u00f6zelle\u015ftirilebilir. Baz\u0131 modeller, d\u0131\u015f boyutlar\u0131 art\u0131rmadan geni\u015fletilmi\u015f eri\u015fim sa\u011flayan teleskopik tasar\u0131mlara sahiptir ve alan k\u0131s\u0131tlamas\u0131 olan uygulamalar i\u00e7in idealdir.<\/p>\n<\/li>\n<li>\n<h3>\u00d6zel \u00dcretim<\/h3>\n<p>Bu \u00fcr\u00fcn\u00fcn \u00fcretiminde uzmanla\u015f\u0131yoruz ve hidrolik silindirlerimizin mevcut modellerin yerini m\u00fckemmel bir \u015fekilde almas\u0131n\u0131 sa\u011flayarak, m\u00fc\u015fterilerimize g\u00fcvenilir bir alternatif sunuyoruz.<\/p>\n<\/li>\n<\/ul>\n<p><img decoding=\"async\" src=\"https:\/\/www.hydraulic-cylinders.net\/wp-content\/uploads\/2025\/04\/songte-cylinder-head-with-all-kinds-excavator-models.webp\" alt=\"Ekskavat\u00f6r Modelleri G\u00f6rseli\" \/><\/p>\n<h2>Bom Silindirinin Uygulamalar\u0131<\/h2>\n<ul>\n<li>\n<h3>\u0130n\u015faat Ekipmanlar\u0131<\/h3>\n<p>Ekskavat\u00f6rlerde bom silindirleri, kazma, y\u00fckleme ve toprak veya moloz ta\u015f\u0131ma i\u00e7in hayati \u00f6nem ta\u015f\u0131r. Kovan\u0131n zemine etkili bir \u015fekilde n\u00fcfuz etmesini sa\u011flayarak kaz\u0131 g\u00f6revlerini daha verimli hale getirir. Beko-loderlerde ise bu silindirler hem kazma hem de kald\u0131rma i\u015flemlerine yard\u0131mc\u0131 olarak makinenin \u00e7ok y\u00f6nl\u00fcl\u00fc\u011f\u00fcn\u00fc art\u0131r\u0131r.<\/p>\n<\/li>\n<li>\n<h3>Tar\u0131m Makinalar\u0131<\/h3>\n<p>\u00d6n y\u00fckleyicilerde kullan\u0131lan bom silindirleri, toprak, saman ve di\u011fer malzemelerin kep\u00e7elenmesi, kald\u0131r\u0131lmas\u0131 ve ta\u015f\u0131nmas\u0131 i\u00e7in hayati \u00f6nem ta\u015f\u0131r. Tar\u0131m i\u015flerinde sorunsuz \u00e7al\u0131\u015fma sa\u011flayarak tar\u0131m sekt\u00f6rlerinde verimlili\u011fin artmas\u0131na katk\u0131da bulunurlar.<\/p>\n<\/li>\n<li>\n<h3>Ekskavat\u00f6rler<\/h3>\n<p>Bu silindirler, kep\u00e7enin topra\u011fa n\u00fcfuz etmesini sa\u011flayarak verimli kaz\u0131 operasyonlar\u0131n\u0131 kolayla\u015ft\u0131r\u0131r. Sa\u011flam tasar\u0131mlar\u0131, kaz\u0131 s\u0131ras\u0131nda uygulanan \u00f6nemli kuvvetleri kar\u015f\u0131layabilmelerini sa\u011flayarak bu alanda vazge\u00e7ilmezdir.<\/p>\n<\/li>\n<li>\n<h3>Y\u00fckleyiciler<\/h3>\n<p>\u00d6n y\u00fckleyicilerde bom silindirleri, y\u00fcklerin verimli bir \u015fekilde kald\u0131r\u0131lmas\u0131na ve bo\u015falt\u0131lmas\u0131na yard\u0131mc\u0131 olur. Operat\u00f6rlerin malzeme ta\u015f\u0131ma g\u00f6revlerini sorunsuz bir \u015fekilde ger\u00e7ekle\u015ftirmelerini sa\u011flayarak operasyonel verimlili\u011fi art\u0131r\u0131r.<\/p>\n<\/li>\n<\/ul>\n<h2>Tasar\u0131m Hususlar\u0131 ve Se\u00e7im Kriterleri<\/h2>\n<ul>\n<li>\n<h3>Y\u00fck Kapasitesi<\/h3>\n<p>Bir bom silindiri se\u00e7erken y\u00fck kapasitesini anlamak esast\u0131r. Silindir, performans veya g\u00fcvenlikten \u00f6d\u00fcn vermeden \u00e7al\u0131\u015fma s\u0131ras\u0131nda uygulanan maksimum y\u00fcklere dayanabilmelidir. Do\u011fru y\u00fck hesaplamas\u0131, silindirin etkili bir \u015fekilde \u00e7al\u0131\u015fmas\u0131n\u0131 sa\u011flayarak ar\u0131za risklerini en aza indirir.<\/p>\n<\/li>\n<li>\n<h3>S\u0131zd\u0131rmazl\u0131k Performans\u0131<\/h3>\n<p>Hidrolik silindirlerde s\u0131z\u0131nt\u0131lar\u0131 \u00f6nlemek ve optimum bas\u0131nc\u0131 korumak i\u00e7in etkili s\u0131zd\u0131rmazl\u0131k kritik \u00f6neme sahiptir. Y\u00fcksek kaliteli contalar, hidrolik s\u0131v\u0131n\u0131n i\u00e7eride kalmas\u0131n\u0131 sa\u011flarken silindirin sorunsuz \u00e7al\u0131\u015fmas\u0131n\u0131 sa\u011flar. Performans\u0131n s\u00fcreklili\u011fini sa\u011flamak i\u00e7in contalar\u0131n d\u00fczenli olarak kontrol edilmesi gerekir.<\/p>\n<\/li>\n<li>\n<h3>Dayan\u0131kl\u0131l\u0131k<\/h3>\n<p>Bom silindiri tasar\u0131m\u0131nda dayan\u0131kl\u0131l\u0131k \u00e7ok \u00f6nemlidir, \u00e7\u00fcnk\u00fc bu bile\u015fenler zorlu \u00e7evre ko\u015fullar\u0131 ve a\u011f\u0131r i\u015f y\u00fckleriyle kar\u015f\u0131 kar\u015f\u0131yad\u0131r. Y\u00fcksek kaliteli malzeme ve kaplamalar\u0131n kullan\u0131m\u0131, silindirin \u00f6mr\u00fcn\u00fc \u00f6nemli \u00f6l\u00e7\u00fcde art\u0131rabilir ve s\u0131k s\u0131k de\u011fi\u015ftirme ihtiyac\u0131n\u0131 azaltabilir.<\/p>\n<\/li>\n<li>\n<h3>G\u00fcvenlik \u00d6zellikleri<\/h3>\n<p>Bom silindirlerinin tasar\u0131m\u0131na g\u00fcvenlik \u00f6zelliklerinin dahil edilmesi, operat\u00f6rleri ve makineleri korumak i\u00e7in kritik \u00f6neme sahiptir. Bas\u0131n\u00e7 tahliye valfleri ve acil durdurma mekanizmalar\u0131 gibi \u00f6zellikler, \u00e7al\u0131\u015fma s\u0131ras\u0131nda kazalar\u0131 ve ekipman hasar\u0131n\u0131 \u00f6nleyebilir.<\/p>\n<\/li>\n<li>\n<h3>Bak\u0131m Eri\u015filebilirli\u011fi<\/h3>\n<p>Kolay bak\u0131m ve dahili bile\u015fenlere kolay eri\u015fim sa\u011flayan tasar\u0131mlar, ar\u0131za s\u00fcrelerini \u00f6nemli \u00f6l\u00e7\u00fcde azaltabilir ve operasyonel verimlili\u011fi art\u0131rabilir. D\u00fczenli bak\u0131m kontrolleri ve par\u00e7alara kolay eri\u015fim, daha h\u0131zl\u0131 onar\u0131mlar\u0131 kolayla\u015ft\u0131r\u0131r ve silindirin \u00f6mr\u00fcn\u00fc uzat\u0131r.<\/p>\n<\/li>\n<\/ul>\n<p><img decoding=\"async\" src=\"https:\/\/www.hydraulic-cylinders.net\/wp-content\/uploads\/2025\/04\/songte-oil-pipes-and-spare-parts.webp\" alt=\"Hidrolik Bile\u015fenler G\u00f6rseli\" \/><\/p>\n<h2>Hidrolik Silindirin S\u0131zd\u0131rmazl\u0131\u011f\u0131 ve Ya\u011flanmas\u0131<\/h2>\n<p>Bom silindirlerinin optimum \u00e7al\u0131\u015fmas\u0131 i\u00e7in uygun s\u0131zd\u0131rmazl\u0131k ve ya\u011flama hayati \u00f6nem ta\u015f\u0131r. Piston contalar\u0131 ve piston kolu contalar\u0131 gibi \u00e7e\u015fitli contalar, hidrolik s\u0131v\u0131 s\u0131z\u0131nt\u0131s\u0131n\u0131 \u00f6nleyen s\u0131k\u0131 bir bariyer olu\u015fturmak i\u00e7in kullan\u0131l\u0131r. Contalar genellikle a\u015f\u0131nma ve y\u0131pranmaya dayan\u0131kl\u0131 poli\u00fcretan ve nitril kau\u00e7uk gibi dayan\u0131kl\u0131 malzemelerden yap\u0131l\u0131r.<\/p>\n<p>Silindir g\u00f6vdesi ve di\u015fli u\u00e7lar\u0131, a\u015f\u0131nma direncini art\u0131rmak ve uzun \u00f6m\u00fcrl\u00fc olmas\u0131n\u0131 sa\u011flamak i\u00e7in titizlikle i\u015flenmi\u015ftir. Sorunsuz \u00e7al\u0131\u015fma i\u00e7in hidrolik ya\u011f ile d\u00fczenli ya\u011flama \u015fartt\u0131r. Yeterli ya\u011f seviyeleri, s\u00fcrt\u00fcnmeyi ve \u0131s\u0131 birikimini azaltarak silindirin \u00f6mr\u00fcn\u00fc ve verimlili\u011fini uzat\u0131r.<\/p>\n<h2>D\u00fczenli Muayene ve \u00d6nleyici Bak\u0131m<\/h2>\n<ul>\n<li>\n<h3>Rutin Muayene<\/h3>\n<p>Herhangi bir a\u015f\u0131nma, s\u0131z\u0131nt\u0131 veya hasar belirtisini tespit etmek i\u00e7in d\u00fczenli denetimler yap\u0131lmal\u0131d\u0131r. Sorunlar\u0131n zaman\u0131nda tespiti, ileride daha ciddi sorunlar\u0131n olu\u015fmas\u0131n\u0131 \u00f6nleyebilir. Operat\u00f6rler, uyar\u0131 i\u015faretlerini tan\u0131yacak \u015fekilde e\u011fitilmeli ve proaktif bak\u0131m sa\u011flanmal\u0131d\u0131r.<\/p>\n<\/li>\n<li>\n<h3>Ya\u011flama Program\u0131<\/h3>\n<p>Bir ya\u011flama program\u0131 olu\u015fturmak, hidrolik silindirin optimum \u015fekilde \u00e7al\u0131\u015fmas\u0131na yard\u0131mc\u0131 olur. Operat\u00f6rler, ya\u011flama kaynakl\u0131 ar\u0131zalar\u0131 \u00f6nlemek i\u00e7in ya\u011f seviyelerini kontrol etme ve gerekti\u011finde ya\u011f ekleme konusunda dikkatli olmal\u0131d\u0131r.<\/p>\n<\/li>\n<li>\n<h3>Conta De\u011fi\u015fimi<\/h3>\n<p>Hidrolik verimlili\u011fi korumak i\u00e7in contalar\u0131n d\u00fczenli aral\u0131klarla de\u011fi\u015ftirilmesi \u00e7ok \u00f6nemlidir. A\u015f\u0131nm\u0131\u015f contalar s\u0131v\u0131 s\u0131z\u0131nt\u0131lar\u0131na yol a\u00e7arak performans kayb\u0131na ve makinede olas\u0131 hasara neden olabilir. Conta de\u011fi\u015fimine sistematik bir yakla\u015f\u0131m, genel performans\u0131 art\u0131rabilir.<\/p>\n<\/li>\n<\/ul>\n<h2>Bom Silindiri Kurulum Talimatlar\u0131<\/h2>\n<p>Bom silindirinin uzun \u00f6m\u00fcrl\u00fc ve i\u015flevsel olmas\u0131 i\u00e7in do\u011fru montaj \u00e7ok \u00f6nemlidir. \u00d6ncelikle silindirin temiz ve kirleticilerden ar\u0131nd\u0131r\u0131lm\u0131\u015f oldu\u011fundan emin olun. Do\u011fru hizalama \u00e7ok \u00f6nemlidir; contalar ve rotlar \u00fczerinde a\u015f\u0131r\u0131 gerilimi \u00f6nlemek i\u00e7in silindir do\u011fru \u015fekilde hizalanmal\u0131d\u0131r. Silindiri yerinde sabitlemek ve \u00e7al\u0131\u015fma s\u0131ras\u0131nda stabilite sa\u011flamak i\u00e7in uygun montaj braketlerini kullan\u0131n.<\/p>\n<p>Ba\u011flant\u0131lar\u0131n a\u015f\u0131r\u0131 veya yetersiz s\u0131k\u0131lmas\u0131n\u0131 \u00f6nlemek i\u00e7in \u00fcreticinin tork spesifikasyonlar\u0131na uyun. Montajdan sonra, s\u0131z\u0131nt\u0131 olup olmad\u0131\u011f\u0131n\u0131 kapsaml\u0131 bir \u015fekilde kontrol edin ve t\u00fcm ba\u011flant\u0131lar\u0131n sa\u011flam oldu\u011fundan emin olun. Montajdan sonra hizalama ve montaj\u0131n d\u00fczenli olarak kontrol edilmesi, silindirin performans\u0131n\u0131 \u00f6nemli \u00f6l\u00e7\u00fcde art\u0131rabilir.<\/p>\n<h2>Yayg\u0131n Bak\u0131m G\u00f6revleri<\/h2>\n<ul>\n<li>\n<h3>D\u00fczenli Denetimler<\/h3>\n<p>D\u00fczenli denetimler yapmak, olas\u0131 sorunlar\u0131n erken tespit edilmesini sa\u011flar. Operat\u00f6rler, ekipman\u0131n sorunsuz \u00e7al\u0131\u015fmas\u0131n\u0131 sa\u011flamak i\u00e7in a\u015f\u0131nma veya s\u0131z\u0131nt\u0131 belirtilerini tespit etme konusunda e\u011fitilmelidir.<\/p>\n<\/li>\n<li>\n<h3>Uygun Ya\u011flama<\/h3>\n<p>Hidrolik silindirlerin verimli \u00e7al\u0131\u015fmas\u0131 i\u00e7in yeterli ya\u011flaman\u0131n sa\u011flanmas\u0131 \u015fartt\u0131r. Operat\u00f6rler, optimum performans sa\u011flamak ve silindirin \u00f6mr\u00fcn\u00fc uzatmak i\u00e7in s\u0131k\u0131 bir ya\u011flama program\u0131na uymal\u0131d\u0131r.<\/p>\n<\/li>\n<li>\n<h3>Conta De\u011fi\u015fimi ve Kalibrasyonu<\/h3>\n<p>Contalar\u0131n de\u011fi\u015ftirilmesi ve silindirin kalibre edilmesi, performans\u0131n korunmas\u0131 a\u00e7\u0131s\u0131ndan hayati \u00f6nem ta\u015f\u0131r. Operat\u00f6rler, conta de\u011fi\u015fimi ihtiyac\u0131n\u0131 g\u00f6steren i\u015faretleri bilmeli ve kesintisiz \u00e7al\u0131\u015fmay\u0131 sa\u011flamal\u0131d\u0131r.<\/p>\n<\/li>\n<\/ul>\n<p><img decoding=\"async\" src=\"https:\/\/www.hydraulic-cylinders.net\/wp-content\/uploads\/2025\/04\/songte-chushion-collar.webp\" alt=\"Yast\u0131k Yaka G\u00f6rseli\" \/><\/p>\n<h2>G\u00fcvenlik Hususlar\u0131 ve \u00c7evresel Fakt\u00f6rler<\/h2>\n<p>Hidrolik silindirleri kullan\u0131rken, hem operat\u00f6rleri hem de \u00e7evreyi korumak i\u00e7in g\u00fcvenlik \u00f6nlemlerine \u00f6ncelik vermek \u00e7ok \u00f6nemlidir. T\u00fcm operat\u00f6rlerin g\u00fcvenlik protokolleri konusunda e\u011fitildi\u011finden ve hidrolik sistemlerle ili\u015fkili riskleri anlad\u0131\u011f\u0131ndan emin olun. D\u00fczenli g\u00fcvenlik denetimleri, iyile\u015ftirme alanlar\u0131n\u0131n belirlenmesine ve gerekli de\u011fi\u015fikliklerin uygulanmas\u0131na yard\u0131mc\u0131 olabilir.<\/p>\n<p>\u00c7evresel hususlar da dikkate al\u0131nmal\u0131d\u0131r. Hidrolik s\u0131v\u0131lar\u0131n uygun \u015fekilde bertaraf edilmesi ve ekipmanlar\u0131n s\u0131z\u0131nt\u0131lar\u0131 \u00f6nleyecek \u015fekilde bak\u0131m\u0131n\u0131n yap\u0131lmas\u0131, \u00e7evresel etkiyi en aza indirebilir. \u00c7evre dostu uygulamalar\u0131n hayata ge\u00e7irilmesi, \u015firket itibar\u0131n\u0131 art\u0131rabilir ve yasal d\u00fczenleme risklerini azaltabilir.<\/p>\n<h2>Sorun Giderme ve Yayg\u0131n Sorunlar<\/h2>\n<ul>\n<li>\n<h3>S\u0131z\u0131nt\u0131 Sorunlar\u0131<\/h3>\n<p>S\u0131z\u0131nt\u0131lar, a\u015f\u0131nm\u0131\u015f contalar veya hasarl\u0131 ba\u011flant\u0131 par\u00e7alar\u0131 nedeniyle meydana gelebilir. Contalar\u0131n ve ba\u011flant\u0131lar\u0131n d\u00fczenli olarak kontrol edilmesi, s\u0131z\u0131nt\u0131lar\u0131n erken tespit edilmesine yard\u0131mc\u0131 olabilir. Ba\u011flant\u0131 par\u00e7alar\u0131na uygun tork uygulanmas\u0131 ve contalar\u0131n periyodik olarak de\u011fi\u015ftirilmesi, s\u0131z\u0131nt\u0131 sorunlar\u0131n\u0131 azaltabilir.<\/p>\n<\/li>\n<li>\n<h3>Azalm\u0131\u015f Performans<\/h3>\n<p>Silindir beklendi\u011fi gibi performans g\u00f6stermiyorsa, bunun nedeni yetersiz ya\u011flama veya a\u015f\u0131nm\u0131\u015f bile\u015fenler olabilir. Optimum performans\u0131n korunmas\u0131 i\u00e7in d\u00fczenli ya\u011flama ve a\u015f\u0131nm\u0131\u015f par\u00e7alar\u0131n zaman\u0131nda de\u011fi\u015ftirilmesi \u00e7ok \u00f6nemlidir.<\/p>\n<\/li>\n<li>\n<h3>Tepkisiz Hareket<\/h3>\n<p>Tepkisizlik, hidrolik s\u0131v\u0131 seviyelerinde veya sistemde s\u0131k\u0131\u015fm\u0131\u015f hava ile ilgili sorunlara i\u015faret ediyor olabilir. S\u0131v\u0131 seviyelerini d\u00fczenli olarak kontrol etmek ve sistemi bo\u015faltmak bu sorunlar\u0131 \u00e7\u00f6zebilir.<\/p>\n<\/li>\n<\/ul>\n<h2>Sorun Giderme \u0130pu\u00e7lar\u0131<\/h2>\n<p>Bom silindirindeki sorunlar\u0131 etkili bir \u015fekilde te\u015fhis edip \u00e7\u00f6zmek i\u00e7in operat\u00f6rler, muayene ve bak\u0131m g\u00f6revlerinin kay\u0131tlar\u0131n\u0131 net bir \u015fekilde tutmal\u0131d\u0131r. Bu dok\u00fcmantasyon, kal\u0131plar\u0131 ve tekrarlayan sorunlar\u0131 belirlemeye yard\u0131mc\u0131 olabilir.<\/p>\n<p>Rutin bak\u0131m ve denetimler gibi \u00f6nleyici tedbirler, \u00f6nemli sorun riskini en aza indirmek i\u00e7in hayati \u00f6nem ta\u015f\u0131r. Operat\u00f6rler ayr\u0131ca, uyar\u0131 i\u015faretlerine h\u0131zl\u0131 bir \u015fekilde yan\u0131t verecek \u015fekilde e\u011fitilmeli ve b\u00f6ylece verimli ve g\u00fcvenli bir \u00e7al\u0131\u015fma sa\u011flanmal\u0131d\u0131r.<\/p>\n<p><img decoding=\"async\" src=\"https:\/\/www.hydraulic-cylinders.net\/wp-content\/uploads\/2025\/04\/songte-bushings-with-all-kinds-of-excavator-models.webp\" alt=\"Bur\u00e7lar G\u00f6r\u00fcnt\u00fcs\u00fc\" \/><\/p>\n<h2>\u015eirketimiz Hakk\u0131nda<\/h2>\n<p>Yedek hidrolik silindir \u00fcretiminde lider bir \u00fcreticiyiz ve kapsaml\u0131 bir \u00fcr\u00fcn yelpazesi sunuyoruz. M\u00fckemmellik taahh\u00fcd\u00fcm\u00fcz, bizi yurt i\u00e7i ve yurt d\u0131\u015f\u0131 pazarlarda en iyi \u00fcretici ve toptanc\u0131lardan biri haline getirmi\u015ftir. Geli\u015fmi\u015f \u00fcretim stratejileri ve son teknoloji dijital ekipmanlarla desteklenen kalite odakl\u0131 bir felsefeye ba\u011fl\u0131 kal\u0131yoruz.<\/p>\n<p>Nitelikli profesyonellerden olu\u015fan ekibimiz, \u00fcretim platformumuzu geli\u015ftirmeye ve en y\u00fcksek \u00fcr\u00fcn kalitesini sa\u011flamaya kendini adam\u0131\u015ft\u0131r. \u00dcr\u00fcnlerimizin g\u00fcvenilirli\u011fini ve performans\u0131n\u0131 garanti eden uluslararas\u0131 sertifikalarla desteklenen, farkl\u0131 m\u00fc\u015fteri ihtiya\u00e7lar\u0131n\u0131 kar\u015f\u0131lamak \u00fczere tasarlanm\u0131\u015f \u00f6zel \u00e7\u00f6z\u00fcmler sunuyoruz.<\/p>\n<p><img decoding=\"async\" src=\"https:\/\/www.hydraulic-cylinders.net\/wp-content\/uploads\/2025\/04\/songte-company-4.webp\" alt=\"\u015eirket Tesisi G\u00f6rseli\" \/><br \/>\n<img decoding=\"async\" src=\"https:\/\/www.hydraulic-cylinders.net\/wp-content\/uploads\/2025\/04\/songte-company-3.webp\" alt=\"\u015eirket \u00dcretim G\u00f6rseli\" \/><\/p>\n<p>Yazar: lyl<\/p>","protected":false},"excerpt":{"rendered":"<p>Boom Cylinder For Bada WYS60 Introduction to Boom Cylinder The Boom Cylinder for Bada WYS60 is an essential component designed for heavy machinery, particularly in hydraulic systems. This hydraulic cylinder plays a crucial role in controlling the movement of the bucket in excavators, backhoe loaders, and front-end loaders. By allowing the bucket to lift, lower, [&hellip;]<\/p>","protected":false},"featured_media":17872,"comment_status":"open","ping_status":"closed","template":"","meta":{"_et_pb_use_builder":"","_et_pb_old_content":"","_et_gb_content_width":""},"product_brand":[],"product_cat":[1546],"product_tag":[1547,1496],"class_list":{"0":"post-19669","1":"product","2":"type-product","3":"status-publish","4":"has-post-thumbnail","6":"product_cat-boom-cylinders","7":"product_tag-boom-cylinders","8":"product_tag-hydraulic-cylinders","10":"first","11":"instock","12":"shipping-taxable","13":"product-type-simple"},"amp_enabled":true,"_links":{"self":[{"href":"https:\/\/www.hydraulic-cylinders.net\/tr\/wp-json\/wp\/v2\/product\/19669","targetHints":{"allow":["GET"]}}],"collection":[{"href":"https:\/\/www.hydraulic-cylinders.net\/tr\/wp-json\/wp\/v2\/product"}],"about":[{"href":"https:\/\/www.hydraulic-cylinders.net\/tr\/wp-json\/wp\/v2\/types\/product"}],"replies":[{"embeddable":true,"href":"https:\/\/www.hydraulic-cylinders.net\/tr\/wp-json\/wp\/v2\/comments?post=19669"}],"wp:featuredmedia":[{"embeddable":true,"href":"https:\/\/www.hydraulic-cylinders.net\/tr\/wp-json\/wp\/v2\/media\/17872"}],"wp:attachment":[{"href":"https:\/\/www.hydraulic-cylinders.net\/tr\/wp-json\/wp\/v2\/media?parent=19669"}],"wp:term":[{"taxonomy":"product_brand","embeddable":true,"href":"https:\/\/www.hydraulic-cylinders.net\/tr\/wp-json\/wp\/v2\/product_brand?post=19669"},{"taxonomy":"product_cat","embeddable":true,"href":"https:\/\/www.hydraulic-cylinders.net\/tr\/wp-json\/wp\/v2\/product_cat?post=19669"},{"taxonomy":"product_tag","embeddable":true,"href":"https:\/\/www.hydraulic-cylinders.net\/tr\/wp-json\/wp\/v2\/product_tag?post=19669"}],"curies":[{"name":"wp","href":"https:\/\/api.w.org\/{rel}","templated":true}]}}