{"id":19670,"date":"2025-04-07T07:00:52","date_gmt":"2025-04-07T07:00:52","guid":{"rendered":"https:\/\/www.hydraulic-cylinders.net\/product\/boom-cylinder-for-bada-wysbd500c-s\/"},"modified":"2025-04-07T07:00:56","modified_gmt":"2025-04-07T07:00:56","slug":"boom-cylinder-for-bada-wysbd500c-s","status":"publish","type":"product","link":"https:\/\/www.hydraulic-cylinders.net\/tr\/urun\/boom-cylinder-for-bada-wysbd500c-s\/","title":{"rendered":"Bada WYSBD500C-S i\u00e7in Bom Silindiri"},"content":{"rendered":"<h1>Bada WYSBD500C-S i\u00e7in Bom Silindiri<\/h1>\n<h2>Bom Silindirini Anlamak<\/h2>\n<p>Bada WYSBD500C-S i\u00e7in \u00f6zel olarak tasarlanm\u0131\u015f olan Bom Silindiri, \u00e7e\u015fitli a\u011f\u0131r makinelerde kullan\u0131lan hidrolik sistemlerin \u00f6nemli bir bile\u015fenidir. Bu tip hidrolik silindir, \u00f6ncelikle ekskavat\u00f6rlerde, kaz\u0131c\u0131 makinelerde ve \u00f6n y\u00fckleyicilerde kep\u00e7elerin hareketini kontrol etmek i\u00e7in kullan\u0131l\u0131r. Kep\u00e7enin kald\u0131r\u0131lmas\u0131n\u0131, indirilmesini ve e\u011filmesini sa\u011flayarak malzeme ta\u015f\u0131ma i\u015flemlerini \u00f6nemli \u00f6l\u00e7\u00fcde kolayla\u015ft\u0131r\u0131r. Kep\u00e7e silindiri, hareket olu\u015fturmak i\u00e7in hidrolik ya\u011f bas\u0131nc\u0131n\u0131 kullanarak \u00e7al\u0131\u015f\u0131r ve bu da a\u011f\u0131r ekipman operasyonlar\u0131n\u0131n verimlili\u011fini ve etkinli\u011fini sa\u011flamada kritik bir unsur haline gelir.<\/p>\n<p><img decoding=\"async\" src=\"https:\/\/www.hydraulic-cylinders.net\/wp-content\/uploads\/2025\/04\/songte-company-1.webp\" alt=\"Bom Silindiri\" \/><\/p>\n<h2>Bom Silindirinin \u00d6zellikleri<\/h2>\n<h3>Y\u00fcksek G\u00fc\u00e7 ve Dayan\u0131kl\u0131l\u0131k<\/h3>\n<ul>\n<li>Y\u00fcksek mukavemetli \u00e7elik veya al\u00fcminyumdan \u00fcretilmi\u015ftir, bu sayede y\u00fcksek bas\u0131nca ve a\u011f\u0131r y\u00fcklere dayanabilir.<\/li>\n<li>Zorlu \u00e7al\u0131\u015fma ortamlar\u0131nda i\u015flev g\u00f6recek \u015fekilde tasarlanm\u0131\u015f olup, a\u015f\u0131nma direnci ve korozyon korumas\u0131 da dikkate al\u0131nm\u0131\u015ft\u0131r.<\/li>\n<li>Sa\u011flam \u00fcretim standartlar\u0131 sayesinde uzun kullan\u0131m \u00f6mr\u00fc.<\/li>\n<\/ul>\n<h3>Verimli Hidrolik \u00c7al\u0131\u015fma<\/h3>\n<ul>\n<li>Hidrolik ya\u011f bas\u0131nc\u0131n\u0131 kullanarak sorunsuz bir \u015fekilde uzama ve geri \u00e7ekilme sa\u011flar.<\/li>\n<li>Operat\u00f6r komutlar\u0131na h\u0131zl\u0131 bir \u015fekilde yan\u0131t vererek g\u00fc\u00e7l\u00fc itme ve \u00e7ekme yetenekleri sunar.<\/li>\n<li>A\u011f\u0131r nesneleri ta\u015f\u0131mak ve karma\u015f\u0131k g\u00f6revleri hassasiyetle ger\u00e7ekle\u015ftirmek i\u00e7in idealdir.<\/li>\n<\/ul>\n<h3>\u00c7e\u015fitli T\u00fcrler<\/h3>\n<ul>\n<li>\u00c7e\u015fitli i\u015fletme gereksinimlerine uygun olarak tek etkili (tek y\u00f6nde \u00e7al\u0131\u015fan) ve \u00e7ift etkili (iki y\u00f6nde \u00e7al\u0131\u015fan) silindirler aras\u0131nda se\u00e7im yapma imkan\u0131.<\/li>\n<li>Baz\u0131 modeller teleskopiktir ve d\u0131\u015f boyutlar\u0131 art\u0131rmadan daha fazla uzamaya olanak tan\u0131yarak, alan k\u0131s\u0131tlamas\u0131 olan uygulamalar i\u00e7in uygundur.<\/li>\n<\/ul>\n<p>Firmam\u0131z bu silindirlerin \u00fcretiminde uzmanla\u015fm\u0131\u015ft\u0131r ve mevcut hidrolik silindirlerin yerine m\u00fckemmel \u015fekilde ge\u00e7melerini sa\u011flamaktad\u0131r.<\/p>\n<p><img decoding=\"async\" src=\"https:\/\/www.hydraulic-cylinders.net\/wp-content\/uploads\/2025\/04\/songte-cylinder-head-with-all-kinds-excavator-models.webp\" alt=\"Ekskavat\u00f6r Modelleri\" \/><\/p>\n<h2>Bom Silindirinin Uygulamalar\u0131<\/h2>\n<h3>\u0130n\u015faat Ekipmanlar\u0131<\/h3>\n<p>Kaz\u0131c\u0131 makineler gibi in\u015faat ekipmanlar\u0131nda, bom silindiri toprak veya molozun kaz\u0131lmas\u0131, y\u00fcklenmesi ve ta\u015f\u0131nmas\u0131nda \u00e7ok \u00f6nemli bir rol oynar. Hidrolik \u00f6zelli\u011fi sayesinde topra\u011f\u0131n derinliklerine kadar kaz\u0131labilirken, verimli kald\u0131rma hareketi de malzemelerin istenilen yerlere ta\u015f\u0131nmas\u0131n\u0131 sa\u011flar. Kaz\u0131c\u0131 y\u00fckleyicilere entegre edildi\u011finde, sadece kazmada de\u011fil, kald\u0131rma i\u015flemlerinde de yard\u0131mc\u0131 olarak, in\u015faat i\u015fleri i\u00e7in \u00e7ok y\u00f6nl\u00fc bir ara\u00e7 haline gelir.<\/p>\n<h3>Tar\u0131m Makinalar\u0131<\/h3>\n<p>Tar\u0131m uygulamalar\u0131nda, bom silindiri \u00f6n y\u00fckleyiciler i\u00e7in hayati \u00f6neme sahiptir; toprak, saman ve di\u011fer malzemelerin kep\u00e7eyle al\u0131nmas\u0131n\u0131, kald\u0131r\u0131lmas\u0131n\u0131 ve ta\u015f\u0131nmas\u0131n\u0131 kolayla\u015ft\u0131r\u0131r. Hidrolik g\u00fcc\u00fc \u00e7e\u015fitli tar\u0131msal i\u015fleri destekleyerek \u00e7ift\u00e7ilerin operasyonlar\u0131n\u0131 verimli bir \u015fekilde y\u00f6netmelerine ve verimlili\u011fi art\u0131rmalar\u0131na olanak tan\u0131r.<\/p>\n<h3>Ekskavat\u00f6rler<\/h3>\n<p>Ekskavat\u00f6rlerde, kep\u00e7enin kaz\u0131 i\u015flemleri s\u0131ras\u0131nda topra\u011fa n\u00fcfuz etmesini sa\u011flayan temel unsur bom silindiridir. Bu \u00f6zellik, \u00e7e\u015fitli malzemelerin etkili bir \u015fekilde kaz\u0131lmas\u0131n\u0131 sa\u011flar ve bu da onu toprak ta\u015f\u0131ma i\u015flerinde vazge\u00e7ilmez bir bile\u015fen haline getirir.<\/p>\n<h3>Y\u00fckleyiciler<\/h3>\n<p>\u00d6n y\u00fckleyicilerde, bom silindirleri malzemelerin etkili bir \u015fekilde kald\u0131r\u0131lmas\u0131na ve bo\u015falt\u0131lmas\u0131na yard\u0131mc\u0131 olur. Tasar\u0131mlar\u0131, sorunsuz \u00e7al\u0131\u015fma sa\u011flayarak, d\u00f6kme malzemelerin ta\u015f\u0131nmas\u0131n\u0131 kolayla\u015ft\u0131r\u0131r ve \u015fantiyede i\u015f h\u0131z\u0131n\u0131 ve verimlili\u011fini art\u0131r\u0131r.<\/p>\n<h2>Tasar\u0131m Hususlar\u0131 ve Se\u00e7im Kriterleri<\/h2>\n<h3>Y\u00fck Kapasitesi<\/h3>\n<p>Bom silindiri se\u00e7erken, y\u00fck ta\u015f\u0131ma kapasitesini anlamak son derece \u00f6nemlidir. Silindir, \u00e7al\u0131\u015fma y\u00fcklerine ar\u0131za vermeden dayanmal\u0131, b\u00f6ylece g\u00fcvenlik ve verimlilik sa\u011flanmal\u0131d\u0131r. \u00dcreticiler genellikle kapsaml\u0131 testlere dayal\u0131 y\u00fck de\u011ferleri sunarlar, bu nedenle kullan\u0131m amac\u0131na uygun veya bu gereksinimleri a\u015fan bir silindir se\u00e7mek \u00e7ok \u00f6nemlidir.<\/p>\n<h3>S\u0131zd\u0131rmazl\u0131k<\/h3>\n<p>Etkili s\u0131zd\u0131rmazl\u0131k, hidrolik bas\u0131nc\u0131n korunmas\u0131 i\u00e7in \u00e7ok \u00f6nemlidir. Y\u00fcksek kaliteli contalar s\u0131z\u0131nt\u0131lar\u0131 \u00f6nler ve silindirin optimum performans\u0131n\u0131 sa\u011flar. \u00dcreticiler genellikle a\u015f\u0131nmaya ve zorlu ko\u015fullara dayanacak \u015fekilde tasarlanm\u0131\u015f poli\u00fcretan veya nitril kau\u00e7uk gibi dayan\u0131kl\u0131 malzemelerden yap\u0131lm\u0131\u015f contalar kullan\u0131rlar. D\u00fczenli kontroller ve zaman\u0131nda de\u011fi\u015ftirme, silindirin \u00f6mr\u00fcn\u00fc uzat\u0131r.<\/p>\n<h3>Dayan\u0131kl\u0131l\u0131k<\/h3>\n<p>Bom silindirlerinin tasar\u0131m\u0131nda dayan\u0131kl\u0131l\u0131k \u00f6nemli bir fakt\u00f6rd\u00fcr. Bile\u015fenler genellikle bas\u0131n\u00e7 de\u011fi\u015fimleri ve \u00e7evresel etkenler de dahil olmak \u00fczere a\u015f\u0131r\u0131 ko\u015fullara maruz kal\u0131r. Bu nedenle, koruyucu kaplamalara sahip y\u00fcksek mukavemetli malzemelerden yap\u0131lm\u0131\u015f bir silindir se\u00e7mek, kullan\u0131m \u00f6mr\u00fcn\u00fc \u00f6nemli \u00f6l\u00e7\u00fcde uzatabilir ve bak\u0131m ihtiya\u00e7lar\u0131n\u0131 azaltabilir.<\/p>\n<h3>G\u00fcvenlik \u00d6zellikleri<\/h3>\n<p>Hidrolik silindirlerin tasar\u0131m\u0131nda g\u00fcvenlik hususlar\u0131 son derece \u00f6nemlidir. Bas\u0131n\u00e7 tahliye vanalar\u0131 ve g\u00fcvenli montaj mekanizmalar\u0131 gibi \u00f6zellikler g\u00fcvenli \u00e7al\u0131\u015fmay\u0131 sa\u011flar. Dahili g\u00fcvenlik \u00f6zelliklerine sahip silindirlerin se\u00e7ilmesi, kazalar\u0131 ve ekipman hasar\u0131n\u0131 \u00f6nlemeye yard\u0131mc\u0131 olarak daha g\u00fcvenli bir \u00e7al\u0131\u015fma ortam\u0131na katk\u0131da bulunur.<\/p>\n<h3>Bak\u0131m Eri\u015filebilirli\u011fi<\/h3>\n<p>Bom silindirinin tasar\u0131m\u0131nda bak\u0131m kolayl\u0131\u011f\u0131 da g\u00f6z \u00f6n\u00fcnde bulundurulmal\u0131d\u0131r. Eri\u015filebilir servis noktalar\u0131, h\u0131zl\u0131 inceleme ve onar\u0131mlara olanak tan\u0131yarak ar\u0131za s\u00fcresini en aza indirir. Silindirin verimli ve g\u00fcvenli bir \u015fekilde \u00e7al\u0131\u015fmas\u0131n\u0131 sa\u011flamak ve \u00f6mr\u00fcn\u00fc uzatmak i\u00e7in d\u00fczenli bak\u0131m hayati \u00f6nem ta\u015f\u0131r.<\/p>\n<p><img decoding=\"async\" src=\"https:\/\/www.hydraulic-cylinders.net\/wp-content\/uploads\/2025\/04\/songte-oil-pipes-and-spare-parts.webp\" alt=\"Petrol Borular\u0131 ve Yedek Par\u00e7alar\u0131\" \/><\/p>\n<h2>Hidrolik Silindirin S\u0131zd\u0131rmazl\u0131\u011f\u0131 ve Ya\u011flanmas\u0131<\/h2>\n<p>Optimum performans\u0131 korumak i\u00e7in piston contalar\u0131 ve mil contalar\u0131 dahil olmak \u00fczere \u00e7e\u015fitli s\u0131zd\u0131rmazl\u0131k bile\u015fenleri kullan\u0131l\u0131r. Poli\u00fcretan ve nitril kau\u00e7uk gibi a\u015f\u0131nmaya dayan\u0131kl\u0131 malzemelerden yap\u0131lm\u0131\u015f contalar, hidrolik s\u0131v\u0131 s\u0131z\u0131nt\u0131s\u0131n\u0131 \u00f6nlemek ve bas\u0131nc\u0131 korumak i\u00e7in gereklidir. Ayr\u0131ca, silindir g\u00f6vdesi ve di\u015fli u\u00e7lar, dayan\u0131kl\u0131l\u0131\u011f\u0131 ve a\u015f\u0131nmaya kar\u015f\u0131 direnci art\u0131rmak i\u00e7in hassas bir \u015fekilde i\u015flenir. Sorunsuz \u00e7al\u0131\u015fmay\u0131 sa\u011flamak ve i\u00e7 hasar\u0131 \u00f6nlemek i\u00e7in d\u00fczenli hidrolik ya\u011f ile ya\u011flama gereklidir; bu da periyodik kontroller ve takviyeler gerektirir.<\/p>\n<h2>D\u00fczenli Denetimler ve \u00d6nleyici Bak\u0131m \u00d6nlemleri<\/h2>\n<ul>\n<li><strong>Rutin Denetimler:<\/strong> Bom silindirinin d\u00fczenli olarak kontrol edilmesi, a\u015f\u0131nma, s\u0131z\u0131nt\u0131 ve hasar belirtilerini tespit etmek i\u00e7in hayati \u00f6nem ta\u015f\u0131r. Planl\u0131 kontroller, ileride daha b\u00fcy\u00fck sorunlar\u0131n \u00f6nlenmesine yard\u0131mc\u0131 olabilecek zaman\u0131nda m\u00fcdahalelere olanak tan\u0131r.<\/li>\n<li><strong>\u00d6nleyici Bak\u0131m:<\/strong> \u00d6nleyici bak\u0131m program\u0131n\u0131n uygulanmas\u0131, silindirin performans\u0131n\u0131 ve \u00f6mr\u00fcn\u00fc \u00f6nemli \u00f6l\u00e7\u00fcde art\u0131rabilir. D\u00fczenli bak\u0131m g\u00f6revleri aras\u0131nda contalar\u0131n kontrol edilmesi, hareketli par\u00e7alar\u0131n ya\u011flanmas\u0131 ve hidrolik s\u0131v\u0131n\u0131n uygun seviyelerde olmas\u0131n\u0131n sa\u011flanmas\u0131 yer almal\u0131d\u0131r.<\/li>\n<li><strong>Bile\u015fen De\u011fi\u015fimi:<\/strong> Par\u00e7alardaki a\u015f\u0131nma ve y\u0131pranmay\u0131 takip etmek ve gerekti\u011finde de\u011fi\u015ftirmek, operasyonel verimlili\u011fin korunmas\u0131nda \u00e7ok \u00f6nemlidir. Contalar\u0131n, hortumlar\u0131n ve di\u011fer kritik par\u00e7alar\u0131n d\u00fczenli olarak de\u011fi\u015ftirilmesi, ar\u0131zalar\u0131 \u00f6nleyebilir ve ekipman \u00f6mr\u00fcn\u00fc uzatabilir.<\/li>\n<\/ul>\n<h2>Kurulum Talimatlar\u0131<\/h2>\n<p>Bom silindirinin do\u011fru \u015fekilde tak\u0131lmas\u0131n\u0131 sa\u011flamak i\u00e7in a\u015fa\u011f\u0131daki y\u00f6nergeleri izleyin:<\/p>\n<ol>\n<li>Silindirin makine \u00fczerindeki montaj noktalar\u0131yla do\u011fru \u015fekilde hizaland\u0131\u011f\u0131ndan emin olun.<\/li>\n<li>Silindiri yerinde sabitlemek ve \u00e7al\u0131\u015fma s\u0131ras\u0131nda hareket etmesini \u00f6nlemek i\u00e7in uygun montaj braketleri kullan\u0131n.<\/li>\n<li>G\u00fcvenli bir ba\u011flant\u0131 sa\u011flamak i\u00e7in c\u0131vata ve ba\u011flant\u0131 noktalar\u0131ndaki tork ayarlar\u0131 i\u00e7in \u00fcreticinin belirtti\u011fi \u00f6zelliklere uyun.<\/li>\n<li>Montaj sonras\u0131nda t\u00fcm hidrolik ba\u011flant\u0131lar\u0131 s\u0131z\u0131nt\u0131 a\u00e7\u0131s\u0131ndan kontrol edin ve hidrolik s\u0131v\u0131 seviyelerinin yeterli oldu\u011fundan emin olun.<\/li>\n<li>Silindirin do\u011fru \u00e7al\u0131\u015ft\u0131\u011f\u0131n\u0131 ve herhangi bir engel veya hizalama hatas\u0131 olmad\u0131\u011f\u0131n\u0131 do\u011frulamak i\u00e7in bir test i\u015flemi ger\u00e7ekle\u015ftirin.<\/li>\n<\/ol>\n<h2>Yayg\u0131n Bak\u0131m G\u00f6revleri<\/h2>\n<ul>\n<li><strong>D\u00fczenli Denetimler:<\/strong> Bom silindirinde a\u015f\u0131nma veya hasar belirtileri olup olmad\u0131\u011f\u0131n\u0131 s\u0131k s\u0131k kontrol etmek \u00e7ok \u00f6nemlidir. Potansiyel sorunlar\u0131 erken tespit etmek, ekipman ar\u0131zas\u0131yla ilgili zaman ve maliyet tasarrufu sa\u011flayabilir.<\/li>\n<li><strong>Uygun Ya\u011flama:<\/strong> Hidrolik silindirin yeterince ya\u011flanmas\u0131, i\u00e7 a\u015f\u0131nmay\u0131 \u00f6nler ve sorunsuz \u00e7al\u0131\u015fmas\u0131n\u0131 sa\u011flar. Hidrolik ya\u011f\u0131 d\u00fczenli olarak kontrol edin ve gerekti\u011finde tamamlay\u0131n.<\/li>\n<li><strong>Conta De\u011fi\u015fimi:<\/strong> Zamanla contalar a\u015f\u0131nabilir, bu da s\u0131z\u0131nt\u0131lara ve performans d\u00fc\u015f\u00fc\u015f\u00fcne yol a\u00e7abilir. Hidrolik silindirin b\u00fct\u00fcnl\u00fc\u011f\u00fcn\u00fc korumak i\u00e7in contalar\u0131n d\u00fczenli olarak kontrol edilmesi ve de\u011fi\u015ftirilmesi hayati \u00f6nem ta\u015f\u0131r.<\/li>\n<\/ul>\n<h2>G\u00fcvenlik Hususlar\u0131 ve \u00c7evresel Fakt\u00f6rler<\/h2>\n<p>Hidrolik silindirler kullan\u0131l\u0131rken, operat\u00f6rleri ve \u00e7evredeki personeli korumak i\u00e7in g\u00fcvenlik \u00f6nlemlerinin entegre edilmesi \u00e7ok \u00f6nemlidir. Hidrolik sistemlerin g\u00fcvenli i\u015fletimi ve bak\u0131m\u0131 konusunda uygun e\u011fitim programlar\u0131n\u0131n uygulanmas\u0131, kazalar\u0131 \u00f6nemli \u00f6l\u00e7\u00fcde azaltabilir. Ayr\u0131ca, \u00e7evresel etkiyi en aza indirmek, end\u00fcstri d\u00fczenlemelerine uyumu sa\u011flamak ve s\u00fcrd\u00fcr\u00fclebilir uygulamalar\u0131 te\u015fvik etmek i\u00e7in s\u0131v\u0131 at\u0131k bertaraf\u0131 ve ekipman temizli\u011fi gibi \u00e7evresel fakt\u00f6rleri de g\u00f6z \u00f6n\u00fcnde bulundurun.<\/p>\n<h2>Ar\u0131za Te\u015fhisi ve Yayg\u0131n Sorunlar<\/h2>\n<ul>\n<li><strong>S\u0131z\u0131nt\u0131:<\/strong> Hidrolik silindirlerde en s\u0131k kar\u015f\u0131la\u015f\u0131lan sorunlardan biri, a\u015f\u0131nm\u0131\u015f contalar veya hasarl\u0131 bile\u015fenlerden kaynaklanabilen s\u0131v\u0131 s\u0131z\u0131nt\u0131s\u0131d\u0131r. S\u0131z\u0131nt\u0131lar\u0131n d\u00fczenli olarak kontrol edilmesi, erken te\u015fhis ve onar\u0131ma yard\u0131mc\u0131 olabilir.<\/li>\n<li><strong>G\u00fc\u00e7 Kayb\u0131:<\/strong> G\u00fc\u00e7 veya tepki s\u00fcresindeki azalma, d\u00fc\u015f\u00fck hidrolik s\u0131v\u0131 seviyesini veya i\u00e7 hasar\u0131 g\u00f6sterebilir. Hidrolik s\u0131v\u0131 seviyelerinin izlenmesi ve d\u00fczenli bak\u0131m yap\u0131lmas\u0131 bu sorunun \u00f6nlenmesine yard\u0131mc\u0131 olabilir.<\/li>\n<li><strong>A\u015f\u0131r\u0131 Is\u0131nma:<\/strong> A\u015f\u0131r\u0131 \u0131s\u0131nma, genellikle a\u015f\u0131r\u0131 y\u00fcklenme veya yetersiz ya\u011flama nedeniyle hidrolik sistemin performans\u0131n\u0131 etkileyebilir. Hidrolik sistemin a\u015f\u0131r\u0131 y\u00fcklenmemesini sa\u011flamak ve ya\u011flamay\u0131 d\u00fczenli olarak kontrol etmek, a\u015f\u0131r\u0131 \u0131s\u0131nma risklerini azaltabilir.<\/li>\n<\/ul>\n<h2>Sorun Giderme \u0130pu\u00e7lar\u0131 ve \u00c7\u00f6z\u00fcmleri<\/h2>\n<p>Hidrolik silindirlerle ilgili sorunlar\u0131 etkili bir \u015fekilde te\u015fhis etmek ve gidermek i\u00e7in a\u015fa\u011f\u0131daki ipu\u00e7lar\u0131n\u0131 dikkate al\u0131n:<\/p>\n<ul>\n<li>S\u0131z\u0131nt\u0131n\u0131n kayna\u011f\u0131n\u0131, contadan m\u0131 yoksa hortumdan m\u0131 kaynakland\u0131\u011f\u0131n\u0131 belirlemek i\u00e7in kapsaml\u0131 incelemeler yap\u0131n. Daha fazla hasar\u0131 \u00f6nlemek i\u00e7in a\u015f\u0131nm\u0131\u015f par\u00e7alar\u0131 derhal de\u011fi\u015ftirin.<\/li>\n<li>G\u00fc\u00e7 kayb\u0131 ya\u015f\u0131yorsan\u0131z, hidrolik s\u0131v\u0131 seviyelerini kontrol edin ve gerekirse doldurun. Sorun devam ederse, i\u00e7 hasar veya t\u0131kan\u0131kl\u0131k olup olmad\u0131\u011f\u0131n\u0131 inceleyin.<\/li>\n<li>A\u015f\u0131r\u0131 \u0131s\u0131nma sorunlar\u0131 i\u00e7in, sistemin a\u015f\u0131r\u0131 y\u00fcklenmedi\u011finden emin olun ve uygun ya\u011flama seviyelerini koruyun. D\u00fczenli izleme, a\u015f\u0131r\u0131 \u0131s\u0131nmay\u0131 ve buna ba\u011fl\u0131 hasarlar\u0131 \u00f6nleyebilir.<\/li>\n<\/ul>\n<p><img decoding=\"async\" src=\"https:\/\/www.hydraulic-cylinders.net\/wp-content\/uploads\/2025\/04\/songte-bushings-with-all-kinds-of-excavator-models.webp\" alt=\"Ekskavat\u00f6r Modelleri i\u00e7in Bur\u00e7lar\" \/><\/p>\n<h2>\u015eirketimiz Hakk\u0131nda<\/h2>\n<p>\u00d6nde gelen hidrolik silindir \u00fcreticisi ve toptanc\u0131s\u0131 olarak, \u00e7e\u015fitli pazar ihtiya\u00e7lar\u0131n\u0131 kar\u015f\u0131lamak \u00fczere tasarlanm\u0131\u015f kapsaml\u0131 bir \u00fcr\u00fcn yelpazesi sunmaya kendimizi adad\u0131k. M\u00fckemmelli\u011fe olan ba\u011fl\u0131l\u0131\u011f\u0131m\u0131z, geli\u015fmi\u015f teknoloji ve yetenekli personelimiz taraf\u0131ndan y\u00f6nlendirilen hassas \u00fcretim uygulamalar\u0131m\u0131zda a\u00e7\u0131k\u00e7a g\u00f6r\u00fclmektedir. \u00dcst d\u00fczey dijital \u00fcretim ekipmanlar\u0131 ve sa\u011flam kalite g\u00fcvence sistemleri kullanarak, \u00fcretim kapasitemizi s\u00fcrekli olarak geli\u015ftiriyoruz. Y\u00fcksek verimlilik, do\u011fruluk ve kaliteye olan ba\u011fl\u0131l\u0131\u011f\u0131m\u0131z, m\u00fc\u015fterilerimizin \u00e7e\u015fitli gereksinimlerini etkili bir \u015fekilde kar\u015f\u0131lamam\u0131z\u0131 sa\u011flamaktad\u0131r.<\/p>\n<p>Profesyonel uzmanl\u0131\u011f\u0131m\u0131z, uluslararas\u0131 sertifikalar\u0131m\u0131z, \u00f6zelle\u015ftirilmi\u015f hizmetlerimiz ve ola\u011fan\u00fcst\u00fc sat\u0131\u015f sonras\u0131 deste\u011fimizle gurur duyuyoruz. \u00dcretim tesislerimiz, \u00fcr\u00fcnlerimizin en y\u00fcksek kalite ve performans standartlar\u0131n\u0131 kar\u015f\u0131lamas\u0131n\u0131 sa\u011flayan en son teknolojiyle donat\u0131lm\u0131\u015ft\u0131r.<\/p>\n<p><img decoding=\"async\" src=\"https:\/\/www.hydraulic-cylinders.net\/wp-content\/uploads\/2025\/04\/songte-company-4.webp\" alt=\"\u015eirket Tesisleri\" \/><br \/>\n<img decoding=\"async\" src=\"https:\/\/www.hydraulic-cylinders.net\/wp-content\/uploads\/2025\/04\/songte-company-3.webp\" alt=\"\u015eirket Genel Bak\u0131\u015f\u0131\" \/><\/p>\n<p>Yazar: lyl<\/p>","protected":false},"excerpt":{"rendered":"<p>Boom Cylinder For Bada WYSBD500C-S Understanding the Boom Cylinder The Boom Cylinder, specifically designed for the Bada WYSBD500C-S, is an essential component of hydraulic systems used in various heavy machinery. This type of hydraulic cylinder is primarily employed to control the movement of buckets in excavators, backhoes, and front loaders. By enabling the lifting, lowering, [&hellip;]<\/p>","protected":false},"featured_media":17873,"comment_status":"open","ping_status":"closed","template":"","meta":{"_et_pb_use_builder":"","_et_pb_old_content":"","_et_gb_content_width":""},"product_brand":[],"product_cat":[1546],"product_tag":[1547,1496],"class_list":{"0":"post-19670","1":"product","2":"type-product","3":"status-publish","4":"has-post-thumbnail","6":"product_cat-boom-cylinders","7":"product_tag-boom-cylinders","8":"product_tag-hydraulic-cylinders","10":"first","11":"instock","12":"shipping-taxable","13":"product-type-simple"},"amp_enabled":true,"_links":{"self":[{"href":"https:\/\/www.hydraulic-cylinders.net\/tr\/wp-json\/wp\/v2\/product\/19670","targetHints":{"allow":["GET"]}}],"collection":[{"href":"https:\/\/www.hydraulic-cylinders.net\/tr\/wp-json\/wp\/v2\/product"}],"about":[{"href":"https:\/\/www.hydraulic-cylinders.net\/tr\/wp-json\/wp\/v2\/types\/product"}],"replies":[{"embeddable":true,"href":"https:\/\/www.hydraulic-cylinders.net\/tr\/wp-json\/wp\/v2\/comments?post=19670"}],"wp:featuredmedia":[{"embeddable":true,"href":"https:\/\/www.hydraulic-cylinders.net\/tr\/wp-json\/wp\/v2\/media\/17873"}],"wp:attachment":[{"href":"https:\/\/www.hydraulic-cylinders.net\/tr\/wp-json\/wp\/v2\/media?parent=19670"}],"wp:term":[{"taxonomy":"product_brand","embeddable":true,"href":"https:\/\/www.hydraulic-cylinders.net\/tr\/wp-json\/wp\/v2\/product_brand?post=19670"},{"taxonomy":"product_cat","embeddable":true,"href":"https:\/\/www.hydraulic-cylinders.net\/tr\/wp-json\/wp\/v2\/product_cat?post=19670"},{"taxonomy":"product_tag","embeddable":true,"href":"https:\/\/www.hydraulic-cylinders.net\/tr\/wp-json\/wp\/v2\/product_tag?post=19670"}],"curies":[{"name":"wp","href":"https:\/\/api.w.org\/{rel}","templated":true}]}}