{"id":19672,"date":"2025-04-07T07:00:59","date_gmt":"2025-04-07T07:00:59","guid":{"rendered":"https:\/\/www.hydraulic-cylinders.net\/product\/boom-cylinder-for-bada-wys40\/"},"modified":"2025-04-07T07:01:02","modified_gmt":"2025-04-07T07:01:02","slug":"boom-cylinder-for-bada-wys40","status":"publish","type":"product","link":"https:\/\/www.hydraulic-cylinders.net\/tr\/urun\/boom-cylinder-for-bada-wys40\/","title":{"rendered":"Bada WYS40 i\u00e7in Bom Silindiri"},"content":{"rendered":"<h1>Bada WYS40 i\u00e7in Bom Silindiri<\/h1>\n<h2>Bom Silindirine Giri\u015f<\/h2>\n<p>Kep\u00e7e silindiri, ekskavat\u00f6rler, kaz\u0131c\u0131 y\u00fckleyiciler ve \u00f6n y\u00fckleyiciler gibi \u00e7e\u015fitli a\u011f\u0131r makinelerde kep\u00e7elerin hareketini kontrol etmek i\u00e7in \u00f6zel olarak tasarlanm\u0131\u015f hayati bir hidrolik bile\u015fendir. Bu hidrolik silindir, kep\u00e7enin kalkmas\u0131n\u0131, al\u00e7almas\u0131n\u0131 ve e\u011filmesini sa\u011flayarak verimli malzeme ta\u015f\u0131ma i\u015flemlerini kolayla\u015ft\u0131r\u0131r. Kep\u00e7e silindiri y\u00fcksek bas\u0131n\u00e7 alt\u0131nda \u00e7al\u0131\u015f\u0131r ve bu makineleri \u00e7al\u0131\u015ft\u0131ran hidrolik sistemlerde \u00e7ok \u00f6nemli bir rol oynar.<\/p>\n<p><img decoding=\"async\" src=\"https:\/\/www.hydraulic-cylinders.net\/wp-content\/uploads\/2025\/04\/songte-company-1.webp\" alt=\"Bom Silindiri G\u00f6r\u00fcnt\u00fcs\u00fc\" \/><\/p>\n<h3>Tan\u0131m ve Genel Bak\u0131\u015f<\/h3>\n<p>Kova silindiri, genellikle bom silindiri olarak da adland\u0131r\u0131l\u0131r ve a\u011f\u0131r hizmet uygulamalar\u0131n\u0131n zorlu taleplerine dayanacak \u015fekilde tasarlanm\u0131\u015ft\u0131r. Birincil i\u015flevi, kovan\u0131n hareketleri \u00fczerinde hassas kontrol sa\u011flamak ve operat\u00f6rlerin kazma, kald\u0131rma ve malzeme ta\u015f\u0131ma gibi g\u00f6revleri kolayl\u0131kla yerine getirebilmelerini sa\u011flamakt\u0131r. Silindirin tasar\u0131m\u0131 dayan\u0131kl\u0131l\u0131k ve verimlilik a\u00e7\u0131s\u0131ndan optimize edilmi\u015ftir, bu da onu \u00e7e\u015fitli end\u00fcstriyel uygulamalar i\u00e7in g\u00fcvenilir bir se\u00e7im haline getirir.<\/p>\n<h2>Bom Silindirinin \u00d6zellikleri<\/h2>\n<ul>\n<li><strong>Y\u00fcksek Dayan\u0131kl\u0131l\u0131k ve Dayan\u0131kl\u0131l\u0131k:<\/strong> Genellikle y\u00fcksek mukavemetli \u00e7elik veya al\u00fcminyumdan \u00fcretilen bu silindirler, y\u00fcksek bas\u0131nca ve a\u011f\u0131r y\u00fcklere dayanabilirken zorlu \u00e7al\u0131\u015fma ortamlar\u0131na da uyum sa\u011flarlar. A\u015f\u0131nma ve korozyon direnci g\u00f6z \u00f6n\u00fcnde bulundurularak tasarlanm\u0131\u015flard\u0131r, bu da kullan\u0131m \u00f6m\u00fcrlerini uzat\u0131r.<\/li>\n<li><strong>Verimli Hidrolik \u00c7al\u0131\u015fma:<\/strong> Hidrolik ya\u011f\u0131n bas\u0131nc\u0131n\u0131 kullanarak, bom silindiri sorunsuz bir \u015fekilde uzama ve geri \u00e7ekilme sa\u011flar. Bu hassasiyet, g\u00fc\u00e7l\u00fc itme ve \u00e7ekme kuvvetlerine olanak tan\u0131yarak, a\u011f\u0131r malzemelerin ta\u015f\u0131nmas\u0131 ve karma\u015f\u0131k i\u015flemler i\u00e7in uygun hale getirir.<\/li>\n<li><strong>T\u00fcr \u00c7e\u015fitlili\u011fi:<\/strong> Tek y\u00f6nl\u00fc (hidrolik bas\u0131nc\u0131 tek y\u00f6nde kullanan) veya \u00e7ift y\u00f6nl\u00fc (hidrolik bas\u0131nc\u0131 her iki y\u00f6nde de kullanan) silindir se\u00e7enekleri, farkl\u0131 \u00e7al\u0131\u015fma ihtiya\u00e7lar\u0131na cevap verecek \u015fekilde mevcuttur. Baz\u0131 modeller teleskopiktir ve d\u0131\u015f boyutlar\u0131 art\u0131rmadan daha fazla uzatmaya olanak tan\u0131r; bu da s\u0131n\u0131rl\u0131 alan gerektiren uygulamalar i\u00e7in idealdir.<\/li>\n<\/ul>\n<h3>\u00dcretim Kapasitesi<\/h3>\n<p>Bom silindirlerinin \u00fcretiminde uzmanla\u015fm\u0131\u015f bir firmay\u0131z ve \u00fcr\u00fcnlerimizin mevcut hidrolik silindirlerin yerini m\u00fckemmel bir \u015fekilde almas\u0131n\u0131 sa\u011fl\u0131yoruz. Kaliteye olan ba\u011fl\u0131l\u0131\u011f\u0131m\u0131z, her silindirin titiz performans standartlar\u0131n\u0131 kar\u015f\u0131lamas\u0131n\u0131 garanti eder.<\/p>\n<p><img decoding=\"async\" src=\"https:\/\/www.hydraulic-cylinders.net\/wp-content\/uploads\/2025\/04\/songte-cylinder-head-with-all-kinds-excavator-models.webp\" alt=\"Ekskavat\u00f6r Modelleri\" \/><\/p>\n<h2>Bom Silindirinin Uygulamalar\u0131<\/h2>\n<h3>\u0130n\u015faat Ekipmanlar\u0131<\/h3>\n<p>Ekskavat\u00f6rlerde, bom silindirleri toprak veya molozun kaz\u0131lmas\u0131, y\u00fcklenmesi ve ta\u015f\u0131nmas\u0131 i\u00e7in \u00e7ok \u00f6nemlidir. Hassas kazma ve kald\u0131rma i\u015flemlerini m\u00fcmk\u00fcn k\u0131larak operat\u00f6rlerin i\u015f y\u00fcklerini etkili bir \u015fekilde y\u00f6netmelerini sa\u011flarlar. Kaz\u0131c\u0131 y\u00fckleyicilerde ise bu silindirler hem kazma hem de kald\u0131rma i\u015flemlerine yard\u0131mc\u0131 olarak \u015fantiyede \u00e7ok y\u00f6nl\u00fcl\u00fck sa\u011flarlar.<\/p>\n<h3>Tar\u0131m Makinalar\u0131<\/h3>\n<p>\u00d6n y\u00fckleyiciler, toprak, saman ve di\u011fer malzemeleri kep\u00e7elemek, kald\u0131rmak ve ta\u015f\u0131mak i\u00e7in bom silindirleri kullan\u0131r. G\u00fcvenilirlikleri, verimli malzeme ta\u015f\u0131man\u0131n \u00fcretkenlik i\u00e7in \u015fart oldu\u011fu tar\u0131msal ortamlarda onlar\u0131 vazge\u00e7ilmez k\u0131lar.<\/p>\n<h3>Ekskavat\u00f6rler<\/h3>\n<p>Ekskavat\u00f6rlerde, bom silindiri kep\u00e7enin topra\u011fa etkili bir \u015fekilde n\u00fcfuz etmesini sa\u011flayarak verimli kaz\u0131 i\u015flemlerine olanak tan\u0131r. Silindir taraf\u0131ndan sa\u011flanan hidrolik kontrol, in\u015faat ve peyzaj projeleri i\u00e7in hayati \u00f6nem ta\u015f\u0131yan d\u00fczg\u00fcn ve hassas hareketler sa\u011flar.<\/p>\n<h3>Y\u00fckleyiciler<\/h3>\n<p>\u00d6n y\u00fckleyicilerde, bom silindirleri y\u00fcklerin verimli bir \u015fekilde kald\u0131r\u0131lmas\u0131na ve bo\u015falt\u0131lmas\u0131na yard\u0131mc\u0131 olur. Tasar\u0131mlar\u0131, \u00f6nemli kald\u0131rma kapasitelerine olanak tan\u0131yarak, \u00e7e\u015fitli uygulamalarda a\u011f\u0131r malzemelerin ta\u015f\u0131nmas\u0131 i\u00e7in ideal hale getirir.<\/p>\n<h2>Tasar\u0131m Hususlar\u0131 ve Se\u00e7im Kriterleri<\/h2>\n<h3>Y\u00fck Kapasitesi<\/h3>\n<p>Bir bom silindiri se\u00e7erken, y\u00fck ta\u015f\u0131ma kapasitesini dikkate almak \u00e7ok \u00f6nemlidir. Bu kapasite, silindirin performanstan veya g\u00fcvenlikten \u00f6d\u00fcn vermeden ta\u015f\u0131yabilece\u011fi maksimum a\u011f\u0131rl\u0131\u011f\u0131 belirler. Silindirin belirli uygulamalar\u0131n gereksinimlerini kar\u015f\u0131lad\u0131\u011f\u0131ndan emin olmak i\u00e7in do\u011fru hesaplamalar ve de\u011ferlendirmeler gereklidir.<\/p>\n<h3>S\u0131zd\u0131rmazl\u0131k ve Dayan\u0131kl\u0131l\u0131k<\/h3>\n<p>Etkili s\u0131zd\u0131rmazl\u0131k, hidrolik silindirlerin uzun \u00f6m\u00fcrl\u00fcl\u00fc\u011f\u00fc i\u00e7in kritik \u00f6neme sahiptir. Y\u00fcksek kaliteli contalar, s\u0131v\u0131 s\u0131z\u0131nt\u0131s\u0131n\u0131 \u00f6nleyerek hidrolik sistemin verimli \u00e7al\u0131\u015fmas\u0131n\u0131 sa\u011flar. Poli\u00fcretan ve nitril kau\u00e7uk gibi conta malzemelerinin se\u00e7imi, a\u015f\u0131nma direncini ve dayan\u0131kl\u0131l\u0131\u011f\u0131 art\u0131rarak silindirin genel performans\u0131na katk\u0131da bulunur.<\/p>\n<h3>G\u00fcvenlik Hususlar\u0131<\/h3>\n<p>Bom silindirlerinin tasar\u0131m\u0131nda g\u00fcvenlik her \u015feyden \u00f6nemlidir. Bas\u0131n\u00e7 tahliye vanalar\u0131 ve ar\u0131za emniyet sistemleri gibi \u00f6zellikler, kaza ve ekipman ar\u0131zas\u0131 riskini azaltmaya yard\u0131mc\u0131 olur. G\u00fcvenlik mekanizmalar\u0131n\u0131n do\u011fru \u015fekilde \u00e7al\u0131\u015ft\u0131\u011f\u0131ndan emin olmak ve hem operat\u00f6rleri hem de ekipman\u0131 korumak i\u00e7in d\u00fczenli bak\u0131m ve denetimler \u015fartt\u0131r.<\/p>\n<p><img decoding=\"async\" src=\"https:\/\/www.hydraulic-cylinders.net\/wp-content\/uploads\/2025\/04\/songte-oil-pipes-and-spare-parts.webp\" alt=\"Petrol Borular\u0131 ve Yedek Par\u00e7alar\u0131\" \/><\/p>\n<h2>Hidrolik Silindirin S\u0131zd\u0131rmazl\u0131\u011f\u0131 ve Ya\u011flanmas\u0131<\/h2>\n<p>Hidrolik silindirler, optimum performans\u0131 korumak i\u00e7in piston contalar\u0131 ve mil contalar\u0131 gibi \u00e7e\u015fitli s\u0131zd\u0131rmazl\u0131k bile\u015fenlerine ihtiya\u00e7 duyar. Poli\u00fcretan veya nitril kau\u00e7uk gibi dayan\u0131kl\u0131 malzemelerden yap\u0131lm\u0131\u015f contalar\u0131n se\u00e7imi, a\u015f\u0131nmaya kar\u015f\u0131 uzun s\u00fcreli koruma sa\u011flamak i\u00e7in \u00e7ok \u00f6nemlidir. Ayr\u0131ca, silindir g\u00f6vdesi ve di\u015fli u\u00e7lar, a\u015f\u0131nma direncini art\u0131rmak i\u00e7in hassas y\u00fczey i\u015flemine tabi tutulur.<\/p>\n<p>Silindirin sorunsuz \u00e7al\u0131\u015fmas\u0131 i\u00e7in hidrolik ya\u011f ile d\u00fczenli ya\u011flama \u015fartt\u0131r. Do\u011fru ya\u011flama, hareketli par\u00e7alar aras\u0131ndaki s\u00fcrt\u00fcnmeyi azaltarak verimli hidrolik \u00e7al\u0131\u015fma sa\u011flar ve silindirin \u00f6mr\u00fcn\u00fc uzat\u0131r. Operat\u00f6rler, yeterli ya\u011flama seviyelerini sa\u011flamak ve erken a\u015f\u0131nmay\u0131 \u00f6nlemek i\u00e7in bak\u0131m programlar\u0131na uymal\u0131d\u0131r.<\/p>\n<h2>D\u00fczenli Muayene ve \u00d6nleyici Bak\u0131m \u00d6nlemleri<\/h2>\n<ul>\n<li><strong>Rutin Denetimler:<\/strong> D\u00fczenli kontroller, potansiyel sorunlar\u0131n b\u00fcy\u00fcmeden \u00f6nce belirlenmesine yard\u0131mc\u0131 olur. Operat\u00f6rler, silindirde a\u015f\u0131nma, s\u0131z\u0131nt\u0131 veya hasar belirtileri olup olmad\u0131\u011f\u0131n\u0131 incelemeli ve gerekli onar\u0131mlar\u0131n derhal yap\u0131labilmesini sa\u011flamal\u0131d\u0131r.<\/li>\n<li><strong>Uygun Ya\u011flama:<\/strong> Hidrolik silindirin yeterince ya\u011flanmas\u0131, uzun \u00f6m\u00fcrl\u00fcl\u00fc\u011f\u00fc i\u00e7in hayati \u00f6nem ta\u015f\u0131r. Operat\u00f6rler, i\u00e7 bile\u015fenlerde a\u015f\u0131r\u0131 a\u015f\u0131nmay\u0131 \u00f6nlemek i\u00e7in ya\u011flama aral\u0131klar\u0131 ve miktarlar\u0131yla ilgili bak\u0131m y\u00f6nergelerine uymal\u0131d\u0131r.<\/li>\n<li><strong>Conta De\u011fi\u015fimi:<\/strong> Hidrolik silindirlerdeki contalar, periyodik olarak de\u011fi\u015ftirilmesi gereken a\u015f\u0131nma par\u00e7alar\u0131d\u0131r. Conta a\u015f\u0131nmas\u0131n\u0131n belirtilerini erken tespit etmek, ya\u011f s\u0131z\u0131nt\u0131lar\u0131n\u0131 \u00f6nleyebilir ve silindirin verimlili\u011fini koruyabilir.<\/li>\n<\/ul>\n<h2>Bom Silindiri i\u00e7in Kurulum Talimatlar\u0131<\/h2>\n<p>Bom silindirinin do\u011fru montaj\u0131, performans\u0131 a\u00e7\u0131s\u0131ndan kritik \u00f6neme sahiptir. \u0130\u015fte izlenmesi gereken baz\u0131 \u00f6nemli ad\u0131mlar:<\/p>\n<ol>\n<li><strong>Hizalama:<\/strong> Silindirin makine \u00fczerindeki montaj noktalar\u0131yla do\u011fru \u015fekilde hizaland\u0131\u011f\u0131ndan emin olun. Yanl\u0131\u015f hizalama, silindirin erken a\u015f\u0131nmas\u0131na ve potansiyel olarak hasar g\u00f6rmesine yol a\u00e7abilir.<\/li>\n<li><strong>Uygun montaj braketlerini kullan\u0131n:<\/strong> Silindiri yerinde sabitlemek i\u00e7in uygun montaj braketleri kullan\u0131n. Bu, \u00e7al\u0131\u015fma s\u0131ras\u0131nda hareket etmesini ve ar\u0131zaya yol a\u00e7mas\u0131n\u0131 \u00f6nler.<\/li>\n<li><strong>\u00dcretici talimatlar\u0131na uyun:<\/strong> Belirli modeller i\u00e7in \u00fcreticinin kurulum talimatlar\u0131na uyun. Bu, tork \u00f6zelliklerini ve hidrolik hat ba\u011flant\u0131lar\u0131n\u0131 i\u00e7erir.<\/li>\n<li><strong>S\u0131z\u0131nt\u0131lar\u0131 Kontrol Edin:<\/strong> Kurulumdan sonra hidrolik sistemi \u00e7al\u0131\u015ft\u0131r\u0131n ve s\u0131z\u0131nt\u0131 olup olmad\u0131\u011f\u0131n\u0131 kontrol edin. Hidrolik s\u0131v\u0131 kayb\u0131n\u0131 \u00f6nlemek i\u00e7in herhangi bir sorunu derhal giderin.<\/li>\n<\/ol>\n<h2>Yayg\u0131n Bak\u0131m G\u00f6revleri<\/h2>\n<ul>\n<li><strong>D\u00fczenli Denetimler:<\/strong> T\u00fcm bile\u015fenlerin do\u011fru \u015fekilde \u00e7al\u0131\u015ft\u0131\u011f\u0131ndan emin olmak i\u00e7in s\u0131k s\u0131k kontroller yap\u0131n. A\u015f\u0131nma, hasar veya s\u0131z\u0131nt\u0131 belirtilerine dikkat edin ve bunlar\u0131 derhal giderin.<\/li>\n<li><strong>Uygun Ya\u011flama:<\/strong> Performans\u0131 art\u0131rmak ve a\u015f\u0131nmay\u0131 \u00f6nlemek i\u00e7in do\u011fru tipte hidrolik s\u0131v\u0131 kullan\u0131n ve hareketli par\u00e7alar\u0131 d\u00fczenli aral\u0131klarla ya\u011flay\u0131n.<\/li>\n<li><strong>Conta De\u011fi\u015fimi:<\/strong> A\u015f\u0131nma ve y\u0131pranmaya ba\u011fl\u0131 olarak contalar\u0131 gerekti\u011fi gibi de\u011fi\u015ftirin. Contalar\u0131n d\u00fczenli bak\u0131m\u0131, sistemin b\u00fct\u00fcnl\u00fc\u011f\u00fcn\u00fc ve verimlili\u011fini korumaya yard\u0131mc\u0131 olur.<\/li>\n<\/ul>\n<p>Hidrolik silindirin uzun \u00f6m\u00fcrl\u00fc olmas\u0131 i\u00e7in do\u011fru montaj, ya\u011flama ve ayarlamalar \u00e7ok \u00f6nemlidir. Montaj s\u0131ras\u0131nda do\u011fru hizalaman\u0131n sa\u011flanmas\u0131, silindir ve ba\u011flant\u0131l\u0131 bile\u015fenlerdeki a\u015f\u0131nmay\u0131 en aza indirmeye yard\u0131mc\u0131 olur.<\/p>\n<p><img decoding=\"async\" src=\"https:\/\/www.hydraulic-cylinders.net\/wp-content\/uploads\/2025\/04\/songte-chushion-collar.webp\" alt=\"Yast\u0131k Yaka\" \/><\/p>\n<h2>G\u00fcvenlik Hususlar\u0131 ve \u00c7evresel Fakt\u00f6rler<\/h2>\n<p>Hidrolik silindirlerle \u00e7al\u0131\u015f\u0131rken, kazalar\u0131 \u00f6nlemek i\u00e7in g\u00fcvenlik \u00f6nlemlerinin uygulanmas\u0131 \u00e7ok \u00f6nemlidir. Operat\u00f6rler, g\u00fcvenli bir \u00e7al\u0131\u015fma ortam\u0131 sa\u011flamak i\u00e7in uygun ki\u015fisel koruyucu ekipman (KKD) giymeli ve g\u00fcvenlik protokollerine uymal\u0131d\u0131r. D\u00fczenli e\u011fitim ve bilin\u00e7lendirme programlar\u0131, hidrolik sistemlerle ili\u015fkili riskleri azaltmaya yard\u0131mc\u0131 olabilir.<\/p>\n<h2>Ar\u0131za Te\u015fhisi ve Yayg\u0131n Sorunlar<\/h2>\n<ul>\n<li><strong>S\u0131z\u0131nt\u0131:<\/strong> Hidrolik silindirlerde en s\u0131k kar\u015f\u0131la\u015f\u0131lan sorunlardan biri s\u0131z\u0131nt\u0131d\u0131r. Bu, a\u015f\u0131nm\u0131\u015f contalardan veya hasarl\u0131 ba\u011flant\u0131lardan kaynaklanabilir. S\u0131z\u0131nt\u0131lar\u0131 gidermek i\u00e7in d\u00fczenli kontroller ve zaman\u0131nda onar\u0131mlar \u015fartt\u0131r.<\/li>\n<li><strong>Yava\u015f Tepki:<\/strong> Hidrolik sistemin tepki s\u00fcreleri yava\u015fsa, bu d\u00fc\u015f\u00fck hidrolik s\u0131v\u0131 seviyesine veya sistemde s\u0131k\u0131\u015fm\u0131\u015f havaya i\u015faret edebilir. S\u0131v\u0131 seviyelerini kontrol etmek ve sistemi havas\u0131n\u0131 almak genellikle bu sorunu \u00e7\u00f6zebilir.<\/li>\n<li><strong>A\u015f\u0131r\u0131 G\u00fcr\u00fclt\u00fc:<\/strong> \u00c7al\u0131\u015fma s\u0131ras\u0131nda duyulan ola\u011fand\u0131\u015f\u0131 sesler, i\u00e7 a\u015f\u0131nmaya veya ya\u011flama ihtiyac\u0131na i\u015faret edebilir. Daha fazla hasar\u0131 \u00f6nlemek i\u00e7in sesin kayna\u011f\u0131n\u0131 ara\u015ft\u0131rmak ve d\u00fczeltici \u00f6nlemler almak \u00e7ok \u00f6nemlidir.<\/li>\n<\/ul>\n<h2>Sorun Giderme \u0130pu\u00e7lar\u0131<\/h2>\n<p>Bom silindirindeki sorunlar\u0131 etkili bir \u015fekilde te\u015fhis etmek ve \u00e7\u00f6zmek i\u00e7in a\u015fa\u011f\u0131daki sorun giderme ipu\u00e7lar\u0131n\u0131 izleyin:<\/p>\n<ul>\n<li>S\u0131z\u0131nt\u0131 veya s\u0131v\u0131 kayb\u0131 belirtilerini izleyin ve daha fazla hasar\u0131 \u00f6nlemek i\u00e7in derhal m\u00fcdahale edin.<\/li>\n<li>Hidrolik s\u0131v\u0131 seviyelerini ve kalitesini d\u00fczenli olarak kontrol edin, optimum performans\u0131 korumak i\u00e7in gerekti\u011finde s\u0131v\u0131 ekleyin veya de\u011fi\u015ftirin.<\/li>\n<li>Hidrolik sistemin \u00f6mr\u00fcn\u00fc uzatmak i\u00e7in periyodik kontroller ve ya\u011flama gibi \u00f6nleyici bak\u0131m \u00f6nlemleri uygulay\u0131n.<\/li>\n<\/ul>\n<p><img decoding=\"async\" src=\"https:\/\/www.hydraulic-cylinders.net\/wp-content\/uploads\/2025\/04\/songte-bushings-with-all-kinds-of-excavator-models.webp\" alt=\"Ekskavat\u00f6r Modelleri i\u00e7in Bur\u00e7lar\" \/><\/p>\n<h2>\u015eirket Genel Bak\u0131\u015f\u0131<\/h2>\n<p>Hem yerel hem de uluslararas\u0131 pazarlara hizmet veren kapsaml\u0131 bir \u00fcr\u00fcn yelpazesi sunan, \u00f6nde gelen bir hidrolik silindir \u00fcreticisiyiz. M\u00fckemmelli\u011fe olan ba\u011fl\u0131l\u0131\u011f\u0131m\u0131z, bizi hidrolik silindir \u00fcretim ve toptan da\u011f\u0131t\u0131m sekt\u00f6r\u00fcnde \u00f6nde gelen bir oyuncu konumuna getirmi\u015ftir. \u00dcretim kapasitemizi art\u0131rmak i\u00e7in hassas at\u00f6lyeler ve modern dijital ekipmanlar da dahil olmak \u00fczere geli\u015fmi\u015f \u00fcretim stratejilerinden yararlanarak s\u0131k\u0131 kalite standartlar\u0131na uyuyoruz.<\/p>\n<p>Profesyonel ekibimiz ve sa\u011flam test sistemimiz, \u00fcr\u00fcnlerimizin en y\u00fcksek kalite gereksinimlerini kar\u015f\u0131lamas\u0131n\u0131 sa\u011flar. \u00d6zelle\u015ftirilmi\u015f hizmetler ve \u00e7\u00f6z\u00fcmler arac\u0131l\u0131\u011f\u0131yla \u00e7e\u015fitli m\u00fc\u015fteri ihtiya\u00e7lar\u0131n\u0131 kar\u015f\u0131layabilme yetene\u011fimizle gurur duyuyoruz.<\/p>\n<p><img decoding=\"async\" src=\"https:\/\/www.hydraulic-cylinders.net\/wp-content\/uploads\/2025\/04\/songte-company-4.webp\" alt=\"\u015eirket Genel Bak\u0131\u015f\u0131\" \/><br \/>\n<img decoding=\"async\" src=\"https:\/\/www.hydraulic-cylinders.net\/wp-content\/uploads\/2025\/04\/songte-company-3.webp\" alt=\"\u015eirket Tesisi\" \/><\/p>\n<p>Yazar: lyl<\/p>","protected":false},"excerpt":{"rendered":"<p>Boom Cylinder For Bada WYS40 Introduction to the Boom Cylinder The Boom Cylinder is a vital hydraulic component designed specifically for controlling the movement of buckets in various heavy machinery, such as excavators, backhoe loaders, and front loaders. This hydraulic cylinder enables the bucket to lift, lower, and tilt, facilitating efficient material handling tasks. The [&hellip;]<\/p>","protected":false},"featured_media":17875,"comment_status":"open","ping_status":"closed","template":"","meta":{"_et_pb_use_builder":"","_et_pb_old_content":"","_et_gb_content_width":""},"product_brand":[],"product_cat":[1546],"product_tag":[1547,1496],"class_list":{"0":"post-19672","1":"product","2":"type-product","3":"status-publish","4":"has-post-thumbnail","6":"product_cat-boom-cylinders","7":"product_tag-boom-cylinders","8":"product_tag-hydraulic-cylinders","10":"first","11":"instock","12":"shipping-taxable","13":"product-type-simple"},"amp_enabled":true,"_links":{"self":[{"href":"https:\/\/www.hydraulic-cylinders.net\/tr\/wp-json\/wp\/v2\/product\/19672","targetHints":{"allow":["GET"]}}],"collection":[{"href":"https:\/\/www.hydraulic-cylinders.net\/tr\/wp-json\/wp\/v2\/product"}],"about":[{"href":"https:\/\/www.hydraulic-cylinders.net\/tr\/wp-json\/wp\/v2\/types\/product"}],"replies":[{"embeddable":true,"href":"https:\/\/www.hydraulic-cylinders.net\/tr\/wp-json\/wp\/v2\/comments?post=19672"}],"wp:featuredmedia":[{"embeddable":true,"href":"https:\/\/www.hydraulic-cylinders.net\/tr\/wp-json\/wp\/v2\/media\/17875"}],"wp:attachment":[{"href":"https:\/\/www.hydraulic-cylinders.net\/tr\/wp-json\/wp\/v2\/media?parent=19672"}],"wp:term":[{"taxonomy":"product_brand","embeddable":true,"href":"https:\/\/www.hydraulic-cylinders.net\/tr\/wp-json\/wp\/v2\/product_brand?post=19672"},{"taxonomy":"product_cat","embeddable":true,"href":"https:\/\/www.hydraulic-cylinders.net\/tr\/wp-json\/wp\/v2\/product_cat?post=19672"},{"taxonomy":"product_tag","embeddable":true,"href":"https:\/\/www.hydraulic-cylinders.net\/tr\/wp-json\/wp\/v2\/product_tag?post=19672"}],"curies":[{"name":"wp","href":"https:\/\/api.w.org\/{rel}","templated":true}]}}