{"id":19676,"date":"2025-04-07T07:01:12","date_gmt":"2025-04-07T07:01:12","guid":{"rendered":"https:\/\/www.hydraulic-cylinders.net\/product\/boom-cylinder-for-baoding-wy65-8\/"},"modified":"2025-04-07T07:01:14","modified_gmt":"2025-04-07T07:01:14","slug":"boom-cylinder-for-baoding-wy65-8","status":"publish","type":"product","link":"https:\/\/www.hydraulic-cylinders.net\/tr\/urun\/boom-cylinder-for-baoding-wy65-8\/","title":{"rendered":"Baoding WY65-8 i\u00e7in Bom Silindiri"},"content":{"rendered":"<h1>Baoding WY65-8 i\u00e7in Bom Silindiri<\/h1>\n<h2>Bom Silindirine Giri\u015f<\/h2>\n<p>Baoding WY65-8 i\u00e7in \u00f6zel olarak tasarlanm\u0131\u015f olan Bom Silindiri, hidrolik sistemlerde \u00e7ok \u00f6nemli bir bile\u015fendir. Bu hidrolik silindir, ekskavat\u00f6rler, beko y\u00fckleyiciler ve \u00f6n y\u00fckleyiciler gibi a\u011f\u0131r makinelerde kep\u00e7elerin hareketini kontrol etmede \u00f6nemli bir rol oynar. Kep\u00e7enin kald\u0131r\u0131lmas\u0131n\u0131, indirilmesini ve e\u011filmesini sa\u011flayarak verimli malzeme ta\u015f\u0131ma i\u015flemlerini kolayla\u015ft\u0131r\u0131r.<\/p>\n<p><img decoding=\"async\" src=\"https:\/\/www.hydraulic-cylinders.net\/wp-content\/uploads\/2025\/04\/songte-company-1.webp\" alt=\"Bom Silindiri G\u00f6r\u00fcnt\u00fcs\u00fc\"><\/p>\n<h3>Tan\u0131m ve Genel Bak\u0131\u015f<\/h3>\n<p>Kep\u00e7e silindiri, kazma ve y\u00fckleme ekipmanlar\u0131n\u0131n \u00e7al\u0131\u015ft\u0131r\u0131lmas\u0131 i\u00e7in \u00f6zel olarak tasarlanm\u0131\u015f bir hidrolik silindir t\u00fcr\u00fcd\u00fcr. \u00c7e\u015fitli in\u015faat ve tar\u0131m uygulamalar\u0131nda gerekli olan d\u00fczg\u00fcn ve kontroll\u00fc hareketleri sa\u011flamak i\u00e7in hidrolik bas\u0131n\u00e7 kullan\u0131r. Hidrolik sistemin verimlili\u011fi, silindirin yeterli kuvvet sa\u011flarken \u00e7al\u0131\u015fma hassasiyetini de garanti etme yetene\u011fine ba\u011fl\u0131d\u0131r.<\/p>\n<h2>Bom Silindirinin \u00d6zellikleri<\/h2>\n<ul>\n<li><strong>Y\u00fcksek Dayan\u0131kl\u0131l\u0131k ve Dayan\u0131kl\u0131l\u0131k:<\/strong> Genellikle y\u00fcksek mukavemetli \u00e7elik veya al\u00fcminyumdan \u00fcretilen bu silindirler, y\u00fcksek bas\u0131n\u00e7lara ve a\u011f\u0131r y\u00fcklere dayanabilir, bu da onlar\u0131 zorlu \u00e7al\u0131\u015fma ortamlar\u0131 i\u00e7in uygun hale getirir. Uzun \u00f6m\u00fcrl\u00fcl\u00fc\u011f\u00fc art\u0131rmak i\u00e7in a\u015f\u0131nma ve korozyon direnci g\u00f6z \u00f6n\u00fcnde bulundurularak tasarlanm\u0131\u015flard\u0131r.<\/li>\n<li><strong>Verimli Hidrolik \u00c7al\u0131\u015fma:<\/strong> Hidrolik s\u0131v\u0131n\u0131n bas\u0131nc\u0131ndan yararlan\u0131larak, kontrol komutlar\u0131na h\u0131zl\u0131 yan\u0131t veren ve a\u011f\u0131r malzemelerin ve karma\u015f\u0131k i\u015flerin ta\u015f\u0131nmas\u0131 i\u00e7in ideal olan g\u00fc\u00e7l\u00fc itme ve \u00e7ekme kuvvetleri sa\u011flayan, sorunsuz uzatma ve geri \u00e7ekme imkan\u0131 sunulur.<\/li>\n<li><strong>\u00c7e\u015fitli T\u00fcrler:<\/strong> Operasyonel ihtiya\u00e7lara ba\u011fl\u0131 olarak, tek etkili (hidrolik tek y\u00f6nde kullan\u0131l\u0131r) veya \u00e7ift etkili (hidrolik her iki y\u00f6nde kullan\u0131l\u0131r) silindir se\u00e7enekleri mevcuttur. Baz\u0131 modeller teleskopiktir ve d\u0131\u015f boyutlar\u0131 art\u0131rmadan daha fazla uzatmaya olanak tan\u0131r; bu da alan s\u0131n\u0131rlamalar\u0131 olan uygulamalar i\u00e7in uygundur.<\/li>\n<\/ul>\n<p>Bu \u00fcr\u00fcn\u00fc biz \u00fcretiyoruz ve sundu\u011fumuz \u00fcr\u00fcnler bu hidrolik silindirlerin yerini m\u00fckemmel \u015fekilde alabilir.<\/p>\n<p><img decoding=\"async\" src=\"https:\/\/www.hydraulic-cylinders.net\/wp-content\/uploads\/2025\/04\/songte-cylinder-head-with-all-kinds-excavator-models.webp\" alt=\"Silindir Kapa\u011f\u0131 G\u00f6r\u00fcnt\u00fcs\u00fc\"><\/p>\n<h2>Uygulama Senaryolar\u0131<\/h2>\n<h3>\u0130n\u015faat Ekipmanlar\u0131<\/h3>\n<p>Ekskavat\u00f6rlerde, bom silindirleri topra\u011f\u0131 veya molozu kazmak, y\u00fcklemek ve ta\u015f\u0131mak i\u00e7in \u00e7ok \u00f6nemlidir. Kep\u00e7enin zemine etkili bir \u015fekilde n\u00fcfuz etmesini sa\u011flayarak, kaz\u0131 i\u015flerinde vazge\u00e7ilmez hale gelirler. Kaz\u0131c\u0131 y\u00fckleyicilerde ise bom silindiri hem kazma hem de kald\u0131rma i\u015flemlerini kolayla\u015ft\u0131rarak \u015fantiyelerde genel verimlili\u011fi art\u0131r\u0131r.<\/p>\n<h3>Tar\u0131m Makinalar\u0131<\/h3>\n<p>\u00d6n y\u00fckleyicilerde kullan\u0131lan bom silindirleri, toprak, saman ve di\u011fer malzemelerin kep\u00e7elenmesi, kald\u0131r\u0131lmas\u0131 ve ta\u015f\u0131nmas\u0131na yard\u0131mc\u0131 olur. Verimlili\u011fin do\u011frudan \u00fcretkenli\u011fi etkiledi\u011fi tar\u0131msal ortamlarda, bu silindirlerin g\u00fcvenilir \u00e7al\u0131\u015fmas\u0131 \u00e7ok \u00f6nemlidir. Bu silindirlerin \u00e7ok y\u00f6nl\u00fcl\u00fc\u011f\u00fc, \u00e7e\u015fitli ata\u015fmanlara olanak tan\u0131yarak onlar\u0131 \u00e7e\u015fitli tar\u0131m faaliyetlerinde de\u011ferli k\u0131lar.<\/p>\n<h3>Ekskavat\u00f6rler<\/h3>\n<p>Ekskavat\u00f6rlerde, bom silindiri kep\u00e7enin topra\u011fa n\u00fcfuz etmesini sa\u011flayarak etkili kaz\u0131 i\u015flemlerine olanak tan\u0131r. Bomun sorunsuz \u00e7al\u0131\u015fmas\u0131, hem konut hem de ticari projelerde kritik \u00f6neme sahip olan hendek a\u00e7ma ve hafriyat i\u015flerinde hassasiyet elde etmek i\u00e7in hayati \u00f6nem ta\u015f\u0131r.<\/p>\n<h3>Y\u00fckleyiciler<\/h3>\n<p>\u00d6n y\u00fckleyicilerde, bom silindirleri y\u00fcklerin verimli bir \u015fekilde kald\u0131r\u0131lmas\u0131 ve bo\u015falt\u0131lmas\u0131nda \u00f6nemli bir rol oynar. G\u00fc\u00e7l\u00fc kald\u0131rma g\u00fcc\u00fc sa\u011flama yetenekleri, malzemelerin h\u0131zl\u0131 ve g\u00fcvenli bir \u015fekilde ta\u015f\u0131nmas\u0131n\u0131 sa\u011flar; bu da verimli \u015fantiye operasyonlar\u0131 i\u00e7in hayati \u00f6nem ta\u015f\u0131r.<\/p>\n<h2>Tasar\u0131m Hususlar\u0131 ve Se\u00e7im Kriterleri<\/h2>\n<h3>Y\u00fck Kapasitesi<\/h3>\n<p>Vin\u00e7 silindiri se\u00e7erken, y\u00fck ta\u015f\u0131ma kapasitesi en \u00f6nemli hususlardan biridir. Silindir, kald\u0131raca\u011f\u0131 y\u00fck\u00fcn maksimum a\u011f\u0131rl\u0131\u011f\u0131n\u0131 ta\u015f\u0131yabilecek kapasitede olmal\u0131d\u0131r. Bu, yaln\u0131zca operasyonlar\u0131n verimlili\u011fini de\u011fil, ayn\u0131 zamanda ekipman ve personelin g\u00fcvenli\u011fini de sa\u011flar. Do\u011fru kapasiteye sahip bir silindir, kritik operasyonlar s\u0131ras\u0131nda ar\u0131za veya bozulmay\u0131 \u00f6nleyerek kaza veya ekipman hasar\u0131 riskini azalt\u0131r.<\/p>\n<h3>S\u0131zd\u0131rmazl\u0131k Performans\u0131<\/h3>\n<p>Hidrolik silindirin s\u0131zd\u0131rmazl\u0131k performans\u0131, uzun \u00f6m\u00fcrl\u00fcl\u00fc\u011f\u00fc ve etkinli\u011fi i\u00e7in \u00e7ok \u00f6nemlidir. Y\u00fcksek kaliteli contalar, bas\u0131n\u00e7 kayb\u0131na ve verimsiz \u00e7al\u0131\u015fmaya yol a\u00e7abilen s\u0131v\u0131 s\u0131z\u0131nt\u0131s\u0131n\u0131 \u00f6nler. Poli\u00fcretan veya nitril kau\u00e7uk gibi dayan\u0131kl\u0131 malzemelerden yap\u0131lm\u0131\u015f contalar\u0131n se\u00e7ilmesi, silindirin a\u015f\u0131nmaya ve y\u0131pranmaya kar\u015f\u0131 direncini art\u0131rarak zaman i\u00e7inde g\u00fcvenilir performans sa\u011flar. Do\u011fru s\u0131zd\u0131rmazl\u0131k ayr\u0131ca hidrolik s\u0131v\u0131n\u0131n kalitesini tehlikeye atabilecek kirleticilere kar\u015f\u0131 da koruma sa\u011flar.<\/p>\n<h3>Dayan\u0131kl\u0131l\u0131k ve G\u00fcvenlik<\/h3>\n<p>Bom silindirlerinin tasar\u0131m\u0131nda dayan\u0131kl\u0131l\u0131k \u00e7ok \u00f6nemli bir fakt\u00f6rd\u00fcr. A\u015f\u0131r\u0131 s\u0131cakl\u0131klara ve a\u015f\u0131nd\u0131r\u0131c\u0131 maddelere maruz kalma da dahil olmak \u00fczere zorlu ko\u015fullara dayanacak \u015fekilde in\u015fa edilmelidirler. \u0130yi tasarlanm\u0131\u015f bir silindir, \u00e7evresel zorluklara dayanma yetene\u011fini art\u0131rmak i\u00e7in g\u00fc\u00e7lendirilmi\u015f y\u00fczeyler ve koruyucu kaplamalar gibi \u00f6zellikler i\u00e7erir. A\u015f\u0131r\u0131 y\u00fcklenmeyi ve olas\u0131 ar\u0131zalar\u0131 \u00f6nlemek, ekipman\u0131n ve operat\u00f6rlerinin g\u00fcvenli\u011fini sa\u011flamak i\u00e7in bas\u0131n\u00e7 tahliye vanalar\u0131 gibi g\u00fcvenlik mekanizmalar\u0131 da entegre edilmelidir.<\/p>\n<h2>Silindirin S\u0131zd\u0131rmazl\u0131\u011f\u0131 ve Ya\u011flanmas\u0131<\/h2>\n<p>Bom silindirinin etkinli\u011fi b\u00fcy\u00fck \u00f6l\u00e7\u00fcde s\u0131zd\u0131rmazl\u0131k ve ya\u011flama sistemlerine ba\u011fl\u0131d\u0131r. Piston contalar\u0131 ve mil contalar\u0131 da dahil olmak \u00fczere \u00e7e\u015fitli contalar, silindir i\u00e7indeki hidrolik bas\u0131nc\u0131 korumak i\u00e7in gereklidir. Poli\u00fcretan ve nitril kau\u00e7uk gibi a\u015f\u0131nmaya dayan\u0131kl\u0131 malzemelerden yap\u0131lm\u0131\u015f contalar dayan\u0131kl\u0131l\u0131\u011f\u0131 sa\u011flar. Ek olarak, silindir g\u00f6vdesi ve di\u015fli u\u00e7 y\u00fczeyleri, a\u015f\u0131nma direncini art\u0131rmak i\u00e7in hassas bir \u015fekilde i\u015flenir. S\u00fcrt\u00fcnmeyi azaltmak ve optimum performans\u0131 korumak i\u00e7in hidrolik ya\u011f ile d\u00fczenli ya\u011flama gereklidir ve yeterli ya\u011f seviyelerini sa\u011flamak i\u00e7in periyodik kontroller yap\u0131lmal\u0131d\u0131r.<\/p>\n<h2>D\u00fczenli Bak\u0131m ve \u00d6nleyici Tedbirler<\/h2>\n<ul>\n<li><strong>D\u00fczenli Denetimler:<\/strong> S\u0131z\u0131nt\u0131, hasar veya a\u015f\u0131nma a\u00e7\u0131s\u0131ndan d\u00fczenli kontroller yapmak, b\u00fcy\u00fck ar\u0131zalar\u0131 \u00f6nleyebilir. Contalar\u0131, hortumlar\u0131 ve ba\u011flant\u0131lar\u0131 inceleyerek iyi durumda olduklar\u0131ndan emin olun ve hasar g\u00f6rm\u00fc\u015f par\u00e7alar\u0131 de\u011fi\u015ftirin.<\/li>\n<li><strong>Uygun Ya\u011flama:<\/strong> Hidrolik ya\u011f\u0131n do\u011fru seviyede ve kirlilikten ar\u0131nd\u0131r\u0131lm\u0131\u015f oldu\u011fundan emin olun. Do\u011fru ya\u011flama, s\u00fcrt\u00fcnmeyi ve a\u015f\u0131nmay\u0131 azaltarak silindirin \u00f6mr\u00fcn\u00fc uzat\u0131r.<\/li>\n<li><strong>Conta De\u011fi\u015fimi ve Kalibrasyon Kontrolleri:<\/strong> Zamanla contalar bozulabilir ve de\u011fi\u015ftirilmesi gerekebilir. Silindirin d\u00fczenli olarak kalibre edilmesi, belirtilen parametreler dahilinde \u00e7al\u0131\u015fmas\u0131n\u0131 sa\u011flayarak verimlili\u011fi ve g\u00fcvenli\u011fi korur.<\/li>\n<\/ul>\n<h2>Kurulum Talimatlar\u0131<\/h2>\n<p>Bom silindirinin do\u011fru montaj\u0131, performans\u0131 ve uzun \u00f6mr\u00fc i\u00e7in kritik \u00f6neme sahiptir. \u00d6ncelikle montaj y\u00fczeylerinin temiz ve kal\u0131nt\u0131lardan ar\u0131nd\u0131r\u0131lm\u0131\u015f oldu\u011fundan emin olun. Erken a\u015f\u0131nmaya yol a\u00e7abilecek yanl\u0131\u015f hizalamay\u0131 \u00f6nlemek i\u00e7in silindiri do\u011fru \u015fekilde hizalay\u0131n. Silindiri sa\u011flam bir \u015fekilde sabitlemek i\u00e7in uygun montaj braketleri kullan\u0131lmas\u0131 tavsiye edilir. Montajdan sonra, d\u00fczg\u00fcn \u00e7al\u0131\u015f\u0131p \u00e7al\u0131\u015fmad\u0131\u011f\u0131n\u0131 kontrol edin ve hidrolik sisteme a\u015f\u0131r\u0131 y\u00fck bindirmeden silindirin sorunsuz bir \u015fekilde uzay\u0131p geri \u00e7ekilmesini sa\u011flamak i\u00e7in gerekti\u011fi gibi ayarlay\u0131n.<\/p>\n<h2>Yayg\u0131n Bak\u0131m G\u00f6revleri<\/h2>\n<ul>\n<li><strong>D\u00fczenli Kontroller:<\/strong> Hidrolik sistemin s\u0131k s\u0131k kontrol edilmesi hayati \u00f6nem ta\u015f\u0131r. \u00c7al\u0131\u015fma s\u0131ras\u0131nda s\u0131z\u0131nt\u0131, bozulma veya ola\u011fand\u0131\u015f\u0131 ses belirtileri olup olmad\u0131\u011f\u0131n\u0131 kontrol edin. Tekrarlayan sorunlar\u0131 takip etmek i\u00e7in bu g\u00f6zlemleri belgeleyin.<\/li>\n<li><strong>Uygun Ya\u011flama:<\/strong> Hareketli par\u00e7alar aras\u0131ndaki s\u00fcrt\u00fcnmeyi en aza indirmek i\u00e7in d\u00fczenli ya\u011flama \u00e7ok \u00f6nemlidir. Silindire zarar vermemek i\u00e7in, kullan\u0131lan ya\u011flay\u0131c\u0131n\u0131n \u00fcreticinin spesifikasyonlar\u0131na uygun oldu\u011fundan emin olun.<\/li>\n<li><strong>Conta De\u011fi\u015fimi ve Kalibrasyonu:<\/strong> Bak\u0131m rutinlerinin bir par\u00e7as\u0131 olarak contalar\u0131n d\u00fczenli olarak de\u011fi\u015ftirilmesi s\u0131z\u0131nt\u0131lar\u0131 ve performans sorunlar\u0131n\u0131 \u00f6nler. Kalibrasyon kontrolleri silindirin verimlili\u011fini ve g\u00fcvenli\u011fini korumaya yard\u0131mc\u0131 olur.<\/li>\n<\/ul>\n<h2>G\u00fcvenlik Hususlar\u0131 ve \u00c7evresel Fakt\u00f6rler<\/h2>\n<p>Hidrolik silindirlerin \u00e7al\u0131\u015ft\u0131r\u0131lmas\u0131nda g\u00fcvenlik \u00f6nlemleri son derece \u00f6nemlidir. Operat\u00f6rler, riskleri en aza indirmek i\u00e7in ekipman\u0131n do\u011fru kullan\u0131m\u0131 ve bak\u0131m\u0131 konusunda e\u011fitilmelidir. Potansiyel tehlikelere kar\u015f\u0131 korunmak i\u00e7in g\u00fcvenlik ekipmanlar\u0131 giyilmelidir. Ayr\u0131ca, hidrolik sistemler i\u00e7in malzeme ve ya\u011flay\u0131c\u0131lar se\u00e7ilirken s\u0131cakl\u0131k de\u011fi\u015fimleri ve kimyasallara maruz kalma gibi \u00e7evresel fakt\u00f6rler de dikkate al\u0131nmal\u0131d\u0131r.<\/p>\n<h2>Sorun Giderme ve Yayg\u0131n Sorunlar<\/h2>\n<ul>\n<li><strong>S\u0131z\u0131nt\u0131:<\/strong> S\u0131z\u0131nt\u0131 meydana gelirse, contalar\u0131 ve ba\u011flant\u0131lar\u0131 hasar a\u00e7\u0131s\u0131ndan kontrol edin. \u0130\u015flevselli\u011fi geri kazand\u0131rmak i\u00e7in ba\u011flant\u0131lar\u0131 s\u0131k\u0131n veya gerekirse contalar\u0131 de\u011fi\u015ftirin.<\/li>\n<li><strong>D\u00fc\u015f\u00fck Performans:<\/strong> Hidrolik g\u00fc\u00e7teki azalma, d\u00fc\u015f\u00fck s\u0131v\u0131 seviyelerini veya kirlenmeyi g\u00f6sterebilir. S\u0131v\u0131 seviyelerini ve kalitesini kontrol edin, gerekti\u011finde tamamlay\u0131n veya de\u011fi\u015ftirin.<\/li>\n<li><strong>\u00c7al\u0131\u015fma S\u0131ras\u0131nda G\u00fcr\u00fclt\u00fc:<\/strong> Ola\u011fand\u0131\u015f\u0131 sesler, a\u015f\u0131nm\u0131\u015f yataklara veya i\u00e7 hasara i\u015faret edebilir. Silindiri inceleyin ve bu sorunlar\u0131 gidermek i\u00e7in gerekli bak\u0131m\u0131 yap\u0131n.<\/li>\n<\/ul>\n<p>Bu sorunlar\u0131n derhal ele al\u0131nmas\u0131, daha fazla komplikasyonun \u00f6nlenmesine ve verimli bir \u00e7al\u0131\u015fma sa\u011flanmas\u0131na yard\u0131mc\u0131 olabilir.<\/p>\n<h2>\u015eirket Genel Bak\u0131\u015f\u0131<\/h2>\n<p>Hem yurt i\u00e7i hem de uluslararas\u0131 pazarlarda tan\u0131nan, alternatif hidrolik silindirlerin \u00f6nde gelen \u00fcreticisi ve toptanc\u0131s\u0131y\u0131z. M\u00fckemmelli\u011fe olan ba\u011fl\u0131l\u0131\u011f\u0131m\u0131z, geli\u015fmi\u015f bir \u00fcretim y\u00f6netim stratejisiyle desteklenmektedir. Nitelikli personelimiz, geli\u015fmi\u015f dijital \u00fcretim ekipmanlar\u0131m\u0131z ve profesyonel test sistemlerimiz sayesinde \u00fcretim kapasitemizi s\u00fcrekli olarak geli\u015ftiriyoruz. Amac\u0131m\u0131z, m\u00fc\u015fteri memnuniyetini sa\u011flayarak, y\u00fcksek verimlilik, hassasiyet ve kaliteyle \u00e7e\u015fitli m\u00fc\u015fteri ihtiya\u00e7lar\u0131n\u0131 kar\u015f\u0131lamakt\u0131r.<\/p>\n<p><img decoding=\"async\" src=\"https:\/\/www.hydraulic-cylinders.net\/wp-content\/uploads\/2025\/04\/songte-company-4.webp\" alt=\"\u015eirket Genel Bak\u0131\u015f G\u00f6rseli\"><br \/>\n<img decoding=\"async\" src=\"https:\/\/www.hydraulic-cylinders.net\/wp-content\/uploads\/2025\/04\/songte-company-3.webp\" alt=\"\u015eirket Ekipman G\u00f6r\u00fcnt\u00fcs\u00fc\"><\/p>\n<p>Uzmanl\u0131k alanlar\u0131m\u0131z aras\u0131nda profesyonel hizmetler, uluslararas\u0131 sertifikalar, \u00f6zel \u00e7\u00f6z\u00fcmler, son teknoloji \u00fcretim ekipmanlar\u0131 ve ola\u011fan\u00fcst\u00fc sat\u0131\u015f sonras\u0131 destek yer almaktad\u0131r.<\/p>\n<p>Yazar: lyl<\/p>","protected":false},"excerpt":{"rendered":"<p>Boom Cylinder For Baoding WY65-8 Introduction to Boom Cylinder The Boom Cylinder, specifically designed for Baoding WY65-8, is a crucial component in hydraulic systems. This hydraulic cylinder plays an essential role in controlling the movement of buckets in heavy machinery such as excavators, backhoe loaders, and front loaders. It allows the bucket to lift, lower, [&hellip;]<\/p>","protected":false},"featured_media":17879,"comment_status":"open","ping_status":"closed","template":"","meta":{"_et_pb_use_builder":"","_et_pb_old_content":"","_et_gb_content_width":""},"product_brand":[],"product_cat":[1546],"product_tag":[1547,1496],"class_list":{"0":"post-19676","1":"product","2":"type-product","3":"status-publish","4":"has-post-thumbnail","6":"product_cat-boom-cylinders","7":"product_tag-boom-cylinders","8":"product_tag-hydraulic-cylinders","10":"first","11":"instock","12":"shipping-taxable","13":"product-type-simple"},"amp_enabled":true,"_links":{"self":[{"href":"https:\/\/www.hydraulic-cylinders.net\/tr\/wp-json\/wp\/v2\/product\/19676","targetHints":{"allow":["GET"]}}],"collection":[{"href":"https:\/\/www.hydraulic-cylinders.net\/tr\/wp-json\/wp\/v2\/product"}],"about":[{"href":"https:\/\/www.hydraulic-cylinders.net\/tr\/wp-json\/wp\/v2\/types\/product"}],"replies":[{"embeddable":true,"href":"https:\/\/www.hydraulic-cylinders.net\/tr\/wp-json\/wp\/v2\/comments?post=19676"}],"wp:featuredmedia":[{"embeddable":true,"href":"https:\/\/www.hydraulic-cylinders.net\/tr\/wp-json\/wp\/v2\/media\/17879"}],"wp:attachment":[{"href":"https:\/\/www.hydraulic-cylinders.net\/tr\/wp-json\/wp\/v2\/media?parent=19676"}],"wp:term":[{"taxonomy":"product_brand","embeddable":true,"href":"https:\/\/www.hydraulic-cylinders.net\/tr\/wp-json\/wp\/v2\/product_brand?post=19676"},{"taxonomy":"product_cat","embeddable":true,"href":"https:\/\/www.hydraulic-cylinders.net\/tr\/wp-json\/wp\/v2\/product_cat?post=19676"},{"taxonomy":"product_tag","embeddable":true,"href":"https:\/\/www.hydraulic-cylinders.net\/tr\/wp-json\/wp\/v2\/product_tag?post=19676"}],"curies":[{"name":"wp","href":"https:\/\/api.w.org\/{rel}","templated":true}]}}