{"id":19677,"date":"2025-04-07T07:01:14","date_gmt":"2025-04-07T07:01:14","guid":{"rendered":"https:\/\/www.hydraulic-cylinders.net\/product\/boom-cylinder-for-baoding-wy80-6\/"},"modified":"2025-04-07T07:01:17","modified_gmt":"2025-04-07T07:01:17","slug":"boom-cylinder-for-baoding-wy80-6","status":"publish","type":"product","link":"https:\/\/www.hydraulic-cylinders.net\/tr\/urun\/boom-cylinder-for-baoding-wy80-6\/","title":{"rendered":"Baoding WY80-6 i\u00e7in Bom Silindiri"},"content":{"rendered":"<h1>Baoding WY80-6 i\u00e7in Bom Silindiri<\/h1>\n<h2>Bom Silindirine Giri\u015f<\/h2>\n<p>Baoding WY80-6 i\u00e7in \u00f6zel olarak tasarlanm\u0131\u015f olan Bom Silindiri, \u00e7e\u015fitli a\u011f\u0131r makinelerde kullan\u0131lan hayati bir bile\u015fendir. Ekskavat\u00f6rlerde, beko y\u00fckleyicilerde ve \u00f6n y\u00fckleyicilerde ekipman kep\u00e7elerinin hareketini kolayla\u015ft\u0131ran hidrolik sistemlerde \u00f6nemli bir rol oynar. Bu silindirler, kep\u00e7enin kald\u0131r\u0131lmas\u0131n\u0131, indirilmesini ve e\u011filmesini sa\u011flayarak, in\u015faat ve tar\u0131mda hayati \u00f6nem ta\u015f\u0131yan malzeme ta\u015f\u0131ma g\u00f6revlerine yard\u0131mc\u0131 olur.<\/p>\n<p><img decoding=\"async\" src=\"https:\/\/www.hydraulic-cylinders.net\/wp-content\/uploads\/2025\/04\/songte-company-1.webp\" alt=\"Baoding WY80-6 i\u00e7in Bom Silindiri\"><\/p>\n<h2>Bom Silindirinin \u00d6zellikleri<\/h2>\n<ul>\n<li><strong>Y\u00fcksek Dayan\u0131kl\u0131l\u0131k ve Dayan\u0131kl\u0131l\u0131k:<\/strong> Y\u00fcksek mukavemetli \u00e7elik veya al\u00fcminyumdan \u00fcretilen bu silindir, y\u00fcksek bas\u0131nca ve a\u011f\u0131r y\u00fcklere dayanabilir. A\u015f\u0131nma ve korozyon direnci g\u00f6z \u00f6n\u00fcnde bulundurularak, zorlu \u00e7al\u0131\u015fma ortamlar\u0131nda performans g\u00f6sterecek \u015fekilde tasarlanm\u0131\u015ft\u0131r ve kullan\u0131m \u00f6mr\u00fc uzat\u0131lm\u0131\u015ft\u0131r.<\/li>\n<li><strong>Verimli Hidrolik \u00c7al\u0131\u015fma:<\/strong> Hidrolik ya\u011f\u0131n bas\u0131nc\u0131n\u0131n kullan\u0131lmas\u0131, d\u00fczg\u00fcn uzatma ve geri \u00e7ekme imkan\u0131 sa\u011flayarak kontrol komutlar\u0131na h\u0131zl\u0131 yan\u0131t verir ve g\u00fc\u00e7l\u00fc itme ve \u00e7ekme kuvvetleri sunar; bu da a\u011f\u0131r nesnelerin ve karma\u015f\u0131k g\u00f6revlerin ta\u015f\u0131nmas\u0131 i\u00e7in idealdir.<\/li>\n<li><strong>\u00c7e\u015fitli T\u00fcrler:<\/strong> Farkl\u0131 \u00e7al\u0131\u015fma gereksinimlerini kar\u015f\u0131lamak \u00fczere tek y\u00f6nl\u00fc (tek y\u00f6nde \u00e7al\u0131\u015fan) veya \u00e7ift y\u00f6nl\u00fc (iki y\u00f6nde \u00e7al\u0131\u015fan) konfig\u00fcrasyonlarda mevcuttur. Baz\u0131 modellerde, d\u0131\u015f boyutlar\u0131 art\u0131rmadan daha fazla uzamaya olanak tan\u0131yan teleskopik tasar\u0131mlar bulunur; bu da s\u0131n\u0131rl\u0131 alana sahip uygulamalar i\u00e7in uygundur.<\/li>\n<\/ul>\n<p>Bu \u00fcr\u00fcn\u00fc \u00fcretebiliriz ve sundu\u011fumuz \u00fcr\u00fcnler bu hidrolik silindirlerin yerini m\u00fckemmel \u015fekilde alabilir.<\/p>\n<p><img decoding=\"async\" src=\"https:\/\/www.hydraulic-cylinders.net\/wp-content\/uploads\/2025\/04\/songte-cylinder-head-with-all-kinds-excavator-models.webp\" alt=\"Ekskavat\u00f6r Modelleri\"><\/p>\n<h2>Bom Silindirinin Uygulamalar\u0131<\/h2>\n<h3>\u0130n\u015faat Ekipmanlar\u0131<\/h3>\n<p>Ekskavat\u00f6rlerde, bom silindirleri toprak veya molozun kaz\u0131lmas\u0131, y\u00fcklenmesi ve ta\u015f\u0131nmas\u0131 i\u00e7in kritik \u00f6neme sahiptir. Hem kazma hem de kald\u0131rma i\u015flemlerinde \u00f6nemli bir rol oynad\u0131klar\u0131 i\u00e7in, a\u011f\u0131r kald\u0131rma gerektiren in\u015faat sahalar\u0131 i\u00e7in vazge\u00e7ilmezdirler. Bu silindirlerin verimli hidrolik \u00e7al\u0131\u015fmas\u0131, in\u015faat makinelerinin genel verimlili\u011fine ve etkinli\u011fine katk\u0131da bulunur.<\/p>\n<h3>Tar\u0131m Makinalar\u0131<\/h3>\n<p>\u00d6n y\u00fckleyicilerde kullan\u0131lan bom silindirleri, toprak, saman ve di\u011fer malzemelerin kep\u00e7eyle al\u0131nmas\u0131n\u0131, kald\u0131r\u0131lmas\u0131n\u0131 ve ta\u015f\u0131nmas\u0131n\u0131 kolayla\u015ft\u0131r\u0131r. Tar\u0131m uygulamalar\u0131nda, bu silindirlerin sa\u011flad\u0131\u011f\u0131 hassas kontrol, y\u00fckleme ve bo\u015faltma gibi i\u015flerde verimlili\u011fi art\u0131rarak \u00e7ift\u00e7ilerin operasyonlar\u0131n\u0131 sorunsuz ve etkili bir \u015fekilde y\u00f6netmelerini sa\u011flar.<\/p>\n<h3>Ekskavat\u00f6rler<\/h3>\n<p>Ekskavat\u00f6rlerde, bom silindiri kep\u00e7enin topra\u011fa n\u00fcfuz etmesini sa\u011flayarak verimli kaz\u0131 i\u015flemlerine olanak tan\u0131r. Bu \u00f6zellik, kaz\u0131 i\u015flerinde en iyi sonu\u00e7lar\u0131 elde etmek i\u00e7in kep\u00e7enin hassas konumland\u0131r\u0131lmas\u0131 ve kontrol\u00fcn\u00fcn gerekli oldu\u011fu hendek a\u00e7ma ve tesviye gibi \u00e7e\u015fitli uygulamalarda \u00e7ok \u00f6nemlidir.<\/p>\n<h3>Y\u00fckleyiciler<\/h3>\n<p>\u00d6n y\u00fckleyicilerde, bom silindirleri y\u00fcklerin verimli bir \u015fekilde kald\u0131r\u0131lmas\u0131na ve bo\u015falt\u0131lmas\u0131na yard\u0131mc\u0131 olur. G\u00fc\u00e7l\u00fc kald\u0131rma kapasiteleri sayesinde, malzemelerin a\u015f\u0131r\u0131 manuel i\u015f g\u00fcc\u00fc veya zaman kayb\u0131 olmadan y\u00fcklenmesini ve ta\u015f\u0131nmas\u0131n\u0131 sa\u011flayarak y\u00fckleme i\u015flemlerinin genel verimlili\u011fine katk\u0131da bulunurlar.<\/p>\n<h2>Tasar\u0131m Hususlar\u0131 ve Se\u00e7im Kriterleri<\/h2>\n<h3>Y\u00fck Kapasitesi<\/h3>\n<p>Vin\u00e7 silindiri se\u00e7erken y\u00fck ta\u015f\u0131ma kapasitesi kritik bir fakt\u00f6rd\u00fcr. Silindirin \u00e7al\u0131\u015fma s\u0131ras\u0131nda ne kadar a\u011f\u0131rl\u0131k ta\u015f\u0131yabilece\u011fini belirler. Makinenin gereksinimlerini kar\u015f\u0131layan veya a\u015fan bir y\u00fck ta\u015f\u0131ma kapasitesine sahip bir silindir se\u00e7mek, a\u011f\u0131r kald\u0131rma i\u015flerinde g\u00fcvenlik ve g\u00fcvenilirlik sa\u011flar. M\u00fchendisler, ar\u0131zalar\u0131 \u00f6nlemek i\u00e7in silindirin ger\u00e7ek d\u00fcnya uygulamalar\u0131nda kar\u015f\u0131la\u015faca\u011f\u0131 maksimum a\u011f\u0131rl\u0131\u011f\u0131 dikkate almal\u0131d\u0131r.<\/p>\n<h3>S\u0131zd\u0131rmazl\u0131k<\/h3>\n<p>Bom silindirinin s\u0131zd\u0131rmazl\u0131\u011f\u0131, hidrolik s\u0131v\u0131 s\u0131z\u0131nt\u0131s\u0131n\u0131 \u00f6nlemek ve verimli \u00e7al\u0131\u015fmay\u0131 sa\u011flamak i\u00e7in \u00e7ok \u00f6nemlidir. A\u015f\u0131nmaya dayanmak ve hidrolik bas\u0131nc\u0131 korumak i\u00e7in poli\u00fcretan veya nitril kau\u00e7uk gibi dayan\u0131kl\u0131 malzemelerden yap\u0131lm\u0131\u015f y\u00fcksek kaliteli contalar gereklidir. Do\u011fru s\u0131zd\u0131rmazl\u0131k tasar\u0131m\u0131 ayr\u0131ca, bile\u015fenlere zarar verebilecek hidrolik sistem i\u00e7indeki kirlenme riskini de azalt\u0131r.<\/p>\n<h3>Dayan\u0131kl\u0131l\u0131k<\/h3>\n<p>Hidrolik silindirlerde, \u00f6zellikle zorlu ortamlarda, dayan\u0131kl\u0131l\u0131k \u00e7ok \u00f6nemlidir. Yap\u0131m\u0131nda kullan\u0131lan malzemelerin a\u015f\u0131nmaya, korozyona ve yorulmaya kar\u015f\u0131 diren\u00e7li olmas\u0131 gerekir. Bu husus, silindirin zaman i\u00e7inde etkili bir \u015fekilde \u00e7al\u0131\u015fmas\u0131n\u0131 sa\u011flayarak, onar\u0131m veya de\u011fi\u015ftirme nedeniyle olu\u015fan ar\u0131za s\u00fcrelerini en aza indirir. \u00dcreticiler, hidrolik bile\u015fenlerin dayan\u0131kl\u0131l\u0131\u011f\u0131n\u0131 art\u0131rmak i\u00e7in genellikle y\u00fczey i\u015flemleri veya kaplamalar kullan\u0131rlar.<\/p>\n<h3>Emniyet<\/h3>\n<p>Hidrolik silindirlerin tasar\u0131m\u0131nda g\u00fcvenlik her \u015feyden \u00f6nemlidir. Bas\u0131n\u00e7 tahliye vanalar\u0131 ve sa\u011flam yap\u0131 gibi \u00f6zellikler, felaketle sonu\u00e7lanabilecek ar\u0131zalar\u0131 \u00f6nlemeye yard\u0131mc\u0131 olur. Tasar\u0131mc\u0131lar, silindirlerin beklenmedik y\u00fck ve bas\u0131n\u00e7lara dayanabilmesini ve kullan\u0131c\u0131lar i\u00e7in g\u00fcvenli bir \u00e7al\u0131\u015fma ortam\u0131 sa\u011flamas\u0131n\u0131 sa\u011flamak i\u00e7in end\u00fcstri g\u00fcvenlik standartlar\u0131na uymal\u0131d\u0131r.<\/p>\n<h3>Bak\u0131m<\/h3>\n<p>Bak\u0131m kolayl\u0131\u011f\u0131 da \u00f6nemli bir tasar\u0131m unsurudur. Hidrolik silindirler, contalara ve di\u011fer bile\u015fenlere kolay eri\u015fim sa\u011flayacak \u015fekilde tasarlanmal\u0131, b\u00f6ylece inceleme ve de\u011fi\u015ftirme i\u015flemleri kolayla\u015fmal\u0131d\u0131r. \u0130yi tasarlanm\u0131\u015f bir silindir, rutin bak\u0131m i\u015flemlerinin verimli bir \u015fekilde ger\u00e7ekle\u015ftirilmesine olanak tan\u0131yarak ekipman\u0131n \u00f6mr\u00fcn\u00fc uzat\u0131r ve optimum performans\u0131 sa\u011flar.<\/p>\n<p><img decoding=\"async\" src=\"https:\/\/www.hydraulic-cylinders.net\/wp-content\/uploads\/2025\/04\/songte-oil-pipes-and-spare-parts.webp\" alt=\"Yedek par\u00e7a\"><\/p>\n<h2>Bom Silindirinin S\u0131zd\u0131rmazl\u0131\u011f\u0131 ve Ya\u011flanmas\u0131<\/h2>\n<p>Bom silindirinin verimlili\u011fi b\u00fcy\u00fck \u00f6l\u00e7\u00fcde s\u0131zd\u0131rmazl\u0131\u011f\u0131na ve ya\u011flanmas\u0131na ba\u011fl\u0131d\u0131r. Piston contalar\u0131 ve mil contalar\u0131 da dahil olmak \u00fczere \u00e7e\u015fitli contalar, silindir i\u00e7indeki hidrolik bas\u0131nc\u0131n b\u00fct\u00fcnl\u00fc\u011f\u00fcn\u00fc korumak i\u00e7in gereklidir. A\u015f\u0131nma direnci ve uzun \u00f6m\u00fcrl\u00fcl\u00fckleri nedeniyle poli\u00fcretan veya nitril kau\u00e7uktan yap\u0131lm\u0131\u015f contalar tercih edilir. Silindir g\u00f6vdesinin ve di\u015fli u\u00e7lar\u0131n\u0131n hassas i\u015flenmesi, a\u015f\u0131nma direncini art\u0131rarak daha uzun bir kullan\u0131m \u00f6mr\u00fcne katk\u0131da bulunur. Sorunsuz \u00e7al\u0131\u015fma sa\u011flamak ve i\u00e7 bile\u015fenlerde a\u015f\u0131nmay\u0131 \u00f6nlemek i\u00e7in uygun hidrolik ya\u011f ile d\u00fczenli ya\u011flama gereklidir.<\/p>\n<h2>D\u00fczenli Denetimler ve \u00d6nleyici Bak\u0131m<\/h2>\n<ul>\n<li><strong>D\u00fczenli Denetimler:<\/strong> Bom silindirinin d\u00fczenli olarak kontrol edilmesi, potansiyel sorunlar\u0131n ciddi problemlere d\u00f6n\u00fc\u015fmeden \u00f6nce tespit edilmesine yard\u0131mc\u0131 olur. Bu, s\u0131z\u0131nt\u0131lar\u0131n kontrol edilmesini, contalardaki a\u015f\u0131nman\u0131n incelenmesini ve t\u00fcm ba\u011flant\u0131lar\u0131n sa\u011flam oldu\u011fundan emin olunmas\u0131n\u0131 i\u00e7erir.<\/li>\n<li><strong>Uygun Ya\u011flama:<\/strong> Silindirin do\u011fru tip ve miktarda hidrolik ya\u011f ile d\u00fczenli olarak ya\u011flanmas\u0131, optimum performans\u0131n korunmas\u0131 i\u00e7in \u00e7ok \u00f6nemlidir. Yetersiz ya\u011flama, a\u015f\u0131nman\u0131n artmas\u0131na ve silindirin ar\u0131zalanmas\u0131na yol a\u00e7abilir.<\/li>\n<li><strong>Conta De\u011fi\u015fimi:<\/strong> Zamanla contalar a\u015f\u0131n\u0131r ve de\u011fi\u015ftirilmesi gerekir. Contalar\u0131n durumunu d\u00fczenli olarak kontrol etmek ve gerekti\u011finde de\u011fi\u015ftirmek, hidrolik s\u0131v\u0131 s\u0131z\u0131nt\u0131lar\u0131n\u0131 \u00f6nleyebilir ve silindirin verimlili\u011fini koruyabilir.<\/li>\n<\/ul>\n<h2>Bom Silindiri i\u00e7in Kurulum Talimatlar\u0131<\/h2>\n<p>Bom silindirinin montaj\u0131, performans\u0131 ve uzun \u00f6mr\u00fc i\u00e7in kritik \u00f6neme sahiptir. \u00d6ncelikle t\u00fcm montaj y\u00fczeylerinin temiz ve kal\u0131nt\u0131lardan ar\u0131nd\u0131r\u0131lm\u0131\u015f oldu\u011fundan emin olun. \u00c7al\u0131\u015fma s\u0131ras\u0131nda yanl\u0131\u015f hizalamay\u0131 \u00f6nlemek i\u00e7in silindiri do\u011fru \u015fekilde hizalay\u0131n; bu, erken a\u015f\u0131nmaya veya ar\u0131zaya yol a\u00e7abilir. Silindiri yerine sabitlemek i\u00e7in uygun montaj braketleri kullan\u0131n ve makineye s\u0131k\u0131ca ba\u011fl\u0131 oldu\u011fundan emin olun. Tork ayarlar\u0131 ve montaj prosed\u00fcrleri ile ilgili olarak \u00fcreticinin spesifikasyonlar\u0131na uymak \u00e7ok \u00f6nemlidir. Montaj tamamland\u0131ktan sonra, t\u00fcm ba\u011flant\u0131lar\u0131 iyice kontrol edin ve i\u015flevselli\u011fi sa\u011flamak i\u00e7in bir test i\u015flemi ger\u00e7ekle\u015ftirin.<\/p>\n<h2>Bom Silindiri \u0130\u00e7in Bak\u0131m G\u00f6revleri<\/h2>\n<ul>\n<li><strong>D\u00fczenli Denetimler:<\/strong> S\u0131k yap\u0131lan kontroller, olas\u0131 sorunlar\u0131 erken tespit etmeye yard\u0131mc\u0131 olur. A\u015f\u0131nma ve s\u0131z\u0131nt\u0131 belirtilerini kontrol edin ve t\u00fcm bile\u015fenlerin do\u011fru \u00e7al\u0131\u015ft\u0131\u011f\u0131ndan emin olun. Buldu\u011funuz t\u00fcm sorunlar\u0131 belgeleyin ve daha fazla komplikasyondan ka\u00e7\u0131nmak i\u00e7in derhal m\u00fcdahale edin.<\/li>\n<li><strong>Uygun Ya\u011flama:<\/strong> Do\u011fru hidrolik ya\u011f\u0131n d\u00fczenli olarak kullan\u0131lmas\u0131, sorunsuz \u00e7al\u0131\u015fmay\u0131 sa\u011flar ve a\u015f\u0131nmay\u0131 \u00f6nler. Optimum performans i\u00e7in yaln\u0131zca \u00fcretici taraf\u0131ndan \u00f6nerilen ya\u011flar\u0131 kullan\u0131n ve ya\u011flama program\u0131na uyun.<\/li>\n<li><strong>Conta De\u011fi\u015fimi ve Kalibrasyonu:<\/strong> Contalar\u0131n a\u015f\u0131nmas\u0131n\u0131 kontrol edin ve gerekti\u011finde de\u011fi\u015ftirin. Bom silindirinin d\u00fczenli olarak kalibre edilmesi, gerekli parametreler dahilinde \u00e7al\u0131\u015fmas\u0131n\u0131 sa\u011flayarak hidrolik sistem \u00fczerindeki gereksiz stresi \u00f6nler.<\/li>\n<\/ul>\n<h2>G\u00fcvenlik Hususlar\u0131 ve \u00c7evresel Fakt\u00f6rler<\/h2>\n<p>Hidrolik silindirlerle \u00e7al\u0131\u015f\u0131rken g\u00fcvenlik \u00f6nlemlerinin uygulanmas\u0131 \u00e7ok \u00f6nemlidir. Operat\u00f6rler, makinelerin do\u011fru kullan\u0131m\u0131 konusunda e\u011fitilmeli ve hidrolik sistemlerle ili\u015fkili potansiyel tehlikeleri anlamal\u0131d\u0131r. G\u00fcvenlik protokollerinin d\u00fczenli olarak g\u00f6zden ge\u00e7irilmesi ve ekipman\u0131n iyi bak\u0131ml\u0131 olmas\u0131 riskleri en aza indirebilir. Ayr\u0131ca, hidrolik s\u0131v\u0131lar\u0131n uygun \u015fekilde bertaraf edilmesi gibi \u00e7evre dostu uygulamalar, ekosistemi korumaya ve d\u00fczenlemelere uymaya yard\u0131mc\u0131 olur.<\/p>\n<h2>Ar\u0131za Te\u015fhisi ve Yayg\u0131n Sorunlar<\/h2>\n<ul>\n<li><strong>S\u0131z\u0131nt\u0131:<\/strong> Hidrolik s\u0131v\u0131 s\u0131z\u0131nt\u0131lar\u0131, a\u015f\u0131nm\u0131\u015f contalar\u0131 veya hasar g\u00f6rm\u00fc\u015f par\u00e7alar\u0131 g\u00f6sterebilir. Silindiri ve contalar\u0131 a\u015f\u0131nma belirtileri a\u00e7\u0131s\u0131ndan inceleyin ve gerekti\u011finde de\u011fi\u015ftirin.<\/li>\n<li><strong>Zay\u0131f Performans:<\/strong> Silindir d\u00fczg\u00fcn \u00e7al\u0131\u015fm\u0131yorsa, ya\u011flaman\u0131n yeterli olup olmad\u0131\u011f\u0131n\u0131, hidrolik hatlarda hava olup olmad\u0131\u011f\u0131n\u0131 veya sistemdeki t\u0131kan\u0131kl\u0131klar\u0131 kontrol edin.<\/li>\n<li><strong>Al\u0131\u015f\u0131lmad\u0131k Sesler:<\/strong> G\u0131c\u0131rdama veya t\u0131k\u0131rt\u0131 sesleri, i\u00e7 hasar\u0131 veya yetersiz ya\u011flamay\u0131 g\u00f6sterebilir. Sesin kayna\u011f\u0131n\u0131 ara\u015ft\u0131r\u0131n ve mekanik sorunlar\u0131 derhal giderin.<\/li>\n<\/ul>\n<h2>Sorun Giderme \u0130pu\u00e7lar\u0131<\/h2>\n<p>Bom silindirindeki sorunlar\u0131 etkili bir \u015fekilde te\u015fhis etmek ve \u00e7\u00f6zmek i\u00e7in operat\u00f6rler sistematik bir yakla\u015f\u0131m izlemelidir. \u00d6ncelikle hidrolik sistemde s\u0131z\u0131nt\u0131 veya yanl\u0131\u015f ba\u011flant\u0131 olup olmad\u0131\u011f\u0131n\u0131 kontrol edin. Silindirin yeterince ya\u011fland\u0131\u011f\u0131ndan ve do\u011fru hidrolik s\u0131v\u0131n\u0131n kullan\u0131ld\u0131\u011f\u0131ndan emin olun. Conta kontrolleri ve de\u011fi\u015fimleri de dahil olmak \u00fczere d\u00fczenli bak\u0131m, bir\u00e7ok yayg\u0131n sorunu \u00f6nleyebilir. Operat\u00f6rler ayr\u0131ca, yanl\u0131\u015f kullan\u0131mdan kaynaklanan hasar riskini en aza indirmek i\u00e7in makinenin \u00e7al\u0131\u015fma y\u00f6nergelerine de a\u015fina olmal\u0131d\u0131r.<\/p>\n<p><img decoding=\"async\" src=\"https:\/\/www.hydraulic-cylinders.net\/wp-content\/uploads\/2025\/04\/songte-bushings-with-all-kinds-of-excavator-models.webp\" alt=\"Ekskavat\u00f6r Modelleri\"><\/p>\n<h2>\u015eirket Genel Bak\u0131\u015f\u0131<\/h2>\n<p>Hem yurt i\u00e7i hem de uluslararas\u0131 pazarlara hizmet veren kapsaml\u0131 bir \u00fcr\u00fcn yelpazesi sunan, hidrolik silindirlerin \u00f6nde gelen \u00fcreticisiyiz. M\u00fckemmelli\u011fe olan ba\u011fl\u0131l\u0131\u011f\u0131m\u0131z, kaliteli \u00fcretim at\u00f6lyelerimizde ve end\u00fcstriyel \u00fcretim y\u00f6netim stratejilerimizde kendini g\u00f6stermektedir. Teknolojik yeteneklere, \u00fcst d\u00fczey dijital \u00fcretim ekipmanlar\u0131na ve profesyonel test sistemlerine odaklanarak, \u00fcretim platformumuzu s\u00fcrekli olarak geli\u015ftiriyoruz. G\u00fc\u00e7l\u00fc yarat\u0131c\u0131 yeteneklerimiz, \u00e7e\u015fitli m\u00fc\u015fteri ihtiya\u00e7lar\u0131n\u0131 y\u00fcksek verimlilik, hassasiyet ve kaliteyle kar\u015f\u0131lamam\u0131z\u0131 sa\u011flamaktad\u0131r.<\/p>\n<p><img decoding=\"async\" src=\"https:\/\/www.hydraulic-cylinders.net\/wp-content\/uploads\/2025\/04\/songte-company-4.webp\" alt=\"\u015eirket \u0130maj\u0131\"><br \/>\n<img decoding=\"async\" src=\"https:\/\/www.hydraulic-cylinders.net\/wp-content\/uploads\/2025\/04\/songte-company-3.webp\" alt=\"\u015eirket \u0130maj\u0131\"><\/p>\n<p>Uzmanl\u0131\u011f\u0131m\u0131z, \u00f6zel uzmanl\u0131k alanlar\u0131, uluslararas\u0131 sertifikalar, \u00f6zelle\u015ftirilmi\u015f hizmetler, geli\u015fmi\u015f \u00fcretim ekipmanlar\u0131 ve kapsaml\u0131 sat\u0131\u015f sonras\u0131 destek dahil olmak \u00fczere \u00e7e\u015fitli alanlar\u0131 kapsamaktad\u0131r.<\/p>\n<p>Yazar: lyl<\/p>","protected":false},"excerpt":{"rendered":"<p>Boom Cylinder For Baoding WY80-6 Introduction to Boom Cylinder The Boom Cylinder, specifically designed for the Baoding WY80-6, is a vital component used in various heavy machinery. It plays a crucial role in hydraulic systems, facilitating the movement of equipment buckets in excavators, backhoe loaders, and front-end loaders. These cylinders enable the bucket to lift, [&hellip;]<\/p>","protected":false},"featured_media":17880,"comment_status":"open","ping_status":"closed","template":"","meta":{"_et_pb_use_builder":"","_et_pb_old_content":"","_et_gb_content_width":""},"product_brand":[],"product_cat":[1546],"product_tag":[1547,1496],"class_list":{"0":"post-19677","1":"product","2":"type-product","3":"status-publish","4":"has-post-thumbnail","6":"product_cat-boom-cylinders","7":"product_tag-boom-cylinders","8":"product_tag-hydraulic-cylinders","10":"first","11":"instock","12":"shipping-taxable","13":"product-type-simple"},"amp_enabled":true,"_links":{"self":[{"href":"https:\/\/www.hydraulic-cylinders.net\/tr\/wp-json\/wp\/v2\/product\/19677","targetHints":{"allow":["GET"]}}],"collection":[{"href":"https:\/\/www.hydraulic-cylinders.net\/tr\/wp-json\/wp\/v2\/product"}],"about":[{"href":"https:\/\/www.hydraulic-cylinders.net\/tr\/wp-json\/wp\/v2\/types\/product"}],"replies":[{"embeddable":true,"href":"https:\/\/www.hydraulic-cylinders.net\/tr\/wp-json\/wp\/v2\/comments?post=19677"}],"wp:featuredmedia":[{"embeddable":true,"href":"https:\/\/www.hydraulic-cylinders.net\/tr\/wp-json\/wp\/v2\/media\/17880"}],"wp:attachment":[{"href":"https:\/\/www.hydraulic-cylinders.net\/tr\/wp-json\/wp\/v2\/media?parent=19677"}],"wp:term":[{"taxonomy":"product_brand","embeddable":true,"href":"https:\/\/www.hydraulic-cylinders.net\/tr\/wp-json\/wp\/v2\/product_brand?post=19677"},{"taxonomy":"product_cat","embeddable":true,"href":"https:\/\/www.hydraulic-cylinders.net\/tr\/wp-json\/wp\/v2\/product_cat?post=19677"},{"taxonomy":"product_tag","embeddable":true,"href":"https:\/\/www.hydraulic-cylinders.net\/tr\/wp-json\/wp\/v2\/product_tag?post=19677"}],"curies":[{"name":"wp","href":"https:\/\/api.w.org\/{rel}","templated":true}]}}