{"id":19679,"date":"2025-04-07T07:01:20","date_gmt":"2025-04-07T07:01:20","guid":{"rendered":"https:\/\/www.hydraulic-cylinders.net\/product\/boom-cylinder-for-baoding-sc240sd-8\/"},"modified":"2025-04-07T07:01:22","modified_gmt":"2025-04-07T07:01:22","slug":"boom-cylinder-for-baoding-sc240sd-8","status":"publish","type":"product","link":"https:\/\/www.hydraulic-cylinders.net\/tr\/urun\/boom-cylinder-for-baoding-sc240sd-8\/","title":{"rendered":"Baoding SC240SD.8 i\u00e7in Bom Silindiri"},"content":{"rendered":"<h1>Baoding SC240SD.8 i\u00e7in Bom Silindiri<\/h1>\n<h2>Bom Silindirine Giri\u015f<\/h2>\n<p>Baoding SC240SD.8 modeli i\u00e7in \u00f6zel olarak tasarlanan Bom Silindiri, a\u011f\u0131r i\u015f makinelerinde kullan\u0131lan hidrolik sistemlerde \u00f6nemli bir bile\u015fendir. Bu hidrolik silindir, ekskavat\u00f6rler, kaz\u0131c\u0131 y\u00fckleyiciler ve \u00f6n y\u00fckleyiciler gibi \u00e7e\u015fitli ekipmanlardaki kep\u00e7elerin hareketini kontrol etmede \u00f6nemli bir rol oynar. Kep\u00e7enin kald\u0131rma, indirme ve yat\u0131rma i\u015flemlerini ger\u00e7ekle\u015ftirerek verimli malzeme ta\u015f\u0131ma g\u00f6revlerini kolayla\u015ft\u0131r\u0131r. Bom silindiri, bu eylemleri etkili bir \u015fekilde y\u00f6netmek ve operat\u00f6rlerin g\u00f6revlerini hassas ve g\u00fcvenilir bir \u015fekilde yerine getirmelerini sa\u011flamak i\u00e7in \u00f6zel olarak tasarlanm\u0131\u015f bir hidrolik silindir t\u00fcr\u00fcd\u00fcr.<\/p>\n<p><img decoding=\"async\" src=\"https:\/\/www.hydraulic-cylinders.net\/wp-content\/uploads\/2025\/04\/songte-company-1.webp\" alt=\"Bom Silindiri G\u00f6r\u00fcnt\u00fcs\u00fc\"><\/p>\n<h2>Bom Silindirinin \u00d6zellikleri<\/h2>\n<ul>\n<li><strong>Y\u00fcksek Dayan\u0131kl\u0131l\u0131k ve Dayan\u0131kl\u0131l\u0131k:<\/strong> Y\u00fcksek mukavemetli \u00e7elik veya al\u00fcminyumdan \u00fcretilen bu silindirler, y\u00fcksek bas\u0131nca ve a\u011f\u0131r y\u00fcklere dayanabilir ve bu sayede zorlu \u00e7al\u0131\u015fma ortamlar\u0131 i\u00e7in uygundur. Tasar\u0131mlar\u0131nda a\u015f\u0131nma ve korozyon direnci g\u00f6z \u00f6n\u00fcnde bulundurularak \u00f6m\u00fcrleri uzat\u0131lm\u0131\u015ft\u0131r.<\/li>\n<li><strong>Verimli Hidrolik \u00c7al\u0131\u015fma:<\/strong> Hidrolik ya\u011f bas\u0131nc\u0131n\u0131 kullanan bu silindirler, yumu\u015fak uzatma ve geri \u00e7ekme hareketleri ger\u00e7ekle\u015ftirir. Kontrol komutlar\u0131na h\u0131zl\u0131 tepki vererek, a\u011f\u0131r nesneleri ve karma\u015f\u0131k g\u00f6revleri idare etmek i\u00e7in g\u00fc\u00e7l\u00fc itme ve \u00e7ekme kuvvetleri sa\u011flar.<\/li>\n<li><strong>\u00c7e\u015fitli T\u00fcrler:<\/strong> Bom silindirleri, \u00e7e\u015fitli operasyonel ihtiya\u00e7lar\u0131 kar\u015f\u0131lamak i\u00e7in tek etkili (tek y\u00f6nde hidrolik bas\u0131n\u00e7 kullanan) ve \u00e7ift etkili (her iki y\u00f6nde hidrolik bas\u0131n\u00e7 kullanan) modellerde mevcuttur. Baz\u0131 modeller teleskopiktir ve d\u0131\u015f boyutlar\u0131 art\u0131rmadan daha fazla uzatma sa\u011flar; bu da s\u0131n\u0131rl\u0131 alana sahip uygulamalar i\u00e7in idealdir.<\/li>\n<li><strong>\u00d6zel \u00dcretim:<\/strong> Firmam\u0131z bu bom silindirlerini \u00fcretme konusunda uzmanla\u015fm\u0131\u015f olup, bunlar\u0131n mevcut hidrolik silindirlerin yerini y\u00fcksek uyumluluk ve performansla m\u00fckemmel bir \u015fekilde almas\u0131n\u0131 sa\u011flamaktad\u0131r.<\/li>\n<\/ul>\n<p><img decoding=\"async\" src=\"https:\/\/www.hydraulic-cylinders.net\/wp-content\/uploads\/2025\/04\/songte-cylinder-head-with-all-kinds-excavator-models.webp\" alt=\"\u00d6zel \u00dcretim G\u00f6rseli\"><\/p>\n<h2>Bom Silindirlerinin Uygulamalar\u0131<\/h2>\n<h3>\u0130n\u015faat Ekipmanlar\u0131<\/h3>\n<p>Ekskavat\u00f6rler gibi in\u015faat makinelerinde bom silindirleri, kazma, y\u00fckleme ve toprak veya moloz ta\u015f\u0131ma i\u00e7in hayati \u00f6nem ta\u015f\u0131r. Kazma kep\u00e7esinin zemine etkili bir \u015fekilde n\u00fcfuz etmesini sa\u011flayarak operat\u00f6rlerin malzemeyi verimli bir \u015fekilde kazmas\u0131na olanak tan\u0131r. Ayr\u0131ca, beko-loderlerde bom silindirleri hem kazma hem de kald\u0131rma i\u015flemlerine yard\u0131mc\u0131 olarak, \u015fantiyelerde vazge\u00e7ilmez ara\u00e7lard\u0131r.<\/p>\n<h3>Tar\u0131m Makinalar\u0131<\/h3>\n<p>Tar\u0131msal uygulamalarda bom silindirleri, \u00f6n y\u00fckleyicilerde toprak, saman ve di\u011fer malzemeleri toplamak, kald\u0131rmak ve ta\u015f\u0131mak i\u00e7in yayg\u0131n olarak kullan\u0131l\u0131r. \u00c7ift\u00e7ilerin g\u00f6revlerini verimli bir \u015fekilde y\u00f6netmelerine yard\u0131mc\u0131 olarak \u00fcretkenli\u011fi art\u0131r\u0131r ve i\u015f\u00e7ilik s\u00fcresini k\u0131salt\u0131r. Bu silindirlerin uzatma ve geri \u00e7ekme kabiliyetleri, tar\u0131m ekipmanlar\u0131n\u0131n \u00e7ok y\u00f6nl\u00fcl\u00fc\u011f\u00fcn\u00fc art\u0131r\u0131r.<\/p>\n<h3>Ekskavat\u00f6rler<\/h3>\n<p>Ekskavat\u00f6rlerdeki bom silindirleri, kep\u00e7enin topra\u011fa n\u00fcfuz etmesini sa\u011flayarak kazma hareketini kolayla\u015ft\u0131r\u0131r. Bu, ister in\u015faat ister peyzaj olsun, \u00e7e\u015fitli toprak i\u015fleri i\u00e7in \u00e7ok \u00f6nemlidir. Y\u00fcksek stres alt\u0131nda \u00e7al\u0131\u015fabilme yetenekleri, ekskavat\u00f6rlerin verimli bir \u015fekilde \u00e7al\u0131\u015fmas\u0131n\u0131 ve \u015fantiyedeki \u00fcretkenli\u011fi en \u00fcst d\u00fczeye \u00e7\u0131karmas\u0131n\u0131 sa\u011flar.<\/p>\n<h3>Y\u00fckleyiciler<\/h3>\n<p>\u00d6n y\u00fckleyicilerde bom silindirleri, malzemelerin verimli bir \u015fekilde kald\u0131r\u0131lmas\u0131nda ve bo\u015falt\u0131lmas\u0131nda \u00f6nemli bir rol oynar. Operat\u00f6rlerin y\u00fckleyici kollar\u0131n\u0131 kald\u0131rmas\u0131na ve kovay\u0131 e\u011ferek malzemeleri h\u0131zl\u0131 bir \u015fekilde bo\u015faltmas\u0131na olanak tan\u0131r. Bu i\u015flevsellik, in\u015faat, peyzaj ve malzeme ta\u015f\u0131ma sekt\u00f6rlerindeki operasyonlar i\u00e7in olmazsa olmazd\u0131r.<\/p>\n<h2>Tasar\u0131m Hususlar\u0131 ve Se\u00e7im Kriterleri<\/h2>\n<h3>Y\u00fck Kapasitesi<\/h3>\n<p>Bir bom silindirinin y\u00fck kapasitesi kritik bir tasar\u0131m unsurudur. Ta\u015f\u0131nan malzemelerin maksimum a\u011f\u0131rl\u0131\u011f\u0131n\u0131 kald\u0131racak \u015fekilde tasarlanmal\u0131d\u0131r. \u0130yi tasarlanm\u0131\u015f bir silindir, a\u011f\u0131r y\u00fckler alt\u0131nda ar\u0131zalar\u0131 \u00f6nlemek i\u00e7in g\u00fcvenlik fakt\u00f6rlerini b\u00fcnyesinde bar\u0131nd\u0131rarak zorlu ortamlarda g\u00fcvenilir bir \u00e7al\u0131\u015fma sa\u011flar. A\u011f\u0131rl\u0131k s\u0131n\u0131r\u0131n\u0131 ve uygulamay\u0131 anlamak, kullan\u0131c\u0131lar\u0131n do\u011fru silindiri se\u00e7mesine yard\u0131mc\u0131 olacakt\u0131r.<\/p>\n<h3>S\u0131zd\u0131rmazl\u0131k<\/h3>\n<p>Hidrolik silindirlerde s\u0131z\u0131nt\u0131y\u0131 \u00f6nlemek ve bas\u0131nc\u0131 korumak i\u00e7in etkili s\u0131zd\u0131rmazl\u0131k olmazsa olmazd\u0131r. Contalar\u0131n kalitesi, silindirin performans\u0131n\u0131 ve \u00f6mr\u00fcn\u00fc etkiler. Poli\u00fcretan veya nitril kau\u00e7uk gibi y\u00fcksek kaliteli s\u0131zd\u0131rmazl\u0131k malzemelerinin kullan\u0131lmas\u0131, dayan\u0131kl\u0131l\u0131\u011f\u0131 ve a\u015f\u0131nma direncini art\u0131rarak uzun vadede optimum i\u015flevsellik sa\u011flar.<\/p>\n<h3>Dayan\u0131kl\u0131l\u0131k<\/h3>\n<p>Bir bom silindirinin dayan\u0131kl\u0131l\u0131\u011f\u0131, \u00f6zellikle zorlu \u00e7al\u0131\u015fma ko\u015fullar\u0131nda son derece \u00f6nemlidir. A\u015f\u0131nma direnci, korozyon direnci ve genel yap\u0131sal b\u00fct\u00fcnl\u00fck gibi fakt\u00f6rler hayati \u00f6nem ta\u015f\u0131r. \u00dcreticiler, silindirlerin \u00f6mr\u00fcn\u00fc uzatmak ve onlar\u0131 \u00e7e\u015fitli uygulamalara uygun hale getirmek i\u00e7in sa\u011flam malzemeler kullanmaya ve geli\u015fmi\u015f y\u00fczey i\u015flemleri uygulamaya odaklan\u0131r.<\/p>\n<h3>Emniyet<\/h3>\n<p>Hidrolik silindir tasar\u0131m\u0131nda g\u00fcvenlik \u00f6zellikleri kritik \u00f6neme sahiptir. Bas\u0131n\u00e7 tahliye valfleri ve sa\u011flam montaj sistemlerinin entegre edilmesi, kazalar\u0131 \u00f6nlemeye yard\u0131mc\u0131 olur ve g\u00fcvenli \u00e7al\u0131\u015fmay\u0131 garanti eder. Operat\u00f6rler, hidrolik sistemlerle ili\u015fkili riskleri azaltmak ve g\u00fcvenli bir \u00e7al\u0131\u015fma ortam\u0131 sa\u011flamak i\u00e7in t\u00fcm g\u00fcvenlik \u00f6nlemlerinin al\u0131nd\u0131\u011f\u0131ndan emin olmal\u0131d\u0131r.<\/p>\n<h3>Bak\u0131m<\/h3>\n<p>Bir bom silindiri se\u00e7erken bak\u0131m hususlar\u0131 \u00f6ncelikli olmal\u0131d\u0131r. Kolay s\u00f6kme, inceleme ve onar\u0131m olana\u011f\u0131 sa\u011flayan \u00f6zellikler, ar\u0131za s\u00fcresini ve bak\u0131m maliyetlerini \u00f6nemli \u00f6l\u00e7\u00fcde azaltabilir. D\u00fczenli bak\u0131m, hidrolik sistemin verimli \u00e7al\u0131\u015fmas\u0131n\u0131 sa\u011flayarak silindirin \u00f6mr\u00fcn\u00fc uzat\u0131r.<\/p>\n<p><img decoding=\"async\" src=\"https:\/\/www.hydraulic-cylinders.net\/wp-content\/uploads\/2025\/04\/songte-oil-pipes-and-spare-parts.webp\" alt=\"Bak\u0131m G\u00f6r\u00fcnt\u00fcs\u00fc\"><\/p>\n<h2>S\u0131zd\u0131rmazl\u0131k ve Ya\u011flama<\/h2>\n<p>Etkili s\u0131zd\u0131rmazl\u0131k ve ya\u011flama uygulamalar\u0131n\u0131n uygulanmas\u0131, bom silindirlerinin performans\u0131 i\u00e7in hayati \u00f6nem ta\u015f\u0131r. Optimum \u00e7al\u0131\u015fma sa\u011flamak i\u00e7in piston ke\u00e7eleri ve piston kolu ke\u00e7eleri gibi \u00e7e\u015fitli s\u0131zd\u0131rmazl\u0131k bile\u015fenleri kullan\u0131l\u0131r. Poli\u00fcretan veya nitril kau\u00e7uk gibi a\u015f\u0131nmaya dayan\u0131kl\u0131 malzemelerden \u00fcretilen ke\u00e7eler dayan\u0131kl\u0131l\u0131k sa\u011flarken, silindir g\u00f6vdesi ve di\u015fli u\u00e7 y\u00fczeyleri a\u015f\u0131nma direncini art\u0131rmak i\u00e7in hassas bir \u015fekilde i\u015flenmi\u015ftir. Ayr\u0131ca, d\u00fczg\u00fcn \u00e7al\u0131\u015fma sa\u011flamak ve silindir i\u00e7indeki s\u00fcrt\u00fcnmeyi en aza indirmek i\u00e7in d\u00fczenli olarak uygun hidrolik ya\u011f eklemek de \u00f6nemlidir.<\/p>\n<h2>\u00d6nleyici Bak\u0131m \u00d6nlemleri<\/h2>\n<ul>\n<li><strong>D\u00fczenli Denetimler:<\/strong> Herhangi bir a\u015f\u0131nma veya s\u0131z\u0131nt\u0131 belirtisini erken tespit etmek i\u00e7in t\u00fcm hidrolik ba\u011flant\u0131 ve contalar\u0131 kapsaml\u0131 bir \u015fekilde kontrol edin. D\u00fczenli kontroller, optimum performans\u0131n korunmas\u0131na ve beklenmedik ar\u0131zalar\u0131n \u00f6nlenmesine yard\u0131mc\u0131 olur.<\/li>\n<li><strong>Ya\u011flama:<\/strong> A\u015f\u0131nma ve y\u0131pranmay\u0131 \u00f6nlemek ve sorunsuz \u00e7al\u0131\u015fmay\u0131 sa\u011flamak i\u00e7in hidrolik ya\u011f seviyelerinin korundu\u011fundan ve ya\u011flaman\u0131n \u00fcretici spesifikasyonlar\u0131na g\u00f6re yap\u0131ld\u0131\u011f\u0131ndan emin olun.<\/li>\n<li><strong>Conta De\u011fi\u015fimi:<\/strong> Contalar\u0131 hasar veya a\u015f\u0131nma belirtileri a\u00e7\u0131s\u0131ndan d\u00fczenli olarak kontrol edin. Contalar\u0131 proaktif olarak de\u011fi\u015ftirmek, s\u0131z\u0131nt\u0131lar\u0131 \u00f6nleyebilir ve hidrolik bas\u0131nc\u0131 etkili bir \u015fekilde koruyabilir.<\/li>\n<\/ul>\n<h2>Kurulum Talimatlar\u0131<\/h2>\n<p>Optimum performans i\u00e7in bom silindirinin do\u011fru montaj\u0131 \u015fartt\u0131r. T\u00fcm montaj noktalar\u0131n\u0131n temiz ve kal\u0131nt\u0131lardan ar\u0131nd\u0131r\u0131lm\u0131\u015f oldu\u011fundan emin olarak ba\u015flay\u0131n. Silindiri makinenin montaj braketleriyle do\u011fru bir \u015fekilde hizalay\u0131n ve yerine sabitlemek i\u00e7in uygun montaj braketleri kullan\u0131n. Tork ayarlar\u0131 ve hizalama i\u00e7in \u00fcreticinin talimatlar\u0131na uymak \u00e7ok \u00f6nemlidir. Montajdan sonra, hidrolik ba\u011flant\u0131larda s\u0131z\u0131nt\u0131 olup olmad\u0131\u011f\u0131n\u0131 kontrol edin ve her \u015feyin sorunsuz \u00e7al\u0131\u015ft\u0131\u011f\u0131ndan emin olmak i\u00e7in bir test \u00e7al\u0131\u015fmas\u0131 yap\u0131n. Do\u011fru hizalama ve i\u015flevselli\u011fini zaman i\u00e7inde korumak i\u00e7in montaj\u0131 d\u00fczenli olarak inceleyin.<\/p>\n<h2>Yayg\u0131n Bak\u0131m G\u00f6revleri<\/h2>\n<ul>\n<li><strong>D\u00fczenli Denetimler:<\/strong> Silindirin d\u00fczenli olarak kontrol edilmesi, olas\u0131 sorunlar\u0131n erkenden belirlenmesine ve silindirin en y\u00fcksek performansta \u00e7al\u0131\u015fmas\u0131n\u0131n sa\u011flanmas\u0131na yard\u0131mc\u0131 olur.<\/li>\n<li><strong>Uygun Ya\u011flama:<\/strong> Silindirin d\u00fczg\u00fcn \u00e7al\u0131\u015fmas\u0131 i\u00e7in yeterli ya\u011flama \u015fartt\u0131r. Do\u011fru tip ve miktarda hidrolik ya\u011f kullan\u0131ld\u0131\u011f\u0131ndan emin olun ve ya\u011f seviyelerini d\u00fczenli olarak izleyin.<\/li>\n<li><strong>Conta De\u011fi\u015fimi:<\/strong> Zamanla contalar a\u015f\u0131nabilir ve s\u0131z\u0131nt\u0131lar\u0131 \u00f6nlemek ve bas\u0131nc\u0131 korumak i\u00e7in de\u011fi\u015ftirilmeleri gerekebilir. Contalar\u0131n durumunu d\u00fczenli olarak de\u011ferlendirin ve gerekti\u011finde de\u011fi\u015ftirin.<\/li>\n<\/ul>\n<p>Do\u011fru montaj, ya\u011flama ve ayarlama, bom silindirinin uzun \u00f6m\u00fcrl\u00fcl\u00fc\u011f\u00fc ve verimlili\u011fi i\u00e7in kritik \u00f6neme sahiptir. Montaj s\u0131ras\u0131nda silindiri do\u011fru \u015fekilde hizalay\u0131n ve uygun montaj destekleri kullan\u0131n. Muayene, onar\u0131m ve de\u011fi\u015ftirme i\u00e7in \u00f6nerilen prosed\u00fcrler izlenmeli ve a\u015f\u0131nm\u0131\u015f veya hasarl\u0131 bile\u015fenlerin derhal onar\u0131lmas\u0131 sa\u011flanmal\u0131d\u0131r. D\u00fczenli bak\u0131m uygulamalar\u0131, hidrolik silindirin \u00f6mr\u00fcn\u00fc uzat\u0131r.<\/p>\n<p><img decoding=\"async\" src=\"https:\/\/www.hydraulic-cylinders.net\/wp-content\/uploads\/2025\/04\/songte-chushion-collar.webp\" alt=\"Kurulum G\u00f6r\u00fcnt\u00fcs\u00fc\"><\/p>\n<h2>G\u00fcvenlik Hususlar\u0131 ve \u00c7evresel Fakt\u00f6rler<\/h2>\n<p>Bom silindirleri kullan\u0131l\u0131rken g\u00fcvenlik \u00f6nlemlerinin uygulanmas\u0131 \u00e7ok \u00f6nemlidir. Operat\u00f6rler, hidrolik sistemlerle ili\u015fkili riskleri azaltmak i\u00e7in yerle\u015fik g\u00fcvenlik protokollerine uymal\u0131d\u0131r. T\u00fcm kullan\u0131c\u0131lar i\u00e7in uygun e\u011fitim, d\u00fczenli ekipman kontrolleri ve t\u00fcm bile\u015fenlerin do\u011fru \u015fekilde \u00e7al\u0131\u015ft\u0131\u011f\u0131ndan emin olmak, g\u00fcvenli bir \u00e7al\u0131\u015fma ortam\u0131na katk\u0131da bulunur. Ayr\u0131ca, \u00e7evresel etkiyi en aza indirmek i\u00e7in hidrolik s\u0131v\u0131lar\u0131n ve malzemelerin uygun \u015fekilde bertaraf edilmesi gibi \u00e7evresel fakt\u00f6rler de dikkate al\u0131nmal\u0131d\u0131r.<\/p>\n<h2>Sorun Giderme ve Yayg\u0131n Sorunlar<\/h2>\n<ul>\n<li><strong>S\u0131z\u0131nt\u0131:<\/strong> S\u0131z\u0131nt\u0131, a\u015f\u0131nm\u0131\u015f contalar veya yanl\u0131\u015f montaj nedeniyle meydana gelebilir. D\u00fczenli kontroller, olas\u0131 sorunlar\u0131n erken tespit edilmesine yard\u0131mc\u0131 olabilir.<\/li>\n<li><strong>Yava\u015f \u00c7al\u0131\u015fma:<\/strong> Bom silindiri yava\u015f \u00e7al\u0131\u015f\u0131yorsa, bu durum d\u00fc\u015f\u00fck hidrolik s\u0131v\u0131 seviyelerine veya hidrolik pompas\u0131nda sorunlara i\u015faret ediyor olabilir. S\u0131v\u0131 seviyelerini kontrol edin ve pompan\u0131n i\u015flevselli\u011fini inceleyin.<\/li>\n<li><strong>G\u00fcr\u00fclt\u00fc:<\/strong> \u00c7al\u0131\u015fma s\u0131ras\u0131nda duyulan ola\u011fand\u0131\u015f\u0131 sesler genellikle sorunlara i\u015faret eder. G\u00fcr\u00fclt\u00fc, ya\u011flama eksikli\u011finin veya acil m\u00fcdahale gerektiren mekanik bir ar\u0131zan\u0131n g\u00f6stergesi olabilir.<\/li>\n<\/ul>\n<h2>Problem \u00c7\u00f6zme \u0130pu\u00e7lar\u0131<\/h2>\n<p>Bom silindirlerindeki sorunlar\u0131 etkili bir \u015fekilde te\u015fhis etmek ve \u00e7\u00f6zmek i\u00e7in operat\u00f6rler belirli sorun giderme ad\u0131mlar\u0131n\u0131 izlemelidir. \u0130lk olarak, s\u0131z\u0131nt\u0131lar\u0131 kontrol edin ve t\u00fcm contalar\u0131 ve ba\u011flant\u0131lar\u0131 kontrol edin. Ard\u0131ndan, hidrolik s\u0131v\u0131 seviyelerinin yeterli oldu\u011fundan ve hidrolik pompan\u0131n d\u00fczg\u00fcn \u00e7al\u0131\u015ft\u0131\u011f\u0131ndan emin olun. Ola\u011fand\u0131\u015f\u0131 sesler durumunda, ciddi mekanik sorunlara i\u015faret edebilece\u011finden, derhal kontrol gereklidir. Zaman\u0131nda ya\u011flama ve conta de\u011fi\u015fimi de dahil olmak \u00fczere d\u00fczenli bak\u0131m uygulamalar\u0131, olas\u0131 sorunlar\u0131n olas\u0131l\u0131\u011f\u0131n\u0131 \u00f6nemli \u00f6l\u00e7\u00fcde azaltabilir.<\/p>\n<p><img decoding=\"async\" src=\"https:\/\/www.hydraulic-cylinders.net\/wp-content\/uploads\/2025\/04\/songte-bushings-with-all-kinds-of-excavator-models.webp\" alt=\"Sorun Giderme G\u00f6r\u00fcnt\u00fcs\u00fc\"><\/p>\n<h2>\u015eirketimiz Hakk\u0131nda<\/h2>\n<p>Yurt i\u00e7i ve yurt d\u0131\u015f\u0131 pazarlara kapsaml\u0131 bir \u00fcr\u00fcn yelpazesi sunan lider bir alternatif hidrolik silindir \u00fcreticisiyiz. M\u00fckemmellik taahh\u00fcd\u00fcm\u00fcz, rafine bir \u00fcretim y\u00f6netimi stratejisiyle desteklenen y\u00fcksek kalite standartlar\u0131n\u0131 korumam\u0131z\u0131 sa\u011fl\u0131yor. \u0130leri teknoloji, dijital ve ileri teknoloji \u00fcretim ekipmanlar\u0131 ve profesyonel bir test sisteminden yararlanarak \u00fcretim kapasitemizi s\u00fcrekli geli\u015ftiriyoruz. G\u00fc\u00e7l\u00fc inovasyon kapasitemiz, \u00e7e\u015fitli m\u00fc\u015fteri ihtiya\u00e7lar\u0131n\u0131 verimlilik, hassasiyet ve kaliteyle kar\u015f\u0131lamam\u0131z\u0131 sa\u011fl\u0131yor.<\/p>\n<p>Profesyonelli\u011fe, uluslararas\u0131 sertifikalara ve m\u00fc\u015fteri ihtiya\u00e7lar\u0131na g\u00f6re uyarlanm\u0131\u015f \u00f6zel hizmetlere odaklan\u0131yoruz. Son teknoloji \u00fcretim ekipmanlar\u0131m\u0131z ve ola\u011fan\u00fcst\u00fc sat\u0131\u015f sonras\u0131 hizmetimiz, m\u00fc\u015fteri memnuniyetini garanti alt\u0131na al\u0131yor ve uzun vadeli ortakl\u0131klar kuruyor.<\/p>\n<p><img decoding=\"async\" src=\"https:\/\/www.hydraulic-cylinders.net\/wp-content\/uploads\/2025\/04\/songte-company-4.webp\" alt=\"\u015eirket \u0130maj\u0131\"><br \/>\n<img decoding=\"async\" src=\"https:\/\/www.hydraulic-cylinders.net\/wp-content\/uploads\/2025\/04\/songte-company-3.webp\" alt=\"\u015eirket Ekipman G\u00f6r\u00fcnt\u00fcs\u00fc\"><\/p>\n<p>Yazar: lyl<\/p>","protected":false},"excerpt":{"rendered":"<p>Boom Cylinder For Baoding SC240SD.8 Introduction to Boom Cylinder The Boom Cylinder, particularly designed for the Baoding SC240SD.8 model, is an essential component in hydraulic systems used in heavy machinery. This hydraulic cylinder plays a crucial role in controlling the movement of buckets in various equipment such as excavators, backhoe loaders, and front loaders. It [&hellip;]<\/p>","protected":false},"featured_media":17867,"comment_status":"open","ping_status":"closed","template":"","meta":{"_et_pb_use_builder":"","_et_pb_old_content":"","_et_gb_content_width":""},"product_brand":[],"product_cat":[1546],"product_tag":[1547,1496],"class_list":{"0":"post-19679","1":"product","2":"type-product","3":"status-publish","4":"has-post-thumbnail","6":"product_cat-boom-cylinders","7":"product_tag-boom-cylinders","8":"product_tag-hydraulic-cylinders","10":"first","11":"instock","12":"shipping-taxable","13":"product-type-simple"},"amp_enabled":true,"_links":{"self":[{"href":"https:\/\/www.hydraulic-cylinders.net\/tr\/wp-json\/wp\/v2\/product\/19679","targetHints":{"allow":["GET"]}}],"collection":[{"href":"https:\/\/www.hydraulic-cylinders.net\/tr\/wp-json\/wp\/v2\/product"}],"about":[{"href":"https:\/\/www.hydraulic-cylinders.net\/tr\/wp-json\/wp\/v2\/types\/product"}],"replies":[{"embeddable":true,"href":"https:\/\/www.hydraulic-cylinders.net\/tr\/wp-json\/wp\/v2\/comments?post=19679"}],"wp:featuredmedia":[{"embeddable":true,"href":"https:\/\/www.hydraulic-cylinders.net\/tr\/wp-json\/wp\/v2\/media\/17867"}],"wp:attachment":[{"href":"https:\/\/www.hydraulic-cylinders.net\/tr\/wp-json\/wp\/v2\/media?parent=19679"}],"wp:term":[{"taxonomy":"product_brand","embeddable":true,"href":"https:\/\/www.hydraulic-cylinders.net\/tr\/wp-json\/wp\/v2\/product_brand?post=19679"},{"taxonomy":"product_cat","embeddable":true,"href":"https:\/\/www.hydraulic-cylinders.net\/tr\/wp-json\/wp\/v2\/product_cat?post=19679"},{"taxonomy":"product_tag","embeddable":true,"href":"https:\/\/www.hydraulic-cylinders.net\/tr\/wp-json\/wp\/v2\/product_tag?post=19679"}],"curies":[{"name":"wp","href":"https:\/\/api.w.org\/{rel}","templated":true}]}}