{"id":19682,"date":"2025-04-07T07:01:29","date_gmt":"2025-04-07T07:01:29","guid":{"rendered":"https:\/\/www.hydraulic-cylinders.net\/product\/boom-cylinder-for-baoding-wy75-7\/"},"modified":"2025-04-07T07:01:32","modified_gmt":"2025-04-07T07:01:32","slug":"boom-cylinder-for-baoding-wy75-7","status":"publish","type":"product","link":"https:\/\/www.hydraulic-cylinders.net\/tr\/urun\/boom-cylinder-for-baoding-wy75-7\/","title":{"rendered":"Baoding WY75-7 i\u00e7in Bom Silindiri"},"content":{"rendered":"<h1>Baoding WY75-7 i\u00e7in Bom Silindiri<\/h1>\n<h2>\u00dcr\u00fcn Genel Bak\u0131\u015f\u0131<\/h2>\n<p>Baoding WY75-7 i\u00e7in tasarlanm\u0131\u015f bu hidrolik silindir, ekskavat\u00f6rler, beko kep\u00e7eler ve \u00f6n y\u00fckleyiciler gibi \u00e7e\u015fitli a\u011f\u0131r makinelerin kep\u00e7elerinin hareketini kontrol etmek i\u00e7in \u00f6zel olarak \u00fcretilmi\u015ftir. Bu hidrolik silindir, kep\u00e7enin kald\u0131r\u0131lmas\u0131n\u0131, indirilmesini ve e\u011filmesini kolayla\u015ft\u0131rarak verimli malzeme ta\u015f\u0131ma i\u015flemlerini m\u00fcmk\u00fcn k\u0131lar.<\/p>\n<p><img decoding=\"async\" src=\"https:\/\/www.hydraulic-cylinders.net\/wp-content\/uploads\/2025\/04\/songte-company-1.webp\" alt=\"Bom Silindiri\"><\/p>\n<h3>Kova Silindirlerini Anlamak<\/h3>\n<p>Kova silindirleri, in\u015faat ve tar\u0131m makinelerinde kritik g\u00f6revleri yerine getirmek i\u00e7in gerekli kuvveti sa\u011flayan hidrolik sistemlerin ayr\u0131lmaz bile\u015fenleridir. Bu silindirler, hareket olu\u015fturmak i\u00e7in hidrolik s\u0131v\u0131 kullan\u0131r ve operat\u00f6rlerin \u00e7ok \u00e7e\u015fitli g\u00f6revleri verimli bir \u015fekilde yerine getirmelerini sa\u011flar. Bu silindirlerin tasar\u0131m\u0131, performanslar\u0131 i\u00e7in \u00e7ok \u00f6nemlidir ve zorlu uygulamalar i\u00e7in g\u00fcvenilir olmalar\u0131n\u0131 sa\u011flar.<\/p>\n<h2>Bom Silindirinin Temel \u00d6zellikleri<\/h2>\n<ul>\n<li><strong>Y\u00fcksek Dayan\u0131kl\u0131l\u0131k ve Dayan\u0131kl\u0131l\u0131k:<\/strong> Y\u00fcksek mukavemetli \u00e7elik veya al\u00fcminyumdan \u00fcretilen bu silindirler, y\u00fcksek bas\u0131nca ve a\u011f\u0131r y\u00fcklere dayanabilir, bu da onlar\u0131 zorlu \u00e7al\u0131\u015fma ortamlar\u0131 i\u00e7in uygun hale getirir.<\/li>\n<li><strong>Verimli Hidrolik \u00c7al\u0131\u015fma:<\/strong> Hidrolik ya\u011f bas\u0131nc\u0131n\u0131 kullanarak sorunsuz bir \u015fekilde uzama ve geri \u00e7ekilme sa\u011flayan bu sistemler, kontrol komutlar\u0131na h\u0131zl\u0131 yan\u0131t verir ve a\u011f\u0131r nesnelerin ta\u015f\u0131nmas\u0131 i\u00e7in ideal olan g\u00fc\u00e7l\u00fc itme ve \u00e7ekme kuvvetleri sunar.<\/li>\n<li><strong>\u00c7e\u015fitli T\u00fcrler:<\/strong> Tek y\u00f6nl\u00fc (tek y\u00f6nde \u00e7al\u0131\u015fan) veya \u00e7ift y\u00f6nl\u00fc (iki y\u00f6nde \u00e7al\u0131\u015fan) konfig\u00fcrasyonlarda bulunan bu cihazlar, \u00e7e\u015fitli operasyonel gereksinimleri kar\u015f\u0131layabilir; baz\u0131 modellerde ise dar alanlarda daha uzun eri\u015fim i\u00e7in teleskopik tasar\u0131mlar bulunur.<\/li>\n<li><strong>Optimize Edilmi\u015f S\u0131zd\u0131rmazl\u0131k Sistemi:<\/strong> S\u0131z\u0131nt\u0131lar\u0131 \u00f6nlemek ve zaman i\u00e7inde optimum performans sa\u011flamak i\u00e7in geli\u015fmi\u015f s\u0131zd\u0131rmazl\u0131k teknolojileriyle tasarlanm\u0131\u015ft\u0131r.<\/li>\n<li><strong>\u00d6zelle\u015ftirme Se\u00e7enekleri:<\/strong> \u00dcr\u00fcnlerimiz, mevcut hidrolik silindirlerin yerini m\u00fckemmel bir \u015fekilde alarak, makinelerin \u00f6zel ihtiya\u00e7lar\u0131na y\u00f6nelik \u00f6zel \u00e7\u00f6z\u00fcmler sunmaktad\u0131r.<\/li>\n<\/ul>\n<p><img decoding=\"async\" src=\"https:\/\/www.hydraulic-cylinders.net\/wp-content\/uploads\/2025\/04\/songte-cylinder-head-with-all-kinds-excavator-models.webp\" alt=\"Bom Silindir Modelleri\"><\/p>\n<h2>Bom Silindirinin Uygulamalar\u0131<\/h2>\n<h3>\u0130n\u015faat Ekipmanlar\u0131<\/h3>\n<p>Ekskavat\u00f6rlerde, bom silindirleri topra\u011f\u0131 veya molozu kazma, y\u00fckleme ve ta\u015f\u0131ma i\u015flemlerinde kritik bir rol oynar. Optimum kazma derinli\u011fi i\u00e7in kep\u00e7eyi kald\u0131rmak i\u00e7in gerekli g\u00fcc\u00fc sa\u011flarlar ve verimli malzeme ta\u015f\u0131mac\u0131l\u0131\u011f\u0131n\u0131 kolayla\u015ft\u0131r\u0131rlar. Kaz\u0131c\u0131 y\u00fckleyicilerde ise kep\u00e7e silindiri hem kazma hem de kald\u0131rma i\u015flerine yard\u0131mc\u0131 olarak \u015fantiyelerde genel verimlili\u011fi art\u0131r\u0131r.<\/p>\n<h3>Tar\u0131m Makinalar\u0131<\/h3>\n<p>\u00d6n y\u00fckleyicilerde, bom silindiri toprak, saman ve \u00e7e\u015fitli malzemelerin kep\u00e7elenmesi, kald\u0131r\u0131lmas\u0131 ve ta\u015f\u0131nmas\u0131nda hayati \u00f6neme sahiptir. Hidrolik hareket, hassas kontrol sa\u011flayarak a\u011f\u0131r y\u00fcklerin y\u00f6netilmesini ve g\u00f6revlerin do\u011fru bir \u015fekilde yerine getirilmesini kolayla\u015ft\u0131r\u0131r, b\u00f6ylece \u00e7al\u0131\u015fma s\u00fcresini ve i\u015f\u00e7ilik maliyetlerini azalt\u0131r.<\/p>\n<h3>Kaz\u0131 \u0130\u015flemleri<\/h3>\n<p>Bom silindiri, ekskavat\u00f6rlerin zemine etkili bir \u015fekilde n\u00fcfuz etmesini sa\u011flar. Kep\u00e7enin topra\u011fa girmesine izin vererek, makinenin toprak ve molozlar\u0131 h\u0131zl\u0131 bir \u015fekilde kald\u0131rma kapasitesini en \u00fcst d\u00fczeye \u00e7\u0131kar\u0131r ve bu da onu kaz\u0131 i\u015fleri i\u00e7in temel bir bile\u015fen haline getirir.<\/p>\n<h3>Y\u00fckleyici Fonksiyonlar\u0131<\/h3>\n<p>\u00d6n y\u00fckleyicilerde, bom silindirleri y\u00fcklerin etkili bir \u015fekilde kald\u0131r\u0131lmas\u0131na ve bo\u015falt\u0131lmas\u0131na yard\u0131mc\u0131 olur. Hidrolik sistemleri, operat\u00f6rlerin malzeme ta\u015f\u0131ma, moloz temizleme ve kamyon y\u00fckleme gibi g\u00f6revleri minimum \u00e7abayla ger\u00e7ekle\u015ftirmelerini sa\u011flayarak \u015fantiye verimlili\u011fini art\u0131r\u0131r.<\/p>\n<h2>Tasar\u0131m Hususlar\u0131 ve Se\u00e7im Kriterleri<\/h2>\n<h3>Y\u00fck Kapasitesi<\/h3>\n<p>Bom silindiri se\u00e7erken dikkate al\u0131nmas\u0131 gereken en \u00f6nemli fakt\u00f6rlerden biri y\u00fck ta\u015f\u0131ma kapasitesidir. Silindir, ar\u0131za riski olmadan beklenen y\u00fckleri kald\u0131rabilmelidir. M\u00fchendisler, g\u00fcvenilirlik ve performans sa\u011flamak i\u00e7in genellikle silindirin uygulamas\u0131 gereken maksimum kuvveti, y\u00fck a\u011f\u0131rl\u0131\u011f\u0131n\u0131 ve olumsuz \u00e7al\u0131\u015fma ko\u015fullar\u0131n\u0131 hesaba katarak de\u011ferlendirirler.<\/p>\n<h3>S\u0131zd\u0131rmazl\u0131k Performans\u0131<\/h3>\n<p>Hidrolik silindirin s\u0131zd\u0131rmazl\u0131k sistemi, \u00e7al\u0131\u015fmas\u0131 i\u00e7in hayati \u00f6neme sahiptir. Contalar, y\u00fcksek bas\u0131n\u00e7lara ve de\u011fi\u015fen s\u0131cakl\u0131klara dayan\u0131rken s\u0131v\u0131 s\u0131z\u0131nt\u0131lar\u0131n\u0131 etkili bir \u015fekilde \u00f6nlemelidir. Poli\u00fcretan veya nitril kau\u00e7uk gibi do\u011fru malzemelerin se\u00e7ilmesi, dayan\u0131kl\u0131l\u0131\u011f\u0131 ve optimum s\u0131zd\u0131rmazl\u0131k performans\u0131n\u0131 sa\u011flayarak silindirin genel \u00f6mr\u00fcn\u00fc uzat\u0131r.<\/p>\n<h3>Dayan\u0131kl\u0131l\u0131k ve Bak\u0131m<\/h3>\n<p>Hidrolik silindirler zorlu ortamlarda \u00e7al\u0131\u015ft\u0131klar\u0131 i\u00e7in dayan\u0131kl\u0131l\u0131klar\u0131 \u00e7ok \u00f6nemlidir. \u00dcreticiler bu \u00fcr\u00fcnleri a\u015f\u0131nmaya ve korozyona dayan\u0131kl\u0131 malzemelerle tasarlarlar. Ayr\u0131ca, kolay bak\u0131m \u00f6zellikleri silindirlerin \u00f6mr\u00fcn\u00fc uzatmaya yard\u0131mc\u0131 olur. D\u00fczenli kontroller ve bak\u0131m uygulamalar\u0131, maliyetli onar\u0131mlardan ka\u00e7\u0131nmak ve tutarl\u0131 performans sa\u011flamak i\u00e7in kritik \u00f6neme sahiptir.<\/p>\n<h3>G\u00fcvenlik \u00d6zellikleri<\/h3>\n<p>Hidrolik silindir tasar\u0131m\u0131nda g\u00fcvenlik her zaman en \u00f6ncelikli konu olmal\u0131d\u0131r. Bas\u0131n\u00e7 tahliye vanalar\u0131 gibi \u00f6zelliklerin eklenmesi a\u015f\u0131r\u0131 y\u00fcklenmeyi \u00f6nlemeye yard\u0131mc\u0131 olurken, sa\u011flam yap\u0131 da felaketle sonu\u00e7lanabilecek ar\u0131za riskini en aza indirir. Yeterli g\u00fcvenlik \u00f6nlemleri, operat\u00f6rlerin ekipmanlar\u0131n\u0131n g\u00fcvenilir oldu\u011funu bilerek g\u00fcvenle \u00e7al\u0131\u015fabilmelerini sa\u011flar.<\/p>\n<p><img decoding=\"async\" src=\"https:\/\/www.hydraulic-cylinders.net\/wp-content\/uploads\/2025\/04\/songte-oil-pipes-and-spare-parts.webp\" alt=\"Hidrolik Silindir Par\u00e7alar\u0131\"><\/p>\n<h2>S\u0131zd\u0131rmazl\u0131k ve Ya\u011flama<\/h2>\n<p>Etkili s\u0131zd\u0131rmazl\u0131k ve ya\u011flama, hidrolik silindirlerin uzun \u00f6m\u00fcrl\u00fcl\u00fc\u011f\u00fc ve performans\u0131n\u0131n sa\u011flanmas\u0131nda kritik rol oynar. Piston contalar\u0131 ve mil contalar\u0131 da dahil olmak \u00fczere \u00e7e\u015fitli contalar, bas\u0131nc\u0131 korumak ve s\u0131z\u0131nt\u0131lar\u0131 \u00f6nlemek i\u00e7in kullan\u0131l\u0131r. Poli\u00fcretan ve nitril kau\u00e7uk gibi y\u00fcksek kaliteli malzemeler ola\u011fan\u00fcst\u00fc a\u015f\u0131nma direnci sa\u011flar.<\/p>\n<p>Silindir g\u00f6vdesi ve di\u015fli u\u00e7 y\u00fczeyleri, a\u015f\u0131nma direncini art\u0131rmak i\u00e7in hassas i\u015fleme tabi tutulur. Par\u00e7alar\u0131n sorunsuz \u00e7al\u0131\u015fmas\u0131n\u0131 sa\u011flamak ve erken a\u015f\u0131nmay\u0131 \u00f6nlemek i\u00e7in hidrolik ya\u011f ile d\u00fczenli ya\u011flama gereklidir.<\/p>\n<h2>\u00d6nleyici Bak\u0131m \u00d6nlemleri<\/h2>\n<ul>\n<li><strong>Rutin Denetimler:<\/strong> S\u0131z\u0131nt\u0131lar\u0131, a\u015f\u0131nmay\u0131 ve hidrolik s\u0131v\u0131 seviyelerini d\u00fczenli olarak kontrol etmek, potansiyel sorunlar\u0131 kritik hale gelmeden \u00f6nce tespit etmeye yard\u0131mc\u0131 olabilir.<\/li>\n<li><strong>Ya\u011flama Uygulamalar\u0131:<\/strong> Hidrolik silindirlerin sorunsuz \u00e7al\u0131\u015fmas\u0131 i\u00e7in yeterli ya\u011flama \u015fartt\u0131r. Do\u011fru tip ve miktarda hidrolik ya\u011f kullanmak performans\u0131 art\u0131racak ve a\u015f\u0131nmay\u0131 azaltacakt\u0131r.<\/li>\n<li><strong>Conta De\u011fi\u015fimi:<\/strong> S\u0131z\u0131nt\u0131lar\u0131 \u00f6nlemek ve optimum performans\u0131 sa\u011flamak i\u00e7in contalar kontrol edilmeli ve gerekti\u011finde de\u011fi\u015ftirilmelidir.<\/li>\n<\/ul>\n<h2>Kurulum Talimatlar\u0131<\/h2>\n<p>Bom silindirinin montaj\u0131, do\u011fru \u00e7al\u0131\u015fma ve g\u00fcvenlik sa\u011flamak i\u00e7in ayr\u0131nt\u0131lara dikkat edilmesini gerektirir. Do\u011fru montaj i\u00e7in gerekli ad\u0131mlar \u015funlard\u0131r:<\/p>\n<ol>\n<li>\u00d6ncelikle hem makinenin hem de silindirin montaj y\u00fczeylerinin temiz ve kal\u0131nt\u0131lardan ar\u0131nd\u0131r\u0131lm\u0131\u015f oldu\u011fundan emin olun.<\/li>\n<li>Silindiri montaj noktalar\u0131yla do\u011fru \u015fekilde hizalay\u0131n. Do\u011fru pozisyonu korumak i\u00e7in hizalama \u015fablonlar\u0131 veya aparatlar\u0131 kullanabilirsiniz.<\/li>\n<li>Silindiri, \u00fcreticinin belirtti\u011fi \u00f6zelliklere uygun \u015fekilde s\u0131k\u0131larak, \u00f6nerilen montaj braketleri veya ba\u011flant\u0131 elemanlar\u0131 kullan\u0131larak sabitleyin.<\/li>\n<li>Hidrolik hatlar\u0131 ba\u011flarken do\u011fru ba\u011flant\u0131 par\u00e7alar\u0131n\u0131 kulland\u0131\u011f\u0131n\u0131zdan ve di\u015flerin \u00e7apraz tak\u0131lmas\u0131ndan ka\u00e7\u0131nd\u0131\u011f\u0131n\u0131zdan emin olun.<\/li>\n<li>\u00c7al\u0131\u015fma testine ba\u015flamadan \u00f6nce hidrolik sisteme s\u0131v\u0131 doldurun ve hava kabarc\u0131klar\u0131n\u0131 gidermek i\u00e7in sistemi havaland\u0131r\u0131n.<\/li>\n<\/ol>\n<h2>Yayg\u0131n Bak\u0131m G\u00f6revleri<\/h2>\n<h3>D\u00fczenli Denetimler<\/h3>\n<p>Hidrolik sistemin s\u0131k s\u0131k kontrol edilmesi, a\u015f\u0131nma veya hasar belirtilerini erken tespit etmek i\u00e7in hayati \u00f6nem ta\u015f\u0131r. S\u0131z\u0131nt\u0131lar\u0131 kontrol etmek, contalar\u0131n durumunu de\u011ferlendirmek ve hidrolik s\u0131v\u0131 seviyelerini izlemek, optimum performans\u0131 korumaya yard\u0131mc\u0131 olabilir.<\/p>\n<h3>Uygun Ya\u011flama<\/h3>\n<p>Hareketli par\u00e7alar aras\u0131ndaki s\u00fcrt\u00fcnmeyi azaltmak i\u00e7in ya\u011flama \u00e7ok \u00f6nemlidir. Do\u011fru hidrolik ya\u011f t\u00fcr\u00fcn\u00fcn kullan\u0131lmas\u0131 ve uygun miktarlarda uygulanmas\u0131, hidrolik sistemin verimlili\u011fini art\u0131racak ve \u00f6mr\u00fcn\u00fc uzatacakt\u0131r.<\/p>\n<h3>Conta De\u011fi\u015fimi ve Kalibrasyon Kontrolleri<\/h3>\n<p>Hidrolik silindirin tasarlanan parametreler dahilinde \u00e7al\u0131\u015fmas\u0131n\u0131 sa\u011flamak i\u00e7in d\u00fczenli olarak conta de\u011fi\u015fimi ve kalibrasyon kontrolleri \u015fartt\u0131r. Ayr\u0131nt\u0131l\u0131 bir bak\u0131m kayd\u0131 tutmak, zaman\u0131nda m\u00fcdahaleleri kolayla\u015ft\u0131racak ve beklenmedik ar\u0131zalar\u0131 \u00f6nleyecektir.<\/p>\n<p><img decoding=\"async\" src=\"https:\/\/www.hydraulic-cylinders.net\/wp-content\/uploads\/2025\/04\/songte-chushion-collar.webp\" alt=\"Silindir Yast\u0131klama Yakas\u0131\"><\/p>\n<h2>G\u00fcvenlik Hususlar\u0131 ve \u00c7evresel Fakt\u00f6rler<\/h2>\n<p>Hidrolik silindirlerin \u00e7al\u0131\u015ft\u0131r\u0131lmas\u0131 s\u0131ras\u0131nda g\u00fcvenli\u011fin sa\u011flanmas\u0131 son derece \u00f6nemlidir. Koruyucu ekipman kullan\u0131m\u0131 ve \u00e7al\u0131\u015fma protokollerine uyulmas\u0131 gibi uygun g\u00fcvenlik \u00f6nlemlerinin uygulanmas\u0131 riskleri en aza indirir. Ayr\u0131ca, s\u0131v\u0131 d\u00f6k\u00fclmesinin \u00f6nlenmesi gibi \u00e7evresel fakt\u00f6rlerin dikkate al\u0131nmas\u0131, g\u00fcvenli ve sorumlu bir \u00e7al\u0131\u015fma ortam\u0131n\u0131n korunmas\u0131nda \u00e7ok \u00f6nemlidir.<\/p>\n<h2>Sorun Giderme ve Yayg\u0131n Sorunlar<\/h2>\n<ul>\n<li><strong>S\u0131z\u0131nt\u0131:<\/strong> S\u0131z\u0131nt\u0131lar\u0131n kayna\u011f\u0131n\u0131 belirleyin; bunlar genellikle a\u015f\u0131nm\u0131\u015f contalar veya hasarl\u0131 bile\u015fenlerden kaynaklan\u0131r. Contalar\u0131 de\u011fi\u015ftirin ve hasar olup olmad\u0131\u011f\u0131n\u0131 kontrol edin.<\/li>\n<li><strong>Tutars\u0131z Hareket:<\/strong> Bu durum, sistemdeki hava veya yetersiz hidrolik s\u0131v\u0131s\u0131ndan kaynaklan\u0131yor olabilir. Sistemi havas\u0131n\u0131 al\u0131n ve s\u0131v\u0131 seviyelerini kontrol edin.<\/li>\n<li><strong>A\u015f\u0131r\u0131 Is\u0131nma:<\/strong> A\u015f\u0131r\u0131 y\u00fcklenme veya yetersiz s\u0131v\u0131 dola\u015f\u0131m\u0131 a\u015f\u0131r\u0131 \u0131s\u0131nmaya neden olabilir. Y\u00fck\u00fc de\u011ferlendirin ve uygun s\u0131v\u0131 seviyelerini sa\u011flay\u0131n.<\/li>\n<\/ul>\n<h2>Etkili Sorun Giderme \u0130pu\u00e7lar\u0131<\/h2>\n<p>Sorunlar\u0131 etkili bir \u015fekilde te\u015fhis etmek ve \u00e7\u00f6zmek i\u00e7in \u015fu y\u00f6nergeleri izleyin:<\/p>\n<ul>\n<li>A\u015f\u0131nma ve y\u0131pranman\u0131n erken belirtilerini tespit etmek i\u00e7in d\u00fczenli bak\u0131m kontrolleri yap\u0131n.<\/li>\n<li>Belirli sorunlar\u0131n giderilmesi i\u00e7in \u00fcretici firman\u0131n y\u00f6nergelerinden yararlan\u0131n ve \u00f6nerilen uygulamalara uyun.<\/li>\n<li>Operat\u00f6rlerin potansiyel sorunlar\u0131 \u00f6nceden tespit edip \u00e7\u00f6zebilmeleri i\u00e7in e\u011fitimlere yat\u0131r\u0131m yap\u0131n.<\/li>\n<\/ul>\n<p><img decoding=\"async\" src=\"https:\/\/www.hydraulic-cylinders.net\/wp-content\/uploads\/2025\/04\/songte-bushings-with-all-kinds-of-excavator-models.webp\" alt=\"Ekskavat\u00f6r Bur\u00e7lar\u0131\"><\/p>\n<h2>\u015eirket Tan\u0131t\u0131m\u0131<\/h2>\n<p>Firmam\u0131z, hem yurt i\u00e7i hem de uluslararas\u0131 pazarlarda tan\u0131nan, yedek hidrolik silindirlerin \u00f6nde gelen \u00fcreticisi ve toptanc\u0131s\u0131d\u0131r. Geli\u015fmi\u015f teknoloji ve yetenekli personeli i\u00e7eren rafine bir \u00fcretim stratejisiyle desteklenen en y\u00fcksek kalite standartlar\u0131na ba\u011fl\u0131y\u0131z. M\u00fckemmelli\u011fe olan ba\u011fl\u0131l\u0131\u011f\u0131m\u0131z, \u00e7e\u015fitli m\u00fc\u015fteri ihtiya\u00e7lar\u0131n\u0131 y\u00fcksek verimlilik ve hassasiyetle kar\u015f\u0131lamam\u0131z\u0131 sa\u011flar.<\/p>\n<p>Uzmanl\u0131\u011f\u0131m\u0131z \u00e7e\u015fitli alanlar\u0131 kapsamaktad\u0131r:<\/p>\n<ul>\n<li><strong>Profesyonellik:<\/strong> Alan\u0131nda uzman bir ekiple, \u00fcr\u00fcn kalitesine ve m\u00fc\u015fteri memnuniyetine \u00f6ncelik veriyoruz.<\/li>\n<li><strong>Uluslararas\u0131 Sertifikasyon:<\/strong> \u00dcr\u00fcnlerimiz end\u00fcstri standartlar\u0131na uygun olup g\u00fcvenilirlik ve g\u00fcvenlik sa\u011flamaktad\u0131r.<\/li>\n<li><strong>\u00d6zel Hizmetler:<\/strong> M\u00fc\u015fterilerimizin \u00f6zel ihtiya\u00e7lar\u0131n\u0131 kar\u015f\u0131lamak \u00fczere ki\u015fiselle\u015ftirilmi\u015f \u00e7\u00f6z\u00fcmler sunuyoruz.<\/li>\n<li><strong>Geli\u015fmi\u015f \u00dcretim Ekipmanlar\u0131:<\/strong> En son teknolojiye sahip makinelerin kullan\u0131m\u0131, \u00fcretim kapasitemizi art\u0131r\u0131yor ve \u00fcr\u00fcn kalitesini iyile\u015ftiriyor.<\/li>\n<li><strong>Sat\u0131\u015f Sonras\u0131 Destek:<\/strong> M\u00fc\u015fteri hizmetleri ekibimiz, sat\u0131n alma i\u015fleminden sonra ihtiya\u00e7 duyulan her t\u00fcrl\u00fc soru veya destek i\u00e7in her zaman haz\u0131rd\u0131r.<\/li>\n<\/ul>\n<p><img decoding=\"async\" src=\"https:\/\/www.hydraulic-cylinders.net\/wp-content\/uploads\/2025\/04\/songte-company-4.webp\" alt=\"\u015eirket Genel Bak\u0131\u015f\u0131\"><br \/>\n<img decoding=\"async\" src=\"https:\/\/www.hydraulic-cylinders.net\/wp-content\/uploads\/2025\/04\/songte-company-3.webp\" alt=\"\u00dcretim Tesisi\"><\/p>\n<p>Yazar: lyl<\/p>","protected":false},"excerpt":{"rendered":"<p>Boom Cylinder For Baoding WY75-7 Product Overview The Boom Cylinder for Baoding WY75-7 is a specialized hydraulic cylinder designed to control the movement of buckets on various heavy machinery such as excavators, backhoes, and front loaders. This hydraulic cylinder facilitates the lifting, lowering, and tilting of the bucket, enabling efficient material handling tasks. Understanding Bucket [&hellip;]<\/p>","protected":false},"featured_media":17870,"comment_status":"open","ping_status":"closed","template":"","meta":{"_et_pb_use_builder":"","_et_pb_old_content":"","_et_gb_content_width":""},"product_brand":[],"product_cat":[1546],"product_tag":[1547,1496],"class_list":{"0":"post-19682","1":"product","2":"type-product","3":"status-publish","4":"has-post-thumbnail","6":"product_cat-boom-cylinders","7":"product_tag-boom-cylinders","8":"product_tag-hydraulic-cylinders","10":"first","11":"instock","12":"shipping-taxable","13":"product-type-simple"},"amp_enabled":true,"_links":{"self":[{"href":"https:\/\/www.hydraulic-cylinders.net\/tr\/wp-json\/wp\/v2\/product\/19682","targetHints":{"allow":["GET"]}}],"collection":[{"href":"https:\/\/www.hydraulic-cylinders.net\/tr\/wp-json\/wp\/v2\/product"}],"about":[{"href":"https:\/\/www.hydraulic-cylinders.net\/tr\/wp-json\/wp\/v2\/types\/product"}],"replies":[{"embeddable":true,"href":"https:\/\/www.hydraulic-cylinders.net\/tr\/wp-json\/wp\/v2\/comments?post=19682"}],"wp:featuredmedia":[{"embeddable":true,"href":"https:\/\/www.hydraulic-cylinders.net\/tr\/wp-json\/wp\/v2\/media\/17870"}],"wp:attachment":[{"href":"https:\/\/www.hydraulic-cylinders.net\/tr\/wp-json\/wp\/v2\/media?parent=19682"}],"wp:term":[{"taxonomy":"product_brand","embeddable":true,"href":"https:\/\/www.hydraulic-cylinders.net\/tr\/wp-json\/wp\/v2\/product_brand?post=19682"},{"taxonomy":"product_cat","embeddable":true,"href":"https:\/\/www.hydraulic-cylinders.net\/tr\/wp-json\/wp\/v2\/product_cat?post=19682"},{"taxonomy":"product_tag","embeddable":true,"href":"https:\/\/www.hydraulic-cylinders.net\/tr\/wp-json\/wp\/v2\/product_tag?post=19682"}],"curies":[{"name":"wp","href":"https:\/\/api.w.org\/{rel}","templated":true}]}}