{"id":19684,"date":"2025-04-07T07:01:35","date_gmt":"2025-04-07T07:01:35","guid":{"rendered":"https:\/\/www.hydraulic-cylinders.net\/product\/boom-cylinder-for-tiangong-zg3210-9c\/"},"modified":"2025-04-07T07:01:37","modified_gmt":"2025-04-07T07:01:37","slug":"boom-cylinder-for-tiangong-zg3210-9c","status":"publish","type":"product","link":"https:\/\/www.hydraulic-cylinders.net\/tr\/urun\/boom-cylinder-for-tiangong-zg3210-9c\/","title":{"rendered":"Tiangong ZG3210-9C i\u00e7in Bom Silindiri"},"content":{"rendered":"<h1>Tiangong ZG3210-9C i\u00e7in Bom Silindiri<\/h1>\n<h2>\u00dcr\u00fcn Genel Bak\u0131\u015f\u0131<\/h2>\n<p>Tiangong ZG3210-9C i\u00e7in tasarlanm\u0131\u015f Bom Silindiri, a\u011f\u0131r makineler i\u00e7in \u00f6nemli bir hidrolik bile\u015fendir. Bu hidrolik silindir, ekskavat\u00f6rler, beko y\u00fckleyiciler ve \u00f6n y\u00fckleyiciler gibi \u00e7e\u015fitli a\u011f\u0131r ekipmanlardaki kep\u00e7elerin hareketini kontrol etmek i\u00e7in \u00f6zel olarak tasarlanm\u0131\u015ft\u0131r. Bom silindirinin birincil i\u015flevi, kep\u00e7enin kald\u0131r\u0131lmas\u0131n\u0131, indirilmesini ve e\u011filmesini kolayla\u015ft\u0131rarak malzeme ta\u015f\u0131ma i\u015flerinin verimlili\u011fini art\u0131rmakt\u0131r.<\/p>\n<p>Hidrolik silindir t\u00fcrlerinden biri olan bom silindiri, mekanik kuvvet olu\u015fturmak i\u00e7in bas\u0131n\u00e7l\u0131 hidrolik s\u0131v\u0131y\u0131 kullanarak \u00e7al\u0131\u015f\u0131r. Bu mekanizma, \u00f6nemli miktarda g\u00fc\u00e7 uygulayabilmesini sa\u011flar ve bu da onu in\u015faat, y\u0131k\u0131m ve a\u011f\u0131r kald\u0131rma ile hassas kontrol gerektiren \u00e7e\u015fitli di\u011fer sekt\u00f6rlerde hayati \u00f6neme sahip k\u0131lar.<\/p>\n<p><img decoding=\"async\" src=\"https:\/\/www.hydraulic-cylinders.net\/wp-content\/uploads\/2025\/04\/songte-company-1.webp\" alt=\"Bom Silindiri\"><\/p>\n<h2>Bom Silindirinin \u00d6zellikleri<\/h2>\n<ul>\n<li>\n<h3>Y\u00fcksek G\u00fc\u00e7 ve Dayan\u0131kl\u0131l\u0131k<\/h3>\n<p>Y\u00fcksek mukavemetli \u00e7elik veya al\u00fcminyumdan \u00fcretilen bom silindiri, y\u00fcksek bas\u0131nca ve a\u011f\u0131r y\u00fcklere dayanacak \u015fekilde tasarlanm\u0131\u015ft\u0131r. A\u015f\u0131nma direnci ve korozyon korumas\u0131 da tasar\u0131m\u0131nda dikkate al\u0131narak, zorlu \u00e7al\u0131\u015fma ortamlar\u0131nda bile uzun bir kullan\u0131m \u00f6mr\u00fc sa\u011flanm\u0131\u015ft\u0131r.<\/p>\n<\/li>\n<li>\n<h3>Verimli Hidrolik \u00c7al\u0131\u015fma<\/h3>\n<p>Silindir, d\u00fczg\u00fcn ve h\u0131zl\u0131 uzama ve geri \u00e7ekme i\u00e7in hidrolik ya\u011f bas\u0131nc\u0131n\u0131 kullan\u0131r ve \u00e7al\u0131\u015fma komutlar\u0131na h\u0131zl\u0131 bir \u015fekilde yan\u0131t verir. Bu \u00f6zellik, a\u011f\u0131r malzemelerin ve karma\u015f\u0131k i\u015flerin ta\u015f\u0131nmas\u0131 i\u00e7in ideal olan \u00f6nemli bir itme ve \u00e7ekme kuvveti sa\u011flamas\u0131na olanak tan\u0131r.<\/p>\n<\/li>\n<li>\n<h3>\u00c7e\u015fitli T\u00fcrler<\/h3>\n<p>Kullan\u0131m amac\u0131na ba\u011fl\u0131 olarak, bom silindiri tek etkili (tek y\u00f6nde hidrolik bas\u0131n\u00e7 kullanan) ve \u00e7ift etkili (her iki y\u00f6nde hidrolik bas\u0131n\u00e7 kullanan) tiplerde mevcuttur. Baz\u0131 modeller teleskopiktir ve d\u0131\u015f boyutlar\u0131 b\u00fcy\u00fctmeden daha fazla uzatmaya olanak tan\u0131yarak dar alanlar i\u00e7in uygun hale gelir.<\/p>\n<\/li>\n<\/ul>\n<p>Bu \u00fcr\u00fcn\u00fc \u00fcretebilir ve bu hidrolik silindirler i\u00e7in m\u00fckemmel yedek par\u00e7alar sunabiliriz.<\/p>\n<p><img decoding=\"async\" src=\"https:\/\/www.hydraulic-cylinders.net\/wp-content\/uploads\/2025\/04\/songte-cylinder-head-with-all-kinds-excavator-models.webp\" alt=\"Ekskavat\u00f6r Modelleri\"><\/p>\n<h2>Bom Silindirinin Uygulamalar\u0131<\/h2>\n<h3>\u0130n\u015faat Ekipmanlar\u0131<\/h3>\n<p>Ekskavat\u00f6rlerde, bom silindirleri topra\u011f\u0131 veya molozu kazma, y\u00fckleme ve ta\u015f\u0131ma i\u015flemlerinde hayati bir rol oynar. Kep\u00e7enin yukar\u0131 ve a\u015fa\u011f\u0131 hareketlerinden sorumludurlar ve verimli kaz\u0131 i\u015flemlerine olanak sa\u011flarlar.<\/p>\n<h3>Kaz\u0131c\u0131 Y\u00fckleyiciler<\/h3>\n<p>Kaz\u0131c\u0131 y\u00fckleyicilerde, bom silindiri sadece kazmaya yard\u0131mc\u0131 olmakla kalmaz, ayn\u0131 zamanda kald\u0131rma i\u015flemlerine de yard\u0131mc\u0131 olur. Bu \u00e7ift i\u015flev, in\u015faat sahalar\u0131nda verimli malzeme ta\u015f\u0131ma i\u00e7in \u00e7ok \u00f6nemlidir.<\/p>\n<h3>Tar\u0131m Makinalar\u0131<\/h3>\n<p>\u00d6n y\u00fckleyicilerde, bom silindirleri toprak, saman ve di\u011fer malzemeleri kep\u00e7eyle almak, kald\u0131rmak ve ta\u015f\u0131mak i\u00e7in kullan\u0131l\u0131r. \u00c7e\u015fitli y\u00fckleri ta\u015f\u0131ma verimlilikleri, onlar\u0131 tar\u0131msal i\u015flemlerde vazge\u00e7ilmez k\u0131lar.<\/p>\n<h3>Kaz\u0131 \u0130\u015flemleri<\/h3>\n<p>Ekskavat\u00f6rlerde, bom silindiri kep\u00e7enin zemine etkili bir \u015fekilde n\u00fcfuz etmesini sa\u011flayarak kazma kapasitesini art\u0131r\u0131r. Bu i\u015flev, \u00e7e\u015fitli arazilerde ba\u015far\u0131l\u0131 kaz\u0131 i\u00e7in \u00e7ok \u00f6nemlidir.<\/p>\n<h3>Y\u00fckleyici Operasyonlar\u0131<\/h3>\n<p>\u00d6n y\u00fckleyicilerde, bom silindirleri malzemelerin kald\u0131r\u0131lmas\u0131na ve bo\u015falt\u0131lmas\u0131na yard\u0131mc\u0131 olarak verimli y\u00fckleme ve bo\u015faltma s\u00fcre\u00e7lerini sa\u011flar. Sa\u011flam tasar\u0131mlar\u0131, y\u00fckleme i\u015flemlerinin genel verimlili\u011fine katk\u0131da bulunur.<\/p>\n<h2>Tasar\u0131m Hususlar\u0131 ve Se\u00e7im Kriterleri<\/h2>\n<h3>Y\u00fck Kapasitesi<\/h3>\n<p>Bom silindiri se\u00e7erken y\u00fck ta\u015f\u0131ma kapasitesinin belirlenmesi \u00e7ok \u00f6nemlidir. \u00c7al\u0131\u015fmalar s\u0131ras\u0131nda beklenen maksimum y\u00fck\u00fc kald\u0131rabilecek bir silindir se\u00e7mek \u015fartt\u0131r. Y\u00fck ta\u015f\u0131ma kapasitesinin a\u015f\u0131lmas\u0131, erken ar\u0131zaya yol a\u00e7abilir, potansiyel olarak g\u00fcvenli\u011fi tehlikeye atabilir ve bak\u0131m maliyetlerini art\u0131rabilir.<\/p>\n<h3>S\u0131zd\u0131rmazl\u0131k Performans\u0131<\/h3>\n<p>Hidrolik silindirdeki s\u0131zd\u0131rmazl\u0131k sistemi, s\u0131v\u0131 s\u0131z\u0131nt\u0131s\u0131n\u0131 \u00f6nlemek i\u00e7in hayati \u00f6neme sahiptir. Optimum performans sa\u011flamak i\u00e7in uygulamaya g\u00f6re uygun contalar se\u00e7ilmelidir. Kaliteli contalar, silindirin \u00f6mr\u00fcn\u00fcn uzamas\u0131na katk\u0131da bulunur ve hidrolik s\u0131v\u0131da kirlenme riskini en aza indirir.<\/p>\n<h3>Dayan\u0131kl\u0131l\u0131k<\/h3>\n<p>Dayan\u0131kl\u0131l\u0131k, \u00f6zellikle hidrolik silindirlerin a\u015f\u0131r\u0131 ko\u015fullara maruz kald\u0131\u011f\u0131 ortamlarda kritik bir fakt\u00f6rd\u00fcr. Kullan\u0131lan malzemeler ve uygulanan yap\u0131m teknikleri, silindirin a\u015f\u0131nmaya, y\u0131pranmaya ve korozyona kar\u015f\u0131 direncinde \u00f6nemli bir rol oynar.<\/p>\n<h3>G\u00fcvenlik \u00d6zellikleri<\/h3>\n<p>Hidrolik ekipman \u00e7al\u0131\u015ft\u0131r\u0131l\u0131rken g\u00fcvenlik her \u015feyden \u00f6nemlidir. Bas\u0131n\u00e7 tahliye vanalar\u0131 ve a\u015f\u0131r\u0131 y\u00fck koruma mekanizmalar\u0131 gibi \u00f6zellikler, bom silindirinin g\u00fcvenli \u00e7al\u0131\u015fmas\u0131n\u0131 sa\u011flayarak operasyonlar s\u0131ras\u0131nda kazalar\u0131 \u00f6nler.<\/p>\n<h3>Bak\u0131m kolayl\u0131\u011f\u0131<\/h3>\n<p>Tasar\u0131m ayn\u0131 zamanda kolay bak\u0131m imkan\u0131 da sa\u011flamal\u0131d\u0131r. Ya\u011flama ve kontrol noktalar\u0131na kolayca ula\u015f\u0131labilmeli, b\u00f6ylece zaman\u0131nda bak\u0131m sa\u011flanmal\u0131 ve ar\u0131za s\u00fcreleri azalt\u0131lmal\u0131d\u0131r.<\/p>\n<p><img decoding=\"async\" src=\"https:\/\/www.hydraulic-cylinders.net\/wp-content\/uploads\/2025\/04\/songte-oil-pipes-and-spare-parts.webp\" alt=\"Petrol Borular\u0131 ve Yedek Par\u00e7alar\u0131\"><\/p>\n<h2>Silindirin S\u0131zd\u0131rmazl\u0131\u011f\u0131 ve Ya\u011flanmas\u0131<\/h2>\n<p>Bom silindirinin uzun \u00f6m\u00fcrl\u00fcl\u00fc\u011f\u00fc ve etkili \u00e7al\u0131\u015fmas\u0131 i\u00e7in uygun s\u0131zd\u0131rmazl\u0131k ve ya\u011flama \u00e7ok \u00f6nemlidir. Hidrolik s\u0131v\u0131 s\u0131z\u0131nt\u0131s\u0131n\u0131 \u00f6nlemek ve sistem i\u00e7indeki bas\u0131nc\u0131 korumak i\u00e7in piston contalar\u0131 ve mil contalar\u0131 gibi \u00e7e\u015fitli s\u0131zd\u0131rmazl\u0131k bile\u015fenleri kullan\u0131l\u0131r. Contalar genellikle poli\u00fcretan ve nitril kau\u00e7uk gibi a\u015f\u0131nmaya dayan\u0131kl\u0131 malzemelerden yap\u0131l\u0131r, bu da dayan\u0131kl\u0131l\u0131\u011f\u0131 ve etkinli\u011fi art\u0131r\u0131r.<\/p>\n<p>Silindir g\u00f6vdesinin y\u00fczeyi ve di\u015fli u\u00e7lar\u0131, a\u015f\u0131nma direncini art\u0131rmak ve s\u0131k\u0131 bir s\u0131zd\u0131rmazl\u0131k sa\u011flamak i\u00e7in hassas i\u015fleme s\u00fcre\u00e7lerinden ge\u00e7irilir. Silindir i\u00e7indeki s\u00fcrt\u00fcnmeyi ve a\u015f\u0131nmay\u0131 en aza indirmek, sorunsuz \u00e7al\u0131\u015fmay\u0131 sa\u011flamak ve kullan\u0131m \u00f6mr\u00fcn\u00fc uzatmak i\u00e7in uygun hidrolik ya\u011f ile d\u00fczenli ya\u011flama \u015fartt\u0131r.<\/p>\n<h2>D\u00fczenli Bak\u0131m ve \u00d6nleyici Tedbirler<\/h2>\n<ul>\n<li>\n<h3>D\u00fczenli Denetimler<\/h3>\n<p>A\u015f\u0131nma, s\u0131z\u0131nt\u0131 veya ola\u011fand\u0131\u015f\u0131 ses belirtilerini tespit etmek i\u00e7in d\u00fczenli kontroller yapmak hayati \u00f6nem ta\u015f\u0131r. Bu uygulama, potansiyel sorunlar\u0131n b\u00fcy\u00fck problemlere d\u00f6n\u00fc\u015fmeden \u00f6nce yakalanmas\u0131na yard\u0131mc\u0131 olur.<\/p>\n<\/li>\n<li>\n<h3>Uygun Ya\u011flama<\/h3>\n<p>Silindirin do\u011fru hidrolik ya\u011f ile yeterince ya\u011flanmas\u0131, sorunsuz \u00e7al\u0131\u015fma i\u00e7in \u00e7ok \u00f6nemlidir. Do\u011fru ya\u011flama, s\u00fcrt\u00fcnmeyi azalt\u0131r ve erken a\u015f\u0131nmay\u0131 \u00f6nleyerek silindirin \u00f6mr\u00fcn\u00fc uzat\u0131r.<\/p>\n<\/li>\n<li>\n<h3>Conta De\u011fi\u015fimi<\/h3>\n<p>Contalar d\u00fczenli olarak kontrol edilmeli ve gerekti\u011finde de\u011fi\u015ftirilmelidir. A\u015f\u0131nm\u0131\u015f contalar s\u0131z\u0131nt\u0131lara yol a\u00e7abilir ve bu da t\u00fcm hidrolik sistemin verimlili\u011fini ve g\u00fcvenli\u011fini tehlikeye atabilir.<\/p>\n<\/li>\n<\/ul>\n<h2>Kurulum Talimatlar\u0131<\/h2>\n<p>Bom silindirinin do\u011fru montaj\u0131, performans\u0131 ve dayan\u0131kl\u0131l\u0131\u011f\u0131 i\u00e7in \u00e7ok \u00f6nemlidir. \u00d6ncelikle t\u00fcm montaj y\u00fczeylerinin temiz ve kal\u0131nt\u0131lardan ar\u0131nd\u0131r\u0131lm\u0131\u015f oldu\u011fundan emin olun. Silindiri montaj braketleriyle hizalayarak \u00e7al\u0131\u015fma y\u00fczeyine dik oldu\u011fundan emin olun. \u00c7al\u0131\u015fma s\u0131ras\u0131nda gereksiz gerilimi \u00f6nlemek i\u00e7in silindiri yerine sabitlemek \u00fczere uygun montaj braketleri kullan\u0131n.<\/p>\n<p>Hizalama i\u015flemi tamamland\u0131ktan sonra, s\u0131v\u0131 ak\u0131\u015f\u0131n\u0131 engelleyebilecek k\u0131vr\u0131m veya keskin b\u00fck\u00fclmeler olmad\u0131\u011f\u0131ndan emin olarak hidrolik hortumlar\u0131 tak\u0131n. Hidrolik sistemi \u00f6nerilen s\u0131v\u0131yla doldurun ve ekipman\u0131 \u00e7al\u0131\u015ft\u0131rmadan \u00f6nce s\u0131z\u0131nt\u0131 olup olmad\u0131\u011f\u0131n\u0131 kontrol edin. Son olarak, silindirin sorunsuz ve etkili bir \u015fekilde \u00e7al\u0131\u015ft\u0131\u011f\u0131n\u0131 do\u011frulamak i\u00e7in bir test \u00e7al\u0131\u015fmas\u0131 ger\u00e7ekle\u015ftirin.<\/p>\n<h2>Yayg\u0131n Bak\u0131m G\u00f6revleri<\/h2>\n<ul>\n<li>\n<h3>D\u00fczenli Denetimler<\/h3>\n<p>S\u0131k kontroller, olas\u0131 sorunlar\u0131 erken tespit etmeye yard\u0131mc\u0131 olabilir. Silindirde a\u015f\u0131nma ve y\u0131pranma belirtileri, s\u0131z\u0131nt\u0131lar veya ola\u011fand\u0131\u015f\u0131 sesler olup olmad\u0131\u011f\u0131na bak\u0131n; bunlar silindirle ilgili sorunlara i\u015faret edebilir.<\/p>\n<\/li>\n<li>\n<h3>Uygun Ya\u011flama<\/h3>\n<p>Do\u011fru ya\u011flama seviyelerinin korunmas\u0131, operasyonel verimlilik i\u00e7in \u00e7ok \u00f6nemlidir. Optimum performans sa\u011flamak i\u00e7in ya\u011f seviyelerini d\u00fczenli olarak kontrol edin ve gerekti\u011finde tamamlay\u0131n.<\/p>\n<\/li>\n<li>\n<h3>Conta De\u011fi\u015fimi ve Kalibrasyon Kontrolleri<\/h3>\n<p>Contalar\u0131n a\u015f\u0131nmas\u0131n\u0131 d\u00fczenli olarak kontrol edin ve gerekti\u011finde de\u011fi\u015ftirin. Kalibrasyon kontrolleri, silindirin belirtilen parametreler dahilinde \u00e7al\u0131\u015fmas\u0131n\u0131 sa\u011flayarak verimlilik ve g\u00fcvenli\u011fi korur.<\/p>\n<\/li>\n<\/ul>\n<h2>G\u00fcvenlik Hususlar\u0131 ve \u00c7evresel Fakt\u00f6rler<\/h2>\n<p>Hidrolik sistemlerin \u00e7al\u0131\u015ft\u0131r\u0131lmas\u0131nda g\u00fcvenlik \u00f6nlemleri son derece \u00f6nemlidir. Hidrolik sistemin bile\u015fenlerini ve i\u015flevlerini anlamak, riskleri azaltmaya yard\u0131mc\u0131 olur. Kazalar\u0131 \u00f6nlemek i\u00e7in operat\u00f6rlerin hidrolik makinelerin g\u00fcvenli kullan\u0131m\u0131 ve i\u015fletimi konusunda d\u00fczenli e\u011fitim almas\u0131 \u015fartt\u0131r. Ayr\u0131ca, hidrolik s\u0131v\u0131lar\u0131n \u00e7evresel etkisini de g\u00f6z \u00f6n\u00fcnde bulundurarak, ekosistemi korumak i\u00e7in uygun bertaraf y\u00f6ntemlerinin uygulanmas\u0131n\u0131 sa\u011flamak gerekir.<\/p>\n<h2>Ar\u0131za Te\u015fhisi ve Yayg\u0131n Sorunlar<\/h2>\n<ul>\n<li>\n<h3>Hidrolik S\u0131v\u0131 S\u0131z\u0131nt\u0131s\u0131<\/h3>\n<p>S\u0131z\u0131nt\u0131 genellikle a\u015f\u0131nm\u0131\u015f contalar\u0131 veya hasar g\u00f6rm\u00fc\u015f par\u00e7alar\u0131 g\u00f6sterir. Contalar\u0131 d\u00fczenli olarak kontrol edin ve a\u015f\u0131nma belirtileri g\u00f6r\u00fcld\u00fc\u011f\u00fcnde de\u011fi\u015ftirin.<\/p>\n<\/li>\n<li>\n<h3>Azalt\u0131lm\u0131\u015f Kuvvet veya H\u0131z<\/h3>\n<p>Performans d\u00fc\u015f\u00fc\u015f\u00fc, yetersiz hidrolik s\u0131v\u0131s\u0131ndan veya i\u00e7 hasardan kaynaklanabilir. S\u0131v\u0131 seviyelerini kontrol edin ve i\u00e7 a\u015f\u0131nma veya t\u0131kan\u0131kl\u0131k olup olmad\u0131\u011f\u0131n\u0131 inceleyin.<\/p>\n<\/li>\n<li>\n<h3>Al\u0131\u015f\u0131lmad\u0131k Sesler<\/h3>\n<p>\u00c7al\u0131\u015fma s\u0131ras\u0131nda duyulan sesler, hidrolik sistemde hava s\u0131k\u0131\u015fmas\u0131 veya par\u00e7a a\u015f\u0131nmas\u0131 gibi sorunlar\u0131n i\u015fareti olabilir. Sistemde hava s\u0131k\u0131\u015fmas\u0131 olup olmad\u0131\u011f\u0131n\u0131 kontrol edin ve par\u00e7alar\u0131n iyi durumda oldu\u011fundan emin olun.<\/p>\n<\/li>\n<\/ul>\n<p>Sorunlar\u0131 etkili bir \u015fekilde te\u015fhis etmek ve \u00e7\u00f6zmek i\u00e7in operat\u00f6rler, g\u00f6rsel incelemelerle ba\u015flay\u0131p gerekti\u011finde daha ayr\u0131nt\u0131l\u0131 de\u011ferlendirmelere ge\u00e7erek sistematik bir sorun giderme yakla\u015f\u0131m\u0131 benimsemelidir. D\u00fczenli bak\u0131m ve zaman\u0131nda onar\u0131m gibi \u00f6nleyici tedbirler, potansiyel sorunlar\u0131 en aza indirebilir.<\/p>\n<p><img decoding=\"async\" src=\"https:\/\/www.hydraulic-cylinders.net\/wp-content\/uploads\/2025\/04\/songte-bushings-with-all-kinds-of-excavator-models.webp\" alt=\"Ekskavat\u00f6rler i\u00e7in Bur\u00e7lar\"><\/p>\n<h2>\u015eirketimiz Hakk\u0131nda<\/h2>\n<p>\u00d6nde gelen yedek hidrolik silindir \u00fcreticisi olarak, \u00e7e\u015fitli pazar ihtiya\u00e7lar\u0131n\u0131 kar\u015f\u0131lamak \u00fczere kapsaml\u0131 bir \u00fcr\u00fcn yelpazesi sunuyoruz. M\u00fckemmelli\u011fe olan ba\u011fl\u0131l\u0131\u011f\u0131m\u0131z, geli\u015fmi\u015f \u00fcretim y\u00f6netim stratejileriyle desteklenen y\u00fcksek kaliteli \u00fcretim s\u00fcre\u00e7lerimize yans\u0131maktad\u0131r. \u00dcretim kapasitemizi art\u0131rmak i\u00e7in teknolojik uzmanl\u0131\u011f\u0131m\u0131zdan, dijital \u00fcretim ekipmanlar\u0131m\u0131zdan ve profesyonel test sistemlerimizden yararlan\u0131yoruz.<\/p>\n<p>Kaliteye verdi\u011fimiz \u00f6nem, m\u00fc\u015fterilerimizin \u00e7e\u015fitli taleplerini verimli, hassas ve y\u00fcksek kaliteli \u00fcr\u00fcnlerle kar\u015f\u0131lamam\u0131z\u0131 sa\u011flar. M\u00fc\u015fteri memnuniyetini art\u0131rmak i\u00e7in \u00f6zelle\u015ftirilmi\u015f hizmetler, uluslararas\u0131 sertifikalar ve g\u00fc\u00e7l\u00fc sat\u0131\u015f sonras\u0131 destek sunuyoruz.<\/p>\n<p><img decoding=\"async\" src=\"https:\/\/www.hydraulic-cylinders.net\/wp-content\/uploads\/2025\/04\/songte-company-4.webp\" alt=\"\u015eirket Genel Bak\u0131\u015f\u0131\"><br \/>\n<img decoding=\"async\" src=\"https:\/\/www.hydraulic-cylinders.net\/wp-content\/uploads\/2025\/04\/songte-company-3.webp\" alt=\"\u00dcretim Tesisi\"><\/p>\n<p>Yazar: lyl<\/p>","protected":false},"excerpt":{"rendered":"<p>Boom Cylinder For Tiangong ZG3210-9C Product Overview The Boom Cylinder for Tiangong ZG3210-9C is an essential hydraulic component designed for heavy machinery. This hydraulic cylinder is specifically engineered to control the movement of buckets in various heavy equipment, such as excavators, backhoe loaders, and front loaders. The primary function of the boom cylinder is to [&hellip;]<\/p>","protected":false},"featured_media":17872,"comment_status":"open","ping_status":"closed","template":"","meta":{"_et_pb_use_builder":"","_et_pb_old_content":"","_et_gb_content_width":""},"product_brand":[],"product_cat":[1546],"product_tag":[1547,1496],"class_list":{"0":"post-19684","1":"product","2":"type-product","3":"status-publish","4":"has-post-thumbnail","6":"product_cat-boom-cylinders","7":"product_tag-boom-cylinders","8":"product_tag-hydraulic-cylinders","10":"first","11":"instock","12":"shipping-taxable","13":"product-type-simple"},"amp_enabled":true,"_links":{"self":[{"href":"https:\/\/www.hydraulic-cylinders.net\/tr\/wp-json\/wp\/v2\/product\/19684","targetHints":{"allow":["GET"]}}],"collection":[{"href":"https:\/\/www.hydraulic-cylinders.net\/tr\/wp-json\/wp\/v2\/product"}],"about":[{"href":"https:\/\/www.hydraulic-cylinders.net\/tr\/wp-json\/wp\/v2\/types\/product"}],"replies":[{"embeddable":true,"href":"https:\/\/www.hydraulic-cylinders.net\/tr\/wp-json\/wp\/v2\/comments?post=19684"}],"wp:featuredmedia":[{"embeddable":true,"href":"https:\/\/www.hydraulic-cylinders.net\/tr\/wp-json\/wp\/v2\/media\/17872"}],"wp:attachment":[{"href":"https:\/\/www.hydraulic-cylinders.net\/tr\/wp-json\/wp\/v2\/media?parent=19684"}],"wp:term":[{"taxonomy":"product_brand","embeddable":true,"href":"https:\/\/www.hydraulic-cylinders.net\/tr\/wp-json\/wp\/v2\/product_brand?post=19684"},{"taxonomy":"product_cat","embeddable":true,"href":"https:\/\/www.hydraulic-cylinders.net\/tr\/wp-json\/wp\/v2\/product_cat?post=19684"},{"taxonomy":"product_tag","embeddable":true,"href":"https:\/\/www.hydraulic-cylinders.net\/tr\/wp-json\/wp\/v2\/product_tag?post=19684"}],"curies":[{"name":"wp","href":"https:\/\/api.w.org\/{rel}","templated":true}]}}