{"id":19686,"date":"2025-04-07T07:01:40","date_gmt":"2025-04-07T07:01:40","guid":{"rendered":"https:\/\/www.hydraulic-cylinders.net\/product\/boom-cylinder-for-tiangong-zg3255lc-9c\/"},"modified":"2025-04-07T07:01:43","modified_gmt":"2025-04-07T07:01:43","slug":"boom-cylinder-for-tiangong-zg3255lc-9c","status":"publish","type":"product","link":"https:\/\/www.hydraulic-cylinders.net\/tr\/urun\/boom-cylinder-for-tiangong-zg3255lc-9c\/","title":{"rendered":"Tiangong ZG3255LC-9C i\u00e7in Bom Silindiri"},"content":{"rendered":"<h1>Tiangong ZG3255LC-9C i\u00e7in Bom Silindiri<\/h1>\n<h2>\u00dcr\u00fcn Genel Bak\u0131\u015f\u0131<\/h2>\n<p>Tiangong ZG3255LC-9C Bom Silindiri, ekskavat\u00f6rler, bekolu y\u00fckleyiciler ve \u00f6n y\u00fckleyiciler gibi \u00e7e\u015fitli a\u011f\u0131r makinelerdeki kep\u00e7elerin hareketini kontrol etmek i\u00e7in \u00f6zel olarak tasarlanm\u0131\u015f temel bir hidrolik bile\u015fendir. Bu hidrolik silindir, kep\u00e7enin kald\u0131r\u0131lmas\u0131n\u0131, indirilmesini ve e\u011filmesini sa\u011flayarak malzeme ta\u015f\u0131ma g\u00f6revleri i\u00e7in hayati bir ara\u00e7t\u0131r. Kova silindiri, hidrolik s\u0131v\u0131 bas\u0131nc\u0131n\u0131 kullanarak hareket yarat\u0131r ve malzemeleri etkili bir \u015fekilde kazmak, kald\u0131rmak ve ta\u015f\u0131mak i\u00e7in g\u00fc\u00e7l\u00fc bir g\u00fc\u00e7 sa\u011flar. Tasar\u0131m\u0131, dayan\u0131kl\u0131l\u0131\u011fa odaklanarak zorlu \u00e7al\u0131\u015fma ortamlar\u0131n\u0131n zorluklar\u0131na dayanabilmesini sa\u011flar.<\/p>\n<p><img decoding=\"async\" src=\"https:\/\/www.hydraulic-cylinders.net\/wp-content\/uploads\/2025\/04\/songte-company-1.webp\" alt=\"Bom Silindiri G\u00f6r\u00fcnt\u00fcs\u00fc\" \/><\/p>\n<h2>Bom Silindirinin \u00d6zellikleri<\/h2>\n<ul>\n<li>\n<h3>Y\u00fcksek G\u00fc\u00e7 ve Dayan\u0131kl\u0131l\u0131k<\/h3>\n<p>Y\u00fcksek mukavemetli \u00e7elik veya al\u00fcminyumdan \u00fcretilen Boom Silindiri, y\u00fcksek bas\u0131n\u00e7lara ve a\u011f\u0131r y\u00fcklere dayanacak \u015fekilde tasarlanm\u0131\u015ft\u0131r ve zorlu ko\u015fullarda g\u00fcvenilirlik sa\u011flar. Kullan\u0131lan malzemeler, a\u015f\u0131nma direnci ve korozyon korumas\u0131 g\u00f6z \u00f6n\u00fcnde bulundurularak se\u00e7ilerek \u00fcr\u00fcn\u00fcn kullan\u0131m \u00f6mr\u00fc uzat\u0131lm\u0131\u015ft\u0131r.<\/p>\n<\/li>\n<li>\n<h3>Verimli Hidrolik \u00c7al\u0131\u015fma<\/h3>\n<p>Bu silindir, hidrolik ya\u011f bas\u0131nc\u0131n\u0131n verimli kullan\u0131m\u0131 sayesinde sorunsuz \u00e7al\u0131\u015f\u0131r ve kontrol komutlar\u0131na h\u0131zl\u0131 yan\u0131t verir. Sa\u011flad\u0131\u011f\u0131 \u00f6nemli itme ve \u00e7ekme kuvveti sayesinde a\u011f\u0131r cisimleri ve karma\u015f\u0131k g\u00f6revleri ta\u015f\u0131mak i\u00e7in uygundur.<\/p>\n<\/li>\n<li>\n<h3>\u00c7e\u015fitli T\u00fcrler<\/h3>\n<p>Belirli operasyonel ihtiya\u00e7lar\u0131 kar\u015f\u0131lamak i\u00e7in tek etkili (tek y\u00f6nde \u00e7al\u0131\u015fan) ve \u00e7ift etkili (her iki y\u00f6nde \u00e7al\u0131\u015fan) silindirler dahil olmak \u00fczere farkl\u0131 konfig\u00fcrasyonlar mevcuttur. Baz\u0131 modeller, d\u0131\u015f boyutlar\u0131 art\u0131rmadan daha geni\u015f eri\u015fim sa\u011flayan teleskopik tasar\u0131mlara sahiptir ve alan k\u0131s\u0131tlamas\u0131 olan uygulamalar i\u00e7in idealdir.<\/p>\n<\/li>\n<li>\n<h3>\u00d6zel \u00dcretim Yetenekleri<\/h3>\n<p>Bu \u00fcr\u00fcn\u00fc, mevcut hidrolik silindirlerin yerini m\u00fckemmel bir \u015fekilde alacak \u015fekilde \u00fcretiyor, uyumluluk ve performans sa\u011fl\u0131yoruz. \u00dcretim s\u00fcrecimiz, \u00e7e\u015fitli m\u00fc\u015fteri gereksinimlerini kar\u015f\u0131lamak i\u00e7in en y\u00fcksek standartlara uygundur.<\/p>\n<\/li>\n<li>\n<h3>Kapsaml\u0131 Kalite G\u00fcvencesi<\/h3>\n<p>T\u00fcm hidrolik silindirlerimiz, sekt\u00f6r standartlar\u0131n\u0131 kar\u015f\u0131lad\u0131klar\u0131ndan emin olmak i\u00e7in titiz testlerden ve kalite kontrollerinden ge\u00e7er. Kaliteye olan bu ba\u011fl\u0131l\u0131\u011f\u0131m\u0131z, m\u00fc\u015fterilerimize Bom Silindirinin performans\u0131n\u0131 ve uzun \u00f6m\u00fcrl\u00fcl\u00fc\u011f\u00fcn\u00fc garanti eder.<\/p>\n<\/li>\n<\/ul>\n<p><img decoding=\"async\" src=\"https:\/\/www.hydraulic-cylinders.net\/wp-content\/uploads\/2025\/04\/songte-cylinder-head-with-all-kinds-excavator-models.webp\" alt=\"Silindir Kapa\u011f\u0131 G\u00f6r\u00fcnt\u00fcs\u00fc\" \/><\/p>\n<h2>Bom Silindirinin Uygulamalar\u0131<\/h2>\n<ul>\n<li>\n<h3>\u0130n\u015faat Ekipmanlar\u0131<\/h3>\n<p>Ekskavat\u00f6rlerde Bom Silindiri, kazma, y\u00fckleme ve toprak veya moloz ta\u015f\u0131ma i\u015flemlerinde \u00f6nemli bir rol oynar. Hassas kep\u00e7e hareketlerini kolayla\u015ft\u0131rma kabiliyeti, operasyonel verimlili\u011fi art\u0131rarak \u015fantiyelerde etkili malzeme y\u00f6netimine olanak tan\u0131r.<\/p>\n<\/li>\n<li>\n<h3>Tar\u0131m Makinalar\u0131<\/h3>\n<p>\u00d6n y\u00fckleyicilerde Bom Silindiri, toprak, saman ve di\u011fer malzemelerin kep\u00e7elenmesi, kald\u0131r\u0131lmas\u0131 ve ta\u015f\u0131nmas\u0131 i\u00e7in \u00e7ok \u00f6nemlidir. Tar\u0131msal uygulamalardaki g\u00fcvenilir performans\u0131, operat\u00f6r\u00fcn \u00fczerindeki y\u00fck\u00fc azalt\u0131rken verimlili\u011fi en \u00fcst d\u00fczeye \u00e7\u0131kar\u0131r.<\/p>\n<\/li>\n<li>\n<h3>Ekskavat\u00f6rler<\/h3>\n<p>Bom Silindiri, kep\u00e7enin topra\u011fa etkili bir \u015fekilde n\u00fcfuz etmesini sa\u011flayarak verimli kaz\u0131 yap\u0131lmas\u0131n\u0131 kolayla\u015ft\u0131r\u0131r. Bu \u00f6zellik, in\u015faat, peyzaj ve \u00e7e\u015fitli toprak i\u015fleme i\u015fleri i\u00e7in hayati \u00f6nem ta\u015f\u0131r.<\/p>\n<\/li>\n<li>\n<h3>Y\u00fckleyiciler<\/h3>\n<p>\u00d6n y\u00fckleyicilerde, y\u00fcklerin verimli bir \u015fekilde kald\u0131r\u0131lmas\u0131na ve bo\u015falt\u0131lmas\u0131na yard\u0131mc\u0131 olurlar. Bom Silindiri'nin tasar\u0131m\u0131, etkili malzeme ta\u015f\u0131ma i\u00e7in hayati \u00f6nem ta\u015f\u0131yan maksimum kald\u0131rma y\u00fcksekli\u011fi ve optimum bo\u015faltma a\u00e7\u0131lar\u0131 sa\u011flar.<\/p>\n<\/li>\n<\/ul>\n<h2>Tasar\u0131m Hususlar\u0131 ve Se\u00e7im Kriterleri<\/h2>\n<ul>\n<li>\n<h3>Y\u00fck Kapasitesi<\/h3>\n<p>Bom Silindirinin y\u00fck kapasitesi, tasar\u0131m\u0131n\u0131n hayati bir unsurudur. Kullan\u0131ld\u0131\u011f\u0131 makinelerin operasyonel gereksinimlerini kar\u015f\u0131lad\u0131\u011f\u0131ndan emin olmak i\u00e7in de\u011ferlendirilmelidir. M\u00fchendisler, silindirin kald\u0131rmas\u0131 gereken maksimum a\u011f\u0131rl\u0131\u011f\u0131 g\u00f6z \u00f6n\u00fcnde bulundurur ve kullan\u0131lan malzemelerin bu a\u011f\u0131rl\u0131\u011f\u0131 g\u00fcvenli bir \u015fekilde kald\u0131rabilece\u011finden emin olarak \u00e7al\u0131\u015fma s\u0131ras\u0131nda ar\u0131zalar\u0131 \u00f6nler. Tasar\u0131m a\u015famas\u0131nda do\u011fru hesaplamalar, g\u00fcvenli\u011fi ve i\u015flevselli\u011fi art\u0131rmak i\u00e7in silindir i\u00e7in uygun boyut ve malzemelerin se\u00e7ilmesine yard\u0131mc\u0131 olur.<\/p>\n<\/li>\n<li>\n<h3>S\u0131zd\u0131rmazl\u0131k B\u00fct\u00fcnl\u00fc\u011f\u00fc<\/h3>\n<p>Hidrolik silindirlerde s\u0131zd\u0131rmazl\u0131k, s\u0131v\u0131 s\u0131z\u0131nt\u0131lar\u0131n\u0131 \u00f6nlemek ve bas\u0131nc\u0131 korumak i\u00e7in hayati \u00f6nem ta\u015f\u0131r. Conta se\u00e7imi ve montaj\u0131, uzun vadeli performans ve g\u00fcvenilirlik sa\u011flamal\u0131d\u0131r. Poli\u00fcretan ve nitril kau\u00e7uk gibi malzemelerden \u00fcretilen y\u00fcksek kaliteli contalar, silindirin dayan\u0131kl\u0131l\u0131\u011f\u0131n\u0131 art\u0131r\u0131r. Tasar\u0131m ayr\u0131ca, bak\u0131m s\u0131ras\u0131nda conta de\u011fi\u015fimi i\u00e7in kolay eri\u015fim sa\u011flayarak ar\u0131za s\u00fcresini ve operasyonel kesintileri en aza indirmelidir.<\/p>\n<\/li>\n<li>\n<h3>Dayan\u0131kl\u0131l\u0131k<\/h3>\n<p>Bom Silindirinin dayan\u0131kl\u0131l\u0131\u011f\u0131, \u00f6zellikle zorlu \u00e7al\u0131\u015fma ko\u015fullar\u0131nda hayati \u00f6nem ta\u015f\u0131r. Malzeme se\u00e7imi, uzun \u00f6m\u00fcrl\u00fcl\u00fckte \u00f6nemli bir rol oynar; a\u015f\u0131nma ve y\u0131pranmaya kar\u015f\u0131 diren\u00e7leri nedeniyle y\u00fcksek mukavemetli \u00e7elik veya al\u00fcminyum tercih edilir. \u00dcretim s\u00fcre\u00e7leri, silindirin a\u015f\u0131r\u0131 ko\u015fullara bozulmadan dayanmas\u0131n\u0131 sa\u011flayacak \u015fekilde y\u00fczey sertli\u011fini ve korozyon direncini art\u0131ran i\u015flemler i\u00e7ermelidir.<\/p>\n<\/li>\n<li>\n<h3>G\u00fcvenlik \u00d6zellikleri<\/h3>\n<p>Hidrolik sistemlerde g\u00fcvenlik en \u00f6nemli unsurdur. Bom Silindiri tasar\u0131m\u0131, kontrols\u00fcz hareketleri \u00f6nlemek i\u00e7in bas\u0131n\u00e7 tahliye valfleri ve emniyet kilitleri gibi \u00f6zellikler i\u00e7ermelidir. Bu \u00f6zelliklerin do\u011fru \u015fekilde \u00e7al\u0131\u015ft\u0131\u011f\u0131ndan ve yasal standartlara uygun oldu\u011fundan emin olmak i\u00e7in d\u00fczenli g\u00fcvenlik denetimleri yap\u0131lmal\u0131d\u0131r. Operat\u00f6rler, bu g\u00fcvenlik \u00f6zelliklerini anlayacak \u015fekilde e\u011fitilmeli, b\u00f6ylece g\u00fcvenli \u00e7al\u0131\u015fma sa\u011flanmal\u0131 ve kaza riski en aza indirilmelidir.<\/p>\n<\/li>\n<li>\n<h3>Bak\u0131m Eri\u015filebilirli\u011fi<\/h3>\n<p>Bom Silindirinin bak\u0131m d\u00fc\u015f\u00fcn\u00fclerek tasarlanmas\u0131, kullan\u0131m \u00f6mr\u00fcn\u00fc ve i\u015flevselli\u011fini art\u0131r\u0131r. Ya\u011flama noktalar\u0131na kolay eri\u015fim, \u00e7\u0131kar\u0131labilir contalar ve \u00f6nemli bile\u015fenlerin tan\u0131mlanmas\u0131 i\u00e7in net etiketler gibi \u00f6zellikler, bak\u0131m \u00e7al\u0131\u015fmalar\u0131n\u0131 daha h\u0131zl\u0131 ve verimli hale getirebilir. Ayr\u0131ca, operat\u00f6rlerin gerekli bak\u0131m g\u00f6revlerini etkili bir \u015fekilde yerine getirmelerine yard\u0131mc\u0131 olmak i\u00e7in kapsaml\u0131 bir bak\u0131m k\u0131lavuzu sa\u011flanmal\u0131d\u0131r.<\/p>\n<\/li>\n<\/ul>\n<p><img decoding=\"async\" src=\"https:\/\/www.hydraulic-cylinders.net\/wp-content\/uploads\/2025\/04\/songte-oil-pipes-and-spare-parts.webp\" alt=\"Petrol Borular\u0131 ve Yedek Par\u00e7a G\u00f6rseli\" \/><\/p>\n<h2>Silindirin S\u0131zd\u0131rmazl\u0131\u011f\u0131 ve Ya\u011flanmas\u0131<\/h2>\n<p>Hidrolik silindirlerin optimum performans\u0131 i\u00e7in etkili s\u0131zd\u0131rmazl\u0131k ve ya\u011flama kritik \u00f6neme sahiptir. Hidrolik s\u0131v\u0131 s\u0131z\u0131nt\u0131lar\u0131n\u0131 \u00f6nlemek i\u00e7in piston ke\u00e7eleri ve piston kolu ke\u00e7eleri gibi \u00e7e\u015fitli s\u0131zd\u0131rmazl\u0131k elemanlar\u0131 kullan\u0131l\u0131r. Poli\u00fcretan ve nitril kau\u00e7uk gibi dayan\u0131kl\u0131 malzemelerden \u00fcretilen ke\u00e7eler, a\u015f\u0131nmaya ve \u00e7evresel fakt\u00f6rlere kar\u015f\u0131 dayan\u0131kl\u0131l\u0131klar\u0131 nedeniyle tercih edilir. Silindir g\u00f6vdesi ve di\u015fli u\u00e7 y\u00fczeyleri, a\u015f\u0131nma direncini art\u0131rmak i\u00e7in hassas bir i\u015fleme tabi tutulur ve \u00e7al\u0131\u015fma s\u0131ras\u0131nda s\u0131k\u0131 bir s\u0131zd\u0131rmazl\u0131k sa\u011flan\u0131r. Hareketli par\u00e7alar aras\u0131ndaki s\u00fcrt\u00fcnmeyi azaltmak, sorunsuz \u00e7al\u0131\u015fmay\u0131 desteklemek ve erken a\u015f\u0131nmay\u0131 \u00f6nlemek i\u00e7in uygun hidrolik ya\u011f ile d\u00fczenli ya\u011flama \u015fartt\u0131r. Operat\u00f6rler, yeterli ya\u011f seviyelerini sa\u011flamak ve optimum performans\u0131 s\u00fcrd\u00fcrmek i\u00e7in bir ya\u011flama program\u0131 izlemelidir.<\/p>\n<h2>D\u00fczenli Muayene ve \u00d6nleyici Bak\u0131m \u00d6nlemleri<\/h2>\n<ul>\n<li>\n<h3>D\u00fczenli Denetimler<\/h3>\n<p>Bom Silindirinin d\u00fczenli olarak kontrol edilmesi, sorunlar\u0131n ciddi sorunlara d\u00f6n\u00fc\u015fmeden \u00f6nce tespit edilmesine yard\u0131mc\u0131 olur. Operat\u00f6rler, contalarda ve silindir g\u00f6vdesinde s\u0131z\u0131nt\u0131, a\u015f\u0131nma ve hasar belirtilerini kontrol etmelidir. Performans \u00f6l\u00e7\u00fcmlerinin d\u00fczenli olarak izlenmesi de bak\u0131m\u0131n ne zaman gerekli oldu\u011funu belirleyerek silindirin \u00f6ng\u00f6r\u00fclen parametreler dahilinde \u00e7al\u0131\u015fmas\u0131n\u0131 sa\u011flar.<\/p>\n<\/li>\n<li>\n<h3>Uygun Ya\u011flama<\/h3>\n<p>Silindirin d\u00fczg\u00fcn \u00e7al\u0131\u015fmas\u0131 i\u00e7in yeterli ya\u011flanmas\u0131n\u0131n sa\u011flanmas\u0131 \u00e7ok \u00f6nemlidir. Operat\u00f6rler, ya\u011flama s\u0131kl\u0131\u011f\u0131 ve kullan\u0131lacak hidrolik ya\u011f t\u00fcr\u00fc konusunda \u00fcreticinin talimatlar\u0131na uymal\u0131d\u0131r. Do\u011fru ya\u011flama, s\u00fcrt\u00fcnmeyi en aza indirir, \u0131s\u0131 olu\u015fumunu azalt\u0131r ve silindir bile\u015fenlerinin \u00f6mr\u00fcn\u00fc uzat\u0131r.<\/p>\n<\/li>\n<li>\n<h3>Conta De\u011fi\u015fimi ve Kalibrasyon Kontrolleri<\/h3>\n<p>Hidrolik sistemin b\u00fct\u00fcnl\u00fc\u011f\u00fcn\u00fc korumak i\u00e7in contalar\u0131n a\u015f\u0131nma modellerine g\u00f6re d\u00fczenli olarak de\u011fi\u015ftirilmesi \u00e7ok \u00f6nemlidir. Operat\u00f6rler, contalar\u0131n ne zaman de\u011fi\u015ftirilmesi gerekti\u011fini belirlemek ve montaj i\u00e7in uygun prosed\u00fcrleri takip etmek \u00fczere e\u011fitilmelidir. Kalibrasyon kontrolleri, silindirin ama\u00e7land\u0131\u011f\u0131 gibi \u00e7al\u0131\u015fmas\u0131n\u0131 sa\u011flayarak, operasyonel verimsizliklere yol a\u00e7abilecek hizalama sorunlar\u0131n\u0131n \u00f6nlenmesine yard\u0131mc\u0131 olur.<\/p>\n<\/li>\n<\/ul>\n<p><img decoding=\"async\" src=\"https:\/\/www.hydraulic-cylinders.net\/wp-content\/uploads\/2025\/04\/songte-chushion-collar.webp\" alt=\"Yast\u0131k Yaka G\u00f6rseli\" \/><\/p>\n<h2>G\u00fcvenlik Hususlar\u0131 ve \u00c7evresel Fakt\u00f6rler<\/h2>\n<p>Hidrolik silindirler kullan\u0131l\u0131rken g\u00fcvenlik \u00f6nlemleri son derece \u00f6nemlidir. Operat\u00f6rler, ani silindir ar\u0131zalar\u0131 veya hidrolik s\u0131v\u0131 s\u0131z\u0131nt\u0131lar\u0131 gibi hidrolik sistemlerle ili\u015fkili potansiyel riskleri anlayacak \u015fekilde e\u011fitilmelidir. Ki\u015fisel koruyucu ekipman (KKD) kullan\u0131m\u0131 ve uygun e\u011fitimin sa\u011flanmas\u0131 gibi g\u00fcvenlik protokollerinin uygulanmas\u0131, risklerin azalt\u0131lmas\u0131na yard\u0131mc\u0131 olur. \u00c7evresel hususlar da dikkate al\u0131nmal\u0131, kullan\u0131lan hidrolik s\u0131v\u0131lar\u0131n \u00e7evre dostu olmas\u0131 ve herhangi bir s\u0131z\u0131nt\u0131 veya d\u00f6k\u00fclmenin kontaminasyonu \u00f6nlemek i\u00e7in derhal kontrol alt\u0131na al\u0131nmas\u0131 ve temizlenmesi sa\u011flanmal\u0131d\u0131r.<\/p>\n<h2>Sorun Giderme ve Yayg\u0131n Sorunlar<\/h2>\n<ul>\n<li>\n<h3>S\u0131z\u0131nt\u0131lar<\/h3>\n<p>Hidrolik s\u0131z\u0131nt\u0131lar, Bom Silindirlerinde kar\u015f\u0131la\u015f\u0131lan en yayg\u0131n sorunlardan biridir. A\u015f\u0131nm\u0131\u015f contalardan veya silindir g\u00f6vdesindeki hasarlardan kaynaklanabilirler. S\u0131z\u0131nt\u0131lar\u0131 tespit etmek i\u00e7in d\u00fczenli bak\u0131m kontrolleri yap\u0131lmal\u0131 ve gerekirse contalar\u0131 onarmak veya de\u011fi\u015ftirmek i\u00e7in derhal harekete ge\u00e7ilmelidir.<\/p>\n<\/li>\n<li>\n<h3>Yava\u015f \u00c7al\u0131\u015fma<\/h3>\n<p>Bom Silindiri yava\u015f \u00e7al\u0131\u015f\u0131yorsa, bu durum d\u00fc\u015f\u00fck hidrolik s\u0131v\u0131 seviyelerine veya t\u0131kal\u0131 bir hatta i\u015faret ediyor olabilir. Operat\u00f6rler, s\u0131v\u0131 seviyelerini ve hatlar\u0131n\u0131 t\u0131kan\u0131kl\u0131k a\u00e7\u0131s\u0131ndan kontrol etmelidir. Sistemin hava ceplerinden ve yabanc\u0131 maddelerden ar\u0131nd\u0131r\u0131lm\u0131\u015f olmas\u0131, sorunsuz \u00e7al\u0131\u015fma i\u00e7in \u00e7ok \u00f6nemlidir.<\/p>\n<\/li>\n<li>\n<h3>Al\u0131\u015f\u0131lmad\u0131k Sesler<\/h3>\n<p>\u00c7al\u0131\u015fma s\u0131ras\u0131nda duyulan ola\u011fand\u0131\u015f\u0131 sesler, kavitasyon veya mekanik ar\u0131za gibi dahili sorunlar\u0131n habercisi olabilir. Operat\u00f6rler, \u00e7al\u0131\u015fmay\u0131 durdurup kapsaml\u0131 bir inceleme yaparak g\u00fcr\u00fclt\u00fcn\u00fcn kayna\u011f\u0131n\u0131 tespit etmeli ve gerekli onar\u0131mlar\u0131 derhal yapmal\u0131d\u0131r.<\/p>\n<\/li>\n<\/ul>\n<h2>Etkili Sorun Giderme \u0130pu\u00e7lar\u0131<\/h2>\n<p>Hidrolik silindirlerle ilgili sorunlar\u0131 etkili bir \u015fekilde te\u015fhis etmek ve \u00e7\u00f6zmek i\u00e7in operat\u00f6rler sistematik bir yakla\u015f\u0131m izlemelidir. \u00c7al\u0131\u015fma ko\u015fullar\u0131n\u0131 g\u00f6zden ge\u00e7irerek ve bunlar\u0131 \u00fcreticinin \u00f6nerileriyle kar\u015f\u0131la\u015ft\u0131rarak ba\u015flay\u0131n. T\u00fcm bile\u015fenleri a\u015f\u0131nma, hasar veya hizalama bozuklu\u011fu belirtileri a\u00e7\u0131s\u0131ndan inceleyin. Daha k\u00fc\u00e7\u00fck sorunlar\u0131 h\u0131zla ele alarak b\u00fcy\u00fcmelerini \u00f6nleyin ve zaman i\u00e7indeki de\u011fi\u015fimleri takip etmek i\u00e7in bir onar\u0131m ve inceleme kayd\u0131 tutun. Ayr\u0131ca, operat\u00f6rlere sorun giderme teknikleri konusunda d\u00fczenli e\u011fitim verilmesi, bak\u0131m s\u00fcrecinin verimlili\u011fini \u00f6nemli \u00f6l\u00e7\u00fcde art\u0131rabilir.<\/p>\n<p><img decoding=\"async\" src=\"https:\/\/www.hydraulic-cylinders.net\/wp-content\/uploads\/2025\/04\/songte-bushings-with-all-kinds-of-excavator-models.webp\" alt=\"Bur\u00e7lar G\u00f6r\u00fcnt\u00fcs\u00fc\" \/><\/p>\n<h2>\u015eirketimiz Hakk\u0131nda<\/h2>\n<p>Hem yurt i\u00e7i hem de yurt d\u0131\u015f\u0131 pazarlara hitap eden kapsaml\u0131 bir \u00fcr\u00fcn yelpazesi sunan lider bir yedek hidrolik silindir \u00fcreticisiyiz. M\u00fckemmellik taahh\u00fcd\u00fcm\u00fcz, hassas \u00fcretim s\u00fcre\u00e7lerine ve s\u0131k\u0131 \u00fcretim y\u00f6netimi stratejilerine odaklanmam\u0131zla vurgulanmaktad\u0131r. Nitelikli profesyoneller, geli\u015fmi\u015f dijital \u00fcretim ekipmanlar\u0131 ve sa\u011flam test sistemlerinden yararlanarak \u00fcretim kapasitemizi s\u00fcrekli olarak geli\u015ftiriyoruz. Hassasiyet ve kaliteye olan bu ba\u011fl\u0131l\u0131\u011f\u0131m\u0131z, \u00e7e\u015fitli m\u00fc\u015fteri ihtiya\u00e7lar\u0131n\u0131 y\u00fcksek verimlilik, do\u011fruluk ve kaliteyle kar\u015f\u0131lamam\u0131z\u0131 sa\u011flar.<\/p>\n<ul>\n<li>\n<h3>Profesyonel Uzmanl\u0131k<\/h3>\n<p>Ekibimiz, \u00fcretim s\u00fcrecine kapsaml\u0131 bilgi ve deneyim katan, son derece yetenekli profesyonellerden olu\u015fmaktad\u0131r. Uzmanl\u0131klar\u0131, t\u00fcm \u00fcr\u00fcnlerin sekt\u00f6r standartlar\u0131n\u0131 kar\u015f\u0131lamas\u0131n\u0131 veya a\u015fmas\u0131n\u0131 sa\u011flar.<\/p>\n<\/li>\n<li>\n<h3>Uluslararas\u0131 Sertifikalar<\/h3>\n<p>Uluslararas\u0131 kalite standartlar\u0131na ba\u011fl\u0131 kalarak, \u00fcr\u00fcnlerimizin k\u00fcresel pazarlar i\u00e7in sertifikal\u0131 olmas\u0131n\u0131 sa\u011fl\u0131yoruz. Bu ba\u011fl\u0131l\u0131k, g\u00fcvenilirli\u011fimizi ve m\u00fc\u015fteri g\u00fcvenini art\u0131r\u0131yor.<\/p>\n<\/li>\n<li>\n<h3>\u00d6zelle\u015ftirilmi\u015f Hizmetler<\/h3>\n<p>M\u00fc\u015fterilerimizin \u00f6zel ihtiya\u00e7lar\u0131n\u0131 kar\u015f\u0131lamak i\u00e7in \u00f6zelle\u015ftirilmi\u015f \u00e7\u00f6z\u00fcmler sunuyor, operasyonel verimlili\u011fi art\u0131ran esneklik ve \u00f6zel \u00fcr\u00fcnler sa\u011fl\u0131yoruz.<\/p>\n<\/li>\n<li>\n<h3>Son Teknoloji \u00dcretim Ekipmanlar\u0131<\/h3>\n<p>\u00dcretim tesislerimiz en son teknolojiyle donat\u0131lm\u0131\u015f olup, y\u00fcksek kalitede, hassasiyet ve verimlilikle hidrolik silindirler \u00fcretmemizi sa\u011flamaktad\u0131r.<\/p>\n<\/li>\n<li>\n<h3>Kapsaml\u0131 Sat\u0131\u015f Sonras\u0131 Destek<\/h3>\n<p>M\u00fc\u015fterilerimize s\u00fcrekli destek sa\u011flamaya, \u00fcr\u00fcnlerimizin uzun \u00f6m\u00fcrl\u00fc ve g\u00fcvenilir olmas\u0131n\u0131 sa\u011flayan sat\u0131\u015f sonras\u0131 hizmetler sunmaya inan\u0131yoruz.<\/p>\n<\/li>\n<\/ul>\n<p><img decoding=\"async\" src=\"https:\/\/www.hydraulic-cylinders.net\/wp-content\/uploads\/2025\/04\/songte-company-4.webp\" alt=\"\u015eirket G\u00f6rseli 1\" \/><br \/>\n<img decoding=\"async\" src=\"https:\/\/www.hydraulic-cylinders.net\/wp-content\/uploads\/2025\/04\/songte-company-3.webp\" alt=\"\u015eirket G\u00f6rseli 2\" \/><\/p>\n<p>Yazar lyl<\/p>","protected":false},"excerpt":{"rendered":"<p>Boom Cylinder For Tiangong ZG3255LC-9C Product Overview The Boom Cylinder for Tiangong ZG3255LC-9C is an essential hydraulic component specifically designed to control the motion of buckets in various heavy machinery, such as excavators, backhoes, and front loaders. This hydraulic cylinder allows for the lifting, lowering, and tilting of the bucket, making it a vital tool [&hellip;]<\/p>","protected":false},"featured_media":17874,"comment_status":"open","ping_status":"closed","template":"","meta":{"_et_pb_use_builder":"","_et_pb_old_content":"","_et_gb_content_width":""},"product_brand":[],"product_cat":[1546],"product_tag":[1547,1496],"class_list":{"0":"post-19686","1":"product","2":"type-product","3":"status-publish","4":"has-post-thumbnail","6":"product_cat-boom-cylinders","7":"product_tag-boom-cylinders","8":"product_tag-hydraulic-cylinders","10":"first","11":"instock","12":"shipping-taxable","13":"product-type-simple"},"amp_enabled":true,"_links":{"self":[{"href":"https:\/\/www.hydraulic-cylinders.net\/tr\/wp-json\/wp\/v2\/product\/19686","targetHints":{"allow":["GET"]}}],"collection":[{"href":"https:\/\/www.hydraulic-cylinders.net\/tr\/wp-json\/wp\/v2\/product"}],"about":[{"href":"https:\/\/www.hydraulic-cylinders.net\/tr\/wp-json\/wp\/v2\/types\/product"}],"replies":[{"embeddable":true,"href":"https:\/\/www.hydraulic-cylinders.net\/tr\/wp-json\/wp\/v2\/comments?post=19686"}],"wp:featuredmedia":[{"embeddable":true,"href":"https:\/\/www.hydraulic-cylinders.net\/tr\/wp-json\/wp\/v2\/media\/17874"}],"wp:attachment":[{"href":"https:\/\/www.hydraulic-cylinders.net\/tr\/wp-json\/wp\/v2\/media?parent=19686"}],"wp:term":[{"taxonomy":"product_brand","embeddable":true,"href":"https:\/\/www.hydraulic-cylinders.net\/tr\/wp-json\/wp\/v2\/product_brand?post=19686"},{"taxonomy":"product_cat","embeddable":true,"href":"https:\/\/www.hydraulic-cylinders.net\/tr\/wp-json\/wp\/v2\/product_cat?post=19686"},{"taxonomy":"product_tag","embeddable":true,"href":"https:\/\/www.hydraulic-cylinders.net\/tr\/wp-json\/wp\/v2\/product_tag?post=19686"}],"curies":[{"name":"wp","href":"https:\/\/api.w.org\/{rel}","templated":true}]}}