{"id":19687,"date":"2025-04-07T07:01:43","date_gmt":"2025-04-07T07:01:43","guid":{"rendered":"https:\/\/www.hydraulic-cylinders.net\/product\/boom-cylinder-for-tiangong-zg3235-9c\/"},"modified":"2025-04-07T07:01:53","modified_gmt":"2025-04-07T07:01:53","slug":"boom-cylinder-for-tiangong-zg3235-9c","status":"publish","type":"product","link":"https:\/\/www.hydraulic-cylinders.net\/tr\/urun\/boom-cylinder-for-tiangong-zg3235-9c\/","title":{"rendered":"Tiangong ZG3235-9C i\u00e7in Bom Silindiri"},"content":{"rendered":"<h1>Tiangong ZG3235-9C i\u00e7in Bom Silindiri<\/h1>\n<h2>Bom Silindirini Anlamak<\/h2>\n<p>Tiangong ZG3235-9C i\u00e7in \u00f6zel olarak tasarlanm\u0131\u015f olan Bom Silindiri, a\u011f\u0131r makinelerde kullan\u0131lan hidrolik sistemlerin \u00f6nemli bir bile\u015fenidir. Bu \u00f6zel hidrolik silindir, ekskavat\u00f6rler, beko y\u00fckleyiciler ve \u00f6n y\u00fckleyiciler gibi \u00e7e\u015fitli ekipmanlarda kep\u00e7elerin hareketini kontrol etmekten sorumludur. Bom silindiri, kep\u00e7enin y\u00fckseltilmesini, al\u00e7alt\u0131lmas\u0131n\u0131 ve e\u011filmesini sa\u011flayarak, \u00e7e\u015fitli sekt\u00f6rlerde verimli malzeme ta\u015f\u0131ma g\u00f6revlerini kolayla\u015ft\u0131r\u0131r.<\/p>\n<p><img decoding=\"async\" src=\"https:\/\/www.hydraulic-cylinders.net\/wp-content\/uploads\/2025\/04\/songte-company-1.webp\" alt=\"Bom Silindiri G\u00f6r\u00fcnt\u00fcs\u00fc\"><\/p>\n<p>Hidrolik silindir t\u00fcrlerinden biri olan bom silindiri, hidrolik bas\u0131nc\u0131 mekanik kuvvete d\u00f6n\u00fc\u015ft\u00fcrerek \u00e7al\u0131\u015f\u0131r ve b\u00fcy\u00fck kep\u00e7eleri ve ata\u015fmanlar\u0131 hareket ettirmek i\u00e7in gerekli g\u00fcc\u00fc sa\u011flar. Bu i\u015flevsellik, kazma, kald\u0131rma ve malzeme ta\u015f\u0131ma gibi i\u015flerde verimlili\u011fi en \u00fcst d\u00fczeye \u00e7\u0131karmak i\u00e7in \u00e7ok \u00f6nemlidir. Bom silindirinin tasar\u0131m\u0131 ve performans\u0131, a\u011f\u0131r makinelerin genel verimlili\u011fini ve etkinli\u011fini do\u011frudan etkiler.<\/p>\n<h2>Bom Silindirinin Temel \u00d6zellikleri<\/h2>\n<ul>\n<li><strong>Y\u00fcksek Dayan\u0131kl\u0131l\u0131k ve Dayan\u0131kl\u0131l\u0131k:<\/strong> Y\u00fcksek mukavemetli \u00e7elik veya al\u00fcminyumdan \u00fcretilen bu silindirler, y\u00fcksek bas\u0131nca ve a\u011f\u0131r y\u00fcklere dayan\u0131kl\u0131d\u0131r ve bu da onlar\u0131 zorlu \u00e7al\u0131\u015fma ortamlar\u0131 i\u00e7in uygun hale getirir. Tasar\u0131m, a\u015f\u0131nma direnci ve korozyon korumas\u0131na odaklanarak kullan\u0131m \u00f6mr\u00fcn\u00fc \u00f6nemli \u00f6l\u00e7\u00fcde uzat\u0131r.<\/li>\n<li><strong>Verimli Hidrolik \u00c7al\u0131\u015fma:<\/strong> Hidrolik ya\u011f\u0131n bas\u0131nc\u0131n\u0131 kullanan bom silindiri, sorunsuz teleskopik hareketler sa\u011flar, operat\u00f6r komutlar\u0131na h\u0131zl\u0131 bir \u015fekilde yan\u0131t verebilir ve a\u011f\u0131r ve karma\u015f\u0131k i\u015fler i\u00e7in ideal olan \u00f6nemli bir itme ve \u00e7ekme g\u00fcc\u00fc sunar.<\/li>\n<li><strong>\u00c7e\u015fitli T\u00fcrler:<\/strong> Operasyonel gereksinimlere ba\u011fl\u0131 olarak, bom silindiri tek etkili (tek y\u00f6nde hidrolik bas\u0131n\u00e7 kullanan) veya \u00e7ift etkili (her iki y\u00f6nde hidrolik bas\u0131n\u00e7 kullanan) bir se\u00e7enek olarak se\u00e7ilebilir. Baz\u0131 modellerde, d\u0131\u015f boyutlar\u0131 art\u0131rmadan daha fazla uzatma sa\u011flayan teleskopik bir tasar\u0131m bile bulunur; bu da onlar\u0131 alan k\u0131s\u0131tlamal\u0131 uygulamalar i\u00e7in uygun hale getirir.<\/li>\n<li><strong>Uyumluluk:<\/strong> Bu \u00fcr\u00fcnleri, mevcut hidrolik silindirlerin yerini m\u00fckemmel bir \u015fekilde alacak \u015fekilde \u00fcretiyoruz; b\u00f6ylece sorunsuz entegrasyon ve performans art\u0131\u015f\u0131 sa\u011fl\u0131yoruz.<\/li>\n<\/ul>\n<p><img decoding=\"async\" src=\"https:\/\/www.hydraulic-cylinders.net\/wp-content\/uploads\/2025\/04\/songte-cylinder-head-with-all-kinds-excavator-models.webp\" alt=\"Uyumlu Hidrolik Silindirler\"><\/p>\n<h2>Bom Silindirinin Uygulamalar\u0131<\/h2>\n<h3>\u0130n\u015faat Ekipmanlar\u0131<\/h3>\n<p>Ekskavat\u00f6rlerde, bom silindirleri toprak veya moloz kazma, y\u00fckleme ve ta\u015f\u0131ma i\u015flemlerinde temel bir rol oynar. Kaz\u0131 s\u00fcrecinin ayr\u0131lmaz bir par\u00e7as\u0131 olan bu silindirler, operat\u00f6r\u00fcn zeminin derinliklerine inmesini ve malzemeleri etkili bir \u015fekilde kald\u0131rmas\u0131n\u0131 sa\u011flar.<\/p>\n<h3>Kaz\u0131c\u0131 Y\u00fckleyiciler<\/h3>\n<p>Kaz\u0131c\u0131 y\u00fckleyicilerde, kova silindiri hem kazma hem de kald\u0131rma i\u015flemlerine yard\u0131mc\u0131 olarak, kazma ve malzeme ta\u015f\u0131ma gerektiren i\u015fler i\u00e7in gereken \u00e7ok y\u00f6nl\u00fcl\u00fc\u011f\u00fc sa\u011flar. \u0130\u015flemler aras\u0131nda etkili bir \u015fekilde ge\u00e7i\u015f yapabilme yetene\u011fi, \u015fantiyedeki verimlili\u011fi art\u0131r\u0131r.<\/p>\n<h3>Tar\u0131m Makinalar\u0131<\/h3>\n<p>\u00d6n y\u00fckleyicilerde, bom silindirleri toprak, saman ve di\u011fer malzemelerin y\u00fcklenmesini, kald\u0131r\u0131lmas\u0131n\u0131 ve ta\u015f\u0131nmas\u0131n\u0131 kolayla\u015ft\u0131r\u0131r. Verimlilikleri, tar\u0131msal i\u015flerin h\u0131zl\u0131 bir \u015fekilde ger\u00e7ekle\u015ftirilebilmesini sa\u011flayarak operasyonel aksama s\u00fcresini azalt\u0131r.<\/p>\n<h3>Ekskavat\u00f6rler<\/h3>\n<p>Ekskavat\u00f6rlerde, bom silindiri kep\u00e7enin topra\u011fa n\u00fcfuz etmesini sa\u011flayarak etkili kazma i\u015flemlerine olanak tan\u0131r. Bu i\u015flev, hassasiyet ve g\u00fcc\u00fcn gerekli oldu\u011fu in\u015faat ve peyzaj projeleri i\u00e7in \u00e7ok \u00f6nemlidir.<\/p>\n<h3>Y\u00fckleyiciler<\/h3>\n<p>\u00d6n y\u00fckleyicilerde, bom silindirleri y\u00fcklerin verimli bir \u015fekilde kald\u0131r\u0131lmas\u0131 ve bo\u015falt\u0131lmas\u0131nda hayati bir rol oynar. Sa\u011flam tasar\u0131mlar\u0131 a\u011f\u0131r kald\u0131rmay\u0131 destekleyerek, \u00e7e\u015fitli end\u00fcstrilerde malzeme ta\u015f\u0131ma i\u00e7in vazge\u00e7ilmez hale gelirler.<\/p>\n<h2>Tasar\u0131m Hususlar\u0131 ve Se\u00e7im Kriterleri<\/h2>\n<h3>Y\u00fck Kapasitesi<\/h3>\n<p>Bir bom silindirinin tasar\u0131m\u0131nda en \u00f6nemli hususlardan biri y\u00fck ta\u015f\u0131ma kapasitesidir. Bu, kullan\u0131lan malzemeler, yap\u0131sal tasar\u0131m ve hidrolik bas\u0131n\u00e7 s\u0131n\u0131rlar\u0131 taraf\u0131ndan belirlenir. \u0130yi tasarlanm\u0131\u015f bir bom silindiri, kullan\u0131m amac\u0131na uygun uygulamalarda tipik olan maksimum y\u00fckleri g\u00fcvenli bir \u015fekilde kald\u0131rabilmeli ve \u00e7al\u0131\u015fma s\u0131ras\u0131nda herhangi bir ar\u0131za ya\u015fanmamas\u0131n\u0131 sa\u011flamal\u0131d\u0131r.<\/p>\n<h3>S\u0131zd\u0131rmazl\u0131k<\/h3>\n<p>Etkili s\u0131zd\u0131rmazl\u0131k, hidrolik silindirlerin \u00f6mr\u00fc ve performans\u0131 i\u00e7in \u00e7ok \u00f6nemlidir. Y\u00fcksek kaliteli contalar\u0131n kullan\u0131m\u0131, hidrolik s\u0131v\u0131 s\u0131z\u0131nt\u0131s\u0131n\u0131 \u00f6nleyerek optimum bas\u0131n\u00e7 seviyelerini korur ve verimlili\u011fi art\u0131r\u0131r. \u0130yi s\u0131zd\u0131rmaz hale getirilmi\u015f bir silindir ayr\u0131ca, erken a\u015f\u0131nmaya ve ar\u0131zaya yol a\u00e7abilecek kirlenmeyi de \u00f6nler.<\/p>\n<h3>Dayan\u0131kl\u0131l\u0131k<\/h3>\n<p>Hidrolik silindir tasar\u0131m\u0131nda dayan\u0131kl\u0131l\u0131k kritik bir unsurdur. Kullan\u0131lan malzemeler ve \u00fcretim s\u00fcre\u00e7leri, silindirin a\u015f\u0131r\u0131 s\u0131cakl\u0131klar ve kimyasallara maruz kalma da dahil olmak \u00fczere zorlu \u00e7evre ko\u015fullar\u0131na dayanabilmesini sa\u011flamal\u0131d\u0131r. Bu dayan\u0131kl\u0131l\u0131k, zaman i\u00e7inde operasyonel verimlili\u011fin korunmas\u0131 i\u00e7in hayati \u00f6nem ta\u015f\u0131r.<\/p>\n<h3>Emniyet<\/h3>\n<p>Hidrolik silindir tasar\u0131m\u0131nda patlama korumas\u0131 ve bas\u0131n\u00e7 tahliye vanalar\u0131 gibi g\u00fcvenlik \u00f6zellikleri, kazalar\u0131 \u00f6nlemek ve operat\u00f6r g\u00fcvenli\u011fini sa\u011flamak i\u00e7in \u00e7ok \u00f6nemlidir. Bu \u00f6zelliklerin dahil edilmesi, hidrolik ar\u0131zalarla ili\u015fkili riskleri azaltmaya yard\u0131mc\u0131 olur.<\/p>\n<h3>Bak\u0131m kolayl\u0131\u011f\u0131<\/h3>\n<p>Bak\u0131m kolayl\u0131\u011f\u0131 da \u00f6nemli bir tasar\u0131m unsurudur. Hidrolik silindirler, h\u0131zl\u0131 conta de\u011fi\u015fimi ve s\u0131v\u0131 kontrol\u00fcne olanak tan\u0131yan, kolay bak\u0131m yap\u0131labilen \u015fekilde tasarlanmal\u0131d\u0131r. Bu, ar\u0131za s\u00fcresini en aza indirir ve ekipman\u0131n verimli \u00e7al\u0131\u015fmas\u0131n\u0131 sa\u011flayarak nihayetinde i\u015fletme maliyetlerini d\u00fc\u015f\u00fcr\u00fcr.<\/p>\n<p><img decoding=\"async\" src=\"https:\/\/www.hydraulic-cylinders.net\/wp-content\/uploads\/2025\/04\/songte-oil-pipes-and-spare-parts.webp\" alt=\"Petrol Borular\u0131 ve Yedek Par\u00e7alar\u0131\"><\/p>\n<h2>S\u0131zd\u0131rmazl\u0131k ve Ya\u011flama<\/h2>\n<p>Bom silindirinin i\u00e7indeki s\u0131zd\u0131rmazl\u0131k sistemi, \u00e7al\u0131\u015fmas\u0131nda \u00e7ok \u00f6nemli bir rol oynar. Optimum performans sa\u011flamak i\u00e7in piston contalar\u0131 ve mil contalar\u0131 da dahil olmak \u00fczere \u00e7e\u015fitli contalar yayg\u0131n olarak kullan\u0131l\u0131r. Poli\u00fcretan ve nitril kau\u00e7uk gibi a\u015f\u0131nmaya dayan\u0131kl\u0131 malzemelerden yap\u0131lan contalar, hidrolik s\u0131v\u0131lara kar\u015f\u0131 dayan\u0131kl\u0131l\u0131k sa\u011flamada \u00f6zellikle etkilidir.<\/p>\n<p>Ayr\u0131ca, silindir g\u00f6vdesi ve di\u015fli u\u00e7lar, a\u015f\u0131nma direncini art\u0131rmak ve zamanla hasar olas\u0131l\u0131\u011f\u0131n\u0131 en aza indirmek i\u00e7in hassas i\u015fleme tabi tutulur. Sorunsuz \u00e7al\u0131\u015fmay\u0131 s\u00fcrd\u00fcrmek i\u00e7in hidrolik ya\u011f ile d\u00fczenli ya\u011flama \u015fartt\u0131r. Yeterli ya\u011flama, a\u015f\u0131r\u0131 \u0131s\u0131nmaya ve bile\u015fenlerin erken a\u015f\u0131nmas\u0131na yol a\u00e7abilecek s\u00fcrt\u00fcnmeyi azalt\u0131r.<\/p>\n<h2>D\u00fczenli Muayene ve \u00d6nleyici Bak\u0131m<\/h2>\n<ul>\n<li><strong>D\u00fczenli Denetimler:<\/strong> Bom silindirinin durumunu de\u011ferlendirmek i\u00e7in d\u00fczenli kontroller yap\u0131n. A\u015f\u0131nma, s\u0131z\u0131nt\u0131 veya hasar belirtileri olup olmad\u0131\u011f\u0131n\u0131 kontrol edin; bunlar bak\u0131m veya de\u011fi\u015ftirme ihtiyac\u0131n\u0131 g\u00f6sterebilir.<\/li>\n<li><strong>Uygun Ya\u011flama:<\/strong> Silindirin \u00f6nerilen hidrolik ya\u011flarla yeterince ya\u011fland\u0131\u011f\u0131ndan emin olun. Bu, yaln\u0131zca performans\u0131 iyile\u015ftirmekle kalmaz, ayn\u0131 zamanda silindirin \u00f6mr\u00fcn\u00fc de uzat\u0131r.<\/li>\n<li><strong>Conta De\u011fi\u015fimi:<\/strong> Contalar\u0131n a\u015f\u0131nma durumunu d\u00fczenli olarak kontrol edin ve gerekti\u011finde de\u011fi\u015ftirin. Bu, bas\u0131nc\u0131 korumaya ve s\u0131v\u0131 s\u0131z\u0131nt\u0131lar\u0131n\u0131 \u00f6nlemeye yard\u0131mc\u0131 olacakt\u0131r.<\/li>\n<\/ul>\n<h2>Kurulum Talimatlar\u0131<\/h2>\n<p>Bom silindirinin do\u011fru montaj\u0131, i\u015flevsellik ve g\u00fcvenlik a\u00e7\u0131s\u0131ndan kritik \u00f6neme sahiptir. Bile\u015fenler \u00fczerinde gereksiz gerilim olu\u015fmas\u0131n\u0131 \u00f6nlemek i\u00e7in silindirin montaj noktalar\u0131yla do\u011fru \u015fekilde hizaland\u0131\u011f\u0131ndan emin olun. \u00c7al\u0131\u015fma s\u0131ras\u0131nda hareket etmesini \u00f6nlemek i\u00e7in silindiri sabitlemek \u00fczere uygun montaj braketleri kullan\u0131n.<\/p>\n<p>Montajdan \u00f6nce, kirlenmeyi \u00f6nlemek i\u00e7in t\u00fcm hidrolik ba\u011flant\u0131lar\u0131n temizli\u011fini kontrol edin. Montaj tamamland\u0131ktan sonra, hidrolik sisteme \u00f6nerilen ya\u011f\u0131 doldurun ve sorunsuz \u00e7al\u0131\u015fma sa\u011flamak i\u00e7in sistemdeki havay\u0131 bo\u015falt\u0131n. Montajdan sonra, silindirin do\u011fru ve verimli \u00e7al\u0131\u015ft\u0131\u011f\u0131n\u0131 do\u011frulamak i\u00e7in bir test \u00e7al\u0131\u015fmas\u0131 yap\u0131n.<\/p>\n<h2>Yayg\u0131n Bak\u0131m G\u00f6revleri<\/h2>\n<ul>\n<li><strong>D\u00fczenli Kontroller:<\/strong> T\u00fcm bile\u015fenlerin d\u00fczg\u00fcn \u00e7al\u0131\u015ft\u0131\u011f\u0131ndan emin olmak i\u00e7in d\u00fczenli kontroller yap\u0131n. Bu, hidrolik s\u0131v\u0131 seviyelerinin kontrol edilmesini ve hortumlar ile ba\u011flant\u0131 par\u00e7alar\u0131n\u0131n a\u015f\u0131nma belirtileri a\u00e7\u0131s\u0131ndan incelenmesini i\u00e7erir.<\/li>\n<li><strong>Uygun Ya\u011flama:<\/strong> A\u015f\u0131nmay\u0131 \u00f6nlemek i\u00e7in contalar\u0131n ve mente\u015fe noktalar\u0131n\u0131n \u00fcretici talimatlar\u0131na uygun olarak ya\u011fland\u0131\u011f\u0131ndan emin olun.<\/li>\n<li><strong>Conta De\u011fi\u015fimi:<\/strong> S\u0131zd\u0131rmazl\u0131k elemanlar\u0131n\u0131n durumunu izleyin ve verimlili\u011fi korumak ve s\u0131z\u0131nt\u0131lar\u0131 \u00f6nlemek i\u00e7in bunlar\u0131 derhal de\u011fi\u015ftirin.<\/li>\n<\/ul>\n<p>Montaj s\u0131ras\u0131nda do\u011fru hizalaman\u0131n sa\u011flanmas\u0131 son derece \u00f6nemlidir. Yanl\u0131\u015f hizalama, a\u015f\u0131nmay\u0131 art\u0131rabilir ve potansiyel ar\u0131zaya yol a\u00e7abilir. Silindiri etkili bir \u015fekilde yerine sabitlemek i\u00e7in uygun montaj braketleri kullan\u0131n. D\u00fczenli olarak planlanm\u0131\u015f kontroller, onar\u0131mlar ve de\u011fi\u015fimler, ekipman\u0131n uzun \u00f6m\u00fcrl\u00fcl\u00fc\u011f\u00fcn\u00fc ve etkinli\u011fini korumak, verimlili\u011fi art\u0131rmak ve ar\u0131za s\u00fcrelerini azaltmak i\u00e7in hayati \u00f6neme sahiptir.<\/p>\n<p><img decoding=\"async\" src=\"https:\/\/www.hydraulic-cylinders.net\/wp-content\/uploads\/2025\/04\/songte-chushion-collar.webp\" alt=\"Yast\u0131k Yaka\"><\/p>\n<h2>G\u00fcvenlik Hususlar\u0131 ve \u00c7evresel Fakt\u00f6rler<\/h2>\n<p>Hidrolik silindirlerle \u00e7al\u0131\u015f\u0131rken g\u00fcvenlik \u00f6nlemleri son derece \u00f6nemlidir. Operat\u00f6rler g\u00fcvenli \u00e7al\u0131\u015fma prosed\u00fcrleri konusunda e\u011fitilmeli ve t\u00fcm g\u00fcvenlik \u00f6zelliklerinin i\u015flevsel oldu\u011fundan emin olunmal\u0131d\u0131r. D\u00fczenli bak\u0131m kontrolleri, potansiyel riskleri kazalara yol a\u00e7madan \u00f6nce belirleyerek g\u00fcvenli\u011fi daha da art\u0131r\u0131r.<\/p>\n<h2>Ar\u0131za Te\u015fhisi ve Yayg\u0131n Sorunlar<\/h2>\n<ul>\n<li><strong>S\u0131z\u0131nt\u0131:<\/strong> A\u015f\u0131nm\u0131\u015f contalar veya hasar g\u00f6rm\u00fc\u015f hortumlar nedeniyle s\u0131z\u0131nt\u0131lar meydana gelebilir. D\u00fczenli kontrol ve contalar\u0131n zaman\u0131nda de\u011fi\u015ftirilmesi bu sorunu \u00f6nleyebilir.<\/li>\n<li><strong>G\u00fc\u00e7 Kayb\u0131:<\/strong> Silindirin etkili bir \u015fekilde \u00e7al\u0131\u015fmamas\u0131, hidrolik s\u0131v\u0131 seviyesinin d\u00fc\u015f\u00fck oldu\u011funu veya sistemde hava bulundu\u011funu g\u00f6sterebilir. Sistemin havas\u0131n\u0131n al\u0131nmas\u0131 ve s\u0131v\u0131 seviyelerinin kontrol edilmesi \u015fartt\u0131r.<\/li>\n<li><strong>A\u015f\u0131r\u0131 Is\u0131nma:<\/strong> Yetersiz ya\u011flama veya a\u015f\u0131r\u0131 y\u00fck, a\u015f\u0131r\u0131 \u0131s\u0131nmaya neden olabilir. Bu sorunu \u00f6nlemek i\u00e7in uygun ya\u011flamay\u0131 sa\u011flay\u0131n ve \u00f6nerilen y\u00fck s\u0131n\u0131rlar\u0131na uyun.<\/li>\n<\/ul>\n<h2>Sorun Giderme \u0130pu\u00e7lar\u0131<\/h2>\n<p>Bom silindirindeki sorunlar\u0131 etkili bir \u015fekilde te\u015fhis etmek ve gidermek i\u00e7in, \u00f6ncelikle s\u0131z\u0131nt\u0131 veya a\u015f\u0131nma gibi bariz sorunlar\u0131 iyice inceleyerek i\u015fe ba\u015flay\u0131n. Do\u011fru s\u0131v\u0131 seviyelerini korumak ve contalar\u0131n iyi durumda oldu\u011fundan emin olmak gibi d\u00fczenli \u00f6nleyici tedbirler, olas\u0131 komplikasyonlar\u0131 en aza indirebilir. Sorunlar ortaya \u00e7\u0131karsa, h\u0131zl\u0131 m\u00fcdahale gereksiz ar\u0131za s\u00fcrelerini ve maliyetli onar\u0131mlar\u0131 \u00f6nleyebilir.<\/p>\n<p><img decoding=\"async\" src=\"https:\/\/www.hydraulic-cylinders.net\/wp-content\/uploads\/2025\/04\/songte-bushings-with-all-kinds-of-excavator-models.webp\" alt=\"Ekskavat\u00f6rler i\u00e7in Bur\u00e7lar\"><\/p>\n<h2>\u015eirketimiz Hakk\u0131nda<\/h2>\n<p>\u00d6nde gelen yedek hidrolik silindir \u00fcreticisi olarak, hem yerel hem de uluslararas\u0131 pazarlar i\u00e7in kapsaml\u0131 bir \u00fcr\u00fcn yelpazesi sunuyoruz. M\u00fckemmelli\u011fe olan ba\u011fl\u0131l\u0131\u011f\u0131m\u0131z, ince ayarlanm\u0131\u015f \u00fcretim uygulamalar\u0131m\u0131zda ve titiz kalite kontrol \u00f6nlemlerimizde a\u00e7\u0131k\u00e7a g\u00f6r\u00fclmektedir. \u00dcretim kapasitemizi art\u0131rmak ve y\u00fcksek kaliteli \u00e7\u0131kt\u0131 sa\u011flamak i\u00e7in geli\u015fmi\u015f teknolojiden ve yetenekli personelden yararlan\u0131yoruz.<\/p>\n<p>\u00d6zelle\u015ftirilmi\u015f hizmetler konusunda uzmanla\u015fm\u0131\u015f olarak, \u00e7e\u015fitli m\u00fc\u015fteri ihtiya\u00e7lar\u0131n\u0131 kar\u015f\u0131l\u0131yoruz. \u00dcretim tesislerimiz, hassas ve verimli \u00fcretim s\u00fcre\u00e7leri sunmam\u0131z\u0131 sa\u011flayan son teknoloji \u00fcr\u00fcn\u00fc makinelerle donat\u0131lm\u0131\u015ft\u0131r. Sat\u0131\u015f sonras\u0131 hizmetlerimiz de ayn\u0131 derecede g\u00fc\u00e7l\u00fc olup, m\u00fc\u015fteri memnuniyetini sa\u011flamak i\u00e7in destek ve \u00e7\u00f6z\u00fcmler sunmaktad\u0131r.<\/p>\n<p><img decoding=\"async\" src=\"https:\/\/www.hydraulic-cylinders.net\/wp-content\/uploads\/2025\/04\/songte-company-4.webp\" alt=\"\u015eirket G\u00f6rseli 1\"><br \/>\n<img decoding=\"async\" src=\"https:\/\/www.hydraulic-cylinders.net\/wp-content\/uploads\/2025\/04\/songte-company-3.webp\" alt=\"\u015eirket G\u00f6rseli 2\"><\/p>\n<p>Yazar: lyl<\/p>","protected":false},"excerpt":{"rendered":"<p>Boom Cylinder For Tiangong ZG3235-9C Understanding the Boom Cylinder The Boom Cylinder, specifically designed for the Tiangong ZG3235-9C, is an essential component in hydraulic systems used in heavy machinery. This specialized hydraulic cylinder is primarily responsible for controlling the movement of buckets in various equipment such as excavators, backhoe loaders, and front loaders. The boom [&hellip;]<\/p>","protected":false},"featured_media":17875,"comment_status":"open","ping_status":"closed","template":"","meta":{"_et_pb_use_builder":"","_et_pb_old_content":"","_et_gb_content_width":""},"product_brand":[],"product_cat":[1546],"product_tag":[1547,1496],"class_list":{"0":"post-19687","1":"product","2":"type-product","3":"status-publish","4":"has-post-thumbnail","6":"product_cat-boom-cylinders","7":"product_tag-boom-cylinders","8":"product_tag-hydraulic-cylinders","10":"first","11":"instock","12":"shipping-taxable","13":"product-type-simple"},"amp_enabled":true,"_links":{"self":[{"href":"https:\/\/www.hydraulic-cylinders.net\/tr\/wp-json\/wp\/v2\/product\/19687","targetHints":{"allow":["GET"]}}],"collection":[{"href":"https:\/\/www.hydraulic-cylinders.net\/tr\/wp-json\/wp\/v2\/product"}],"about":[{"href":"https:\/\/www.hydraulic-cylinders.net\/tr\/wp-json\/wp\/v2\/types\/product"}],"replies":[{"embeddable":true,"href":"https:\/\/www.hydraulic-cylinders.net\/tr\/wp-json\/wp\/v2\/comments?post=19687"}],"wp:featuredmedia":[{"embeddable":true,"href":"https:\/\/www.hydraulic-cylinders.net\/tr\/wp-json\/wp\/v2\/media\/17875"}],"wp:attachment":[{"href":"https:\/\/www.hydraulic-cylinders.net\/tr\/wp-json\/wp\/v2\/media?parent=19687"}],"wp:term":[{"taxonomy":"product_brand","embeddable":true,"href":"https:\/\/www.hydraulic-cylinders.net\/tr\/wp-json\/wp\/v2\/product_brand?post=19687"},{"taxonomy":"product_cat","embeddable":true,"href":"https:\/\/www.hydraulic-cylinders.net\/tr\/wp-json\/wp\/v2\/product_cat?post=19687"},{"taxonomy":"product_tag","embeddable":true,"href":"https:\/\/www.hydraulic-cylinders.net\/tr\/wp-json\/wp\/v2\/product_tag?post=19687"}],"curies":[{"name":"wp","href":"https:\/\/api.w.org\/{rel}","templated":true}]}}