{"id":19691,"date":"2025-04-07T07:02:05","date_gmt":"2025-04-07T07:02:05","guid":{"rendered":"https:\/\/www.hydraulic-cylinders.net\/product\/boom-cylinder-for-dasin-ds18\/"},"modified":"2025-04-07T07:02:07","modified_gmt":"2025-04-07T07:02:07","slug":"boom-cylinder-for-dasin-ds18","status":"publish","type":"product","link":"https:\/\/www.hydraulic-cylinders.net\/tr\/urun\/boom-cylinder-for-dasin-ds18\/","title":{"rendered":"Dasin DS18 i\u00e7in Bom Silindiri"},"content":{"rendered":"<h1>Dasin DS18 i\u00e7in Bom Silindiri<\/h1>\n<h2>Bom Silindirine Giri\u015f<\/h2>\n<p>Bom silindiri, \u00f6zellikle ekskavat\u00f6rler, beko y\u00fckleyiciler ve \u00f6n y\u00fckleyiciler gibi a\u011f\u0131r makinelerin kep\u00e7elerinin hareketini kontrol etmek i\u00e7in tasarlanm\u0131\u015f, hidrolik sistemlerde \u00e7ok \u00f6nemli bir bile\u015fendir. Bu hidrolik silindirler, kep\u00e7enin kalkmas\u0131n\u0131, al\u00e7almas\u0131n\u0131 ve e\u011filmesini sa\u011flayarak verimli malzeme ta\u015f\u0131ma i\u015flemlerini kolayla\u015ft\u0131r\u0131r. Esasen, kep\u00e7e silindiri, \u00e7e\u015fitli toprak i\u015fleme ekipmanlar\u0131n\u0131n \u00e7al\u0131\u015fmas\u0131nda hayati bir rol oynayan bir hidrolik silindir t\u00fcr\u00fcd\u00fcr.<\/p>\n<p><img decoding=\"async\" src=\"https:\/\/www.hydraulic-cylinders.net\/wp-content\/uploads\/2025\/04\/songte-company-1.webp\" alt=\"Bom Silindiri G\u00f6r\u00fcnt\u00fcs\u00fc\" \/><\/p>\n<h3>Kova Silindirlerinin Fonksiyonu ve Uygulamalar\u0131<\/h3>\n<p>Kova silindirleri, a\u011f\u0131r makinelerin \u00e7al\u0131\u015fmas\u0131 i\u00e7in olmazsa olmazd\u0131r. A\u011f\u0131r y\u00fckleri kald\u0131rmak ve manip\u00fcle etmek i\u00e7in gerekli g\u00fcc\u00fc sa\u011flayarak, in\u015faat ve tar\u0131m i\u015flerinin verimli bir \u015fekilde yap\u0131lmas\u0131n\u0131 sa\u011flarlar. Hidrolik bas\u0131nc\u0131 mekanik kuvvete d\u00f6n\u00fc\u015ft\u00fcrerek, bu silindirler operat\u00f6rlerin karma\u015f\u0131k manevralar\u0131 hassasiyet ve kontrolle ger\u00e7ekle\u015ftirmesine olanak tan\u0131r.<\/p>\n<h2>Bom Silindirinin Temel \u00d6zellikleri<\/h2>\n<ul>\n<li><strong>Y\u00fcksek Dayan\u0131kl\u0131l\u0131k ve Dayan\u0131kl\u0131l\u0131k:<\/strong> Y\u00fcksek mukavemetli \u00e7elik veya al\u00fcminyumdan \u00fcretilen bu silindirler, y\u00fcksek bas\u0131nca ve a\u011f\u0131r y\u00fcklere dayanabilir, bu da onlar\u0131 zorlu \u00e7al\u0131\u015fma ortamlar\u0131 i\u00e7in uygun hale getirir.<\/li>\n<li><strong>Verimli Hidrolik \u00c7al\u0131\u015fma:<\/strong> Hidrolik ya\u011f bas\u0131nc\u0131n\u0131 kullanarak d\u00fczg\u00fcn bir \u015fekilde uzama ve geri \u00e7ekilme sa\u011flarlar, kontrol komutlar\u0131na h\u0131zl\u0131 yan\u0131t verirler ve g\u00fc\u00e7l\u00fc itme ve \u00e7ekme kuvveti sunarlar.<\/li>\n<li><strong>\u00c7e\u015fitli T\u00fcrler:<\/strong> Tek y\u00f6nl\u00fc (tek y\u00f6nde \u00e7al\u0131\u015fan) veya \u00e7ift y\u00f6nl\u00fc (iki y\u00f6nde \u00e7al\u0131\u015fan) tasar\u0131mlarda bulunan baz\u0131 modeller teleskopiktir ve d\u0131\u015f boyutlar\u0131 art\u0131rmadan daha fazla uzatma imkan\u0131 sa\u011flar.<\/li>\n<li><strong>Geli\u015fmi\u015f Performans:<\/strong> A\u015f\u0131nma direnci ve korozyon korumas\u0131 g\u00f6z \u00f6n\u00fcnde bulundurularak tasarlanan bu \u00fcr\u00fcnler, \u00e7e\u015fitli uygulamalarda uzun \u00f6m\u00fcr ve g\u00fcvenilirlik sa\u011flar.<\/li>\n<li><strong>\u00d6zel \u00dcretim:<\/strong> Bu \u00fcr\u00fcn\u00fc \u00fcretebiliriz ve silindirlerimiz mevcut hidrolik silindirlerin yerini m\u00fckemmel \u015fekilde alabilir.<\/li>\n<\/ul>\n<p><img decoding=\"async\" src=\"https:\/\/www.hydraulic-cylinders.net\/wp-content\/uploads\/2025\/04\/songte-cylinder-head-with-all-kinds-excavator-models.webp\" alt=\"Silindir De\u011fi\u015ftirme Se\u00e7enekleri\" \/><\/p>\n<h2>Bom Silindirinin Uygulamalar\u0131<\/h2>\n<h3>\u0130n\u015faat Ekipmanlar\u0131<\/h3>\n<p>\u0130n\u015faat ekipmanlar\u0131nda, bom silindirleri, toprak veya moloz kazma, y\u00fckleme ve ta\u015f\u0131ma i\u015flemlerinde hayati \u00f6neme sahip olan ekskavat\u00f6rlerde bulunur. Kep\u00e7e silindiri hem kazma hem de kald\u0131rma i\u015flemlerini kolayla\u015ft\u0131rarak makinenin \u00e7ok y\u00f6nl\u00fcl\u00fc\u011f\u00fcn\u00fc ve verimlili\u011fini art\u0131r\u0131r.<\/p>\n<h3>Tar\u0131m Makinalar\u0131<\/h3>\n<p>\u00d6n y\u00fckleyiciler, toprak, saman ve di\u011fer malzemeleri kep\u00e7elemek, kald\u0131rmak ve ta\u015f\u0131mak i\u00e7in bom silindirleri kullan\u0131r. Bu silindirler, a\u011f\u0131r tar\u0131msal y\u00fcklerin h\u0131zl\u0131 ve verimli bir \u015fekilde ta\u015f\u0131nmas\u0131n\u0131 gerektiren i\u015flemler i\u00e7in hayati \u00f6neme sahiptir.<\/p>\n<h3>Ekskavat\u00f6rler<\/h3>\n<p>Ekskavat\u00f6rlerde, kep\u00e7e silindiri kep\u00e7enin topra\u011fa n\u00fcfuz etmesini sa\u011flayarak etkili kaz\u0131 i\u015flemlerine olanak tan\u0131r. Bu \u00f6zellik, in\u015faat veya peyzaj gibi \u00e7e\u015fitli kaz\u0131 i\u015fleri i\u00e7in \u00e7ok \u00f6nemlidir.<\/p>\n<h3>Y\u00fckleyiciler<\/h3>\n<p>\u00d6n y\u00fckleyicilerde, bom silindirleri malzemelerin etkili bir \u015fekilde kald\u0131r\u0131lmas\u0131na ve bo\u015falt\u0131lmas\u0131na yard\u0131mc\u0131 olur. Tasar\u0131mlar\u0131, a\u011f\u0131r y\u00fcklerin kolayl\u0131kla ta\u015f\u0131nmas\u0131n\u0131 sa\u011flayarak operasyonel verimlili\u011fi art\u0131r\u0131r.<\/p>\n<h2>Tasar\u0131m Hususlar\u0131 ve Se\u00e7im Kriterleri<\/h2>\n<h3>Y\u00fck Kapasitesi<\/h3>\n<p>Bir bom silindirinin y\u00fck ta\u015f\u0131ma kapasitesi, tasar\u0131m\u0131n\u0131 etkileyen kritik bir fakt\u00f6rd\u00fcr. Silindirin yap\u0131sal ar\u0131za riski veya performanstan \u00f6d\u00fcn vermeden g\u00fcvenli bir \u015fekilde ne kadar a\u011f\u0131rl\u0131k ta\u015f\u0131yabilece\u011fini belirler. M\u00fchendisler, silindirin in\u015faat ve tar\u0131m ortamlar\u0131nda tipik olarak kar\u015f\u0131la\u015f\u0131lan a\u011f\u0131r y\u00fckleri destekleyebildi\u011finden emin olmak i\u00e7in, kullan\u0131m amac\u0131na g\u00f6re y\u00fck kapasitelerini dikkatlice hesaplamal\u0131d\u0131r.<\/p>\n<h3>S\u0131zd\u0131rmazl\u0131k ve Dayan\u0131kl\u0131l\u0131k<\/h3>\n<p>Hidrolik silindirlerde s\u0131v\u0131 s\u0131z\u0131nt\u0131s\u0131n\u0131 \u00f6nlemek ve bas\u0131nc\u0131 korumak i\u00e7in s\u0131zd\u0131rmazl\u0131k son derece \u00f6nemlidir. Poli\u00fcretan veya nitril kau\u00e7uk gibi dayan\u0131kl\u0131 malzemelerden yap\u0131lm\u0131\u015f y\u00fcksek kaliteli contalar olmazsa olmazd\u0131r. Bu contalar zorlu ko\u015fullara dayanmal\u0131 ve zaman i\u00e7inde b\u00fct\u00fcnl\u00fcklerini koruyarak sistem ar\u0131zas\u0131 riskini azaltmal\u0131 ve g\u00fcvenilir \u00e7al\u0131\u015fma sa\u011flamal\u0131d\u0131r.<\/p>\n<h3>G\u00fcvenlik \u00d6zellikleri<\/h3>\n<p>Bom silindirlerinin tasar\u0131m\u0131na g\u00fcvenlik \u00f6zelliklerinin entegre edilmesi, operat\u00f6rlerin ve makinelerin korunmas\u0131 i\u00e7in \u00e7ok \u00f6nemlidir. Emniyet valfleri, bas\u0131n\u00e7 g\u00f6stergeleri ve sa\u011flam montaj sistemleri, daha g\u00fcvenli bir \u00e7al\u0131\u015fma ortam\u0131na katk\u0131da bulunarak, \u00e7al\u0131\u015fma s\u0131ras\u0131nda kazalar\u0131 ve ekipman hasar\u0131n\u0131 \u00f6nler.<\/p>\n<h3>Bak\u0131m ve Onar\u0131m Kolayl\u0131\u011f\u0131<\/h3>\n<p>Bak\u0131m kolayl\u0131\u011f\u0131 d\u00fc\u015f\u00fcn\u00fclerek yap\u0131lan tasar\u0131m, contalar ve ba\u011flant\u0131 par\u00e7alar\u0131 gibi yedek par\u00e7alara kolayca eri\u015filebilmesini ve de\u011fi\u015ftirilebilmesini sa\u011flar. Bu, ar\u0131za s\u00fcresini ve bak\u0131m maliyetlerini azalt\u0131rken hidrolik silindirin \u00f6mr\u00fcn\u00fc uzat\u0131r. \u00dcr\u00fcnler, rutin kontrolleri ve onar\u0131mlar\u0131 kolayla\u015ft\u0131rmak i\u00e7in servis kolayl\u0131\u011f\u0131 g\u00f6z \u00f6n\u00fcnde bulundurularak tasarlanmal\u0131d\u0131r.<\/p>\n<p><img decoding=\"async\" src=\"https:\/\/www.hydraulic-cylinders.net\/wp-content\/uploads\/2025\/04\/songte-oil-pipes-and-spare-parts.webp\" alt=\"Petrol Borular\u0131 ve Yedek Par\u00e7alar\u0131\" \/><\/p>\n<h2>Bom Silindirinin S\u0131zd\u0131rmazl\u0131\u011f\u0131 ve Ya\u011flanmas\u0131<\/h2>\n<p>Bom silindirlerinin performans\u0131 ve uzun \u00f6mr\u00fc i\u00e7in etkili s\u0131zd\u0131rmazl\u0131k ve ya\u011flama hayati \u00f6nem ta\u015f\u0131r. Hidrolik s\u0131v\u0131 s\u0131z\u0131nt\u0131s\u0131n\u0131 \u00f6nlemek i\u00e7in piston contalar\u0131 ve mil contalar\u0131 gibi \u00e7e\u015fitli s\u0131zd\u0131rmazl\u0131k bile\u015fenleri kullan\u0131l\u0131r. Contalar genellikle hidrolik uygulamalarda bulunan zorlu ko\u015fullara dayanabilen poli\u00fcretan ve nitril kau\u00e7uk gibi a\u015f\u0131nmaya dayan\u0131kl\u0131 malzemelerden yap\u0131l\u0131r. Silindir g\u00f6vdesi ve di\u015fli u\u00e7lar, a\u015f\u0131nma direncini art\u0131rmak ve genel dayan\u0131kl\u0131l\u0131\u011f\u0131 iyile\u015ftirmek i\u00e7in hassas i\u015fleme tabi tutulur.<\/p>\n<p>Hareketli par\u00e7alar aras\u0131ndaki s\u00fcrt\u00fcnmeyi azaltmak ve sorunsuz \u00e7al\u0131\u015fmay\u0131 sa\u011flamak i\u00e7in hidrolik ya\u011f ile d\u00fczenli ya\u011flama gereklidir. Operat\u00f6rler, a\u015f\u0131r\u0131 \u0131s\u0131nmay\u0131 ve a\u015f\u0131nmay\u0131 \u00f6nlemek ve hidrolik silindirin \u00f6mr\u00fcn\u00fc uzatmak i\u00e7in yeterli miktarda hidrolik ya\u011f bulundu\u011fundan emin olmal\u0131d\u0131r.<\/p>\n<h2>\u00d6nleyici Bak\u0131m \u00d6nlemleri<\/h2>\n<ul>\n<li><strong>D\u00fczenli Denetimler:<\/strong> Potansiyel sorunlar\u0131n b\u00fcy\u00fck problemlere d\u00f6n\u00fc\u015fmeden \u00f6nce tespit edilmesi i\u00e7in periyodik kontroller yap\u0131n. S\u0131z\u0131nt\u0131lar\u0131, a\u015f\u0131nmay\u0131 ve contalar\u0131n ve ba\u011flant\u0131lar\u0131n d\u00fczg\u00fcn \u00e7al\u0131\u015f\u0131p \u00e7al\u0131\u015fmad\u0131\u011f\u0131n\u0131 kontrol edin.<\/li>\n<li><strong>Uygun Ya\u011flama:<\/strong> \u0130\u00e7 bile\u015fenlere zarar gelmesini \u00f6nlemek ve verimlili\u011fi korumak i\u00e7in hidrolik silindirin do\u011fru tip ve miktarda hidrolik ya\u011f ile yeterince ya\u011fland\u0131\u011f\u0131ndan emin olun.<\/li>\n<li><strong>Conta De\u011fi\u015fimi:<\/strong> Sistem verimsizliklerine ve ar\u0131zalar\u0131na yol a\u00e7abilecek s\u0131v\u0131 s\u0131z\u0131nt\u0131lar\u0131n\u0131 \u00f6nlemek i\u00e7in contalar\u0131 d\u00fczenli olarak a\u015f\u0131nma a\u00e7\u0131s\u0131ndan kontrol edin ve gerekti\u011finde de\u011fi\u015ftirin.<\/li>\n<\/ul>\n<h2>Kurulum Talimatlar\u0131<\/h2>\n<p>Bom silindirlerinin do\u011fru montaj\u0131, optimum performans i\u00e7in \u00e7ok \u00f6nemlidir. \u00d6ncelikle t\u00fcm bile\u015fenlerin temiz ve kal\u0131nt\u0131lardan ar\u0131nd\u0131r\u0131lm\u0131\u015f oldu\u011fundan emin olun. Silindiri, yanl\u0131\u015f hizalamay\u0131 \u00f6nlemek i\u00e7in montaj noktalar\u0131yla do\u011fru bir \u015fekilde hizalay\u0131n; yanl\u0131\u015f hizalama, silindir \u00fczerinde gereksiz gerilime neden olabilir ve erken ar\u0131zaya yol a\u00e7abilir. Silindiri g\u00fcvenli bir \u015fekilde sabitlemek ve \u00e7al\u0131\u015fma s\u0131ras\u0131nda hareket etmesini \u00f6nlemek i\u00e7in uygun montaj braketleri kullan\u0131n. T\u00fcm ba\u011flant\u0131 elemanlar\u0131n\u0131n do\u011fru \u015fekilde s\u0131k\u0131ld\u0131\u011f\u0131ndan ve g\u00fcvenli oldu\u011fundan emin olmak i\u00e7in \u00fcreticinin tork ayarlar\u0131 spesifikasyonlar\u0131na uymak \u00e7ok \u00f6nemlidir.<\/p>\n<p>Kurulumdan sonra, s\u0131z\u0131nt\u0131 olmad\u0131\u011f\u0131ndan ve sistemin ama\u00e7land\u0131\u011f\u0131 gibi \u00e7al\u0131\u015ft\u0131\u011f\u0131ndan emin olmak i\u00e7in kapsaml\u0131 bir sistem kontrol\u00fc yap\u0131n. Hidrolik s\u0131v\u0131 seviyelerini izleyin ve silindire do\u011fru hidrolik ak\u0131\u015f\u0131n\u0131 kontrol edin. Kurulumun g\u00fcvenli ve i\u015flevsel kalmas\u0131n\u0131 sa\u011flamak i\u00e7in d\u00fczenli olarak de\u011ferlendirin.<\/p>\n<p><img decoding=\"async\" src=\"https:\/\/www.hydraulic-cylinders.net\/wp-content\/uploads\/2025\/04\/songte-chushion-collar.webp\" alt=\"Yast\u0131k Yaka\" \/><\/p>\n<h2>Yayg\u0131n Bak\u0131m G\u00f6revleri<\/h2>\n<h3>D\u00fczenli Denetimler<\/h3>\n<p>Potansiyel sorunlar\u0131 erken tespit etmek i\u00e7in d\u00fczenli kontroller \u00e7ok \u00f6nemlidir. Hidrolik silindirde a\u015f\u0131nma, hasar veya s\u0131z\u0131nt\u0131 belirtilerine dikkat edin. Bu sorunlar\u0131n derhal giderilmesi, gelecekte daha b\u00fcy\u00fck sorunlar\u0131 ve maliyetli onar\u0131mlar\u0131 \u00f6nleyebilir. Hidrolik sistemin verimli \u00e7al\u0131\u015fmas\u0131n\u0131 sa\u011flamak i\u00e7in bu kontrolleri rutin bak\u0131m program\u0131n\u0131n bir par\u00e7as\u0131 haline getirmek \u015fartt\u0131r.<\/p>\n<h3>Uygun Ya\u011flama<\/h3>\n<p>Hidrolik silindirlerde uygun ya\u011flaman\u0131n sa\u011flanmas\u0131, sorunsuz \u00e7al\u0131\u015fma i\u00e7in hayati \u00f6nem ta\u015f\u0131r. \u00d6nerilen hidrolik s\u0131v\u0131y\u0131 kullan\u0131n ve do\u011fru seviyeye kadar doldurdu\u011funuzdan emin olun. Ya\u011flama, hareketli par\u00e7alar aras\u0131ndaki s\u00fcrt\u00fcnmeyi azaltarak a\u015f\u0131nmay\u0131 ve y\u0131pranmay\u0131 \u00f6nlemeye yard\u0131mc\u0131 olur. Operat\u00f6rler ayr\u0131ca hidrolik s\u0131v\u0131n\u0131n durumunu izlemeli ve optimum performans\u0131 korumak i\u00e7in gerekti\u011finde de\u011fi\u015ftirmelidir.<\/p>\n<h3>Conta De\u011fi\u015fimi ve Kalibrasyon Kontrolleri<\/h3>\n<p>Zamanla contalar a\u015f\u0131nabilir ve de\u011fi\u015ftirilmesi gerekebilir. Sistem b\u00fct\u00fcnl\u00fc\u011f\u00fcn\u00fc korumak i\u00e7in contalar\u0131 d\u00fczenli olarak s\u0131z\u0131nt\u0131 veya bozulma belirtileri a\u00e7\u0131s\u0131ndan kontrol edin ve derhal de\u011fi\u015ftirin. Hidrolik silindirin belirtilen parametreler dahilinde \u00e7al\u0131\u015fmas\u0131n\u0131 sa\u011flamak, verimlili\u011fini ve etkinli\u011fini korumak i\u00e7in kalibrasyon kontrolleri de \u00e7ok \u00f6nemlidir.<\/p>\n<h2>G\u00fcvenlik Hususlar\u0131 ve \u00c7evresel Fakt\u00f6rler<\/h2>\n<p>Hidrolik sistemlerle \u00e7al\u0131\u015f\u0131rken g\u00fcvenlik \u00f6nlemleri son derece \u00f6nemlidir. Operat\u00f6rler her zaman uygun ki\u015fisel koruyucu ekipman (KKD) giymeli ve kazalar\u0131 \u00f6nlemek i\u00e7in g\u00fcvenlik protokollerine uymal\u0131d\u0131r. Ayr\u0131ca, hidrolik s\u0131v\u0131lar \u00e7evresel tehlikeler olu\u015fturabilir, bu nedenle \u00e7evresel etkiyi en aza indirmek i\u00e7in bunlar\u0131n do\u011fru \u015fekilde ele al\u0131nmas\u0131 ve bertaraf edilmesi \u00e7ok \u00f6nemlidir.<\/p>\n<h2>Sorun Giderme ve Yayg\u0131n Sorunlar<\/h2>\n<ul>\n<li><strong>Silindir Performans\u0131nda Azalma:<\/strong> Silindirde performans d\u00fc\u015f\u00fc\u015f\u00fc g\u00f6zlemlenirse, hidrolik s\u0131v\u0131s\u0131nda hava olup olmad\u0131\u011f\u0131n\u0131, s\u0131z\u0131nt\u0131 olup olmad\u0131\u011f\u0131n\u0131 veya s\u0131v\u0131 seviyesinin d\u00fc\u015f\u00fck olup olmad\u0131\u011f\u0131n\u0131 kontrol edin. Bu sorunlar\u0131n derhal giderilmesi, i\u015flevselli\u011fi geri kazand\u0131rabilir.<\/li>\n<li><strong>S\u0131zd\u0131ran Contalar:<\/strong> S\u0131z\u0131nt\u0131lar, a\u015f\u0131nma veya hasar\u0131n g\u00f6stergesi olabilir. S\u0131v\u0131 kayb\u0131n\u0131 \u00f6nlemek i\u00e7in contalar\u0131 daima kontrol edin ve gerekti\u011finde de\u011fi\u015ftirin.<\/li>\n<li><strong>Beklenmeyen Silindir Hareketi:<\/strong> Silindir beklenmedik \u015fekilde hareket ederse, kontrol sisteminde ar\u0131za olup olmad\u0131\u011f\u0131n\u0131 kontrol edin ve t\u00fcm bile\u015fenlerin do\u011fru \u00e7al\u0131\u015ft\u0131\u011f\u0131ndan emin olun.<\/li>\n<\/ul>\n<h3>Sorun Giderme \u0130pu\u00e7lar\u0131<\/h3>\n<p>Sorunlar\u0131 etkili bir \u015fekilde te\u015fhis etmek ve \u00e7\u00f6zmek i\u00e7in operat\u00f6rler, \u00e7al\u0131\u015fma s\u0131ras\u0131nda g\u00f6zlemlenen t\u00fcm d\u00fczensizliklerin ayr\u0131nt\u0131l\u0131 bir kayd\u0131n\u0131 tutmal\u0131d\u0131r. Bu kay\u0131t, kal\u0131plar\u0131 ve olas\u0131 altta yatan sorunlar\u0131 belirlemeye yard\u0131mc\u0131 olabilir. D\u00fczenli bak\u0131m ve proaktif denetimler, ar\u0131za riskini en aza indirmek ve hidrolik sistemin sorunsuz \u00e7al\u0131\u015fmas\u0131n\u0131 sa\u011flamak i\u00e7in \u00e7ok \u00f6nemlidir.<\/p>\n<p><img decoding=\"async\" src=\"https:\/\/www.hydraulic-cylinders.net\/wp-content\/uploads\/2025\/04\/songte-bushings-with-all-kinds-of-excavator-models.webp\" alt=\"Ekskavat\u00f6rler i\u00e7in Bur\u00e7lar\" \/><\/p>\n<h2>\u015eirketimiz Hakk\u0131nda<\/h2>\n<p>\u00d6nde gelen yedek hidrolik silindir \u00fcreticisi olarak, hem yerel hem de uluslararas\u0131 pazarlar\u0131n \u00e7e\u015fitli ihtiya\u00e7lar\u0131n\u0131 kar\u015f\u0131lamak \u00fczere tasarlanm\u0131\u015f kapsaml\u0131 bir y\u00fcksek kaliteli \u00fcr\u00fcn yelpazesi sunuyoruz. M\u00fckemmelli\u011fe olan ba\u011fl\u0131l\u0131\u011f\u0131m\u0131z, \u00fcst\u00fcn \u00fcretim uygulamalar\u0131na uymam\u0131z\u0131, geli\u015fmi\u015f teknolojiyi ve yetenekli personeli \u00fcretim s\u00fcre\u00e7lerimize entegre etmemizi sa\u011fl\u0131yor.<\/p>\n<p>Geni\u015f \u00fcr\u00fcn yelpazemiz ve m\u00fc\u015fterilerimizin \u00f6zel ihtiya\u00e7lar\u0131na uygun \u00e7\u00f6z\u00fcmler sunabilme yetene\u011fimizle gurur duyuyoruz. Kalite g\u00fcvencesine odaklanarak, hidrolik silindirlerimizin en y\u00fcksek end\u00fcstri standartlar\u0131n\u0131 kar\u015f\u0131lamas\u0131n\u0131 sa\u011flamak i\u00e7in en son teknoloji \u00fcr\u00fcn\u00fc \u00fcretim ekipmanlar\u0131 ve titiz test sistemleri kullan\u0131yoruz. Verimlili\u011fe, hassasiyete ve kaliteye olan ba\u011fl\u0131l\u0131\u011f\u0131m\u0131z, bizi hidrolik \u00e7\u00f6z\u00fcmler konusunda g\u00fcvenilir bir ortak konumuna getiriyor.<\/p>\n<p><img decoding=\"async\" src=\"https:\/\/www.hydraulic-cylinders.net\/wp-content\/uploads\/2025\/04\/songte-company-4.webp\" alt=\"\u015eirket Genel Bak\u0131\u015f\u0131\" \/><br \/>\n<img decoding=\"async\" src=\"https:\/\/www.hydraulic-cylinders.net\/wp-content\/uploads\/2025\/04\/songte-company-3.webp\" alt=\"\u015eirket \u00dcretimi\" \/><\/p>\n<p>Lyl taraf\u0131ndan yaz\u0131lm\u0131\u015ft\u0131r.<\/p>","protected":false},"excerpt":{"rendered":"<p>Boom Cylinder For Dasin DS18 Introduction to Boom Cylinder The Boom Cylinder is a crucial component in hydraulic systems, specifically designed to control the movement of heavy machinery buckets, such as those found in excavators, backhoe loaders, and front loaders. These hydraulic cylinders enable the bucket to lift, lower, and tilt, facilitating efficient material handling [&hellip;]<\/p>","protected":false},"featured_media":17879,"comment_status":"open","ping_status":"closed","template":"","meta":{"_et_pb_use_builder":"","_et_pb_old_content":"","_et_gb_content_width":""},"product_brand":[],"product_cat":[1546],"product_tag":[1547,1496],"class_list":{"0":"post-19691","1":"product","2":"type-product","3":"status-publish","4":"has-post-thumbnail","6":"product_cat-boom-cylinders","7":"product_tag-boom-cylinders","8":"product_tag-hydraulic-cylinders","10":"first","11":"instock","12":"shipping-taxable","13":"product-type-simple"},"amp_enabled":true,"_links":{"self":[{"href":"https:\/\/www.hydraulic-cylinders.net\/tr\/wp-json\/wp\/v2\/product\/19691","targetHints":{"allow":["GET"]}}],"collection":[{"href":"https:\/\/www.hydraulic-cylinders.net\/tr\/wp-json\/wp\/v2\/product"}],"about":[{"href":"https:\/\/www.hydraulic-cylinders.net\/tr\/wp-json\/wp\/v2\/types\/product"}],"replies":[{"embeddable":true,"href":"https:\/\/www.hydraulic-cylinders.net\/tr\/wp-json\/wp\/v2\/comments?post=19691"}],"wp:featuredmedia":[{"embeddable":true,"href":"https:\/\/www.hydraulic-cylinders.net\/tr\/wp-json\/wp\/v2\/media\/17879"}],"wp:attachment":[{"href":"https:\/\/www.hydraulic-cylinders.net\/tr\/wp-json\/wp\/v2\/media?parent=19691"}],"wp:term":[{"taxonomy":"product_brand","embeddable":true,"href":"https:\/\/www.hydraulic-cylinders.net\/tr\/wp-json\/wp\/v2\/product_brand?post=19691"},{"taxonomy":"product_cat","embeddable":true,"href":"https:\/\/www.hydraulic-cylinders.net\/tr\/wp-json\/wp\/v2\/product_cat?post=19691"},{"taxonomy":"product_tag","embeddable":true,"href":"https:\/\/www.hydraulic-cylinders.net\/tr\/wp-json\/wp\/v2\/product_tag?post=19691"}],"curies":[{"name":"wp","href":"https:\/\/api.w.org\/{rel}","templated":true}]}}