{"id":19693,"date":"2025-04-07T07:02:10","date_gmt":"2025-04-07T07:02:10","guid":{"rendered":"https:\/\/www.hydraulic-cylinders.net\/product\/boom-cylinder-for-dasin-ds35\/"},"modified":"2025-04-07T07:02:13","modified_gmt":"2025-04-07T07:02:13","slug":"boom-cylinder-for-dasin-ds35","status":"publish","type":"product","link":"https:\/\/www.hydraulic-cylinders.net\/tr\/urun\/boom-cylinder-for-dasin-ds35\/","title":{"rendered":"Dasin DS35 i\u00e7in Bom Silindiri"},"content":{"rendered":"<h1>Dasin DS35 i\u00e7in Bom Silindiri<\/h1>\n<h2>\u00dcr\u00fcn Tan\u0131m\u0131<\/h2>\n<p>Dasin DS35 Bom Silindiri, ekskavat\u00f6rler, beko-loderler ve \u00f6n y\u00fckleyiciler gibi a\u011f\u0131r makinelerdeki bom kollar\u0131n\u0131n hareketini kontrol etmek i\u00e7in tasarlanm\u0131\u015f \u00f6zel bir hidrolik silindirdir. Bu tip hidrolik silindir, bomun kald\u0131r\u0131lmas\u0131n\u0131, indirilmesini ve e\u011filmesini kolayla\u015ft\u0131rarak verimli malzeme ta\u015f\u0131ma g\u00f6revlerine olanak tan\u0131r. Hidrolik silindirler, in\u015faat ve tar\u0131m ekipmanlar\u0131nda \u00e7e\u015fitli i\u015flevleri yerine getirmek i\u00e7in kritik \u00f6neme sahip olan itme veya \u00e7ekme kuvveti olu\u015fturmak i\u00e7in hidrolik s\u0131v\u0131y\u0131 kullan\u0131r.<\/p>\n<p><img decoding=\"async\" src=\"https:\/\/www.hydraulic-cylinders.net\/wp-content\/uploads\/2025\/04\/songte-company-1.webp\" alt=\"Bom Silindiri\"><\/p>\n<h2>Bom Silindirinin \u00d6zellikleri<\/h2>\n<ul>\n<li><strong>Y\u00fcksek Dayan\u0131kl\u0131l\u0131k ve Dayan\u0131kl\u0131l\u0131k:<\/strong> Y\u00fcksek mukavemetli \u00e7elik veya al\u00fcminyumdan \u00fcretilen bu silindir, y\u00fcksek bas\u0131nca ve a\u011f\u0131r y\u00fcklere dayanabildi\u011finden zorlu \u00e7al\u0131\u015fma ortamlar\u0131 i\u00e7in uygundur. A\u015f\u0131nma direnci ve korozyon korumas\u0131 sa\u011flayacak \u015fekilde tasarlanarak kullan\u0131m \u00f6mr\u00fc uzat\u0131lm\u0131\u015ft\u0131r.<\/li>\n<li><strong>Verimli Hidrolik \u00c7al\u0131\u015fma:<\/strong> D\u00fczg\u00fcn uzatma ve geri \u00e7ekme i\u00e7in hidrolik ya\u011f bas\u0131nc\u0131n\u0131 kullan\u0131r, kontrol komutlar\u0131na h\u0131zl\u0131 tepkiler verir ve g\u00fc\u00e7l\u00fc itme-\u00e7ekme yetenekleri sa\u011flar, a\u011f\u0131r ve karma\u015f\u0131k g\u00f6revlerin \u00fcstesinden gelmek i\u00e7in idealdir.<\/li>\n<li><strong>\u00c7e\u015fitli T\u00fcrler:<\/strong> Tek etkili (tek y\u00f6nde hidrolik bas\u0131n\u00e7 kullanan) ve \u00e7ift etkili (her iki y\u00f6nde hidrolik bas\u0131n\u00e7 kullanan) modelleri mevcuttur ve \u00e7e\u015fitli operasyonel ihtiya\u00e7lara uygundur. Baz\u0131 modeller teleskopiktir ve d\u0131\u015f boyutlar\u0131 art\u0131rmadan daha fazla uzatma sa\u011flar, alan k\u0131s\u0131tlamas\u0131 olan uygulamalar i\u00e7in uygundur.<\/li>\n<li><strong>Hassas \u00dcretim:<\/strong> Her silindir, \u00e7e\u015fitli ekipman modelleriyle uyumlulu\u011fu garanti alt\u0131na alarak ve performans g\u00fcvenilirli\u011fini en \u00fcst d\u00fczeye \u00e7\u0131kararak tam \u00f6zelliklere g\u00f6re \u00fcretilir.<\/li>\n<li><strong>\u00d6zelle\u015ftirilebilir Se\u00e7enekler:<\/strong> Silindirlerimiz, farkl\u0131 makine tiplerindeki i\u015flevselli\u011fi art\u0131rarak, m\u00fc\u015fterilerin \u00f6zel gereksinimlerini kar\u015f\u0131layacak \u015fekilde uyarlanabilir.<\/li>\n<\/ul>\n<p>Biz bu \u00fcr\u00fcn\u00fc \u00fcretebiliyoruz ve \u00fcr\u00fcnlerimiz bu hidrolik silindirlerin yerini m\u00fckemmel \u015fekilde alabiliyor.<\/p>\n<p><img decoding=\"async\" src=\"https:\/\/www.hydraulic-cylinders.net\/wp-content\/uploads\/2025\/04\/songte-cylinder-head-with-all-kinds-excavator-models.webp\" alt=\"Ekskavat\u00f6r Modelleri\"><\/p>\n<h2>Bom Silindirinin Uygulamalar\u0131<\/h2>\n<h3>\u0130n\u015faat Ekipmanlar\u0131<\/h3>\n<p>Ekskavat\u00f6rlerde bom silindirleri, kazma, y\u00fckleme ve toprak veya moloz ta\u015f\u0131ma i\u00e7in hayati \u00f6nem ta\u015f\u0131r. Kontroll\u00fc hareket, bomun hassas bir \u015fekilde konumland\u0131r\u0131lmas\u0131n\u0131 sa\u011flayarak makinenin g\u00f6revleri verimli bir \u015fekilde yerine getirme kabiliyetini art\u0131r\u0131r. Beko-loderlerde ise bom silindiri sadece kazmaya yard\u0131mc\u0131 olmakla kalmaz, ayn\u0131 zamanda malzemelerin kald\u0131r\u0131lmas\u0131na ve yerle\u015ftirilmesine de yard\u0131mc\u0131 olarak in\u015faat i\u015flerinde \u00e7ok y\u00f6nl\u00fcl\u00fck sa\u011flar.<\/p>\n<h3>Tar\u0131m Makinalar\u0131<\/h3>\n<p>\u00d6n y\u00fckleyicilerde bom silindirleri, toprak, saman ve di\u011fer malzemelerin kep\u00e7elenmesi, kald\u0131r\u0131lmas\u0131 ve ta\u015f\u0131nmas\u0131 i\u00e7in olmazsa olmazd\u0131r. Operat\u00f6rlerin \u00e7e\u015fitli tar\u0131msal g\u00f6revleri kolayl\u0131kla yerine getirmelerini sa\u011flayarak \u00e7iftliklerde ve tar\u0131m alanlar\u0131nda verimlili\u011fi art\u0131r\u0131r.<\/p>\n<h3>Ekskavat\u00f6rler<\/h3>\n<p>Ekskavat\u00f6rlerde bom silindiri, kep\u00e7enin topra\u011fa etkili bir \u015fekilde n\u00fcfuz etmesini sa\u011flayarak kaz\u0131 i\u015flemlerini kolayla\u015ft\u0131r\u0131r. Bu i\u015flev, \u00e7e\u015fitli kaz\u0131 projeleri i\u00e7in hayati \u00f6nem ta\u015f\u0131r ve malzemelerin bir yerden di\u011ferine verimli bir \u015fekilde ta\u015f\u0131nmas\u0131n\u0131 sa\u011flar.<\/p>\n<h3>Y\u00fckleyiciler<\/h3>\n<p>\u00d6n y\u00fckleyicilerde bom silindirleri, y\u00fcklerin etkili bir \u015fekilde kald\u0131r\u0131lmas\u0131na ve bo\u015falt\u0131lmas\u0131na yard\u0131mc\u0131 olur. \u0130n\u015faat ve peyzaj \u00e7al\u0131\u015fmalar\u0131nda olmazsa olmaz olan malzemelerin verimli bir \u015fekilde ta\u015f\u0131nmas\u0131n\u0131 sa\u011flar.<\/p>\n<h2>Tasar\u0131m Hususlar\u0131 ve Se\u00e7im Kriterleri<\/h2>\n<h3>Y\u00fck Kapasitesi<\/h3>\n<p>Bir bom silindirinin y\u00fck kapasitesi kritik bir tasar\u0131m unsurudur. Silindirin g\u00fcvenli bir \u015fekilde kald\u0131rabilece\u011fi veya indirebilece\u011fi maksimum a\u011f\u0131rl\u0131\u011f\u0131 belirler. Ekipman ar\u0131zalar\u0131n\u0131 \u00f6nlemek ve operasyonel g\u00fcvenli\u011fi sa\u011flamak i\u00e7in uygun y\u00fck kapasitesine sahip bir silindir se\u00e7mek \u00e7ok \u00f6nemlidir. Se\u00e7im s\u00fcrecinde, makinenin teknik \u00f6zelliklerine ve operasyonel gereksinimlerine g\u00f6re do\u011fru hesaplamalar yap\u0131lmas\u0131 gerekir.<\/p>\n<h3>S\u0131zd\u0131rmazl\u0131k<\/h3>\n<p>S\u0131zd\u0131rmazl\u0131k, hidrolik silindirlerin performans\u0131nda ve uzun \u00f6m\u00fcrl\u00fcl\u00fc\u011f\u00fcnde hayati bir rol oynar. Etkili contalar, hidrolik s\u0131v\u0131 s\u0131z\u0131nt\u0131lar\u0131n\u0131 \u00f6nler ve bu da verimin d\u00fc\u015fmesine ve olas\u0131 hasarlara yol a\u00e7abilir. Bir hidrolik silindir se\u00e7erken, piston contalar\u0131 ve piston kolu contalar\u0131 gibi s\u0131zd\u0131rmazl\u0131k bile\u015fenlerinin kalitesi g\u00f6z \u00f6n\u00fcnde bulundurulmal\u0131d\u0131r. Dayan\u0131kl\u0131 malzemelerden \u00fcretilen y\u00fcksek kaliteli contalar, g\u00fcvenilir \u00e7al\u0131\u015fma ve bas\u0131n\u00e7 b\u00fct\u00fcnl\u00fc\u011f\u00fcn\u00fcn korunmas\u0131n\u0131 sa\u011flar.<\/p>\n<h3>Dayan\u0131kl\u0131l\u0131k<\/h3>\n<p>Dayan\u0131kl\u0131l\u0131k, \u00f6zellikle a\u011f\u0131r hizmet uygulamalar\u0131nda kullan\u0131ld\u0131\u011f\u0131nda, hidrolik silindirlerin tasar\u0131m\u0131nda \u00f6nemli bir fakt\u00f6rd\u00fcr. Kullan\u0131lan malzemeler, do\u011fru m\u00fchendislikle birlikte a\u015f\u0131nma ve y\u0131pranmaya dayan\u0131kl\u0131 olmal\u0131d\u0131r. Se\u00e7ilen silindirin uzun s\u00fcre \u00e7al\u0131\u015f\u0131r durumda kalmas\u0131n\u0131 sa\u011flamak i\u00e7in \u00e7evre ko\u015fullar\u0131n\u0131n ve korozyon veya a\u015f\u0131nma potansiyelinin de\u011ferlendirilmesi \u00e7ok \u00f6nemlidir.<\/p>\n<h3>Emniyet<\/h3>\n<p>Hidrolik silindirler tasarlan\u0131rken g\u00fcvenlik \u00f6nlemleri son derece \u00f6nemlidir. Bu \u00f6nlemler, a\u015f\u0131r\u0131 bas\u0131nc\u0131 \u00f6nleyen ve g\u00fcvenli \u00e7al\u0131\u015fmay\u0131 sa\u011flayan \u00f6zellikleri i\u00e7erir. Emniyet valfleri ve bas\u0131n\u00e7 tahliye mekanizmalar\u0131n\u0131n uygulanmas\u0131, hidrolik sistem ar\u0131zas\u0131 riskini en aza indirerek hem operat\u00f6rleri hem de ekipman\u0131 korur. G\u00fcvenlik y\u00f6netmeliklerine uyum sa\u011flamak i\u00e7in d\u00fczenli g\u00fcvenlik denetimleri ve sekt\u00f6r standartlar\u0131na uyum gereklidir.<\/p>\n<h3>Bak\u0131m<\/h3>\n<p>Bak\u0131m kolayl\u0131\u011f\u0131 g\u00f6z \u00f6n\u00fcnde bulundurularak bir hidrolik silindir se\u00e7mek, operasyonel verimlilik a\u00e7\u0131s\u0131ndan \u00e7ok \u00f6nemlidir. Bile\u015fenlere kolay eri\u015fim sa\u011flayan tasar\u0131mlar ve bak\u0131m prosed\u00fcrleri i\u00e7in net y\u00f6nergeler, silindirin \u00f6mr\u00fcn\u00fcn uzamas\u0131na yard\u0131mc\u0131 olur. D\u00fczenli bak\u0131m kontrolleri ve a\u015f\u0131nan par\u00e7alar\u0131n de\u011fi\u015ftirilmesi, s\u00fcrd\u00fcr\u00fclebilir performans ve g\u00fcvenilirli\u011fe katk\u0131da bulunur.<\/p>\n<p><img decoding=\"async\" src=\"https:\/\/www.hydraulic-cylinders.net\/wp-content\/uploads\/2025\/04\/songte-oil-pipes-and-spare-parts.webp\" alt=\"Petrol Borular\u0131 ve Yedek Par\u00e7alar\u0131\"><\/p>\n<h2>S\u0131zd\u0131rmazl\u0131k ve Ya\u011flama<\/h2>\n<p>Hidrolik silindirlerin \u00e7al\u0131\u015fmas\u0131 i\u00e7in etkili s\u0131zd\u0131rmazl\u0131k ve ya\u011flama olmazsa olmazd\u0131r. Piston ke\u00e7eleri ve piston kolu ke\u00e7eleri de dahil olmak \u00fczere \u00e7e\u015fitli s\u0131zd\u0131rmazl\u0131k bile\u015fenleri, sistem b\u00fct\u00fcnl\u00fc\u011f\u00fcn\u00fcn korunmas\u0131nda kritik bir rol oynar. Poli\u00fcretan ve nitril kau\u00e7uk gibi malzeme se\u00e7imi, ke\u00e7elerin a\u015f\u0131nma direncini etkiler. Silindir g\u00f6vdesi ve di\u015fli u\u00e7 y\u00fczeyleri, dayan\u0131kl\u0131l\u0131\u011f\u0131 ve a\u015f\u0131nma direncini art\u0131rmak i\u00e7in hassas bir \u015fekilde i\u015flenmelidir. D\u00fczg\u00fcn \u00e7al\u0131\u015fma sa\u011flamak ve hareketli par\u00e7alar aras\u0131ndaki s\u00fcrt\u00fcnmeyi azaltmak i\u00e7in hidrolik ya\u011f ile d\u00fczenli ya\u011flama gereklidir; bu da erken a\u015f\u0131nmay\u0131 \u00f6nlemeye ve silindirin \u00f6mr\u00fcn\u00fc uzatmaya yard\u0131mc\u0131 olur.<\/p>\n<h2>D\u00fczenli Muayene ve \u00d6nleyici Bak\u0131m<\/h2>\n<ul>\n<li><strong>D\u00fczenli Muayene:<\/strong> Hidrolik silindirlerin d\u00fczenli olarak kontrol edilmesi, a\u015f\u0131nma ve olas\u0131 sorunlar\u0131 erken tespit etmek i\u00e7in hayati \u00f6nem ta\u015f\u0131r. S\u0131z\u0131nt\u0131, korozyon veya herhangi bir performans anormalli\u011fi olup olmad\u0131\u011f\u0131na bak\u0131n. Bu sorunlar\u0131n zaman\u0131nda tespiti, maliyetli onar\u0131mlar\u0131 ve aksama s\u00fcrelerini \u00f6nleyebilir.<\/li>\n<li><strong>Uygun Ya\u011flama:<\/strong> Hidrolik silindirlerin uygun \u015fekilde ya\u011flanmas\u0131, performanslar\u0131 ve uzun \u00f6m\u00fcrleri i\u00e7in \u00e7ok \u00f6nemlidir. Hidrolik ya\u011f seviyelerinin yeterli ve ya\u011f\u0131n temiz oldu\u011fundan emin olun. Kirlenmi\u015f ya\u011f, silindir ar\u0131zas\u0131na yol a\u00e7abilir.<\/li>\n<li><strong>Conta De\u011fi\u015fimi:<\/strong> Contalar\u0131 d\u00fczenli olarak a\u015f\u0131nma ve y\u0131pranma a\u00e7\u0131s\u0131ndan kontrol edin. Gerekti\u011finde contalar\u0131 de\u011fi\u015ftirmek, s\u0131z\u0131nt\u0131lar\u0131 \u00f6nler ve hidrolik sistemin verimlili\u011fini korur.<\/li>\n<\/ul>\n<h2>Kurulum Talimatlar\u0131<\/h2>\n<p>Bom silindirinin do\u011fru montaj\u0131, performans\u0131 i\u00e7in kritik \u00f6neme sahiptir. \u00d6ncelikle montaj y\u00fczeylerinin temiz ve kal\u0131nt\u0131lardan ar\u0131nd\u0131r\u0131lm\u0131\u015f oldu\u011fundan emin olun. Contalar ve bile\u015fenler \u00fczerinde a\u015f\u0131r\u0131 gerilimi \u00f6nlemek i\u00e7in silindiri do\u011fru \u015fekilde hizalay\u0131n. Silindiri yerinde sabitlemek i\u00e7in uygun montaj braketleri kullan\u0131n ve t\u00fcm hidrolik ba\u011flant\u0131lar\u0131n s\u0131k\u0131 ve s\u0131zd\u0131rmaz oldu\u011fundan emin olun. Montajdan sonra, her \u015feyin do\u011fru \u00e7al\u0131\u015ft\u0131\u011f\u0131ndan emin olmak i\u00e7in sistemi \u00e7al\u0131\u015fma ko\u015fullar\u0131 alt\u0131nda kapsaml\u0131 bir \u015fekilde kontrol edin. Montaj\u0131n d\u00fczenli olarak izlenmesi, zamanla ortaya \u00e7\u0131kabilecek herhangi bir hizalama hatas\u0131 veya sorunun tespit edilmesine yard\u0131mc\u0131 olacakt\u0131r.<\/p>\n<p><img decoding=\"async\" src=\"https:\/\/www.hydraulic-cylinders.net\/wp-content\/uploads\/2025\/04\/songte-chushion-collar.webp\" alt=\"Yast\u0131k Yaka\"><\/p>\n<h2>G\u00fcvenlik Hususlar\u0131 ve \u00c7evresel Fakt\u00f6rler<\/h2>\n<p>Hidrolik silindirler kullan\u0131l\u0131rken, operat\u00f6rleri ve makineleri korumak i\u00e7in g\u00fcvenlik \u00f6nlemleri hayati \u00f6nem ta\u015f\u0131r. Uygun ki\u015fisel koruyucu ekipman (KKD) kullan\u0131m\u0131 ve \u00e7al\u0131\u015fma talimatlar\u0131na uyulmas\u0131 da dahil olmak \u00fczere t\u00fcm g\u00fcvenlik protokollerine uyuldu\u011fundan emin olun. S\u0131cakl\u0131k, nem ve kimyasallara maruz kalma gibi \u00e7evresel fakt\u00f6rler hidrolik sistemlerin performans\u0131n\u0131 etkileyebilir. Hasar\u0131 \u00f6nlemek ve g\u00fcvenli\u011fi sa\u011flamak i\u00e7in i\u015fletme ve bak\u0131m s\u0131ras\u0131nda bu fakt\u00f6rlerin dikkate al\u0131nmas\u0131 \u00e7ok \u00f6nemlidir.<\/p>\n<h2>Sorun Giderme ve Yayg\u0131n Sorunlar<\/h2>\n<ul>\n<li><strong>S\u0131z\u0131nt\u0131:<\/strong> Kar\u015f\u0131la\u015f\u0131lan en yayg\u0131n sorunlardan biri s\u0131z\u0131nt\u0131d\u0131r. Bu, hasarl\u0131 contalardan veya hatal\u0131 ba\u011flant\u0131lardan kaynaklanabilir. D\u00fczenli kontroller, s\u0131z\u0131nt\u0131lar\u0131n erken tespit edilmesine ve zaman\u0131nda onar\u0131m yap\u0131lmas\u0131na yard\u0131mc\u0131 olabilir.<\/li>\n<li><strong>Tutarl\u0131 Olmayan \u0130\u015flem:<\/strong> Hidrolik silindir d\u00fczensiz \u00e7al\u0131\u015f\u0131yorsa, bunun nedeni sistemde s\u0131k\u0131\u015fm\u0131\u015f hava veya d\u00fc\u015f\u00fck hidrolik s\u0131v\u0131 seviyeleri olabilir. Sistemin havas\u0131n\u0131 almak ve s\u0131v\u0131 seviyelerini kontrol etmek, bu sorunu gidermek i\u00e7in at\u0131lmas\u0131 gereken \u00f6nemli ad\u0131mlard\u0131r.<\/li>\n<li><strong>A\u015f\u0131r\u0131 G\u00fcr\u00fclt\u00fc:<\/strong> \u00c7al\u0131\u015fma s\u0131ras\u0131nda al\u0131\u015f\u0131lmad\u0131k sesler duyulmas\u0131, mekanik sorunlar\u0131n veya yetersiz ya\u011flaman\u0131n g\u00f6stergesi olabilir. Silindiri inceleyin ve daha fazla hasar\u0131 \u00f6nlemek i\u00e7in uygun ya\u011flaman\u0131n yap\u0131ld\u0131\u011f\u0131ndan emin olun.<\/li>\n<\/ul>\n<p>Sorunlar\u0131 etkili bir \u015fekilde gidermek i\u00e7in, t\u00fcm sorunlar\u0131n ve onar\u0131mlar\u0131n ayr\u0131nt\u0131l\u0131 bir kayd\u0131n\u0131 tutun ve sorunlar devam ederse bir hidrolik uzman\u0131na dan\u0131\u015f\u0131n.<\/p>\n<p><img decoding=\"async\" src=\"https:\/\/www.hydraulic-cylinders.net\/wp-content\/uploads\/2025\/04\/songte-bushings-with-all-kinds-of-excavator-models.webp\" alt=\"Ekskavat\u00f6r Modelleri i\u00e7in Bur\u00e7lar\"><\/p>\n<h2>Sonu\u00e7: \u015eirketimiz<\/h2>\n<p>Zengin \u00fcr\u00fcn yelpazemiz ve kaliteye olan ba\u011fl\u0131l\u0131\u011f\u0131m\u0131zla tan\u0131nan, lider bir yedek hidrolik silindir \u00fcreticisiyiz. \u00dcr\u00fcnlerimiz hem yurt i\u00e7i hem de yurt d\u0131\u015f\u0131 pazarlarda be\u011feni kazanm\u0131\u015ft\u0131r. \u0130leri teknoloji, kalifiye personel ve g\u00fc\u00e7l\u00fc bir kalite kontrol sistemini bir araya getiren rafine bir \u00fcretim stratejisi kullanarak, y\u00fcksek m\u00fckemmellik standartlar\u0131na ba\u011fl\u0131 kal\u0131yoruz. Hassas \u00fcretim, \u00f6zelle\u015ftirilebilir \u00e7\u00f6z\u00fcmler ve ola\u011fan\u00fcst\u00fc sat\u0131\u015f sonras\u0131 hizmetimizle, m\u00fc\u015fterilerimizin \u00e7e\u015fitli ihtiya\u00e7lar\u0131n\u0131 kar\u015f\u0131l\u0131yoruz.<\/p>\n<p><img decoding=\"async\" src=\"https:\/\/www.hydraulic-cylinders.net\/wp-content\/uploads\/2025\/04\/songte-company-4.webp\" alt=\"\u015eirket \u0130maj\u0131\"><br \/>\n<img decoding=\"async\" src=\"https:\/\/www.hydraulic-cylinders.net\/wp-content\/uploads\/2025\/04\/songte-company-3.webp\" alt=\"\u015eirket \u0130maj\u0131\"><\/p>\n<p>Yazar: lyl<\/p>","protected":false},"excerpt":{"rendered":"<p>Boom Cylinder For Dasin DS35 Product Definition The Boom Cylinder for Dasin DS35 is a specialized hydraulic cylinder designed for controlling the movement of boom arms in heavy machinery such as excavators, backhoe loaders, and front loaders. This type of hydraulic cylinder plays a crucial role in facilitating the lifting, lowering, and tilting of the [&hellip;]<\/p>","protected":false},"featured_media":17881,"comment_status":"open","ping_status":"closed","template":"","meta":{"_et_pb_use_builder":"","_et_pb_old_content":"","_et_gb_content_width":""},"product_brand":[],"product_cat":[1546],"product_tag":[1547,1496],"class_list":{"0":"post-19693","1":"product","2":"type-product","3":"status-publish","4":"has-post-thumbnail","6":"product_cat-boom-cylinders","7":"product_tag-boom-cylinders","8":"product_tag-hydraulic-cylinders","10":"first","11":"instock","12":"shipping-taxable","13":"product-type-simple"},"amp_enabled":true,"_links":{"self":[{"href":"https:\/\/www.hydraulic-cylinders.net\/tr\/wp-json\/wp\/v2\/product\/19693","targetHints":{"allow":["GET"]}}],"collection":[{"href":"https:\/\/www.hydraulic-cylinders.net\/tr\/wp-json\/wp\/v2\/product"}],"about":[{"href":"https:\/\/www.hydraulic-cylinders.net\/tr\/wp-json\/wp\/v2\/types\/product"}],"replies":[{"embeddable":true,"href":"https:\/\/www.hydraulic-cylinders.net\/tr\/wp-json\/wp\/v2\/comments?post=19693"}],"wp:featuredmedia":[{"embeddable":true,"href":"https:\/\/www.hydraulic-cylinders.net\/tr\/wp-json\/wp\/v2\/media\/17881"}],"wp:attachment":[{"href":"https:\/\/www.hydraulic-cylinders.net\/tr\/wp-json\/wp\/v2\/media?parent=19693"}],"wp:term":[{"taxonomy":"product_brand","embeddable":true,"href":"https:\/\/www.hydraulic-cylinders.net\/tr\/wp-json\/wp\/v2\/product_brand?post=19693"},{"taxonomy":"product_cat","embeddable":true,"href":"https:\/\/www.hydraulic-cylinders.net\/tr\/wp-json\/wp\/v2\/product_cat?post=19693"},{"taxonomy":"product_tag","embeddable":true,"href":"https:\/\/www.hydraulic-cylinders.net\/tr\/wp-json\/wp\/v2\/product_tag?post=19693"}],"curies":[{"name":"wp","href":"https:\/\/api.w.org\/{rel}","templated":true}]}}