{"id":19697,"date":"2025-04-07T07:02:22","date_gmt":"2025-04-07T07:02:22","guid":{"rendered":"https:\/\/www.hydraulic-cylinders.net\/product\/boom-cylinder-for-sinomach-zg3210-9c\/"},"modified":"2025-04-07T07:02:25","modified_gmt":"2025-04-07T07:02:25","slug":"boom-cylinder-for-sinomach-zg3210-9c","status":"publish","type":"product","link":"https:\/\/www.hydraulic-cylinders.net\/tr\/urun\/boom-cylinder-for-sinomach-zg3210-9c\/","title":{"rendered":"Sinomach ZG3210-9C i\u00e7in Bom Silindiri"},"content":{"rendered":"<h1>Sinomach ZG3210-9C i\u00e7in Bom Silindiri<\/h1>\n<h2>\u00dcr\u00fcn Genel Bak\u0131\u015f\u0131<\/h2>\n<p>Sinomach ZG3210-9C i\u00e7in tasarlanm\u0131\u015f olan bu hidrolik silindir, ekskavat\u00f6rler, beko y\u00fckleyiciler ve \u00f6n y\u00fckleyiciler gibi \u00e7e\u015fitli a\u011f\u0131r makinelerde kep\u00e7enin hareketini kontrol etmek i\u00e7in \u00f6zel olarak tasarlanm\u0131\u015ft\u0131r. Bu sa\u011flam bile\u015fen, operat\u00f6r\u00fcn kep\u00e7eyi kald\u0131rmas\u0131na, indirmesine ve e\u011fmesine olanak tan\u0131yarak verimli malzeme ta\u015f\u0131ma i\u015flemlerini kolayla\u015ft\u0131r\u0131r. Kep\u00e7e silindiri, in\u015faat ve tar\u0131mda kritik i\u015flevleri yerine getirmek i\u00e7in gerekli kuvveti sa\u011flayan hidrolik sistemlerde hayati \u00f6neme sahiptir.<\/p>\n<p><img decoding=\"async\" src=\"https:\/\/www.hydraulic-cylinders.net\/wp-content\/uploads\/2025\/04\/songte-company-1.webp\" alt=\"Hidrolik Silindir\"><\/p>\n<h2>Bom Silindirinin \u00d6zellikleri<\/h2>\n<ul>\n<li><strong>Y\u00fcksek Dayan\u0131kl\u0131l\u0131k ve Dayan\u0131kl\u0131l\u0131k:<\/strong> Y\u00fcksek mukavemetli \u00e7elik veya al\u00fcminyumdan \u00fcretilen bu silindir, y\u00fcksek bas\u0131nca ve a\u011f\u0131r y\u00fcklere dayanabilir, bu da onu zorlu \u00e7al\u0131\u015fma ortamlar\u0131 i\u00e7in uygun hale getirir. A\u015f\u0131nma ve korozyon direnci g\u00f6z \u00f6n\u00fcnde bulundurularak tasarlanan silindirin kullan\u0131m \u00f6mr\u00fc uzat\u0131lm\u0131\u015ft\u0131r.<\/li>\n<li><strong>Verimli Hidrolik \u00c7al\u0131\u015fma:<\/strong> Hidrolik ya\u011f bas\u0131nc\u0131n\u0131 kullanan silindir, d\u00fczg\u00fcn uzatma ve geri \u00e7ekme hareketleri sa\u011flar, kontrol komutlar\u0131na h\u0131zl\u0131 yan\u0131t verir ve g\u00fc\u00e7l\u00fc itme ve \u00e7ekme kuvvetleri uygulayarak a\u011f\u0131r ve karma\u015f\u0131k i\u015flerin \u00fcstesinden gelmek i\u00e7in idealdir.<\/li>\n<li><strong>T\u00fcr \u00c7e\u015fitlili\u011fi:<\/strong> \u00c7e\u015fitli operasyonel ihtiya\u00e7lar\u0131 kar\u015f\u0131lamak \u00fczere hem tek etkili (hidroli\u011fi tek y\u00f6nde kullanan) hem de \u00e7ift etkili (hidroli\u011fi her iki y\u00f6nde kullanan) konfig\u00fcrasyonlarda mevcuttur. Baz\u0131 modeller teleskopiktir ve d\u0131\u015f boyutlar\u0131 art\u0131rmadan daha fazla uzatmaya olanak tan\u0131r; bu da s\u0131n\u0131rl\u0131 alana sahip uygulamalar i\u00e7in uygundur.<\/li>\n<li><strong>Hassas M\u00fchendislik:<\/strong> Tasar\u0131m, daha y\u00fcksek verimlilik ve g\u00fcvenilirlik i\u00e7in hassas i\u015fleme i\u00e7erir ve bu da de\u011fi\u015fen y\u00fckler ve ko\u015fullar alt\u0131nda tutarl\u0131 performans g\u00f6steren bir \u00fcr\u00fcn ortaya \u00e7\u0131kar\u0131r.<\/li>\n<li><strong>\u00d6zelle\u015ftirilebilir \u00c7\u00f6z\u00fcmler:<\/strong> Bu \u00fcr\u00fcn\u00fc, mevcut hidrolik silindirlerin yerine ge\u00e7ecek \u015fekilde, \u00f6zel gereksinimlere ve \u00f6zelliklere uygun olarak \u00fcretebiliriz.<\/li>\n<\/ul>\n<p><img decoding=\"async\" src=\"https:\/\/www.hydraulic-cylinders.net\/wp-content\/uploads\/2025\/04\/songte-cylinder-head-with-all-kinds-excavator-models.webp\" alt=\"Ekskavat\u00f6r Model Uyumlulu\u011fu\"><\/p>\n<h2>Bom Silindirinin Uygulamalar\u0131<\/h2>\n<h3>\u0130n\u015faat Ekipmanlar\u0131<\/h3>\n<p>Ekskavat\u00f6rlerde, bom silindiri kazma, y\u00fckleme ve toprak veya moloz ta\u015f\u0131ma i\u015flemlerinde hayati \u00f6neme sahiptir. Kep\u00e7enin verimli bir \u015fekilde hareket etmesini sa\u011flayarak \u015fantiyelerde hassas i\u015flemler yap\u0131lmas\u0131na olanak tan\u0131r. Silindirin g\u00fcvenilirli\u011fi, ekskavat\u00f6r\u00fcn \u00e7al\u0131\u015f\u0131r durumda kalmas\u0131n\u0131 ve a\u011f\u0131r kald\u0131rma ve manevra taleplerini kar\u015f\u0131lamas\u0131n\u0131 sa\u011flar.<\/p>\n<h3>Tar\u0131m Makinalar\u0131<\/h3>\n<p>\u00d6n y\u00fckleyicilerde, bom silindiri toprak, saman ve di\u011fer malzemelerin kep\u00e7elenmesi, kald\u0131r\u0131lmas\u0131 ve ta\u015f\u0131nmas\u0131nda hayati bir rol oynar. B\u00fcy\u00fck y\u00fckleri kald\u0131rabilme yetene\u011fi, \u00e7iftliklerde verimlili\u011fi art\u0131rarak operat\u00f6rlerin g\u00f6revleri h\u0131z ve verimlilikle ger\u00e7ekle\u015ftirmesine ve b\u00f6ylece genel i\u015f ak\u0131\u015f\u0131n\u0131 iyile\u015ftirmesine olanak tan\u0131r.<\/p>\n<h3>Kaz\u0131 Makineleri<\/h3>\n<p>Ekskavat\u00f6rlerde, kep\u00e7e silindiri, kep\u00e7enin topra\u011fa etkili bir \u015fekilde n\u00fcfuz etmesini sa\u011flayarak kazma i\u015flemini kolayla\u015ft\u0131r\u0131r. Bu hidrolik mekanizma, a\u011f\u0131r malzemelerin kolayca kaz\u0131l\u0131p ta\u015f\u0131nmas\u0131n\u0131 sa\u011flayarak, toprak ta\u015f\u0131ma makineleri i\u00e7in vazge\u00e7ilmez bir bile\u015fen haline gelir.<\/p>\n<h3>Y\u00fckleyiciler<\/h3>\n<p>\u00d6n y\u00fckleyicilerde, bom silindirleri y\u00fcklerin verimli bir \u015fekilde kald\u0131r\u0131lmas\u0131na ve bo\u015falt\u0131lmas\u0131na yard\u0131mc\u0131 olur. Sa\u011flam tasar\u0131mlar\u0131, a\u011f\u0131r malzemelerin g\u00fcvenli bir \u015fekilde ta\u015f\u0131nmas\u0131n\u0131 sa\u011flayarak, kullan\u0131m kolayl\u0131\u011f\u0131 sunar ve kritik kald\u0131rma i\u015flemleri s\u0131ras\u0131nda ekipman ar\u0131zas\u0131 riskini azalt\u0131r.<\/p>\n<h2>Tasar\u0131m Hususlar\u0131 ve Se\u00e7im Kriterleri<\/h2>\n<h3>Y\u00fck Kapasitesi<\/h3>\n<p>Bom silindirinin y\u00fck ta\u015f\u0131ma kapasitesi \u00e7ok \u00f6nemli bir husustur. \u00c7al\u0131\u015fmalar s\u0131ras\u0131nda beklenen maksimum y\u00fck\u00fc ar\u0131za riski olmadan kald\u0131rabilecek \u015fekilde tasarlanmal\u0131d\u0131r. M\u00fchendisler, kald\u0131r\u0131lan malzemelerin a\u011f\u0131rl\u0131\u011f\u0131n\u0131 ve \u00e7al\u0131\u015fma s\u0131ras\u0131nda olu\u015fan dinamik kuvvetleri dikkate almal\u0131d\u0131r. Bu, silindirin y\u00fcksek gerilim ko\u015fullar\u0131 alt\u0131nda g\u00fcvenli bir \u015fekilde \u00e7al\u0131\u015fabilmesini sa\u011flar.<\/p>\n<h3>S\u0131zd\u0131rmazl\u0131k Performans\u0131<\/h3>\n<p>Hidrolik silindirlerin uzun \u00f6m\u00fcrl\u00fcl\u00fc\u011f\u00fc ve verimlili\u011fi i\u00e7in s\u0131zd\u0131rmazl\u0131k performans\u0131 hayati \u00f6nem ta\u015f\u0131r. Do\u011fru s\u0131zd\u0131rmazl\u0131k, hidrolik s\u0131v\u0131 s\u0131z\u0131nt\u0131lar\u0131n\u0131 \u00f6nleyerek sistemin bas\u0131nc\u0131n\u0131 ve performans\u0131n\u0131 korur. Poli\u00fcretan veya nitril kau\u00e7uk gibi dayan\u0131kl\u0131 malzemelerden yap\u0131lm\u0131\u015f y\u00fcksek kaliteli contalar\u0131n se\u00e7ilmesi, \u00f6zellikle zorlu ortamlarda silindirin g\u00fcvenilirli\u011fini \u00f6nemli \u00f6l\u00e7\u00fcde art\u0131rabilir.<\/p>\n<h3>Dayan\u0131kl\u0131l\u0131k<\/h3>\n<p>Bom silindirlerinin tasar\u0131m\u0131nda dayan\u0131kl\u0131l\u0131k kritik bir fakt\u00f6rd\u00fcr. Kir, d\u00f6k\u00fcnt\u00fc ve a\u015f\u0131r\u0131 hava ko\u015fullar\u0131 da dahil olmak \u00fczere zorlu \u00e7evre ko\u015fullar\u0131na dayanmalar\u0131 gerekir. \u0130yi tasarlanm\u0131\u015f bir silindir, a\u015f\u0131nmaya ve korozyona kar\u015f\u0131 dayan\u0131kl\u0131, daha uzun hizmet \u00f6mr\u00fc sa\u011flayan ve bak\u0131m maliyetlerini azaltan sa\u011flam bir yap\u0131ya ve koruyucu kaplamalara sahip olacakt\u0131r.<\/p>\n<h3>G\u00fcvenlik \u00d6zellikleri<\/h3>\n<p>Herhangi bir hidrolik sistemde g\u00fcvenlik en \u00f6nemli unsurdur. Bom silindirinin tasar\u0131m\u0131, kazara hareketi \u00f6nleyen ve operat\u00f6r g\u00fcvenli\u011fini sa\u011flayan \u00f6zellikler i\u00e7ermelidir. Bu, sistem ar\u0131zas\u0131 durumunda devreye giren ve \u00e7al\u0131\u015fma s\u0131ras\u0131nda ek koruma sa\u011flayan bas\u0131n\u00e7 tahliye vanalar\u0131 ve ar\u0131za emniyet mekanizmalar\u0131n\u0131 i\u00e7erebilir.<\/p>\n<h3>Bak\u0131m Eri\u015filebilirli\u011fi<\/h3>\n<p>Hidrolik silindirin uzun \u00f6m\u00fcrl\u00fc olmas\u0131 i\u00e7in bak\u0131m eri\u015filebilirli\u011fini g\u00f6z \u00f6n\u00fcnde bulunduran bir tasar\u0131m \u00e7ok \u00f6nemlidir. Bu tasar\u0131m, inceleme, ya\u011flama ve de\u011fi\u015ftirme i\u00e7in kritik bile\u015fenlere kolay eri\u015fim sa\u011flamal\u0131d\u0131r. Bak\u0131m\u0131 dikkate alan bir tasar\u0131m, ar\u0131za s\u00fcrelerini ve i\u015fletme maliyetlerini b\u00fcy\u00fck \u00f6l\u00e7\u00fcde azaltarak makinelerin optimum durumda kalmas\u0131n\u0131 sa\u011flar.<\/p>\n<p><img decoding=\"async\" src=\"https:\/\/www.hydraulic-cylinders.net\/wp-content\/uploads\/2025\/04\/songte-oil-pipes-and-spare-parts.webp\" alt=\"Hidrolik Silindir Par\u00e7alar\u0131\"><\/p>\n<h2>S\u0131zd\u0131rmazl\u0131k ve Ya\u011flama<\/h2>\n<p>Etkin s\u0131zd\u0131rmazl\u0131k ve ya\u011flama, bom silindirinin performans\u0131 i\u00e7in ayr\u0131lmaz bir par\u00e7ad\u0131r. Piston contalar\u0131 ve mil contalar\u0131 da dahil olmak \u00fczere \u00e7e\u015fitli s\u0131zd\u0131rmazl\u0131k elemanlar\u0131, s\u0131v\u0131 s\u0131z\u0131nt\u0131lar\u0131n\u0131 \u00f6nlemek ve bas\u0131nc\u0131 korumak i\u00e7in kullan\u0131l\u0131r. Poli\u00fcretan ve nitril kau\u00e7uk gibi dayan\u0131kl\u0131 malzemelerin se\u00e7imi, a\u015f\u0131nma direncini art\u0131rabilir. Ek olarak, silindir g\u00f6vdesi ve di\u015fli u\u00e7 y\u00fczeyleri, a\u015f\u0131nma direncini art\u0131rmak i\u00e7in ince i\u015fleme tabi tutulur. Sorunsuz \u00e7al\u0131\u015fmay\u0131 sa\u011flamak ve hareketli par\u00e7alarda a\u015f\u0131nmay\u0131 \u00f6nlemek i\u00e7in hidrolik ya\u011f ile d\u00fczenli ya\u011flama gereklidir; bu da zaman i\u00e7inde optimum performans\u0131 korumak i\u00e7in \u00e7ok \u00f6nemlidir.<\/p>\n<h2>D\u00fczenli Muayene ve \u00d6nleyici Bak\u0131m \u00d6nlemleri<\/h2>\n<ul>\n<li><strong>G\u00f6rsel Muayeneler:<\/strong> Bom silindirinin d\u00fczenli g\u00f6rsel incelemeleri, a\u015f\u0131nma, s\u0131z\u0131nt\u0131 veya hasar belirtilerini tespit etmeye yard\u0131mc\u0131 olabilir. Sorunlar\u0131n erken a\u015famada ele al\u0131nmas\u0131, daha b\u00fcy\u00fck ar\u0131zalar\u0131n \u00f6nlenmesine katk\u0131da bulunabilir.<\/li>\n<li><strong>Ya\u011flama Kontrolleri:<\/strong> Silindirin \u00fcretici spesifikasyonlar\u0131na uygun \u015fekilde yeterince ya\u011fland\u0131\u011f\u0131ndan emin olun. Yetersiz ya\u011flama, a\u015f\u0131nman\u0131n artmas\u0131na ve erken ar\u0131zaya yol a\u00e7abilir.<\/li>\n<li><strong>Conta De\u011fi\u015fimi:<\/strong> Hidrolik b\u00fct\u00fcnl\u00fc\u011f\u00fc korumak i\u00e7in contalar\u0131 d\u00fczenli olarak kontrol edin ve gerekti\u011finde de\u011fi\u015ftirin. A\u015f\u0131nm\u0131\u015f contalar s\u0131v\u0131 s\u0131z\u0131nt\u0131lar\u0131na ve verimlili\u011fin azalmas\u0131na yol a\u00e7abilir.<\/li>\n<\/ul>\n<h2>Kurulum Talimatlar\u0131<\/h2>\n<p>Bom silindirinin do\u011fru montaj\u0131, optimum performans i\u00e7in \u00e7ok \u00f6nemlidir. Montajdan \u00f6nce, t\u00fcm bile\u015fenlerin temiz ve kirleticilerden ar\u0131nd\u0131r\u0131lm\u0131\u015f oldu\u011fundan emin olun. Silindiri, uygun montaj aparatlar\u0131n\u0131 kullanarak yerine sabitleyerek, montaj braketleriyle do\u011fru \u015fekilde hizalayarak ba\u015flay\u0131n. G\u00fcvenli bir ba\u011flant\u0131 sa\u011flamak i\u00e7in c\u0131vatalar\u0131 s\u0131karken \u00fcreticinin tork \u00f6zelliklerine uymak \u00e7ok \u00f6nemlidir. Ayr\u0131ca, hidrolik hatlar\u0131n hizas\u0131n\u0131 kontrol edin ve b\u00fck\u00fclm\u00fc\u015f veya hasar g\u00f6rm\u00fc\u015f olmad\u0131klar\u0131ndan emin olun. Montajdan sonra, kullan\u0131mdan \u00f6nce montaj\u0131n b\u00fct\u00fcnl\u00fc\u011f\u00fcn\u00fc do\u011frulamak i\u00e7in sistemi d\u00fc\u015f\u00fck bas\u0131n\u00e7 alt\u0131nda kapsaml\u0131 bir \u015fekilde inceleyin ve test edin. D\u00fczenli takip kontrolleri, s\u00fcrekli performans ve g\u00fcvenli\u011fin sa\u011flanmas\u0131na yard\u0131mc\u0131 olabilir.<\/p>\n<h2>Yayg\u0131n Bak\u0131m G\u00f6revleri<\/h2>\n<ul>\n<li><strong>D\u00fczenli Denetimler:<\/strong> Potansiyel sorunlar\u0131n b\u00fcy\u00fcmeden \u00f6nce tespit edilmesi i\u00e7in d\u00fczenli kontroller yapmak hayati \u00f6nem ta\u015f\u0131r. \u00c7al\u0131\u015fma s\u0131ras\u0131nda a\u015f\u0131nma, s\u0131z\u0131nt\u0131 veya ola\u011fand\u0131\u015f\u0131 ses belirtilerine dikkat edin. Silindirin g\u00fcvenli ve verimli bir \u015fekilde \u00e7al\u0131\u015fmas\u0131n\u0131 sa\u011flamak i\u00e7in bu kontroller d\u00fczenli aral\u0131klarla yap\u0131lmal\u0131d\u0131r.<\/li>\n<li><strong>Uygun Ya\u011flama:<\/strong> Bom silindirinin uzun \u00f6m\u00fcrl\u00fc olmas\u0131 i\u00e7in yeterli ya\u011flama \u00e7ok \u00f6nemlidir. Hidrolik ya\u011f\u0131n \u00f6nerilen seviyede ve do\u011fru viskozitede oldu\u011fundan emin olun. \u0130\u00e7 bile\u015fenlerdeki s\u00fcrt\u00fcnmeyi ve a\u015f\u0131nmay\u0131 azaltmak i\u00e7in ya\u011flama noktalar\u0131n\u0131 d\u00fczenli olarak kontrol edin ve bak\u0131m\u0131n\u0131 yap\u0131n.<\/li>\n<li><strong>Conta De\u011fi\u015fimi:<\/strong> S\u0131zd\u0131rmazl\u0131k elemanlar\u0131n\u0131n durumunu d\u00fczenli olarak kontrol edin. A\u015f\u0131nm\u0131\u015f veya hasar g\u00f6rm\u00fc\u015f s\u0131zd\u0131rmazl\u0131k elemanlar\u0131 s\u0131v\u0131 s\u0131z\u0131nt\u0131lar\u0131na neden olabilir ve hidrolik performans\u0131 olumsuz etkileyebilir. Optimum i\u015flevselli\u011fi korumak ve maliyetli ar\u0131za s\u00fcrelerini \u00f6nlemek i\u00e7in s\u0131zd\u0131rmazl\u0131k elemanlar\u0131 i\u00e7in d\u00fczenli bir de\u011fi\u015ftirme program\u0131 olu\u015fturun.<\/li>\n<\/ul>\n<p>Bom silindirinin uzun \u00f6m\u00fcrl\u00fcl\u00fc\u011f\u00fc ve performans\u0131 i\u00e7in do\u011fru montaj, ya\u011flama ve hizalama \u00e7ok \u00f6nemlidir. Silindiri sa\u011flam bir \u015fekilde sabitlemek i\u00e7in uygun montaj braketleri kullan\u0131n ve bak\u0131m ve onar\u0131m i\u00e7in \u00fcretici y\u00f6nergelerini izleyin. Proaktif bak\u0131m uygulamalar\u0131, hidrolik sistemlerin \u00f6mr\u00fcn\u00fc ve verimlili\u011fini \u00f6nemli \u00f6l\u00e7\u00fcde art\u0131rabilir.<\/p>\n<p><img decoding=\"async\" src=\"https:\/\/www.hydraulic-cylinders.net\/wp-content\/uploads\/2025\/04\/songte-chushion-collar.webp\" alt=\"Yast\u0131k Yaka\"><\/p>\n<h2>G\u00fcvenlik Hususlar\u0131 ve \u00c7evresel Fakt\u00f6rler<\/h2>\n<p>Bom silindirleri kullan\u0131l\u0131rken, operat\u00f6rlerin ve \u00e7evredeki personelin g\u00fcvenli\u011fi i\u00e7in g\u00fcvenlik \u00f6nlemleri son derece \u00f6nemlidir. Hidrolik makinelerin \u00e7al\u0131\u015ft\u0131r\u0131lmas\u0131 konusunda uygun e\u011fitim \u015fartt\u0131r ve t\u00fcm g\u00fcvenlik protokollerine kesinlikle uyulmal\u0131d\u0131r. Bu, ki\u015fisel koruyucu ekipman (KKD) kullan\u0131m\u0131 ve g\u00fcvenli \u00e7al\u0131\u015fma prosed\u00fcrlerine uyulmas\u0131n\u0131 i\u00e7erir. \u00c7evresel fakt\u00f6rler de dikkate al\u0131nmal\u0131, kullan\u0131lan hidrolik s\u0131v\u0131lar\u0131n \u00e7evre dostu oldu\u011fundan ve herhangi bir d\u00f6k\u00fclmenin ekolojik etkiyi en aza indirgemek i\u00e7in derhal kontrol alt\u0131na al\u0131nd\u0131\u011f\u0131ndan emin olunmal\u0131d\u0131r.<\/p>\n<h2>Ar\u0131za Te\u015fhisi ve Yayg\u0131n Sorunlar<\/h2>\n<ul>\n<li><strong>S\u0131z\u0131nt\u0131 Problemleri:<\/strong> S\u0131v\u0131 s\u0131z\u0131nt\u0131lar\u0131, a\u015f\u0131nm\u0131\u015f contalar\u0131 veya hasar g\u00f6rm\u00fc\u015f par\u00e7alar\u0131 g\u00f6sterebilir. D\u00fczenli kontrol ve zaman\u0131nda onar\u0131mlar bu sorunlar\u0131 etkili bir \u015fekilde \u00e7\u00f6zebilir.<\/li>\n<li><strong>Dengesiz Hareket:<\/strong> Bom silindirinin d\u00fczensiz \u00e7al\u0131\u015fmas\u0131, hidrolik sistemde hava veya uygunsuz s\u0131v\u0131 seviyeleri olabilece\u011fini g\u00f6sterir. Sistemi havas\u0131n\u0131 alarak ve s\u0131v\u0131 seviyelerini kontrol ederek bu sorun \u00e7\u00f6z\u00fclebilir.<\/li>\n<li><strong>A\u015f\u0131r\u0131 G\u00fcr\u00fclt\u00fc:<\/strong> \u00c7al\u0131\u015fma s\u0131ras\u0131nda duyulan ola\u011fand\u0131\u015f\u0131 sesler, i\u00e7 sorunlara i\u015faret edebilir. Gev\u015fek par\u00e7alar\u0131 veya a\u015f\u0131nma belirtilerini incelemek, as\u0131l nedeni belirlemeye yard\u0131mc\u0131 olabilir.<\/li>\n<\/ul>\n<h2>Sorun Giderme \u0130pu\u00e7lar\u0131<\/h2>\n<p>Etkili ar\u0131za te\u015fhisi i\u00e7in, silindirin performans\u0131n\u0131 d\u00fczenli olarak de\u011ferlendirin ve herhangi bir d\u00fczensizli\u011fi kaydedin. S\u0131z\u0131nt\u0131 tespit edilirse, \u00f6nce contalar\u0131 ve ba\u011flant\u0131lar\u0131 kontrol edin. D\u00fczensiz hareketi gidermek i\u00e7in, hidrolik s\u0131v\u0131n\u0131n do\u011fru seviyede oldu\u011fundan emin olun ve sistemdeki s\u0131k\u0131\u015fm\u0131\u015f havay\u0131 \u00e7\u0131karmak i\u00e7in sistemi havaland\u0131r\u0131n. A\u015f\u0131r\u0131 g\u00fcr\u00fclt\u00fcy\u00fc gidermek i\u00e7in, aksamdaki gev\u015fek par\u00e7alar\u0131 inceleyin ve gerekirse s\u0131k\u0131n. Planl\u0131 bak\u0131m ve zaman\u0131nda onar\u0131m gibi \u00f6nleyici tedbirler, bu sorunlarla kar\u015f\u0131la\u015fma olas\u0131l\u0131\u011f\u0131n\u0131 \u00f6nemli \u00f6l\u00e7\u00fcde azaltabilir.<\/p>\n<p><img decoding=\"async\" src=\"https:\/\/www.hydraulic-cylinders.net\/wp-content\/uploads\/2025\/04\/songte-bushings-with-all-kinds-of-excavator-models.webp\" alt=\"Ekskavat\u00f6r Bur\u00e7lar\u0131\"><\/p>\n<h2>\u015eirketimiz Hakk\u0131nda<\/h2>\n<p>\u00d6nde gelen hidrolik silindir yedek par\u00e7a \u00fcreticisiyiz ve hem yurt i\u00e7i hem de uluslararas\u0131 pazarlarda en \u00f6nde gelen tedarik\u00e7ilerden biri olarak konumlanmam\u0131z\u0131 sa\u011flayan kapsaml\u0131 bir \u00fcr\u00fcn yelpazesi sunuyoruz. Kalitede m\u00fckemmelli\u011fe olan ba\u011fl\u0131l\u0131\u011f\u0131m\u0131z, geli\u015fmi\u015f teknik yeteneklerden, \u00fcst d\u00fczey dijital \u00fcretim ekipmanlar\u0131ndan ve profesyonel test sistemlerinden yararlanan rafine bir \u00fcretim y\u00f6netim stratejisiyle desteklenmektedir. Yenilik ve kaliteye odaklanmam\u0131z, m\u00fc\u015fterilerimizin \u00e7e\u015fitli ihtiya\u00e7lar\u0131n\u0131 s\u00fcrekli olarak kar\u015f\u0131lamam\u0131z\u0131 sa\u011flamaktad\u0131r.<\/p>\n<p>Uzmanl\u0131\u011f\u0131m\u0131z, belirli operasyonel gereksinimlere g\u00f6re uyarlanm\u0131\u015f \u00f6zel \u00e7\u00f6z\u00fcmler sunmay\u0131 da kapsamaktad\u0131r. Uluslararas\u0131 sertifikalara sahibiz ve \u00fcr\u00fcnlerimizin k\u00fcresel standartlar\u0131 kar\u015f\u0131lamas\u0131n\u0131 sa\u011flamak i\u00e7in titiz kalite kontrol s\u00fcre\u00e7leri uyguluyoruz. Ayr\u0131ca, \u00fcretim tesislerimiz, \u00fcretimde verimlili\u011fi ve hassasiyeti art\u0131ran en son teknolojiyle donat\u0131lm\u0131\u015ft\u0131r. G\u00fc\u00e7l\u00fc sat\u0131\u015f sonras\u0131 deste\u011fimizle birlikte, g\u00fcvenilir hizmet ve y\u00fcksek kaliteli \u00fcr\u00fcnler arac\u0131l\u0131\u011f\u0131yla m\u00fc\u015fterilerimizle uzun vadeli ili\u015fkiler kurmaya kendimizi adad\u0131k.<\/p>\n<p><img decoding=\"async\" src=\"https:\/\/www.hydraulic-cylinders.net\/wp-content\/uploads\/2025\/04\/songte-company-4.webp\" alt=\"\u015eirket Genel Bak\u0131\u015f\u0131\"><br \/>\n<img decoding=\"async\" src=\"https:\/\/www.hydraulic-cylinders.net\/wp-content\/uploads\/2025\/04\/songte-company-3.webp\" alt=\"\u00dcretim Tesisi\"><\/p>\n<p>Yazar: lyl<\/p>","protected":false},"excerpt":{"rendered":"<p>Boom Cylinder For Sinomach ZG3210-9C Product Overview The Boom Cylinder for Sinomach ZG3210-9C is a hydraulic cylinder specifically designed to control the movement of the bucket in various heavy machinery such as excavators, backhoe loaders, and front loaders. This robust component enables the operator to lift, lower, and tilt the bucket, facilitating efficient material handling [&hellip;]<\/p>","protected":false},"featured_media":17870,"comment_status":"open","ping_status":"closed","template":"","meta":{"_et_pb_use_builder":"","_et_pb_old_content":"","_et_gb_content_width":""},"product_brand":[],"product_cat":[1546],"product_tag":[1547,1496],"class_list":{"0":"post-19697","1":"product","2":"type-product","3":"status-publish","4":"has-post-thumbnail","6":"product_cat-boom-cylinders","7":"product_tag-boom-cylinders","8":"product_tag-hydraulic-cylinders","10":"first","11":"instock","12":"shipping-taxable","13":"product-type-simple"},"amp_enabled":true,"_links":{"self":[{"href":"https:\/\/www.hydraulic-cylinders.net\/tr\/wp-json\/wp\/v2\/product\/19697","targetHints":{"allow":["GET"]}}],"collection":[{"href":"https:\/\/www.hydraulic-cylinders.net\/tr\/wp-json\/wp\/v2\/product"}],"about":[{"href":"https:\/\/www.hydraulic-cylinders.net\/tr\/wp-json\/wp\/v2\/types\/product"}],"replies":[{"embeddable":true,"href":"https:\/\/www.hydraulic-cylinders.net\/tr\/wp-json\/wp\/v2\/comments?post=19697"}],"wp:featuredmedia":[{"embeddable":true,"href":"https:\/\/www.hydraulic-cylinders.net\/tr\/wp-json\/wp\/v2\/media\/17870"}],"wp:attachment":[{"href":"https:\/\/www.hydraulic-cylinders.net\/tr\/wp-json\/wp\/v2\/media?parent=19697"}],"wp:term":[{"taxonomy":"product_brand","embeddable":true,"href":"https:\/\/www.hydraulic-cylinders.net\/tr\/wp-json\/wp\/v2\/product_brand?post=19697"},{"taxonomy":"product_cat","embeddable":true,"href":"https:\/\/www.hydraulic-cylinders.net\/tr\/wp-json\/wp\/v2\/product_cat?post=19697"},{"taxonomy":"product_tag","embeddable":true,"href":"https:\/\/www.hydraulic-cylinders.net\/tr\/wp-json\/wp\/v2\/product_tag?post=19697"}],"curies":[{"name":"wp","href":"https:\/\/api.w.org\/{rel}","templated":true}]}}