{"id":19699,"date":"2025-04-07T07:02:28","date_gmt":"2025-04-07T07:02:28","guid":{"rendered":"https:\/\/www.hydraulic-cylinders.net\/product\/boom-cylinder-for-sinomach-zg3065-9b\/"},"modified":"2025-04-07T07:02:31","modified_gmt":"2025-04-07T07:02:31","slug":"boom-cylinder-for-sinomach-zg3065-9b","status":"publish","type":"product","link":"https:\/\/www.hydraulic-cylinders.net\/tr\/urun\/boom-cylinder-for-sinomach-zg3065-9b\/","title":{"rendered":"Sinomach ZG3065-9B i\u00e7in Bom Silindiri"},"content":{"rendered":"<h1>Sinomach ZG3065-9B i\u00e7in Bom Silindiri<\/h1>\n<h2>Kova Silindirinin Tan\u0131m\u0131 ve Genel Bak\u0131\u015f\u0131<\/h2>\n<p>Genellikle kep\u00e7e silindiri olarak adland\u0131r\u0131lan bom silindiri, ekskavat\u00f6rler, kaz\u0131c\u0131 y\u00fckleyiciler ve \u00f6n y\u00fckleyiciler gibi \u00e7e\u015fitli a\u011f\u0131r makinelerde kep\u00e7elerin hareketini kontrol etmek i\u00e7in \u00f6zel olarak tasarlanm\u0131\u015f hidrolik sistemlerin kritik bir bile\u015fenidir. Bu hidrolik silindir, kep\u00e7enin kalkmas\u0131n\u0131, al\u00e7almas\u0131n\u0131 ve e\u011filmesini sa\u011flayarak verimli malzeme ta\u015f\u0131ma i\u015flemlerini kolayla\u015ft\u0131r\u0131r. Bom silindirinin i\u015flevselli\u011fi, a\u011f\u0131r ekipmanlar\u0131n \u00e7al\u0131\u015fmas\u0131 i\u00e7in hayati \u00f6nem ta\u015f\u0131r, \u00e7\u00fcnk\u00fc a\u011f\u0131r y\u00fckleri hassas bir \u015fekilde hareket ettirmek i\u00e7in gerekli kuvveti sa\u011flamak \u00fczere hidrolik bas\u0131nc\u0131 kullan\u0131r.<\/p>\n<p>Hidrolik sistemlerde, bom silindiri hidrolik enerjiyi mekanik enerjiye d\u00f6n\u00fc\u015ft\u00fcrerek operat\u00f6rlerin karma\u015f\u0131k g\u00f6revleri kolayl\u0131kla yerine getirmesini sa\u011flayan hayati bir rol oynar. Bu silindir, y\u00fcksek bas\u0131n\u00e7lara ve a\u011f\u0131r y\u00fcklere dayanacak \u015fekilde tasarlanm\u0131\u015ft\u0131r ve zorlu ortamlarda dayan\u0131kl\u0131l\u0131k ve g\u00fcvenilirlik sa\u011flar. A\u015f\u0131nma direnci ve korozyon korumas\u0131 da dikkate al\u0131narak tasarlanan bu silindir, \u00fcr\u00fcn\u00fcn kullan\u0131m \u00f6mr\u00fcn\u00fc uzat\u0131r ve zorlu ko\u015fullar alt\u0131nda bile optimum performans\u0131 korur.<\/p>\n<p><img decoding=\"async\" src=\"https:\/\/www.hydraulic-cylinders.net\/wp-content\/uploads\/2025\/04\/songte-company-1.webp\" alt=\"Sinomach ZG3065-9B i\u00e7in Bom Silindiri\"><\/p>\n<h2>Bom Silindirinin \u00d6zellikleri<\/h2>\n<ul>\n<li>\n<h3>Y\u00fcksek G\u00fc\u00e7 ve Dayan\u0131kl\u0131l\u0131k<\/h3>\n<p>Genellikle y\u00fcksek mukavemetli \u00e7elik veya al\u00fcminyumdan \u00fcretilen bu silindir, y\u00fcksek bas\u0131n\u00e7lara ve a\u011f\u0131r y\u00fcklere dayanabilir, bu da onu zorlu \u00e7al\u0131\u015fma ortamlar\u0131 i\u00e7in uygun hale getirir. Tasar\u0131m\u0131nda a\u015f\u0131nma direnci ve korozyon \u00f6nleyici \u00f6zellikler bulunur, bu da kullan\u0131m \u00f6mr\u00fcn\u00fc uzat\u0131r.<\/li>\n<li>\n<h3>Verimli Hidrolik \u00c7al\u0131\u015fma<\/h3>\n<p>Bom silindiri, sorunsuz uzatma ve geri \u00e7ekme i\u00e7in hidrolik ya\u011f bas\u0131nc\u0131ndan yararlan\u0131r; bu da operat\u00f6r komutlar\u0131na h\u0131zl\u0131 yan\u0131t verilmesini sa\u011flar ve a\u011f\u0131r ve karma\u015f\u0131k i\u015flerin \u00fcstesinden gelmek i\u00e7in ideal olan g\u00fc\u00e7l\u00fc itme ve \u00e7ekme yetenekleri sunar.<\/li>\n<li>\n<h3>\u00c7e\u015fitli T\u00fcrler<\/h3>\n<p>\u00c7e\u015fitli \u00e7al\u0131\u015fma ihtiya\u00e7lar\u0131n\u0131 kar\u015f\u0131lamak \u00fczere tek y\u00f6nl\u00fc (tek y\u00f6nde \u00e7al\u0131\u015fan) ve \u00e7ift y\u00f6nl\u00fc (iki y\u00f6nde \u00e7al\u0131\u015fan) konfig\u00fcrasyonlarda mevcuttur. Baz\u0131 modeller teleskopiktir ve d\u0131\u015f boyutlar\u0131 art\u0131rmadan daha fazla uzatma imkan\u0131 sa\u011flar; bu da s\u0131n\u0131rl\u0131 alan gerektiren uygulamalar i\u00e7in uygundur.<\/li>\n<li>\n<h3>Geli\u015fmi\u015f Tasar\u0131m<\/h3>\n<p>En iyi performans ve g\u00fcvenilirli\u011fi sa\u011flamak i\u00e7in hassasiyetle tasarlanan bom silindiri, end\u00fcstri standartlar\u0131n\u0131 kar\u015f\u0131lamak \u00fczere s\u0131k\u0131 kalite kontrol s\u00fcre\u00e7leri alt\u0131nda \u00fcretilmektedir.<\/li>\n<li>\n<h3>Kapsaml\u0131 De\u011fi\u015ftirme Se\u00e7enekleri<\/h3>\n<p>\u00dcr\u00fcnlerimiz, mevcut hidrolik silindirlerin yerini m\u00fckemmel bir \u015fekilde alarak makinelerinizde uyumluluk ve performans tutarl\u0131l\u0131\u011f\u0131 sa\u011flar.<\/h3>\n<\/li>\n<\/ul>\n<p><img decoding=\"async\" src=\"https:\/\/www.hydraulic-cylinders.net\/wp-content\/uploads\/2025\/04\/songte-cylinder-head-with-all-kinds-excavator-models.webp\" alt=\"Bom Silindiri i\u00e7in Yedek Par\u00e7a Se\u00e7enekleri\"><\/p>\n<h2>Bom Silindirinin Uygulamalar\u0131<\/h2>\n<h3>\u0130n\u015faat Ekipmanlar\u0131<\/h3>\n<p>Ekskavat\u00f6rlerde, bom silindirleri toprak veya moloz kazma, y\u00fckleme ve ta\u015f\u0131ma i\u015flemlerinde hayati \u00f6neme sahiptir. Kep\u00e7enin zemine etkili bir \u015fekilde n\u00fcfuz etmesini sa\u011flayan gerekli hidrolik kuvveti sa\u011flarlar. Kaz\u0131c\u0131 y\u00fckleyicilerde ise bu silindirler sadece kaz\u0131 i\u015flemlerinde de\u011fil, kald\u0131rma i\u015flemlerinde de yard\u0131mc\u0131 olarak in\u015faat projelerinde \u00e7ok y\u00f6nl\u00fc ara\u00e7lar haline gelirler.<\/p>\n<h3>Tar\u0131m Makinalar\u0131<\/h3>\n<p>\u00d6n y\u00fckleyicilerde, bom silindirleri toprak, saman ve di\u011fer malzemelerin kep\u00e7elenmesi, kald\u0131r\u0131lmas\u0131 ve ta\u015f\u0131nmas\u0131nda \u00e7ok \u00f6nemli bir rol oynar. Yem ta\u015f\u0131ma, moloz temizleme veya zemini d\u00fczle\u015ftirme gibi \u00e7e\u015fitli tar\u0131msal g\u00f6revleri verimli bir \u015fekilde yerine getirme yetene\u011fini art\u0131r\u0131rlar.<\/p>\n<h3>Ekskavat\u00f6rler<\/h3>\n<p>Ekskavat\u00f6rlerde, bom silindiri kep\u00e7enin topra\u011fa n\u00fcfuz etmesini sa\u011flayarak verimli kaz\u0131 i\u015flemlerine olanak tan\u0131r. Bu i\u015flev, proje b\u00fct\u00fcnl\u00fc\u011f\u00fcn\u00fc sa\u011flamak i\u00e7in hassas kaz\u0131 gerektiren in\u015faat ve peyzaj projelerinde kritik \u00f6neme sahiptir.<\/p>\n<h3>Y\u00fckleyiciler<\/h3>\n<p>\u00d6n y\u00fckleyicilerde, bom silindirleri y\u00fcklerin etkili bir \u015fekilde kald\u0131r\u0131lmas\u0131na ve bo\u015falt\u0131lmas\u0131na yard\u0131mc\u0131 olur. \u00c7e\u015fitli malzeme t\u00fcrlerini i\u015flemek \u00fczere tasarlanm\u0131\u015f olup, in\u015faattan at\u0131k y\u00f6netimine kadar \u00e7e\u015fitli uygulamalarda a\u011f\u0131r y\u00fckleri y\u00f6netmek i\u00e7in gerekli g\u00fcc\u00fc sa\u011flarlar.<\/p>\n<h2>Tasar\u0131m Hususlar\u0131 ve Se\u00e7im Kriterleri<\/h2>\n<h3>Y\u00fck Kapasitesi<\/h3>\n<p>Bom silindirinin y\u00fck ta\u015f\u0131ma kapasitesi, \u00e7al\u0131\u015fma s\u0131ras\u0131nda uygulanan a\u011f\u0131rl\u0131k ve bas\u0131nca dayanabilmesi a\u00e7\u0131s\u0131ndan son derece \u00f6nemlidir. M\u00fchendisler, silindirin kald\u0131rmas\u0131 beklenen maksimum a\u011f\u0131rl\u0131\u011f\u0131 dikkate almal\u0131 ve a\u011f\u0131r y\u00fckler alt\u0131nda ar\u0131zay\u0131 \u00f6nlemek i\u00e7in buna g\u00f6re tasar\u0131m yapmal\u0131d\u0131r.<\/p>\n<h3>S\u0131zd\u0131rmazl\u0131k B\u00fct\u00fcnl\u00fc\u011f\u00fc<\/h3>\n<p>Etkili s\u0131zd\u0131rmazl\u0131k, silindirin performans\u0131n\u0131 tehlikeye atabilecek hidrolik s\u0131v\u0131 s\u0131z\u0131nt\u0131lar\u0131n\u0131 \u00f6nlemek i\u00e7in \u00e7ok \u00f6nemlidir. Piston ve mil contalar\u0131 gibi dayan\u0131kl\u0131 malzemelerden yap\u0131lm\u0131\u015f y\u00fcksek kaliteli contalar\u0131n kullan\u0131m\u0131, hidrolik i\u015flemlerin uzun \u00f6m\u00fcrl\u00fcl\u00fc\u011f\u00fcn\u00fc ve g\u00fcvenilirli\u011fini sa\u011flar.<\/p>\n<h3>Dayan\u0131kl\u0131l\u0131k ve A\u015f\u0131nma Direnci<\/h3>\n<p>Vin\u00e7 silindirlerinin imalat\u0131nda kullan\u0131lan malzemeler a\u015f\u0131nmaya ve y\u0131pranmaya kar\u015f\u0131 dayan\u0131kl\u0131 olmal\u0131d\u0131r. Zorlu ortamlarda s\u0131k kullan\u0131m, a\u015f\u0131nd\u0131r\u0131c\u0131 ko\u015fullara ve sert hava \u015fartlar\u0131na uzun s\u00fcre maruz kalmaya dayanabilen sa\u011flam bir tasar\u0131m\u0131 gerektirir.<\/p>\n<h3>G\u00fcvenlik \u00d6zellikleri<\/h3>\n<p>Bas\u0131n\u00e7 tahliye vanalar\u0131 gibi g\u00fcvenlik \u00f6zelliklerine sahip bom silindirleri tasarlamak, silindirin g\u00fcvenli s\u0131n\u0131rlar i\u00e7inde \u00e7al\u0131\u015fmas\u0131n\u0131 sa\u011flar. Bu, kaza riskini en aza indirir ve tak\u0131ld\u0131\u011f\u0131 makinenin genel g\u00fcvenli\u011fini art\u0131r\u0131r.<\/p>\n<h3>Bak\u0131m Eri\u015filebilirli\u011fi<\/h3>\n<p>Tasar\u0131m a\u015famas\u0131nda bak\u0131m eri\u015filebilirli\u011fine dikkat etmek \u00e7ok \u00f6nemlidir. Bile\u015fenler, incelemeler, onar\u0131mlar ve de\u011fi\u015ftirmeler i\u00e7in kolay eri\u015fim sa\u011flayacak \u015fekilde d\u00fczenlenmeli ve bak\u0131m i\u015flemlerinin verimli ve etkili bir \u015fekilde ger\u00e7ekle\u015ftirilebilmesi sa\u011flanmal\u0131d\u0131r.<\/p>\n<p><img decoding=\"async\" src=\"https:\/\/www.hydraulic-cylinders.net\/wp-content\/uploads\/2025\/04\/songte-oil-pipes-and-spare-parts.webp\" alt=\"Bom Silindiri Tasar\u0131m\u0131nda Dikkate Al\u0131nmas\u0131 Gereken Hususlar\"><\/p>\n<h2>S\u0131zd\u0131rmazl\u0131k ve Ya\u011flama<\/h2>\n<p>Etkili s\u0131zd\u0131rmazl\u0131k, hidrolik bas\u0131nc\u0131n korunmas\u0131nda \u00f6nemli rol oynayan piston contalar\u0131 ve mil contalar\u0131 gibi \u00e7e\u015fitli s\u0131zd\u0131rmazl\u0131k bile\u015fenlerinin kullan\u0131m\u0131yla sa\u011flan\u0131r. Poli\u00fcretan ve nitril kau\u00e7uk gibi dayan\u0131kl\u0131 malzemelerden yap\u0131lm\u0131\u015f contalar\u0131n se\u00e7ilmesi, a\u015f\u0131nma direncini ve kullan\u0131m \u00f6mr\u00fcn\u00fc art\u0131r\u0131r. Silindir g\u00f6vdesi ve di\u015fli u\u00e7 y\u00fczeyleri, a\u015f\u0131nmaya kar\u015f\u0131 dayan\u0131kl\u0131l\u0131\u011f\u0131 art\u0131rmak i\u00e7in hassas i\u015fleme tabi tutulur.<\/p>\n<p>Bom silindirinin sorunsuz \u00e7al\u0131\u015fmas\u0131 i\u00e7in hidrolik ya\u011f ile d\u00fczenli ya\u011flama hayati \u00f6nem ta\u015f\u0131r. T\u00fcm hareketli par\u00e7alar\u0131n ya\u011flanmas\u0131n\u0131 sa\u011flamak, s\u00fcrt\u00fcnmeyi azaltmak ve erken a\u015f\u0131nmay\u0131 \u00f6nlemek i\u00e7in periyodik olarak yeterli miktarda hidrolik s\u0131v\u0131 enjekte edilmelidir.<\/p>\n<h2>\u00d6nleyici Bak\u0131m \u00d6nlemleri<\/h2>\n<ul>\n<li>\n<h3>D\u00fczenli Denetimler<\/h3>\n<p>Bom silindirinin d\u00fczenli olarak kontrol edilmesi, potansiyel sorunlar\u0131n b\u00fcy\u00fcmeden \u00f6nce tespit edilmesine yard\u0131mc\u0131 olur. Bu, s\u0131z\u0131nt\u0131lar\u0131n, anormal a\u015f\u0131nman\u0131n ve \u00e7al\u0131\u015fma performans\u0131n\u0131n kontrol edilmesini i\u00e7erir.<\/h3>\n<\/li>\n<li>\n<h3>Uygun Ya\u011flama<\/h3>\n<p>Silindirin do\u011fru tipte hidrolik ya\u011f ile yeterince ya\u011flanmas\u0131n\u0131n sa\u011flanmas\u0131, sorunsuz \u00e7al\u0131\u015fmay\u0131 s\u00fcrd\u00fcrmek ve par\u00e7an\u0131n \u00f6mr\u00fcn\u00fc uzatmak i\u00e7in \u00e7ok \u00f6nemlidir.<\/h3>\n<\/li>\n<li>\n<h3>Conta De\u011fi\u015fimi<\/h3>\n<p>Zamanla contalar bozulabilir ve de\u011fi\u015ftirilmesi gerekebilir. D\u00fczenli kontroller ve zaman\u0131nda de\u011fi\u015ftirme, s\u0131z\u0131nt\u0131lar\u0131 \u00f6nleyebilir ve performans verimlili\u011fini koruyabilir.<\/h3>\n<\/li>\n<\/ul>\n<h2>Kurulum Talimatlar\u0131<\/h2>\n<p>Bom silindirinin do\u011fru montaj\u0131, performans\u0131 i\u00e7in kritik \u00f6neme sahiptir. \u00d6ncelikle \u00e7al\u0131\u015fma alan\u0131n\u0131n temiz ve kal\u0131nt\u0131lardan ar\u0131nd\u0131r\u0131lm\u0131\u015f oldu\u011fundan emin olun. Yanl\u0131\u015f hizalaman\u0131n erken a\u015f\u0131nmaya yol a\u00e7mas\u0131n\u0131 \u00f6nlemek i\u00e7in silindiri makine \u00fczerindeki montaj noktalar\u0131yla do\u011fru \u015fekilde hizalay\u0131n. Silindiri sa\u011flam bir \u015fekilde yerine sabitlemek i\u00e7in uygun montaj braketleri kullan\u0131n.<\/p>\n<p>G\u00fcvenli bir kurulum sa\u011flamak i\u00e7in tork ayarlar\u0131 ve ba\u011flant\u0131 tipleriyle ilgili olarak \u00fcreticinin spesifikasyonlar\u0131na uyun. Kurulumdan sonra, hizalamay\u0131 do\u011frulay\u0131n ve t\u00fcm hidrolik ba\u011flant\u0131lar\u0131n s\u0131k\u0131 oldu\u011fundan emin olun. Makineyi \u00e7al\u0131\u015ft\u0131r\u0131n ve silindirin s\u0131z\u0131nt\u0131 olmadan sorunsuz \u00e7al\u0131\u015ft\u0131\u011f\u0131n\u0131 do\u011frulamak i\u00e7in bir test \u00e7al\u0131\u015fmas\u0131 ger\u00e7ekle\u015ftirin.<\/p>\n<h2>Yayg\u0131n Bak\u0131m G\u00f6revleri<\/h2>\n<ul>\n<li>\n<h3>D\u00fczenli Denetimler<\/h3>\n<p>Bom silindirinin a\u015f\u0131nma, s\u0131z\u0131nt\u0131 veya di\u011fer sorunlar a\u00e7\u0131s\u0131ndan s\u0131k s\u0131k kontrol edilmesi, s\u00fcrekli performans\u0131n sa\u011flanmas\u0131 i\u00e7in gereklidir. Sorunlar\u0131n erken tespiti, \u00f6nemli ar\u0131zalar\u0131 ve maliyetli onar\u0131mlar\u0131 \u00f6nleyebilir.<\/h3>\n<\/li>\n<li>\n<h3>Uygun Ya\u011flama<\/h3>\n<p>Silindirin \u00f6nerilen hidrolik ya\u011f ile d\u00fczenli olarak ya\u011flanmas\u0131 \u015fartt\u0131r. Bu, s\u00fcrt\u00fcnmeyi ve a\u015f\u0131nmay\u0131 azaltarak hidrolik sistemin \u00f6mr\u00fcn\u00fcn uzamas\u0131na katk\u0131da bulunur.<\/h3>\n<\/li>\n<li>\n<h3>Conta De\u011fi\u015fimi ve Kalibrasyonu<\/h3>\n<p>Hidrolik b\u00fct\u00fcnl\u00fc\u011f\u00fc korumak i\u00e7in contalar\u0131 gerekti\u011fi gibi kontrol edin ve de\u011fi\u015ftirin. D\u00fczenli kalibrasyon kontrolleri, silindirin belirtilen parametreler dahilinde \u00e7al\u0131\u015fmas\u0131n\u0131 sa\u011flayarak performans\u0131 ve g\u00fcvenli\u011fi art\u0131r\u0131r.<\/h3>\n<\/li>\n<\/ul>\n<p><img decoding=\"async\" src=\"https:\/\/www.hydraulic-cylinders.net\/wp-content\/uploads\/2025\/04\/songte-chushion-collar.webp\" alt=\"Bom Silindiri Montaj K\u0131lavuzu\"><\/p>\n<h2>G\u00fcvenlik Hususlar\u0131 ve \u00c7evresel Fakt\u00f6rler<\/h2>\n<p>Hidrolik silindirler kullan\u0131l\u0131rken g\u00fcvenlik \u00f6nlemleri son derece \u00f6nemlidir. Operat\u00f6rler, ekipman\u0131 do\u011fru \u015fekilde kullanmak \u00fczere e\u011fitilmeli ve t\u00fcm g\u00fcvenlik protokollerine uymal\u0131d\u0131r. Uygun ki\u015fisel koruyucu ekipman (KKD) giymek ve \u00e7al\u0131\u015fma y\u00f6nergelerine uymak, i\u015f yerinde kaza ve yaralanma riskini \u00f6nemli \u00f6l\u00e7\u00fcde azaltabilir.<\/p>\n<h2>Sorun Giderme ve Yayg\u0131n Sorunlar<\/h2>\n<ul>\n<li>\n<h3>Hidrolik S\u0131z\u0131nt\u0131lar<\/h3>\n<p>A\u015f\u0131nm\u0131\u015f contalar veya hasar g\u00f6rm\u00fc\u015f hortumlar nedeniyle s\u0131z\u0131nt\u0131lar meydana gelebilir. Performans\u0131 korumak ve daha fazla hasar\u0131 \u00f6nlemek i\u00e7in s\u0131z\u0131nt\u0131lara derhal m\u00fcdahale etmek \u00e7ok \u00f6nemlidir.<\/h3>\n<\/li>\n<li>\n<h3>Zay\u0131f Performans<\/h3>\n<p>Silindir beklendi\u011fi gibi \u00e7al\u0131\u015fm\u0131yorsa, hidrolik sistemde hava veya d\u00fc\u015f\u00fck hidrolik s\u0131v\u0131 seviyesi olabilir. D\u00fczenli kontroller bu sorunu \u00f6nleyebilir.<\/h3>\n<\/li>\n<li>\n<h3>A\u015f\u0131r\u0131 A\u015f\u0131nma<\/h3>\n<p>S\u0131k yap\u0131lan kontroller, a\u015f\u0131r\u0131 y\u0131pranma belirtilerini ortaya \u00e7\u0131karabilir ve daha fazla hasar\u0131 \u00f6nlemek i\u00e7in zaman\u0131nda bak\u0131m yap\u0131lmas\u0131n\u0131 sa\u011flayabilir.<\/h3>\n<\/li>\n<\/ul>\n<p>\u00d6nleyici tedbirler uygulamak ve d\u00fczenli bak\u0131m yapmak, potansiyel sorunlar\u0131 en aza indirmeye ve bom silindirinin verimli \u00e7al\u0131\u015fmas\u0131n\u0131 sa\u011flamaya yard\u0131mc\u0131 olabilir.<\/p>\n<p><img decoding=\"async\" src=\"https:\/\/www.hydraulic-cylinders.net\/wp-content\/uploads\/2025\/04\/songte-bushings-with-all-kinds-of-excavator-models.webp\" alt=\"Bom Silindiri Ar\u0131za Giderme\"><\/p>\n<h2>\u015eirketimiz Hakk\u0131nda<\/h2>\n<p>Hidrolik silindir yedek par\u00e7alar\u0131 konusunda uzmanla\u015fm\u0131\u015f bir \u00fcreticiyiz ve kapsaml\u0131 bir \u00fcr\u00fcn yelpazesi sunuyoruz. Yurti\u00e7i ve yurtd\u0131\u015f\u0131 pazarlarda \u00f6nde gelen hidrolik silindir \u00fcreticilerinden ve toptanc\u0131lar\u0131ndan biri olarak, kalite m\u00fckemmelli\u011fine ba\u011fl\u0131y\u0131z. End\u00fcstriyel \u00fcretim y\u00f6netim stratejimiz, teknik yetenek ve geli\u015fmi\u015f dijital \u00fcretim ekipmanlar\u0131n\u0131n kullan\u0131m\u0131yla desteklenen hassas \u00fcretime \u00f6nem vermektedir.<\/p>\n<p>\u00dcretim platformlar\u0131m\u0131zda ve \u00fcr\u00fcn kalite s\u00fcre\u00e7lerimizde s\u00fcrekli iyile\u015ftirmeler yapmam\u0131z, g\u00fc\u00e7l\u00fc yarat\u0131c\u0131 yeteneklerimizi yans\u0131tarak, \u00e7e\u015fitli m\u00fc\u015fteri ihtiya\u00e7lar\u0131n\u0131 y\u00fcksek verimlilik, do\u011fruluk ve kalite prensipleriyle kar\u015f\u0131lamam\u0131z\u0131 sa\u011flamaktad\u0131r. M\u00fc\u015fteri memnuniyetini sa\u011flamak i\u00e7in \u00f6zel hizmetler, profesyonel sertifikalar ve g\u00fc\u00e7l\u00fc sat\u0131\u015f sonras\u0131 destek sunuyoruz.<\/p>\n<p><img decoding=\"async\" src=\"https:\/\/www.hydraulic-cylinders.net\/wp-content\/uploads\/2025\/04\/songte-company-4.webp\" alt=\"\u015eirketimize Genel Bak\u0131\u015f\"><br \/>\n<img decoding=\"async\" src=\"https:\/\/www.hydraulic-cylinders.net\/wp-content\/uploads\/2025\/04\/songte-company-3.webp\" alt=\"\u00dcretim Yeteneklerimiz\"><\/p>\n<p>Yazar: lyl<\/p>","protected":false},"excerpt":{"rendered":"<p>Boom Cylinder For Sinomach ZG3065-9B Definition and Overview of Bucket Cylinder The boom cylinder, commonly referred to as a bucket cylinder, is a critical component in hydraulic systems, specifically designed to control the movement of buckets in various heavy machinery such as excavators, backhoe loaders, and front loaders. This hydraulic cylinder enables the bucket to [&hellip;]<\/p>","protected":false},"featured_media":17872,"comment_status":"open","ping_status":"closed","template":"","meta":{"_et_pb_use_builder":"","_et_pb_old_content":"","_et_gb_content_width":""},"product_brand":[],"product_cat":[1546],"product_tag":[1547,1496],"class_list":{"0":"post-19699","1":"product","2":"type-product","3":"status-publish","4":"has-post-thumbnail","6":"product_cat-boom-cylinders","7":"product_tag-boom-cylinders","8":"product_tag-hydraulic-cylinders","10":"first","11":"instock","12":"shipping-taxable","13":"product-type-simple"},"amp_enabled":true,"_links":{"self":[{"href":"https:\/\/www.hydraulic-cylinders.net\/tr\/wp-json\/wp\/v2\/product\/19699","targetHints":{"allow":["GET"]}}],"collection":[{"href":"https:\/\/www.hydraulic-cylinders.net\/tr\/wp-json\/wp\/v2\/product"}],"about":[{"href":"https:\/\/www.hydraulic-cylinders.net\/tr\/wp-json\/wp\/v2\/types\/product"}],"replies":[{"embeddable":true,"href":"https:\/\/www.hydraulic-cylinders.net\/tr\/wp-json\/wp\/v2\/comments?post=19699"}],"wp:featuredmedia":[{"embeddable":true,"href":"https:\/\/www.hydraulic-cylinders.net\/tr\/wp-json\/wp\/v2\/media\/17872"}],"wp:attachment":[{"href":"https:\/\/www.hydraulic-cylinders.net\/tr\/wp-json\/wp\/v2\/media?parent=19699"}],"wp:term":[{"taxonomy":"product_brand","embeddable":true,"href":"https:\/\/www.hydraulic-cylinders.net\/tr\/wp-json\/wp\/v2\/product_brand?post=19699"},{"taxonomy":"product_cat","embeddable":true,"href":"https:\/\/www.hydraulic-cylinders.net\/tr\/wp-json\/wp\/v2\/product_cat?post=19699"},{"taxonomy":"product_tag","embeddable":true,"href":"https:\/\/www.hydraulic-cylinders.net\/tr\/wp-json\/wp\/v2\/product_tag?post=19699"}],"curies":[{"name":"wp","href":"https:\/\/api.w.org\/{rel}","templated":true}]}}