{"id":19700,"date":"2025-04-07T07:02:31","date_gmt":"2025-04-07T07:02:31","guid":{"rendered":"https:\/\/www.hydraulic-cylinders.net\/product\/boom-cylinder-for-sinomach-zg3365lc-9c\/"},"modified":"2025-04-07T07:02:33","modified_gmt":"2025-04-07T07:02:33","slug":"boom-cylinder-for-sinomach-zg3365lc-9c","status":"publish","type":"product","link":"https:\/\/www.hydraulic-cylinders.net\/tr\/urun\/boom-cylinder-for-sinomach-zg3365lc-9c\/","title":{"rendered":"Sinomach ZG3365LC-9C i\u00e7in Bom Silindiri"},"content":{"rendered":"<h1>Sinomach ZG3365LC-9C i\u00e7in Bom Silindiri<\/h1>\n<h2>\u00dcr\u00fcn Genel Bak\u0131\u015f\u0131<\/h2>\n<p>Sinomach ZG3365LC-9C i\u00e7in Bom Silindiri, ekskavat\u00f6rler, beko-y\u00fckleyiciler ve \u00f6n y\u00fckleyiciler gibi a\u011f\u0131r i\u015f makinelerindeki bomun hareketini kontrol etmek i\u00e7in tasarlanm\u0131\u015f temel bir hidrolik bile\u015fendir. Bu hidrolik silindir, bomun kald\u0131rma, indirme ve yat\u0131rma i\u015flemlerini ger\u00e7ekle\u015ftirerek verimli malzeme ta\u015f\u0131ma g\u00f6revlerini kolayla\u015ft\u0131r\u0131r. Bom silindiri, hidrolik bas\u0131nc\u0131 mekanik g\u00fcce d\u00f6n\u00fc\u015ft\u00fcrerek operat\u00f6rlerin \u00e7e\u015fitli i\u015flevleri hassasiyet ve kolayl\u0131kla ger\u00e7ekle\u015ftirmesini sa\u011flayarak hidrolik sistemde \u00f6nemli bir rol oynar.<\/p>\n<p><img decoding=\"async\" src=\"https:\/\/www.hydraulic-cylinders.net\/wp-content\/uploads\/2025\/04\/songte-company-1.webp\" alt=\"Bom Silindiri\" \/><\/p>\n<h2>Temel \u00d6zellikler<\/h2>\n<ul>\n<li><strong>Y\u00fcksek Dayan\u0131kl\u0131l\u0131k ve Dayan\u0131kl\u0131l\u0131k:<\/strong> Y\u00fcksek mukavemetli \u00e7elik veya al\u00fcminyumdan \u00fcretilen bom silindiri, y\u00fcksek bas\u0131nca ve a\u011f\u0131r y\u00fcklere dayanabilir ve bu sayede zorlu \u00e7al\u0131\u015fma ortamlar\u0131 i\u00e7in uygundur. Tasar\u0131m\u0131, a\u015f\u0131nma direnci ve korozyon \u00f6nleyici \u00f6zellikleriyle daha uzun bir kullan\u0131m \u00f6mr\u00fc sa\u011flar.<\/li>\n<li><strong>Verimli Hidrolik \u00c7al\u0131\u015fma:<\/strong> Hidrolik ya\u011f bas\u0131nc\u0131n\u0131 kullanarak d\u00fczg\u00fcn uzatma ve geri \u00e7ekme sa\u011flayan bom silindiri, operat\u00f6r komutlar\u0131na h\u0131zl\u0131 bir \u015fekilde yan\u0131t vererek g\u00fc\u00e7l\u00fc itme ve \u00e7ekme kuvveti sa\u011flar; a\u011f\u0131r malzemelerin ve karma\u015f\u0131k g\u00f6revlerin ta\u015f\u0131nmas\u0131 i\u00e7in idealdir.<\/li>\n<li><strong>\u00c7e\u015fitli T\u00fcrler:<\/strong> \u00c7e\u015fitli operasyonel ihtiya\u00e7lar\u0131 kar\u015f\u0131lamak i\u00e7in se\u00e7enekler aras\u0131nda tek etkili (tek y\u00f6nde \u00e7al\u0131\u015fan hidrolik bas\u0131n\u00e7) veya \u00e7ift etkili (her iki y\u00f6nde \u00e7al\u0131\u015fan hidrolik bas\u0131n\u00e7) silindirler bulunur. Baz\u0131 modeller teleskopiktir ve d\u0131\u015f boyutlar\u0131 art\u0131rmadan daha fazla uzatma sa\u011flar, alan k\u0131s\u0131tlamas\u0131 olan uygulamalar i\u00e7in uygundur.<\/li>\n<li><strong>Uyumluluk:<\/strong> \u00dcr\u00fcnlerimiz mevcut hidrolik silindirlerin yerini m\u00fckemmel bir \u015fekilde alabilir ve mevcut makinelere kusursuz bir \u015fekilde entegre edilebilir.<\/li>\n<\/ul>\n<p><img decoding=\"async\" src=\"https:\/\/www.hydraulic-cylinders.net\/wp-content\/uploads\/2025\/04\/songte-cylinder-head-with-all-kinds-excavator-models.webp\" alt=\"Hidrolik Silindir Uyumlulu\u011fu\" \/><\/p>\n<h2>Uygulama Senaryolar\u0131<\/h2>\n<h3>\u0130n\u015faat Ekipmanlar\u0131<\/h3>\n<p>Ekskavat\u00f6rlerde bom silindirleri, kazma, y\u00fckleme ve toprak veya moloz ta\u015f\u0131ma i\u00e7in hayati \u00f6nem ta\u015f\u0131r. Operat\u00f6r\u00fcn bomun a\u00e7\u0131s\u0131n\u0131 ve y\u00fcksekli\u011fini kontrol etmesini sa\u011flayarak hassas kaz\u0131 g\u00f6revlerini kolayla\u015ft\u0131r\u0131r. Beko-loderlerde ise bom silindiri sadece kazmada de\u011fil, kald\u0131rmada da yard\u0131mc\u0131 olarak makinenin \u00e7ok y\u00f6nl\u00fcl\u00fc\u011f\u00fcn\u00fc art\u0131r\u0131r.<\/p>\n<h3>Tar\u0131m Makinalar\u0131<\/h3>\n<p>\u00d6n y\u00fckleyicilerde bom silindirleri, toprak, saman ve di\u011fer malzemeleri kep\u00e7elemek, kald\u0131rmak ve ta\u015f\u0131mak i\u00e7in kullan\u0131l\u0131r. Hidrolik g\u00fc\u00e7, verimli \u00e7al\u0131\u015fmay\u0131 m\u00fcmk\u00fcn k\u0131larak \u00e7iftliklerde ve \u015fantiyelerde \u00fcretkenli\u011fi \u00f6nemli \u00f6l\u00e7\u00fcde art\u0131r\u0131r.<\/p>\n<h3>Ekskavat\u00f6rler<\/h3>\n<p>Ekskavat\u00f6rlerdeki bom silindiri, kep\u00e7enin topra\u011fa n\u00fcfuz etmesini sa\u011flayarak etkili kaz\u0131 i\u015flemlerine olanak tan\u0131r. Bu \u00f6zellik, \u00e7e\u015fitli in\u015faat ve peyzaj i\u015fleri i\u00e7in hayati \u00f6nem ta\u015f\u0131r ve ekskavat\u00f6r\u00fc sekt\u00f6rde vazge\u00e7ilmez bir ara\u00e7 haline getirir.<\/p>\n<h3>Y\u00fckleyiciler<\/h3>\n<p>\u00d6n y\u00fckleyicilerde bom silindirleri, y\u00fcklerin etkili bir \u015fekilde kald\u0131r\u0131lmas\u0131 ve bo\u015falt\u0131lmas\u0131ndan sorumludur. Tasar\u0131mlar\u0131, yumu\u015fak ve kontroll\u00fc hareketlere olanak tan\u0131yarak \u00e7e\u015fitli uygulamalarda verimli malzeme elle\u00e7leme ve ta\u015f\u0131ma sa\u011flar.<\/p>\n<h2>Tasar\u0131m Hususlar\u0131 ve Se\u00e7im Kriterleri<\/h2>\n<h3>Y\u00fck Kapasitesi<\/h3>\n<p>Bom silindirinin y\u00fck kapasitesi, hizmet verdi\u011fi makinenin gereksinimlerine uygun olmal\u0131d\u0131r. Bu kapasite, silindirin kald\u0131rabilece\u011fi maksimum a\u011f\u0131rl\u0131\u011f\u0131 belirler ve silindir boyutu ve mukavemeti se\u00e7imini etkiler. M\u00fchendisler, silindirin g\u00fcvenli ve etkili bir \u015fekilde \u00e7al\u0131\u015fmas\u0131n\u0131 sa\u011flamak i\u00e7in operasyonel talepleri do\u011fru bir \u015fekilde de\u011ferlendirmelidir.<\/p>\n<h3>S\u0131zd\u0131rmazl\u0131k<\/h3>\n<p>Hidrolik s\u0131v\u0131 s\u0131z\u0131nt\u0131lar\u0131n\u0131 \u00f6nlemek ve sistem i\u00e7indeki bas\u0131nc\u0131 korumak i\u00e7in uygun s\u0131zd\u0131rmazl\u0131k kritik \u00f6neme sahiptir. Y\u00fcksek kaliteli contalar, \u00e7al\u0131\u015fma ortam\u0131na g\u00f6re se\u00e7ilmeli ve h\u0131zl\u0131 bir \u015fekilde bozulmadan bas\u0131n\u00e7 ve ko\u015fullara dayanabilmelidir. Se\u00e7enekler aras\u0131nda, m\u00fckemmel a\u015f\u0131nma direnci sa\u011flayan poli\u00fcretan ve nitril kau\u00e7uk bulunmaktad\u0131r.<\/p>\n<h3>Dayan\u0131kl\u0131l\u0131k<\/h3>\n<p>Dayan\u0131kl\u0131l\u0131k, bom silindirlerinin tasar\u0131m\u0131nda \u00f6nemli bir fakt\u00f6rd\u00fcr. Bile\u015fenler, zorlu hava ko\u015fullar\u0131, toz ve titre\u015fim gibi a\u011f\u0131r hizmet uygulamalar\u0131n\u0131n zorluklar\u0131na dayanacak \u015fekilde tasarlanmal\u0131d\u0131r. Bu husus, silindirin s\u0131k s\u0131k de\u011fi\u015ftirilmeden uzun s\u00fcre i\u015flevselli\u011fini korumas\u0131 i\u00e7in hayati \u00f6nem ta\u015f\u0131r.<\/p>\n<h3>Emniyet<\/h3>\n<p>Hidrolik silindir tasar\u0131m\u0131nda g\u00fcvenlik \u00f6zellikleri olmazsa olmazd\u0131r. Bunlar aras\u0131nda a\u015f\u0131r\u0131 y\u00fcklenmeyi \u00f6nlemek i\u00e7in bas\u0131n\u00e7 tahliye valfleri ve a\u015f\u0131r\u0131 hareketi \u00f6nlemek i\u00e7in mekanik durdurucular bulunur. Bu \u00f6zelliklerin entegre edilmesi, \u00e7al\u0131\u015fma s\u0131ras\u0131nda kaza riskini \u00f6nemli \u00f6l\u00e7\u00fcde azaltabilir.<\/p>\n<h3>Bak\u0131m<\/h3>\n<p>Bak\u0131m kolayl\u0131\u011f\u0131 da g\u00f6z \u00f6n\u00fcnde bulundurulmas\u0131 gereken bir di\u011fer \u00f6nemli husustur. Silindirler, contalara ve ya\u011flama noktalar\u0131na kolay eri\u015fim de dahil olmak \u00fczere, basit muayene ve bak\u0131ma olanak sa\u011flayacak \u015fekilde tasarlanmal\u0131d\u0131r. Hidrolik sistemin \u00f6mr\u00fcn\u00fc uzatmak ve g\u00fcvenilir \u00e7al\u0131\u015fmas\u0131n\u0131 sa\u011flamak i\u00e7in d\u00fczenli bak\u0131m \u00e7ok \u00f6nemlidir.<\/p>\n<p><img decoding=\"async\" src=\"https:\/\/www.hydraulic-cylinders.net\/wp-content\/uploads\/2025\/04\/songte-oil-pipes-and-spare-parts.webp\" alt=\"Hidrolik Silindir Bak\u0131m\u0131\" \/><\/p>\n<h2>S\u0131zd\u0131rmazl\u0131k ve Ya\u011flama<\/h2>\n<p>Piston contalar\u0131 ve piston kolu contalar\u0131 gibi \u00e7e\u015fitli s\u0131zd\u0131rmazl\u0131k bile\u015fenlerinin kullan\u0131m\u0131, hidrolik silindirlerin uzun \u00f6m\u00fcrl\u00fc ve verimli olmas\u0131 i\u00e7in hayati \u00f6nem ta\u015f\u0131r. Poli\u00fcretan ve nitril kau\u00e7uk gibi dayan\u0131kl\u0131 malzemelerden \u00fcretilen contalar m\u00fckemmel a\u015f\u0131nma direnci sunar. Silindir g\u00f6vdesi ve di\u015fli u\u00e7 y\u00fczeyleri, a\u015f\u0131nma direncini art\u0131rmak i\u00e7in hassas bir i\u015flemden ge\u00e7irilir. S\u00fcrt\u00fcnmeyi ve a\u015f\u0131nmay\u0131 azaltmak, sorunsuz \u00e7al\u0131\u015fmay\u0131 sa\u011flamak ve erken ar\u0131zalar\u0131 \u00f6nlemek i\u00e7in hidrolik ya\u011f ile d\u00fczenli ya\u011flama gereklidir.<\/p>\n<h2>\u00d6nleyici Bak\u0131m \u00d6nlemleri<\/h2>\n<ul>\n<li><strong>D\u00fczenli Denetimler:<\/strong> Olas\u0131 sorunlar\u0131 daha da b\u00fcy\u00fcmeden tespit etmek i\u00e7in rutin olarak s\u0131z\u0131nt\u0131, a\u015f\u0131nma ve genel durum kontrolleri yap\u0131n.<\/li>\n<li><strong>Ya\u011flama:<\/strong> Silindir performans\u0131n\u0131 korumak ve a\u015f\u0131nmay\u0131 \u00f6nlemek i\u00e7in uygun aral\u0131klarla yeterli ya\u011flaman\u0131n uyguland\u0131\u011f\u0131ndan emin olun.<\/li>\n<li><strong>Conta De\u011fi\u015fimleri:<\/strong> Hidrolik s\u0131v\u0131 s\u0131z\u0131nt\u0131lar\u0131n\u0131 \u00f6nlemek ve sistem b\u00fct\u00fcnl\u00fc\u011f\u00fcn\u00fc korumak i\u00e7in contalar\u0131n durumunu izleyin ve gerekti\u011finde de\u011fi\u015ftirin.<\/li>\n<\/ul>\n<h2>Kurulum Talimatlar\u0131<\/h2>\n<p>Optimum performans i\u00e7in bom silindirinin do\u011fru \u015fekilde tak\u0131lmas\u0131 \u00e7ok \u00f6nemlidir. \u00d6ncelikle t\u00fcm bile\u015fenlerin temiz ve kal\u0131nt\u0131lardan ar\u0131nd\u0131r\u0131lm\u0131\u015f oldu\u011fundan emin olun. Silindiri, uygun montaj braketlerini kullanarak montaj noktalar\u0131yla do\u011fru \u015fekilde hizalay\u0131n ve yerine sabitleyin. Hizaland\u0131ktan sonra, montaj c\u0131vatalar\u0131n\u0131 \u00fcretici spesifikasyonlar\u0131na g\u00f6re s\u0131k\u0131n. Kurulumdan sonra, hidrolik ba\u011flant\u0131larda s\u0131z\u0131nt\u0131 olup olmad\u0131\u011f\u0131n\u0131 kontrol edin ve silindirin t\u00fcm hareket aral\u0131\u011f\u0131 boyunca sorunsuz \u00e7al\u0131\u015ft\u0131\u011f\u0131ndan emin olun. Kurulumu d\u00fczenli olarak a\u015f\u0131nma veya hasar belirtileri a\u00e7\u0131s\u0131ndan inceleyin ve g\u00fcvenli\u011fi ve performans\u0131 korumak i\u00e7in sorunlar\u0131 derhal giderin.<\/p>\n<h2>Yayg\u0131n Bak\u0131m G\u00f6revleri<\/h2>\n<ul>\n<li><strong>D\u00fczenli Denetimler:<\/strong> S\u00fcrekli i\u015flevsellik ve g\u00fcvenli\u011fi sa\u011flamak i\u00e7in a\u015f\u0131nma ve olas\u0131 ar\u0131zalara kar\u015f\u0131 s\u0131k s\u0131k kontrol yap\u0131lmas\u0131 \u015fartt\u0131r. Sorunlar\u0131n erken tespiti, maliyetli onar\u0131mlar\u0131 ve aksama s\u00fcrelerini \u00f6nleyebilir.<\/li>\n<li><strong>Uygun Ya\u011flama:<\/strong> S\u00fcrt\u00fcnme ve a\u015f\u0131nmay\u0131 \u00f6nlemek i\u00e7in do\u011fru ya\u011flama seviyelerini korumak kritik \u00f6neme sahiptir. Do\u011fru hidrolik ya\u011f\u0131n kullan\u0131ld\u0131\u011f\u0131ndan emin olun ve seviyeleri d\u00fczenli olarak izleyin.<\/li>\n<li><strong>Conta De\u011fi\u015fimi ve Kalibrasyon Kontrolleri:<\/strong> S\u0131z\u0131nt\u0131lar\u0131 \u00f6nlemek ve hidrolik sistemin etkin bir \u015fekilde \u00e7al\u0131\u015fmas\u0131n\u0131 sa\u011flamak i\u00e7in a\u015f\u0131nm\u0131\u015f contalar\u0131 d\u00fczenli olarak de\u011fi\u015ftirin. Optimum performans ve g\u00fcvenli\u011fi sa\u011flamak i\u00e7in kalibrasyon kontrolleri gereklidir.<\/li>\n<\/ul>\n<h2>G\u00fcvenlik Hususlar\u0131 ve \u00c7evresel Fakt\u00f6rler<\/h2>\n<p>Hidrolik sistemlerle \u00e7al\u0131\u015f\u0131rken g\u00fcvenlik \u00f6nlemleri son derece \u00f6nemlidir. Kullan\u0131c\u0131lar, yaralanmalara neden olabilecek ani bas\u0131n\u00e7 d\u00fc\u015f\u00fc\u015fleri de dahil olmak \u00fczere hidrolik bas\u0131n\u00e7la ili\u015fkili potansiyel tehlikelerin fark\u0131nda olmal\u0131d\u0131r. Hidrolik makinelerin kullan\u0131m\u0131 ve \u00e7al\u0131\u015ft\u0131r\u0131lmas\u0131 konusunda uygun e\u011fitim ve i\u015f yerinde g\u00fcvenlik standartlar\u0131na uyum esast\u0131r. Ayr\u0131ca, hidrolik s\u0131v\u0131lar\u0131n \u00e7evresel etkilerini g\u00f6z \u00f6n\u00fcnde bulundurun ve kontaminasyonu \u00f6nlemek i\u00e7in uygun bertaraf y\u00f6ntemlerinin izlendi\u011finden emin olun.<\/p>\n<h2>Tan\u0131 ve Yayg\u0131n Sorunlar<\/h2>\n<ul>\n<li><strong>S\u0131zd\u0131ran Silindir:<\/strong> Yayg\u0131n bir sorun, contalardan hidrolik s\u0131v\u0131 s\u0131z\u0131nt\u0131s\u0131d\u0131r. Bu, a\u015f\u0131nm\u0131\u015f contalar\u0131n veya yanl\u0131\u015f montaj\u0131n g\u00f6stergesi olabilir. S\u0131z\u0131nt\u0131lar\u0131 gidermek i\u00e7in contalar\u0131 inceleyin ve gerekirse de\u011fi\u015ftirin.<\/li>\n<li><strong>Zay\u0131f Performans:<\/strong> Silindir beklendi\u011fi gibi tepki vermiyorsa, hidrolik s\u0131v\u0131 seviyelerini, hatlardaki olas\u0131 t\u0131kan\u0131kl\u0131klar\u0131 veya pompayla ilgili sorunlar\u0131 kontrol edin. Bu fakt\u00f6rlerin giderilmesi, optimum performans\u0131 geri kazand\u0131rabilir.<\/li>\n<li><strong>Al\u0131\u015f\u0131lmad\u0131k Sesler:<\/strong> \u00c7al\u0131\u015fma s\u0131ras\u0131nda olu\u015fan g\u00fcr\u00fclt\u00fc, i\u00e7 hasara veya d\u00fc\u015f\u00fck hidrolik s\u0131v\u0131s\u0131 seviyelerine i\u015faret ediyor olabilir. G\u00fcr\u00fclt\u00fcn\u00fcn kayna\u011f\u0131n\u0131 ara\u015ft\u0131r\u0131n ve uygun d\u00fczeltici \u00f6nlemleri al\u0131n.<\/li>\n<\/ul>\n<h2>Sorun Giderme \u0130pu\u00e7lar\u0131<\/h2>\n<p>Hidrolik silindirlerdeki sorunlar\u0131 etkili bir \u015fekilde te\u015fhis etmek ve \u00e7\u00f6zmek i\u00e7in, \u00f6ncelikle s\u0131v\u0131 seviyelerini kontrol edin ve s\u0131z\u0131nt\u0131 olup olmad\u0131\u011f\u0131n\u0131 inceleyin. T\u00fcm ba\u011flant\u0131lar\u0131n sa\u011flam ve kal\u0131nt\u0131lardan ar\u0131nd\u0131r\u0131lm\u0131\u015f oldu\u011fundan emin olun. A\u015f\u0131nma ve hasar\u0131 \u00f6nlemek i\u00e7in contalara, ya\u011flamaya ve hizalamaya odaklanarak bile\u015fenlerin bak\u0131m\u0131n\u0131 d\u00fczenli olarak yap\u0131n. Sorunlar devam ederse, kapsaml\u0131 te\u015fhis ve onar\u0131m stratejileri i\u00e7in bir uzmana dan\u0131\u015f\u0131n.<\/p>\n<p><img decoding=\"async\" src=\"https:\/\/www.hydraulic-cylinders.net\/wp-content\/uploads\/2025\/04\/songte-bushings-with-all-kinds-of-excavator-models.webp\" alt=\"Hidrolik Silindir Bile\u015fenleri\" \/><\/p>\n<h2>\u015eirket Genel Bak\u0131\u015f\u0131<\/h2>\n<p>M\u00fckemmel kalite ve yenilik\u00e7i \u00fcretim stratejilerine ba\u011fl\u0131, lider bir yedek hidrolik silindir \u00fcreticisi ve toptanc\u0131s\u0131y\u0131z. Geni\u015f \u00fcr\u00fcn yelpazemizle, hem yurt i\u00e7i hem de yurt d\u0131\u015f\u0131 pazarlarda lider \u00fcretici ve tedarik\u00e7ilerden biri olarak konumumuzu sa\u011flamla\u015ft\u0131rd\u0131k. Yakla\u015f\u0131m\u0131m\u0131z, hassas \u00fcretim y\u00f6netimi ve ileri teknoloji entegrasyonunu vurgulayarak, m\u00fc\u015fterilerimizin \u00e7e\u015fitli ihtiya\u00e7lar\u0131n\u0131 y\u00fcksek verimlilik ve kaliteyle kar\u015f\u0131lamam\u0131z\u0131 sa\u011flar. \u00dcretim tesislerimiz, son teknoloji ekipmanlar ve yetenekli profesyonellerden olu\u015fan \u00f6zverili bir ekiple donat\u0131lm\u0131\u015f olup, \u00fcretim kapasitemizi s\u00fcrekli olarak geli\u015ftirmemizi sa\u011flar.<\/p>\n<p><img decoding=\"async\" src=\"https:\/\/www.hydraulic-cylinders.net\/wp-content\/uploads\/2025\/04\/songte-company-4.webp\" alt=\"\u015eirket Genel Bak\u0131\u015f\u0131\" \/><br \/>\n<img decoding=\"async\" src=\"https:\/\/www.hydraulic-cylinders.net\/wp-content\/uploads\/2025\/04\/songte-company-3.webp\" alt=\"\u00dcretim M\u00fckemmelli\u011fi\" \/><\/p>\n<p>Yazar: lyl<\/p>","protected":false},"excerpt":{"rendered":"<p>Boom Cylinder For Sinomach ZG3365LC-9C Product Overview The Boom Cylinder for Sinomach ZG3365LC-9C is an essential hydraulic component designed to control the movement of the boom in heavy machinery such as excavators, backhoe loaders, and front-end loaders. This hydraulic cylinder allows the boom to lift, lower, and tilt, facilitating efficient material handling tasks. The boom [&hellip;]<\/p>","protected":false},"featured_media":17873,"comment_status":"open","ping_status":"closed","template":"","meta":{"_et_pb_use_builder":"","_et_pb_old_content":"","_et_gb_content_width":""},"product_brand":[],"product_cat":[1546],"product_tag":[1547,1496],"class_list":{"0":"post-19700","1":"product","2":"type-product","3":"status-publish","4":"has-post-thumbnail","6":"product_cat-boom-cylinders","7":"product_tag-boom-cylinders","8":"product_tag-hydraulic-cylinders","10":"first","11":"instock","12":"shipping-taxable","13":"product-type-simple"},"amp_enabled":true,"_links":{"self":[{"href":"https:\/\/www.hydraulic-cylinders.net\/tr\/wp-json\/wp\/v2\/product\/19700","targetHints":{"allow":["GET"]}}],"collection":[{"href":"https:\/\/www.hydraulic-cylinders.net\/tr\/wp-json\/wp\/v2\/product"}],"about":[{"href":"https:\/\/www.hydraulic-cylinders.net\/tr\/wp-json\/wp\/v2\/types\/product"}],"replies":[{"embeddable":true,"href":"https:\/\/www.hydraulic-cylinders.net\/tr\/wp-json\/wp\/v2\/comments?post=19700"}],"wp:featuredmedia":[{"embeddable":true,"href":"https:\/\/www.hydraulic-cylinders.net\/tr\/wp-json\/wp\/v2\/media\/17873"}],"wp:attachment":[{"href":"https:\/\/www.hydraulic-cylinders.net\/tr\/wp-json\/wp\/v2\/media?parent=19700"}],"wp:term":[{"taxonomy":"product_brand","embeddable":true,"href":"https:\/\/www.hydraulic-cylinders.net\/tr\/wp-json\/wp\/v2\/product_brand?post=19700"},{"taxonomy":"product_cat","embeddable":true,"href":"https:\/\/www.hydraulic-cylinders.net\/tr\/wp-json\/wp\/v2\/product_cat?post=19700"},{"taxonomy":"product_tag","embeddable":true,"href":"https:\/\/www.hydraulic-cylinders.net\/tr\/wp-json\/wp\/v2\/product_tag?post=19700"}],"curies":[{"name":"wp","href":"https:\/\/api.w.org\/{rel}","templated":true}]}}