{"id":19701,"date":"2025-04-07T07:02:33","date_gmt":"2025-04-07T07:02:33","guid":{"rendered":"https:\/\/www.hydraulic-cylinders.net\/product\/boom-cylinder-for-sinomach-zg3335lc-9c\/"},"modified":"2025-04-07T07:02:36","modified_gmt":"2025-04-07T07:02:36","slug":"boom-cylinder-for-sinomach-zg3335lc-9c","status":"publish","type":"product","link":"https:\/\/www.hydraulic-cylinders.net\/tr\/urun\/boom-cylinder-for-sinomach-zg3335lc-9c\/","title":{"rendered":"Sinomach ZG3335LC-9C i\u00e7in Bom Silindiri"},"content":{"rendered":"<h1>Sinomach ZG3335LC-9C i\u00e7in Bom Silindiri<\/h1>\n<h2>\u00dcr\u00fcn Genel Bak\u0131\u015f\u0131<\/h2>\n<p>Sinomach ZG3335LC-9C i\u00e7in Bom Silindiri, ekskavat\u00f6rler, beko-y\u00fckleyiciler ve \u00f6n y\u00fckleyiciler gibi a\u011f\u0131r makinelerdeki kep\u00e7elerin hareketini kontrol etmek i\u00e7in \u00f6zel olarak tasarlanm\u0131\u015f, hidrolik sistemlerde \u00f6nemli bir bile\u015fendir. Bu hidrolik silindir, kep\u00e7enin kald\u0131rma, indirme ve yat\u0131rma i\u015flemlerini ger\u00e7ekle\u015ftirerek verimli malzeme ta\u015f\u0131ma g\u00f6revlerini kolayla\u015ft\u0131r\u0131r. Kova silindiri, kuvvet \u00fcretmek i\u00e7in hidrolik s\u0131v\u0131 kullanan bir t\u00fcr hidrolik silindirdir ve \u00e7e\u015fitli uygulamalarda ihtiya\u00e7 duyulan hareketlerin hassas bir \u015fekilde kontrol edilmesini sa\u011flar. Bu silindirler, in\u015faat, tar\u0131m ve a\u011f\u0131r kald\u0131rma ve hareket gerektiren di\u011fer end\u00fcstrilerdeki operasyonlar i\u00e7in olmazsa olmazd\u0131r.<\/p>\n<p><img decoding=\"async\" src=\"https:\/\/www.hydraulic-cylinders.net\/wp-content\/uploads\/2025\/04\/songte-company-1.webp\" alt=\"Bom Silindiri G\u00f6r\u00fcnt\u00fcs\u00fc\"><\/p>\n<h2>Bom Silindirinin \u00d6zellikleri<\/h2>\n<ul>\n<li><strong>Y\u00fcksek Dayan\u0131kl\u0131l\u0131k ve Dayan\u0131kl\u0131l\u0131k:<\/strong> Genellikle y\u00fcksek mukavemetli \u00e7elik veya al\u00fcminyumdan \u00fcretilen bu silindirler, y\u00fcksek bas\u0131n\u00e7lara ve a\u011f\u0131r y\u00fcklere dayanabilir ve bu da onlar\u0131 zorlu \u00e7al\u0131\u015fma ortamlar\u0131 i\u00e7in uygun hale getirir.<\/li>\n<li><strong>Verimli Hidrolik \u00c7al\u0131\u015fma:<\/strong> Hidrolik ya\u011f bas\u0131nc\u0131n\u0131n kullan\u0131m\u0131, a\u011f\u0131r nesnelerin ve karma\u015f\u0131k g\u00f6revlerin ta\u015f\u0131nmas\u0131 i\u00e7in ideal olan g\u00fc\u00e7l\u00fc itme ve \u00e7ekme kuvvetleri sa\u011flayarak, yumu\u015fak ve h\u0131zl\u0131 bir \u015fekilde uzatma ve geri \u00e7ekme i\u015flemine olanak tan\u0131r.<\/li>\n<li><strong>\u00c7e\u015fitli T\u00fcrler:<\/strong> Tek etkili (tek y\u00f6nde hidrolik etki) veya \u00e7ift etkili (her iki y\u00f6nde hidrolik etki) konfig\u00fcrasyonlarda mevcuttur, operasyonel ihtiya\u00e7lara g\u00f6re \u00f6zelle\u015ftirmeye olanak tan\u0131r.<\/li>\n<li><strong>Kompakt Tasar\u0131m:<\/strong> Baz\u0131 modeller, d\u0131\u015f boyutlar\u0131 art\u0131rmadan daha fazla geni\u015flemeye izin veren teleskopik tasar\u0131mlara sahiptir ve bu da onlar\u0131 s\u0131n\u0131rl\u0131 alana sahip uygulamalar i\u00e7in uygun hale getirir.<\/li>\n<li><strong>Sa\u011flam S\u0131zd\u0131rmazl\u0131k Mekanizmalar\u0131:<\/strong> Geli\u015fmi\u015f s\u0131zd\u0131rmazl\u0131k \u00e7\u00f6z\u00fcmleri g\u00fcvenilirlik ve uzun \u00f6m\u00fcr sa\u011flayarak hidrolik s\u0131v\u0131 s\u0131z\u0131nt\u0131s\u0131 riskini azalt\u0131r ve optimum performans\u0131 korur.<\/li>\n<\/ul>\n<p>Bu \u00fcr\u00fcn\u00fc \u00fcretiyoruz ve \u00fcr\u00fcnlerimiz mevcut hidrolik silindirlerin yerini m\u00fckemmel \u015fekilde alabiliyor.<\/p>\n<p><img decoding=\"async\" src=\"https:\/\/www.hydraulic-cylinders.net\/wp-content\/uploads\/2025\/04\/songte-cylinder-head-with-all-kinds-excavator-models.webp\" alt=\"Silindir Kapa\u011f\u0131 G\u00f6r\u00fcnt\u00fcs\u00fc\"><\/p>\n<h2>Bom Silindirinin Uygulamalar\u0131<\/h2>\n<h3>\u0130n\u015faat Ekipmanlar\u0131<\/h3>\n<p>Ekskavat\u00f6rlerde bom silindirleri, kazma, y\u00fckleme ve toprak veya moloz ta\u015f\u0131ma i\u00e7in hayati \u00f6nem ta\u015f\u0131r. Kovan\u0131n zemine n\u00fcfuz etmesini sa\u011flamak i\u00e7in gereken kuvveti sa\u011flarlar ve bu da onlar\u0131 kaz\u0131 i\u015fleri i\u00e7in vazge\u00e7ilmez k\u0131lar. Kald\u0131rma ve e\u011fme kabiliyetleri, malzemelerin kamyonlara veya di\u011fer makinelere verimli bir \u015fekilde y\u00fcklenmesini sa\u011flayarak \u015fantiyelerde verimlili\u011fi art\u0131r\u0131r.<\/p>\n<h3>Tar\u0131m Makinalar\u0131<\/h3>\n<p>\u00d6n y\u00fckleyiciler, toprak, saman ve di\u011fer malzemeleri toplamak, kald\u0131rmak ve ta\u015f\u0131mak i\u00e7in bom silindirlerini kullan\u0131r. Tar\u0131msal \u00fcr\u00fcnlerin y\u00fcklenmesi, at\u0131klar\u0131n ta\u015f\u0131nmas\u0131 ve tar\u0131m faaliyetleri s\u0131ras\u0131nda malzemelerin y\u00f6netimi gibi g\u00f6revlerde \u00f6nemli bir rol oynarlar ve tar\u0131msal s\u00fcre\u00e7lerde genel verimlili\u011fe katk\u0131da bulunurlar.<\/p>\n<h3>Ekskavat\u00f6rler<\/h3>\n<p>Ekskavat\u00f6rlerde bom silindiri, kep\u00e7enin topra\u011fa n\u00fcfuz etmesini sa\u011flayarak etkili kaz\u0131 operasyonlar\u0131n\u0131 kolayla\u015ft\u0131r\u0131r. Bu silindirlerin sundu\u011fu hassas kontrol, derinlik y\u00f6netimi ve \u00e7evreye minimum d\u00fczeyde zarar verilmesi i\u00e7in olmazsa olmazd\u0131r ve bu da onlar\u0131 kaz\u0131 projelerinde vazge\u00e7ilmez k\u0131lar.<\/p>\n<h3>Y\u00fckleyiciler<\/h3>\n<p>\u00d6n y\u00fckleyicilerde bom silindirleri, y\u00fcklerin verimli bir \u015fekilde kald\u0131r\u0131lmas\u0131na ve bo\u015falt\u0131lmas\u0131na yard\u0131mc\u0131 olur. A\u011f\u0131r malzemelerin kald\u0131r\u0131lmas\u0131 i\u00e7in gerekli kuvveti sa\u011flayarak, hem in\u015faat hem de tar\u0131m alanlar\u0131nda kritik \u00f6neme sahip olan operasyonlar\u0131n sorunsuz ve g\u00fcvenli bir \u015fekilde y\u00fcr\u00fct\u00fclmesini sa\u011flarlar.<\/p>\n<h2>Tasar\u0131m Hususlar\u0131 ve Se\u00e7im Kriterleri<\/h2>\n<h3>Y\u00fck Kapasitesi<\/h3>\n<p>Bir bom silindirinin y\u00fck kapasitesi, tasar\u0131m a\u015famas\u0131nda g\u00f6z \u00f6n\u00fcnde bulundurulmas\u0131 gereken temel unsurlardan biridir. Yap\u0131sal b\u00fct\u00fcnl\u00fc\u011f\u00fcnden \u00f6d\u00fcn vermeden beklenen a\u011f\u0131rl\u0131klar\u0131 ta\u015f\u0131yabilmelidir. M\u00fchendisler, malzeme mukavemeti ve hidrolik bas\u0131n\u00e7 s\u0131n\u0131rlar\u0131 gibi fakt\u00f6rleri g\u00f6z \u00f6n\u00fcnde bulundurarak, silindirin y\u00fckleri g\u00fcvenli bir \u015fekilde kald\u0131r\u0131p indirebilmesini sa\u011flamak i\u00e7in ayr\u0131nt\u0131l\u0131 hesaplamalar kullan\u0131rlar.<\/p>\n<h3>S\u0131zd\u0131rmazl\u0131k B\u00fct\u00fcnl\u00fc\u011f\u00fc<\/h3>\n<p>S\u0131zd\u0131rmazl\u0131k, bir hidrolik silindirin performans\u0131n\u0131n korunmas\u0131 i\u00e7in kritik \u00f6neme sahiptir. Y\u00fcksek kaliteli contalar, bas\u0131n\u00e7 kayb\u0131na ve sistem ar\u0131zas\u0131na yol a\u00e7abilen hidrolik s\u0131v\u0131 s\u0131z\u0131nt\u0131s\u0131n\u0131 \u00f6nler. Tasar\u0131mlar genellikle, a\u015f\u0131nmaya ve \u00e7evre ko\u015fullar\u0131na dayan\u0131kl\u0131 poli\u00fcretan ve nitril kau\u00e7uk gibi malzemeler kullanan \u00e7oklu s\u0131zd\u0131rmazl\u0131k sistemleri i\u00e7erir. S\u0131zd\u0131rmazl\u0131k y\u00fczeyleri, dayan\u0131kl\u0131l\u0131\u011f\u0131 art\u0131rmak ve \u00e7e\u015fitli bas\u0131n\u00e7lar alt\u0131nda i\u015flevselli\u011fini korumak i\u00e7in hassas bir \u015fekilde i\u015flenmelidir.<\/p>\n<h3>Dayan\u0131kl\u0131l\u0131k ve Uzun \u00d6m\u00fcr<\/h3>\n<p>Dayan\u0131kl\u0131l\u0131k, bom silindirlerinin tasar\u0131m\u0131nda \u00f6nemli bir fakt\u00f6rd\u00fcr, \u00e7\u00fcnk\u00fc a\u015f\u0131r\u0131 ko\u015fullara maruz kal\u0131rlar. Malzeme se\u00e7imi ve \u00fcretim s\u00fcre\u00e7leri, silindirin kullan\u0131m \u00f6mr\u00fcn\u00fc do\u011frudan etkiler. Ayr\u0131ca, a\u015f\u0131nma, korozyon ve darbeye kar\u015f\u0131 direnci art\u0131rmak ve \u00fcr\u00fcn\u00fcn uzun s\u00fcre i\u015flevselli\u011fini korumas\u0131n\u0131 sa\u011flamak i\u00e7in y\u00fczey i\u015flemleri ve kaplamalar da uygulanabilir.<\/p>\n<h3>G\u00fcvenlik \u00d6zellikleri<\/h3>\n<p>Hidrolik sistemlerde g\u00fcvenlik en \u00f6nemli unsurdur. Bom silindirleri, kald\u0131rma kapasitelerini g\u00fcvenli seviyelerle s\u0131n\u0131rlayan a\u015f\u0131r\u0131 y\u00fck koruma mekanizmalar\u0131 gibi kazalar\u0131 \u00f6nlemek i\u00e7in emniyet sistemleriyle tasarlanmal\u0131d\u0131r. \u00dcretim s\u0131ras\u0131nda d\u00fczenli testler yap\u0131lmas\u0131 ve g\u00fcvenlik y\u00f6netmeliklerine uyulmas\u0131, \u00fcr\u00fcn\u00fcn g\u00fcvenli \u00e7al\u0131\u015fma i\u00e7in end\u00fcstri standartlar\u0131n\u0131 kar\u015f\u0131lamas\u0131n\u0131 sa\u011flar.<\/p>\n<h3>Bak\u0131m Eri\u015fimi<\/h3>\n<p>Tasar\u0131mlar, optimum performans sa\u011flamak i\u00e7in d\u00fczenli bak\u0131m gerektirdi\u011finden, kolay bak\u0131m imk\u00e2n\u0131 sunmal\u0131d\u0131r. Eri\u015filebilir gres ba\u011flant\u0131lar\u0131 ve kontrol portlar\u0131 gibi \u00f6zellikler, rutin kontrol ve ya\u011flamaya olanak tan\u0131r; bu da hidrolik silindirin \u00f6mr\u00fcn\u00fc \u00f6nemli \u00f6l\u00e7\u00fcde uzatabilir ve maliyetli onar\u0131mlar\u0131 \u00f6nleyebilir.<\/p>\n<p><img decoding=\"async\" src=\"https:\/\/www.hydraulic-cylinders.net\/wp-content\/uploads\/2025\/04\/songte-oil-pipes-and-spare-parts.webp\" alt=\"Petrol Borular\u0131 ve Yedek Par\u00e7a G\u00f6rseli\"><\/p>\n<h2>S\u0131zd\u0131rmazl\u0131k ve Ya\u011flama<\/h2>\n<p>Etkili s\u0131zd\u0131rmazl\u0131k ve ya\u011flama, bom silindirinin performans\u0131 ve uzun \u00f6m\u00fcrl\u00fcl\u00fc\u011f\u00fc i\u00e7in hayati \u00f6nem ta\u015f\u0131r. Hidrolik s\u0131v\u0131 s\u0131z\u0131nt\u0131lar\u0131n\u0131 \u00f6nlemek ve bas\u0131nc\u0131 korumak i\u00e7in piston contalar\u0131 ve piston kolu contalar\u0131 dahil olmak \u00fczere \u00e7e\u015fitli contalar kullan\u0131l\u0131r. Poli\u00fcretan ve nitril kau\u00e7uk gibi dayan\u0131kl\u0131 malzemelerin se\u00e7imi, a\u015f\u0131nmaya ve \u00e7evresel bozulmaya kar\u015f\u0131 diren\u00e7 sa\u011flar.<\/p>\n<p>Silindir g\u00f6vdesi ve di\u015fli u\u00e7lar, a\u015f\u0131nma direncini art\u0131rmak i\u00e7in hassas i\u015fleme gerektirir ve bu da silindirin y\u00fcksek bas\u0131n\u00e7lara ve zorlu ko\u015fullara dayanmas\u0131n\u0131 sa\u011flar. Hareketli par\u00e7alar aras\u0131ndaki s\u00fcrt\u00fcnmeyi azalt\u0131p a\u015f\u0131nmay\u0131 en aza indirerek silindirin kullan\u0131m \u00f6mr\u00fcn\u00fc uzatt\u0131\u011f\u0131 i\u00e7in hidrolik ya\u011f ile d\u00fczenli ya\u011flama \u015fartt\u0131r.<\/p>\n<h2>\u00d6nleyici Bak\u0131m \u00d6nlemleri<\/h2>\n<ul>\n<li><strong>D\u00fczenli Denetimler:<\/strong> A\u015f\u0131nma ve y\u0131pranmalar\u0131 ar\u0131zalara yol a\u00e7madan \u00f6nce tespit etmek i\u00e7in sistematik kontroller planlay\u0131n. Contalar\u0131 ve ba\u011flant\u0131lar\u0131 s\u0131z\u0131nt\u0131 ve hasar belirtileri a\u00e7\u0131s\u0131ndan inceleyin.<\/li>\n<li><strong>Uygun Ya\u011flama:<\/strong> Kuru \u00e7al\u0131\u015fma ko\u015fullar\u0131n\u0131 \u00f6nlemek i\u00e7in hidrolik ya\u011f seviyelerini uygun seviyede tutun ve ya\u011flama noktalar\u0131n\u0131n d\u00fczenli olarak bak\u0131m\u0131n\u0131n yap\u0131ld\u0131\u011f\u0131ndan emin olun.<\/li>\n<li><strong>Conta De\u011fi\u015fimi:<\/strong> Etkili s\u0131zd\u0131rmazl\u0131\u011f\u0131 sa\u011flamak ve s\u0131v\u0131 s\u0131z\u0131nt\u0131s\u0131n\u0131 \u00f6nlemek i\u00e7in contalar\u0131n durumunu izleyin ve gerekti\u011finde de\u011fi\u015ftirin.<\/li>\n<\/ul>\n<h2>Kurulum Talimatlar\u0131<\/h2>\n<p>Bom silindirinin do\u011fru montaj\u0131, i\u015flevselli\u011fi i\u00e7in \u00e7ok \u00f6nemlidir. \u00c7al\u0131\u015fma alan\u0131n\u0131n temiz ve kal\u0131nt\u0131lardan ar\u0131nd\u0131r\u0131lm\u0131\u015f oldu\u011fundan emin olarak ba\u015flay\u0131n. Silindiri, makine \u00fczerindeki montaj noktalar\u0131yla dikkatlice hizalay\u0131n ve yerine sabitlemek i\u00e7in uygun montaj braketlerini kullan\u0131n. S\u0131z\u0131nt\u0131lar\u0131 ve bas\u0131n\u00e7 kay\u0131plar\u0131n\u0131 \u00f6nlemek i\u00e7in hidrolik hatlar\u0131n do\u011fru \u015fekilde ba\u011fland\u0131\u011f\u0131ndan emin olun.<\/p>\n<p>Montaj\u0131 tamamlamadan \u00f6nce, bile\u015fenlere a\u015f\u0131r\u0131 y\u00fck binmesini \u00f6nlemek i\u00e7in silindirin hizalamas\u0131n\u0131 kontrol edin. Montajdan sonra, s\u0131z\u0131nt\u0131 olup olmad\u0131\u011f\u0131n\u0131 kapsaml\u0131 bir \u015fekilde kontrol edin ve sorunsuz \u00e7al\u0131\u015ft\u0131\u011f\u0131ndan emin olmak i\u00e7in hidrolik sistemi test edin. G\u00fcvenli ba\u011flant\u0131lar sa\u011flamak i\u00e7in c\u0131vata ve ba\u011flant\u0131 elemanlar\u0131ndaki tork ayarlar\u0131 i\u00e7in \u00fcreticinin talimatlar\u0131na uyun.<\/p>\n<h2>Yayg\u0131n Bak\u0131m G\u00f6revleri<\/h2>\n<h3>D\u00fczenli Kontroller<\/h3>\n<p>Olas\u0131 sorunlar\u0131 erken tespit etmek i\u00e7in rutin kontroller hayati \u00f6nem ta\u015f\u0131r. \u00c7al\u0131\u015fma s\u0131ras\u0131nda a\u015f\u0131nma, s\u0131z\u0131nt\u0131 ve ola\u011fand\u0131\u015f\u0131 ses belirtilerine dikkat edin. D\u00fczenli kontroller, silindirin verimli \u00e7al\u0131\u015fmas\u0131n\u0131 sa\u011flar ve beklenmedik ar\u0131zalar\u0131 \u00f6nleyebilir.<\/p>\n<h3>Uygun Ya\u011flama<\/h3>\n<p>S\u00fcrt\u00fcnme ve a\u015f\u0131nmay\u0131 en aza indirmek i\u00e7in do\u011fru ya\u011flama seviyelerini korumak \u00e7ok \u00f6nemlidir. Hidrolik ya\u011f\u0131n eksiksiz oldu\u011fundan ve ya\u011flama noktalar\u0131n\u0131n \u00fcreticinin \u00f6nerilerine g\u00f6re bak\u0131mdan ge\u00e7irildi\u011finden emin olun. Bu, yaln\u0131zca performans\u0131 art\u0131rmakla kalmaz, ayn\u0131 zamanda silindirin \u00f6mr\u00fcn\u00fc de uzat\u0131r.<\/p>\n<h3>Conta De\u011fi\u015fimi ve Kalibrasyon Kontrolleri<\/h3>\n<p>S\u0131z\u0131nt\u0131lar\u0131 \u00f6nlemek i\u00e7in contalar, \u00e7al\u0131\u015fma ko\u015fullar\u0131na ba\u011fl\u0131 olarak belirli aral\u0131klarla de\u011fi\u015ftirilmelidir. Silindirin belirtilen s\u0131n\u0131rlar dahilinde \u00e7al\u0131\u015ft\u0131\u011f\u0131ndan emin olmak i\u00e7in hidrolik sistemde kalibrasyon kontrolleri gereklidir. Bu hususlar\u0131n dikkate al\u0131nmamas\u0131, verimlili\u011fin d\u00fc\u015fmesine ve ar\u0131za riskinin artmas\u0131na neden olabilir.<\/p>\n<p><img decoding=\"async\" src=\"https:\/\/www.hydraulic-cylinders.net\/wp-content\/uploads\/2025\/04\/songte-chushion-collar.webp\" alt=\"Yast\u0131k Yaka G\u00f6rseli\"><\/p>\n<h2>G\u00fcvenlik Hususlar\u0131 ve \u00c7evresel Fakt\u00f6rler<\/h2>\n<p>Hidrolik silindirleri kullan\u0131rken g\u00fcvenlik \u00f6nlemlerinin uygulanmas\u0131, kazalar\u0131 \u00f6nlemek i\u00e7in kritik \u00f6neme sahiptir. Operat\u00f6rler, ani bas\u0131n\u00e7 dalgalanmalar\u0131 veya bile\u015fen ar\u0131zalar\u0131 gibi hidrolik sistemlerle ili\u015fkili potansiyel tehlikeleri fark edecek \u015fekilde e\u011fitilmelidir. Uygun koruyucu ekipman kullanmak ve g\u00fcvenlik y\u00f6nergelerine uymak, riskleri \u00f6nemli \u00f6l\u00e7\u00fcde azaltabilir.<\/p>\n<h2>Sorun Giderme ve Yayg\u0131n Sorunlar<\/h2>\n<ul>\n<li><strong>S\u0131z\u0131nt\u0131:<\/strong> A\u015f\u0131nm\u0131\u015f contalara veya hasarl\u0131 bile\u015fenlere i\u015faret edebilecek hidrolik s\u0131v\u0131 s\u0131z\u0131nt\u0131lar\u0131n\u0131 izleyin. Sistem bas\u0131nc\u0131n\u0131 korumak i\u00e7in s\u0131z\u0131nt\u0131lar\u0131n derhal giderilmesi \u00e7ok \u00f6nemlidir.<\/li>\n<li><strong>G\u00fc\u00e7 Kayb\u0131:<\/strong> Kald\u0131rma g\u00fcc\u00fc eksikli\u011fi, hidrolik s\u0131v\u0131 seviyelerinde sorun oldu\u011funu veya silindir i\u00e7i hasar oldu\u011funu g\u00f6sterebilir. S\u0131v\u0131 seviyelerini kontrol edin ve olas\u0131 i\u00e7 s\u0131z\u0131nt\u0131lar\u0131 inceleyin.<\/li>\n<li><strong>Dengesiz Hareket:<\/strong> Silindir d\u00fczensiz \u00e7al\u0131\u015f\u0131yorsa, bu durum hidrolik s\u0131v\u0131s\u0131nda hava oldu\u011funun veya hizalama hatas\u0131n\u0131n bir i\u015fareti olabilir. Sistemin havas\u0131n\u0131 al\u0131n ve hizalaman\u0131n do\u011fru oldu\u011fundan emin olun.<\/li>\n<\/ul>\n<h2>Sorun Giderme \u0130pu\u00e7lar\u0131 ve \u00d6nleyici Tedbirler<\/h2>\n<p>Sorunlar\u0131 etkili bir \u015fekilde te\u015fhis edip \u00e7\u00f6zmek i\u00e7in operat\u00f6rler, silindir performans\u0131n\u0131n kapsaml\u0131 kay\u0131tlar\u0131n\u0131 tutmal\u0131d\u0131r. S\u0131v\u0131 seviyeleri ve conta b\u00fct\u00fcnl\u00fc\u011f\u00fc de dahil olmak \u00fczere d\u00fczenli bak\u0131m kontrolleri, sorunlar\u0131n b\u00fcy\u00fcmeden \u00f6nlenmesine yard\u0131mc\u0131 olabilir. Hidrolik sistemin temizli\u011fini sa\u011flamak ve a\u015f\u0131r\u0131 y\u00fcklemeden ka\u00e7\u0131nmak gibi rutin \u00f6nleyici tedbirlerin uygulanmas\u0131, ar\u0131za riskini en aza indirecektir.<\/p>\n<p><img decoding=\"async\" src=\"https:\/\/www.hydraulic-cylinders.net\/wp-content\/uploads\/2025\/04\/songte-bushings-with-all-kinds-of-excavator-models.webp\" alt=\"Bur\u00e7lar G\u00f6r\u00fcnt\u00fcs\u00fc\"><\/p>\n<h2>\u015eirket Genel Bak\u0131\u015f\u0131<\/h2>\n<p>Yedek hidrolik silindirlerin lider \u00fcreticisi ve toptan da\u011f\u0131t\u0131c\u0131s\u0131y\u0131z. Kapsaml\u0131 \u00fcr\u00fcn yelpazemizle hem yurt i\u00e7i hem de yurt d\u0131\u015f\u0131 pazarlarda \u00f6nemli bir oyuncuyuz. Kalitede m\u00fckemmelli\u011fe olan ba\u011fl\u0131l\u0131\u011f\u0131m\u0131z, hassas \u00fcretimi vurgulayan rafine bir \u00fcretim y\u00f6netimi stratejisiyle desteklenmektedir.<\/p>\n<p>Nitelikli profesyonellerden olu\u015fan ekibimiz, \u00fcretim kapasitemizi art\u0131rmak ve farkl\u0131 m\u00fc\u015fteri ihtiya\u00e7lar\u0131n\u0131 verimli bir \u015fekilde kar\u015f\u0131lamak i\u00e7in \u00fcst d\u00fczey dijital \u00fcretim ekipmanlar\u0131 ve \u00f6zel test sistemlerinden yararlanmaktad\u0131r. Y\u00fcksek verimlilik, do\u011fruluk ve kaliteye odaklanarak, \u00fcretim s\u00fcre\u00e7lerimizi ve \u00fcr\u00fcn yelpazemizi s\u00fcrekli olarak iyile\u015ftirmeye \u00e7al\u0131\u015f\u0131yoruz.<\/p>\n<p>Ayr\u0131ca, \u00f6zel m\u00fc\u015fteri ihtiya\u00e7lar\u0131n\u0131 kar\u015f\u0131layabilmemizi garanti alt\u0131na alan \u00f6zelle\u015ftirilmi\u015f hizmetler ve \u00e7\u00f6z\u00fcmler sunuyoruz. Uluslararas\u0131 sertifikalar\u0131m\u0131z, g\u00fcvenlik ve kalite konusunda y\u00fcksek standartlar\u0131 koruma taahh\u00fcd\u00fcm\u00fcz\u00fc do\u011fruluyor ve bizi \u00e7e\u015fitli sekt\u00f6rlerdeki i\u015fletmeler i\u00e7in g\u00fcvenilir bir ortak haline getiriyor.<\/p>\n<p><img decoding=\"async\" src=\"https:\/\/www.hydraulic-cylinders.net\/wp-content\/uploads\/2025\/04\/songte-company-4.webp\" alt=\"\u015eirket \u0130maj\u0131\" \/><br \/>\n<img decoding=\"async\" src=\"https:\/\/www.hydraulic-cylinders.net\/wp-content\/uploads\/2025\/04\/songte-company-3.webp\" alt=\"\u015eirket \u0130maj\u0131\" \/><\/p>\n<p>Yazar: lyl<\/p>","protected":false},"excerpt":{"rendered":"<p>Boom Cylinder For Sinomach ZG3335LC-9C Product Overview The Boom Cylinder for Sinomach ZG3335LC-9C is a crucial component in hydraulic systems, specifically designed to control the movement of buckets in heavy machinery such as excavators, backhoe loaders, and front-end loaders. This hydraulic cylinder enables the bucket to lift, lower, and tilt, facilitating efficient material handling tasks. [&hellip;]<\/p>","protected":false},"featured_media":17874,"comment_status":"open","ping_status":"closed","template":"","meta":{"_et_pb_use_builder":"","_et_pb_old_content":"","_et_gb_content_width":""},"product_brand":[],"product_cat":[1546],"product_tag":[1547,1496],"class_list":{"0":"post-19701","1":"product","2":"type-product","3":"status-publish","4":"has-post-thumbnail","6":"product_cat-boom-cylinders","7":"product_tag-boom-cylinders","8":"product_tag-hydraulic-cylinders","10":"first","11":"instock","12":"shipping-taxable","13":"product-type-simple"},"amp_enabled":true,"_links":{"self":[{"href":"https:\/\/www.hydraulic-cylinders.net\/tr\/wp-json\/wp\/v2\/product\/19701","targetHints":{"allow":["GET"]}}],"collection":[{"href":"https:\/\/www.hydraulic-cylinders.net\/tr\/wp-json\/wp\/v2\/product"}],"about":[{"href":"https:\/\/www.hydraulic-cylinders.net\/tr\/wp-json\/wp\/v2\/types\/product"}],"replies":[{"embeddable":true,"href":"https:\/\/www.hydraulic-cylinders.net\/tr\/wp-json\/wp\/v2\/comments?post=19701"}],"wp:featuredmedia":[{"embeddable":true,"href":"https:\/\/www.hydraulic-cylinders.net\/tr\/wp-json\/wp\/v2\/media\/17874"}],"wp:attachment":[{"href":"https:\/\/www.hydraulic-cylinders.net\/tr\/wp-json\/wp\/v2\/media?parent=19701"}],"wp:term":[{"taxonomy":"product_brand","embeddable":true,"href":"https:\/\/www.hydraulic-cylinders.net\/tr\/wp-json\/wp\/v2\/product_brand?post=19701"},{"taxonomy":"product_cat","embeddable":true,"href":"https:\/\/www.hydraulic-cylinders.net\/tr\/wp-json\/wp\/v2\/product_cat?post=19701"},{"taxonomy":"product_tag","embeddable":true,"href":"https:\/\/www.hydraulic-cylinders.net\/tr\/wp-json\/wp\/v2\/product_tag?post=19701"}],"curies":[{"name":"wp","href":"https:\/\/api.w.org\/{rel}","templated":true}]}}