{"id":19704,"date":"2025-04-07T07:02:43","date_gmt":"2025-04-07T07:02:43","guid":{"rendered":"https:\/\/www.hydraulic-cylinders.net\/product\/boom-cylinder-for-sinomach-zg3235-9c\/"},"modified":"2025-04-07T07:02:54","modified_gmt":"2025-04-07T07:02:54","slug":"boom-cylinder-for-sinomach-zg3235-9c","status":"publish","type":"product","link":"https:\/\/www.hydraulic-cylinders.net\/tr\/urun\/boom-cylinder-for-sinomach-zg3235-9c\/","title":{"rendered":"Sinomach ZG3235-9C i\u00e7in Bom Silindiri"},"content":{"rendered":"<h1>Sinomach ZG3235-9C i\u00e7in Bom Silindiri<\/h1>\n<h2>Bom Silindirine Giri\u015f<\/h2>\n<p>Bom Silindiri, \u00e7e\u015fitli a\u011f\u0131r makine uygulamalar\u0131nda kullan\u0131lan kritik bir hidrolik bile\u015fendir. Ekskavat\u00f6rler, beko-y\u00fckleyiciler ve \u00f6n y\u00fckleyicilerdeki kep\u00e7elerin hareketini kontrol etmek i\u00e7in \u00f6zel olarak tasarlanm\u0131\u015f olup, kep\u00e7enin kald\u0131r\u0131lmas\u0131n\u0131, indirilmesini ve e\u011filmesini sa\u011flayarak verimli malzeme ta\u015f\u0131ma g\u00f6revlerini kolayla\u015ft\u0131r\u0131r.<\/p>\n<p>Hidrolik silindir olarak bom silindiri, g\u00fc\u00e7l\u00fc do\u011frusal hareket yaratmak i\u00e7in hidrolik s\u0131v\u0131 bas\u0131nc\u0131n\u0131 kullanarak \u00e7al\u0131\u015f\u0131r. Bu da onu in\u015faat, tar\u0131m ve hassasiyet ve mukavemetin gerekli oldu\u011fu di\u011fer a\u011f\u0131r hizmet uygulamalar\u0131nda vazge\u00e7ilmez k\u0131lar.<\/p>\n<p><img decoding=\"async\" src=\"https:\/\/www.hydraulic-cylinders.net\/wp-content\/uploads\/2025\/04\/songte-company-1.webp\" alt=\"Bom Silindiri\"><\/p>\n<h2>Bom Silindirinin \u00d6zellikleri<\/h2>\n<ul>\n<li><strong>Y\u00fcksek Dayan\u0131kl\u0131l\u0131k ve Dayan\u0131kl\u0131l\u0131k:<\/strong> Genellikle y\u00fcksek mukavemetli \u00e7elik veya al\u00fcminyumdan \u00fcretilen bu silindirler, y\u00fcksek bas\u0131n\u00e7lara ve a\u011f\u0131r y\u00fcklere dayanabilir ve bu sayede zorlu \u00e7al\u0131\u015fma ortamlar\u0131 i\u00e7in uygundur. A\u015f\u0131nma direnci ve korozyon korumas\u0131 d\u00fc\u015f\u00fcn\u00fclerek tasarlanm\u0131\u015f olup, kullan\u0131m \u00f6m\u00fcrleri uzat\u0131lm\u0131\u015ft\u0131r.<\/li>\n<li><strong>Verimli Hidrolik \u00c7al\u0131\u015fma:<\/strong> Hidrolik ya\u011f bas\u0131nc\u0131n\u0131 kullanan bom silindiri, yumu\u015fak ve duyarl\u0131 uzatma ve geri \u00e7ekmeyi m\u00fcmk\u00fcn k\u0131larak a\u011f\u0131r ve karma\u015f\u0131k g\u00f6revlerin \u00fcstesinden gelmek i\u00e7in ideal olan g\u00fc\u00e7l\u00fc itme ve \u00e7ekme kuvveti sa\u011flar.<\/li>\n<li><strong>\u00c7e\u015fitli T\u00fcrler:<\/strong> Tek etkili (tek y\u00f6nde \u00e7al\u0131\u015f\u0131r) veya \u00e7ift etkili (her iki y\u00f6nde \u00e7al\u0131\u015f\u0131r) konfig\u00fcrasyonlarda sunulan bu silindirler, \u00e7e\u015fitli operasyonel ihtiya\u00e7lara cevap verir. Baz\u0131 modeller, d\u0131\u015f boyutlar\u0131 art\u0131rmadan daha fazla uzatma sa\u011flayan teleskopik tasar\u0131ma sahiptir ve bu da alan k\u0131s\u0131tlamas\u0131 olan uygulamalar i\u00e7in faydal\u0131d\u0131r.<\/li>\n<li><strong>\u00d6zel \u00dcretim:<\/strong> \u00dcr\u00fcnlerimiz mevcut hidrolik silindirlerin yerini m\u00fckemmel bir \u015fekilde alabilir, performans ve kalitelerini kar\u015f\u0131layabilir veya a\u015fabilir.<\/li>\n<\/ul>\n<p><img decoding=\"async\" src=\"https:\/\/www.hydraulic-cylinders.net\/wp-content\/uploads\/2025\/04\/songte-cylinder-head-with-all-kinds-excavator-models.webp\" alt=\"Bom Silindirinin \u00d6zel \u00dcretimi\"><\/p>\n<h2>Bom Silindirinin Uygulamalar\u0131<\/h2>\n<h3>\u0130n\u015faat Ekipmanlar\u0131<\/h3>\n<p>Ekskavat\u00f6rlerde bom silindiri, kazma, y\u00fckleme ve toprak veya moloz ta\u015f\u0131ma i\u015flemlerinde hayati bir rol oynar. Kovan\u0131n zemine daha derine ula\u015fmas\u0131n\u0131 sa\u011flayarak verimli kaz\u0131y\u0131 kolayla\u015ft\u0131r\u0131r. Ayr\u0131ca, beko-loderlerde bom silindiri hem kazma hem de kald\u0131rma i\u015flemlerine yard\u0131mc\u0131 olarak, \u015fantiyelerde \u00e7ok y\u00f6nl\u00fc i\u015flevsellik ve artan verimlilik sa\u011flar.<\/p>\n<h3>Tar\u0131m Makinalar\u0131<\/h3>\n<p>\u00d6n y\u00fckleyiciler, toprak, saman ve di\u011fer malzemeleri toplamak, kald\u0131rmak ve ta\u015f\u0131mak i\u00e7in bom silindirlerini kullan\u0131r. Bom silindirinin sa\u011flad\u0131\u011f\u0131 hidrolik g\u00fc\u00e7, \u00e7ift\u00e7ilerin a\u011f\u0131r y\u00fckleri etkili bir \u015fekilde ta\u015f\u0131mas\u0131n\u0131 sa\u011flayarak tar\u0131msal ortamlarda \u00fcretkenli\u011fi ve operasyonel verimlili\u011fi \u00f6nemli \u00f6l\u00e7\u00fcde art\u0131r\u0131r.<\/p>\n<h3>Ekskavat\u00f6rler<\/h3>\n<p>Bom silindiri, kep\u00e7enin topra\u011fa n\u00fcfuz etmesini sa\u011flayarak etkili bir kaz\u0131 sa\u011flar. Sa\u011flam tasar\u0131m\u0131, \u00e7e\u015fitli toprak ko\u015fullar\u0131yla ba\u015fa \u00e7\u0131kabilmesini sa\u011flayarak modern kaz\u0131 makinelerinin vazge\u00e7ilmez bir par\u00e7as\u0131d\u0131r.<\/p>\n<h3>Y\u00fckleyiciler<\/h3>\n<p>\u00d6n y\u00fckleyicilerde bom silindirleri, y\u00fcklerin verimli bir \u015fekilde kald\u0131r\u0131lmas\u0131na ve bo\u015falt\u0131lmas\u0131na yard\u0131mc\u0131 olur. Hidrolik kuvvetleri, operat\u00f6rlerin a\u011f\u0131r malzemeleri kolayl\u0131kla kald\u0131rabilmelerini sa\u011flayarak fiziksel zorlanmay\u0131 azalt\u0131r ve \u00e7al\u0131\u015fma h\u0131z\u0131n\u0131 art\u0131r\u0131r.<\/p>\n<h2>Tasar\u0131m Hususlar\u0131 ve Se\u00e7im Kriterleri<\/h2>\n<h3>Y\u00fck Kapasitesi<\/h3>\n<p>Bir bom silindiri se\u00e7erken, y\u00fck kapasitesini anlamak son derece \u00f6nemlidir. Silindir, performans veya g\u00fcvenlikten \u00f6d\u00fcn vermeden maksimum y\u00fck\u00fc kald\u0131rabilmelidir. Y\u00fck kapasitesini etkileyen fakt\u00f6rler aras\u0131nda silindir \u00e7ap\u0131, strok uzunlu\u011fu ve bas\u0131n\u00e7 \u00f6zellikleri bulunur. Optimum performans ve g\u00fcvenli\u011fi sa\u011flamak i\u00e7in \u00f6zel uygulama gereksinimlerini g\u00f6z \u00f6n\u00fcnde bulundurmak \u00f6nemlidir.<\/p>\n<h3>S\u0131zd\u0131rmazl\u0131k Performans\u0131<\/h3>\n<p>\u0130yi s\u0131zd\u0131rmazl\u0131k performans\u0131, verim d\u00fc\u015f\u00fckl\u00fc\u011f\u00fcne ve \u00e7evresel sorunlara yol a\u00e7abilen hidrolik s\u0131v\u0131 s\u0131z\u0131nt\u0131lar\u0131n\u0131 \u00f6nlemek i\u00e7in \u00e7ok \u00f6nemlidir. Poli\u00fcretan veya nitril kau\u00e7uk gibi s\u0131zd\u0131rmazl\u0131k malzemelerinin se\u00e7imi hayati \u00f6nem ta\u015f\u0131r. Contalar, hidrolik i\u015flemlerin bas\u0131n\u00e7 ve s\u0131cakl\u0131klar\u0131na dayanacak kadar dayan\u0131kl\u0131 olmal\u0131 ve ayn\u0131 zamanda uzun vadeli performans\u0131 korumak i\u00e7in a\u015f\u0131nmaya kar\u015f\u0131 dayan\u0131kl\u0131 olmal\u0131d\u0131r.<\/p>\n<h3>Dayan\u0131kl\u0131l\u0131k<\/h3>\n<p>Dayan\u0131kl\u0131l\u0131k, bom silindirlerinin tasar\u0131m\u0131nda \u00f6nemli bir fakt\u00f6rd\u00fcr. Kir, toz ve a\u015f\u0131r\u0131 hava ko\u015fullar\u0131na maruz kalma gibi zorlu \u00e7al\u0131\u015fma ko\u015fullar\u0131na dayan\u0131kl\u0131 olmal\u0131d\u0131rlar. Malzemeler, a\u015f\u0131nma ve korozyona kar\u015f\u0131 diren\u00e7lerine g\u00f6re se\u00e7ilmeli, b\u00f6ylece daha uzun bir kullan\u0131m \u00f6mr\u00fc ve daha az bak\u0131m ihtiyac\u0131 sa\u011flanmal\u0131d\u0131r. D\u00fczenli de\u011ferlendirmeler ve stratejik malzeme se\u00e7imleri, dayan\u0131kl\u0131l\u0131\u011f\u0131 \u00f6nemli \u00f6l\u00e7\u00fcde art\u0131rabilir.<\/p>\n<h3>G\u00fcvenlik \u00d6zellikleri<\/h3>\n<p>Hidrolik silindir tasar\u0131m\u0131nda g\u00fcvenlik en \u00f6nemli \u00f6ncelik olmal\u0131d\u0131r. Bas\u0131n\u00e7 tahliye valfleri, a\u015f\u0131r\u0131 y\u00fck korumas\u0131 ve acil durdurma mekanizmalar\u0131 gibi \u00f6zellikler, kazalar\u0131 ve ekipman ar\u0131zalar\u0131n\u0131 \u00f6nlemek i\u00e7in olmazsa olmazd\u0131r. Operat\u00f6rlerin bu g\u00fcvenlik \u00f6zelliklerini ve g\u00fcnl\u00fck operasyonlardaki \u00f6nemlerini anlamalar\u0131 i\u00e7in e\u011fitilmeleri gerekir. Uygun g\u00fcvenlik \u00f6nlemleri, riskleri azaltmaya ve i\u015f yeri g\u00fcvenli\u011fini art\u0131rmaya yard\u0131mc\u0131 olur.<\/p>\n<h3>Bak\u0131m Eri\u015filebilirli\u011fi<\/h3>\n<p>Hidrolik silindirlerin uzun \u00f6m\u00fcrl\u00fc olmas\u0131n\u0131 sa\u011flamak i\u00e7in kolay bak\u0131m tasar\u0131m\u0131 \u00e7ok \u00f6nemlidir. Bile\u015fenler, rutin kontroller, conta de\u011fi\u015fimleri ve hidrolik s\u0131v\u0131 kontrolleri i\u00e7in eri\u015filebilir olmal\u0131d\u0131r. Kullan\u0131c\u0131 dostu bir tasar\u0131m, bak\u0131m s\u00fcrecini basitle\u015ftirir, d\u00fczenli kontrolleri te\u015fvik eder ve silindirin \u00e7al\u0131\u015fma \u00f6mr\u00fcn\u00fc uzat\u0131r.<\/p>\n<p><img decoding=\"async\" src=\"https:\/\/www.hydraulic-cylinders.net\/wp-content\/uploads\/2025\/04\/songte-oil-pipes-and-spare-parts.webp\" alt=\"Bom Silindir Bak\u0131m Par\u00e7alar\u0131\"><\/p>\n<h2>S\u0131zd\u0131rmazl\u0131k ve Ya\u011flama<\/h2>\n<p>Bom silindirlerinin performans\u0131n\u0131 korumak i\u00e7in etkili s\u0131zd\u0131rmazl\u0131k ve ya\u011flama olmazsa olmazd\u0131r. Hidrolik s\u0131v\u0131 s\u0131z\u0131nt\u0131lar\u0131n\u0131 \u00f6nlemek i\u00e7in piston ke\u00e7eleri ve piston kolu ke\u00e7eleri gibi \u00e7e\u015fitli ke\u00e7eler kullan\u0131l\u0131r. Poli\u00fcretan ve nitril kau\u00e7uk gibi ke\u00e7e malzeme se\u00e7imi, a\u015f\u0131nmaya kar\u015f\u0131 dayan\u0131kl\u0131l\u0131\u011f\u0131 garanti eder. Silindir g\u00f6vdesi ve di\u015fli u\u00e7 y\u00fczeyleri, a\u015f\u0131nma direncini art\u0131rmak i\u00e7in hassas bir \u015fekilde i\u015flenmi\u015ftir.<\/p>\n<p>Sorunsuz \u00e7al\u0131\u015fma i\u00e7in hidrolik ya\u011f ile d\u00fczenli ya\u011flama gereklidir. Hidrolik ya\u011f sadece g\u00fc\u00e7 aktar\u0131m\u0131 sa\u011flamakla kalmaz, ayn\u0131 zamanda hareketli par\u00e7alar\u0131 ya\u011flayarak s\u00fcrt\u00fcnmeyi ve a\u015f\u0131nmay\u0131 azalt\u0131r. Bir ya\u011flama program\u0131 olu\u015fturmak ve ya\u011f seviyelerini izlemek, silindir \u00f6mr\u00fcn\u00fc ve performans\u0131n\u0131 \u00f6nemli \u00f6l\u00e7\u00fcde art\u0131rabilir.<\/p>\n<h2>D\u00fczenli Muayene ve \u00d6nleyici Bak\u0131m<\/h2>\n<ul>\n<li><strong>D\u00fczenli Kontroller:<\/strong> Rutin kontroller yapmak, olas\u0131 sorunlar\u0131n b\u00fcy\u00fcmeden \u00f6nce tespit edilmesine yard\u0131mc\u0131 olur. Silindirde s\u0131z\u0131nt\u0131, ola\u011fand\u0131\u015f\u0131 sesler ve harici hasar olup olmad\u0131\u011f\u0131n\u0131 d\u00fczenli olarak kontrol edin.<\/li>\n<li><strong>Uygun Ya\u011flama:<\/strong> A\u015f\u0131nmay\u0131 azaltmak ve sorunsuz \u00e7al\u0131\u015fmay\u0131 sa\u011flamak i\u00e7in hareketli par\u00e7alar\u0131n d\u00fczenli olarak ya\u011flanmas\u0131n\u0131 sa\u011flay\u0131n. Etkili ya\u011flama i\u00e7in hidrolik ya\u011f\u0131n optimum seviyelerde tutulmas\u0131 \u00f6nemlidir.<\/li>\n<li><strong>Conta De\u011fi\u015fimi:<\/strong> Zamanla contalar a\u015f\u0131n\u0131r ve de\u011fi\u015ftirilmesi gerekebilir. Contalar\u0131 d\u00fczenli olarak a\u015f\u0131nma belirtileri a\u00e7\u0131s\u0131ndan kontrol edin ve s\u0131z\u0131nt\u0131lar\u0131 \u00f6nlemek i\u00e7in gerekti\u011finde de\u011fi\u015ftirin.<\/li>\n<\/ul>\n<h2>Kurulum Talimatlar\u0131<\/h2>\n<p>Bom silindirinin do\u011fru montaj\u0131, performans\u0131 ve g\u00fcvenli\u011fi i\u00e7in kritik \u00f6neme sahiptir. Erken a\u015f\u0131nma veya ar\u0131zaya yol a\u00e7abilecek hizalama hatalar\u0131n\u0131 \u00f6nlemek i\u00e7in, silindiri montaj noktalar\u0131yla dikkatlice hizalayarak ba\u015flay\u0131n. Silindiri yerinde sabitlemek i\u00e7in uygun montaj braketlerini kullan\u0131n ve \u00e7al\u0131\u015fma s\u0131ras\u0131nda d\u00fczg\u00fcn bir \u015fekilde desteklendi\u011finden ve sabitlendi\u011finden emin olun.<\/p>\n<p>Hizaland\u0131ktan sonra, t\u00fcm ba\u011flant\u0131 par\u00e7alar\u0131n\u0131 ve ba\u011flant\u0131lar\u0131 \u00fcretici talimatlar\u0131na g\u00f6re s\u0131k\u0131n. Kurulumdan sonra, silindirin s\u0131z\u0131nt\u0131 veya anormal sesler olmadan sorunsuz \u00e7al\u0131\u015ft\u0131\u011f\u0131n\u0131 do\u011frulamak i\u00e7in bir i\u015flevsellik testi yap\u0131n. S\u00fcrekli g\u00fcvenlik ve performans sa\u011flamak i\u00e7in ilk kullan\u0131mdan sonra kurulumu d\u00fczenli olarak tekrar kontrol edin.<\/p>\n<h2>Bak\u0131m G\u00f6revleri<\/h2>\n<ul>\n<li><strong>D\u00fczenli Muayene:<\/strong> S\u0131k s\u0131k yap\u0131lan denetimler sorunlar\u0131n erkenden tespit edilmesine, kesintisiz \u00e7al\u0131\u015fman\u0131n sa\u011flanmas\u0131na ve kesinti s\u00fcrelerinin azalt\u0131lmas\u0131na yard\u0131mc\u0131 olabilir.<\/li>\n<li><strong>Uygun Ya\u011flama:<\/strong> A\u015f\u0131nmay\u0131 en aza indirmek ve optimum performans seviyelerini korumak i\u00e7in silindiri d\u00fczenli olarak ya\u011flay\u0131n.<\/li>\n<li><strong>Conta De\u011fi\u015fimi:<\/strong> Hidrolik b\u00fct\u00fcnl\u00fc\u011f\u00fcn korunmas\u0131 ve s\u0131z\u0131nt\u0131lar\u0131n \u00f6nlenmesi i\u00e7in contalar\u0131n zaman\u0131nda de\u011fi\u015ftirilmesi \u00e7ok \u00f6nemlidir.<\/li>\n<\/ul>\n<h2>G\u00fcvenlik Hususlar\u0131 ve \u00c7evresel Fakt\u00f6rler<\/h2>\n<p>Hidrolik silindirlerle \u00e7al\u0131\u015f\u0131rken g\u00fcvenlik \u00f6nlemleri \u00e7ok \u00f6nemlidir. Operat\u00f6rler, hidrolik s\u0131v\u0131 s\u0131z\u0131nt\u0131lar\u0131 ve ekipman ar\u0131zalar\u0131 gibi olas\u0131 tehlikeleri fark edecek \u015fekilde e\u011fitilmelidir. Riskleri azaltmak i\u00e7in uygun ki\u015fisel koruyucu ekipman (KKD) giyilmelidir.<\/p>\n<p>\u00c7evresel fakt\u00f6rler, hidrolik sistemlerin operasyonel verimlili\u011finde de \u00f6nemli bir rol oynar. S\u0131v\u0131lar\u0131n uygun \u015fekilde muhafaza edilmesini sa\u011flamak ve \u00e7evre dostu malzemeler kullanmak, \u00e7evresel etkiyi en aza indirebilir ve s\u00fcrd\u00fcr\u00fclebilirli\u011fi destekleyebilir.<\/p>\n<h2>Sorun Giderme ve Yayg\u0131n Sorunlar<\/h2>\n<ul>\n<li><strong>S\u0131z\u0131nt\u0131:<\/strong> Hidrolik s\u0131v\u0131 s\u0131z\u0131nt\u0131s\u0131 varsa, contalar\u0131 ve ba\u011flant\u0131 par\u00e7alar\u0131n\u0131 a\u015f\u0131nma veya hasar a\u00e7\u0131s\u0131ndan kontrol edin. Ba\u011flant\u0131lar\u0131n s\u0131k\u0131lmas\u0131 k\u00fc\u00e7\u00fck s\u0131z\u0131nt\u0131lar\u0131 giderebilir.<\/li>\n<li><strong>Azalt\u0131lm\u0131\u015f G\u00fc\u00e7:<\/strong> Silindir beklenen g\u00fcc\u00fc sa\u011flam\u0131yorsa, hidrolik s\u0131v\u0131 seviyelerinin yeterli oldu\u011fundan emin olun ve t\u0131kan\u0131kl\u0131k olup olmad\u0131\u011f\u0131n\u0131 kontrol edin.<\/li>\n<li><strong>Al\u0131\u015f\u0131lmad\u0131k Sesler:<\/strong> \u00c7al\u0131\u015fma s\u0131ras\u0131nda al\u0131\u015f\u0131lmad\u0131k sesler duyulmas\u0131, hizalama hatas\u0131 veya i\u00e7 hasara i\u015faret ediyor olabilir. Kapsaml\u0131 bir inceleme yap\u0131lmas\u0131 gerekecektir.<\/li>\n<\/ul>\n<h2>Problem \u00c7\u00f6zme \u0130pu\u00e7lar\u0131<\/h2>\n<p>Bom silindirleriyle ilgili sorunlar\u0131 etkili bir \u015fekilde te\u015fhis edip \u00e7\u00f6zmek i\u00e7in proaktif bir bak\u0131m program\u0131 uygulay\u0131n ve \u00e7al\u0131\u015fma s\u0131ras\u0131nda g\u00f6zlemlenen t\u00fcm d\u00fczensizlikleri belgeleyin. Sorun olu\u015fma olas\u0131l\u0131\u011f\u0131n\u0131 azaltmak i\u00e7in d\u00fczenli denetimler ve kaliteli ya\u011flama uygulamalar\u0131 gibi \u00f6nleyici tedbirler uygulay\u0131n. Sorunlar ortaya \u00e7\u0131kt\u0131\u011f\u0131nda, sistematik bir sorun giderme yakla\u015f\u0131m\u0131, sorunlar\u0131 h\u0131zl\u0131 bir \u015fekilde tespit edip \u00e7\u00f6zmenize, ekipman\u0131 \u00e7al\u0131\u015f\u0131r durumda tutman\u0131za ve duru\u015f s\u00fcrelerini azaltman\u0131za yard\u0131mc\u0131 olabilir.<\/p>\n<p><img decoding=\"async\" src=\"https:\/\/www.hydraulic-cylinders.net\/wp-content\/uploads\/2025\/04\/songte-bushings-with-all-kinds-of-excavator-models.webp\" alt=\"Bom Silindiri Sorunlar\u0131n\u0131n Giderilmesi\"><\/p>\n<h2>\u015eirket Genel Bak\u0131\u015f\u0131<\/h2>\n<p>Yedek hidrolik silindir \u00fcreticisi olarak, yurt i\u00e7i ve yurt d\u0131\u015f\u0131 pazarlarda \u00f6nde gelen hidrolik silindir \u00fcreticilerinden ve toptan da\u011f\u0131t\u0131c\u0131lar\u0131ndan biri olarak tan\u0131n\u0131yoruz. M\u00fckemmellik taahh\u00fcd\u00fcm\u00fcz, yetenekli teknik personel ve geli\u015fmi\u015f dijital \u00fcretim ekipmanlar\u0131yla desteklenen, rafine bir \u00fcretim y\u00f6netim stratejisiyle desteklenmektedir.<\/p>\n<p>\u00dcretim platformumuzu s\u00fcrekli geli\u015ftiriyor ve g\u00fc\u00e7l\u00fc \u00fcretim rotam\u0131zla \u00fcr\u00fcn kalitemizi iyile\u015ftiriyoruz. Yeteneklerimiz, m\u00fc\u015fterilerimizin \u00e7e\u015fitli ihtiya\u00e7lar\u0131n\u0131 kar\u015f\u0131lamak i\u00e7in y\u00fcksek verimlilik, hassasiyet ve kalite prensipleriyle desteklenmektedir.<\/p>\n<p><img decoding=\"async\" src=\"https:\/\/www.hydraulic-cylinders.net\/wp-content\/uploads\/2025\/04\/songte-company-4.webp\" alt=\"\u015eirket Genel Bak\u0131\u015f\u0131\"><br \/>\n<img decoding=\"async\" src=\"https:\/\/www.hydraulic-cylinders.net\/wp-content\/uploads\/2025\/04\/songte-company-3.webp\" alt=\"Geli\u015fmi\u015f \u00dcretim Ekipmanlar\u0131\"><\/p>\n<p>Yazar: lyl<\/p>","protected":false},"excerpt":{"rendered":"<p>Boom Cylinder For Sinomach ZG3235-9C Introduction to Boom Cylinder The Boom Cylinder is a critical hydraulic component used in various heavy machinery applications. Specifically designed for controlling the movement of buckets in excavators, backhoe loaders, and front-end loaders, it allows for the lifting, lowering, and tilting of the bucket, thereby facilitating efficient material handling tasks. [&hellip;]<\/p>","protected":false},"featured_media":17877,"comment_status":"open","ping_status":"closed","template":"","meta":{"_et_pb_use_builder":"","_et_pb_old_content":"","_et_gb_content_width":""},"product_brand":[],"product_cat":[1546],"product_tag":[1547,1496],"class_list":{"0":"post-19704","1":"product","2":"type-product","3":"status-publish","4":"has-post-thumbnail","6":"product_cat-boom-cylinders","7":"product_tag-boom-cylinders","8":"product_tag-hydraulic-cylinders","10":"first","11":"instock","12":"shipping-taxable","13":"product-type-simple"},"amp_enabled":true,"_links":{"self":[{"href":"https:\/\/www.hydraulic-cylinders.net\/tr\/wp-json\/wp\/v2\/product\/19704","targetHints":{"allow":["GET"]}}],"collection":[{"href":"https:\/\/www.hydraulic-cylinders.net\/tr\/wp-json\/wp\/v2\/product"}],"about":[{"href":"https:\/\/www.hydraulic-cylinders.net\/tr\/wp-json\/wp\/v2\/types\/product"}],"replies":[{"embeddable":true,"href":"https:\/\/www.hydraulic-cylinders.net\/tr\/wp-json\/wp\/v2\/comments?post=19704"}],"wp:featuredmedia":[{"embeddable":true,"href":"https:\/\/www.hydraulic-cylinders.net\/tr\/wp-json\/wp\/v2\/media\/17877"}],"wp:attachment":[{"href":"https:\/\/www.hydraulic-cylinders.net\/tr\/wp-json\/wp\/v2\/media?parent=19704"}],"wp:term":[{"taxonomy":"product_brand","embeddable":true,"href":"https:\/\/www.hydraulic-cylinders.net\/tr\/wp-json\/wp\/v2\/product_brand?post=19704"},{"taxonomy":"product_cat","embeddable":true,"href":"https:\/\/www.hydraulic-cylinders.net\/tr\/wp-json\/wp\/v2\/product_cat?post=19704"},{"taxonomy":"product_tag","embeddable":true,"href":"https:\/\/www.hydraulic-cylinders.net\/tr\/wp-json\/wp\/v2\/product_tag?post=19704"}],"curies":[{"name":"wp","href":"https:\/\/api.w.org\/{rel}","templated":true}]}}