{"id":19708,"date":"2025-04-07T07:03:05","date_gmt":"2025-04-07T07:03:05","guid":{"rendered":"https:\/\/www.hydraulic-cylinders.net\/product\/boom-cylinder-for-hengte-ht90-21\/"},"modified":"2025-04-07T07:03:08","modified_gmt":"2025-04-07T07:03:08","slug":"boom-cylinder-for-hengte-ht90-21","status":"publish","type":"product","link":"https:\/\/www.hydraulic-cylinders.net\/tr\/urun\/boom-cylinder-for-hengte-ht90-21\/","title":{"rendered":"Hengte HT90\/21 i\u00e7in Bom Silindiri"},"content":{"rendered":"<h1>Hengte HT90\/21 i\u00e7in Bom Silindiri<\/h1>\n<h2>\u00dcr\u00fcn Genel Bak\u0131\u015f\u0131<\/h2>\n<p>Hengte HT90\/21 Bom Silindiri, ekskavat\u00f6rler, beko-loderler ve \u00f6n y\u00fckleyiciler gibi \u00e7e\u015fitli a\u011f\u0131r makinelerdeki kovalar\u0131n hareketini kontrol etmek i\u00e7in tasarlanm\u0131\u015f \u00f6zel bir hidrolik silindirdir. Bu hidrolik sistem, kovan\u0131n kald\u0131rma, indirme ve yat\u0131rma i\u015flemlerini ger\u00e7ekle\u015ftirerek verimli malzeme ta\u015f\u0131ma g\u00f6revlerini kolayla\u015ft\u0131r\u0131r. Kova silindiri, bu makinelerin \u00e7al\u0131\u015fmas\u0131nda hayati bir rol oynar ve \u015fantiyelerde hassas hareketler ve geli\u015fmi\u015f verimlilik sa\u011flar.<\/p>\n<p><img decoding=\"async\" src=\"https:\/\/www.hydraulic-cylinders.net\/wp-content\/uploads\/2025\/04\/songte-company-1.webp\" alt=\"Bom Silindiri\" \/><\/p>\n<h3>Kova Silindiri Nedir?<\/h3>\n<p>Kova silindiri, a\u011f\u0131r makinelerdeki kova veya benzeri ata\u015fmanlar\u0131n hareketini y\u00f6netmek i\u00e7in \u00f6zel olarak tasarlanm\u0131\u015f bir hidrolik silindir t\u00fcr\u00fcd\u00fcr. Hidrolik s\u0131v\u0131y\u0131 kullanarak kuvvet \u00fcreten bu silindirler, kald\u0131rma, indirme ve e\u011fme gibi \u00e7e\u015fitli i\u015flemleri ger\u00e7ekle\u015ftirebilir. Bir kova silindirinin verimlili\u011fi ve etkinli\u011fi, b\u00fcy\u00fck hacimli malzemelerin ta\u015f\u0131nmas\u0131n\u0131 i\u00e7eren g\u00f6revler i\u00e7in kritik \u00f6neme sahiptir ve bu da onu in\u015faat ve tar\u0131m sekt\u00f6rlerinde \u00f6nemli bir bile\u015fen haline getirir.<\/p>\n<h2>Temel \u00d6zellikler<\/h2>\n<ul>\n<li><strong>Y\u00fcksek Dayan\u0131kl\u0131l\u0131k ve Dayan\u0131kl\u0131l\u0131k:<\/strong> Y\u00fcksek bas\u0131n\u00e7lara ve a\u011f\u0131r y\u00fcklere dayan\u0131kl\u0131, a\u015f\u0131nma ve korozyona dayan\u0131kl\u0131 olarak tasarlanm\u0131\u015f, y\u00fcksek mukavemetli \u00e7elik veya al\u00fcminyumdan \u00fcretilmi\u015f olup, kullan\u0131m \u00f6mr\u00fc uzam\u0131\u015ft\u0131r.<\/li>\n<li><strong>Verimli Hidrolik \u00c7al\u0131\u015fma:<\/strong> P\u00fcr\u00fczs\u00fcz uzatma ve geri \u00e7ekme i\u00e7in hidrolik ya\u011f bas\u0131nc\u0131n\u0131 kullan\u0131r, kontrol komutlar\u0131na h\u0131zl\u0131 tepki vermeyi sa\u011flar ve g\u00fc\u00e7l\u00fc itme ve \u00e7ekme yetenekleri sa\u011flar.<\/li>\n<li><strong>\u00c7e\u015fitli T\u00fcrler:<\/strong> Tek etkili (tek y\u00f6nde hidrolik \u00e7al\u0131\u015fma) veya \u00e7ift etkili (her iki y\u00f6nde hidrolik \u00e7al\u0131\u015fma) silindirler olarak mevcuttur; baz\u0131 modeller teleskopiktir ve bu sayede d\u0131\u015f boyutu art\u0131rmadan daha fazla uzatmaya olanak sa\u011flar.<\/li>\n<\/ul>\n<p>Bu \u00fcr\u00fcn\u00fc mevcut hidrolik silindirlerin yerine m\u00fckemmel \u015fekilde kullanabilecek \u015fekilde \u00fcretebiliyoruz.<\/p>\n<p><img decoding=\"async\" src=\"https:\/\/www.hydraulic-cylinders.net\/wp-content\/uploads\/2025\/04\/songte-cylinder-head-with-all-kinds-excavator-models.webp\" alt=\"Silindir Kapa\u011f\u0131\" \/><\/p>\n<h2>Uygulamalar<\/h2>\n<h3>\u0130n\u015faat Ekipmanlar\u0131<\/h3>\n<p>Ekskavat\u00f6rlerde bom silindirleri, kazma, y\u00fckleme ve toprak veya moloz ta\u015f\u0131ma i\u00e7in hayati \u00f6nem ta\u015f\u0131r. Kovan\u0131n hassas bir \u015fekilde hareket etmesini sa\u011flayarak in\u015faat i\u015flerinin verimli bir \u015fekilde tamamlanmas\u0131n\u0131 sa\u011flar. Kovan\u0131n derinli\u011fini ve a\u00e7\u0131s\u0131n\u0131 kontrol edebilme \u00f6zelli\u011fi, operat\u00f6rlerin hendek a\u00e7ma ve tesviye gibi \u00e7e\u015fitli g\u00f6revleri yerine getirmesine olanak tan\u0131yarak \u015fantiyedeki verimlili\u011fi art\u0131r\u0131r.<\/p>\n<h3>Tar\u0131m Makinalar\u0131<\/h3>\n<p>\u00d6n y\u00fckleyicilerde bom silindirleri, toprak, saman ve di\u011fer malzemeleri kep\u00e7elemek, kald\u0131rmak ve ta\u015f\u0131mak i\u00e7in olmazsa olmazd\u0131r. \u00c7ift\u00e7ilerin yem y\u00fckleme veya moloz temizleme gibi bir\u00e7ok g\u00f6revi kolayl\u0131kla ger\u00e7ekle\u015ftirmelerini sa\u011flayarak g\u00fcnl\u00fck tar\u0131msal faaliyetlerde vazge\u00e7ilmez hale gelirler.<\/p>\n<h3>Ekskavat\u00f6rler<\/h3>\n<p>Ekskavat\u00f6rlerde, kova silindiri, kovan\u0131n zemine n\u00fcfuz etmesini sa\u011flayarak kazma i\u015flemini kolayla\u015ft\u0131r\u0131r. Bu i\u015flem, etkili bir kaz\u0131 sa\u011flamak i\u00e7in kova konumunun hassas bir \u015fekilde kontrol edilmesinin gerekli oldu\u011fu toprak i\u015fleri i\u00e7in hayati \u00f6nem ta\u015f\u0131r.<\/p>\n<h3>Y\u00fckleyiciler<\/h3>\n<p>\u00d6n y\u00fckleyicilerde bom silindirleri, y\u00fcklerin etkili bir \u015fekilde kald\u0131r\u0131lmas\u0131na ve bo\u015falt\u0131lmas\u0131na yard\u0131mc\u0131 olur. Hidrolik sistem, a\u011f\u0131r malzemelerin ta\u015f\u0131nmas\u0131 i\u00e7in gereken g\u00fcc\u00fc sa\u011flayarak operat\u00f6rlerin y\u00fckleme ve bo\u015faltma g\u00f6revlerini verimli bir \u015fekilde tamamlamas\u0131n\u0131 kolayla\u015ft\u0131r\u0131r.<\/p>\n<h2>Tasar\u0131m Hususlar\u0131 ve Se\u00e7im Standartlar\u0131<\/h2>\n<h3>Y\u00fck Kapasitesi<\/h3>\n<p>Bir bom silindiri se\u00e7erken, y\u00fck kapasitesini anlamak son derece \u00f6nemlidir. Silindir, \u00e7al\u0131\u015fma s\u0131ras\u0131nda kar\u015f\u0131la\u015faca\u011f\u0131 maksimum a\u011f\u0131rl\u0131\u011f\u0131 kald\u0131rabilmelidir. Bu, hem statik hem de dinamik y\u00fckleri hesaba katarak silindirin bas\u0131n\u00e7 alt\u0131nda ar\u0131zalanmamas\u0131n\u0131 sa\u011flamay\u0131 i\u00e7erir. Uygun y\u00fck kapasitesi, operasyonlarda g\u00fcvenlik ve verimlilik sa\u011flar.<\/p>\n<h3>S\u0131zd\u0131rmazl\u0131k Kalitesi<\/h3>\n<p>Hidrolik silindirin s\u0131zd\u0131rmazl\u0131k sistemi, s\u0131z\u0131nt\u0131lar\u0131 \u00f6nlemek ve hidrolik bas\u0131nc\u0131 korumak i\u00e7in kritik \u00f6neme sahiptir. Y\u00fcksek kaliteli contalar, silindirin \u00f6mr\u00fcn\u00fc uzatman\u0131n yan\u0131 s\u0131ra verimli \u00e7al\u0131\u015fmas\u0131n\u0131 da sa\u011flar. Optimum performans\u0131 korumak i\u00e7in contalar\u0131n d\u00fczenli olarak kontrol edilmesi ve de\u011fi\u015ftirilmesi gerekir.<\/p>\n<h3>Dayan\u0131kl\u0131l\u0131k<\/h3>\n<p>Dayan\u0131kl\u0131l\u0131k, bom silindiri se\u00e7erken \u00f6nemli bir fakt\u00f6rd\u00fcr. \u00dcretimde kullan\u0131lan malzemeler, kir, nem ve a\u015f\u0131r\u0131 s\u0131cakl\u0131klara maruz kalma gibi zorlu \u00e7al\u0131\u015fma ko\u015fullar\u0131na dayan\u0131kl\u0131 olmal\u0131d\u0131r. Sa\u011flam malzemelerden tasarlanm\u0131\u015f bir silindir se\u00e7mek, uzun \u00f6m\u00fcrl\u00fc performans sa\u011flar ve onar\u0131mlar i\u00e7in duru\u015f s\u00fcresini en aza indirir.<\/p>\n<h3>G\u00fcvenlik \u00d6zellikleri<\/h3>\n<p>Hidrolik sistemlerde g\u00fcvenlik \u00f6nceliklidir. Bom silindirleri, a\u015f\u0131r\u0131 a\u011f\u0131rl\u0131k alt\u0131nda ar\u0131zay\u0131 \u00f6nlemek i\u00e7in a\u015f\u0131r\u0131 y\u00fck korumas\u0131 gibi g\u00fcvenlik \u00f6zelliklerine sahip olmal\u0131d\u0131r. G\u00fcvenlik mekanizmalar\u0131n\u0131n entegre edilmesi, \u00e7al\u0131\u015fma s\u0131ras\u0131nda operat\u00f6rlerin ve ekipman\u0131n korunmas\u0131n\u0131 sa\u011flar.<\/p>\n<h3>Bak\u0131m Eri\u015filebilirli\u011fi<\/h3>\n<p>Kolay bak\u0131ml\u0131 bir hidrolik silindir tasarlamak, operasyonel verimlilik a\u00e7\u0131s\u0131ndan hayati \u00f6nem ta\u015f\u0131r. Kolay eri\u015filebilir ya\u011flama noktalar\u0131 ve basit s\u00f6kme prosed\u00fcrleri gibi \u00f6zellikler, rutin bak\u0131m\u0131 kolayla\u015ft\u0131rarak silindirin \u00f6mr\u00fc boyunca optimum durumda kalmas\u0131n\u0131 sa\u011flar.<\/p>\n<p><img decoding=\"async\" src=\"https:\/\/www.hydraulic-cylinders.net\/wp-content\/uploads\/2025\/04\/songte-oil-pipes-and-spare-parts.webp\" alt=\"Petrol Borular\u0131 ve Yedek Par\u00e7alar\u0131\" \/><\/p>\n<h2>S\u0131zd\u0131rmazl\u0131k ve Ya\u011flama<\/h2>\n<p>Hidrolik silindirlerdeki s\u0131zd\u0131rmazl\u0131k sistemi, poli\u00fcretan ve nitril kau\u00e7uk gibi dayan\u0131kl\u0131 malzemelerden yap\u0131lm\u0131\u015f piston ve piston kolu contalar\u0131 gibi \u00e7e\u015fitli contalar kullan\u0131r. Bu contalar, sistem i\u00e7indeki bas\u0131nc\u0131n korunmas\u0131 i\u00e7in hayati \u00f6nem ta\u015f\u0131yan hidrolik s\u0131v\u0131n\u0131n s\u0131zmas\u0131n\u0131 \u00f6nler. Silindir g\u00f6vdesi ve di\u015fli u\u00e7 y\u00fczeyleri, a\u015f\u0131nma direncini art\u0131rmak i\u00e7in hassas bir i\u015flemden ge\u00e7irilir. S\u00fcrt\u00fcnmeyi azalt\u0131p i\u00e7 bile\u015fenlerdeki a\u015f\u0131nmay\u0131 \u00f6nledi\u011fi i\u00e7in, silindirin sorunsuz \u00e7al\u0131\u015fmas\u0131 ve uzun \u00f6m\u00fcrl\u00fc olmas\u0131 i\u00e7in d\u00fczenli olarak hidrolik ya\u011f ile ya\u011flamak gerekir.<\/p>\n<h2>\u00d6nleyici Bak\u0131m \u00d6nlemleri<\/h2>\n<ul>\n<li><strong>D\u00fczenli Denetimler:<\/strong> Hidrolik silindirde a\u015f\u0131nma, s\u0131z\u0131nt\u0131 veya hasar belirtileri olup olmad\u0131\u011f\u0131n\u0131 d\u00fczenli olarak kontrol edin. Sorunlar\u0131n erken tespiti, zaman\u0131nda onar\u0131m yap\u0131lmas\u0131n\u0131 sa\u011flayarak maliyetli ar\u0131zalar\u0131n \u00f6n\u00fcne ge\u00e7er.<\/li>\n<li><strong>Uygun Ya\u011flama:<\/strong> Hidrolik ya\u011f seviyelerinin yeterli oldu\u011fundan ve ya\u011flama noktalar\u0131n\u0131n gerekti\u011fi gibi bak\u0131mdan ge\u00e7irildi\u011finden emin olun. Do\u011fru ya\u011flama, s\u00fcrt\u00fcnmeyi ve a\u015f\u0131nmay\u0131 azaltarak silindirin \u00f6mr\u00fcn\u00fc uzat\u0131r.<\/li>\n<li><strong>Conta De\u011fi\u015fimleri:<\/strong> S\u0131z\u0131nt\u0131lar\u0131 \u00f6nlemek i\u00e7in contalar\u0131n durumunu izleyin ve gerekti\u011finde de\u011fi\u015ftirin. Contalar\u0131n iyi durumda tutulmas\u0131, hidrolik bas\u0131nc\u0131 ve verimlili\u011fi korumak i\u00e7in hayati \u00f6nem ta\u015f\u0131r.<\/li>\n<\/ul>\n<h2>Kurulum K\u0131lavuzu<\/h2>\n<p>Optimum performans i\u00e7in bom silindirinin do\u011fru \u015fekilde tak\u0131lmas\u0131 \u00e7ok \u00f6nemlidir. Kurulum alan\u0131n\u0131n temiz ve kal\u0131nt\u0131lardan ar\u0131nd\u0131r\u0131lm\u0131\u015f oldu\u011fundan emin olarak ba\u015flay\u0131n. Silindiri yerine sabitlemek i\u00e7in uygun montaj braketlerini kullan\u0131n ve makinenin \u00e7al\u0131\u015fma d\u00fczeniyle do\u011fru \u015fekilde hizaland\u0131\u011f\u0131ndan emin olun. T\u00fcm hidrolik ba\u011flant\u0131lar\u0131n s\u0131k\u0131l\u0131\u011f\u0131n\u0131 ve g\u00fcvenli\u011fini iki kez kontrol edin. Kurulumdan sonra, hava ceplerini gidermek i\u00e7in hidrolik sistemin havas\u0131n\u0131 al\u0131n ve d\u00fczg\u00fcn \u00e7al\u0131\u015ft\u0131\u011f\u0131n\u0131 do\u011frulamak i\u00e7in silindiri tam kapasite \u00e7al\u0131\u015ft\u0131rmadan \u00f6nce hafif y\u00fckler alt\u0131nda test edin.<\/p>\n<h2>Bak\u0131m G\u00f6revleri<\/h2>\n<ul>\n<li><strong>D\u00fczenli Denetimler:<\/strong> Rutin kontroller yapmak, olas\u0131 sorunlar\u0131n erken tespit edilmesine yard\u0131mc\u0131 olur. Hidrolik sistemin verimli bir \u015fekilde \u00e7al\u0131\u015ft\u0131\u011f\u0131ndan emin olmak i\u00e7in a\u015f\u0131nma, s\u0131z\u0131nt\u0131 ve hasar belirtilerini kontrol edin.<\/li>\n<li><strong>Uygun Ya\u011flama:<\/strong> Hidrolik sistemin yeterli ya\u011flanmas\u0131, a\u015f\u0131r\u0131 a\u015f\u0131nmay\u0131 \u00f6nler ve optimum performans\u0131 korur. Ya\u011flama seviyelerini d\u00fczenli olarak kontrol edin ve gerekti\u011finde hidrolik ya\u011f ekleyin.<\/li>\n<li><strong>Conta De\u011fi\u015fimi:<\/strong> Contalar\u0131n durumunu kontrol edin ve gerekti\u011finde de\u011fi\u015ftirin. Hasarl\u0131 contalar s\u0131z\u0131nt\u0131lara yol a\u00e7arak sistemin bas\u0131nc\u0131n\u0131 ve verimlili\u011fini azaltabilir.<\/li>\n<\/ul>\n<p>Silindirin uzun \u00f6m\u00fcrl\u00fc olmas\u0131 i\u00e7in do\u011fru montaj, ya\u011flama ve ayarlama \u00e7ok \u00f6nemlidir. Silindirin yerinde sabitlenmesi i\u00e7in uygun montaj braketlerinin kullan\u0131lmas\u0131 ve s\u0131z\u0131nt\u0131lar\u0131 \u00f6nlemek i\u00e7in t\u00fcm hidrolik ba\u011flant\u0131lar\u0131n s\u0131k\u0131ca sabitlenmesi gerekir. D\u00fczenli kontrol, onar\u0131m ve de\u011fi\u015ftirme prosed\u00fcrleri, bom silindirinin \u00f6mr\u00fcn\u00fc uzatarak verimli \u00e7al\u0131\u015fmas\u0131n\u0131 sa\u011flar.<\/p>\n<p><img decoding=\"async\" src=\"https:\/\/www.hydraulic-cylinders.net\/wp-content\/uploads\/2025\/04\/songte-chushion-collar.webp\" alt=\"Yast\u0131k Yaka\" \/><\/p>\n<h2>G\u00fcvenlik Hususlar\u0131 ve \u00c7evresel Fakt\u00f6rler<\/h2>\n<p>Hidrolik sistemlerle \u00e7al\u0131\u015f\u0131rken, kazalar\u0131 \u00f6nlemek i\u00e7in g\u00fcvenlik \u00f6nlemlerinin uygulanmas\u0131 kritik \u00f6neme sahiptir. Operat\u00f6rler uygun koruyucu ekipmanlarla donat\u0131lmal\u0131 ve makinelerin g\u00fcvenli kullan\u0131m\u0131 konusunda e\u011fitilmelidir. D\u00fczenli g\u00fcvenlik tatbikatlar\u0131 yapmak ve hidrolik sistemin s\u0131n\u0131rlar\u0131n\u0131 anlamak, operasyonel g\u00fcvenli\u011fi sa\u011flarken sorumlu kullan\u0131m ve bak\u0131m uygulamalar\u0131yla \u00e7evresel etkileri en aza indirmek i\u00e7in \u00e7ok \u00f6nemlidir.<\/p>\n<h2>Ar\u0131za Te\u015fhisi ve Yayg\u0131n Sorunlar<\/h2>\n<ul>\n<li><strong>Hidrolik S\u0131v\u0131 S\u0131z\u0131nt\u0131s\u0131:<\/strong> Bu sorun, contalar\u0131n a\u015f\u0131nm\u0131\u015f veya hasarl\u0131 oldu\u011funu g\u00f6sterebilir. S\u0131z\u0131nt\u0131 tespit edilirse, i\u015flevselli\u011fini geri kazand\u0131rmak i\u00e7in contalar\u0131n derhal kontrol edilmesi ve de\u011fi\u015ftirilmesi gerekir.<\/li>\n<li><strong>Yava\u015f Hareket:<\/strong> Bom silindiri yava\u015f \u00e7al\u0131\u015f\u0131yorsa, bunun nedeni d\u00fc\u015f\u00fck hidrolik s\u0131v\u0131 seviyeleri veya sistemdeki t\u0131kan\u0131kl\u0131klar olabilir. S\u0131v\u0131 seviyelerini kontrol etmek ve hidrolik hatlar\u0131n\u0131n temiz oldu\u011fundan emin olmak hayati \u00f6nem ta\u015f\u0131r.<\/li>\n<li><strong>Al\u0131\u015f\u0131lmad\u0131k Sesler:<\/strong> S\u00fcrt\u00fcnme veya tak\u0131rt\u0131 gibi sesler, silindirde i\u00e7 hasar veya hizalama bozuklu\u011fu oldu\u011funu g\u00f6sterebilir. Daha fazla hasar\u0131 \u00f6nlemek i\u00e7in i\u015flemi derhal durdurun ve kapsaml\u0131 bir inceleme yap\u0131n.<\/li>\n<\/ul>\n<p>Sorun giderme ipu\u00e7lar\u0131 ve \u00e7\u00f6z\u00fcmleri sunmak, operat\u00f6rlerin hidrolik silindirlerdeki sorunlar\u0131 etkili bir \u015fekilde te\u015fhis edip \u00e7\u00f6zmelerini sa\u011flar. Rutin bak\u0131m ve d\u00fczenli muayeneler gibi \u00f6nleyici tedbirler, sorunla kar\u015f\u0131la\u015fma olas\u0131l\u0131\u011f\u0131n\u0131 \u00f6nemli \u00f6l\u00e7\u00fcde azaltarak operasyonlar s\u0131ras\u0131nda g\u00fcvenilir performans sa\u011flar.<\/p>\n<p><img decoding=\"async\" src=\"https:\/\/www.hydraulic-cylinders.net\/wp-content\/uploads\/2025\/04\/songte-bushings-with-all-kinds-of-excavator-models.webp\" alt=\"Bur\u00e7lar\" \/><\/p>\n<h2>\u015eirketimiz Hakk\u0131nda<\/h2>\n<p>Yedek hidrolik silindir \u00fcretiminde lider bir \u00fcreticiyiz ve bizi hem yurt i\u00e7i hem de yurt d\u0131\u015f\u0131 pazarlarda lider \u00fcretici ve toptanc\u0131lardan biri haline getiren geni\u015f bir \u00fcr\u00fcn yelpazesi sunuyoruz. M\u00fckemmellik taahh\u00fcd\u00fcm\u00fcz, geli\u015fmi\u015f ekipmanlar ve s\u0131k\u0131 bir kalite kontrol sistemiyle desteklenen geli\u015fmi\u015f \u00fcretim s\u00fcre\u00e7lerimize yans\u0131yor. Teknik uzmanl\u0131k ve dijital \u00fcretim \u00e7\u00f6z\u00fcmlerinden yararlanarak \u00fcretim kapasitemizi s\u00fcrekli geli\u015ftiriyor, teslim etti\u011fimiz her \u00fcr\u00fcnde y\u00fcksek verimlilik, hassasiyet ve kalite sa\u011fl\u0131yoruz. Ayr\u0131ca, m\u00fc\u015fteri memnuniyetini sa\u011flamak i\u00e7in g\u00fc\u00e7l\u00fc sat\u0131\u015f sonras\u0131 deste\u011fiyle desteklenen, farkl\u0131 m\u00fc\u015fteri ihtiya\u00e7lar\u0131n\u0131 kar\u015f\u0131layacak \u015fekilde \u00f6zelle\u015ftirilmi\u015f hizmetler sunuyoruz.<\/p>\n<p><img decoding=\"async\" src=\"https:\/\/www.hydraulic-cylinders.net\/wp-content\/uploads\/2025\/04\/songte-company-4.webp\" alt=\"\u015eirket Genel Bak\u0131\u015f\u0131\" \/><br \/>\n<img decoding=\"async\" src=\"https:\/\/www.hydraulic-cylinders.net\/wp-content\/uploads\/2025\/04\/songte-company-3.webp\" alt=\"\u015eirket Tesisleri\" \/><\/p>\n<p>Yazar: lyl<\/p>","protected":false},"excerpt":{"rendered":"<p>Boom Cylinder For Hengte HT90\/21 Product Overview The Boom Cylinder for Hengte HT90\/21 is a specialized hydraulic cylinder designed for controlling the movement of buckets in various heavy machinery like excavators, backhoe loaders, and front loaders. This hydraulic system enables the bucket to lift, lower, and tilt, facilitating efficient material handling tasks. The bucket cylinder [&hellip;]<\/p>","protected":false},"featured_media":17881,"comment_status":"open","ping_status":"closed","template":"","meta":{"_et_pb_use_builder":"","_et_pb_old_content":"","_et_gb_content_width":""},"product_brand":[],"product_cat":[1546],"product_tag":[1547,1496],"class_list":{"0":"post-19708","1":"product","2":"type-product","3":"status-publish","4":"has-post-thumbnail","6":"product_cat-boom-cylinders","7":"product_tag-boom-cylinders","8":"product_tag-hydraulic-cylinders","10":"first","11":"instock","12":"shipping-taxable","13":"product-type-simple"},"amp_enabled":true,"_links":{"self":[{"href":"https:\/\/www.hydraulic-cylinders.net\/tr\/wp-json\/wp\/v2\/product\/19708","targetHints":{"allow":["GET"]}}],"collection":[{"href":"https:\/\/www.hydraulic-cylinders.net\/tr\/wp-json\/wp\/v2\/product"}],"about":[{"href":"https:\/\/www.hydraulic-cylinders.net\/tr\/wp-json\/wp\/v2\/types\/product"}],"replies":[{"embeddable":true,"href":"https:\/\/www.hydraulic-cylinders.net\/tr\/wp-json\/wp\/v2\/comments?post=19708"}],"wp:featuredmedia":[{"embeddable":true,"href":"https:\/\/www.hydraulic-cylinders.net\/tr\/wp-json\/wp\/v2\/media\/17881"}],"wp:attachment":[{"href":"https:\/\/www.hydraulic-cylinders.net\/tr\/wp-json\/wp\/v2\/media?parent=19708"}],"wp:term":[{"taxonomy":"product_brand","embeddable":true,"href":"https:\/\/www.hydraulic-cylinders.net\/tr\/wp-json\/wp\/v2\/product_brand?post=19708"},{"taxonomy":"product_cat","embeddable":true,"href":"https:\/\/www.hydraulic-cylinders.net\/tr\/wp-json\/wp\/v2\/product_cat?post=19708"},{"taxonomy":"product_tag","embeddable":true,"href":"https:\/\/www.hydraulic-cylinders.net\/tr\/wp-json\/wp\/v2\/product_tag?post=19708"}],"curies":[{"name":"wp","href":"https:\/\/api.w.org\/{rel}","templated":true}]}}