{"id":19709,"date":"2025-04-07T07:03:08","date_gmt":"2025-04-07T07:03:08","guid":{"rendered":"https:\/\/www.hydraulic-cylinders.net\/product\/boom-cylinder-for-hengte-wheel-excavator-htl60\/"},"modified":"2025-04-07T07:03:11","modified_gmt":"2025-04-07T07:03:11","slug":"boom-cylinder-for-hengte-wheel-excavator-htl60","status":"publish","type":"product","link":"https:\/\/www.hydraulic-cylinders.net\/tr\/urun\/boom-cylinder-for-hengte-wheel-excavator-htl60\/","title":{"rendered":"Hengte Tekerlekli Ekskavat\u00f6r HTL60 i\u00e7in Bom Silindiri"},"content":{"rendered":"<h1>Hengte Tekerlekli Ekskavat\u00f6r HTL60 i\u00e7in Bom Silindiri<\/h1>\n<h2>\u00dcr\u00fcn Genel Bak\u0131\u015f\u0131<\/h2>\n<p>Hengte HTL60 tekerlekli ekskavat\u00f6r i\u00e7in bom silindiri, a\u011f\u0131r makinelerde bomun hareketini kontrol etmek i\u00e7in \u00f6zel olarak tasarlanm\u0131\u015f \u00f6nemli bir hidrolik bile\u015fendir. Bir hidrolik silindir t\u00fcr\u00fc olarak, ekskavat\u00f6rlerin, kaz\u0131c\u0131 y\u00fckleyicilerin ve \u00f6n y\u00fckleyicilerin hidrolik sisteminde \u00e7ok \u00f6nemli bir rol oynar. Bu silindir, bomun kald\u0131r\u0131lmas\u0131n\u0131, indirilmesini ve e\u011filmesini sa\u011flayarak verimli malzeme ta\u015f\u0131ma g\u00f6revlerini kolayla\u015ft\u0131r\u0131r. Bom silindiri y\u00fcksek bas\u0131n\u00e7 alt\u0131nda \u00e7al\u0131\u015f\u0131r ve \u00e7e\u015fitli kald\u0131rma ve kazma i\u015flevlerini yerine getirmesine olanak tan\u0131yarak in\u015faat ve kaz\u0131 i\u015flerinde vazge\u00e7ilmez hale gelir.<\/p>\n<p><img decoding=\"async\" src=\"https:\/\/www.hydraulic-cylinders.net\/wp-content\/uploads\/2025\/04\/songte-company-1.webp\" alt=\"Bom Silindiri\"><\/p>\n<h2>Temel \u00d6zellikler<\/h2>\n<ul>\n<li>\n<h3>Y\u00fcksek G\u00fc\u00e7 ve Dayan\u0131kl\u0131l\u0131k<\/h3>\n<p> Bom silindiri genellikle y\u00fcksek mukavemetli \u00e7elik veya al\u00fcminyumdan \u00fcretilir ve y\u00fcksek bas\u0131nca ve a\u011f\u0131r y\u00fcklere dayanacak \u015fekilde tasarlanm\u0131\u015ft\u0131r. A\u015f\u0131nma ve korozyon direnci de dikkate al\u0131narak tasarlanan bu silindir, zorlu \u00e7al\u0131\u015fma ko\u015fullar\u0131nda kullan\u0131m \u00f6mr\u00fcn\u00fc uzat\u0131r.<\/li>\n<li>\n<h3>Verimli Hidrolik \u00c7al\u0131\u015fma<\/h3>\n<p> Hidrolik ya\u011f\u0131n bas\u0131nc\u0131n\u0131 kullanan bom silindiri, sorunsuz teleskopik hareketler sa\u011flar. Kontrol komutlar\u0131na h\u0131zl\u0131 bir \u015fekilde yan\u0131t verebilir, \u00f6nemli itme ve \u00e7ekme kuvveti sa\u011flayarak a\u011f\u0131r y\u00fcklerin ve karma\u015f\u0131k i\u015flerin \u00fcstesinden gelmek i\u00e7in uygun hale gelir.<\/li>\n<li>\n<h3>\u00c7e\u015fitli T\u00fcrler<\/h3>\n<p> Kullan\u0131c\u0131lar, \u00e7al\u0131\u015fma ihtiya\u00e7lar\u0131na g\u00f6re tek etkili (hidrolik bas\u0131nc\u0131 tek y\u00f6nde kullanan) veya \u00e7ift etkili (hidrolik bas\u0131nc\u0131 her iki y\u00f6nde kullanan) silindirler aras\u0131nda se\u00e7im yapabilirler. Baz\u0131 modeller teleskopiktir ve d\u0131\u015f boyutlar\u0131 art\u0131rmadan daha fazla uzama imkan\u0131 sa\u011flar; bu da alan k\u0131s\u0131tlamal\u0131 uygulamalar i\u00e7in idealdir.<\/li>\n<li>\n<h3>\u00d6zel \u00dcretim<\/h3>\n<p> Bu \u00fcr\u00fcn i\u00e7in \u00fcretim kapasitesi sunuyoruz ve silindirlerimizin performanstan \u00f6d\u00fcn vermeden mevcut hidrolik silindirlerin yerini m\u00fckemmel bir \u015fekilde almas\u0131n\u0131 sa\u011fl\u0131yoruz.<\/li>\n<li>\n<h3>Uygulama Esnekli\u011fi<\/h3>\n<p> Bom silindirinin tasar\u0131m\u0131, \u00e7e\u015fitli uygulamalara uyum sa\u011flayarak farkl\u0131 makine tiplerinde \u00e7ok y\u00f6nl\u00fcl\u00fck sunar.<\/li>\n<\/ul>\n<p><img decoding=\"async\" src=\"https:\/\/www.hydraulic-cylinders.net\/wp-content\/uploads\/2025\/04\/songte-cylinder-head-with-all-kinds-excavator-models.webp\" alt=\"Ekskavat\u00f6r Modelleri\"><\/p>\n<h2>Uygulama Senaryolar\u0131<\/h2>\n<ul>\n<li>\n<h3>\u0130n\u015faat Ekipmanlar\u0131<\/h3>\n<p> Ekskavat\u00f6rlerde, bom silindirleri kazma, y\u00fckleme ve toprak veya moloz ta\u015f\u0131ma i\u015flemlerinde hayati \u00f6neme sahiptir. Bomu etkili bir \u015fekilde kald\u0131rmak ve indirmek i\u00e7in gerekli kuvveti sa\u011flayarak \u015fantiyedeki verimlili\u011fi art\u0131r\u0131rlar. Kaz\u0131c\u0131 y\u00fckleyicilerde bom silindirlerinin entegrasyonu, hem kazma hem de kald\u0131rma i\u015flemlerini kolayla\u015ft\u0131rarak \u00e7e\u015fitli in\u015faat i\u015flerinde \u00e7ok y\u00f6nl\u00fc performans sa\u011flar.<\/li>\n<li>\n<h3>Tar\u0131m Makinalar\u0131<\/h3>\n<p> \u00d6n y\u00fckleyicilerde bu silindirler toprak, saman ve di\u011fer malzemeleri kep\u00e7eyle almak, kald\u0131rmak ve ta\u015f\u0131maktan sorumludur. \u00d6nemli bir kald\u0131rma kuvveti uygulayabilme yetenekleri, tar\u0131msal i\u015flerin y\u00fcr\u00fct\u00fclmesi i\u00e7in gereken zaman\u0131 ve i\u015f g\u00fcc\u00fcn\u00fc azaltarak verimli i\u015flemler i\u00e7in hayati \u00f6nem ta\u015f\u0131r.<\/li>\n<li>\n<h3>Ekskavat\u00f6rler<\/h3>\n<p> Bom silindiri, kep\u00e7enin topra\u011fa verimli bir \u015fekilde n\u00fcfuz etmesini sa\u011flayarak potansiyel enerjiyi kazma i\u00e7in kinetik enerjiye d\u00f6n\u00fc\u015ft\u00fcr\u00fcr. Tasar\u0131m\u0131, bomun sorunsuz bir \u015fekilde uzay\u0131p k\u0131salmas\u0131n\u0131 sa\u011flayarak operasyonel verimlili\u011fi en \u00fcst d\u00fczeye \u00e7\u0131kar\u0131r ve a\u015f\u0131nmay\u0131 en aza indirir.<\/li>\n<li>\n<h3>Y\u00fckleyiciler<\/h3>\n<p> \u00d6n y\u00fckleyicilerde, bom silindirleri y\u00fcklerin verimli bir \u015fekilde kald\u0131r\u0131lmas\u0131n\u0131 ve bo\u015falt\u0131lmas\u0131n\u0131 sa\u011flar. G\u00fcvenilir performanslar\u0131, malzemelerin h\u0131zl\u0131 ve etkili bir \u015fekilde ta\u015f\u0131nmas\u0131n\u0131 garanti eder; bu da \u00e7e\u015fitli uygulamalarda verimlili\u011fin korunmas\u0131 i\u00e7in \u00e7ok \u00f6nemlidir.<\/li>\n<\/ul>\n<h2>Tasar\u0131m Hususlar\u0131<\/h2>\n<ul>\n<li>\n<h3>Y\u00fck Kapasitesi<\/h3>\n<p> Bom silindirinin y\u00fck ta\u015f\u0131ma kapasitesi temel bir tasar\u0131m unsurudur. \u00c7al\u0131\u015fma s\u0131ras\u0131nda beklenen maksimum y\u00fck\u00fc ar\u0131za yapmadan kald\u0131rabilecek \u015fekilde tasarlanmal\u0131d\u0131r. Bu, mukavemet ve esnekli\u011fi sa\u011flamak i\u00e7in do\u011fru malzemelerin ve yap\u0131m tekniklerinin se\u00e7ilmesini i\u00e7erir. Kapasite ayr\u0131ca hidrolik sistem i\u00e7in gerekli boyut ve bas\u0131n\u00e7 \u00f6zelliklerini de belirler. Tasar\u0131m a\u015famas\u0131nda yap\u0131lan dikkatli hesaplamalar, a\u011f\u0131r hizmet uygulamalar\u0131nda optimum performans ve g\u00fcvenli\u011fi sa\u011flar.<\/h3>\n<\/li>\n<li>\n<h3>M\u00fch\u00fcr Kalitesi<\/h3>\n<p> Etkili s\u0131zd\u0131rmazl\u0131k, hidrolik s\u0131v\u0131 s\u0131z\u0131nt\u0131s\u0131n\u0131 \u00f6nlemek ve silindir i\u00e7indeki bas\u0131nc\u0131 korumak i\u00e7in \u00e7ok \u00f6nemlidir. Poli\u00fcretan ve nitril kau\u00e7uk gibi y\u00fcksek kaliteli s\u0131zd\u0131rmazl\u0131k malzemelerinin kullan\u0131m\u0131, dayan\u0131kl\u0131l\u0131k ve performans i\u00e7in gereklidir. S\u0131zd\u0131rmazl\u0131k tasar\u0131mlar\u0131, a\u015f\u0131nmaya ve \u00e7evresel fakt\u00f6rlere kar\u015f\u0131 diren\u00e7 g\u00f6sterirken silindirin dinamik hareketlerine uyum sa\u011flamal\u0131d\u0131r. D\u00fczenli bak\u0131m ve uygun s\u0131zd\u0131rmazl\u0131k se\u00e7imi, silindirin kullan\u0131m \u00f6mr\u00fcn\u00fc uzatmak i\u00e7in hayati \u00f6neme sahiptir.<\/h3>\n<\/li>\n<li>\n<h3>Dayan\u0131kl\u0131l\u0131k<\/h3>\n<p> \u00d6zellikle zorlu \u00e7al\u0131\u015fma ortamlar\u0131nda, bom silindirlerinin tasar\u0131m\u0131nda dayan\u0131kl\u0131l\u0131k son derece \u00f6nemlidir. Kullan\u0131lan malzemeler, a\u015f\u0131r\u0131 s\u0131cakl\u0131klar, nem ve a\u015f\u0131nd\u0131r\u0131c\u0131 maddeler de dahil olmak \u00fczere \u00e7e\u015fitli stres fakt\u00f6rlerine dayanmal\u0131d\u0131r. Korozyon direnci de kritik \u00f6neme sahiptir; bu nedenle uzun \u00f6m\u00fcrl\u00fcl\u00fc\u011f\u00fc art\u0131rmak i\u00e7in genellikle y\u00fczey i\u015flemleri ve kaplamalar uygulan\u0131r. Dayan\u0131kl\u0131 bir tasar\u0131m, de\u011fi\u015ftirme ve onar\u0131m s\u0131kl\u0131\u011f\u0131n\u0131 azaltarak operat\u00f6r i\u00e7in hem zamandan hem de paradan tasarruf sa\u011flar.<\/h3>\n<\/li>\n<li>\n<h3>G\u00fcvenlik \u00d6zellikleri<\/h3>\n<p> Bom silindirlerinin tasar\u0131m\u0131ndaki g\u00fcvenlik \u00f6zellikleri, operat\u00f6rlerin ve ekipman\u0131n korunmas\u0131n\u0131 sa\u011flar. Bunlar aras\u0131nda a\u015f\u0131r\u0131 y\u00fcklenmeyi \u00f6nlemek i\u00e7in bas\u0131n\u00e7 tahliye vanalar\u0131 ve \u00e7al\u0131\u015fmad\u0131\u011f\u0131 zamanlarda bomu sabitleyen g\u00fcvenlik kilitleme mekanizmalar\u0131 yer alabilir. Sa\u011flam bir g\u00fcvenlik tasar\u0131m\u0131, yaln\u0131zca i\u015f\u00e7i g\u00fcvenli\u011fini art\u0131rmakla kalmaz, ayn\u0131 zamanda makineye kazara zarar gelmesini de \u00f6nler. Tasar\u0131m s\u00fcrecinde uluslararas\u0131 g\u00fcvenlik standartlar\u0131na uyum \u00e7ok \u00f6nemlidir.<\/h3>\n<\/li>\n<li>\n<h3>Bak\u0131m ve Servis Kolayl\u0131\u011f\u0131<\/h3>\n<p> Bak\u0131m kolayl\u0131\u011f\u0131na y\u00f6nelik tasar\u0131m kritik bir husustur. Bile\u015fenler, kapsaml\u0131 s\u00f6kme i\u015flemine gerek kalmadan inceleme, onar\u0131m veya de\u011fi\u015ftirme i\u00e7in eri\u015filebilir olmal\u0131d\u0131r. Bu tasar\u0131m felsefesi, bak\u0131m prosed\u00fcrlerini basitle\u015ftirerek ar\u0131za s\u00fcresini ve i\u015fletme maliyetlerini azalt\u0131r. Ayr\u0131ca, etkili bak\u0131m sa\u011flamak i\u00e7in silindirle birlikte bak\u0131m programlar\u0131n\u0131 ve prosed\u00fcrlerini \u00f6zetleyen belgeler de verilmelidir.<\/h3>\n<\/li>\n<\/ul>\n<p><img decoding=\"async\" src=\"https:\/\/www.hydraulic-cylinders.net\/wp-content\/uploads\/2025\/04\/songte-oil-pipes-and-spare-parts.webp\" alt=\"Yedek par\u00e7a\"><\/p>\n<h2>S\u0131zd\u0131rmazl\u0131k ve Ya\u011flama<\/h2>\n<p>Bom silindirlerinin s\u0131zd\u0131rmazl\u0131\u011f\u0131 ve ya\u011flanmas\u0131, optimum performans ve uzun \u00f6m\u00fcr i\u00e7in hayati \u00f6neme sahiptir. Hidrolik s\u0131v\u0131 s\u0131z\u0131nt\u0131s\u0131n\u0131 \u00f6nlemek i\u00e7in piston contalar\u0131 ve mil contalar\u0131 gibi \u00e7e\u015fitli contalar kullan\u0131l\u0131r. Contalar i\u00e7in poli\u00fcretan ve nitril kau\u00e7uk gibi dayan\u0131kl\u0131 malzemelerin se\u00e7imi, a\u015f\u0131nma direncini art\u0131r\u0131r ve kullan\u0131m \u00f6mr\u00fcn\u00fc uzat\u0131r. Ek olarak, silindir g\u00f6vdesi ve di\u015fli u\u00e7lar\u0131, a\u015f\u0131nma direncini art\u0131rmak i\u00e7in hassas i\u015fleme tabi tutulur. S\u00fcrt\u00fcnmeyi en aza indirmek, a\u015f\u0131r\u0131 \u0131s\u0131nmay\u0131 \u00f6nlemek ve sorunsuz \u00e7al\u0131\u015fmay\u0131 sa\u011flamak i\u00e7in silindirin hidrolik ya\u011f ile uygun \u015fekilde ya\u011flanmas\u0131n\u0131 i\u00e7eren d\u00fczenli bak\u0131m gereklidir. Bu rutin ya\u011flama sadece performans\u0131 art\u0131rmakla kalmaz, ayn\u0131 zamanda i\u00e7 bile\u015fenleri erken a\u015f\u0131nmadan koruyarak bom silindirinin uzun vadeli i\u015flevselli\u011fi i\u00e7in de hayati \u00f6nem ta\u015f\u0131r.<\/p>\n<h2>\u00d6nleyici Bak\u0131m \u00d6nlemleri<\/h2>\n<ul>\n<li>\n<h3>D\u00fczenli Denetimler<\/h3>\n<p> D\u00fczenli kontroller yapmak, a\u015f\u0131nma veya hasar belirtilerini erken tespit etmek i\u00e7in \u00e7ok \u00f6nemlidir. \u00c7al\u0131\u015fma s\u0131ras\u0131nda s\u0131z\u0131nt\u0131lar\u0131, \u00e7atlaklar\u0131 ve anormal sesleri kontrol edin. Sorunlar\u0131n zaman\u0131nda tespiti, h\u0131zl\u0131 onar\u0131mlara olanak tan\u0131yarak daha fazla hasar\u0131 \u00f6nler ve i\u015fletme g\u00fcvenli\u011fini sa\u011flar.<\/h3>\n<\/li>\n<li>\n<h3>Uygun Ya\u011flama<\/h3>\n<p> Bom silindirinin yeterince ya\u011flanmas\u0131, s\u00fcrt\u00fcnmeyi ve a\u015f\u0131nmay\u0131 azaltmaya yard\u0131mc\u0131 olur. \u00d6nerilen hidrolik ya\u011f\u0131 kullan\u0131n ve ya\u011flama program\u0131na uyun. Do\u011fru ya\u011flama, performans\u0131 art\u0131r\u0131r ve a\u015f\u0131r\u0131 \u0131s\u0131nma riskini en aza indirerek silindirin kullan\u0131m \u00f6mr\u00fcn\u00fc uzat\u0131r.<\/h3>\n<\/li>\n<li>\n<h3>Conta De\u011fi\u015fimi<\/h3>\n<p> Hidrolik s\u0131v\u0131 s\u0131z\u0131nt\u0131lar\u0131n\u0131 \u00f6nlemek i\u00e7in contalar\u0131n durumunu d\u00fczenli olarak kontrol edin ve gerekti\u011finde de\u011fi\u015ftirin. A\u015f\u0131nm\u0131\u015f contalar verimlili\u011fin azalmas\u0131na ve i\u015fletme maliyetlerinin artmas\u0131na yol a\u00e7abilir. Kullan\u0131ma ba\u011fl\u0131 olarak bir conta de\u011fi\u015ftirme program\u0131 uygulamak, silindir b\u00fct\u00fcnl\u00fc\u011f\u00fcn\u00fc ve performans\u0131n\u0131 korumaya yard\u0131mc\u0131 olabilir.<\/h3>\n<\/li>\n<\/ul>\n<h2>Do\u011fru Kurulum Y\u00f6nergeleri<\/h2>\n<p>Bom silindirinin do\u011fru montaj\u0131, i\u015flevselli\u011fi ve uzun \u00f6m\u00fcrl\u00fcl\u00fc\u011f\u00fc i\u00e7in kritik \u00f6neme sahiptir. Kirlenmeyi \u00f6nlemek i\u00e7in temiz ve stabil bir \u00e7al\u0131\u015fma ortam\u0131 haz\u0131rlayarak i\u015fe ba\u015flay\u0131n. Silindirin sorunsuz ve gereksiz gerilim olmadan \u00e7al\u0131\u015fmas\u0131n\u0131 sa\u011flamak i\u00e7in montaj s\u0131ras\u0131nda do\u011fru \u015fekilde hizalay\u0131n. Silindiri yerinde sabitlemek ve erken a\u015f\u0131nmaya veya ar\u0131zaya yol a\u00e7abilecek yanl\u0131\u015f hizalamay\u0131 \u00f6nlemek i\u00e7in uygun montaj braketleri kullan\u0131lmas\u0131 tavsiye edilir.<\/p>\n<p>C\u0131vatalar\u0131 s\u0131kmadan \u00f6nce, t\u00fcm bile\u015fenlerin do\u011fru konumland\u0131r\u0131ld\u0131\u011f\u0131ndan emin olmak i\u00e7in hizalamalar\u0131n\u0131 iki kez kontrol edin. Silindire zarar verebilecek a\u015f\u0131r\u0131 s\u0131kmay\u0131 \u00f6nlemek i\u00e7in \u00fcreticinin tork \u00f6zelliklerine uyun. Kurulumdan sonra, silindirin s\u0131z\u0131nt\u0131 veya anormal sesler olmadan do\u011fru \u015fekilde \u00e7al\u0131\u015ft\u0131\u011f\u0131n\u0131 do\u011frulamak i\u00e7in kapsaml\u0131 bir \u00e7al\u0131\u015fma testi ger\u00e7ekle\u015ftirin. Kurulumun b\u00fct\u00fcnl\u00fc\u011f\u00fcn\u00fc d\u00fczenli olarak izleyin ve optimum performans\u0131 korumak i\u00e7in herhangi bir sorunu derhal giderin.<\/p>\n<h2>Yayg\u0131n Bak\u0131m G\u00f6revleri<\/h2>\n<ul>\n<li>\n<h3>D\u00fczenli Kontroller<\/h3>\n<p> Bom silindirinin d\u00fczenli olarak kontrol edilmesi \u00e7ok \u00f6nemlidir. S\u0131z\u0131nt\u0131, korozyon veya di\u011fer a\u015f\u0131nma belirtileri a\u00e7\u0131s\u0131ndan inceleyin. Sorunlar\u0131n erken tespiti, zaman\u0131nda onar\u0131m veya de\u011fi\u015ftirme yap\u0131lmas\u0131n\u0131 sa\u011flayarak silindirin \u00f6mr\u00fcn\u00fc uzat\u0131r.<\/h3>\n<\/li>\n<li>\n<h3>Uygun Ya\u011flama<\/h3>\n<p> Silindirin \u00fcreticinin tavsiyelerine g\u00f6re ya\u011fland\u0131\u011f\u0131ndan emin olun. Yeterli ya\u011flama, s\u00fcrt\u00fcnmeyi en aza indirir ve silindir ar\u0131zas\u0131na yol a\u00e7abilecek a\u015f\u0131r\u0131 a\u015f\u0131nmay\u0131 \u00f6nler. D\u00fczenli ya\u011flama, \u00e7al\u0131\u015fma verimlili\u011fini korumak i\u00e7in \u00e7ok \u00f6nemlidir.<\/h3>\n<\/li>\n<li>\n<h3>Conta De\u011fi\u015fimi ve Kalibrasyon Kontrolleri<\/h3>\n<p> Hidrolik s\u0131v\u0131 s\u0131z\u0131nt\u0131lar\u0131n\u0131 \u00f6nlemek i\u00e7in a\u015f\u0131nm\u0131\u015f contalar\u0131 d\u00fczenli olarak de\u011fi\u015ftirin. Kalibrasyon kontrolleri, silindirin belirtilen parametreler dahilinde \u00e7al\u0131\u015fmas\u0131n\u0131 sa\u011flayarak performans\u0131n\u0131 ve g\u00fcvenilirli\u011fini art\u0131r\u0131r. Bu bak\u0131m g\u00f6revi g\u00fcvenlik ve verimlilik a\u00e7\u0131s\u0131ndan hayati \u00f6nem ta\u015f\u0131r.<\/h3>\n<\/li>\n<\/ul>\n<p><img decoding=\"async\" src=\"https:\/\/www.hydraulic-cylinders.net\/wp-content\/uploads\/2025\/04\/songte-chushion-collar.webp\" alt=\"Yast\u0131k Yaka\"><\/p>\n<h2>G\u00fcvenlik ve \u00c7evresel Hususlar<\/h2>\n<p>Hidrolik silindirlerle \u00e7al\u0131\u015f\u0131rken, hem personeli hem de \u00e7evreyi korumak i\u00e7in g\u00fcvenlik \u00f6nlemlerinin uygulanmas\u0131 son derece \u00f6nemlidir. Hidrolik sistemli ekipmanlar\u0131 \u00e7al\u0131\u015ft\u0131r\u0131rken her zaman uygun g\u00fcvenlik protokollerine uyun. Operat\u00f6rlerin, hem sa\u011fl\u0131k hem de \u00e7evre i\u00e7in risk olu\u015fturabilecek hidrolik s\u0131v\u0131 s\u0131z\u0131nt\u0131lar\u0131 gibi potansiyel acil durumlarla ba\u015fa \u00e7\u0131kmak \u00fczere e\u011fitildi\u011finden emin olun. \u00c7evre dostu hidrolik s\u0131v\u0131lar kullanmak, d\u00f6k\u00fclmelerin \u00e7evredeki ekosistemler \u00fczerindeki etkisini de azaltabilir. G\u00fcvenlik \u00f6nlemlerinin etkinli\u011fini ve d\u00fczenlemelere uyumu de\u011ferlendirmek i\u00e7in d\u00fczenli g\u00fcvenlik denetimleri yap\u0131lmal\u0131d\u0131r.<\/p>\n<h2>Yayg\u0131n Sorunlar\u0131n Giderilmesi<\/h2>\n<ul>\n<li>\n<h3>S\u0131v\u0131 Ka\u00e7a\u011f\u0131<\/h3>\n<p> Bom silindirlerinde en s\u0131k kar\u015f\u0131la\u015f\u0131lan sorunlardan biri s\u0131v\u0131 s\u0131z\u0131nt\u0131s\u0131d\u0131r. Bu, a\u015f\u0131nm\u0131\u015f contalar veya yanl\u0131\u015f monte edilmi\u015f bile\u015fenler nedeniyle olabilir. Contalar\u0131 d\u00fczenli olarak a\u015f\u0131nma a\u00e7\u0131s\u0131ndan kontrol edin ve gerekti\u011finde de\u011fi\u015ftirin. S\u0131z\u0131nt\u0131lar\u0131 \u00f6nlemek i\u00e7in do\u011fru hizalamay\u0131 sa\u011flay\u0131n ve ba\u011flant\u0131 elemanlar\u0131n\u0131 s\u0131k\u0131n.<\/h3>\n<\/li>\n<li>\n<h3>Yava\u015f Tepki S\u00fcresi<\/h3>\n<p> Bom silindirinin tepkisi yava\u015fsa, hidrolik s\u0131v\u0131 seviyesinin d\u00fc\u015f\u00fck oldu\u011funu veya sistemde hava bulundu\u011funu g\u00f6sterebilir. S\u0131v\u0131 seviyelerini kontrol edin ve gerekirse tamamlay\u0131n. Optimum performans i\u00e7in sistemdeki s\u0131k\u0131\u015fm\u0131\u015f havay\u0131 gidermek \u00fczere sistemi havaland\u0131r\u0131n.<\/h3>\n<\/li>\n<li>\n<h3>Al\u0131\u015f\u0131lmad\u0131k Sesler<\/h3>\n<p> \u00c7al\u0131\u015fma s\u0131ras\u0131nda ola\u011fand\u0131\u015f\u0131 sesler, yetersiz ya\u011flama veya hasarl\u0131 par\u00e7alar gibi potansiyel sorunlar\u0131n i\u015fareti olabilir. Silindiri ve \u00e7evresindeki par\u00e7alar\u0131 a\u015f\u0131nma veya hasar a\u00e7\u0131s\u0131ndan inceleyin. Uygun ya\u011flama seviyelerini sa\u011flay\u0131n ve s\u00fcrt\u00fcnmeyi azaltmak i\u00e7in \u00f6nerilen hidrolik ya\u011f\u0131 kullan\u0131n.<\/h3>\n<\/li>\n<\/ul>\n<p>\u00d6nleyici tedbirlerin uygulanmas\u0131, bu sorunlar\u0131n ortaya \u00e7\u0131kma s\u0131kl\u0131\u011f\u0131n\u0131 \u00f6nemli \u00f6l\u00e7\u00fcde azaltabilir. D\u00fczenli bak\u0131m ve izleme, potansiyel sorunlar\u0131n b\u00fcy\u00fck ar\u0131zalara d\u00f6n\u00fc\u015fmeden \u00f6nce belirlenmesine yard\u0131mc\u0131 olacakt\u0131r.<\/p>\n<p><img decoding=\"async\" src=\"https:\/\/www.hydraulic-cylinders.net\/wp-content\/uploads\/2025\/04\/songte-bushings-with-all-kinds-of-excavator-models.webp\" alt=\"Bur\u00e7lar\"><\/p>\n<h2>\u015eirketimiz Hakk\u0131nda<\/h2>\n<p>\u00d6nde gelen yedek hidrolik silindir \u00fcreticisi olarak, hem yerel hem de uluslararas\u0131 pazarlara hitap eden eksiksiz bir \u00fcr\u00fcn yelpazesi sunuyoruz. Ola\u011fan\u00fcst\u00fc kaliteye olan ba\u011fl\u0131l\u0131\u011f\u0131m\u0131z, geli\u015fmi\u015f \u00fcretim y\u00f6netim stratejimizle desteklenmektedir. \u00dcretim kapasitemizi s\u00fcrekli olarak geli\u015ftirmek i\u00e7in yetenekli teknik personel, geli\u015fmi\u015f dijital \u00fcretim ekipmanlar\u0131 ve sa\u011flam test sistemlerinden yararlan\u0131yoruz. Y\u00fcksek verimlilik, do\u011fruluk ve kaliteye odaklanarak, \u00f6zel hizmetler ve uluslararas\u0131 sertifikalar arac\u0131l\u0131\u011f\u0131yla m\u00fc\u015fterilerimizin \u00e7e\u015fitli ihtiya\u00e7lar\u0131n\u0131 kar\u015f\u0131lamay\u0131 hedefliyoruz.<\/p>\n<p><img decoding=\"async\" src=\"https:\/\/www.hydraulic-cylinders.net\/wp-content\/uploads\/2025\/04\/songte-company-4.webp\" alt=\"\u015eirket Genel Bak\u0131\u015f\u0131\"><br \/>\n<img decoding=\"async\" src=\"https:\/\/www.hydraulic-cylinders.net\/wp-content\/uploads\/2025\/04\/songte-company-3.webp\" alt=\"\u00dcretim Tesisi\"><\/p>\n<p>Yazar: lyl<\/p>","protected":false},"excerpt":{"rendered":"<p>Boom Cylinder For Hengte Wheel Excavator HTL60 Product Overview The Boom Cylinder for Hengte Wheel Excavator HTL60 is an essential hydraulic component specifically designed to control the movement of the boom in heavy machinery. As a type of hydraulic cylinder, it plays a crucial role in the hydraulic system of excavators, backhoe loaders, and front [&hellip;]<\/p>","protected":false},"featured_media":17867,"comment_status":"open","ping_status":"closed","template":"","meta":{"_et_pb_use_builder":"","_et_pb_old_content":"","_et_gb_content_width":""},"product_brand":[],"product_cat":[1546],"product_tag":[1547,1496],"class_list":{"0":"post-19709","1":"product","2":"type-product","3":"status-publish","4":"has-post-thumbnail","6":"product_cat-boom-cylinders","7":"product_tag-boom-cylinders","8":"product_tag-hydraulic-cylinders","10":"first","11":"instock","12":"shipping-taxable","13":"product-type-simple"},"amp_enabled":true,"_links":{"self":[{"href":"https:\/\/www.hydraulic-cylinders.net\/tr\/wp-json\/wp\/v2\/product\/19709","targetHints":{"allow":["GET"]}}],"collection":[{"href":"https:\/\/www.hydraulic-cylinders.net\/tr\/wp-json\/wp\/v2\/product"}],"about":[{"href":"https:\/\/www.hydraulic-cylinders.net\/tr\/wp-json\/wp\/v2\/types\/product"}],"replies":[{"embeddable":true,"href":"https:\/\/www.hydraulic-cylinders.net\/tr\/wp-json\/wp\/v2\/comments?post=19709"}],"wp:featuredmedia":[{"embeddable":true,"href":"https:\/\/www.hydraulic-cylinders.net\/tr\/wp-json\/wp\/v2\/media\/17867"}],"wp:attachment":[{"href":"https:\/\/www.hydraulic-cylinders.net\/tr\/wp-json\/wp\/v2\/media?parent=19709"}],"wp:term":[{"taxonomy":"product_brand","embeddable":true,"href":"https:\/\/www.hydraulic-cylinders.net\/tr\/wp-json\/wp\/v2\/product_brand?post=19709"},{"taxonomy":"product_cat","embeddable":true,"href":"https:\/\/www.hydraulic-cylinders.net\/tr\/wp-json\/wp\/v2\/product_cat?post=19709"},{"taxonomy":"product_tag","embeddable":true,"href":"https:\/\/www.hydraulic-cylinders.net\/tr\/wp-json\/wp\/v2\/product_tag?post=19709"}],"curies":[{"name":"wp","href":"https:\/\/api.w.org\/{rel}","templated":true}]}}