{"id":19711,"date":"2025-04-07T07:03:14","date_gmt":"2025-04-07T07:03:14","guid":{"rendered":"https:\/\/www.hydraulic-cylinders.net\/product\/boom-cylinder-for-hengte-wheel-excavator-htl85-8\/"},"modified":"2025-04-07T07:03:16","modified_gmt":"2025-04-07T07:03:16","slug":"boom-cylinder-for-hengte-wheel-excavator-htl85-8","status":"publish","type":"product","link":"https:\/\/www.hydraulic-cylinders.net\/tr\/urun\/boom-cylinder-for-hengte-wheel-excavator-htl85-8\/","title":{"rendered":"Hengte Tekerlekli Ekskavat\u00f6r HTL85-8 i\u00e7in Bom Silindiri"},"content":{"rendered":"<h1>Hengte Tekerlekli Ekskavat\u00f6r HTL85-8 i\u00e7in Bom Silindiri<\/h1>\n<h2>Bom Silindirine Giri\u015f<\/h2>\n<p>The <strong>Bom Silindiri<\/strong> A\u011f\u0131r makinelerde, \u00f6zellikle ekskavat\u00f6rlerde, kaz\u0131c\u0131 y\u00fckleyicilerde ve \u00f6n y\u00fckleyicilerde bulunan \u00f6nemli bir hidrolik bile\u015fendir. Kep\u00e7enin hareketini kontrol etmek, malzeme ta\u015f\u0131ma i\u015flemlerinde verimli bir \u015fekilde kald\u0131rma, indirme ve e\u011fme i\u015flemlerini sa\u011flamak \u00fczere tasarlanm\u0131\u015ft\u0131r. Bu hidrolik silindir, bas\u0131n\u00e7l\u0131 hidrolik ya\u011f\u0131n kontroll\u00fc hareketler olu\u015fturmak i\u00e7in kullan\u0131ld\u0131\u011f\u0131 hidrolik sistemde \u00e7ok \u00f6nemli bir rol oynar. Bom silindirinin i\u015flevini anlamak, operasyonlar\u0131nda a\u011f\u0131r makinelere g\u00fcvenenler i\u00e7in hayati \u00f6nem ta\u015f\u0131r.<\/p>\n<p><img decoding=\"async\" src=\"https:\/\/www.hydraulic-cylinders.net\/wp-content\/uploads\/2025\/04\/songte-company-1.webp\" alt=\"Bom Silindiri G\u00f6r\u00fcnt\u00fcs\u00fc\" \/><\/p>\n<h3>Tan\u0131m ve Genel Bak\u0131\u015f<\/h3>\n<p>Bom silindiri, \u00e7e\u015fitli a\u011f\u0131r makinelerde kep\u00e7elerin hareketini kontrol etmek i\u00e7in \u00f6zel olarak tasarlanm\u0131\u015f bir hidrolik silindir t\u00fcr\u00fcd\u00fcr. Kep\u00e7enin kazma, kald\u0131rma ve malzeme ta\u015f\u0131ma gibi temel g\u00f6revleri verimli bir \u015fekilde yerine getirmesini sa\u011flar. Hidrolik sistem, bas\u0131n\u00e7l\u0131 s\u0131v\u0131 kullanarak do\u011frusal hareket olu\u015fturur ve bu da kep\u00e7enin mekanik hareketine d\u00f6n\u00fc\u015f\u00fcr. Bu, operat\u00f6rlerin a\u011f\u0131r y\u00fckleri ve karma\u015f\u0131k g\u00f6revleri hassasiyet ve kolayl\u0131kla halletmelerini sa\u011flar.<\/p>\n<h2>Bom Silindirinin \u00d6zellikleri<\/h2>\n<ul>\n<li><strong>Y\u00fcksek Dayan\u0131kl\u0131l\u0131k ve Dayan\u0131kl\u0131l\u0131k:<\/strong> Genellikle y\u00fcksek mukavemetli \u00e7elik veya al\u00fcminyumdan \u00fcretilen bom silindiri, y\u00fcksek bas\u0131nca ve a\u011f\u0131r y\u00fcklere dayanacak \u015fekilde tasarlanm\u0131\u015ft\u0131r ve bu da onu zorlu \u00e7al\u0131\u015fma ortamlar\u0131 i\u00e7in uygun hale getirir.<\/li>\n<li><strong>Verimli Hidrolik \u00c7al\u0131\u015fma:<\/strong> Hidrolik ya\u011f bas\u0131nc\u0131n\u0131 kullanarak sorunsuz ve h\u0131zl\u0131 uzatma ve geri \u00e7ekme sa\u011flar; a\u011f\u0131r malzemelerin ta\u015f\u0131nmas\u0131 ve karma\u015f\u0131k i\u015flemler i\u00e7in ideal olan g\u00fc\u00e7l\u00fc itme ve \u00e7ekme kuvvetleri sunar.<\/li>\n<li><strong>\u00c7e\u015fitli T\u00fcrler:<\/strong> \u00c7e\u015fitli operasyonel ihtiya\u00e7lar\u0131 kar\u015f\u0131lamak \u00fczere tek etkili (hidrolik tek y\u00f6nde kullan\u0131l\u0131r) veya \u00e7ift etkili (hidrolik her iki y\u00f6nde kullan\u0131l\u0131r) versiyonlar\u0131 mevcuttur. Baz\u0131 modellerde, d\u0131\u015f boyutlar\u0131 art\u0131rmadan daha fazla eri\u015fim sa\u011flamak i\u00e7in teleskopik \u00f6zellikler de bulunur.<\/li>\n<li><strong>\u00d6zelle\u015ftirilebilir Se\u00e7enekler:<\/strong> Farkl\u0131 makinelerin ve operasyonel g\u00f6revlerin gereksinimlerine g\u00f6re teknik \u00f6zellikleri uyarlayabilme yetene\u011fi.<\/li>\n<li><strong>Bak\u0131m\u0131 Kolay Tasar\u0131m:<\/strong> Bak\u0131m kolayl\u0131\u011f\u0131 i\u00e7in tasarlanm\u0131\u015ft\u0131r; bu sayede operat\u00f6rler, minimum ar\u0131za s\u00fcresiyle ekipman\u0131n sorunsuz \u00e7al\u0131\u015fmas\u0131n\u0131 sa\u011flayabilirler.<\/li>\n<\/ul>\n<p>Firmam\u0131z, mevcut hidrolik silindirlerin yerini m\u00fckemmel \u015fekilde alan y\u00fcksek kaliteli bom silindirleri \u00fcretme konusunda uzmanla\u015fm\u0131\u015ft\u0131r.<\/p>\n<p><img decoding=\"async\" src=\"https:\/\/www.hydraulic-cylinders.net\/wp-content\/uploads\/2025\/04\/songte-cylinder-head-with-all-kinds-excavator-models.webp\" alt=\"Bom Silindiri Varyasyonlar\u0131\" \/><\/p>\n<h2>Bom Silindirinin Uygulamalar\u0131<\/h2>\n<h3>\u0130n\u015faat Ekipmanlar\u0131<\/h3>\n<p>Ekskavat\u00f6rlerde, bom silindirleri toprak veya moloz kazma, y\u00fckleme ve ta\u015f\u0131ma i\u015flemlerinde hayati \u00f6neme sahiptir. G\u00fc\u00e7l\u00fc kald\u0131rma ve indirme hareketleri sa\u011flama yetenekleri, \u00e7e\u015fitli in\u015faat i\u015flerinin verimli bir \u015fekilde ger\u00e7ekle\u015ftirilmesi i\u00e7in gereklidir. Ekskavat\u00f6rler, malzemelerin \u015fantiyelerde g\u00fcvenli ve etkili bir \u015fekilde ta\u015f\u0131nmas\u0131n\u0131 sa\u011flamak i\u00e7in hassas hareketler ger\u00e7ekle\u015ftirmek \u00fczere bom silindirlerine g\u00fcvenir.<\/p>\n<h3>Tar\u0131m Makinalar\u0131<\/h3>\n<p>\u00d6n y\u00fckleyiciler, toprak, saman ve di\u011fer malzemeleri kep\u00e7elemek, kald\u0131rmak ve ta\u015f\u0131mak i\u00e7in bom silindirleri kullan\u0131r. Silindirler, operat\u00f6rlerin b\u00fcy\u00fck y\u00fckleri kolayl\u0131kla ta\u015f\u0131mas\u0131n\u0131 sa\u011flayarak \u00e7iftliklerde ve tar\u0131m i\u015fletmelerinde verimlili\u011fin artmas\u0131na katk\u0131da bulunur. Kep\u00e7enin e\u011filebilme ve ayarlanabilme \u00f6zelli\u011fi, tar\u0131m makinelerinin \u00e7ok y\u00f6nl\u00fcl\u00fc\u011f\u00fcn\u00fc art\u0131r\u0131r.<\/p>\n<h3>Kaz\u0131 G\u00f6revleri<\/h3>\n<p>Ekskavat\u00f6rde, bom silindiri kep\u00e7enin topra\u011fa etkili bir \u015fekilde n\u00fcfuz etmesini sa\u011flayarak verimli kaz\u0131 i\u015flemlerini kolayla\u015ft\u0131r\u0131r. Bom silindirinin sa\u011flad\u0131\u011f\u0131 g\u00fc\u00e7l\u00fc hidrolik hareket, ekskavat\u00f6r\u00fcn zorlu toprak ko\u015fullar\u0131n\u0131n \u00fcstesinden gelebilmesini sa\u011flar ve bu da onu in\u015faat ve peyzaj projeleri i\u00e7in vazge\u00e7ilmez bir ara\u00e7 haline getirir.<\/p>\n<h3>Y\u00fckleme Makineleri<\/h3>\n<p>\u00d6n y\u00fckleyicilerde, bom silindirleri y\u00fcklerin verimli bir \u015fekilde kald\u0131r\u0131lmas\u0131na ve bo\u015falt\u0131lmas\u0131na yard\u0131mc\u0131 olur. Tasar\u0131mlar\u0131, malzeme ta\u015f\u0131may\u0131 kolayla\u015ft\u0131rarak operat\u00f6rlerin mallar\u0131 bir yerden di\u011ferine h\u0131zl\u0131 ve g\u00fcvenli bir \u015fekilde ta\u015f\u0131mas\u0131na olanak tan\u0131r ve b\u00f6ylece genel verimlili\u011fi ve operasyonel etkinli\u011fi art\u0131r\u0131r.<\/p>\n<h2>Tasar\u0131m Hususlar\u0131 ve Se\u00e7im Kriterleri<\/h2>\n<h3>Y\u00fck Kapasitesi<\/h3>\n<p>Bom silindirinin y\u00fck ta\u015f\u0131ma kapasitesi, kritik bir tasar\u0131m unsurudur. \u0130\u015flemler s\u0131ras\u0131nda g\u00fcvenlik ve istikrar\u0131 sa\u011flarken, ta\u015f\u0131nan malzemelerin maksimum a\u011f\u0131rl\u0131\u011f\u0131n\u0131 destekleyebilmelidir. M\u00fchendisler, yap\u0131sal b\u00fct\u00fcnl\u00fc\u011f\u00fc riske atmadan optimum performans sa\u011flamak i\u00e7in, belirli uygulamalara ve makine tiplerine g\u00f6re y\u00fck gereksinimlerini hesaplamal\u0131d\u0131r.<\/p>\n<h3>M\u00fch\u00fcr B\u00fct\u00fcnl\u00fc\u011f\u00fc<\/h3>\n<p>S\u0131zd\u0131rmazl\u0131k b\u00fct\u00fcnl\u00fc\u011f\u00fc, hidrolik s\u0131v\u0131 s\u0131z\u0131nt\u0131lar\u0131n\u0131 \u00f6nlemek ve verimli \u00e7al\u0131\u015fmay\u0131 sa\u011flamak i\u00e7in hayati \u00f6neme sahiptir. Bas\u0131n\u00e7 ve s\u0131cakl\u0131k de\u011fi\u015fimlerine dayanabilmek i\u00e7in dayan\u0131kl\u0131 malzemelerden yap\u0131lm\u0131\u015f y\u00fcksek kaliteli contalar \u015fartt\u0131r. Do\u011fru s\u0131zd\u0131rmazl\u0131k mekanizmalar\u0131, bak\u0131m ihtiya\u00e7lar\u0131n\u0131 en aza indirir ve hidrolik sistemin \u00f6mr\u00fcn\u00fc uzatarak genel ekipman g\u00fcvenilirli\u011fine katk\u0131da bulunur.<\/p>\n<h3>Dayan\u0131kl\u0131l\u0131k<\/h3>\n<p>Bom silindirlerinin tasar\u0131m\u0131nda dayan\u0131kl\u0131l\u0131k \u00e7ok \u00f6nemli bir fakt\u00f6rd\u00fcr. Bile\u015fenler, \u00f6zellikle zorlu ortamlarda a\u015f\u0131nmaya ve korozyona dayan\u0131kl\u0131 malzemelerden \u00fcretilmelidir. Tasar\u0131m, a\u011f\u0131r i\u015f operasyonlar\u0131n\u0131n zorluklar\u0131na dayanabilmek i\u00e7in koruyucu kaplamalar ve sa\u011flam yap\u0131 y\u00f6ntemleri gibi uzun \u00f6m\u00fcrl\u00fcl\u00fc\u011f\u00fc art\u0131ran \u00f6zellikler i\u00e7ermelidir.<\/p>\n<h3>G\u00fcvenlik \u00d6zellikleri<\/h3>\n<p>Hidrolik silindir tasar\u0131m\u0131nda g\u00fcvenlik \u00f6ncelikli bir konudur. Bas\u0131n\u00e7 tahliye vanalar\u0131 ve sa\u011flam montaj sistemleri gibi \u00f6zellikler, \u00e7al\u0131\u015fma s\u0131ras\u0131nda kazalar\u0131 \u00f6nlemeye yard\u0131mc\u0131 olur. G\u00fcvenlik standartlar\u0131n\u0131n uygulanmas\u0131, operat\u00f6rlerin ekipman\u0131n bas\u0131n\u00e7 alt\u0131nda g\u00fcvenilir bir \u015fekilde ve ar\u0131za yapmadan \u00e7al\u0131\u015faca\u011f\u0131ndan emin olarak g\u00fcvenle \u00e7al\u0131\u015fabilmelerini sa\u011flar.<\/p>\n<h3>Bak\u0131m Eri\u015filebilirli\u011fi<\/h3>\n<p>Bom silindirlerinin kolay bak\u0131m i\u00e7in tasarlanmas\u0131, ar\u0131za s\u00fcrelerini en aza indirmek i\u00e7in \u00e7ok \u00f6nemlidir. Eri\u015filebilir gres ba\u011flant\u0131 noktalar\u0131, kolay de\u011fi\u015ftirilebilen contalar ve net bak\u0131m k\u0131lavuzlar\u0131 gibi \u00f6zellikler, verimli servis i\u015flemlerine katk\u0131da bulunur. D\u00fczenli bak\u0131m, potansiyel sorunlar\u0131 erken tespit etmeye yard\u0131mc\u0131 olarak hidrolik silindirin \u00e7al\u0131\u015fma \u00f6mr\u00fcn\u00fc en \u00fcst d\u00fczeye \u00e7\u0131kar\u0131r.<\/p>\n<p><img decoding=\"async\" src=\"https:\/\/www.hydraulic-cylinders.net\/wp-content\/uploads\/2025\/04\/songte-oil-pipes-and-spare-parts.webp\" alt=\"Hidrolik Silindir Bile\u015fenleri\" \/><\/p>\n<h2>Hidrolik Silindirin S\u0131zd\u0131rmazl\u0131\u011f\u0131 ve Ya\u011flanmas\u0131<\/h2>\n<p>Hidrolik silindirlerin optimum \u00e7al\u0131\u015fmas\u0131 i\u00e7in uygun s\u0131zd\u0131rmazl\u0131k ve ya\u011flama \u00e7ok \u00f6nemlidir. Piston contalar\u0131 ve mil contalar\u0131 gibi \u00e7e\u015fitli contalar, hidrolik s\u0131v\u0131 s\u0131z\u0131nt\u0131s\u0131n\u0131 \u00f6nlemede \u00f6nemli roller oynar. Bu contalar i\u00e7in dayan\u0131kl\u0131l\u0131k ve a\u015f\u0131nmaya kar\u015f\u0131 diren\u00e7 sa\u011flamak amac\u0131yla genellikle poli\u00fcretan ve nitril kau\u00e7uk gibi y\u00fcksek kaliteli malzemeler kullan\u0131l\u0131r.<\/p>\n<p>Silindir g\u00f6vdesi ve di\u015fli u\u00e7lar\u0131, a\u015f\u0131nma direncini art\u0131rmak ve contalar\u0131n do\u011fru \u015fekilde oturmas\u0131n\u0131 sa\u011flamak i\u00e7in hassas i\u015fleme s\u00fcre\u00e7lerinden ge\u00e7irilir. S\u00fcrt\u00fcnmeyi en aza indirmek, a\u015f\u0131nmay\u0131 azaltmak ve sorunsuz \u00e7al\u0131\u015fmay\u0131 sa\u011flamak i\u00e7in yeterli hidrolik ya\u011f ile d\u00fczenli ya\u011flama gereklidir. Operat\u00f6rler, silindirin performans\u0131n\u0131 s\u00fcrd\u00fcrmek i\u00e7in uygun s\u0131v\u0131 seviyelerini koruman\u0131n ve gerekti\u011finde contalar\u0131 de\u011fi\u015ftirmenin \u00f6neminin fark\u0131nda olmal\u0131d\u0131r.<\/p>\n<h2>D\u00fczenli Bak\u0131m ve \u00d6nleyici Tedbirler<\/h2>\n<ul>\n<li><strong>D\u00fczenli Denetimler:<\/strong> Hidrolik silindiri d\u00fczenli olarak a\u015f\u0131nma, s\u0131z\u0131nt\u0131 veya hasar belirtileri a\u00e7\u0131s\u0131ndan kontrol edin. Sorunlar\u0131n erken tespiti, ilerleyen zamanlarda daha ciddi problemlerin \u00f6nlenmesine yard\u0131mc\u0131 olabilir.<\/li>\n<li><strong>Uygun Ya\u011flama:<\/strong> Hidrolik silindirin uygun hidrolik ya\u011f ile yeterince ya\u011fland\u0131\u011f\u0131ndan emin olun. Optimum performans\u0131 korumak i\u00e7in s\u0131v\u0131 seviyelerini d\u00fczenli olarak kontrol edin ve gerekti\u011finde tamamlay\u0131n.<\/li>\n<li><strong>Conta De\u011fi\u015fimi:<\/strong> Contalar\u0131n a\u015f\u0131nmas\u0131n\u0131 izleyin ve gerekti\u011finde de\u011fi\u015ftirin. A\u015f\u0131nm\u0131\u015f contalar s\u0131v\u0131 s\u0131z\u0131nt\u0131lar\u0131na ve verimlilik d\u00fc\u015f\u00fc\u015f\u00fcne yol a\u00e7abilir, bu nedenle zaman\u0131nda de\u011fi\u015ftirme \u00e7ok \u00f6nemlidir.<\/li>\n<\/ul>\n<h2>Bom Silindiri i\u00e7in Kurulum Talimatlar\u0131<\/h2>\n<p>Bom silindirinin do\u011fru montaj\u0131, optimum performans i\u00e7in \u00e7ok \u00f6nemlidir. \u00d6ncelikle t\u00fcm montaj y\u00fczeylerinin temiz ve kal\u0131nt\u0131lardan ar\u0131nd\u0131r\u0131lm\u0131\u015f oldu\u011fundan emin olun. Bile\u015fenler \u00fczerinde gereksiz gerilimi \u00f6nlemek i\u00e7in silindiri montaj noktalar\u0131yla do\u011fru \u015fekilde hizalay\u0131n.<\/p>\n<p>Silindiri yerine sabitlemek i\u00e7in uygun montaj braketlerini kullan\u0131n ve hasara neden olabilecek a\u015f\u0131r\u0131 g\u00fc\u00e7 uygulamadan sa\u011flam bir \u015fekilde tutuldu\u011fundan emin olun. Kurulum tamamland\u0131ktan sonra, s\u0131z\u0131nt\u0131 olmad\u0131\u011f\u0131ndan ve t\u00fcm ba\u011flant\u0131 par\u00e7alar\u0131n\u0131n sa\u011flam oldu\u011fundan emin olmak i\u00e7in hidrolik hat ba\u011flant\u0131lar\u0131n\u0131 kontrol edin. Kurulumdan sonra, silindirin do\u011fru \u00e7al\u0131\u015ft\u0131\u011f\u0131n\u0131 do\u011frulamak i\u00e7in \u00e7al\u0131\u015fmas\u0131n\u0131 test edin ve gerekirse gerekli ayarlamalar\u0131 yap\u0131n.<\/p>\n<h2>Bak\u0131m G\u00f6revleri<\/h2>\n<h3>D\u00fczenli Denetimler<\/h3>\n<p>Hidrolik silindirde herhangi bir a\u015f\u0131nma veya hasar olup olmad\u0131\u011f\u0131n\u0131 tespit etmek i\u00e7in d\u00fczenli kontroller yap\u0131n. Bu, s\u0131z\u0131nt\u0131lar\u0131 kontrol etmeyi ve t\u00fcm bile\u015fenlerin do\u011fru \u015fekilde \u00e7al\u0131\u015ft\u0131\u011f\u0131ndan emin olmay\u0131 i\u00e7erir. D\u00fczenli kontroller, potansiyel sorunlar\u0131 erken yakalamaya yard\u0131mc\u0131 olur ve bu da daha ciddi sorunlar\u0131 ve maliyetli onar\u0131mlar\u0131 \u00f6nleyebilir.<\/p>\n<h3>Uygun Ya\u011flama<\/h3>\n<p>Hidrolik silindirin ya\u011flanmas\u0131, sorunsuz \u00e7al\u0131\u015fmas\u0131n\u0131 sa\u011flamak i\u00e7in \u00e7ok \u00f6nemlidir. Do\u011fru tipte hidrolik ya\u011f kullan\u0131ld\u0131\u011f\u0131ndan emin olun ve s\u0131v\u0131 seviyelerini d\u00fczenli olarak kontrol edin. Yeterli ya\u011flama, bile\u015fenlerdeki a\u015f\u0131nmay\u0131 en aza indirerek silindirin \u00f6mr\u00fcn\u00fc uzat\u0131r.<\/p>\n<h3>Conta De\u011fi\u015fimi ve Kalibrasyon Kontrolleri<\/h3>\n<p>S\u0131z\u0131nt\u0131lar\u0131 \u00f6nlemek i\u00e7in contalar\u0131 d\u00fczenli olarak a\u015f\u0131nma belirtileri a\u00e7\u0131s\u0131ndan kontrol edin ve gerekti\u011finde de\u011fi\u015ftirin. Kalibrasyon kontrolleri, hidrolik silindirin belirtilen parametreler dahilinde \u00e7al\u0131\u015fmas\u0131n\u0131 sa\u011flayarak kullan\u0131m s\u0131ras\u0131nda verimlili\u011fi ve g\u00fcvenli\u011fi korur. Do\u011fru kalibre edilmi\u015f ekipman, ar\u0131za riskini azalt\u0131r ve genel performans\u0131 art\u0131r\u0131r.<\/p>\n<p><img decoding=\"async\" src=\"https:\/\/www.hydraulic-cylinders.net\/wp-content\/uploads\/2025\/04\/songte-chushion-collar.webp\" alt=\"Hidrolik Silindir Montaj\u0131\" \/><\/p>\n<h2>G\u00fcvenlik Hususlar\u0131 ve \u00c7evresel Fakt\u00f6rler<\/h2>\n<p>Hidrolik silindirlerin \u00e7al\u0131\u015ft\u0131r\u0131lmas\u0131nda g\u00fcvenlik \u00f6nlemleri son derece \u00f6nemlidir. Kaza riskini en aza indirmek i\u00e7in operat\u00f6rler g\u00fcvenli kullan\u0131m prosed\u00fcrleri konusunda e\u011fitilmelidir. Bu, uygun ki\u015fisel koruyucu ekipman (KKD) giymenin \u00f6nemini anlamay\u0131 ve \u00e7al\u0131\u015fma ve bak\u0131m s\u0131ras\u0131nda g\u00fcvenlik protokollerine uymay\u0131 i\u00e7erir. A\u015f\u0131r\u0131 s\u0131cakl\u0131klara ve a\u015f\u0131nd\u0131r\u0131c\u0131 maddelere maruz kalma gibi \u00e7evresel fakt\u00f6rler de hidrolik sistemlerin uzun \u00f6m\u00fcrl\u00fcl\u00fc\u011f\u00fcn\u00fc ve g\u00fcvenilirli\u011fini sa\u011flamak i\u00e7in dikkate al\u0131nmal\u0131d\u0131r.<\/p>\n<h2>Sorun Giderme ve Yayg\u0131n Sorunlar<\/h2>\n<h3>S\u0131k Kar\u015f\u0131la\u015f\u0131lan Sorunlar<\/h3>\n<ul>\n<li><strong>Hidrolik S\u0131z\u0131nt\u0131lar:<\/strong> S\u0131z\u0131nt\u0131lar\u0131n kayna\u011f\u0131n\u0131 belirlemek i\u00e7in contalar\u0131 ve ba\u011flant\u0131 elemanlar\u0131n\u0131 kontrol edin. Sistem bas\u0131nc\u0131n\u0131 korumak i\u00e7in s\u0131z\u0131nt\u0131lar\u0131n derhal giderilmesi \u00e7ok \u00f6nemlidir.<\/li>\n<li><strong>Tutarl\u0131 Olmayan Hareket:<\/strong> Tutars\u0131z hareket sorunlar\u0131n\u0131 \u00e7\u00f6zmek i\u00e7in hidrolik hatlardaki olas\u0131 t\u0131kan\u0131kl\u0131klar\u0131 veya hidrolik s\u0131v\u0131 seviyesindeki sorunlar\u0131 ara\u015ft\u0131r\u0131n.<\/li>\n<li><strong>A\u015f\u0131r\u0131 G\u00fcr\u00fclt\u00fc:<\/strong> Ola\u011fand\u0131\u015f\u0131 sesler, hidrolik sistemde hava oldu\u011funu veya yetersiz ya\u011flama oldu\u011funu g\u00f6sterebilir. Sistemi havas\u0131n\u0131 alarak ve uygun ya\u011flama seviyelerini sa\u011flayarak bu sorun \u00e7\u00f6z\u00fclebilir.<\/li>\n<\/ul>\n<p>D\u00fczenli bak\u0131m ve kontroller gibi \u00f6nleyici tedbirlerin uygulanmas\u0131, bu yayg\u0131n sorunlar\u0131n ortaya \u00e7\u0131kma olas\u0131l\u0131\u011f\u0131n\u0131 azaltmaya ve hidrolik silindirin sorunsuz \u00e7al\u0131\u015fmas\u0131n\u0131 sa\u011flamaya yard\u0131mc\u0131 olabilir.<\/p>\n<p><img decoding=\"async\" src=\"https:\/\/www.hydraulic-cylinders.net\/wp-content\/uploads\/2025\/04\/songte-bushings-with-all-kinds-of-excavator-models.webp\" alt=\"Hidrolik Silindir Ar\u0131za Giderme\" \/><\/p>\n<h2>\u015eirketimiz Hakk\u0131nda<\/h2>\n<p>\u00d6nde gelen hidrolik silindir \u00fcreticisi olarak, hem yerel hem de uluslararas\u0131 pazarlara hizmet veren kapsaml\u0131 bir \u00fcr\u00fcn yelpazesi sunuyoruz. M\u00fckemmelli\u011fe olan ba\u011fl\u0131l\u0131\u011f\u0131m\u0131z, geli\u015fmi\u015f bir \u00fcretim y\u00f6netim stratejisiyle desteklenen y\u00fcksek kalite standartlar\u0131n\u0131 \u00fcretimde korumam\u0131z\u0131 sa\u011fl\u0131yor.<\/p>\n<p>Geli\u015fmi\u015f teknoloji, yetenekli personel ve \u00f6zel bir test sistemi sayesinde \u00fcretim kapasitemizi s\u00fcrekli olarak geli\u015ftiriyoruz. Bu \u00f6zveri, \u00e7e\u015fitli m\u00fc\u015fteri ihtiya\u00e7lar\u0131n\u0131 y\u00fcksek verimlilik, hassasiyet ve kaliteyle kar\u015f\u0131lamam\u0131z\u0131 sa\u011fl\u0131yor.<\/p>\n<p>\u015eirketimiz ayr\u0131ca, sekt\u00f6rde \u00f6ne \u00e7\u0131kmam\u0131z\u0131 sa\u011flayan \u00f6zel hizmetler, uluslararas\u0131 sertifikalar ve ola\u011fan\u00fcst\u00fc sat\u0131\u015f sonras\u0131 destek sunmaktad\u0131r. M\u00fc\u015fteri memnuniyetine \u00f6ncelik veriyor ve hidrolik \u00e7\u00f6z\u00fcmler alan\u0131nda g\u00fcvenilir bir ortak olarak konumumuzu korumaya \u00e7al\u0131\u015f\u0131yoruz.<\/p>\n<p><img decoding=\"async\" src=\"https:\/\/www.hydraulic-cylinders.net\/wp-content\/uploads\/2025\/04\/songte-company-4.webp\" alt=\"\u015eirket Genel Bak\u0131\u015f\u0131\" \/><br \/>\n<img decoding=\"async\" src=\"https:\/\/www.hydraulic-cylinders.net\/wp-content\/uploads\/2025\/04\/songte-company-3.webp\" alt=\"Hidrolik Silindir \u00dcretimi\" \/><\/p>\n<p>Yazar: lyl<\/p>","protected":false},"excerpt":{"rendered":"<p>Boom Cylinder For Hengte Wheel Excavator HTL85-8 Introduction to the Boom Cylinder The Boom Cylinder is an essential hydraulic component found in heavy machinery, particularly in excavators, backhoe loaders, and front loaders. It is designed to control the movement of the bucket, allowing it to lift, lower, and tilt for efficient material handling tasks. This [&hellip;]<\/p>","protected":false},"featured_media":17869,"comment_status":"open","ping_status":"closed","template":"","meta":{"_et_pb_use_builder":"","_et_pb_old_content":"","_et_gb_content_width":""},"product_brand":[],"product_cat":[1546],"product_tag":[1547,1496],"class_list":{"0":"post-19711","1":"product","2":"type-product","3":"status-publish","4":"has-post-thumbnail","6":"product_cat-boom-cylinders","7":"product_tag-boom-cylinders","8":"product_tag-hydraulic-cylinders","10":"first","11":"instock","12":"shipping-taxable","13":"product-type-simple"},"amp_enabled":true,"_links":{"self":[{"href":"https:\/\/www.hydraulic-cylinders.net\/tr\/wp-json\/wp\/v2\/product\/19711","targetHints":{"allow":["GET"]}}],"collection":[{"href":"https:\/\/www.hydraulic-cylinders.net\/tr\/wp-json\/wp\/v2\/product"}],"about":[{"href":"https:\/\/www.hydraulic-cylinders.net\/tr\/wp-json\/wp\/v2\/types\/product"}],"replies":[{"embeddable":true,"href":"https:\/\/www.hydraulic-cylinders.net\/tr\/wp-json\/wp\/v2\/comments?post=19711"}],"wp:featuredmedia":[{"embeddable":true,"href":"https:\/\/www.hydraulic-cylinders.net\/tr\/wp-json\/wp\/v2\/media\/17869"}],"wp:attachment":[{"href":"https:\/\/www.hydraulic-cylinders.net\/tr\/wp-json\/wp\/v2\/media?parent=19711"}],"wp:term":[{"taxonomy":"product_brand","embeddable":true,"href":"https:\/\/www.hydraulic-cylinders.net\/tr\/wp-json\/wp\/v2\/product_brand?post=19711"},{"taxonomy":"product_cat","embeddable":true,"href":"https:\/\/www.hydraulic-cylinders.net\/tr\/wp-json\/wp\/v2\/product_cat?post=19711"},{"taxonomy":"product_tag","embeddable":true,"href":"https:\/\/www.hydraulic-cylinders.net\/tr\/wp-json\/wp\/v2\/product_tag?post=19711"}],"curies":[{"name":"wp","href":"https:\/\/api.w.org\/{rel}","templated":true}]}}