{"id":19713,"date":"2025-04-07T07:03:19","date_gmt":"2025-04-07T07:03:19","guid":{"rendered":"https:\/\/www.hydraulic-cylinders.net\/product\/boom-cylinder-for-hengte-wheel-excavator-htl106\/"},"modified":"2025-04-07T07:03:22","modified_gmt":"2025-04-07T07:03:22","slug":"boom-cylinder-for-hengte-wheel-excavator-htl106","status":"publish","type":"product","link":"https:\/\/www.hydraulic-cylinders.net\/tr\/urun\/boom-cylinder-for-hengte-wheel-excavator-htl106\/","title":{"rendered":"Hengte Tekerlekli Ekskavat\u00f6r HTL106 i\u00e7in Bom Silindiri"},"content":{"rendered":"<h1>Hengte Tekerlekli Ekskavat\u00f6r HTL106 i\u00e7in Bom Silindiri<\/h1>\n<h2>Bom Silindirlerine Giri\u015f<\/h2>\n<p>Bom silindiri, \u00f6zellikle ekskavat\u00f6rler, kaz\u0131c\u0131 y\u00fckleyiciler ve \u00f6n y\u00fckleyiciler gibi a\u011f\u0131r makinelerde bomun hareketini kontrol etmek i\u00e7in tasarlanm\u0131\u015f \u00e7ok \u00f6nemli bir hidrolik bile\u015fendir. Bomun kald\u0131r\u0131lmas\u0131n\u0131, indirilmesini ve e\u011filmesini sa\u011flayarak verimli malzeme ta\u015f\u0131ma i\u015flemlerini kolayla\u015ft\u0131r\u0131r. Bu hidrolik silindir, hidrolik s\u0131v\u0131 bas\u0131nc\u0131n\u0131 kullanarak hassas hareketler i\u00e7in mekanik kuvvete d\u00f6n\u00fc\u015ft\u00fcr\u00fcr.<\/p>\n<p><img decoding=\"async\" src=\"https:\/\/www.hydraulic-cylinders.net\/wp-content\/uploads\/2025\/04\/songte-company-1.webp\" alt=\"Bom Silindiri G\u00f6r\u00fcnt\u00fcs\u00fc\" \/><\/p>\n<p>\u0130n\u015faat ve tar\u0131m uygulamalar\u0131nda bom silindirleri temel \u00f6neme sahiptir. Bu silindirler, a\u015f\u0131r\u0131 bas\u0131n\u00e7lara ve zorlu \u00e7al\u0131\u015fma ko\u015fullar\u0131na maruz kald\u0131klar\u0131 i\u00e7in sa\u011flam ve g\u00fcvenilir olmal\u0131d\u0131r. Sorunsuz ve etkili \u00e7al\u0131\u015fma sa\u011flama yetenekleri, entegre edildikleri makinelerin performans\u0131n\u0131 do\u011frudan etkiler.<\/p>\n<h2>Bom Silindirinin \u00d6zellikleri<\/h2>\n<h3>1. Y\u00fcksek Mukavemet ve Dayan\u0131kl\u0131l\u0131k<\/h3>\n<p>Y\u00fcksek mukavemetli \u00e7elik veya al\u00fcminyumdan \u00fcretilen bom silindirleri, a\u011f\u0131r y\u00fcklere ve y\u00fcksek bas\u0131n\u00e7l\u0131 ortamlara dayanacak \u015fekilde tasarlanm\u0131\u015ft\u0131r. Yap\u0131lar\u0131, a\u015f\u0131nma direnci ve korozyon korumas\u0131n\u0131 dikkate alarak kullan\u0131m \u00f6mr\u00fcn\u00fc uzat\u0131r.<\/p>\n<h3>2. Verimli Hidrolik \u00c7al\u0131\u015fma<\/h3>\n<p>Bu silindirler, d\u00fczg\u00fcn uzatma ve geri \u00e7ekme i\u00e7in hidrolik s\u0131v\u0131 bas\u0131nc\u0131ndan yararlan\u0131r. Operat\u00f6r komutlar\u0131na h\u0131zl\u0131 bir \u015fekilde yan\u0131t vererek, a\u011f\u0131r malzemelerin ta\u015f\u0131nmas\u0131 ve karma\u015f\u0131k g\u00f6revlerin yerine getirilmesi i\u00e7in gerekli olan \u00f6nemli itme ve \u00e7ekme kuvvetleri sa\u011flarlar.<\/p>\n<h3>3. \u00c7e\u015fitli T\u00fcrler<\/h3>\n<p>Kullan\u0131c\u0131lar, operasyonel ihtiya\u00e7lara ba\u011fl\u0131 olarak tek etkili (hidrolik bas\u0131nc\u0131 tek y\u00f6nde kullanan) veya \u00e7ift etkili (hidrolik bas\u0131nc\u0131 her iki y\u00f6nde kullanan) silindirler aras\u0131nda se\u00e7im yapabilirler. Baz\u0131 modeller teleskopiktir ve d\u0131\u015f boyutlar\u0131 art\u0131rmadan daha fazla uzatmaya olanak tan\u0131yarak, alan k\u0131s\u0131tlamal\u0131 uygulamalar i\u00e7in uygun hale gelirler.<\/p>\n<h3>4. \u00d6zelle\u015ftirilebilir \u00c7\u00f6z\u00fcmler<\/h3>\n<p>\u00dcr\u00fcnlerimiz, mevcut hidrolik silindirlerin yerini m\u00fckemmel bir \u015fekilde alarak \u00e7e\u015fitli uygulamalarda uyumluluk ve performans sa\u011flar.<\/p>\n<p><img decoding=\"async\" src=\"https:\/\/www.hydraulic-cylinders.net\/wp-content\/uploads\/2025\/04\/songte-cylinder-head-with-all-kinds-excavator-models.webp\" alt=\"\u00d6zelle\u015ftirilebilir \u00c7\u00f6z\u00fcmler\" \/><\/p>\n<h2>Uygulama Senaryolar\u0131<\/h2>\n<h3>1. \u0130n\u015faat Ekipmanlar\u0131<\/h3>\n<p>Ekskavat\u00f6rlerde, bom silindirleri toprak veya moloz kazma, y\u00fckleme ve ta\u015f\u0131ma i\u015flemlerinde hayati bir rol oynar. Kolun uzamas\u0131n\u0131 ve geri \u00e7ekilmesini sa\u011flarken, etkili \u00e7al\u0131\u015fma i\u00e7in gerekli kald\u0131rma kapasitesini de sunarlar. Kaz\u0131c\u0131 y\u00fckleyicilerde ise hem kazma hem de kald\u0131rma i\u015flerinde yard\u0131mc\u0131 olarak in\u015faat sahalar\u0131ndaki \u00e7ok y\u00f6nl\u00fcl\u00fcklerini g\u00f6sterirler.<\/p>\n<h3>2. Tar\u0131m Makineleri<\/h3>\n<p>\u00d6n y\u00fckleyicilerde, bom silindirleri toprak, saman ve di\u011fer malzemeleri kep\u00e7eyle almak, kald\u0131rmak ve ta\u015f\u0131maktan sorumludur. Bu g\u00f6revleri yerine getirmedeki verimlilikleri, tar\u0131msal ortamlarda \u00fcretkenli\u011fi art\u0131rarak onlar\u0131 tar\u0131m faaliyetlerinde vazge\u00e7ilmez k\u0131lmaktad\u0131r.<\/p>\n<h3>3. Ekskavat\u00f6rler<\/h3>\n<p>Bu hidrolik silindirler, kep\u00e7enin topra\u011fa n\u00fcfuz etmesini sa\u011flayarak kazma i\u015flemlerini kolayla\u015ft\u0131r\u0131r. Bom silindirlerinin sundu\u011fu hassas kontrol, ba\u015far\u0131l\u0131 kaz\u0131 projeleri i\u00e7in \u00e7ok \u00f6nemlidir.<\/p>\n<h3>4. Y\u00fckleyiciler<\/h3>\n<p>\u00d6n y\u00fckleyicilerde, bom silindirleri y\u00fcklerin etkin bir \u015fekilde kald\u0131r\u0131lmas\u0131na ve bo\u015falt\u0131lmas\u0131na yard\u0131mc\u0131 olur. Tasar\u0131mlar\u0131, a\u011f\u0131r malzemelerin makinenin stabilitesinden \u00f6d\u00fcn vermeden y\u00f6netilebilmesini sa\u011flar.<\/p>\n<h2>Tasar\u0131m Hususlar\u0131 ve Se\u00e7im Kriterleri<\/h2>\n<h3>1. Y\u00fck Kapasitesi<\/h3>\n<p>Kullan\u0131laca\u011f\u0131 ekipman\u0131n \u00f6zel y\u00fck gereksinimlerini kar\u015f\u0131layan bir bom silindiri se\u00e7mek \u00e7ok \u00f6nemlidir. Silindir, a\u011f\u0131r i\u015fler s\u0131ras\u0131nda g\u00fcvenli \u00e7al\u0131\u015fmay\u0131 sa\u011flamak i\u00e7in ar\u0131za yapmadan maksimum y\u00fck\u00fc kald\u0131rabilecek kapasitede olmal\u0131d\u0131r.<\/p>\n<h3>2. S\u0131zd\u0131rmazl\u0131k Yetene\u011fi<\/h3>\n<p>Etkili s\u0131zd\u0131rmazl\u0131k, verimsizliklere ve potansiyel hasarlara yol a\u00e7abilecek hidrolik s\u0131v\u0131 s\u0131z\u0131nt\u0131lar\u0131n\u0131 \u00f6nlemek i\u00e7in kritik \u00f6neme sahiptir. \u00c7al\u0131\u015fma b\u00fct\u00fcnl\u00fc\u011f\u00fcn\u00fc korumak ve bak\u0131m ihtiya\u00e7lar\u0131n\u0131 en aza indirmek i\u00e7in y\u00fcksek kaliteli contalar kullan\u0131lmal\u0131d\u0131r.<\/p>\n<h3>3. Dayan\u0131kl\u0131l\u0131k<\/h3>\n<p>Bom silindirleri zorlu ortamlarda \u00e7al\u0131\u015ft\u0131\u011f\u0131 i\u00e7in dayan\u0131kl\u0131l\u0131k tasar\u0131m\u0131n hayati bir y\u00f6n\u00fcd\u00fcr. A\u015f\u0131nmaya ve korozyona dayan\u0131kl\u0131 malzemelerden \u00fcretilmeleri, kullan\u0131m \u00f6m\u00fcrlerini uzat\u0131r ve de\u011fi\u015ftirme s\u0131kl\u0131\u011f\u0131n\u0131 azalt\u0131r.<\/p>\n<h3>4. G\u00fcvenlik \u00d6zellikleri<\/h3>\n<p>Kazalar\u0131 \u00f6nlemek i\u00e7in tasar\u0131ma g\u00fcvenlik \u00f6zelliklerinin dahil edilmesi son derece \u00f6nemlidir. A\u015f\u0131r\u0131 y\u00fcklenmeye kar\u015f\u0131 koruma sa\u011flamak ve operat\u00f6r g\u00fcvenli\u011fini garanti alt\u0131na almak i\u00e7in emniyet valfleri ve bas\u0131n\u00e7 tahliye mekanizmalar\u0131 eklenmelidir.<\/p>\n<h3>5. Bak\u0131m ve Onar\u0131m Kolayl\u0131\u011f\u0131<\/h3>\n<p>Tasar\u0131m, kolay bak\u0131m ve onar\u0131m\u0131 kolayla\u015ft\u0131rmal\u0131d\u0131r. Uzun s\u00fcreli ar\u0131za s\u00fcresi gerektirmeden bak\u0131m\u0131 yap\u0131labilen veya de\u011fi\u015ftirilebilen bile\u015fenler, genel operasyonel verimlili\u011fe katk\u0131da bulunur.<\/p>\n<p><img decoding=\"async\" src=\"https:\/\/www.hydraulic-cylinders.net\/wp-content\/uploads\/2025\/04\/songte-oil-pipes-and-spare-parts.webp\" alt=\"Tasar\u0131m Hususlar\u0131\" \/><\/p>\n<h2>S\u0131zd\u0131rmazl\u0131k ve Ya\u011flama<\/h2>\n<p>The effectiveness of hydraulic cylinders heavily relies on proper sealing and lubrication. Various sealing components, such as piston seals and rod seals, must be utilized to maintain hydraulic pressure. Materials like polyurethane and nitrile rubber are preferred due to their wear resistance. Additionally, the cylinder body and threaded ends should undergo precise finishing to enhance durability against wear. Regular lubrication with hydraulic oil is necessary to ensure smooth operation and extend the cylinder&#8217;s lifespan, facilitating optimal performance during use.<\/p>\n<h2>\u00d6nleyici Bak\u0131m \u00d6nlemleri<\/h2>\n<ul>\n<li>Olas\u0131 s\u0131z\u0131nt\u0131lar\u0131 veya hasarlar\u0131 tespit etmek i\u00e7in d\u00fczenli kontroller yap\u0131n.<\/li>\n<li>Verimlili\u011fin korunmas\u0131 i\u00e7in contalar\u0131n ve hareketli par\u00e7alar\u0131n uygun \u015fekilde ya\u011flanmas\u0131n\u0131 sa\u011flay\u0131n.<\/li>\n<li>Hidrolik s\u0131v\u0131 kayb\u0131n\u0131 \u00f6nlemek i\u00e7in a\u015f\u0131nm\u0131\u015f contalar\u0131 derhal de\u011fi\u015ftirin.<\/li>\n<\/ul>\n<h2>Kurulum Talimatlar\u0131<\/h2>\n<p>Bom silindirlerinin ba\u015far\u0131l\u0131 bir \u015fekilde \u00e7al\u0131\u015fmas\u0131 i\u00e7in do\u011fru montaj \u00e7ok \u00f6nemlidir. \u0130\u015fleme, silindiri makine \u00fczerindeki montaj noktalar\u0131yla hizalayarak ba\u015flay\u0131n. Silindiri sa\u011flam bir \u015fekilde sabitlemek i\u00e7in uygun montaj braketleri kullan\u0131n. Hidrolik hatlar\u0131n do\u011fru \u015fekilde ba\u011fland\u0131\u011f\u0131ndan emin olun ve s\u0131z\u0131nt\u0131lara yol a\u00e7abilecek herhangi bir b\u00fck\u00fclme veya k\u0131vr\u0131lmadan ka\u00e7\u0131n\u0131n. Montajdan sonra, sistemin ola\u011fand\u0131\u015f\u0131 sesler veya diren\u00e7 olmadan sorunsuz \u00e7al\u0131\u015ft\u0131\u011f\u0131n\u0131 do\u011frulamak i\u00e7in test edin. Bile\u015fenler \u00fczerinde gereksiz stres olu\u015fmas\u0131n\u0131 ve erken ar\u0131zaya yol a\u00e7mas\u0131n\u0131 \u00f6nlemek i\u00e7in silindirin hizalanmas\u0131na dikkat edin. Ba\u011flant\u0131lar\u0131 d\u00fczenli olarak kontrol etmek ve g\u00fcvenli yerle\u015ftirme sa\u011flamak, bom silindirinin \u00f6mr\u00fcn\u00fc ve performans\u0131n\u0131 art\u0131racakt\u0131r.<\/p>\n<h2>Yayg\u0131n Bak\u0131m G\u00f6revleri<\/h2>\n<h3>1. D\u00fczenli Denetimler<\/h3>\n<p>Rutin kontroller, a\u015f\u0131nma ve hasar belirtilerini erken tespit etmek i\u00e7in \u00e7ok \u00f6nemlidir. Hidrolik hatlarda s\u0131z\u0131nt\u0131 olup olmad\u0131\u011f\u0131n\u0131 kontrol edin ve ba\u011flant\u0131lar\u0131n s\u0131k\u0131l\u0131\u011f\u0131n\u0131 inceleyin. Bu kontrollerin yap\u0131lmas\u0131, beklenmedik ar\u0131zalar\u0131 \u00f6nlemeye ve zaman\u0131nda onar\u0131m yap\u0131lmas\u0131na olanak tan\u0131r.<\/p>\n<h3>2. Uygun Ya\u011flama<\/h3>\n<p>Contalar\u0131n ve hareketli par\u00e7alar\u0131n yeterince ya\u011flanmas\u0131, s\u00fcrt\u00fcnmeden kaynaklanan hasarlar\u0131 \u00f6nlemek i\u00e7in hayati \u00f6nem ta\u015f\u0131r. Do\u011fru tipte hidrolik ya\u011f ile d\u00fczenli ya\u011flama, silindirin \u00f6mr\u00fcn\u00fc uzatacak ve performans\u0131n\u0131 art\u0131racakt\u0131r.<\/p>\n<h3>3. Conta De\u011fi\u015fimi ve Kalibrasyon Kontrol\u00fc<\/h3>\n<p>Over time, seals can wear out and require replacement. It&#8217;s important to monitor their condition and replace them as needed. Additionally, periodic calibration of the hydraulic system ensures it operates at optimal efficiency, maintaining the safety and functionality of the equipment.<\/p>\n<p><img decoding=\"async\" src=\"https:\/\/www.hydraulic-cylinders.net\/wp-content\/uploads\/2025\/04\/songte-chushion-collar.webp\" alt=\"Bak\u0131m G\u00f6revleri\" \/><\/p>\n<h2>G\u00fcvenlik Hususlar\u0131 ve \u00c7evresel Fakt\u00f6rler<\/h2>\n<p>Hidrolik sistemlerle \u00e7al\u0131\u015f\u0131rken, kazalar\u0131 \u00f6nlemek i\u00e7in g\u00fcvenlik \u00f6nlemlerine uymak \u00e7ok \u00f6nemlidir. Operat\u00f6rler g\u00fcvenli \u00e7al\u0131\u015fma uygulamalar\u0131 konusunda e\u011fitilmeli ve bom silindirinin i\u015flevselli\u011fini anlamal\u0131d\u0131r. Hidrolik s\u0131v\u0131ya maruz kalma veya ekipman ar\u0131zas\u0131yla ili\u015fkili riskleri azaltmak i\u00e7in ki\u015fisel koruyucu ekipman (KKD) kullan\u0131m\u0131 \u015fartt\u0131r. Ayr\u0131ca, \u00e7evredeki ekosistemlere zarar verebilecek s\u0131v\u0131 s\u0131z\u0131nt\u0131lar\u0131n\u0131 \u00f6nlemek i\u00e7in bak\u0131m uygulamalar\u0131na \u00e7evresel hususlar da rehberlik etmelidir.<\/p>\n<h2>Ar\u0131za Te\u015fhisi ve Yayg\u0131n Sorunlar<\/h2>\n<h3>1. Hidrolik Ka\u00e7aklar<\/h3>\n<p>S\u0131z\u0131nt\u0131lar genellikle ekipman\u0131n etraf\u0131nda olu\u015fan s\u0131v\u0131 birikintileri g\u00f6zlemlenerek tespit edilebilir. Contalar\u0131n ve ba\u011flant\u0131 noktalar\u0131n\u0131n d\u00fczenli olarak kontrol edilmesi s\u0131v\u0131 kayb\u0131n\u0131 \u00f6nleyebilir. Bir s\u0131z\u0131nt\u0131 bulunursa, i\u015flevselli\u011fi geri kazand\u0131rmak i\u00e7in ar\u0131zal\u0131 bile\u015fenleri inceleyin ve de\u011fi\u015ftirin.<\/p>\n<h3>2. Yava\u015f \u00c7al\u0131\u015fma<\/h3>\n<p>Silindir yava\u015f \u00e7al\u0131\u015f\u0131yorsa, hidrolik s\u0131v\u0131 seviyesinin d\u00fc\u015f\u00fck oldu\u011funu veya hatlarda bir t\u0131kan\u0131kl\u0131k oldu\u011funu g\u00f6sterebilir. Sorunsuz \u00e7al\u0131\u015fma sa\u011flamak i\u00e7in s\u0131v\u0131 seviyelerini kontrol edin ve t\u0131kan\u0131kl\u0131klar\u0131 giderin.<\/p>\n<h3>3. Al\u0131\u015f\u0131lmad\u0131k Sesler<\/h3>\n<p>\u00c7al\u0131\u015fma s\u0131ras\u0131nda duyulan herhangi bir g\u0131c\u0131rt\u0131 veya t\u0131k\u0131rt\u0131 sesi genellikle mekanik sorunlara i\u015faret eder. Sesin kayna\u011f\u0131n\u0131 ara\u015ft\u0131r\u0131n ve a\u015f\u0131nm\u0131\u015f veya hasar g\u00f6rm\u00fc\u015f par\u00e7alar\u0131 derhal onar\u0131n.<\/p>\n<p><img decoding=\"async\" src=\"https:\/\/www.hydraulic-cylinders.net\/wp-content\/uploads\/2025\/04\/songte-bushings-with-all-kinds-of-excavator-models.webp\" alt=\"Ar\u0131za Te\u015fhisi\" \/><\/p>\n<h2>Sorun Giderme \u0130pu\u00e7lar\u0131<\/h2>\n<p>Etkili ar\u0131za te\u015fhisi i\u00e7in, \u00f6ncelikle bom silindirinin g\u00f6sterdi\u011fi belirtileri not edin. Hidrolik s\u0131v\u0131 seviyeleri, contalar ve ba\u011flant\u0131lar \u00fczerinde sistematik bir inceleme yap\u0131n. Servis kay\u0131t defteri tutmak, \u00f6nceki sorunlar\u0131 takip etmenize ve tekrarlayan sorunlar\u0131 belirlemenize yard\u0131mc\u0131 olabilir. D\u00fczenli bak\u0131m kontrolleri ve zaman\u0131nda onar\u0131mlar gibi \u00f6nleyici tedbirler uygulamak, potansiyel operasyonel aksakl\u0131klar\u0131 azaltabilir ve bom silindirinin \u00f6mr\u00fcn\u00fc uzatabilir.<\/p>\n<h2>\u015eirketimiz Hakk\u0131nda<\/h2>\n<p>We are a leading manufacturer and wholesale distributor of replacement hydraulic cylinders, providing a comprehensive range of products to meet diverse industry needs. Our commitment to quality and excellence drives our manufacturing processes, supported by advanced production management strategies. Our skilled technical team, combined with high-end digital manufacturing equipment and professional testing systems, ensures superior product quality. We continually enhance our manufacturing platform, adhering to principles of high efficiency, precision, and quality to meet our customers&#8217; varied demands.<\/p>\n<p><img decoding=\"async\" src=\"https:\/\/www.hydraulic-cylinders.net\/wp-content\/uploads\/2025\/04\/songte-company-4.webp\" alt=\"\u015eirket Genel Bak\u0131\u015f\u0131\" \/><br \/>\n<img decoding=\"async\" src=\"https:\/\/www.hydraulic-cylinders.net\/wp-content\/uploads\/2025\/04\/songte-company-3.webp\" alt=\"\u015eirket Genel Bak\u0131\u015f\u0131\" \/><\/p>\n<p>\u015eirketimiz profesyonelli\u011fi, uluslararas\u0131 sertifikalar\u0131, \u00f6zelle\u015ftirilmi\u015f hizmetleri, geli\u015fmi\u015f \u00fcretim ekipmanlar\u0131 ve ola\u011fan\u00fcst\u00fc sat\u0131\u015f sonras\u0131 deste\u011fiyle \u00f6ne \u00e7\u0131kmaktad\u0131r.<\/p>\n<p>Yazar: lyl<\/p>","protected":false},"excerpt":{"rendered":"<p>Boom Cylinder For Hengte Wheel Excavator HTL106 Introduction to Boom Cylinders The boom cylinder is a crucial hydraulic component designed to control the movement of the boom in heavy machinery, particularly in excavators, backhoe loaders, and front loaders. It allows the boom to lift, lower, and tilt, facilitating efficient material handling tasks. This hydraulic cylinder [&hellip;]<\/p>","protected":false},"featured_media":17871,"comment_status":"open","ping_status":"closed","template":"","meta":{"_et_pb_use_builder":"","_et_pb_old_content":"","_et_gb_content_width":""},"product_brand":[],"product_cat":[1546],"product_tag":[1547,1496],"class_list":{"0":"post-19713","1":"product","2":"type-product","3":"status-publish","4":"has-post-thumbnail","6":"product_cat-boom-cylinders","7":"product_tag-boom-cylinders","8":"product_tag-hydraulic-cylinders","10":"first","11":"instock","12":"shipping-taxable","13":"product-type-simple"},"amp_enabled":true,"_links":{"self":[{"href":"https:\/\/www.hydraulic-cylinders.net\/tr\/wp-json\/wp\/v2\/product\/19713","targetHints":{"allow":["GET"]}}],"collection":[{"href":"https:\/\/www.hydraulic-cylinders.net\/tr\/wp-json\/wp\/v2\/product"}],"about":[{"href":"https:\/\/www.hydraulic-cylinders.net\/tr\/wp-json\/wp\/v2\/types\/product"}],"replies":[{"embeddable":true,"href":"https:\/\/www.hydraulic-cylinders.net\/tr\/wp-json\/wp\/v2\/comments?post=19713"}],"wp:featuredmedia":[{"embeddable":true,"href":"https:\/\/www.hydraulic-cylinders.net\/tr\/wp-json\/wp\/v2\/media\/17871"}],"wp:attachment":[{"href":"https:\/\/www.hydraulic-cylinders.net\/tr\/wp-json\/wp\/v2\/media?parent=19713"}],"wp:term":[{"taxonomy":"product_brand","embeddable":true,"href":"https:\/\/www.hydraulic-cylinders.net\/tr\/wp-json\/wp\/v2\/product_brand?post=19713"},{"taxonomy":"product_cat","embeddable":true,"href":"https:\/\/www.hydraulic-cylinders.net\/tr\/wp-json\/wp\/v2\/product_cat?post=19713"},{"taxonomy":"product_tag","embeddable":true,"href":"https:\/\/www.hydraulic-cylinders.net\/tr\/wp-json\/wp\/v2\/product_tag?post=19713"}],"curies":[{"name":"wp","href":"https:\/\/api.w.org\/{rel}","templated":true}]}}