{"id":19714,"date":"2025-04-07T07:03:24","date_gmt":"2025-04-07T07:03:24","guid":{"rendered":"https:\/\/www.hydraulic-cylinders.net\/product\/boom-cylinder-for-hengte-wheel-excavator-htl135\/"},"modified":"2025-04-07T07:03:27","modified_gmt":"2025-04-07T07:03:27","slug":"boom-cylinder-for-hengte-wheel-excavator-htl135","status":"publish","type":"product","link":"https:\/\/www.hydraulic-cylinders.net\/tr\/urun\/boom-cylinder-for-hengte-wheel-excavator-htl135\/","title":{"rendered":"Hengte Tekerlekli Ekskavat\u00f6r HTL135 i\u00e7in Bom Silindiri"},"content":{"rendered":"<h1>Hengte Tekerlekli Ekskavat\u00f6r HTL135 i\u00e7in Bom Silindiri<\/h1>\n<h2>Bom Silindirlerine Giri\u015f<\/h2>\n<p>Bom silindiri, ekskavat\u00f6rler, kaz\u0131c\u0131lar ve \u00f6n y\u00fckleyiciler gibi a\u011f\u0131r makinelerde kep\u00e7enin hareketlerini kontrol etmek i\u00e7in \u00f6zel olarak tasarlanm\u0131\u015f, hidrolik sistemlerde hayati bir bile\u015fendir. Bu hidrolik silindir, kep\u00e7enin kalkmas\u0131n\u0131, al\u00e7almas\u0131n\u0131 ve e\u011filmesini sa\u011flayarak malzemelerin verimli bir \u015fekilde ta\u015f\u0131nmas\u0131n\u0131 kolayla\u015ft\u0131r\u0131r. Hidrolik bas\u0131nc\u0131 mekanik kuvvete d\u00f6n\u00fc\u015ft\u00fcrerek, bom silindirleri a\u011f\u0131r ekipmanlar\u0131n performans\u0131n\u0131 optimize eder ve bu da onlar\u0131 in\u015faat, tar\u0131m ve \u00e7e\u015fitli end\u00fcstriyel uygulamalarda vazge\u00e7ilmez k\u0131lar.<\/p>\n<p><img decoding=\"async\" src=\"https:\/\/www.hydraulic-cylinders.net\/wp-content\/uploads\/2025\/04\/songte-company-1.webp\" alt=\"Bom Silindiri\"><\/p>\n<h2>Bom Silindirinin \u00d6zellikleri<\/h2>\n<ul>\n<li>\n<h3>Y\u00fcksek G\u00fc\u00e7 ve Dayan\u0131kl\u0131l\u0131k<\/h3>\n<p>Genellikle y\u00fcksek mukavemetli \u00e7elik veya al\u00fcminyumdan \u00fcretilen bu silindirler, y\u00fcksek bas\u0131n\u00e7lara ve a\u011f\u0131r y\u00fcklere dayanabilir, bu da onlar\u0131 zorlu \u00e7al\u0131\u015fma ortamlar\u0131 i\u00e7in uygun hale getirir. Tasar\u0131mlar\u0131 a\u015f\u0131nma direnci ve korozyon korumas\u0131na odaklanarak uzun bir kullan\u0131m \u00f6mr\u00fc sa\u011flar.<\/p>\n<\/li>\n<li>\n<h3>Verimli Hidrolik \u00c7al\u0131\u015fma<\/h3>\n<p>Hidrolik ya\u011f\u0131n bas\u0131nc\u0131n\u0131 kullanan bu silindirler, d\u00fczg\u00fcn uzatma ve geri \u00e7ekme hareketleri ger\u00e7ekle\u015ftirerek operat\u00f6r komutlar\u0131na h\u0131zl\u0131 yan\u0131t verir ve a\u011f\u0131r ve karma\u015f\u0131k i\u015flerin \u00fcstesinden gelmek i\u00e7in gerekli olan g\u00fc\u00e7l\u00fc itme ve \u00e7ekme kuvvetleri sa\u011flar.<\/p>\n<\/li>\n<li>\n<h3>\u00c7e\u015fitli T\u00fcrler Mevcuttur<\/h3>\n<p>M\u00fc\u015fteriler, \u00e7al\u0131\u015fma ihtiya\u00e7lar\u0131na g\u00f6re tek y\u00f6nl\u00fc (tek y\u00f6nde \u00e7al\u0131\u015fan) veya \u00e7ift y\u00f6nl\u00fc (iki y\u00f6nde \u00e7al\u0131\u015fan) silindirler aras\u0131ndan se\u00e7im yapabilirler. Baz\u0131 modeller teleskopiktir ve d\u0131\u015f boyutlar\u0131 art\u0131rmadan daha fazla uzatmaya olanak tan\u0131r; bu da s\u0131n\u0131rl\u0131 alana sahip uygulamalar i\u00e7in idealdir.<\/p>\n<\/li>\n<\/ul>\n<h2>\u00dcretim Yetene\u011fi<\/h2>\n<p>Bu hidrolik silindirlerin \u00fcretiminde uzmanla\u015ft\u0131k ve \u00fcr\u00fcnlerimizin mevcut modellerin yerini m\u00fckemmel bir \u015fekilde almas\u0131n\u0131, sekt\u00f6r standartlar\u0131n\u0131 kar\u015f\u0131lamas\u0131n\u0131 veya a\u015fmas\u0131n\u0131 sa\u011fl\u0131yoruz.<\/p>\n<p><img decoding=\"async\" src=\"https:\/\/www.hydraulic-cylinders.net\/wp-content\/uploads\/2025\/04\/songte-cylinder-head-with-all-kinds-excavator-models.webp\" alt=\"Hidrolik Silindir \u00dcretimi\"><\/p>\n<h2>Bom Silindirlerinin Uygulamalar\u0131<\/h2>\n<ul>\n<li>\n<h3>\u0130n\u015faat Ekipmanlar\u0131<\/h3>\n<p>Ekskavat\u00f6rlerde, bom silindirleri topra\u011f\u0131 veya molozu kazma, y\u00fckleme ve ta\u015f\u0131ma i\u015flemlerinde hayati \u00f6neme sahiptir. Kep\u00e7enin zemine etkili bir \u015fekilde n\u00fcfuz etmesini sa\u011flayarak kazma i\u015flemini kolayla\u015ft\u0131r\u0131rlar ve bu da onlar\u0131 toprak ta\u015f\u0131ma gerektiren in\u015faat alanlar\u0131nda vazge\u00e7ilmez k\u0131lar.<\/p>\n<\/li>\n<li>\n<h3>Tar\u0131m Makinalar\u0131<\/h3>\n<p>\u00d6n y\u00fckleyiciler, toprak, saman ve di\u011fer malzemeleri kep\u00e7elemek, kald\u0131rmak ve ta\u015f\u0131mak i\u00e7in bom silindirleri kullan\u0131r. Bu silindirler, verimli malzeme ta\u015f\u0131ma olana\u011f\u0131 sa\u011flayarak tar\u0131msal i\u015flerde verimlili\u011fi art\u0131r\u0131r; bu da \u00e7iftlik faaliyetleri i\u00e7in hayati \u00f6nem ta\u015f\u0131r.<\/p>\n<\/li>\n<li>\n<h3>Ekskavat\u00f6rler<\/h3>\n<p>Ekskavat\u00f6rlerde, bom silindiri kep\u00e7enin topra\u011fa n\u00fcfuz etmesini sa\u011flayarak kaz\u0131 i\u015flemini kolayla\u015ft\u0131r\u0131r. Bu i\u015flev, saha haz\u0131rl\u0131\u011f\u0131, hendek a\u00e7ma ve temel \u00e7al\u0131\u015fmalar\u0131 i\u00e7in \u00e7ok \u00f6nemlidir ve ekskavat\u00f6rleri in\u015faatta \u00e7ok y\u00f6nl\u00fc ara\u00e7lar haline getirir.<\/p>\n<\/li>\n<li>\n<h3>Y\u00fckleyiciler<\/h3>\n<p>\u00d6n y\u00fckleyicilerde, bom silindirleri y\u00fcklerin etkili bir \u015fekilde kald\u0131r\u0131lmas\u0131na ve bo\u015falt\u0131lmas\u0131na yard\u0131mc\u0131 olur. Bu uygulama, in\u015faat ve peyzaj projelerinde malzeme ta\u015f\u0131ma, tesviye ve \u00e7e\u015fitli kald\u0131rma i\u015fleri gibi g\u00f6revler i\u00e7in \u00e7ok \u00f6nemlidir.<\/p>\n<\/li>\n<\/ul>\n<h2>Tasar\u0131m Hususlar\u0131 ve Se\u00e7im Kriterleri<\/h2>\n<ul>\n<li>\n<h3>Y\u00fck Kapasitesi<\/h3>\n<p>Bom silindirinin y\u00fck ta\u015f\u0131ma kapasitesi, gerekli a\u011f\u0131rl\u0131\u011f\u0131 kald\u0131rabilmesini sa\u011flamak i\u00e7in kritik bir fakt\u00f6rd\u00fcr. Sadece operasyonel gereksinimleri kar\u015f\u0131lamakla kalmay\u0131p, ar\u0131zay\u0131 \u00f6nlemek i\u00e7in bir g\u00fcvenlik pay\u0131 da sa\u011flayan bir silindir se\u00e7mek \u00e7ok \u00f6nemlidir.<\/p>\n<\/li>\n<li>\n<h3>S\u0131zd\u0131rmazl\u0131k<\/h3>\n<p>Etkin s\u0131zd\u0131rmazl\u0131k, s\u0131v\u0131 s\u0131z\u0131nt\u0131lar\u0131n\u0131 \u00f6nlemek ve bas\u0131nc\u0131 korumak i\u00e7in hayati \u00f6neme sahiptir. Y\u00fcksek kaliteli contalar, hidrolik silindirin performans\u0131n\u0131 ve \u00f6mr\u00fcn\u00fc art\u0131rarak bak\u0131m maliyetlerini ve ar\u0131za s\u00fcrelerini azalt\u0131r.<\/p>\n<\/li>\n<li>\n<h3>Dayan\u0131kl\u0131l\u0131k<\/h3>\n<p>Bom silindirlerinin uzun \u00f6m\u00fcrl\u00fc olmas\u0131 i\u00e7in dayan\u0131kl\u0131l\u0131k \u015fartt\u0131r. A\u015f\u0131r\u0131 s\u0131cakl\u0131klara, neme ve yo\u011fun kullan\u0131ma maruz kalma gibi zorlu ortamlara dayanmalar\u0131 gerekir. A\u015f\u0131nmaya ve korozyona kar\u015f\u0131 y\u00fcksek diren\u00e7li malzemelerin se\u00e7imi \u00e7ok \u00f6nemlidir.<\/p>\n<\/li>\n<li>\n<h3>G\u00fcvenlik \u00d6zellikleri<\/h3>\n<p>Kazalar\u0131n \u00f6nlenmesi i\u00e7in g\u00fcvenlik \u00f6zelliklerinin entegre edilmesi \u00e7ok \u00f6nemlidir. Bu \u00f6zellikler aras\u0131nda, de\u011fi\u015fen y\u00fckler alt\u0131nda g\u00fcvenli \u00e7al\u0131\u015fmay\u0131 sa\u011flayan bas\u0131n\u00e7 tahliye vanalar\u0131 ve a\u015f\u0131r\u0131 y\u00fck koruma sistemleri yer al\u0131r.<\/p>\n<\/li>\n<li>\n<h3>Bak\u0131m Eri\u015filebilirli\u011fi<\/h3>\n<p>Silindirlerin kolay bak\u0131m i\u00e7in tasarlanmas\u0131, kullan\u0131m \u00f6mr\u00fcn\u00fc uzat\u0131r. \u00c7\u0131kar\u0131labilir u\u00e7 kapaklar\u0131 ve eri\u015filebilir ya\u011flama noktalar\u0131 gibi \u00f6zellikler, bak\u0131m i\u015flemlerini kolayla\u015ft\u0131rarak ar\u0131za s\u00fcrelerini azalt\u0131r.<\/p>\n<\/li>\n<\/ul>\n<p><img decoding=\"async\" src=\"https:\/\/www.hydraulic-cylinders.net\/wp-content\/uploads\/2025\/04\/songte-oil-pipes-and-spare-parts.webp\" alt=\"Hidrolik Silindir Bile\u015fenleri\"><\/p>\n<h2>S\u0131zd\u0131rmazl\u0131k ve Ya\u011flama<\/h2>\n<p>Bom silindirlerinin verimli \u00e7al\u0131\u015fmas\u0131 i\u00e7in uygun s\u0131zd\u0131rmazl\u0131k ve ya\u011flama hayati \u00f6nem ta\u015f\u0131r. Piston contalar\u0131 ve mil contalar\u0131 gibi \u00e7e\u015fitli contalar, bas\u0131nc\u0131 korumak ve s\u0131z\u0131nt\u0131lar\u0131 \u00f6nlemek i\u00e7in gereklidir. Poli\u00fcretan ve nitril kau\u00e7uk gibi dayan\u0131kl\u0131 malzemelerden yap\u0131lan contalar, a\u015f\u0131nmaya kar\u015f\u0131 diren\u00e7 sa\u011flar. Silindir g\u00f6vdesi ve di\u015fli u\u00e7 y\u00fczeyleri, a\u015f\u0131nma direncini art\u0131rmak i\u00e7in hassas i\u015fleme tabi tutulur. Optimum performans\u0131 korumak ve a\u015f\u0131r\u0131 \u0131s\u0131nmay\u0131 \u00f6nlemek i\u00e7in uygun hidrolik ya\u011f\u0131n d\u00fczenli olarak eklenmesi gereklidir.<\/p>\n<h2>\u00d6nleyici Bak\u0131m \u00d6nlemleri<\/h2>\n<ul>\n<li>\n<h3>D\u00fczenli Denetimler<\/h3>\n<p>D\u00fczenli kontroller yapmak, a\u015f\u0131nmay\u0131 ve potansiyel sorunlar\u0131 ciddi hale gelmeden \u00f6nce belirlemeye yard\u0131mc\u0131 olarak, s\u00fcrekli \u00e7al\u0131\u015fma ve g\u00fcvenli\u011fi sa\u011flar.<\/p>\n<\/li>\n<li>\n<h3>Uygun Ya\u011flama<\/h3>\n<p>Hidrolik bile\u015fenlerin \u00f6mr\u00fcn\u00fc uzatmak ve s\u00fcrt\u00fcnmeyi ve a\u015f\u0131nmay\u0131 \u00f6nlemek i\u00e7in uygun ya\u011flama seviyelerinin korunmas\u0131 \u00e7ok \u00f6nemlidir.<\/p>\n<\/li>\n<li>\n<h3>Conta De\u011fi\u015fimi<\/h3>\n<p>Contalar\u0131n d\u00fczenli olarak de\u011fi\u015ftirilmesi s\u0131z\u0131nt\u0131lar\u0131 \u00f6nler ve hidrolik bas\u0131nc\u0131 koruyarak optimum performans ve g\u00fcvenli\u011fi sa\u011flar.<\/p>\n<\/li>\n<\/ul>\n<h2>Kurulum Talimatlar\u0131<\/h2>\n<p>Bom silindirlerinin do\u011fru montaj\u0131, etkili \u00e7al\u0131\u015fmalar\u0131 i\u00e7in \u00e7ok \u00f6nemlidir. \u00d6ncelikle t\u00fcm bile\u015fenlerin temiz ve kal\u0131nt\u0131lardan ar\u0131nd\u0131r\u0131lm\u0131\u015f oldu\u011fundan emin olun. Silindiri montaj noktalar\u0131yla do\u011fru bir \u015fekilde hizalay\u0131n ve yerine sabitlemek i\u00e7in uygun montaj braketlerini kullan\u0131n. Hidrolik ba\u011flant\u0131lara dikkat edin, s\u0131k\u0131 ve s\u0131z\u0131nt\u0131s\u0131z olduklar\u0131ndan emin olun. Montaj tamamland\u0131ktan sonra, makineyi \u00e7al\u0131\u015ft\u0131rmadan \u00f6nce t\u00fcm sistemde herhangi bir s\u0131z\u0131nt\u0131 olup olmad\u0131\u011f\u0131n\u0131 kontrol edin ve yeterli hidrolik s\u0131v\u0131 oldu\u011fundan emin olun. A\u015f\u0131r\u0131 s\u0131kmay\u0131 \u00f6nlemek i\u00e7in tork ayarlar\u0131 konusunda \u00fcreticinin spesifikasyonlar\u0131na uyun.<\/p>\n<h2>Yayg\u0131n Bak\u0131m G\u00f6revleri<\/h2>\n<ul>\n<li>\n<h3>D\u00fczenli Denetimler<\/h3>\n<p>S\u0131k kontroller, a\u015f\u0131nma veya hasar\u0131n erken belirtilerini tespit etmek i\u00e7in \u00e7ok \u00f6nemlidir. Contalar\u0131n, hortumlar\u0131n ve ba\u011flant\u0131lar\u0131n durumunun izlenmesi, maliyetli onar\u0131mlar\u0131 \u00f6nlemeye ve ekipman\u0131n genel \u00f6mr\u00fcn\u00fc uzatmaya yard\u0131mc\u0131 olur.<\/p>\n<\/li>\n<li>\n<h3>Uygun Ya\u011flama<\/h3>\n<p>Hareketli par\u00e7alardaki s\u00fcrt\u00fcnmeyi ve a\u015f\u0131nmay\u0131 azaltmak i\u00e7in uygun ya\u011flama hayati \u00f6nem ta\u015f\u0131r. T\u00fcm ya\u011flama noktalar\u0131na eri\u015filebildi\u011finden emin olun ve sorunsuz \u00e7al\u0131\u015fmay\u0131 sa\u011flamak i\u00e7in \u00f6nerilen hidrolik ya\u011f\u0131 kullan\u0131n.<\/p>\n<\/li>\n<li>\n<h3>Conta De\u011fi\u015fimi<\/h3>\n<p>S\u0131z\u0131nt\u0131lar\u0131 \u00f6nlemek ve hidrolik verimlili\u011fi korumak i\u00e7in d\u00fczenli olarak conta de\u011fi\u015fimi gereklidir. Optimum performans sa\u011flamak i\u00e7in a\u015f\u0131nm\u0131\u015f contalar\u0131 kontrol etme ve de\u011fi\u015ftirme konusunda d\u00fczenli bir program olu\u015fturun.<\/p>\n<\/li>\n<\/ul>\n<p><img decoding=\"async\" src=\"https:\/\/www.hydraulic-cylinders.net\/wp-content\/uploads\/2025\/04\/songte-chushion-collar.webp\" alt=\"Bom Silindir Yast\u0131k Yakas\u0131\"><\/p>\n<h2>G\u00fcvenlik Hususlar\u0131 ve \u00c7evresel Fakt\u00f6rler<\/h2>\n<p>Bom silindirleri kullan\u0131l\u0131rken, i\u015f yerinde kazalar\u0131 \u00f6nlemek i\u00e7in g\u00fcvenlik \u00f6nlemlerine uyulmas\u0131 \u00e7ok \u00f6nemlidir. Operat\u00f6rler, hidrolik sistemlerle donat\u0131lm\u0131\u015f makinelerin do\u011fru kullan\u0131m\u0131 ve i\u015fletimi konusunda e\u011fitilmelidir. Ayr\u0131ca, t\u00fcm bile\u015fenlerin do\u011fru ve g\u00fcvenli bir \u015fekilde \u00e7al\u0131\u015ft\u0131\u011f\u0131ndan emin olmak i\u00e7in d\u00fczenli bak\u0131m kontrolleri \u015fartt\u0131r. \u00c7evresel hususlar g\u00f6z ard\u0131 edilmemelidir, \u00e7\u00fcnk\u00fc hidrolik s\u0131v\u0131lar\u0131n ve a\u015f\u0131nm\u0131\u015f bile\u015fenlerin uygun \u015fekilde bertaraf edilmesi, ekolojik etkileri en aza indirmek i\u00e7in hayati \u00f6nem ta\u015f\u0131r.<\/p>\n<h2>Ar\u0131za Te\u015fhisi ve Yayg\u0131n Sorunlar<\/h2>\n<ul>\n<li>\n<h3>S\u0131z\u0131nt\u0131<\/h3>\n<p>A\u015f\u0131nm\u0131\u015f contalar veya hasarl\u0131 ba\u011flant\u0131lar nedeniyle s\u0131z\u0131nt\u0131 meydana gelebilir. S\u0131v\u0131 kayb\u0131n\u0131 \u00f6nlemek i\u00e7in contalar\u0131 d\u00fczenli olarak kontrol edin ve gerekti\u011finde de\u011fi\u015ftirin.<\/p>\n<\/li>\n<li>\n<h3>Azalt\u0131lm\u0131\u015f Performans<\/h3>\n<p>Silindir yeterince tepki vermiyorsa, bu hidrolik s\u0131v\u0131 seviyesinin d\u00fc\u015f\u00fck oldu\u011funu veya sistemde hava bulundu\u011funu g\u00f6sterebilir. S\u0131v\u0131 seviyelerini kontrol edin ve hava ceplerini gidermek i\u00e7in sistemi havaland\u0131r\u0131n.<\/p>\n<\/li>\n<li>\n<h3>Garip Sesler<\/h3>\n<p>\u00c7al\u0131\u015fma s\u0131ras\u0131nda ola\u011fand\u0131\u015f\u0131 sesler, i\u00e7 hasara veya ya\u011flama eksikli\u011fine i\u015faret edebilir. Sesin kayna\u011f\u0131n\u0131 ara\u015ft\u0131r\u0131n ve gerekli onar\u0131mlar\u0131 veya ya\u011flamay\u0131 ger\u00e7ekle\u015ftirin.<\/p>\n<\/li>\n<\/ul>\n<p>Olas\u0131 sorunlar\u0131 azaltmak i\u00e7in \u00f6nleyici bak\u0131m \u00f6nlemleri uygulay\u0131n, s\u0131k s\u0131k kontrol edin ve a\u015f\u0131nm\u0131\u015f par\u00e7alar\u0131 derhal de\u011fi\u015ftirin. Bu proaktif yakla\u015f\u0131m, hidrolik sistemin g\u00fcvenilirli\u011finin korunmas\u0131na yard\u0131mc\u0131 olacakt\u0131r.<\/p>\n<p><img decoding=\"async\" src=\"https:\/\/www.hydraulic-cylinders.net\/wp-content\/uploads\/2025\/04\/songte-bushings-with-all-kinds-of-excavator-models.webp\" alt=\"Hidrolik Silindir Bur\u00e7lar\u0131\"><\/p>\n<h2>\u015eirketimiz Hakk\u0131nda<\/h2>\n<p>\u00d6nde gelen yedek hidrolik silindir \u00fcreticisi olarak, hem yerel hem de uluslararas\u0131 pazarlara hitap eden geni\u015f bir \u00fcr\u00fcn yelpazesi sunuyoruz. Kaliteye olan ba\u011fl\u0131l\u0131\u011f\u0131m\u0131z, geli\u015fmi\u015f \u00fcretim stratejilerimiz ve end\u00fcstriyel \u00fcretim y\u00f6netimimizle a\u00e7\u0131k\u00e7a g\u00f6r\u00fclmektedir. Nitelikli i\u015f g\u00fcc\u00fcm\u00fcz, geli\u015fmi\u015f dijital \u00fcretim ekipmanlar\u0131m\u0131z ve sa\u011flam bir test sistemimizle \u00fcretim platformlar\u0131m\u0131z\u0131 s\u00fcrekli olarak geli\u015ftiriyoruz. Y\u00fcksek verimlilik, hassasiyet ve kaliteye odaklanan prensiplerimiz, m\u00fc\u015fterilerimizin \u00e7e\u015fitli ihtiya\u00e7lar\u0131n\u0131 kar\u015f\u0131lamam\u0131z\u0131 sa\u011fl\u0131yor.<\/p>\n<p><img decoding=\"async\" src=\"https:\/\/www.hydraulic-cylinders.net\/wp-content\/uploads\/2025\/04\/songte-company-4.webp\" alt=\"\u015eirket Genel Bak\u0131\u015f\u0131\"><br \/>\n<img decoding=\"async\" src=\"https:\/\/www.hydraulic-cylinders.net\/wp-content\/uploads\/2025\/04\/songte-company-3.webp\" alt=\"\u015eirket Tesisleri\"><\/p>\n<p>\u015eirketimiz profesyonellik, uluslararas\u0131 sertifikalar, \u00f6zel hizmetler, son teknoloji \u00fcretim ekipmanlar\u0131 ve ola\u011fan\u00fcst\u00fc sat\u0131\u015f sonras\u0131 destek ile gurur duymaktad\u0131r. Hidrolik silindir ihtiya\u00e7lar\u0131n\u0131z i\u00e7in en iyi \u00e7\u00f6z\u00fcmleri sunmaya kendimizi adad\u0131k.<\/p>\n<p>Yazar: lyl<\/p>","protected":false},"excerpt":{"rendered":"<p>Boom Cylinder For Hengte Wheel Excavator HTL135 Introduction to Boom Cylinders The boom cylinder is a vital component in hydraulic systems, specifically designed for controlling the movements of the bucket in heavy machinery like excavators, backhoes, and front loaders. This hydraulic cylinder allows the bucket to lift, lower, and tilt, facilitating the efficient handling of [&hellip;]<\/p>","protected":false},"featured_media":17872,"comment_status":"open","ping_status":"closed","template":"","meta":{"_et_pb_use_builder":"","_et_pb_old_content":"","_et_gb_content_width":""},"product_brand":[],"product_cat":[1546],"product_tag":[1547,1496],"class_list":{"0":"post-19714","1":"product","2":"type-product","3":"status-publish","4":"has-post-thumbnail","6":"product_cat-boom-cylinders","7":"product_tag-boom-cylinders","8":"product_tag-hydraulic-cylinders","10":"first","11":"instock","12":"shipping-taxable","13":"product-type-simple"},"amp_enabled":true,"_links":{"self":[{"href":"https:\/\/www.hydraulic-cylinders.net\/tr\/wp-json\/wp\/v2\/product\/19714","targetHints":{"allow":["GET"]}}],"collection":[{"href":"https:\/\/www.hydraulic-cylinders.net\/tr\/wp-json\/wp\/v2\/product"}],"about":[{"href":"https:\/\/www.hydraulic-cylinders.net\/tr\/wp-json\/wp\/v2\/types\/product"}],"replies":[{"embeddable":true,"href":"https:\/\/www.hydraulic-cylinders.net\/tr\/wp-json\/wp\/v2\/comments?post=19714"}],"wp:featuredmedia":[{"embeddable":true,"href":"https:\/\/www.hydraulic-cylinders.net\/tr\/wp-json\/wp\/v2\/media\/17872"}],"wp:attachment":[{"href":"https:\/\/www.hydraulic-cylinders.net\/tr\/wp-json\/wp\/v2\/media?parent=19714"}],"wp:term":[{"taxonomy":"product_brand","embeddable":true,"href":"https:\/\/www.hydraulic-cylinders.net\/tr\/wp-json\/wp\/v2\/product_brand?post=19714"},{"taxonomy":"product_cat","embeddable":true,"href":"https:\/\/www.hydraulic-cylinders.net\/tr\/wp-json\/wp\/v2\/product_cat?post=19714"},{"taxonomy":"product_tag","embeddable":true,"href":"https:\/\/www.hydraulic-cylinders.net\/tr\/wp-json\/wp\/v2\/product_tag?post=19714"}],"curies":[{"name":"wp","href":"https:\/\/api.w.org\/{rel}","templated":true}]}}