{"id":19715,"date":"2025-04-07T07:03:27","date_gmt":"2025-04-07T07:03:27","guid":{"rendered":"https:\/\/www.hydraulic-cylinders.net\/product\/boom-cylinder-for-hengte-wheel-excavator-htl150-8\/"},"modified":"2025-04-07T07:03:30","modified_gmt":"2025-04-07T07:03:30","slug":"boom-cylinder-for-hengte-wheel-excavator-htl150-8","status":"publish","type":"product","link":"https:\/\/www.hydraulic-cylinders.net\/tr\/urun\/boom-cylinder-for-hengte-wheel-excavator-htl150-8\/","title":{"rendered":"Hengte Tekerlekli Ekskavat\u00f6r HTL150-8 i\u00e7in Bom Silindiri"},"content":{"rendered":"<h1>Hengte Tekerlekli Ekskavat\u00f6r HTL150-8 i\u00e7in Bom Silindiri<\/h1>\n<h2>Bom Silindirine Giri\u015f<\/h2>\n<p>Hengte HTL150-8 tekerlekli ekskavat\u00f6r i\u00e7in bom silindiri, a\u011f\u0131r makinelerde bomun hareketini kontrol etmek i\u00e7in tasarlanm\u0131\u015f \u00f6nemli bir hidrolik bile\u015fendir. \u00d6zellikle ekskavat\u00f6rler, kaz\u0131c\u0131 y\u00fckleyiciler ve \u00f6n y\u00fckleyiciler i\u00e7in tasarlanan bu hidrolik silindir, kep\u00e7enin kald\u0131r\u0131lmas\u0131n\u0131, indirilmesini ve e\u011filmesini kolayla\u015ft\u0131r\u0131r. Bu mekanizma, verimli malzeme ta\u015f\u0131ma g\u00f6revleri i\u00e7in gereklidir ve in\u015faat ve tar\u0131m makinelerinin genel performans\u0131n\u0131 art\u0131r\u0131r.<\/p>\n<p><img decoding=\"async\" src=\"https:\/\/www.hydraulic-cylinders.net\/wp-content\/uploads\/2025\/04\/songte-company-1.webp\" alt=\"Hidrolik Silindir\"><\/p>\n<h2>Bom Silindirinin \u00d6zellikleri<\/h2>\n<ul>\n<li><strong>Y\u00fcksek Dayan\u0131kl\u0131l\u0131k ve Dayan\u0131kl\u0131l\u0131k:<\/strong> Y\u00fcksek mukavemetli \u00e7elik veya al\u00fcminyumdan \u00fcretilmi\u015f olup, y\u00fcksek bas\u0131nca ve a\u011f\u0131r y\u00fcklere dayanacak \u015fekilde tasarlanm\u0131\u015f, ayn\u0131 zamanda a\u015f\u0131nmaya ve korozyona kar\u015f\u0131 diren\u00e7lidir.<\/li>\n<li><strong>Verimli Hidrolik \u00c7al\u0131\u015fma:<\/strong> Hidrolik ya\u011f bas\u0131nc\u0131n\u0131 kullanarak d\u00fczg\u00fcn uzatma ve geri \u00e7ekme hareketi sa\u011flar, kontrol komutlar\u0131na h\u0131zl\u0131 yan\u0131t verir ve a\u011f\u0131r ve karma\u015f\u0131k i\u015fler i\u00e7in g\u00fc\u00e7l\u00fc itme-\u00e7ekme kuvveti sunar.<\/li>\n<li><strong>T\u00fcr \u00c7e\u015fitlili\u011fi:<\/strong> Se\u00e7enekler aras\u0131nda tek etkili (hidrolik kuvveti tek y\u00f6nde kullanan) veya \u00e7ift etkili (hidrolik kuvveti her iki y\u00f6nde kullanan) modeller bulunur; baz\u0131 modellerde ise d\u0131\u015f boyutlar\u0131 art\u0131rmadan daha fazla uzama sa\u011flamak i\u00e7in teleskopik tasar\u0131mlar mevcuttur.<\/li>\n<li><strong>\u00d6zel \u00dcretim:<\/strong> \u00dcr\u00fcnlerimiz, mevcut hidrolik silindirlerin yerini m\u00fckemmel bir \u015fekilde alarak uyumluluk ve g\u00fcvenilirlik sa\u011flar.<\/li>\n<li><strong>\u00c7ok Y\u00f6nl\u00fc Uygulamalar:<\/strong> \u00c7e\u015fitli sekt\u00f6rlerdeki a\u011f\u0131r makineler i\u00e7in uygundur.<\/li>\n<\/ul>\n<p><img decoding=\"async\" src=\"https:\/\/www.hydraulic-cylinders.net\/wp-content\/uploads\/2025\/04\/songte-cylinder-head-with-all-kinds-excavator-models.webp\" alt=\"Ekskavat\u00f6r Silindir Modelleri\"><\/p>\n<h2>Bom Silindirinin Uygulamalar\u0131<\/h2>\n<h3>\u0130n\u015faat Ekipmanlar\u0131<\/h3>\n<p>Ekskavat\u00f6rlerde, bom silindirleri toprak veya moloz kazma, y\u00fckleme ve ta\u015f\u0131ma i\u015flemlerinde hayati \u00f6neme sahiptir. Kep\u00e7enin zemine verimli bir \u015fekilde n\u00fcfuz etmesini sa\u011flayarak etkili kaz\u0131 i\u015flemlerini garanti ederler. Kaz\u0131c\u0131 y\u00fckleyicilerde ise bom silindiri sadece kazmaya de\u011fil, a\u011f\u0131r y\u00fckleri kald\u0131rmaya da yard\u0131mc\u0131 olarak \u015fantiyelerde vazge\u00e7ilmez bir bile\u015fen haline gelir.<\/p>\n<h3>Tar\u0131m Makinalar\u0131<\/h3>\n<p>\u00d6n y\u00fckleyicilerde, bom silindirleri toprak, saman ve di\u011fer malzemeleri kep\u00e7elemek, kald\u0131rmak ve ta\u015f\u0131mak i\u00e7in kullan\u0131l\u0131r. G\u00fc\u00e7l\u00fc hidrolik \u00e7al\u0131\u015fma prensibi, \u00e7ift\u00e7ilerin b\u00fcy\u00fck miktarlarda malzemeyi h\u0131zl\u0131 ve verimli bir \u015fekilde ta\u015f\u0131mas\u0131na olanak tan\u0131yarak tar\u0131msal faaliyetlerde verimlili\u011fi art\u0131r\u0131r.<\/p>\n<h3>Kaz\u0131 Operasyonlar\u0131<\/h3>\n<p>Kaz\u0131 makinelerinde, bom silindiri kep\u00e7enin topra\u011fa etkili bir \u015fekilde kazmas\u0131n\u0131 sa\u011flar. Hidrolik kontrol, \u00f6zellikle hendek kazma ve temel kazma gibi hassasiyet ve dikkat gerektiren i\u015fler i\u00e7in hayati \u00f6nem ta\u015f\u0131yan hassas hareketlere olanak tan\u0131r.<\/p>\n<h3>Y\u00fckleyici Uygulamalar\u0131<\/h3>\n<p>\u00d6n y\u00fckleyicilerde, bom silindirleri \u00e7ak\u0131l veya toprak gibi y\u00fcklerin kald\u0131r\u0131lmas\u0131n\u0131 ve bo\u015falt\u0131lmas\u0131n\u0131 kolayla\u015ft\u0131r\u0131r. Bu i\u015flev, d\u00f6kme malzemelerin h\u0131zl\u0131 ve verimli bir \u015fekilde ta\u015f\u0131nmas\u0131 gereken in\u015faat ve peyzaj i\u015fleri i\u00e7in \u00e7ok \u00f6nemlidir.<\/p>\n<h2>Tasar\u0131m Hususlar\u0131 ve Se\u00e7im Kriterleri<\/h2>\n<h3>Y\u00fck Kapasitesi<\/h3>\n<p>Bom silindirinin y\u00fck ta\u015f\u0131ma kapasitesinin belirlenmesi kritik \u00f6neme sahiptir, \u00e7\u00fcnk\u00fc \u00fczerine binen operasyonel taleplere dayanmas\u0131 gerekir. \u0130yi tasarlanm\u0131\u015f bir silindir, yap\u0131sal b\u00fct\u00fcnl\u00fc\u011f\u00fcnden \u00f6d\u00fcn vermeden en y\u00fcksek y\u00fckleri kald\u0131rabilmesini sa\u011flayarak, \u00f6nemli ar\u0131za s\u00fcrelerine ve onar\u0131m maliyetlerine yol a\u00e7abilecek ar\u0131zalar\u0131 \u00f6nler.<\/p>\n<h3>S\u0131zd\u0131rmazl\u0131k ve Dayan\u0131kl\u0131l\u0131k<\/h3>\n<p>Etkili s\u0131zd\u0131rmazl\u0131k, hidrolik bas\u0131nc\u0131n korunmas\u0131 ve s\u0131z\u0131nt\u0131lar\u0131n \u00f6nlenmesi i\u00e7in hayati \u00f6neme sahiptir. Poli\u00fcretan veya nitril kau\u00e7uk gibi dayan\u0131kl\u0131 malzemelerden \u00fcretilen y\u00fcksek kaliteli contalar, a\u015f\u0131nmay\u0131 en aza indirerek ve \u00e7e\u015fitli ortamlarda g\u00fcvenilir \u00e7al\u0131\u015fma sa\u011flayarak silindirin \u00f6mr\u00fcn\u00fc uzat\u0131r.<\/p>\n<h3>G\u00fcvenlik \u00d6zellikleri<\/h3>\n<p>Hidrolik silindirlerin tasar\u0131m\u0131nda g\u00fcvenlik her \u015feyden \u00f6nemlidir. Bas\u0131n\u00e7 tahliye vanalar\u0131 ve dayan\u0131kl\u0131 malzemeler gibi \u00f6zelliklerin entegre edilmesi, hidrolik ar\u0131zalarla ili\u015fkili riskleri azaltmaya yard\u0131mc\u0131 olarak, \u00e7al\u0131\u015fma s\u0131ras\u0131nda hem operat\u00f6rleri hem de ekipman\u0131 korur.<\/p>\n<h3>Bak\u0131m kolayl\u0131\u011f\u0131<\/h3>\n<p>Bak\u0131m kolayl\u0131\u011f\u0131na y\u00f6nelik tasar\u0131m, rutin kontrollerin ve servis i\u015flemlerinin verimli bir \u015fekilde ger\u00e7ekle\u015ftirilebilmesini sa\u011flar. Ya\u011flama ve conta de\u011fi\u015fimi i\u00e7in \u00f6nemli bile\u015fenlere eri\u015fim, bom silindirinin \u00f6mr\u00fcn\u00fc ve g\u00fcvenilirli\u011fini art\u0131rarak zaman i\u00e7inde daha uygun maliyetli olmas\u0131n\u0131 sa\u011flar.<\/p>\n<p><img decoding=\"async\" src=\"https:\/\/www.hydraulic-cylinders.net\/wp-content\/uploads\/2025\/04\/songte-oil-pipes-and-spare-parts.webp\" alt=\"Hidrolik Par\u00e7alar\"><\/p>\n<h2>S\u0131zd\u0131rmazl\u0131k ve Ya\u011flama<\/h2>\n<p>Bir bom silindirinin performans\u0131, s\u0131zd\u0131rmazl\u0131k ve ya\u011flama sistemlerinin kalitesine b\u00fcy\u00fck \u00f6l\u00e7\u00fcde ba\u011fl\u0131d\u0131r. Piston contalar\u0131 ve mil contalar\u0131 da dahil olmak \u00fczere \u00e7e\u015fitli contalar, hidrolik bas\u0131nc\u0131n korunmas\u0131 i\u00e7in kritik \u00f6neme sahiptir. A\u015f\u0131nmaya dayan\u0131kl\u0131 malzemelerden yap\u0131lm\u0131\u015f contalar, s\u0131v\u0131 s\u0131z\u0131nt\u0131lar\u0131n\u0131 \u00f6nler ve hidrolik sistemin etkin \u00e7al\u0131\u015fmas\u0131n\u0131 sa\u011flar.<\/p>\n<p>Ayr\u0131ca, silindir g\u00f6vdesi ve di\u015fli u\u00e7lar\u0131, a\u015f\u0131nmaya kar\u015f\u0131 dayan\u0131kl\u0131l\u0131\u011f\u0131 art\u0131rmak i\u00e7in genellikle hassas bir \u015fekilde i\u015flenmi\u015ftir. S\u00fcrt\u00fcnmeyi ve a\u015f\u0131nmay\u0131 en aza indirmek ve b\u00f6ylece silindirin \u00f6mr\u00fcn\u00fc uzatmak i\u00e7in uygun hidrolik ya\u011f ile d\u00fczenli ya\u011flama \u015fartt\u0131r.<\/p>\n<h2>Rutin Bak\u0131m \u00d6nlemleri<\/h2>\n<ul>\n<li><strong>D\u00fczenli Denetimler:<\/strong> Hidrolik sistemin d\u00fczenli g\u00f6rsel kontrollerinin yap\u0131lmas\u0131, s\u0131z\u0131nt\u0131lar veya a\u015f\u0131nma belirtileri gibi potansiyel sorunlar\u0131n b\u00fcy\u00fcmeden \u00f6nce tespit edilmesini sa\u011flayabilir.<\/li>\n<li><strong>Uygun Ya\u011flama:<\/strong> T\u00fcm hareketli par\u00e7alar\u0131n uygun \u015fekilde ya\u011flanmas\u0131, a\u015f\u0131nmay\u0131 en aza indirir ve silindirin kullan\u0131m \u00f6mr\u00fcn\u00fc uzat\u0131r.<\/li>\n<li><strong>Conta De\u011fi\u015fimi:<\/strong> Contalar\u0131n durumunu d\u00fczenli olarak kontrol etmek ve gerekti\u011finde de\u011fi\u015ftirmek, s\u0131z\u0131nt\u0131lar\u0131 \u00f6nler ve hidrolik bas\u0131nc\u0131 korur.<\/li>\n<\/ul>\n<h2>Kurulum Talimatlar\u0131<\/h2>\n<p>Installing a boom cylinder correctly is crucial for its performance and longevity. Begin by ensuring that all components are clean and free from debris. Align the cylinder properly to avoid undue stress on the mounting points. Utilize appropriate mounting brackets to secure the cylinder in place, ensuring it is positioned correctly regarding the machine&#8217;s operational requirements.<\/p>\n<p>Tork ayarlar\u0131 i\u00e7in \u00fcreticinin spesifikasyonlar\u0131na uyun ve s\u0131z\u0131nt\u0131lar\u0131 \u00f6nlemek i\u00e7in t\u00fcm hidrolik ba\u011flant\u0131lar\u0131n sa\u011flam oldu\u011fundan emin olun. Kurulumdan sonra, s\u0131z\u0131nt\u0131 olup olmad\u0131\u011f\u0131n\u0131 test etmek ve \u00e7e\u015fitli hareket aral\u0131klar\u0131nda sorunsuz \u00e7al\u0131\u015fmas\u0131n\u0131 sa\u011flamak da dahil olmak \u00fczere hidrolik sistemi kapsaml\u0131 bir \u015fekilde kontrol edin.<\/p>\n<h2>Yayg\u0131n Bak\u0131m G\u00f6revleri<\/h2>\n<h3>D\u00fczenli Kontroller<\/h3>\n<p>Hidrolik sistemde d\u00fczenli kontroller yapmak, sorunlar\u0131 erken tespit etmeye yard\u0131mc\u0131 olur. S\u0131z\u0131nt\u0131 belirtileri, ola\u011fand\u0131\u015f\u0131 sesler veya performans d\u00fc\u015f\u00fc\u015f\u00fc olup olmad\u0131\u011f\u0131n\u0131 kontrol edin ve kapsaml\u0131 hasar\u0131 \u00f6nlemek i\u00e7in bu sorunlar\u0131 derhal giderin.<\/p>\n<h3>Uygun Ya\u011flama<\/h3>\n<p>Hidrolik silindirin d\u00fczenli olarak ya\u011flanmas\u0131, sorunsuz \u00e7al\u0131\u015fmas\u0131n\u0131 sa\u011flamak i\u00e7in \u00e7ok \u00f6nemlidir. \u00d6nerilen hidrolik s\u0131v\u0131y\u0131 kullan\u0131n ve ya\u011flama noktalar\u0131na kolayca eri\u015filebildi\u011finden emin olun.<\/p>\n<h3>Conta De\u011fi\u015fimi ve Kalibrasyon Kontrolleri<\/h3>\n<p>Hidrolik bas\u0131nc\u0131 korumak ve s\u0131z\u0131nt\u0131lar\u0131 \u00f6nlemek i\u00e7in d\u00fczenli olarak conta de\u011fi\u015fimi gereklidir. Contalar\u0131n \u00e7al\u0131\u015fma ko\u015fullar\u0131na dayanacak y\u00fcksek kaliteli malzemelerden yap\u0131ld\u0131\u011f\u0131ndan emin olun ve silindirin belirtilen parametreler dahilinde \u00e7al\u0131\u015ft\u0131\u011f\u0131ndan emin olmak i\u00e7in kalibrasyon kontrolleri yap\u0131n.<\/p>\n<p><img decoding=\"async\" src=\"https:\/\/www.hydraulic-cylinders.net\/wp-content\/uploads\/2025\/04\/songte-chushion-collar.webp\" alt=\"Yast\u0131k Yaka\"><\/p>\n<h2>G\u00fcvenlik Hususlar\u0131 ve \u00c7evresel Fakt\u00f6rler<\/h2>\n<p>Hidrolik silindirler kullan\u0131l\u0131rken, kazalar\u0131 ve yaralanmalar\u0131 \u00f6nlemek i\u00e7in g\u00fcvenlik \u00f6nlemlerine uyulmas\u0131 son derece \u00f6nemlidir. Operat\u00f6rler hidrolik ekipman\u0131n g\u00fcvenli kullan\u0131m\u0131 konusunda e\u011fitilmeli ve uygun ki\u015fisel koruyucu ekipman (KKD) giyilmelidir. Ayr\u0131ca, s\u0131cakl\u0131k ve nem gibi \u00e7evresel fakt\u00f6rler hidrolik s\u0131v\u0131n\u0131n performans\u0131n\u0131 etkileyebilir; bu nedenle, optimum \u00e7al\u0131\u015fma verimlili\u011fini korumak i\u00e7in bu ko\u015fullar\u0131n izlenmesi \u015fartt\u0131r.<\/p>\n<h2>Sorun Giderme ve Yayg\u0131n Sorunlar<\/h2>\n<ul>\n<li><strong>Bas\u0131n\u00e7 Kayb\u0131:<\/strong> Bu durum, contalarda veya ba\u011flant\u0131 noktalar\u0131nda s\u0131z\u0131nt\u0131lardan kaynaklanabilir. Bas\u0131nc\u0131 eski haline getirmek i\u00e7in a\u015f\u0131nm\u0131\u015f contalar\u0131 kontrol edin ve de\u011fi\u015ftirin.<\/li>\n<li><strong>Yava\u015f veya Tutarl\u0131 Olmayan Hareket:<\/strong> Bu durum, hidrolik s\u0131v\u0131 seviyesinin d\u00fc\u015f\u00fck oldu\u011funu veya pompada sorun oldu\u011funu g\u00f6sterebilir. S\u0131v\u0131 seviyelerini kontrol edin ve hidrolik pompan\u0131n d\u00fczg\u00fcn \u00e7al\u0131\u015ft\u0131\u011f\u0131ndan emin olun.<\/li>\n<li><strong>Al\u0131\u015f\u0131lmad\u0131k Sesler:<\/strong> Sesler mekanik sorunlara veya ya\u011flama eksikli\u011fine i\u015faret edebilir. D\u00fczenli bak\u0131m ve ya\u011flama bu sorunlar\u0131n \u00f6nlenmesine yard\u0131mc\u0131 olabilir.<\/li>\n<\/ul>\n<h2>Sorun Giderme \u0130pu\u00e7lar\u0131<\/h2>\n<p>Etkili sorun giderme i\u00e7in, \u00f6ncelikle sorunun belirtilerini belirleyerek ba\u015flay\u0131n. A\u015f\u0131nma veya hasar belirtilerini kontrol edin, hidrolik s\u0131v\u0131 seviyelerinin yeterli oldu\u011fundan emin olun ve t\u00fcm hidrolik sistemi s\u0131z\u0131nt\u0131 a\u00e7\u0131s\u0131ndan inceleyin. D\u00fczenli bak\u0131m uygulamalar\u0131 bir\u00e7ok yayg\u0131n sorunu \u00f6nleyebilir, bu nedenle silindir bak\u0131m\u0131na proaktif bir yakla\u015f\u0131m sergileyin.<\/p>\n<p><img decoding=\"async\" src=\"https:\/\/www.hydraulic-cylinders.net\/wp-content\/uploads\/2025\/04\/songte-bushings-with-all-kinds-of-excavator-models.webp\" alt=\"Ekskavat\u00f6r Bur\u00e7lar\u0131\"><\/p>\n<h2>\u015eirketimiz Hakk\u0131nda<\/h2>\n<p>\u00d6nde gelen yedek hidrolik silindir \u00fcreticisiyiz ve \u00e7e\u015fitli uygulamalar i\u00e7in geni\u015f bir \u00fcr\u00fcn yelpazesine sahibiz. Kaliteye olan ba\u011fl\u0131l\u0131\u011f\u0131m\u0131z, hem yerel hem de uluslararas\u0131 pazarlarda en iyi hidrolik silindir \u00fcreticilerinden ve toptanc\u0131lar\u0131ndan biri olarak tan\u0131nmam\u0131z\u0131 sa\u011flamaktad\u0131r.<\/p>\n<p>M\u00fckemmelli\u011fe olan ba\u011fl\u0131l\u0131\u011f\u0131m\u0131z, geli\u015fmi\u015f bir \u00fcretim y\u00f6netim stratejisi ve ileri \u00fcretim teknolojilerine verilen \u00f6nemle desteklenmektedir. Yetenekli profesyonellere, y\u00fcksek teknoloji \u00fcr\u00fcn\u00fc \u00fcretim ekipmanlar\u0131na ve sa\u011flam test sistemlerine yat\u0131r\u0131m yaparak, \u00fcretim kapasitemizi s\u00fcrekli olarak geli\u015ftiriyor ve \u00e7e\u015fitli m\u00fc\u015fteri ihtiya\u00e7lar\u0131n\u0131 kar\u015f\u0131l\u0131yoruz.<\/p>\n<p><img decoding=\"async\" src=\"https:\/\/www.hydraulic-cylinders.net\/wp-content\/uploads\/2025\/04\/songte-company-4.webp\" alt=\"\u015eirket Genel Bak\u0131\u015f\u0131\"><br \/>\n<img decoding=\"async\" src=\"https:\/\/www.hydraulic-cylinders.net\/wp-content\/uploads\/2025\/04\/songte-company-3.webp\" alt=\"\u015eirket Tesisleri\"><\/p>\n<p>Hizmetlerimiz, profesyonel uzmanl\u0131k, uluslararas\u0131 sertifikalar ve \u00f6zelle\u015ftirilmi\u015f \u00e7\u00f6z\u00fcmlerle desteklenmekte olup, m\u00fc\u015fteri memnuniyetini sa\u011flamak i\u00e7in kapsaml\u0131 sat\u0131\u015f sonras\u0131 hizmetlerle tamamlanmaktad\u0131r.<\/p>\n<p>Yazar: lyl<\/p>","protected":false},"excerpt":{"rendered":"<p>Boom Cylinder For Hengte Wheel Excavator HTL150-8 Introduction to the Boom Cylinder The Boom Cylinder for Hengte Wheel Excavator HTL150-8 is a crucial hydraulic component designed to control the motion of the boom in heavy machinery. Specifically engineered for excavators, backhoe loaders, and front loaders, this hydraulic cylinder facilitates the lifting, lowering, and tilting of [&hellip;]<\/p>","protected":false},"featured_media":17873,"comment_status":"open","ping_status":"closed","template":"","meta":{"_et_pb_use_builder":"","_et_pb_old_content":"","_et_gb_content_width":""},"product_brand":[],"product_cat":[1546],"product_tag":[1547,1496],"class_list":{"0":"post-19715","1":"product","2":"type-product","3":"status-publish","4":"has-post-thumbnail","6":"product_cat-boom-cylinders","7":"product_tag-boom-cylinders","8":"product_tag-hydraulic-cylinders","10":"first","11":"instock","12":"shipping-taxable","13":"product-type-simple"},"amp_enabled":true,"_links":{"self":[{"href":"https:\/\/www.hydraulic-cylinders.net\/tr\/wp-json\/wp\/v2\/product\/19715","targetHints":{"allow":["GET"]}}],"collection":[{"href":"https:\/\/www.hydraulic-cylinders.net\/tr\/wp-json\/wp\/v2\/product"}],"about":[{"href":"https:\/\/www.hydraulic-cylinders.net\/tr\/wp-json\/wp\/v2\/types\/product"}],"replies":[{"embeddable":true,"href":"https:\/\/www.hydraulic-cylinders.net\/tr\/wp-json\/wp\/v2\/comments?post=19715"}],"wp:featuredmedia":[{"embeddable":true,"href":"https:\/\/www.hydraulic-cylinders.net\/tr\/wp-json\/wp\/v2\/media\/17873"}],"wp:attachment":[{"href":"https:\/\/www.hydraulic-cylinders.net\/tr\/wp-json\/wp\/v2\/media?parent=19715"}],"wp:term":[{"taxonomy":"product_brand","embeddable":true,"href":"https:\/\/www.hydraulic-cylinders.net\/tr\/wp-json\/wp\/v2\/product_brand?post=19715"},{"taxonomy":"product_cat","embeddable":true,"href":"https:\/\/www.hydraulic-cylinders.net\/tr\/wp-json\/wp\/v2\/product_cat?post=19715"},{"taxonomy":"product_tag","embeddable":true,"href":"https:\/\/www.hydraulic-cylinders.net\/tr\/wp-json\/wp\/v2\/product_tag?post=19715"}],"curies":[{"name":"wp","href":"https:\/\/api.w.org\/{rel}","templated":true}]}}