{"id":19720,"date":"2025-04-07T07:03:41","date_gmt":"2025-04-07T07:03:41","guid":{"rendered":"https:\/\/www.hydraulic-cylinders.net\/product\/boom-cylinder-for-yigong-cy210\/"},"modified":"2025-04-07T07:03:43","modified_gmt":"2025-04-07T07:03:43","slug":"boom-cylinder-for-yigong-cy210","status":"publish","type":"product","link":"https:\/\/www.hydraulic-cylinders.net\/tr\/urun\/boom-cylinder-for-yigong-cy210\/","title":{"rendered":"Yigong CY210 i\u00e7in Bom Silindiri"},"content":{"rendered":"<h1>Yigong CY210 i\u00e7in Bom Silindiri<\/h1>\n<h2>Bom Silindirine Giri\u015f<\/h2>\n<p>Bom silindiri, ekskavat\u00f6rler, beko y\u00fckleyiciler ve \u00f6n y\u00fckleyiciler gibi \u00e7e\u015fitli a\u011f\u0131r makinelerde kep\u00e7elerin hareketini kontrol etmek i\u00e7in \u00f6zel olarak tasarlanm\u0131\u015f, hidrolik sistemlerde \u00e7ok \u00f6nemli bir bile\u015fendir. Bu hidrolik silindir, kep\u00e7enin kalkmas\u0131n\u0131, al\u00e7almas\u0131n\u0131 ve e\u011filmesini sa\u011flayarak verimli malzeme ta\u015f\u0131ma i\u015flemlerini kolayla\u015ft\u0131r\u0131r. Bom silindiri, y\u00fcksek bas\u0131n\u00e7lara ve a\u011f\u0131r y\u00fcklere dayanacak \u015fekilde tasarlanm\u0131\u015ft\u0131r ve zorlu uygulamalar i\u00e7in gerekli olan mukavemeti ve dayan\u0131kl\u0131l\u0131\u011f\u0131 sa\u011flar. Hidrolik sistemlerdeki rol\u00fc hayati \u00f6nem ta\u015f\u0131r, \u00e7\u00fcnk\u00fc hidrolik bas\u0131nc\u0131 mekanik harekete d\u00f6n\u00fc\u015ft\u00fcrerek operat\u00f6rlerin g\u00f6revleri hassasiyet ve kolayl\u0131kla ger\u00e7ekle\u015ftirmesine olanak tan\u0131r.<\/p>\n<p><img decoding=\"async\" src=\"https:\/\/www.hydraulic-cylinders.net\/wp-content\/uploads\/2025\/04\/songte-company-1.webp\" alt=\"Yigong CY210 i\u00e7in Bom Silindiri\"><\/p>\n<h2>Bom Silindirinin \u00d6zellikleri<\/h2>\n<ul>\n<li><strong>Y\u00fcksek Dayan\u0131kl\u0131l\u0131k ve Dayan\u0131kl\u0131l\u0131k:<\/strong> Genellikle y\u00fcksek mukavemetli \u00e7elik veya al\u00fcminyumdan \u00fcretilen bom silindiri, zorlu \u00e7al\u0131\u015fma ortamlar\u0131na uyum sa\u011flarken y\u00fcksek bas\u0131nca ve a\u011f\u0131r y\u00fcklere dayanacak \u015fekilde tasarlanm\u0131\u015ft\u0131r. A\u015f\u0131nma ve korozyon direnci de dikkate al\u0131narak tasarlanan bu silindirin kullan\u0131m \u00f6mr\u00fc uzat\u0131lm\u0131\u015ft\u0131r.<\/li>\n<li><strong>Verimli Hidrolik \u00c7al\u0131\u015fma:<\/strong> Silindir, d\u00fczg\u00fcn uzama ve geri \u00e7ekilme sa\u011flamak i\u00e7in hidrolik ya\u011f bas\u0131nc\u0131n\u0131 kullan\u0131r; bu da kontrol sinyallerine h\u0131zl\u0131 yan\u0131t vermeyi ve a\u011f\u0131r nesnelerin ve karma\u015f\u0131k g\u00f6revlerin ta\u015f\u0131nmas\u0131 i\u00e7in uygun g\u00fc\u00e7l\u00fc itme ve \u00e7ekme yetenekleri sa\u011flamay\u0131 m\u00fcmk\u00fcn k\u0131lar.<\/li>\n<li><strong>\u00c7e\u015fitli T\u00fcrler:<\/strong> Bom silindirleri, ihtiyaca g\u00f6re tek etkili (hidrolik kuvveti tek y\u00f6nde kullanan) veya \u00e7ift etkili (hidrolik kuvveti her iki y\u00f6nde kullanan) silindirler aras\u0131ndan se\u00e7ilebilir ve bu sayede \u00e7e\u015fitli \u00e7al\u0131\u015fma gereksinimlerini kar\u015f\u0131layabilirler. Baz\u0131 modeller teleskopiktir ve d\u0131\u015f boyutlar\u0131 art\u0131rmadan daha fazla uzatma imkan\u0131 sunarak, alan k\u0131s\u0131tlamal\u0131 uygulamalar i\u00e7in idealdir.<\/li>\n<li><strong>\u00d6zelle\u015ftirilebilir Tasar\u0131mlar:<\/strong> Firmam\u0131z bu \u00fcr\u00fcn\u00fc sizin gereksinimlerinize uygun \u00f6zelliklerle \u00fcretebilir. \u00dcr\u00fcnlerimiz mevcut hidrolik silindirler i\u00e7in m\u00fckemmel birer yedek par\u00e7a g\u00f6revi g\u00f6r\u00fcr.<\/li>\n<li><strong>Sa\u011flam Yap\u0131:<\/strong> Her bir bom silindiri, geli\u015fmi\u015f \u00fcretim teknikleriyle \u00fcretilmekte olup, zorlu ko\u015fullar alt\u0131nda y\u00fcksek g\u00fcvenilirlik ve performans sa\u011flamaktad\u0131r.<\/li>\n<\/ul>\n<p><img decoding=\"async\" src=\"https:\/\/www.hydraulic-cylinders.net\/wp-content\/uploads\/2025\/04\/songte-cylinder-head-with-all-kinds-excavator-models.webp\" alt=\"Ekskavat\u00f6r Modelleri i\u00e7in Silindir Kafas\u0131\"><\/p>\n<h2>Bom Silindirinin Uygulamalar\u0131<\/h2>\n<h3>\u0130n\u015faat Ekipmanlar\u0131<\/h3>\n<p>Ekskavat\u00f6rlerde, bom silindirleri toprak veya moloz kazma, y\u00fckleme ve ta\u015f\u0131ma i\u015flemlerinde kritik \u00f6neme sahiptir. Kep\u00e7eyi etkili bir \u015fekilde kald\u0131rmak ve indirmek i\u00e7in gerekli kuvveti sa\u011flayarak operat\u00f6rlerin kaz\u0131 i\u015flerini hassas bir \u015fekilde ger\u00e7ekle\u015ftirmelerini m\u00fcmk\u00fcn k\u0131larlar. Bu silindirlerin performans\u0131, in\u015faat projelerinin verimlili\u011fini ve etkinli\u011fini do\u011frudan etkiler.<\/p>\n<h3>Tar\u0131m Makinalar\u0131<\/h3>\n<p>\u00d6n y\u00fckleyicilerde kullan\u0131lan bom silindirleri, toprak, saman ve di\u011fer malzemelerin kep\u00e7elenmesi, kald\u0131r\u0131lmas\u0131 ve ta\u015f\u0131nmas\u0131na yard\u0131mc\u0131 olur. D\u00fczg\u00fcn hareket ve \u00f6nemli kald\u0131rma g\u00fcc\u00fc sa\u011flama yetenekleri, onlar\u0131 tar\u0131msal i\u015fler i\u00e7in paha bi\u00e7ilmez k\u0131lar ve malzeme y\u00fckleme ve bo\u015faltma gibi i\u015flemlerin verimlili\u011fini art\u0131r\u0131r.<\/p>\n<h3>Ekskavat\u00f6rler<\/h3>\n<p>Ekskavat\u00f6rlerde, bom silindiri kep\u00e7enin topra\u011fa n\u00fcfuz etmesini sa\u011flayarak etkili kaz\u0131 i\u015flemlerine olanak tan\u0131r. G\u00fc\u00e7l\u00fc hidrolik hareketi, operat\u00f6rlerin \u00e7e\u015fitli toprak tipleri ve ko\u015fullar\u0131yla ba\u015fa \u00e7\u0131kabilmesini sa\u011flayarak ekskavat\u00f6rlerin \u015fantiyelerdeki \u00e7ok y\u00f6nl\u00fcl\u00fc\u011f\u00fcne ve etkinli\u011fine katk\u0131da bulunur.<\/p>\n<h3>Y\u00fckleyiciler<\/h3>\n<p>\u00d6n y\u00fckleyicilerde, bom silindirleri y\u00fckleri verimli bir \u015fekilde kald\u0131rmak ve bo\u015faltmak i\u00e7in \u00e7ok \u00f6nemlidir. Malzemeleri kald\u0131rmaya ve kep\u00e7eyi e\u011ferek i\u00e7eri\u011fi do\u011fru bir \u015fekilde bo\u015faltmaya yard\u0131mc\u0131 olurlar; bu da onlar\u0131 in\u015faat ve peyzaj i\u015flerinde etkili malzeme ta\u015f\u0131ma i\u00e7in kritik hale getirir.<\/p>\n<h2>Tasar\u0131m Hususlar\u0131 ve Se\u00e7im Kriterleri<\/h2>\n<h3>Y\u00fck Kapasitesi<\/h3>\n<p>Bom silindiri se\u00e7erken, y\u00fck ta\u015f\u0131ma kapasitesini anlamak \u00e7ok \u00f6nemlidir. Bu, silindirin g\u00fcvenli bir \u015fekilde ne kadar a\u011f\u0131rl\u0131\u011f\u0131 kald\u0131rabilece\u011fini ve manip\u00fcle edebilece\u011fini belirler. Mekanik ar\u0131zay\u0131 \u00f6nlemek ve operasyonlarda g\u00fcvenli\u011fi sa\u011flamak i\u00e7in y\u00fck ta\u015f\u0131ma kapasitesi, makineye ve ger\u00e7ekle\u015ftirece\u011fi g\u00f6revlere uygun olmal\u0131d\u0131r.<\/p>\n<h3>S\u0131zd\u0131rmazl\u0131k Performans\u0131<\/h3>\n<p>Hidrolik silindirlerde s\u0131z\u0131nt\u0131lar\u0131 \u00f6nlemek ve bas\u0131nc\u0131 korumak i\u00e7in s\u0131zd\u0131rmazl\u0131k performans\u0131 hayati \u00f6nem ta\u015f\u0131r. Silindirin uzun \u00f6m\u00fcrl\u00fcl\u00fc\u011f\u00fc ve g\u00fcvenilirli\u011fi i\u00e7in y\u00fcksek kaliteli contalar \u015fartt\u0131r. Do\u011fru s\u0131zd\u0131rmazl\u0131k mekanizmalar\u0131 hidrolik s\u0131v\u0131y\u0131 i\u00e7eride tutarak i\u015flev kayb\u0131n\u0131 \u00f6nler ve de\u011fi\u015fen ko\u015fullar alt\u0131nda tutarl\u0131 performans sa\u011flar.<\/p>\n<h3>Dayan\u0131kl\u0131l\u0131k ve Uzun \u00d6m\u00fcr<\/h3>\n<p>Bom silindirleri de\u011ferlendirilirken dayan\u0131kl\u0131l\u0131k \u00f6nemli bir fakt\u00f6rd\u00fcr. A\u015f\u0131r\u0131 s\u0131cakl\u0131klar, nem ve kir de dahil olmak \u00fczere zorlu \u00e7evre ko\u015fullar\u0131na dayanmalar\u0131 gerekir. Yap\u0131m\u0131nda kullan\u0131lan malzemeler a\u015f\u0131nmaya ve korozyona kar\u015f\u0131 dayan\u0131kl\u0131 olmal\u0131, b\u00f6ylece silindir s\u0131k \u200b\u200bs\u0131k de\u011fi\u015ftirilmeden kullan\u0131m \u00f6mr\u00fc boyunca optimum performans g\u00f6stermelidir.<\/p>\n<h3>G\u00fcvenlik \u00d6zellikleri<\/h3>\n<p>Hidrolik silindirlerdeki g\u00fcvenlik \u00f6zellikleri, kazalar\u0131 \u00f6nlemek ve operat\u00f6r g\u00fcvenli\u011fini sa\u011flamak a\u00e7\u0131s\u0131ndan kritik \u00f6neme sahiptir. Bunlar aras\u0131nda bas\u0131n\u00e7 tahliye vanalar\u0131, emniyet kilitleri ve ani ar\u0131zalara veya i\u015flev bozukluklar\u0131na kar\u015f\u0131 koruma sa\u011flayan ar\u0131za emniyet mekanizmalar\u0131 yer alabilir ve zorlu ortamlarda daha g\u00fcvenli \u00e7al\u0131\u015fma imkan\u0131 sunar.<\/p>\n<h3>Bak\u0131m Eri\u015filebilirli\u011fi<\/h3>\n<p>Bom silindirlerinin bak\u0131m kolayl\u0131\u011f\u0131 g\u00f6z \u00f6n\u00fcnde bulundurularak tasarlanmas\u0131 \u00e7ok \u00f6nemlidir. D\u00fczenli kontroller, onar\u0131mlar ve ya\u011flama i\u00e7in eri\u015filebilirlik, silindirin optimum \u00e7al\u0131\u015fma ko\u015fullar\u0131nda kalmas\u0131n\u0131 sa\u011flar. Contalara ve bile\u015fenlere kolay eri\u015fim sa\u011flayan bir tasar\u0131m, \u00f6nleyici bak\u0131m\u0131 kolayla\u015ft\u0131rarak silindirin \u00f6mr\u00fcn\u00fc uzat\u0131r.<\/p>\n<p><img decoding=\"async\" src=\"https:\/\/www.hydraulic-cylinders.net\/wp-content\/uploads\/2025\/04\/songte-oil-pipes-and-spare-parts.webp\" alt=\"Petrol Borular\u0131 ve Yedek Par\u00e7alar\u0131\"><\/p>\n<h2>S\u0131zd\u0131rmazl\u0131k ve Ya\u011flama<\/h2>\n<p>Bom silindirlerinin s\u0131zd\u0131rmazl\u0131k ve ya\u011flama sistemleri, verimli \u00e7al\u0131\u015fmalar\u0131 i\u00e7in kritik \u00f6neme sahiptir. Piston contalar\u0131 ve mil contalar\u0131 gibi \u00e7e\u015fitli contalar, hidrolik bas\u0131nc\u0131n korunmas\u0131nda ve s\u0131z\u0131nt\u0131lar\u0131n \u00f6nlenmesinde \u00f6nemli rol oynar. Contalar, dayan\u0131kl\u0131l\u0131\u011f\u0131 ve performans\u0131 art\u0131rmak i\u00e7in genellikle poli\u00fcretan ve nitril kau\u00e7uk gibi a\u015f\u0131nmaya dayan\u0131kl\u0131 malzemelerden yap\u0131l\u0131r.<\/p>\n<p>Silindir g\u00f6vdesi ve di\u015fli u\u00e7 y\u00fczeyleri, uzun s\u00fcreli i\u015flevsellik i\u00e7in gerekli olan a\u015f\u0131nma direncini art\u0131rmak amac\u0131yla hassas bir i\u015flemden ge\u00e7irilmektedir. Hidrolik ya\u011f ile d\u00fczenli ya\u011flama, hareketli par\u00e7alar\u0131n sorunsuz \u00e7al\u0131\u015fmas\u0131n\u0131 sa\u011flayarak s\u00fcrt\u00fcnmeyi ve a\u015f\u0131nmay\u0131 azalt\u0131r ve silindirin genel \u00f6mr\u00fcn\u00fc uzat\u0131r.<\/p>\n<h2>\u00d6nleyici Bak\u0131m \u00d6nlemleri<\/h2>\n<ul>\n<li><strong>D\u00fczenli Denetimler:<\/strong> A\u015f\u0131nma veya s\u0131z\u0131nt\u0131 belirtilerini tespit etmek i\u00e7in kapsaml\u0131 incelemeler yap\u0131n. Sorunlar\u0131n erken tespiti, b\u00fcy\u00fck ar\u0131zalar\u0131 ve maliyetli onar\u0131mlar\u0131 \u00f6nleyebilir.<\/li>\n<li><strong>Uygun Ya\u011flama:<\/strong> Hidrolik ya\u011f seviyesinin uygun d\u00fczeyde oldu\u011fundan emin olun ve gerekti\u011finde de\u011fi\u015ftirin. Bu, a\u015f\u0131r\u0131 \u0131s\u0131nmay\u0131 \u00f6nler ve i\u00e7 bile\u015fenlerdeki a\u015f\u0131nmay\u0131 azalt\u0131r.<\/li>\n<li><strong>Conta De\u011fi\u015fimi:<\/strong> S\u0131zd\u0131rmazl\u0131k contalar\u0131n\u0131 d\u00fczenli olarak hasar veya bozulma belirtileri a\u00e7\u0131s\u0131ndan kontrol edin. Contalar\u0131n zaman\u0131nda de\u011fi\u015ftirilmesi s\u0131z\u0131nt\u0131lar\u0131 \u00f6nleyebilir ve optimum performans i\u00e7in hidrolik bas\u0131nc\u0131 koruyabilir.<\/li>\n<\/ul>\n<h2>Kurulum Talimatlar\u0131<\/h2>\n<p>Bom silindirinin do\u011fru montaj\u0131, performans\u0131 ve uzun \u00f6mr\u00fc i\u00e7in kritik \u00f6neme sahiptir. \u00d6ncelikle \u00e7al\u0131\u015fma alan\u0131n\u0131n temiz ve montaj\u0131 etkileyebilecek kal\u0131nt\u0131lardan ar\u0131nd\u0131r\u0131lm\u0131\u015f oldu\u011fundan emin olun. Silindiri sabitlemek i\u00e7in uygun montaj braketleri kullan\u0131n ve makineyle do\u011fru \u015fekilde hizaland\u0131\u011f\u0131ndan emin olun.<\/p>\n<p>Montaj s\u0131ras\u0131nda, tork ayarlar\u0131 ve hizalama i\u00e7in \u00fcreticinin spesifikasyonlar\u0131na uyun. Bu, silindirin sorunsuz ve g\u00fcvenli bir \u015fekilde \u00e7al\u0131\u015fmas\u0131n\u0131 sa\u011flar. Montajdan sonra, herhangi bir hidrolik s\u0131z\u0131nt\u0131 olup olmad\u0131\u011f\u0131n\u0131 kontrol edin ve silindirin engelsiz bir \u015fekilde serbest\u00e7e hareket etti\u011finden emin olun. Montaj\u0131n d\u00fczenli olarak g\u00f6zden ge\u00e7irilmesi, optimum performans ve g\u00fcvenli\u011fin korunmas\u0131na yard\u0131mc\u0131 olabilir.<\/p>\n<h2>Yayg\u0131n Bak\u0131m G\u00f6revleri<\/h2>\n<h3>D\u00fczenli Kontroller<\/h3>\n<p>Bom silindirinde d\u00fczenli kontroller yapmak, potansiyel sorunlar\u0131n \u00f6nemli hale gelmeden \u00f6nce tespit edilmesine yard\u0131mc\u0131 olur. Bu, s\u0131z\u0131nt\u0131lar\u0131n, ola\u011fand\u0131\u015f\u0131 seslerin incelenmesini ve hidrolik s\u0131v\u0131 seviyelerinin do\u011fru oldu\u011fundan emin olunmas\u0131n\u0131 i\u00e7erir. D\u00fczenli izleme, felaket niteli\u011findeki ar\u0131zalar\u0131 etkili bir \u015fekilde \u00f6nleyebilir.<\/p>\n<h3>Uygun Ya\u011flama<\/h3>\n<p>Bom silindirinin i\u015flevselli\u011fini korumak i\u00e7in uygun ya\u011flama \u015fartt\u0131r. \u00d6nerilen hidrolik s\u0131v\u0131y\u0131 kullan\u0131n ve s\u0131v\u0131 de\u011fi\u015ftirme aral\u0131klar\u0131 konusunda \u00fcreticinin y\u00f6nergelerine uyun. Uygun ya\u011flama, s\u00fcrt\u00fcnmeyi ve a\u015f\u0131nmay\u0131 azaltarak silindirin \u00f6mr\u00fcn\u00fc uzat\u0131r.<\/p>\n<h3>Conta De\u011fi\u015fimi ve Kalibrasyon Kontrolleri<\/h3>\n<p>Hidrolik b\u00fct\u00fcnl\u00fc\u011f\u00fcn korunmas\u0131 i\u00e7in conta de\u011fi\u015fimi \u00e7ok \u00f6nemlidir. Contalar\u0131 d\u00fczenli olarak kontrol edin ve herhangi bir a\u015f\u0131nma veya hasar tespit edilirse de\u011fi\u015ftirin. Silindirin belirtilen parametreler dahilinde \u00e7al\u0131\u015fmas\u0131n\u0131 sa\u011flamak, g\u00fcvenli\u011fi ve verimlili\u011fi art\u0131rmak i\u00e7in kalibrasyon kontrolleri de \u00f6nemlidir.<\/p>\n<p><img decoding=\"async\" src=\"https:\/\/www.hydraulic-cylinders.net\/wp-content\/uploads\/2025\/04\/songte-chushion-collar.webp\" alt=\"Yast\u0131k Yaka\"><\/p>\n<h2>G\u00fcvenlik Hususlar\u0131 ve \u00c7evresel Fakt\u00f6rler<\/h2>\n<p>Hidrolik silindirlerin \u00e7al\u0131\u015ft\u0131r\u0131lmas\u0131nda g\u00fcvenlik \u00f6nlemleri son derece \u00f6nemlidir. Operat\u00f6rler, hidrolik sistemlerle ili\u015fkili potansiyel tehlikeleri anlamak i\u00e7in e\u011fitilmelidir. Ki\u015fisel koruyucu ekipman kullan\u0131m\u0131 ve i\u015fletme y\u00f6nergelerine uyulmas\u0131 da dahil olmak \u00fczere uygun g\u00fcvenlik protokolleri, i\u015f yerindeki riskleri en aza indirmek i\u00e7in \u015fartt\u0131r.<\/p>\n<h2>Ar\u0131za Te\u015fhisi ve Yayg\u0131n Sorunlar<\/h2>\n<ul>\n<li><strong>Hidrolik Bas\u0131n\u00e7 Kayb\u0131:<\/strong> Bu durum, sistemdeki s\u0131z\u0131nt\u0131lardan, ar\u0131zal\u0131 contalardan veya yetersiz hidrolik s\u0131v\u0131s\u0131ndan kaynaklanabilir. G\u00f6zle g\u00f6r\u00fcl\u00fcr s\u0131z\u0131nt\u0131lar\u0131 kontrol edin ve hidrolik s\u0131v\u0131s\u0131n\u0131n do\u011fru seviyede oldu\u011fundan emin olun.<\/li>\n<li><strong>Yava\u015f \u0130\u015fleyi\u015f:<\/strong> Yava\u015f \u00e7al\u0131\u015fan bir bom silindiri, hidrolik s\u0131v\u0131 seviyesinin d\u00fc\u015f\u00fck oldu\u011funu veya s\u0131v\u0131n\u0131n kirlenmi\u015f oldu\u011funu g\u00f6sterebilir. D\u00fczenli bak\u0131m ve s\u0131v\u0131 de\u011fi\u015fimi bu sorunun \u00f6nlenmesine yard\u0131mc\u0131 olabilir.<\/li>\n<li><strong>Beklenmedik Sesler:<\/strong> \u00c7al\u0131\u015fma s\u0131ras\u0131nda duyulan ola\u011fand\u0131\u015f\u0131 sesler, i\u00e7 a\u015f\u0131nmaya, gev\u015fek par\u00e7alara veya ya\u011flama eksikli\u011fine i\u015faret edebilir. Sesin nedenini belirlemek ve gidermek i\u00e7in kapsaml\u0131 incelemeler yap\u0131n.<\/li>\n<\/ul>\n<h2>Sorun Giderme \u0130pu\u00e7lar\u0131<\/h2>\n<p>Hidrolik silindirlerle ilgili sorunlar\u0131 etkili bir \u015fekilde gidermek i\u00e7in, \u00f6ncelikle t\u00fcm hidrolik sistemi sistematik bir \u015fekilde kontrol ederek i\u015fe ba\u015flay\u0131n. S\u0131z\u0131nt\u0131 gibi g\u00f6r\u00fcn\u00fcr sorunlar\u0131 belirleyin ve \u00e7al\u0131\u015fma s\u0131ras\u0131nda ola\u011fand\u0131\u015f\u0131 sesler olup olmad\u0131\u011f\u0131n\u0131 dinleyin. Hidrolik s\u0131v\u0131n\u0131n temiz ve uygun seviyede oldu\u011fundan emin olun, gerekirse de\u011fi\u015ftirin.<\/p>\n<p>D\u00fczenli bak\u0131m ve kontroller gibi \u00f6nleyici tedbirlerin uygulanmas\u0131, sorunlarla kar\u015f\u0131la\u015fma olas\u0131l\u0131\u011f\u0131n\u0131 \u00f6nemli \u00f6l\u00e7\u00fcde azaltabilir. Operat\u00f6rlerin hidrolik sistemlerin do\u011fru kullan\u0131m\u0131 ve bak\u0131m\u0131 konusunda e\u011fitilmesi de potansiyel sorunlar\u0131n en aza indirilmesine katk\u0131da bulunur.<\/p>\n<p><img decoding=\"async\" src=\"https:\/\/www.hydraulic-cylinders.net\/wp-content\/uploads\/2025\/04\/songte-bushings-with-all-kinds-of-excavator-models.webp\" alt=\"Ekskavat\u00f6r Modelleri i\u00e7in Bur\u00e7lar\"><\/p>\n<h2>\u015eirketimiz Hakk\u0131nda<\/h2>\n<p>\u00d6nde gelen bir yedek hidrolik silindir \u00fcreticisi ve toptan da\u011f\u0131t\u0131c\u0131s\u0131y\u0131z ve hem yerel hem de uluslararas\u0131 pazarlarda \u00f6nc\u00fc konumumuzu sa\u011flamla\u015ft\u0131ran kapsaml\u0131 bir \u00fcr\u00fcn yelpazesi sunuyoruz. Kalitede m\u00fckemmelli\u011fe olan ba\u011fl\u0131l\u0131\u011f\u0131m\u0131z, geli\u015fmi\u015f \u00fcretim tesislerinden yararlanan rafine bir \u00fcretim y\u00f6netim stratejisiyle desteklenmektedir.<\/p>\n<p>Nitelikli personele, \u00fcst d\u00fczey dijital \u00fcretim ekipmanlar\u0131na ve profesyonel test sistemlerine odaklanarak \u00fcretim platformumuzu s\u00fcrekli olarak geli\u015ftiriyoruz. G\u00fc\u00e7l\u00fc inovasyon yeteneklerimiz, y\u00fcksek verimlilik, hassasiyet ve kalite ilkeleriyle birle\u015ferek \u00e7e\u015fitli m\u00fc\u015fteri ihtiya\u00e7lar\u0131n\u0131 kar\u015f\u0131lamam\u0131z\u0131 sa\u011fl\u0131yor.<\/p>\n<p><img decoding=\"async\" src=\"https:\/\/www.hydraulic-cylinders.net\/wp-content\/uploads\/2025\/04\/songte-company-4.webp\" alt=\"\u015eirket Genel Bak\u0131\u015f\u0131\"><br \/>\n<img decoding=\"async\" src=\"https:\/\/www.hydraulic-cylinders.net\/wp-content\/uploads\/2025\/04\/songte-company-3.webp\" alt=\"\u015eirketin \u00d6ne \u00c7\u0131kan \u00d6zellikleri\"><\/p>\n<p>Yazar: lyl<\/p>","protected":false},"excerpt":{"rendered":"<p>Boom Cylinder For Yigong CY210 Introduction to Boom Cylinder A boom cylinder is a crucial component in hydraulic systems, specifically designed to control the movement of buckets in various heavy machinery, such as excavators, backhoe loaders, and front-end loaders. This hydraulic cylinder enables the bucket to lift, lower, and tilt, facilitating efficient material handling tasks. [&hellip;]<\/p>","protected":false},"featured_media":17878,"comment_status":"open","ping_status":"closed","template":"","meta":{"_et_pb_use_builder":"","_et_pb_old_content":"","_et_gb_content_width":""},"product_brand":[],"product_cat":[1546],"product_tag":[1547,1496],"class_list":{"0":"post-19720","1":"product","2":"type-product","3":"status-publish","4":"has-post-thumbnail","6":"product_cat-boom-cylinders","7":"product_tag-boom-cylinders","8":"product_tag-hydraulic-cylinders","10":"first","11":"instock","12":"shipping-taxable","13":"product-type-simple"},"amp_enabled":true,"_links":{"self":[{"href":"https:\/\/www.hydraulic-cylinders.net\/tr\/wp-json\/wp\/v2\/product\/19720","targetHints":{"allow":["GET"]}}],"collection":[{"href":"https:\/\/www.hydraulic-cylinders.net\/tr\/wp-json\/wp\/v2\/product"}],"about":[{"href":"https:\/\/www.hydraulic-cylinders.net\/tr\/wp-json\/wp\/v2\/types\/product"}],"replies":[{"embeddable":true,"href":"https:\/\/www.hydraulic-cylinders.net\/tr\/wp-json\/wp\/v2\/comments?post=19720"}],"wp:featuredmedia":[{"embeddable":true,"href":"https:\/\/www.hydraulic-cylinders.net\/tr\/wp-json\/wp\/v2\/media\/17878"}],"wp:attachment":[{"href":"https:\/\/www.hydraulic-cylinders.net\/tr\/wp-json\/wp\/v2\/media?parent=19720"}],"wp:term":[{"taxonomy":"product_brand","embeddable":true,"href":"https:\/\/www.hydraulic-cylinders.net\/tr\/wp-json\/wp\/v2\/product_brand?post=19720"},{"taxonomy":"product_cat","embeddable":true,"href":"https:\/\/www.hydraulic-cylinders.net\/tr\/wp-json\/wp\/v2\/product_cat?post=19720"},{"taxonomy":"product_tag","embeddable":true,"href":"https:\/\/www.hydraulic-cylinders.net\/tr\/wp-json\/wp\/v2\/product_tag?post=19720"}],"curies":[{"name":"wp","href":"https:\/\/api.w.org\/{rel}","templated":true}]}}