{"id":19725,"date":"2025-04-07T07:04:08","date_gmt":"2025-04-07T07:04:08","guid":{"rendered":"https:\/\/www.hydraulic-cylinders.net\/product\/boom-cylinder-for-xiniu-xn80-l\/"},"modified":"2025-04-07T07:04:18","modified_gmt":"2025-04-07T07:04:18","slug":"boom-cylinder-for-xiniu-xn80-l","status":"publish","type":"product","link":"https:\/\/www.hydraulic-cylinders.net\/tr\/urun\/boom-cylinder-for-xiniu-xn80-l\/","title":{"rendered":"Xiniu XN80-L i\u00e7in Bom Silindiri"},"content":{"rendered":"<h1>Xiniu XN80-L i\u00e7in Bom Silindiri<\/h1>\n<h2>\u00dcr\u00fcn Genel Bak\u0131\u015f\u0131<\/h2>\n<p>Xiniu XN80-L i\u00e7in tasarlanm\u0131\u015f bu hidrolik silindir, \u00e7e\u015fitli a\u011f\u0131r makinelerde kep\u00e7elerin hareketini kontrol etmek i\u00e7in \u00f6zel olarak \u00fcretilmi\u015ftir. Ekskavat\u00f6rlerde, beko y\u00fckleyicilerde ve \u00f6n y\u00fckleyicilerde kep\u00e7enin verimli bir \u015fekilde kald\u0131r\u0131lmas\u0131n\u0131, indirilmesini ve e\u011filmesini sa\u011flayarak \u00e7e\u015fitli malzeme ta\u015f\u0131ma g\u00f6revlerini kolayla\u015ft\u0131ran bu hidrolik bile\u015fen, son derece \u00f6nemli bir rol oynar.<\/p>\n<p><img decoding=\"async\" src=\"https:\/\/www.hydraulic-cylinders.net\/wp-content\/uploads\/2025\/04\/songte-company-1.webp\" alt=\"Bom Silindiri Genel Bak\u0131\u015f\"><\/p>\n<h3>Tan\u0131m ve \u0130\u015flev<\/h3>\n<p>Kova silindiri, a\u011f\u0131r i\u015f makinelerindeki kovalar\u0131n hareketini y\u00f6netmek i\u00e7in \u00f6zel olarak kullan\u0131lan bir hidrolik silindir t\u00fcr\u00fcd\u00fcr. Bu silindirler, kazma, kald\u0131rma ve malzeme ta\u015f\u0131ma gibi g\u00f6revlerin yerine getirilmesi i\u00e7in gereklidir. \u00c7al\u0131\u015fmalar\u0131, g\u00fc\u00e7l\u00fc ve hassas hareketlere olanak sa\u011flayan hidrolik ak\u0131\u015fkan dinami\u011fine dayan\u0131r. Bu da onlar\u0131 in\u015faat, tar\u0131m ve madencilik sekt\u00f6rlerinde vazge\u00e7ilmez k\u0131lar.<\/p>\n<h2>Xiniu XN80-L i\u00e7in Bom Silindirinin \u00d6zellikleri<\/h2>\n<ul>\n<li><strong>Y\u00fcksek Dayan\u0131kl\u0131l\u0131k ve Dayan\u0131kl\u0131l\u0131k:<\/strong> Y\u00fcksek mukavemetli \u00e7elik veya al\u00fcminyumdan \u00fcretilen bu silindirler, y\u00fcksek bas\u0131nca ve a\u011f\u0131r y\u00fcklere dayanabilir ve bu sayede zorlu \u00e7al\u0131\u015fma ko\u015fullar\u0131 i\u00e7in uygundur.<\/li>\n<li><strong>Verimli Hidrolik \u00c7al\u0131\u015fma:<\/strong> Silindir, d\u00fczg\u00fcn teleskopik hareketler sa\u011flamak i\u00e7in hidrolik ya\u011f bas\u0131nc\u0131n\u0131 kullan\u0131r, kontrol komutlar\u0131na h\u0131zl\u0131 yan\u0131t verir ve g\u00fc\u00e7l\u00fc itme ve \u00e7ekme kuvvetleri uygular.<\/li>\n<li><strong>\u00c7e\u015fitli T\u00fcrler:<\/strong> Tek y\u00f6nl\u00fc (tek y\u00f6nde \u00e7al\u0131\u015fan) veya \u00e7ift y\u00f6nl\u00fc (iki y\u00f6nde \u00e7al\u0131\u015fan) konfig\u00fcrasyonlarda mevcut olup, \u00e7e\u015fitli \u00e7al\u0131\u015fma ihtiya\u00e7lar\u0131n\u0131 kar\u015f\u0131lamaktad\u0131r. Baz\u0131 modeller teleskopiktir ve d\u0131\u015f boyutlar\u0131 art\u0131rmadan daha fazla uzatma imkan\u0131 sa\u011flar.<\/li>\n<li><strong>Korozyon Direnci:<\/strong> A\u015f\u0131nmaya ve korozyona dayan\u0131kl\u0131 malzemelerle tasarlanm\u0131\u015f olup, zorlu ortamlarda uzun \u00f6m\u00fcr ve g\u00fcvenilirlik sa\u011flar.<\/li>\n<li><strong>\u00d6zelle\u015ftirilebilir Se\u00e7enekler:<\/strong> Silindirlerimiz, \u00e7e\u015fitli hidrolik sistemlerle uyumlulu\u011fu sa\u011flayacak \u015fekilde, \u00f6zel gereksinimleri kar\u015f\u0131layacak \u015fekilde uyarlanabilir.<\/li>\n<\/ul>\n<p><img decoding=\"async\" src=\"https:\/\/www.hydraulic-cylinders.net\/wp-content\/uploads\/2025\/04\/songte-cylinder-head-with-all-kinds-excavator-models.webp\" alt=\"Bom Silindiri i\u00e7in \u00d6zelle\u015ftirilebilir Se\u00e7enekler\"><\/p>\n<h2>Uygulama Senaryolar\u0131<\/h2>\n<h3>\u0130n\u015faat Ekipmanlar\u0131<\/h3>\n<p>Ekskavat\u00f6rlerde, bom silindiri kazma, y\u00fckleme ve toprak veya moloz ta\u015f\u0131ma i\u015flemlerinde hayati \u00f6neme sahiptir. Hassas kontrol\u00fc, verimli kaz\u0131 ve malzeme ta\u015f\u0131ma olana\u011f\u0131 sa\u011flayarak genel \u00e7al\u0131\u015fma s\u00fcresini azalt\u0131r. Kep\u00e7e pozisyonunun ayarlanabilmesi verimlili\u011fi art\u0131r\u0131r ve i\u015flerin do\u011fru bir \u015fekilde tamamlanmas\u0131n\u0131 sa\u011flar.<\/p>\n<h3>Tar\u0131m Makinalar\u0131<\/h3>\n<p>\u00d6n y\u00fckleyicilerde, bom silindiri toprak, saman ve di\u011fer malzemeleri kep\u00e7elemek, kald\u0131rmak ve ta\u015f\u0131mak i\u00e7in kullan\u0131l\u0131r. Bu hidrolik i\u015flev, tar\u0131msal i\u015flerin verimlili\u011fini art\u0131rarak \u00e7ift\u00e7ilerin kaynaklar\u0131n\u0131 etkili bir \u015fekilde y\u00f6netmelerini ve yo\u011fun sezonlarda verimlili\u011fi korumalar\u0131n\u0131 sa\u011flar.<\/p>\n<h3>Ekskavat\u00f6rler<\/h3>\n<p>Kep\u00e7e silindiri, ekskavat\u00f6rlerin topra\u011fa etkili bir \u015fekilde n\u00fcfuz etmesini sa\u011flayarak h\u0131zl\u0131 kaz\u0131 i\u015flemlerini kolayla\u015ft\u0131r\u0131r. Bu, kaz\u0131 i\u015flerinin h\u0131z\u0131n\u0131 ve verimlili\u011fini art\u0131rarak in\u015faat ve peyzaj projeleri i\u00e7in vazge\u00e7ilmez hale getirir.<\/p>\n<h3>Y\u00fckleyiciler<\/h3>\n<p>\u00d6n y\u00fckleyicilerde, bom silindirleri y\u00fcklerin verimli bir \u015fekilde kald\u0131r\u0131lmas\u0131na ve bo\u015falt\u0131lmas\u0131na yard\u0131mc\u0131 olur. A\u011f\u0131r malzemeleri y\u00f6netme yetenekleri, in\u015faat ve end\u00fcstriyel i\u015flemlerin sorunsuz bir \u015fekilde y\u00fcr\u00fct\u00fclmesini sa\u011flayarak genel operasyonel ba\u015far\u0131ya katk\u0131da bulunur.<\/p>\n<h2>Tasar\u0131m Hususlar\u0131 ve Se\u00e7im Kriterleri<\/h2>\n<h3>Y\u00fck Kapasitesi<\/h3>\n<p>Bom silindirinin y\u00fck ta\u015f\u0131ma kapasitesi, kritik bir tasar\u0131m unsurudur. \u00c7al\u0131\u015fma s\u0131ras\u0131nda beklenen maksimum y\u00fckleri kald\u0131rabilecek \u015fekilde yeterli kapasitede olmal\u0131d\u0131r. \u00dcreticiler genellikle y\u00fck limitleriyle ilgili \u00f6zellikler sunar ve silindir ar\u0131zas\u0131n\u0131 \u00f6nlemek i\u00e7in bunlara uyulmas\u0131 \u015fartt\u0131r.<\/p>\n<h3>S\u0131zd\u0131rmazl\u0131k Mekanizmalar\u0131<\/h3>\n<p>Etkili s\u0131zd\u0131rmazl\u0131k, hidrolik bas\u0131nc\u0131n korunmas\u0131 ve s\u0131z\u0131nt\u0131lar\u0131n \u00f6nlenmesi i\u00e7in hayati \u00f6nem ta\u015f\u0131r. Yayg\u0131n olarak kullan\u0131lan s\u0131zd\u0131rmazl\u0131k malzemeleri aras\u0131nda dayan\u0131kl\u0131l\u0131klar\u0131 ve a\u015f\u0131nmaya kar\u015f\u0131 diren\u00e7leri nedeniyle tercih edilen poli\u00fcretan ve nitril kau\u00e7uk bulunur. Do\u011fru s\u0131zd\u0131rmazl\u0131k, s\u0131v\u0131 kayb\u0131n\u0131 ve kirlenmeyi en aza indirerek silindirin \u00f6mr\u00fcn\u00fc uzatmaya yard\u0131mc\u0131 olur.<\/p>\n<h3>Dayan\u0131kl\u0131l\u0131k<\/h3>\n<p>Hidrolik silindirler i\u00e7in dayan\u0131kl\u0131l\u0131k, \u00f6zellikle zorlu \u00e7al\u0131\u015fma ortamlar\u0131na maruz kald\u0131klar\u0131nda, son derece \u00f6nemlidir. Yap\u0131m\u0131nda kullan\u0131lan malzemelerin a\u015f\u0131nmaya ve korozyona kar\u015f\u0131 dayan\u0131kl\u0131 olmas\u0131, silindirin zaman i\u00e7inde i\u015flevselli\u011fini korumas\u0131n\u0131 sa\u011flar. D\u00fczenli bak\u0131m ve kontroller, ekipman\u0131n \u00f6mr\u00fcn\u00fc daha da uzatabilir.<\/p>\n<h3>G\u00fcvenlik \u00d6zellikleri<\/h3>\n<p>Hidrolik sistemlerde g\u00fcvenlik son derece \u00f6nemlidir. Tasar\u0131mda a\u015f\u0131r\u0131 y\u00fcklenmeyi \u00f6nlemek i\u00e7in bas\u0131n\u00e7 tahliye vanalar\u0131 gibi \u00f6zellikler yer almal\u0131d\u0131r. D\u00fczenli g\u00fcvenlik kontrolleri ve i\u015fletme y\u00f6nergelerine uyulmas\u0131, hidrolik ar\u0131zalarla ili\u015fkili riskleri azaltabilir.<\/p>\n<h3>Bak\u0131m Eri\u015filebilirli\u011fi<\/h3>\n<p>Bak\u0131m eri\u015filebilirli\u011fini g\u00f6z \u00f6n\u00fcnde bulunduran tasar\u0131m, rutin incelemelerin ve onar\u0131mlar\u0131n \u00f6nemli bir ar\u0131za s\u00fcresi olmadan ger\u00e7ekle\u015ftirilebilmesini sa\u011flar. Bile\u015fenlere kolayca ula\u015f\u0131labilmeli ve de\u011fi\u015ftirilebilmelidir; bu da makinelerin optimum \u00e7al\u0131\u015fma ko\u015fullar\u0131nda kalmas\u0131n\u0131 sa\u011flayan verimli bak\u0131m uygulamalar\u0131na olanak tan\u0131r.<\/p>\n<p><img decoding=\"async\" src=\"https:\/\/www.hydraulic-cylinders.net\/wp-content\/uploads\/2025\/04\/songte-oil-pipes-and-spare-parts.webp\" alt=\"Hidrolik Silindir Tasar\u0131m\u0131nda Dikkate Al\u0131nmas\u0131 Gereken Hususlar\"><\/p>\n<h2>S\u0131zd\u0131rmazl\u0131k ve Ya\u011flama<\/h2>\n<p>Bom silindirinin performans\u0131 i\u00e7in uygun s\u0131zd\u0131rmazl\u0131k ve ya\u011flama \u00e7ok \u00f6nemlidir. Hidrolik s\u0131v\u0131y\u0131 muhafaza etmek ve bas\u0131nc\u0131 korumak i\u00e7in piston contalar\u0131 ve mil contalar\u0131 gibi \u00e7e\u015fitli s\u0131zd\u0131rmazl\u0131k bile\u015fenleri kullan\u0131l\u0131r. Poli\u00fcretan ve nitril kau\u00e7uk gibi a\u015f\u0131nmaya dayan\u0131kl\u0131 malzemelerden yap\u0131lan contalar, uzun \u00f6m\u00fcrl\u00fcl\u00fckleri nedeniyle tercih edilir. Ayr\u0131ca, silindirin g\u00f6vdesi ve di\u015fli u\u00e7 y\u00fczeyleri, a\u015f\u0131nma direncini art\u0131rmak i\u00e7in hassas i\u015fleme tabi tutulur.<\/p>\n<p>Sorunsuz \u00e7al\u0131\u015fma i\u00e7in hidrolik ya\u011f ile d\u00fczenli ya\u011flama gereklidir. Ya\u011f, hareketli par\u00e7alar aras\u0131ndaki s\u00fcrt\u00fcnmeyi azaltmaya ve a\u015f\u0131r\u0131 \u0131s\u0131nmay\u0131 \u00f6nlemeye yard\u0131mc\u0131 olur. Performans\u0131 korumak i\u00e7in ya\u011f seviyelerini izlemek ve zaman\u0131nda takviye yapmak \u00f6nemlidir.<\/p>\n<h2>D\u00fczenli Denetimler ve \u00d6nleyici Bak\u0131m<\/h2>\n<ul>\n<li><strong>D\u00fczenli Kontroller:<\/strong> Hidrolik sistemin d\u00fczenli olarak kontrol edilmesi, a\u015f\u0131nmay\u0131 ve potansiyel sorunlar\u0131 b\u00fcy\u00fcmeden \u00f6nce belirlemeye yard\u0131mc\u0131 olur. S\u0131z\u0131nt\u0131 belirtileri veya contalarda ve bile\u015fenlerde ola\u011fand\u0131\u015f\u0131 a\u015f\u0131nma olup olmad\u0131\u011f\u0131n\u0131 kontrol edin.<\/li>\n<li><strong>Uygun Ya\u011flama:<\/strong> Silindirin hidrolik ya\u011f ile yeterince ya\u011fland\u0131\u011f\u0131ndan emin olun. Bu, d\u00fczg\u00fcn \u00e7al\u0131\u015fmay\u0131 sa\u011flamaya ve hareketli par\u00e7alardaki a\u015f\u0131nmay\u0131 azaltmaya yard\u0131mc\u0131 olur.<\/li>\n<li><strong>Conta De\u011fi\u015fimi:<\/strong> Hidrolik sistemin b\u00fct\u00fcnl\u00fc\u011f\u00fcn\u00fc korumak i\u00e7in contalar a\u015f\u0131nma a\u00e7\u0131s\u0131ndan kontrol edilmeli ve gerekti\u011finde de\u011fi\u015ftirilmelidir. D\u00fczenli aral\u0131klarla yap\u0131lan de\u011fi\u015fimler, maliyetli onar\u0131mlar\u0131 \u00f6nleyebilir.<\/li>\n<\/ul>\n<h2>Kurulum Talimatlar\u0131<\/h2>\n<p>Bom silindirinin do\u011fru montaj\u0131, optimum performans i\u00e7in \u00e7ok \u00f6nemlidir. \u00d6ncelikle montaj y\u00fczeylerinin temiz ve kal\u0131nt\u0131lardan ar\u0131nd\u0131r\u0131lm\u0131\u015f oldu\u011fundan emin olun. \u00c7al\u0131\u015fma s\u0131ras\u0131nda e\u015fit bas\u0131n\u00e7 da\u011f\u0131l\u0131m\u0131 sa\u011flamak i\u00e7in silindiri do\u011fru \u015fekilde hizalay\u0131n. Silindiri yerinde sabitlemek ve yanl\u0131\u015f hizalamaya yol a\u00e7abilecek herhangi bir hareketi \u00f6nlemek i\u00e7in uygun montaj braketleri kullan\u0131n.<\/p>\n<p>Montaj s\u0131ras\u0131nda, s\u0131v\u0131 ak\u0131\u015f\u0131n\u0131 etkileyebilecek b\u00fck\u00fclme veya t\u0131kan\u0131kl\u0131klar\u0131 \u00f6nlemek i\u00e7in hidrolik hatlara \u00e7ok dikkat edin. Kurulum tamamland\u0131ktan sonra, t\u00fcm ba\u011flant\u0131lar\u0131n s\u0131k\u0131 ve s\u0131z\u0131nt\u0131s\u0131z oldu\u011fundan emin olmak i\u00e7in kapsaml\u0131 bir kontrol yap\u0131n. Son olarak, tam \u00e7al\u0131\u015fma bas\u0131nc\u0131na ge\u00e7meden \u00f6nce her \u015feyin do\u011fru \u00e7al\u0131\u015ft\u0131\u011f\u0131n\u0131 do\u011frulamak i\u00e7in sistemi d\u00fc\u015f\u00fck bas\u0131n\u00e7 alt\u0131nda test edin.<\/p>\n<p><img decoding=\"async\" src=\"https:\/\/www.hydraulic-cylinders.net\/wp-content\/uploads\/2025\/04\/songte-chushion-collar.webp\" alt=\"Bom Silindiri Montaj\u0131\"><\/p>\n<h2>G\u00fcvenlik Hususlar\u0131 ve \u00c7evresel Fakt\u00f6rler<\/h2>\n<p>Hidrolik sistemlerle \u00e7al\u0131\u015f\u0131rken, g\u00fcvenlik \u00f6nlemlerinin uygulanmas\u0131 son derece \u00f6nemlidir. T\u00fcm operat\u00f6rlerin hidrolik ekipman\u0131n g\u00fcvenli kullan\u0131m\u0131 konusunda e\u011fitildi\u011finden ve i\u015fletme y\u00f6nergelerine uyman\u0131n \u00f6nemini anlad\u0131\u011f\u0131ndan emin olun. D\u00fczenli g\u00fcvenlik denetimleri, potansiyel tehlikeleri belirlemeye ve hidrolik ar\u0131zalar veya i\u015flev bozukluklar\u0131yla ili\u015fkili riskleri azaltmaya yard\u0131mc\u0131 olabilir.<\/p>\n<h2>Sorun Giderme ve Yayg\u0131n Sorunlar<\/h2>\n<ul>\n<li><strong>S\u0131z\u0131nt\u0131:<\/strong> A\u015f\u0131nm\u0131\u015f contalar veya hasarl\u0131 ba\u011flant\u0131 par\u00e7alar\u0131 s\u0131z\u0131nt\u0131ya neden olabilir. Contalar\u0131 d\u00fczenli olarak kontrol edin ve gerekti\u011finde de\u011fi\u015ftirin.<\/li>\n<li><strong>Tutarl\u0131 Olmayan Performans:<\/strong> Silindir d\u00fczg\u00fcn \u00e7al\u0131\u015fm\u0131yorsa, hidrolik s\u0131v\u0131s\u0131nda s\u0131k\u0131\u015fm\u0131\u015f hava veya hidrolik hatlarda t\u0131kan\u0131kl\u0131k olup olmad\u0131\u011f\u0131n\u0131 kontrol edin.<\/li>\n<li><strong>A\u015f\u0131r\u0131 Is\u0131nma:<\/strong> A\u015f\u0131r\u0131 \u0131s\u0131nma, yetersiz ya\u011flama veya a\u015f\u0131r\u0131 i\u015f y\u00fck\u00fcn\u00fcn bir g\u00f6stergesi olabilir. Ya\u011f seviyelerini kontrol edin ve silindirin kapasitesinin \u00f6tesinde a\u015f\u0131r\u0131 y\u00fcklenmedi\u011finden emin olun.<\/li>\n<\/ul>\n<h2>Ar\u0131za Y\u00f6netimi \u0130pu\u00e7lar\u0131<\/h2>\n<p>Sorunlar\u0131 etkili bir \u015fekilde te\u015fhis etmek ve \u00e7\u00f6zmek i\u00e7in, \u00e7al\u0131\u015fma performans\u0131n\u0131n ve kullan\u0131m s\u0131ras\u0131nda fark edilen d\u00fczensizliklerin ayr\u0131nt\u0131l\u0131 bir kayd\u0131n\u0131 tutun. Bu, altta yatan sorunlar\u0131 g\u00f6sterebilecek kal\u0131plar\u0131 belirlemeye yard\u0131mc\u0131 olabilir. Planl\u0131 bak\u0131m ve zaman\u0131nda par\u00e7a de\u011fi\u015fimi gibi \u00f6nleyici tedbirler, \u00e7al\u0131\u015fma ar\u0131zalar\u0131n\u0131n olas\u0131l\u0131\u011f\u0131n\u0131 \u00f6nemli \u00f6l\u00e7\u00fcde azaltabilir.<\/p>\n<p><img decoding=\"async\" src=\"https:\/\/www.hydraulic-cylinders.net\/wp-content\/uploads\/2025\/04\/songte-bushings-with-all-kinds-of-excavator-models.webp\" alt=\"Sorun Giderme ve Yayg\u0131n Sorunlar\"><\/p>\n<h2>\u015eirket Genel Bak\u0131\u015f\u0131<\/h2>\n<p>\u00d6nde gelen bir hidrolik silindir \u00fcreticisi ve toptanc\u0131s\u0131 olarak, y\u00fcksek kaliteli yedek silindirler \u00fcretme konusunda uzmanla\u015fm\u0131\u015f durumday\u0131z. Geni\u015f \u00fcr\u00fcn yelpazemiz, bizi hem yerel hem de uluslararas\u0131 pazarlarda \u00f6nemli bir oyuncu konumuna getiriyor. Teknolojik uzmanl\u0131k ve geli\u015fmi\u015f \u00fcretim ekipmanlar\u0131n\u0131 i\u00e7eren rafine bir \u00fcretim stratejisinden yararlanarak m\u00fckemmellik ilkelerine ba\u011fl\u0131 kal\u0131yoruz.<\/p>\n<p>Kaliteye olan ba\u011fl\u0131l\u0131\u011f\u0131m\u0131z, titiz test protokollerimiz ve uluslararas\u0131 sertifikalara uyumumuzla a\u00e7\u0131k\u00e7a g\u00f6r\u00fclmektedir. M\u00fc\u015fterilerimizin \u00e7e\u015fitli ihtiya\u00e7lar\u0131n\u0131 kar\u015f\u0131lamak ve uygulamalar\u0131na en uygun \u00fcr\u00fcnleri almalar\u0131n\u0131 sa\u011flamak i\u00e7in \u00f6zelle\u015ftirilmi\u015f hizmetler sunuyoruz. Profesyonel sat\u0131\u015f sonras\u0131 hizmetimiz, sat\u0131n al\u0131mdan \u00e7ok sonra bile m\u00fc\u015fteri memnuniyetini ve deste\u011fini garanti eder.<\/p>\n<p><img decoding=\"async\" src=\"https:\/\/www.hydraulic-cylinders.net\/wp-content\/uploads\/2025\/04\/songte-company-4.webp\" alt=\"\u015eirket Genel Bak\u0131\u015f\u0131\"><br \/>\n<img decoding=\"async\" src=\"https:\/\/www.hydraulic-cylinders.net\/wp-content\/uploads\/2025\/04\/songte-company-3.webp\" alt=\"\u015eirket Kalite G\u00fcvencesi\"><\/p>\n<p>Yazar: lyl<\/p>","protected":false},"excerpt":{"rendered":"<p>Boom Cylinder For Xiniu XN80-L Product Overview The Boom Cylinder for Xiniu XN80-L is a specialized hydraulic cylinder designed for controlling the movement of buckets in various heavy machinery. This hydraulic component plays a pivotal role in excavators, backhoe loaders, and front loaders, enabling the bucket to lift, lower, and tilt efficiently, which facilitates various [&hellip;]<\/p>","protected":false},"featured_media":17868,"comment_status":"open","ping_status":"closed","template":"","meta":{"_et_pb_use_builder":"","_et_pb_old_content":"","_et_gb_content_width":""},"product_brand":[],"product_cat":[1546],"product_tag":[1547,1496],"class_list":{"0":"post-19725","1":"product","2":"type-product","3":"status-publish","4":"has-post-thumbnail","6":"product_cat-boom-cylinders","7":"product_tag-boom-cylinders","8":"product_tag-hydraulic-cylinders","10":"first","11":"instock","12":"shipping-taxable","13":"product-type-simple"},"amp_enabled":true,"_links":{"self":[{"href":"https:\/\/www.hydraulic-cylinders.net\/tr\/wp-json\/wp\/v2\/product\/19725","targetHints":{"allow":["GET"]}}],"collection":[{"href":"https:\/\/www.hydraulic-cylinders.net\/tr\/wp-json\/wp\/v2\/product"}],"about":[{"href":"https:\/\/www.hydraulic-cylinders.net\/tr\/wp-json\/wp\/v2\/types\/product"}],"replies":[{"embeddable":true,"href":"https:\/\/www.hydraulic-cylinders.net\/tr\/wp-json\/wp\/v2\/comments?post=19725"}],"wp:featuredmedia":[{"embeddable":true,"href":"https:\/\/www.hydraulic-cylinders.net\/tr\/wp-json\/wp\/v2\/media\/17868"}],"wp:attachment":[{"href":"https:\/\/www.hydraulic-cylinders.net\/tr\/wp-json\/wp\/v2\/media?parent=19725"}],"wp:term":[{"taxonomy":"product_brand","embeddable":true,"href":"https:\/\/www.hydraulic-cylinders.net\/tr\/wp-json\/wp\/v2\/product_brand?post=19725"},{"taxonomy":"product_cat","embeddable":true,"href":"https:\/\/www.hydraulic-cylinders.net\/tr\/wp-json\/wp\/v2\/product_cat?post=19725"},{"taxonomy":"product_tag","embeddable":true,"href":"https:\/\/www.hydraulic-cylinders.net\/tr\/wp-json\/wp\/v2\/product_tag?post=19725"}],"curies":[{"name":"wp","href":"https:\/\/api.w.org\/{rel}","templated":true}]}}