{"id":19728,"date":"2025-04-07T07:04:23","date_gmt":"2025-04-07T07:04:23","guid":{"rendered":"https:\/\/www.hydraulic-cylinders.net\/product\/boom-cylinder-for-xiniu-xn120-l\/"},"modified":"2025-04-07T07:04:25","modified_gmt":"2025-04-07T07:04:25","slug":"boom-cylinder-for-xiniu-xn120-l","status":"publish","type":"product","link":"https:\/\/www.hydraulic-cylinders.net\/tr\/urun\/boom-cylinder-for-xiniu-xn120-l\/","title":{"rendered":"Xiniu XN120-L i\u00e7in Bom Silindiri"},"content":{"rendered":"<h1>Xiniu XN120-L i\u00e7in Bom Silindiri<\/h1>\n<h2>Bom Silindirine Giri\u015f<\/h2>\n<p>Xiniu XN120-L i\u00e7in tasarlanm\u0131\u015f olan bom silindiri, \u00f6zellikle a\u011f\u0131r makinelerin kep\u00e7elerinin hareketini kontrol etmek i\u00e7in tasarlanm\u0131\u015f hidrolik sistemlerin \u00f6nemli bir bile\u015fenidir. Bu hidrolik silindirler, kep\u00e7elerin kald\u0131r\u0131lmas\u0131n\u0131, indirilmesini ve e\u011filmesini kolayla\u015ft\u0131rarak malzeme ta\u015f\u0131ma i\u015flerinde vazge\u00e7ilmez hale gelir. Kep\u00e7e silindiri, ekskavat\u00f6rler, kaz\u0131c\u0131 y\u00fckleyiciler ve \u00f6n y\u00fckleyiciler gibi \u00e7e\u015fitli a\u011f\u0131r makineler i\u00e7in \u00f6zel olarak tasarlanm\u0131\u015f bir hidrolik silindir t\u00fcr\u00fcd\u00fcr ve malzemelerin verimli bir \u015fekilde kaz\u0131lmas\u0131n\u0131, y\u00fcklenmesini ve ta\u015f\u0131nmas\u0131n\u0131 sa\u011flar.<\/p>\n<p><img decoding=\"async\" src=\"https:\/\/www.hydraulic-cylinders.net\/wp-content\/uploads\/2025\/04\/songte-company-1.webp\" alt=\"Bom Silindiri G\u00f6r\u00fcnt\u00fcs\u00fc\" \/><\/p>\n<h2>Bom Silindirinin \u00d6zellikleri<\/h2>\n<ul>\n<li><strong>Y\u00fcksek Dayan\u0131kl\u0131l\u0131k ve Dayan\u0131kl\u0131l\u0131k:<\/strong> Y\u00fcksek mukavemetli \u00e7elik veya al\u00fcminyumdan \u00fcretilen bu \u00fcr\u00fcn, y\u00fcksek bas\u0131nca ve a\u011f\u0131r y\u00fcklere dayanacak \u015fekilde tasarlanm\u0131\u015ft\u0131r ve zorlu \u00e7al\u0131\u015fma ortamlar\u0131 i\u00e7in uygundur.<\/li>\n<li><strong>Verimli Hidrolik \u00c7al\u0131\u015fma:<\/strong> Hidrolik ya\u011f bas\u0131nc\u0131n\u0131 kullanarak d\u00fczg\u00fcn uzatma ve geri \u00e7ekme hareketi sa\u011flar, kontrol komutlar\u0131na h\u0131zl\u0131 yan\u0131t verir ve g\u00fc\u00e7l\u00fc itme\/\u00e7ekme kapasitesine sahiptir.<\/li>\n<li><strong>\u00c7e\u015fitli T\u00fcrler:<\/strong> Tek y\u00f6nl\u00fc (hidrolik kullan\u0131m tek y\u00f6nde) veya \u00e7ift y\u00f6nl\u00fc (hidrolik kullan\u0131m her iki y\u00f6nde) konfig\u00fcrasyonlarda mevcut olup, farkl\u0131 operasyonel ihtiya\u00e7lara cevap vermektedir.<\/li>\n<li><strong>Kompakt Tasar\u0131m:<\/strong> Baz\u0131 modeller teleskopiktir ve d\u0131\u015f boyutlar\u0131 art\u0131rmadan daha fazla uzamaya olanak tan\u0131yarak, alan k\u0131s\u0131tlamas\u0131 olan uygulamalar i\u00e7in idealdir.<\/li>\n<li><strong>\u00d6zel Yedek Par\u00e7a Se\u00e7enekleri:<\/strong> \u00dcr\u00fcnlerimiz, \u00e7e\u015fitli hidrolik silindirlerin yerini m\u00fckemmel bir \u015fekilde alarak uyumluluk ve g\u00fcvenilirlik sa\u011flar.<\/li>\n<\/ul>\n<p><img decoding=\"async\" src=\"https:\/\/www.hydraulic-cylinders.net\/wp-content\/uploads\/2025\/04\/songte-cylinder-head-with-all-kinds-excavator-models.webp\" alt=\"Hidrolik Silindir De\u011fi\u015fimi\" \/><\/p>\n<h2>Bom Silindirinin Uygulamalar\u0131<\/h2>\n<h3>\u0130n\u015faat Ekipmanlar\u0131<\/h3>\n<p>Ekskavat\u00f6rlerde, bom silindiri toprak veya molozun kaz\u0131lmas\u0131, y\u00fcklenmesi ve ta\u015f\u0131nmas\u0131 i\u00e7in \u00e7ok \u00f6nemlidir. Verimli \u00e7al\u0131\u015fma sa\u011flayarak derin kaz\u0131 ve hassas malzeme yerle\u015ftirmeye olanak tan\u0131r. Bu i\u015flevsellik, h\u0131z ve hassasiyetin gerekli oldu\u011fu in\u015faat projeleri i\u00e7in hayati \u00f6nem ta\u015f\u0131r.<\/p>\n<h3>Tar\u0131m Makinalar\u0131<\/h3>\n<p>\u00d6n y\u00fckleyicilerde, bom silindiri toprak, saman ve di\u011fer malzemelerin kep\u00e7eyle al\u0131nmas\u0131n\u0131, kald\u0131r\u0131lmas\u0131n\u0131 ve ta\u015f\u0131nmas\u0131n\u0131 kolayla\u015ft\u0131r\u0131r. Bu i\u015flevsellik, ekim, hasat ve genel \u00e7iftlik bak\u0131m\u0131 s\u0131ras\u0131nda hayati \u00f6neme sahiptir ve \u00e7ift\u00e7ilere a\u011f\u0131r y\u00fckleri etkili bir \u015fekilde ta\u015f\u0131ma olana\u011f\u0131 sa\u011flar.<\/p>\n<h3>Ekskavat\u00f6rler<\/h3>\n<p>Kep\u00e7e silindiri, ekskavat\u00f6rlerin kazma i\u015flemine yard\u0131mc\u0131 olarak kep\u00e7enin topra\u011fa kolayca n\u00fcfuz etmesini sa\u011flar. Bu \u00f6zellik, \u00e7e\u015fitli in\u015faat ve kaz\u0131 i\u015flerinde \u00f6nemli olup, toprak ta\u015f\u0131ma i\u015flemlerinde a\u011f\u0131r makinelerin verimlili\u011fini sa\u011flar.<\/p>\n<h3>Y\u00fckleyiciler<\/h3>\n<p>\u00d6n y\u00fckleyicilerde, bom silindirleri y\u00fcklerin etkili bir \u015fekilde kald\u0131r\u0131lmas\u0131na ve bo\u015falt\u0131lmas\u0131na yard\u0131mc\u0131 olur. Malzeme ta\u015f\u0131ma veya \u015fantiye temizli\u011fi gibi i\u015flerde bom silindiri, y\u00fckleyicinin genel performans\u0131n\u0131 art\u0131rarak \u00e7e\u015fitli uygulamalar i\u00e7in g\u00fcvenilir bir se\u00e7enek haline getirir.<\/p>\n<h2>Tasar\u0131m Hususlar\u0131 ve Se\u00e7im Kriterleri<\/h2>\n<h3>Y\u00fck Kapasitesi<\/h3>\n<p>Bom silindiri se\u00e7ilirken y\u00fck ta\u015f\u0131ma kapasitesi son derece \u00f6nemlidir. Bu, silindirin \u00e7al\u0131\u015fma s\u0131ras\u0131nda ne kadar a\u011f\u0131rl\u0131k ta\u015f\u0131yabilece\u011fini belirler. Do\u011fru de\u011ferlendirme, silindirin ar\u0131za veya hasar riski olmadan makinenin g\u00f6revlerini destekleyebilmesini sa\u011flar.<\/p>\n<h3>S\u0131zd\u0131rmazl\u0131k B\u00fct\u00fcnl\u00fc\u011f\u00fc<\/h3>\n<p>S\u0131zd\u0131rmazl\u0131k, hidrolik silindirin performans\u0131nda kritik bir rol oynar. Kaliteli contalar, s\u0131v\u0131 s\u0131z\u0131nt\u0131s\u0131n\u0131 \u00f6nleyerek optimum \u00e7al\u0131\u015fmay\u0131 sa\u011flar. Uygun malzemelerden yap\u0131lm\u0131\u015f contalar\u0131n a\u015f\u0131nmaya dayan\u0131kl\u0131 olmas\u0131 ve bas\u0131nc\u0131 koruyarak hidrolik sistemin verimlili\u011fini g\u00fcvence alt\u0131na almas\u0131 gerekir.<\/p>\n<h3>Dayan\u0131kl\u0131l\u0131k<\/h3>\n<p>Zorlu ortamlara maruz kalan hidrolik silindirler i\u00e7in dayan\u0131kl\u0131l\u0131k hayati \u00f6nem ta\u015f\u0131r. Malzemelerin korozyona ve a\u015f\u0131nmaya kar\u015f\u0131 dayan\u0131kl\u0131 olmas\u0131, silindirin uzun \u00f6m\u00fcrl\u00fc olmas\u0131n\u0131 sa\u011flar. Malzeme b\u00fct\u00fcnl\u00fc\u011f\u00fcn\u00fcn d\u00fczenli olarak de\u011ferlendirilmesi, i\u015flevselli\u011fi korumaya ve maliyetli de\u011fi\u015fimlerden ka\u00e7\u0131nmaya yard\u0131mc\u0131 olur.<\/p>\n<h3>G\u00fcvenlik \u00d6zellikleri<\/h3>\n<p>Hidrolik silindir tasar\u0131m\u0131nda g\u00fcvenlik olmazsa olmaz bir husustur. A\u015f\u0131r\u0131 uzamay\u0131 \u00f6nleyen, bas\u0131n\u00e7 tahliyesi sa\u011flayan ve istikrarl\u0131 \u00e7al\u0131\u015fmay\u0131 garanti eden \u00f6zellikler, makinenin genel g\u00fcvenli\u011fine katk\u0131da bulunur. Bu g\u00fcvenlik \u00f6nlemlerinin uygulanmas\u0131 hem operat\u00f6rleri hem de makineyi korur.<\/p>\n<h3>Bak\u0131m Eri\u015filebilirli\u011fi<\/h3>\n<p>Kolay bak\u0131m imkan\u0131 sa\u011flayan bir tasar\u0131m \u00e7ok \u00f6nemlidir. Hidrolik silindirler, kolay muayene, ya\u011flama ve par\u00e7a de\u011fi\u015fimine olanak sa\u011flamal\u0131d\u0131r. Bak\u0131m\u0131n kolayla\u015ft\u0131r\u0131lmas\u0131, silindirin uzun \u00f6mr\u00fcn\u00fc ve \u00e7al\u0131\u015fma g\u00fcvenilirli\u011fini sa\u011flayarak ar\u0131za s\u00fcrelerini azalt\u0131r.<\/p>\n<p><img decoding=\"async\" src=\"https:\/\/www.hydraulic-cylinders.net\/wp-content\/uploads\/2025\/04\/songte-oil-pipes-and-spare-parts.webp\" alt=\"Hidrolik Silindir Bak\u0131m\u0131\" \/><\/p>\n<h2>Hidrolik Silindirin S\u0131zd\u0131rmazl\u0131\u011f\u0131 ve Ya\u011flanmas\u0131<\/h2>\n<p>Hidrolik silindirlerin etkinli\u011fi b\u00fcy\u00fck \u00f6l\u00e7\u00fcde do\u011fru s\u0131zd\u0131rmazl\u0131k ve ya\u011flamaya ba\u011fl\u0131d\u0131r. Piston contalar\u0131 ve mil contalar\u0131 gibi \u00e7e\u015fitli s\u0131zd\u0131rmazl\u0131k bile\u015fenleri kritik \u00f6neme sahiptir. Poli\u00fcretan ve nitril kau\u00e7uk gibi malzemelerin kullan\u0131m\u0131 a\u015f\u0131nma direncini ve dayan\u0131kl\u0131l\u0131\u011f\u0131 art\u0131r\u0131r. Silindir g\u00f6vdelerinin ve di\u015fli u\u00e7lar\u0131n hassas i\u015flenmesi, a\u015f\u0131nma direncini art\u0131r\u0131r ve s\u0131k\u0131 bir s\u0131zd\u0131rmazl\u0131k sa\u011flar.<\/p>\n<p>Optimum performans\u0131 korumak i\u00e7in hidrolik ya\u011f ile d\u00fczenli ya\u011flama gereklidir. Yeterli ya\u011f seviyesi s\u00fcrt\u00fcnmeyi \u00f6nleyerek hareketli par\u00e7alardaki a\u015f\u0131nmay\u0131 azalt\u0131r. Hidrolik bas\u0131nc\u0131 korumak ve silindirin sorunsuz \u00e7al\u0131\u015fmas\u0131n\u0131 sa\u011flamak i\u00e7in ya\u011f seviyelerini izlemek ve gerekti\u011finde ya\u011f eklemek \u00e7ok \u00f6nemlidir.<\/p>\n<h2>D\u00fczenli Denetimler ve \u00d6nleyici Bak\u0131m Tedbirleri<\/h2>\n<ul>\n<li><strong>Rutin Kontroller:<\/strong> Silindiri d\u00fczenli olarak a\u015f\u0131nma, s\u0131z\u0131nt\u0131 veya hasar belirtileri a\u00e7\u0131s\u0131ndan kontrol edin. Sorunlar\u0131n erken tespiti, daha b\u00fcy\u00fck sorunlar\u0131 ve maliyetli onar\u0131mlar\u0131 \u00f6nleyebilir.<\/li>\n<li><strong>Uygun Ya\u011flama:<\/strong> Hidrolik ya\u011f seviyesinin uygun oldu\u011fundan ve t\u00fcm hareketli par\u00e7alara d\u00fczenli olarak ya\u011flama yap\u0131ld\u0131\u011f\u0131ndan emin olun. Bu uygulama s\u00fcrt\u00fcnmeyi azalt\u0131r ve silindirin \u00f6mr\u00fcn\u00fc uzat\u0131r.<\/li>\n<li><strong>Conta De\u011fi\u015fimi:<\/strong> Contalar\u0131n durumunu izleyin ve gerekti\u011finde de\u011fi\u015ftirin. A\u015f\u0131nm\u0131\u015f contalar s\u0131v\u0131 s\u0131z\u0131nt\u0131lar\u0131na yol a\u00e7arak silindirin verimlili\u011fini d\u00fc\u015f\u00fcrebilir ve ar\u0131za riskini art\u0131rabilir.<\/li>\n<\/ul>\n<h2>Bom Silindiri i\u00e7in Kurulum Talimatlar\u0131<\/h2>\n<p>Xiniu XN120-L i\u00e7in Bom Silindirini takarken, do\u011fru hizalama ve i\u015flevsellik sa\u011flamak i\u00e7in \u015fu ad\u0131mlar\u0131 izleyin. \u00d6ncelikle \u00e7al\u0131\u015fma alan\u0131n\u0131n temiz ve engellerden ar\u0131nd\u0131r\u0131lm\u0131\u015f oldu\u011fundan emin olun. \u00c7al\u0131\u015fma s\u0131ras\u0131nda gereksiz gerilimi \u00f6nlemek i\u00e7in silindiri yerine sabitlemek \u00fczere uygun montaj braketleri kullan\u0131n. Silindirin makinenin hidrolik sistemiyle do\u011fru \u015fekilde hizalanmas\u0131na \u00f6zen g\u00f6sterilmelidir; do\u011fru y\u00f6nlendirmeyi sa\u011flamak i\u00e7in gerekirse aletler kullan\u0131lmal\u0131d\u0131r.<\/p>\n<p>Ard\u0131ndan, hidrolik s\u0131v\u0131n\u0131n d\u00fczg\u00fcn ak\u0131\u015f\u0131n\u0131 sa\u011flamak i\u00e7in hidrolik hatlar\u0131 ba\u011flay\u0131n. S\u0131z\u0131nt\u0131lar\u0131 \u00f6nlemek i\u00e7in t\u00fcm ba\u011flant\u0131lar\u0131n s\u0131k\u0131 oldu\u011fundan emin olun. Kurulumdan sonra, makinenin d\u00fczg\u00fcn hareketini ve i\u015flevselli\u011fini test etmek i\u00e7in d\u00fc\u015f\u00fck bir ayarda \u00e7al\u0131\u015ft\u0131r\u0131n. Ola\u011fand\u0131\u015f\u0131 sesler veya davran\u0131\u015flar olup olmad\u0131\u011f\u0131n\u0131 izleyin ve optimum performans elde etmek i\u00e7in gerekti\u011fi gibi ayarlamalar yap\u0131n.<\/p>\n<h2>Yayg\u0131n Bak\u0131m G\u00f6revleri<\/h2>\n<h3>D\u00fczenli Denetimler<\/h3>\n<p>Hidrolik silindirin d\u00fczenli olarak kontrol edilmesi \u00e7ok \u00f6nemlidir. Silindirde s\u0131z\u0131nt\u0131 veya a\u015f\u0131nma belirtileri olup olmad\u0131\u011f\u0131n\u0131 kontrol edin, contalar\u0131, hortumlar\u0131 ve ba\u011flant\u0131lar\u0131 inceleyin. Erken tespit, \u00f6nemli ar\u0131zalar\u0131 \u00f6nleyebilir ve ekipman\u0131n \u00f6mr\u00fcn\u00fc uzatabilir.<\/p>\n<h3>Uygun Ya\u011flama<\/h3>\n<p>S\u00fcrt\u00fcnmeyi ve hareketli par\u00e7alardaki a\u015f\u0131nmay\u0131 en aza indirmek i\u00e7in silindirin d\u00fczenli olarak ya\u011flanmas\u0131n\u0131 sa\u011flay\u0131n. Optimum performans\u0131 korumak i\u00e7in do\u011fru tipte hidrolik ya\u011f kullanmak \u00e7ok \u00f6nemlidir. Ya\u011flama programlar\u0131 ve ya\u011f tipleri i\u00e7in \u00fcreticinin \u00f6nerilerine uyun.<\/p>\n<h3>Conta De\u011fi\u015fimi ve Kalibrasyon Kontrolleri<\/h3>\n<p>Contalar\u0131n a\u015f\u0131nmas\u0131n\u0131 d\u00fczenli olarak kontrol edin ve gerekti\u011finde de\u011fi\u015ftirin. Hidrolik sistemin kalibrasyonu, tutarl\u0131 performans\u0131n korunmas\u0131 i\u00e7in \u00e7ok \u00f6nemlidir. Montaj s\u0131ras\u0131nda do\u011fru hizalama, verimli \u00e7al\u0131\u015fma sa\u011flamak ve gereksiz a\u015f\u0131nmay\u0131 \u00f6nlemek i\u00e7in gereklidir.<\/p>\n<p><img decoding=\"async\" src=\"https:\/\/www.hydraulic-cylinders.net\/wp-content\/uploads\/2025\/04\/songte-chushion-collar.webp\" alt=\"Hidrolik Silindir Montaj\u0131\" \/><\/p>\n<h2>G\u00fcvenlik Hususlar\u0131 ve \u00c7evresel Fakt\u00f6rler<\/h2>\n<p>Hidrolik silindirlerin kullan\u0131m\u0131nda g\u00fcvenlik \u00f6nlemlerinin uygulanmas\u0131 hayati \u00f6nem ta\u015f\u0131r. Operat\u00f6rler, olas\u0131 s\u0131z\u0131nt\u0131lar ve bas\u0131n\u00e7 ar\u0131zalar\u0131 da dahil olmak \u00fczere hidrolik sistemlerle ili\u015fkili tehlikeleri tan\u0131ma konusunda e\u011fitilmelidir. Riskleri azaltmak i\u00e7in her zaman uygun ki\u015fisel koruyucu ekipman (KKD) giyilmelidir. \u00c7evresel etkilere en aza indirmek i\u00e7in d\u00f6k\u00fclme kontrol\u00fc ve hidrolik s\u0131v\u0131lar\u0131n uygun \u015fekilde bertaraf edilmesi gibi \u00e7evresel hususlara da \u00f6ncelik verilmelidir.<\/p>\n<h2>Yayg\u0131n Sorunlar\u0131n Giderilmesi<\/h2>\n<ul>\n<li><strong>S\u0131v\u0131 S\u0131z\u0131nt\u0131lar\u0131:<\/strong> Hasarl\u0131 contalar\u0131 veya gev\u015fek ba\u011flant\u0131lar\u0131 kontrol edin. A\u015f\u0131nm\u0131\u015f contalar\u0131 de\u011fi\u015ftirin ve s\u0131z\u0131nt\u0131lar\u0131 gidermek i\u00e7in ba\u011flant\u0131lar\u0131 s\u0131k\u0131n.<\/li>\n<li><strong>Yava\u015f Hareket:<\/strong> Hidrolik s\u0131v\u0131 seviyelerini kontrol edin ve hidrolik hatlarda herhangi bir t\u0131kan\u0131kl\u0131k olmad\u0131\u011f\u0131ndan emin olun. Gerekti\u011finde s\u0131v\u0131y\u0131 tamamlay\u0131n ve t\u0131kan\u0131kl\u0131klar\u0131 giderin.<\/li>\n<li><strong>Al\u0131\u015f\u0131lmad\u0131k Sesler:<\/strong> Sesler, d\u00fc\u015f\u00fck s\u0131v\u0131 seviyesini veya i\u00e7 hasar\u0131 g\u00f6sterebilir. Sebebi belirlemek ve d\u00fczeltici \u00f6nlem almak i\u00e7in silindiri ve hidrolik sistemi inceleyin.<\/li>\n<\/ul>\n<h2>Ar\u0131za Y\u00f6netimi \u0130pu\u00e7lar\u0131<\/h2>\n<p>Bom silindirindeki sorunlar\u0131 verimli bir \u015fekilde te\u015fhis etmek ve \u00e7\u00f6zmek i\u00e7in, belirtileri ve ortaya \u00e7\u0131kt\u0131klar\u0131 ko\u015fullar\u0131 kaydedin. D\u00fczenli bak\u0131m kontrolleri, potansiyel sorunlar\u0131n b\u00fcy\u00fcmeden \u00f6nce belirlenmesine yard\u0131mc\u0131 olabilir. Rutin kontroller ve uygun ya\u011flama gibi \u00f6nleyici tedbirlerin uygulanmas\u0131, sorunlar\u0131n ortaya \u00e7\u0131kma olas\u0131l\u0131\u011f\u0131n\u0131 \u00f6nemli \u00f6l\u00e7\u00fcde azaltarak sorunsuz \u00e7al\u0131\u015fmay\u0131 sa\u011flar.<\/p>\n<p><img decoding=\"async\" src=\"https:\/\/www.hydraulic-cylinders.net\/wp-content\/uploads\/2025\/04\/songte-bushings-with-all-kinds-of-excavator-models.webp\" alt=\"Hidrolik Silindir Ar\u0131za Giderme\" \/><\/p>\n<h2>\u015eirketimiz Hakk\u0131nda<\/h2>\n<p>Hidrolik silindirlerin \u00f6nde gelen \u00fcreticisi ve toptanc\u0131s\u0131 olarak, y\u00fcksek kaliteli yedek par\u00e7alar konusunda uzmanla\u015fm\u0131\u015f durumday\u0131z. Geni\u015f \u00fcr\u00fcn yelpazemiz, hem yerel hem de uluslararas\u0131 pazarlara etkili bir \u015fekilde hizmet vermemizi sa\u011flamaktad\u0131r. Kalitede m\u00fckemmelli\u011fe \u00f6ncelik veriyor ve geli\u015fmi\u015f bir \u00fcretim y\u00f6netim stratejisi uyguluyoruz.<\/p>\n<p>\u015eirketimiz, yetenekli personeli, geli\u015fmi\u015f dijital \u00fcretim ekipmanlar\u0131 ve \u00f6zel test sistemleri arac\u0131l\u0131\u011f\u0131yla \u00fcretim platformunu s\u00fcrekli olarak geli\u015ftirmektedir. Kaliteye olan bu ba\u011fl\u0131l\u0131\u011f\u0131m\u0131z, \u00e7e\u015fitli m\u00fc\u015fteri ihtiya\u00e7lar\u0131n\u0131 verimlilik, hassasiyet ve g\u00fcvenilirlikle kar\u015f\u0131lamam\u0131z\u0131 sa\u011flamaktad\u0131r.<\/p>\n<p>Ayr\u0131ca, uluslararas\u0131 sertifikalar\u0131m\u0131z ve \u00f6zelle\u015ftirme se\u00e7eneklerimiz, m\u00fc\u015fteri memnuniyetini ve \u00fcr\u00fcn \u00f6mr\u00fcn\u00fc garanti eden ola\u011fan\u00fcst\u00fc sat\u0131\u015f sonras\u0131 hizmetimizle birle\u015ferek bizi sekt\u00f6rde farkl\u0131 k\u0131l\u0131yor.<\/p>\n<p><img decoding=\"async\" src=\"https:\/\/www.hydraulic-cylinders.net\/wp-content\/uploads\/2025\/04\/songte-company-4.webp\" alt=\"\u015eirket Genel Bak\u0131\u015f\u0131\" \/><br \/>\n<img decoding=\"async\" src=\"https:\/\/www.hydraulic-cylinders.net\/wp-content\/uploads\/2025\/04\/songte-company-3.webp\" alt=\"\u00dcretim Tesisi\" \/><\/p>\n<p>Yazar: lyl<\/p>","protected":false},"excerpt":{"rendered":"<p>Boom Cylinder For Xiniu XN120-L Introduction to Boom Cylinder The Boom Cylinder for Xiniu XN120-L is an essential component in hydraulic systems, specifically designed to control the movement of heavy machinery buckets. These hydraulic cylinders facilitate the lifting, lowering, and tilting of buckets, making them indispensable in tasks involving material handling. The bucket cylinder is [&hellip;]<\/p>","protected":false},"featured_media":17871,"comment_status":"open","ping_status":"closed","template":"","meta":{"_et_pb_use_builder":"","_et_pb_old_content":"","_et_gb_content_width":""},"product_brand":[],"product_cat":[1546],"product_tag":[1547,1496],"class_list":{"0":"post-19728","1":"product","2":"type-product","3":"status-publish","4":"has-post-thumbnail","6":"product_cat-boom-cylinders","7":"product_tag-boom-cylinders","8":"product_tag-hydraulic-cylinders","10":"first","11":"instock","12":"shipping-taxable","13":"product-type-simple"},"amp_enabled":true,"_links":{"self":[{"href":"https:\/\/www.hydraulic-cylinders.net\/tr\/wp-json\/wp\/v2\/product\/19728","targetHints":{"allow":["GET"]}}],"collection":[{"href":"https:\/\/www.hydraulic-cylinders.net\/tr\/wp-json\/wp\/v2\/product"}],"about":[{"href":"https:\/\/www.hydraulic-cylinders.net\/tr\/wp-json\/wp\/v2\/types\/product"}],"replies":[{"embeddable":true,"href":"https:\/\/www.hydraulic-cylinders.net\/tr\/wp-json\/wp\/v2\/comments?post=19728"}],"wp:featuredmedia":[{"embeddable":true,"href":"https:\/\/www.hydraulic-cylinders.net\/tr\/wp-json\/wp\/v2\/media\/17871"}],"wp:attachment":[{"href":"https:\/\/www.hydraulic-cylinders.net\/tr\/wp-json\/wp\/v2\/media?parent=19728"}],"wp:term":[{"taxonomy":"product_brand","embeddable":true,"href":"https:\/\/www.hydraulic-cylinders.net\/tr\/wp-json\/wp\/v2\/product_brand?post=19728"},{"taxonomy":"product_cat","embeddable":true,"href":"https:\/\/www.hydraulic-cylinders.net\/tr\/wp-json\/wp\/v2\/product_cat?post=19728"},{"taxonomy":"product_tag","embeddable":true,"href":"https:\/\/www.hydraulic-cylinders.net\/tr\/wp-json\/wp\/v2\/product_tag?post=19728"}],"curies":[{"name":"wp","href":"https:\/\/api.w.org\/{rel}","templated":true}]}}