{"id":19730,"date":"2025-04-07T07:04:27","date_gmt":"2025-04-07T07:04:27","guid":{"rendered":"https:\/\/www.hydraulic-cylinders.net\/product\/boom-cylinder-for-kato-small-excavator-hd250\/"},"modified":"2025-04-07T07:04:30","modified_gmt":"2025-04-07T07:04:30","slug":"boom-cylinder-for-kato-small-excavator-hd250","status":"publish","type":"product","link":"https:\/\/www.hydraulic-cylinders.net\/tr\/urun\/boom-cylinder-for-kato-small-excavator-hd250\/","title":{"rendered":"Kato HD250 K\u00fc\u00e7\u00fck Ekskavat\u00f6r \u0130\u00e7in Bom Silindiri"},"content":{"rendered":"<h1>Kato HD250 K\u00fc\u00e7\u00fck Ekskavat\u00f6r \u0130\u00e7in Bom Silindiri<\/h1>\n<h2>\u00dcr\u00fcn Genel Bak\u0131\u015f\u0131<\/h2>\n<p>The boom cylinder for the Kato small excavator HD250 is a crucial component in hydraulic systems, specifically designed to manage the movement of the bucket in heavy machinery. As a type of hydraulic cylinder, it plays a vital role in controlling various functions such as lifting, lowering, and tilting the excavator&#8217;s bucket, thereby facilitating efficient material handling tasks.<\/p>\n<p><img decoding=\"async\" src=\"https:\/\/www.hydraulic-cylinders.net\/wp-content\/uploads\/2025\/04\/songte-company-1.webp\" alt=\"Bom Silindiri Genel Bak\u0131\u015f\" \/><\/p>\n<h3>Kova Silindiri Nedir?<\/h3>\n<p>Kep\u00e7e silindiri, ekskavat\u00f6rler, kaz\u0131c\u0131lar ve \u00f6n y\u00fckleyiciler gibi a\u011f\u0131r ekipmanlardaki kep\u00e7elerin hareketini kontrol etmek i\u00e7in \u00f6zel olarak tasarlanm\u0131\u015f bir hidrolik silindirdir. Kep\u00e7enin kald\u0131r\u0131lmas\u0131n\u0131, indirilmesini ve e\u011filmesini sa\u011flayarak toprak, moloz veya di\u011fer malzemelerin ta\u015f\u0131nmas\u0131n\u0131 i\u00e7eren i\u015fler i\u00e7in vazge\u00e7ilmez hale getirir. Hidrolik sistemlerde, kep\u00e7e silindirleri hidrolik bas\u0131nc\u0131 do\u011frusal harekete d\u00f6n\u00fc\u015ft\u00fcrmekten sorumludur ve bu da operasyonda hassasiyet sa\u011flar. Bu da onlar\u0131 in\u015faat sahalar\u0131nda ve \u00e7e\u015fitli end\u00fcstriyel uygulamalarda vazge\u00e7ilmez k\u0131lar.<\/p>\n<h2>Bom Silindirinin \u00d6zellikleri<\/h2>\n<ul>\n<li><strong>Y\u00fcksek Dayan\u0131kl\u0131l\u0131k ve Dayan\u0131kl\u0131l\u0131k:<\/strong> Genellikle y\u00fcksek mukavemetli \u00e7elik veya al\u00fcminyumdan \u00fcretilen bu silindirler, y\u00fcksek bas\u0131nca ve a\u011f\u0131r y\u00fcklere dayan\u0131kl\u0131d\u0131r ve bu da onlar\u0131 zorlu \u00e7al\u0131\u015fma ortamlar\u0131 i\u00e7in uygun hale getirir. Tasar\u0131mda a\u015f\u0131nma direnci ve korozyon direnci dikkate al\u0131narak kullan\u0131m \u00f6mr\u00fc uzat\u0131lm\u0131\u015ft\u0131r.<\/li>\n<li><strong>Verimli Hidrolik \u00c7al\u0131\u015fma:<\/strong> Hidrolik ya\u011f bas\u0131nc\u0131n\u0131 kullanan bom silindiri, sorunsuz bir \u015fekilde uzama ve geri \u00e7ekilme sa\u011flar, kontrol komutlar\u0131na h\u0131zl\u0131 yan\u0131t verir ve a\u011f\u0131r ve karma\u015f\u0131k i\u015flerin \u00fcstesinden gelmek i\u00e7in ideal olan g\u00fc\u00e7l\u00fc itme ve \u00e7ekme kuvveti sunar.<\/li>\n<li><strong>T\u00fcr \u00c7e\u015fitlili\u011fi:<\/strong> Tek y\u00f6nl\u00fc (hidroli\u011fi tek y\u00f6nde kullanan) veya \u00e7ift y\u00f6nl\u00fc (hidroli\u011fi her iki y\u00f6nde kullanan) olarak mevcut olan bu silindirler, farkl\u0131 \u00e7al\u0131\u015fma ihtiya\u00e7lar\u0131n\u0131 kar\u015f\u0131lar. Baz\u0131 modeller teleskopiktir ve d\u0131\u015f boyutlar\u0131 art\u0131rmadan daha fazla uzamaya olanak tan\u0131yarak, alan k\u0131s\u0131tlamal\u0131 uygulamalar i\u00e7in uygundur.<\/li>\n<li><strong>\u00d6zel \u00dcretim:<\/strong> Bu \u00fcr\u00fcn\u00fc, \u00e7e\u015fitli hidrolik silindirlerin yerine m\u00fckemmel bir \u015fekilde ge\u00e7ecek \u015fekilde \u00fcretiyoruz ve farkl\u0131 makineler i\u00e7in uyumluluk ve g\u00fcvenilirlik sa\u011fl\u0131yoruz.<\/li>\n<\/ul>\n<p><img decoding=\"async\" src=\"https:\/\/www.hydraulic-cylinders.net\/wp-content\/uploads\/2025\/04\/songte-cylinder-head-with-all-kinds-excavator-models.webp\" alt=\"\u00d6zel Bom Silindiri\" \/><\/p>\n<h2>Bom Silindirinin Uygulamalar\u0131<\/h2>\n<h3>\u0130n\u015faat Ekipmanlar\u0131<\/h3>\n<p>Ekskavat\u00f6rlerde, bom silindirleri toprak veya moloz kazma, y\u00fckleme ve ta\u015f\u0131ma i\u015flemlerinde hayati bir rol oynar. Kep\u00e7enin topra\u011fa n\u00fcfuz etmesini sa\u011flayarak kaz\u0131 i\u015fleri i\u00e7in vazge\u00e7ilmez hale gelirler. Ayr\u0131ca, kaz\u0131c\u0131 makinelerde bom silindiri hem kazma hem de kald\u0131rma i\u015flemlerine yard\u0131mc\u0131 olarak \u015fantiyelerde \u00e7ok y\u00f6nl\u00fcl\u00fck sa\u011flar.<\/p>\n<h3>Tar\u0131m Makinalar\u0131<\/h3>\n<p>\u00d6n y\u00fckleyicilerde, bom silindirleri toprak, saman ve di\u011fer malzemelerin kep\u00e7elenmesi, kald\u0131r\u0131lmas\u0131 ve ta\u015f\u0131nmas\u0131 i\u00e7in \u00e7ok \u00f6nemlidir. Operat\u00f6rlerin tar\u0131msal i\u015fleri verimli bir \u015fekilde y\u00f6netmelerini sa\u011flayarak verimlili\u011fi art\u0131r\u0131r ve i\u015f g\u00fcc\u00fc yo\u011funlu\u011funu azalt\u0131r.<\/p>\n<h3>Ekskavat\u00f6rler<\/h3>\n<p>Ekskavat\u00f6rlerde kazma i\u015flemini m\u00fcmk\u00fcn k\u0131lan bom silindirleri, kep\u00e7enin topra\u011fa etkili bir \u015fekilde n\u00fcfuz etmesini sa\u011flar; bu da \u00e7e\u015fitli kaz\u0131 projeleri i\u00e7in \u00e7ok \u00f6nemlidir. Sa\u011flad\u0131klar\u0131 hidrolik kuvvet, kazma i\u015flemlerinin h\u0131zl\u0131 ve verimli bir \u015fekilde ger\u00e7ekle\u015ftirilmesini sa\u011flar.<\/p>\n<h3>Y\u00fckleyiciler<\/h3>\n<p>\u00d6n y\u00fckleyicilerde, bom silindirleri y\u00fcklerin kald\u0131r\u0131lmas\u0131na ve bo\u015falt\u0131lmas\u0131na yard\u0131mc\u0131 olarak operasyonel verimlili\u011fi art\u0131r\u0131r. Bu sayede, \u015fantiyelerde malzeme ta\u015f\u0131mac\u0131l\u0131\u011f\u0131 i\u00e7in gerekli olan d\u00fczg\u00fcn ve g\u00fc\u00e7l\u00fc hareketler sa\u011flan\u0131r.<\/p>\n<h2>Tasar\u0131m Hususlar\u0131<\/h2>\n<h3>Y\u00fck Kapasitesi<\/h3>\n<p>Bom silindirinin y\u00fck ta\u015f\u0131ma kapasitesi, a\u011f\u0131r makinelerin g\u00fcvenli ve etkili \u00e7al\u0131\u015fmas\u0131 i\u00e7in kritik \u00f6neme sahiptir. \u00c7al\u0131\u015fma senaryolar\u0131nda beklenen maksimum y\u00fck\u00fc kald\u0131racak \u015fekilde tasarlanmal\u0131 ve kullan\u0131m s\u0131ras\u0131nda ar\u0131zalar\u0131 \u00f6nlemek i\u00e7in yeterli g\u00fcvenlik pay\u0131 sa\u011flamal\u0131d\u0131r. M\u00fchendisler, \u00e7al\u0131\u015fma s\u0131ras\u0131nda ortaya \u00e7\u0131kabilecek dinamik ko\u015fullar\u0131 da hesaba katarak, beklenen y\u00fckleri do\u011fru bir \u015fekilde hesaplamal\u0131d\u0131r.<\/p>\n<h3>S\u0131zd\u0131rmazl\u0131k<\/h3>\n<p>Etkili s\u0131zd\u0131rmazl\u0131k, hidrolik sistemin verimlili\u011fini tehlikeye atabilecek hidrolik s\u0131v\u0131 s\u0131z\u0131nt\u0131lar\u0131n\u0131 \u00f6nlemek i\u00e7in \u00e7ok \u00f6nemlidir. Poli\u00fcretan ve nitril kau\u00e7uk gibi dayan\u0131kl\u0131 malzemelerden yap\u0131lm\u0131\u015f y\u00fcksek kaliteli contalar, uzun \u00f6m\u00fcrl\u00fc performans sa\u011flar. \u00c7al\u0131\u015fma b\u00fct\u00fcnl\u00fc\u011f\u00fcn\u00fc korumak ve ar\u0131za s\u00fcrelerini azaltmak i\u00e7in d\u00fczenli bak\u0131m ve contalar\u0131n zaman\u0131nda de\u011fi\u015ftirilmesi \u00e7ok \u00f6nemlidir.<\/p>\n<h3>Dayan\u0131kl\u0131l\u0131k<\/h3>\n<p>The durability of boom cylinders is influenced by the materials used and the manufacturing process. High-strength materials coupled with advanced manufacturing techniques result in cylinders capable of withstanding extreme conditions. This durability extends the product&#8217;s lifespan and reduces the frequency of replacements, leading to cost savings for operators.<\/p>\n<h3>Emniyet<\/h3>\n<p>Kaza riskini \u00f6nlemek ve operat\u00f6r g\u00fcvenini sa\u011flamak i\u00e7in bom silindirlerinin tasar\u0131m\u0131na g\u00fcvenlik \u00f6zellikleri entegre edilmelidir. Bu, ar\u0131za emniyet mekanizmalar\u0131, bas\u0131n\u00e7 tahliye vanalar\u0131 ve beklenmedik bas\u0131n\u00e7lara veya darbelere dayanabilen sa\u011flam bir yap\u0131y\u0131 i\u00e7erir ve b\u00f6ylece \u00e7al\u0131\u015fma s\u0131ras\u0131nda genel g\u00fcvenli\u011fi art\u0131r\u0131r.<\/p>\n<h3>Bak\u0131m<\/h3>\n<p>Bak\u0131m kolayl\u0131\u011f\u0131, hayati bir tasar\u0131m unsurudur. Bom silindirleri, kolay inceleme, ya\u011flama ve par\u00e7a de\u011fi\u015fimi i\u00e7in tasarlanmal\u0131d\u0131r. \u00dcreticiler, bak\u0131m s\u00fcresini ve maliyetlerini azaltmaya yard\u0131mc\u0131 olmak ve b\u00f6ylece makinelerin uzun s\u00fcre \u00e7al\u0131\u015f\u0131r durumda kalmas\u0131n\u0131 sa\u011flamak i\u00e7in servis eri\u015filebilirli\u011fini g\u00f6z \u00f6n\u00fcnde bulundurmal\u0131d\u0131r.<\/p>\n<p><img decoding=\"async\" src=\"https:\/\/www.hydraulic-cylinders.net\/wp-content\/uploads\/2025\/04\/songte-oil-pipes-and-spare-parts.webp\" alt=\"Hidrolik Silindir Par\u00e7alar\u0131\" \/><\/p>\n<h2>S\u0131zd\u0131rmazl\u0131k ve Ya\u011flama<\/h2>\n<p>Bom silindirlerinin d\u00fczg\u00fcn \u00e7al\u0131\u015fmas\u0131 i\u00e7in etkili s\u0131zd\u0131rmazl\u0131k ve ya\u011flama \u00e7ok \u00f6nemlidir. Hidrolik s\u0131v\u0131 s\u0131z\u0131nt\u0131s\u0131n\u0131 \u00f6nlemek i\u00e7in piston contalar\u0131 ve mil contalar\u0131 gibi \u00e7e\u015fitli contalar kullan\u0131l\u0131r. Dayan\u0131kl\u0131l\u0131klar\u0131 nedeniyle poli\u00fcretan ve nitril kau\u00e7uk gibi a\u015f\u0131nmaya dayan\u0131kl\u0131 malzemelerden yap\u0131lm\u0131\u015f contalar yayg\u0131n olarak kullan\u0131l\u0131r. Silindir g\u00f6vdesi ve di\u015fli u\u00e7lar, a\u015f\u0131nma direncini art\u0131rmak i\u00e7in ince bir \u015fekilde i\u015flenir. Yeterli ya\u011flamay\u0131 sa\u011flamak ve b\u00f6ylece hareketli par\u00e7alarda s\u00fcrt\u00fcnmeyi ve a\u015f\u0131nmay\u0131 \u00f6nlemek i\u00e7in hidrolik ya\u011f\u0131n d\u00fczenli olarak yenilenmesi \u015fartt\u0131r.<\/p>\n<h2>\u00d6nleyici Bak\u0131m \u00d6nlemleri<\/h2>\n<ul>\n<li><strong>D\u00fczenli Denetimler:<\/strong> D\u00fczenli kontroller yapmak, a\u015f\u0131nma ve y\u0131pranmay\u0131 erken a\u015famada tespit etmeye yard\u0131mc\u0131 olarak zaman\u0131nda onar\u0131m ve de\u011fi\u015fim yap\u0131lmas\u0131n\u0131 sa\u011flar. Operat\u00f6rler s\u0131z\u0131nt\u0131lar\u0131, contalardaki a\u015f\u0131nmay\u0131 ve genel silindir b\u00fct\u00fcnl\u00fc\u011f\u00fcn\u00fc kontrol etmelidir.<\/li>\n<li><strong>Uygun Ya\u011flama:<\/strong> Ensure that the hydraulic system is adequately lubricated. Use the manufacturer&#8217;s recommended hydraulic oil and follow the lubrication schedule to maintain optimal performance and prevent damage due to friction.<\/li>\n<li><strong>Conta De\u011fi\u015fimi:<\/strong> S\u0131z\u0131nt\u0131lar\u0131 \u00f6nlemek ve sistem verimlili\u011fini korumak i\u00e7in contalar\u0131 d\u00fczenli olarak a\u015f\u0131nma veya hasar belirtileri a\u00e7\u0131s\u0131ndan kontrol edin ve gerekti\u011finde de\u011fi\u015ftirin.<\/li>\n<\/ul>\n<h2>Kurulum Talimatlar\u0131<\/h2>\n<p>Proper installation of the boom cylinder is essential for optimal performance. Begin by ensuring that the work area is clean and free of debris. Align the boom cylinder accurately with the mounting points, utilizing appropriate mounting brackets to secure it in place. It is crucial to use correct torque specifications when tightening bolts to avoid compromising the cylinder&#8217;s integrity. Following installation, check the alignment and operation of the cylinder to ensure it functions smoothly without obstruction. Regularly review installation procedures to enhance performance and safety during operation.<\/p>\n<h2>Yayg\u0131n Bak\u0131m G\u00f6revleri<\/h2>\n<ul>\n<li><strong>D\u00fczenli Denetimler:<\/strong> Bom silindirinde g\u00f6zle g\u00f6r\u00fcl\u00fcr herhangi bir hasar veya a\u015f\u0131nma olup olmad\u0131\u011f\u0131n\u0131 d\u00fczenli olarak kontrol etmek \u00e7ok \u00f6nemlidir. Bu, contalar\u0131n s\u0131z\u0131nt\u0131 a\u00e7\u0131s\u0131ndan incelenmesini ve t\u00fcm ba\u011flant\u0131 elemanlar\u0131n\u0131n sa\u011flam ve yerinde oldu\u011fundan emin olunmas\u0131n\u0131 i\u00e7erir.<\/li>\n<li><strong>Uygun Ya\u011flama:<\/strong> It is vital to lubricate the hydraulic system appropriately to reduce friction between moving parts. Follow the manufacturer&#8217;s guidelines for lubrication intervals and quantities.<\/li>\n<li><strong>Conta De\u011fi\u015fimi ve Kalibrasyon Kontrolleri:<\/strong> A\u015f\u0131nm\u0131\u015f contalar\u0131 d\u00fczenli olarak de\u011fi\u015ftirin ve hidrolik sistemin belirtilen parametreler dahilinde \u00e7al\u0131\u015fmas\u0131n\u0131 sa\u011flamak i\u00e7in kalibrasyon kontrolleri yap\u0131n. Bu, verimlili\u011fi korumaya ve ekipman\u0131n \u00f6mr\u00fcn\u00fc uzatmaya yard\u0131mc\u0131 olur.<\/li>\n<\/ul>\n<p>Montaj s\u00fcrecinde silindirin do\u011fru hizalanmas\u0131 \u00e7ok \u00f6nemlidir. Uygun montaj braketlerinin kullan\u0131lmas\u0131, silindir i\u00e7in dengeleyici destek sa\u011flayacakt\u0131r. D\u00fczenli kontroller ve bile\u015fenlerin de\u011fi\u015ftirilmesi, hidrolik sistemin dayan\u0131kl\u0131l\u0131\u011f\u0131n\u0131 ve verimlili\u011fini art\u0131racakt\u0131r.<\/p>\n<p><img decoding=\"async\" src=\"https:\/\/www.hydraulic-cylinders.net\/wp-content\/uploads\/2025\/04\/songte-chushion-collar.webp\" alt=\"Yast\u0131k Yaka\" \/><\/p>\n<h2>G\u00fcvenlik Hususlar\u0131 ve \u00c7evresel Fakt\u00f6rler<\/h2>\n<p>Bom silindirleri kullan\u0131l\u0131rken, kazalar\u0131 \u00f6nlemek i\u00e7in g\u00fcvenlik \u00f6nlemleri son derece \u00f6nemlidir. Operat\u00f6rler, potansiyel tehlikeleri tan\u0131ma ve g\u00fcvenlik protokollerini uygulama konusunda e\u011fitilmelidir. \u00c7al\u0131\u015fma s\u0131ras\u0131nda uygun ki\u015fisel koruyucu ekipman (KKD) giyilmelidir. Ayr\u0131ca, uzun \u00f6m\u00fcrl\u00fcl\u00fck ve g\u00fcvenilirlik sa\u011flamak i\u00e7in bom silindirleri i\u00e7in malzeme se\u00e7ilirken a\u015f\u0131r\u0131 s\u0131cakl\u0131klara veya a\u015f\u0131nd\u0131r\u0131c\u0131 maddelere maruz kalma gibi \u00e7evresel fakt\u00f6rler de dikkate al\u0131nmal\u0131d\u0131r.<\/p>\n<h2>Ar\u0131za Te\u015fhisi ve Yayg\u0131n Sorunlar<\/h2>\n<ul>\n<li><strong>S\u0131z\u0131nt\u0131:<\/strong> Hidrolik silindirlerde en s\u0131k kar\u015f\u0131la\u015f\u0131lan sorunlardan biri, genellikle a\u015f\u0131nm\u0131\u015f contalardan kaynaklanan s\u0131z\u0131nt\u0131lard\u0131r. D\u00fczenli kontrol, s\u0131z\u0131nt\u0131lar\u0131n \u00f6nemli sorunlara yol a\u00e7madan \u00f6nce tespit edilmesine yard\u0131mc\u0131 olabilir.<\/li>\n<li><strong>A\u015f\u0131r\u0131 Is\u0131nma:<\/strong> Hidrolik s\u0131v\u0131 seviyesinin d\u00fc\u015f\u00fck olmas\u0131 veya a\u015f\u0131r\u0131 y\u00fck ko\u015fullar\u0131 nedeniyle a\u015f\u0131r\u0131 \u0131s\u0131nma meydana gelebilir. S\u0131v\u0131 seviyelerinin izlenmesi ve uygun \u00e7al\u0131\u015fma y\u00fcklerinin korunmas\u0131 bu sorunun \u00f6nlenmesine yard\u0131mc\u0131 olabilir.<\/li>\n<li><strong>D\u00fczensiz Hareket:<\/strong> Bom silindirinin d\u00fczensiz veya dengesiz \u00e7al\u0131\u015fmas\u0131, hidrolik s\u0131v\u0131s\u0131nda bir sorun veya i\u00e7 hasar oldu\u011funu g\u00f6sterebilir. Sorunsuz \u00e7al\u0131\u015fmay\u0131 s\u00fcrd\u00fcrmek i\u00e7in s\u0131v\u0131 kalitesini ve seviyelerini kontrol etmek \u00e7ok \u00f6nemlidir.<\/li>\n<\/ul>\n<h2>Sorun Giderme \u0130pu\u00e7lar\u0131 ve \u00c7\u00f6z\u00fcmleri<\/h2>\n<p>Bom silindirlerindeki sorunlar\u0131 etkili bir \u015fekilde te\u015fhis etmek ve \u00e7\u00f6zmek i\u00e7in operat\u00f6rler d\u00fczenli bak\u0131m kontrolleri yapmal\u0131d\u0131r. S\u0131z\u0131nt\u0131 durumunda, contalar\u0131 kontrol edin ve gerekti\u011finde de\u011fi\u015ftirin. A\u015f\u0131r\u0131 \u0131s\u0131nma meydana gelirse, s\u0131v\u0131 seviyelerini de\u011ferlendirin ve \u00e7al\u0131\u015fma y\u00fcklerini azaltmay\u0131 d\u00fc\u015f\u00fcn\u00fcn. D\u00fczensiz hareket durumlar\u0131nda, hidrolik s\u0131v\u0131n\u0131n kalitesini de\u011ferlendirin ve i\u00e7 t\u0131kan\u0131kl\u0131klar\u0131 veya hasarlar\u0131 kontrol edin. Rutin kontroller ve uygun ya\u011flama gibi \u00f6nleyici tedbirler, potansiyel sorunlar\u0131 en aza indirmek ve sorunsuz \u00e7al\u0131\u015fmay\u0131 sa\u011flamak i\u00e7in \u00e7ok \u00f6nemlidir.<\/p>\n<p><img decoding=\"async\" src=\"https:\/\/www.hydraulic-cylinders.net\/wp-content\/uploads\/2025\/04\/songte-bushings-with-all-kinds-of-excavator-models.webp\" alt=\"Ekskavat\u00f6rler i\u00e7in Bur\u00e7lar\" \/><\/p>\n<h2>\u015eirketimiz Hakk\u0131nda<\/h2>\n<p>\u00d6nde gelen yedek hidrolik silindir \u00fcreticisi olarak, hem yerel hem de uluslararas\u0131 pazarlara hitap eden kapsaml\u0131 bir \u00fcr\u00fcn yelpazesi sunuyoruz. Kalite m\u00fckemmelli\u011fine olan ba\u011fl\u0131l\u0131\u011f\u0131m\u0131z, geli\u015fmi\u015f teknoloji ve yetenekli profesyonellerden olu\u015fan rafine bir \u00fcretim stratejisiyle desteklenmektedir. \u00dcr\u00fcnlerimizin y\u00fcksek hassasiyet ve dayan\u0131kl\u0131l\u0131k standartlar\u0131n\u0131 kar\u015f\u0131lamas\u0131n\u0131 sa\u011flamak i\u00e7in \u00fcretim yeteneklerimizi s\u00fcrekli olarak geli\u015ftiriyoruz.<\/p>\n<h3>Uzmanla\u015fm\u0131\u015f Hizmetler<\/h3>\n<ul>\n<li><strong>Mesleki Uzmanl\u0131k:<\/strong> Ekibimiz, hidrolik sistemlerin inceliklerini anlayan ve \u00fcst\u00fcn \u00fcr\u00fcnler sunmaya kendini adam\u0131\u015f yetenekli profesyonellerden olu\u015fmaktad\u0131r.<\/li>\n<li><strong>Uluslararas\u0131 Sertifikalar:<\/strong> \u00dcr\u00fcnlerimizin g\u00fcvenilir ve emniyetli olmas\u0131n\u0131 sa\u011flamak i\u00e7in uluslararas\u0131 kalite ve g\u00fcvenlik standartlar\u0131na uyuyoruz.<\/li>\n<li><strong>\u00d6zel \u00c7\u00f6z\u00fcmler:<\/strong> M\u00fc\u015fterilerimizin \u00f6zel ihtiya\u00e7lar\u0131n\u0131 kar\u015f\u0131lamak \u00fczere \u00f6zel \u00e7\u00f6z\u00fcmler sunuyoruz ve \u00fcr\u00fcnlerimizin \u00e7e\u015fitli uygulamalara m\u00fckemmel \u015fekilde uyum sa\u011flamas\u0131n\u0131 garanti ediyoruz.<\/li>\n<li><strong>Geli\u015fmi\u015f Donan\u0131m:<\/strong> Son teknoloji \u00fcr\u00fcn\u00fc \u00fcretim ekipmanlar\u0131m\u0131z, ola\u011fan\u00fcst\u00fc verimlilikle y\u00fcksek kaliteli hidrolik silindirler \u00fcretmemizi sa\u011fl\u0131yor.<\/li>\n<li><strong>Sat\u0131\u015f Sonras\u0131 Destek:<\/strong> M\u00fc\u015fteri memnuniyetini ve sat\u0131n alma i\u015fleminden \u00e7ok sonra bile deste\u011fi sa\u011flamak amac\u0131yla kapsaml\u0131 sat\u0131\u015f sonras\u0131 hizmetler sunuyoruz.<\/li>\n<\/ul>\n<p><img decoding=\"async\" src=\"https:\/\/www.hydraulic-cylinders.net\/wp-content\/uploads\/2025\/04\/songte-company-4.webp\" alt=\"\u015eirket Genel Bak\u0131\u015f\u0131\" \/><br \/>\n<img decoding=\"async\" src=\"https:\/\/www.hydraulic-cylinders.net\/wp-content\/uploads\/2025\/04\/songte-company-3.webp\" alt=\"\u00dcretim Tesisi\" \/><\/p>\n<p>Yazar: lyl<\/p>","protected":false},"excerpt":{"rendered":"<p>Boom Cylinder For Kato Small Excavator HD250 Product Overview The boom cylinder for the Kato small excavator HD250 is a crucial component in hydraulic systems, specifically designed to manage the movement of the bucket in heavy machinery. As a type of hydraulic cylinder, it plays a vital role in controlling various functions such as lifting, [&hellip;]<\/p>","protected":false},"featured_media":17873,"comment_status":"open","ping_status":"closed","template":"","meta":{"_et_pb_use_builder":"","_et_pb_old_content":"","_et_gb_content_width":""},"product_brand":[],"product_cat":[1546],"product_tag":[1547,1496],"class_list":{"0":"post-19730","1":"product","2":"type-product","3":"status-publish","4":"has-post-thumbnail","6":"product_cat-boom-cylinders","7":"product_tag-boom-cylinders","8":"product_tag-hydraulic-cylinders","10":"first","11":"instock","12":"shipping-taxable","13":"product-type-simple"},"amp_enabled":true,"_links":{"self":[{"href":"https:\/\/www.hydraulic-cylinders.net\/tr\/wp-json\/wp\/v2\/product\/19730","targetHints":{"allow":["GET"]}}],"collection":[{"href":"https:\/\/www.hydraulic-cylinders.net\/tr\/wp-json\/wp\/v2\/product"}],"about":[{"href":"https:\/\/www.hydraulic-cylinders.net\/tr\/wp-json\/wp\/v2\/types\/product"}],"replies":[{"embeddable":true,"href":"https:\/\/www.hydraulic-cylinders.net\/tr\/wp-json\/wp\/v2\/comments?post=19730"}],"wp:featuredmedia":[{"embeddable":true,"href":"https:\/\/www.hydraulic-cylinders.net\/tr\/wp-json\/wp\/v2\/media\/17873"}],"wp:attachment":[{"href":"https:\/\/www.hydraulic-cylinders.net\/tr\/wp-json\/wp\/v2\/media?parent=19730"}],"wp:term":[{"taxonomy":"product_brand","embeddable":true,"href":"https:\/\/www.hydraulic-cylinders.net\/tr\/wp-json\/wp\/v2\/product_brand?post=19730"},{"taxonomy":"product_cat","embeddable":true,"href":"https:\/\/www.hydraulic-cylinders.net\/tr\/wp-json\/wp\/v2\/product_cat?post=19730"},{"taxonomy":"product_tag","embeddable":true,"href":"https:\/\/www.hydraulic-cylinders.net\/tr\/wp-json\/wp\/v2\/product_tag?post=19730"}],"curies":[{"name":"wp","href":"https:\/\/api.w.org\/{rel}","templated":true}]}}